{"id":115092,"date":"2015-11-30T09:26:14","date_gmt":"2015-11-30T14:26:14","guid":{"rendered":"https:\/\/www.ubishops.ca\/habiter-sur-le-campus\/contact-us\/"},"modified":"2024-08-30T13:23:54","modified_gmt":"2024-08-30T17:23:54","slug":"contact-us","status":"publish","type":"page","link":"https:\/\/www.ubishops.ca\/fr\/habiter-sur-le-campus\/contact-us\/","title":{"rendered":"Nous joindre"},"content":{"rendered":"\n<p>R\u00e9sidences, h\u00e9bergement et \u00e9v\u00e9nements<br>Universit\u00e9 Bishop\u2019s<br>2600, rue College<br>Sherbrooke (Qu\u00e9bec)  J1M 1Z7<br>CANADA<\/p>\n\n\n\n<p>Courriel : <a href=\"&#109;&#x61;&#105;&#x6c;&#116;&#x6f;&#58;&#x72;&#101;&#x73;&#105;&#x64;&#101;&#x6e;&#99;&#x65;&#64;&#x75;&#98;&#x69;&#115;&#x68;&#111;&#x70;&#115;&#x2e;&#99;&#x61;\">&#114;&#x65;&#115;&#x69;&#100;&#x65;&#110;&#x63;e&#x40;u&#x62;i&#x73;h&#111;&#x70;&#115;&#x2e;&#99;&#x61;<\/a><\/p>\n\n\n\n<p>T\u00e9l\u00e9phone : 819 822-9600 poste 2685<br>Sans frais : 1 877 622-4900<br>T\u00e9l\u00e9copieur : 819 822-9615<\/p>\n\n\n\n<p><a href=\"https:\/\/www.ubishops.ca\/contact-us\/directions-and-maps\/\">Directives et cartes<\/a><a href=\"https:\/\/www.ubishops.ca\/contact-us\/directions-and-maps\/\"><\/a><\/p>\n\n\n\n<div style=\"height:40px\" aria-hidden=\"true\" class=\"wp-block-spacer\"><\/div>\n\n\n\n<div class=\"wp-block-media-text alignwide is-stacked-on-mobile\" style=\"grid-template-columns:35% auto\"><figure class=\"wp-block-media-text__media\"><img decoding=\"async\" width=\"450\" height=\"450\" src=\"https:\/\/www.ubishops.ca\/wp-content\/uploads\/nophoto.jpg\" alt=\"\" class=\"wp-image-66445 size-full\" srcset=\"https:\/\/www.ubishops.ca\/wp-content\/uploads\/nophoto.jpg 450w, https:\/\/www.ubishops.ca\/wp-content\/uploads\/nophoto-300x300.jpg 300w, https:\/\/www.ubishops.ca\/wp-content\/uploads\/nophoto-150x150.jpg 150w, https:\/\/www.ubishops.ca\/wp-content\/uploads\/nophoto-45x45.jpg 45w\" sizes=\"(max-width: 450px) 100vw, 450px\" \/><\/figure><div class=\"wp-block-media-text__content\">\n<p><strong>Deborah Langford<\/strong><\/p>\n\n\n\n<p>Directrice des services auxiliaires<\/p>\n\n\n\n<p><a href=\"&#109;&#x61;&#105;&#x6c;t&#111;&#x3a;&#100;&#x65;b&#x6f;r&#97;&#x68;&#46;&#x6c;a&#x6e;&#x67;&#102;&#x6f;r&#x64;&#64;&#117;&#x62;&#105;&#x73;h&#x6f;p&#115;&#x2e;&#99;&#x61;\">&#100;&#x65;&#98;&#x6f;r&#x61;h&#46;&#x6c;&#97;&#x6e;g&#x66;o&#114;&#x64;&#64;&#x75;b&#x69;s&#104;&#x6f;&#112;&#x73;&#46;&#x63;a<\/a><\/p>\n\n\n\n<p>819 822-9600 poste 2244<\/p>\n<\/div><\/div>\n\n\n\n<div style=\"height:40px\" aria-hidden=\"true\" class=\"wp-block-spacer\"><\/div>\n\n\n\n<div class=\"wp-block-media-text alignwide is-stacked-on-mobile\" style=\"grid-template-columns:35% auto\"><figure class=\"wp-block-media-text__media\"><img decoding=\"async\" width=\"400\" height=\"400\" src=\"https:\/\/www.ubishops.ca\/wp-content\/uploads\/karine-boutin400.jpg\" alt=\"Karine Boutin\" class=\"wp-image-101181 size-full\" srcset=\"https:\/\/www.ubishops.ca\/wp-content\/uploads\/karine-boutin400.jpg 400w, https:\/\/www.ubishops.ca\/wp-content\/uploads\/karine-boutin400-300x300.jpg 300w, https:\/\/www.ubishops.ca\/wp-content\/uploads\/karine-boutin400-150x150.jpg 150w, https:\/\/www.ubishops.ca\/wp-content\/uploads\/karine-boutin400-45x45.jpg 45w\" sizes=\"(max-width: 400px) 100vw, 400px\" \/><\/figure><div class=\"wp-block-media-text__content\">\n<p><strong>Karine Boutin<\/strong><\/p>\n\n\n\n<p>Gestionnaire des installations, services auxiliaires<\/p>\n\n\n\n<p><a href=\"&#109;&#x61;i&#108;&#x74;o&#58;&#x6b;a&#114;&#x69;n&#101;&#x2e;&#98;&#x6f;&#x75;&#116;&#x69;&#x6e;&#64;&#x75;b&#105;&#x73;h&#111;&#x70;s&#46;&#x63;a\">&#107;&#x61;&#114;&#x69;n&#101;&#x2e;&#98;&#x6f;u&#x74;i&#110;&#x40;&#117;&#x62;i&#x73;&#x68;&#111;&#x70;s&#x2e;c&#97;<\/a><\/p>\n\n\n\n<p>819 822-9600 poste 2515<\/p>\n<\/div><\/div>\n\n\n\n<div style=\"height:40px\" aria-hidden=\"true\" class=\"wp-block-spacer\"><\/div>\n\n\n\n<div class=\"wp-block-media-text alignwide is-stacked-on-mobile\" style=\"grid-template-columns:35% auto\"><figure class=\"wp-block-media-text__media\"><img decoding=\"async\" width=\"450\" height=\"450\" src=\"https:\/\/www.ubishops.ca\/wp-content\/uploads\/Kelly_Reid450.jpg\" alt=\"Kelly Reid\" class=\"wp-image-101183 size-full\" srcset=\"https:\/\/www.ubishops.ca\/wp-content\/uploads\/Kelly_Reid450.jpg 450w, https:\/\/www.ubishops.ca\/wp-content\/uploads\/Kelly_Reid450-300x300.jpg 300w, https:\/\/www.ubishops.ca\/wp-content\/uploads\/Kelly_Reid450-150x150.jpg 150w, https:\/\/www.ubishops.ca\/wp-content\/uploads\/Kelly_Reid450-45x45.jpg 45w\" sizes=\"(max-width: 450px) 100vw, 450px\" \/><\/figure><div class=\"wp-block-media-text__content\">\n<p><strong>Kelly Reid<\/strong><\/p>\n\n\n\n<p>Gestionnaire du service \u00e0 la client\u00e8le et des op\u00e9rations<\/p>\n\n\n\n<p><a href=\"&#x6d;a&#x69;&#108;t&#x6f;&#58;&#x6b;&#x65;l&#x6c;&#121;&#46;&#x72;&#101;&#x69;&#100;&#64;&#x75;&#98;i&#x73;&#104;&#x6f;&#112;s&#x2e;&#99;&#x61;\">k&#101;&#x6c;&#x6c;y&#46;&#x72;&#x65;i&#100;&#x40;&#x75;b&#105;&#x73;&#x68;o&#112;&#x73;&#x2e;c&#97;<\/a><\/p>\n\n\n\n<p>819 822-9600 poste 2351<\/p>\n<\/div><\/div>\n","protected":false},"excerpt":{"rendered":"<p>R\u00e9sidences, h\u00e9bergement et \u00e9v\u00e9nementsUniversit\u00e9 Bishop\u2019s2600, rue CollegeSherbrooke (Qu\u00e9bec) J1M 1Z7CANADA Courriel : &#114;e&#x73;i&#x64;e&#x6e;c&#x65;&#64;&#x75;b&#x69;&#115;&#x68;&#111;&#x70;&#115;&#x2e;&#99;&#x61; T\u00e9l\u00e9phone : 819 822-9600 poste 2685Sans frais : 1 877 622-4900T\u00e9l\u00e9copieur : 819 822-9615 Directives et cartes Deborah Langford Directrice des services auxiliaires d&#101;&#x62;&#x6f;&#x72;a&#104;&#x2e;&#x6c;&#x61;n&#103;&#x66;&#x6f;&#x72;d&#64;&#x75;&#x62;&#x69;s&#104;&#x6f;&#x70;&#x73;&#46;&#99;&#x61; 819 822-9600 poste 2244 Karine Boutin Gestionnaire des installations, services auxiliaires &#107;&#x61;r&#105;&#x6e;e&#x2e;&#x62;&#111;&#x75;t&#105;&#x6e;&#64;&#117;&#x62;&#105;&#x73;h&#111;&#x70;s&#46;&#x63;&#97; 819 822-9600 poste 2515 Kelly Reid&#8230;<\/p>\n","protected":false},"author":49,"featured_media":0,"parent":114547,"menu_order":112,"comment_status":"closed","ping_status":"closed","template":"templates\/page-width-sidebar.php","meta":{"_acf_changed":false,"_cbd_carousel_blocks":"[]","_kad_blocks_custom_css":"","_kad_blocks_head_custom_js":"","_kad_blocks_body_custom_js":"","_kad_blocks_footer_custom_js":"","_kad_post_transparent":"","_kad_post_title":"","_kad_post_layout":"","_kad_post_sidebar_id":"","_kad_post_content_style":"","_kad_post_vertical_padding":"","_kad_post_feature":"","_kad_post_feature_position":"","_kad_post_header":false,"_kad_post_footer":false,"_kad_post_classname":"","footnotes":""},"class_list":["post-115092","page","type-page","status-publish","hentry"],"acf":[],"yoast_head":"<!-- This site is optimized with the Yoast SEO plugin v27.2 - https:\/\/yoast.com\/product\/yoast-seo-wordpress\/ -->\n<title>Joindre les services de r\u00e9sidence, d\u2019h\u00e9bergement et \u00e9v\u00e9nements - Bishop&#039;s University<\/title>\n<meta name=\"robots\" content=\"index, follow, max-snippet:-1, max-image-preview:large, max-video-preview:-1\" \/>\n<link rel=\"canonical\" href=\"https:\/\/www.ubishops.ca\/fr\/habiter-sur-le-campus\/contact-us\/\" \/>\n<meta property=\"og:locale\" content=\"fr_FR\" \/>\n<meta property=\"og:type\" content=\"article\" \/>\n<meta property=\"og:title\" content=\"Joindre les services de r\u00e9sidence, d\u2019h\u00e9bergement et \u00e9v\u00e9nements - Bishop&#039;s University\" \/>\n<meta property=\"og:description\" content=\"R\u00e9sidences, h\u00e9bergement et \u00e9v\u00e9nementsUniversit\u00e9 Bishop\u2019s2600, rue CollegeSherbrooke (Qu\u00e9bec) J1M 1Z7CANADA Courriel : &#x72;&#101;s&#x69;&#x64;&#101;n&#x63;&#101;&#064;&#x75;&#x62;&#105;s&#x68;&#111;p&#x73;&#x2e;&#099;a T\u00e9l\u00e9phone : 819 822-9600 poste 2685Sans frais : 1 877 622-4900T\u00e9l\u00e9copieur : 819 822-9615 Directives et cartes Deborah Langford Directrice des services auxiliaires &#x64;&#x65;&#x62;&#111;&#114;ah&#x2e;&#x6c;&#x61;&#x6e;&#103;&#102;or&#x64;&#x40;&#x75;&#098;&#105;&#115;ho&#x70;&#x73;&#x2e;&#099;&#097; 819 822-9600 poste 2244 Karine Boutin Gestionnaire des installations, services auxiliaires &#x6b;&#097;r&#x69;&#110;e&#x2e;&#098;o&#x75;&#116;i&#x6e;&#064;u&#x62;&#105;s&#x68;&#111;p&#x73;&#046;c&#x61; 819 822-9600 poste 2515 Kelly Reid...\" \/>\n<meta property=\"og:url\" content=\"https:\/\/www.ubishops.ca\/fr\/habiter-sur-le-campus\/contact-us\/\" \/>\n<meta property=\"og:site_name\" content=\"Bishop&#039;s University\" \/>\n<meta property=\"article:publisher\" content=\"https:\/\/www.facebook.com\/ubishops\" \/>\n<meta property=\"article:modified_time\" content=\"2024-08-30T17:23:54+00:00\" \/>\n<meta property=\"og:image\" content=\"https:\/\/www.ubishops.ca\/wp-content\/uploads\/nophoto.jpg\" \/>\n<meta name=\"twitter:card\" content=\"summary_large_image\" \/>\n<meta name=\"twitter:site\" content=\"@ubishops\" \/>\n<meta name=\"twitter:label1\" content=\"Dur\u00e9e de lecture estim\u00e9e\" \/>\n\t<meta name=\"twitter:data1\" content=\"1 minute\" \/>\n<script type=\"application\/ld+json\" class=\"yoast-schema-graph\">{\"@context\":\"https:\/\/schema.org\",\"@graph\":[{\"@type\":\"WebPage\",\"@id\":\"https:\/\/www.ubishops.ca\/fr\/habiter-sur-le-campus\/contact-us\/\",\"url\":\"https:\/\/www.ubishops.ca\/fr\/habiter-sur-le-campus\/contact-us\/\",\"name\":\"Joindre les services de r\u00e9sidence, d\u2019h\u00e9bergement et \u00e9v\u00e9nements - Bishop&#039;s University\",\"isPartOf\":{\"@id\":\"https:\/\/www.ubishops.ca\/#website\"},\"primaryImageOfPage\":{\"@id\":\"https:\/\/www.ubishops.ca\/fr\/habiter-sur-le-campus\/contact-us\/#primaryimage\"},\"image\":{\"@id\":\"https:\/\/www.ubishops.ca\/fr\/habiter-sur-le-campus\/contact-us\/#primaryimage\"},\"thumbnailUrl\":\"https:\/\/www.ubishops.ca\/wp-content\/uploads\/nophoto.jpg\",\"datePublished\":\"2015-11-30T14:26:14+00:00\",\"dateModified\":\"2024-08-30T17:23:54+00:00\",\"breadcrumb\":{\"@id\":\"https:\/\/www.ubishops.ca\/fr\/habiter-sur-le-campus\/contact-us\/#breadcrumb\"},\"inLanguage\":\"fr-FR\",\"potentialAction\":[{\"@type\":\"ReadAction\",\"target\":[\"https:\/\/www.ubishops.ca\/fr\/habiter-sur-le-campus\/contact-us\/\"]}]},{\"@type\":\"ImageObject\",\"inLanguage\":\"fr-FR\",\"@id\":\"https:\/\/www.ubishops.ca\/fr\/habiter-sur-le-campus\/contact-us\/#primaryimage\",\"url\":\"https:\/\/www.ubishops.ca\/wp-content\/uploads\/nophoto.jpg\",\"contentUrl\":\"https:\/\/www.ubishops.ca\/wp-content\/uploads\/nophoto.jpg\"},{\"@type\":\"BreadcrumbList\",\"@id\":\"https:\/\/www.ubishops.ca\/fr\/habiter-sur-le-campus\/contact-us\/#breadcrumb\",\"itemListElement\":[{\"@type\":\"ListItem\",\"position\":1,\"name\":\"Accueil\",\"item\":\"https:\/\/www.ubishops.ca\/fr\/\"},{\"@type\":\"ListItem\",\"position\":2,\"name\":\"Habiter sur le campus\",\"item\":\"https:\/\/www.ubishops.ca\/fr\/habiter-sur-le-campus\/\"},{\"@type\":\"ListItem\",\"position\":3,\"name\":\"Nous joindre\"}]},{\"@type\":\"WebSite\",\"@id\":\"https:\/\/www.ubishops.ca\/#website\",\"url\":\"https:\/\/www.ubishops.ca\/\",\"name\":\"Bishop&#039;s University\",\"description\":\"\",\"potentialAction\":[{\"@type\":\"SearchAction\",\"target\":{\"@type\":\"EntryPoint\",\"urlTemplate\":\"https:\/\/www.ubishops.ca\/?s={search_term_string}\"},\"query-input\":{\"@type\":\"PropertyValueSpecification\",\"valueRequired\":true,\"valueName\":\"search_term_string\"}}],\"inLanguage\":\"fr-FR\"}]}<\/script>\n<!-- \/ Yoast SEO plugin. -->","yoast_head_json":{"title":"Joindre les services de r\u00e9sidence, d\u2019h\u00e9bergement et \u00e9v\u00e9nements - Bishop&#039;s University","robots":{"index":"index","follow":"follow","max-snippet":"max-snippet:-1","max-image-preview":"max-image-preview:large","max-video-preview":"max-video-preview:-1"},"canonical":"https:\/\/www.ubishops.ca\/fr\/habiter-sur-le-campus\/contact-us\/","og_locale":"fr_FR","og_type":"article","og_title":"Joindre les services de r\u00e9sidence, d\u2019h\u00e9bergement et \u00e9v\u00e9nements - Bishop&#039;s University","og_description":"R\u00e9sidences, h\u00e9bergement et \u00e9v\u00e9nementsUniversit\u00e9 Bishop\u2019s2600, rue CollegeSherbrooke (Qu\u00e9bec) J1M 1Z7CANADA Courriel : &#x72;&#101;s&#x69;&#x64;&#101;n&#x63;&#101;&#64;&#x75;&#x62;&#105;s&#x68;&#111;p&#x73;&#x2e;&#99;a T\u00e9l\u00e9phone : 819 822-9600 poste 2685Sans frais : 1 877 622-4900T\u00e9l\u00e9copieur : 819 822-9615 Directives et cartes Deborah Langford Directrice des services auxiliaires &#x64;&#x65;&#x62;&#111;&#114;ah&#x2e;&#x6c;&#x61;&#x6e;&#103;&#102;or&#x64;&#x40;&#x75;&#98;&#105;&#115;ho&#x70;&#x73;&#x2e;&#99;&#97; 819 822-9600 poste 2244 Karine Boutin Gestionnaire des installations, services auxiliaires &#x6b;&#97;r&#x69;&#110;e&#x2e;&#98;o&#x75;&#116;i&#x6e;&#64;u&#x62;&#105;s&#x68;&#111;p&#x73;&#46;c&#x61; 819 822-9600 poste 2515 Kelly Reid...","og_url":"https:\/\/www.ubishops.ca\/fr\/habiter-sur-le-campus\/contact-us\/","og_site_name":"Bishop&#039;s University","article_publisher":"https:\/\/www.facebook.com\/ubishops","article_modified_time":"2024-08-30T17:23:54+00:00","og_image":[{"url":"https:\/\/www.ubishops.ca\/wp-content\/uploads\/nophoto.jpg","type":"","width":"","height":""}],"twitter_card":"summary_large_image","twitter_site":"@ubishops","twitter_misc":{"Dur\u00e9e de lecture estim\u00e9e":"1 minute"},"schema":{"@context":"https:\/\/schema.org","@graph":[{"@type":"WebPage","@id":"https:\/\/www.ubishops.ca\/fr\/habiter-sur-le-campus\/contact-us\/","url":"https:\/\/www.ubishops.ca\/fr\/habiter-sur-le-campus\/contact-us\/","name":"Joindre les services de r\u00e9sidence, d\u2019h\u00e9bergement et \u00e9v\u00e9nements - Bishop&#039;s University","isPartOf":{"@id":"https:\/\/www.ubishops.ca\/#website"},"primaryImageOfPage":{"@id":"https:\/\/www.ubishops.ca\/fr\/habiter-sur-le-campus\/contact-us\/#primaryimage"},"image":{"@id":"https:\/\/www.ubishops.ca\/fr\/habiter-sur-le-campus\/contact-us\/#primaryimage"},"thumbnailUrl":"https:\/\/www.ubishops.ca\/wp-content\/uploads\/nophoto.jpg","datePublished":"2015-11-30T14:26:14+00:00","dateModified":"2024-08-30T17:23:54+00:00","breadcrumb":{"@id":"https:\/\/www.ubishops.ca\/fr\/habiter-sur-le-campus\/contact-us\/#breadcrumb"},"inLanguage":"fr-FR","potentialAction":[{"@type":"ReadAction","target":["https:\/\/www.ubishops.ca\/fr\/habiter-sur-le-campus\/contact-us\/"]}]},{"@type":"ImageObject","inLanguage":"fr-FR","@id":"https:\/\/www.ubishops.ca\/fr\/habiter-sur-le-campus\/contact-us\/#primaryimage","url":"https:\/\/www.ubishops.ca\/wp-content\/uploads\/nophoto.jpg","contentUrl":"https:\/\/www.ubishops.ca\/wp-content\/uploads\/nophoto.jpg"},{"@type":"BreadcrumbList","@id":"https:\/\/www.ubishops.ca\/fr\/habiter-sur-le-campus\/contact-us\/#breadcrumb","itemListElement":[{"@type":"ListItem","position":1,"name":"Accueil","item":"https:\/\/www.ubishops.ca\/fr\/"},{"@type":"ListItem","position":2,"name":"Habiter sur le campus","item":"https:\/\/www.ubishops.ca\/fr\/habiter-sur-le-campus\/"},{"@type":"ListItem","position":3,"name":"Nous joindre"}]},{"@type":"WebSite","@id":"https:\/\/www.ubishops.ca\/#website","url":"https:\/\/www.ubishops.ca\/","name":"Bishop&#039;s University","description":"","potentialAction":[{"@type":"SearchAction","target":{"@type":"EntryPoint","urlTemplate":"https:\/\/www.ubishops.ca\/?s={search_term_string}"},"query-input":{"@type":"PropertyValueSpecification","valueRequired":true,"valueName":"search_term_string"}}],"inLanguage":"fr-FR"}]}},"taxonomy_info":[],"featured_image_src_large":false,"author_info":{"display_name":"Julie Fradette","author_link":"https:\/\/www.ubishops.ca\/fr\/author\/jfradett\/"},"comment_info":0,"publishpress_future_action":{"enabled":false,"date":"2026-04-15 14:54:45","action":"change-status","newStatus":"draft","terms":[],"taxonomy":"translation_priority","extraData":[]},"publishpress_future_workflow_manual_trigger":{"enabledWorkflows":[]},"_links":{"self":[{"href":"https:\/\/www.ubishops.ca\/fr\/wp-json\/wp\/v2\/pages\/115092","targetHints":{"allow":["GET"]}}],"collection":[{"href":"https:\/\/www.ubishops.ca\/fr\/wp-json\/wp\/v2\/pages"}],"about":[{"href":"https:\/\/www.ubishops.ca\/fr\/wp-json\/wp\/v2\/types\/page"}],"author":[{"embeddable":true,"href":"https:\/\/www.ubishops.ca\/fr\/wp-json\/wp\/v2\/users\/49"}],"replies":[{"embeddable":true,"href":"https:\/\/www.ubishops.ca\/fr\/wp-json\/wp\/v2\/comments?post=115092"}],"version-history":[{"count":0,"href":"https:\/\/www.ubishops.ca\/fr\/wp-json\/wp\/v2\/pages\/115092\/revisions"}],"up":[{"embeddable":true,"href":"https:\/\/www.ubishops.ca\/fr\/wp-json\/wp\/v2\/pages\/114547"}],"wp:attachment":[{"href":"https:\/\/www.ubishops.ca\/fr\/wp-json\/wp\/v2\/media?parent=115092"}],"curies":[{"name":"wp","href":"https:\/\/api.w.org\/{rel}","templated":true}]}}