{"id":114991,"date":"2016-08-09T10:12:51","date_gmt":"2016-08-09T14:12:51","guid":{"rendered":"https:\/\/www.ubishops.ca\/futurs-etudiants\/questions-financieres\/droits-de-scolarite-et-frais-afferents\/contact-us\/"},"modified":"2025-01-06T08:53:07","modified_gmt":"2025-01-06T13:53:07","slug":"nous-joindre","status":"publish","type":"page","link":"https:\/\/www.ubishops.ca\/fr\/futurs-etudiants\/questions-financieres\/droits-de-scolarite-et-frais-afferents\/nous-joindre\/","title":{"rendered":"Nous joindre"},"content":{"rendered":"\n<p><strong><strong class=\"\">Comptes \u00e9tudiants et aide financi\u00e8re<\/strong><\/strong><br>Universit\u00e9 Bishop\u2019s<br>2600 rue Coll\u00e8ge<br>Sherbrooke, QC<br>J1M 1Z7<\/p>\n\n\n\n<p>T\u00e9l\u00e9phone : 819 822-9600 poste 2655<br>Courriel : <a href=\"&#109;a&#x69;l&#x74;o&#x3a;s&#x74;&#117;&#x64;&#101;&#x6e;&#116;&#x61;&#99;c&#111;u&#x6e;t&#x73;&#64;&#x75;&#98;&#x69;&#115;&#x68;&#111;&#x70;&#115;&#x2e;&#99;a\" target=\"_blank\" rel=\"noreferrer noopener\">&#x73;&#x74;&#117;d&#x65;&#x6e;&#116;&#97;c&#x63;&#x6f;&#117;&#110;t&#x73;&#x40;&#117;bi&#x73;&#x68;&#111;p&#x73;&#x2e;&#99;&#97;<\/a><\/p>\n","protected":false},"excerpt":{"rendered":"<p>Comptes \u00e9tudiants et aide financi\u00e8reUniversit\u00e9 Bishop\u2019s2600 rue Coll\u00e8geSherbrooke, QCJ1M 1Z7 T\u00e9l\u00e9phone : 819 822-9600 poste 2655Courriel : s&#116;&#117;&#x64;&#x65;&#x6e;&#x74;a&#99;&#99;&#111;&#x75;&#x6e;&#x74;s&#64;&#117;&#98;&#x69;&#x73;&#x68;op&#115;&#46;&#x63;&#x61;<\/p>\n","protected":false},"author":49,"featured_media":0,"parent":10812,"menu_order":271,"comment_status":"closed","ping_status":"closed","template":"templates\/page-width-sidebar.php","meta":{"_acf_changed":false,"_cbd_carousel_blocks":"[]","_kad_blocks_custom_css":"","_kad_blocks_head_custom_js":"","_kad_blocks_body_custom_js":"","_kad_blocks_footer_custom_js":"","_kad_post_transparent":"","_kad_post_title":"","_kad_post_layout":"","_kad_post_sidebar_id":"","_kad_post_content_style":"","_kad_post_vertical_padding":"","_kad_post_feature":"","_kad_post_feature_position":"","_kad_post_header":false,"_kad_post_footer":false,"_kad_post_classname":"","footnotes":""},"class_list":["post-114991","page","type-page","status-publish","hentry"],"acf":[],"yoast_head":"<!-- This site is optimized with the Yoast SEO plugin v27.2 - https:\/\/yoast.com\/product\/yoast-seo-wordpress\/ -->\n<title>Nous joindre - Bishop&#039;s University<\/title>\n<meta name=\"robots\" content=\"index, follow, max-snippet:-1, max-image-preview:large, max-video-preview:-1\" \/>\n<link rel=\"canonical\" href=\"https:\/\/www.ubishops.ca\/fr\/futurs-etudiants\/questions-financieres\/droits-de-scolarite-et-frais-afferents\/nous-joindre\/\" \/>\n<meta property=\"og:locale\" content=\"fr_FR\" \/>\n<meta property=\"og:type\" content=\"article\" \/>\n<meta property=\"og:title\" content=\"Nous joindre - Bishop&#039;s University\" \/>\n<meta property=\"og:description\" content=\"Comptes \u00e9tudiants et aide financi\u00e8reUniversit\u00e9 Bishop\u2019s2600 rue Coll\u00e8geSherbrooke, QCJ1M 1Z7 T\u00e9l\u00e9phone : 819 822-9600 poste 2655Courriel : &#x73;&#116;&#117;d&#x65;&#x6e;&#116;a&#x63;&#x63;&#111;u&#x6e;&#x74;&#115;&#064;&#x75;&#x62;&#105;s&#x68;&#x6f;&#112;s&#x2e;&#x63;&#097;\" \/>\n<meta property=\"og:url\" content=\"https:\/\/www.ubishops.ca\/fr\/futurs-etudiants\/questions-financieres\/droits-de-scolarite-et-frais-afferents\/nous-joindre\/\" \/>\n<meta property=\"og:site_name\" content=\"Bishop&#039;s University\" \/>\n<meta property=\"article:publisher\" content=\"https:\/\/www.facebook.com\/ubishops\" \/>\n<meta property=\"article:modified_time\" content=\"2025-01-06T13:53:07+00:00\" \/>\n<meta name=\"twitter:card\" content=\"summary_large_image\" \/>\n<meta name=\"twitter:site\" content=\"@ubishops\" \/>\n<script type=\"application\/ld+json\" class=\"yoast-schema-graph\">{\"@context\":\"https:\/\/schema.org\",\"@graph\":[{\"@type\":\"WebPage\",\"@id\":\"https:\/\/www.ubishops.ca\/fr\/futurs-etudiants\/questions-financieres\/droits-de-scolarite-et-frais-afferents\/nous-joindre\/\",\"url\":\"https:\/\/www.ubishops.ca\/fr\/futurs-etudiants\/questions-financieres\/droits-de-scolarite-et-frais-afferents\/nous-joindre\/\",\"name\":\"Nous joindre - Bishop&#039;s University\",\"isPartOf\":{\"@id\":\"https:\/\/www.ubishops.ca\/#website\"},\"datePublished\":\"2016-08-09T14:12:51+00:00\",\"dateModified\":\"2025-01-06T13:53:07+00:00\",\"breadcrumb\":{\"@id\":\"https:\/\/www.ubishops.ca\/fr\/futurs-etudiants\/questions-financieres\/droits-de-scolarite-et-frais-afferents\/nous-joindre\/#breadcrumb\"},\"inLanguage\":\"fr-FR\",\"potentialAction\":[{\"@type\":\"ReadAction\",\"target\":[\"https:\/\/www.ubishops.ca\/fr\/futurs-etudiants\/questions-financieres\/droits-de-scolarite-et-frais-afferents\/nous-joindre\/\"]}]},{\"@type\":\"BreadcrumbList\",\"@id\":\"https:\/\/www.ubishops.ca\/fr\/futurs-etudiants\/questions-financieres\/droits-de-scolarite-et-frais-afferents\/nous-joindre\/#breadcrumb\",\"itemListElement\":[{\"@type\":\"ListItem\",\"position\":1,\"name\":\"Accueil\",\"item\":\"https:\/\/www.ubishops.ca\/fr\/\"},{\"@type\":\"ListItem\",\"position\":2,\"name\":\"Futurs \u00e9tudiants\",\"item\":\"https:\/\/www.ubishops.ca\/fr\/futurs-etudiants\/\"},{\"@type\":\"ListItem\",\"position\":3,\"name\":\"Questions financi\u00e8res\",\"item\":\"https:\/\/www.ubishops.ca\/fr\/futurs-etudiants\/questions-financieres\/\"},{\"@type\":\"ListItem\",\"position\":4,\"name\":\"Droits de scolarit\u00e9 et frais aff\u00e9rents\",\"item\":\"https:\/\/www.ubishops.ca\/fr\/futurs-etudiants\/questions-financieres\/droits-de-scolarite-et-frais-afferents\/\"},{\"@type\":\"ListItem\",\"position\":5,\"name\":\"Nous joindre\"}]},{\"@type\":\"WebSite\",\"@id\":\"https:\/\/www.ubishops.ca\/#website\",\"url\":\"https:\/\/www.ubishops.ca\/\",\"name\":\"Bishop&#039;s University\",\"description\":\"\",\"potentialAction\":[{\"@type\":\"SearchAction\",\"target\":{\"@type\":\"EntryPoint\",\"urlTemplate\":\"https:\/\/www.ubishops.ca\/?s={search_term_string}\"},\"query-input\":{\"@type\":\"PropertyValueSpecification\",\"valueRequired\":true,\"valueName\":\"search_term_string\"}}],\"inLanguage\":\"fr-FR\"}]}<\/script>\n<!-- \/ Yoast SEO plugin. -->","yoast_head_json":{"title":"Nous joindre - Bishop&#039;s University","robots":{"index":"index","follow":"follow","max-snippet":"max-snippet:-1","max-image-preview":"max-image-preview:large","max-video-preview":"max-video-preview:-1"},"canonical":"https:\/\/www.ubishops.ca\/fr\/futurs-etudiants\/questions-financieres\/droits-de-scolarite-et-frais-afferents\/nous-joindre\/","og_locale":"fr_FR","og_type":"article","og_title":"Nous joindre - Bishop&#039;s University","og_description":"Comptes \u00e9tudiants et aide financi\u00e8reUniversit\u00e9 Bishop\u2019s2600 rue Coll\u00e8geSherbrooke, QCJ1M 1Z7 T\u00e9l\u00e9phone : 819 822-9600 poste 2655Courriel : &#x73;&#116;&#117;d&#x65;&#x6e;&#116;a&#x63;&#x63;&#111;u&#x6e;&#x74;&#115;&#64;&#x75;&#x62;&#105;s&#x68;&#x6f;&#112;s&#x2e;&#x63;&#97;","og_url":"https:\/\/www.ubishops.ca\/fr\/futurs-etudiants\/questions-financieres\/droits-de-scolarite-et-frais-afferents\/nous-joindre\/","og_site_name":"Bishop&#039;s University","article_publisher":"https:\/\/www.facebook.com\/ubishops","article_modified_time":"2025-01-06T13:53:07+00:00","twitter_card":"summary_large_image","twitter_site":"@ubishops","schema":{"@context":"https:\/\/schema.org","@graph":[{"@type":"WebPage","@id":"https:\/\/www.ubishops.ca\/fr\/futurs-etudiants\/questions-financieres\/droits-de-scolarite-et-frais-afferents\/nous-joindre\/","url":"https:\/\/www.ubishops.ca\/fr\/futurs-etudiants\/questions-financieres\/droits-de-scolarite-et-frais-afferents\/nous-joindre\/","name":"Nous joindre - Bishop&#039;s University","isPartOf":{"@id":"https:\/\/www.ubishops.ca\/#website"},"datePublished":"2016-08-09T14:12:51+00:00","dateModified":"2025-01-06T13:53:07+00:00","breadcrumb":{"@id":"https:\/\/www.ubishops.ca\/fr\/futurs-etudiants\/questions-financieres\/droits-de-scolarite-et-frais-afferents\/nous-joindre\/#breadcrumb"},"inLanguage":"fr-FR","potentialAction":[{"@type":"ReadAction","target":["https:\/\/www.ubishops.ca\/fr\/futurs-etudiants\/questions-financieres\/droits-de-scolarite-et-frais-afferents\/nous-joindre\/"]}]},{"@type":"BreadcrumbList","@id":"https:\/\/www.ubishops.ca\/fr\/futurs-etudiants\/questions-financieres\/droits-de-scolarite-et-frais-afferents\/nous-joindre\/#breadcrumb","itemListElement":[{"@type":"ListItem","position":1,"name":"Accueil","item":"https:\/\/www.ubishops.ca\/fr\/"},{"@type":"ListItem","position":2,"name":"Futurs \u00e9tudiants","item":"https:\/\/www.ubishops.ca\/fr\/futurs-etudiants\/"},{"@type":"ListItem","position":3,"name":"Questions financi\u00e8res","item":"https:\/\/www.ubishops.ca\/fr\/futurs-etudiants\/questions-financieres\/"},{"@type":"ListItem","position":4,"name":"Droits de scolarit\u00e9 et frais aff\u00e9rents","item":"https:\/\/www.ubishops.ca\/fr\/futurs-etudiants\/questions-financieres\/droits-de-scolarite-et-frais-afferents\/"},{"@type":"ListItem","position":5,"name":"Nous joindre"}]},{"@type":"WebSite","@id":"https:\/\/www.ubishops.ca\/#website","url":"https:\/\/www.ubishops.ca\/","name":"Bishop&#039;s University","description":"","potentialAction":[{"@type":"SearchAction","target":{"@type":"EntryPoint","urlTemplate":"https:\/\/www.ubishops.ca\/?s={search_term_string}"},"query-input":{"@type":"PropertyValueSpecification","valueRequired":true,"valueName":"search_term_string"}}],"inLanguage":"fr-FR"}]}},"taxonomy_info":[],"featured_image_src_large":false,"author_info":{"display_name":"Julie Fradette","author_link":"https:\/\/www.ubishops.ca\/fr\/author\/jfradett\/"},"comment_info":0,"publishpress_future_action":{"enabled":false,"date":"2026-04-15 14:46:19","action":"change-status","newStatus":"draft","terms":[],"taxonomy":"translation_priority","extraData":[]},"publishpress_future_workflow_manual_trigger":{"enabledWorkflows":[]},"_links":{"self":[{"href":"https:\/\/www.ubishops.ca\/fr\/wp-json\/wp\/v2\/pages\/114991","targetHints":{"allow":["GET"]}}],"collection":[{"href":"https:\/\/www.ubishops.ca\/fr\/wp-json\/wp\/v2\/pages"}],"about":[{"href":"https:\/\/www.ubishops.ca\/fr\/wp-json\/wp\/v2\/types\/page"}],"author":[{"embeddable":true,"href":"https:\/\/www.ubishops.ca\/fr\/wp-json\/wp\/v2\/users\/49"}],"replies":[{"embeddable":true,"href":"https:\/\/www.ubishops.ca\/fr\/wp-json\/wp\/v2\/comments?post=114991"}],"version-history":[{"count":0,"href":"https:\/\/www.ubishops.ca\/fr\/wp-json\/wp\/v2\/pages\/114991\/revisions"}],"up":[{"embeddable":true,"href":"https:\/\/www.ubishops.ca\/fr\/wp-json\/wp\/v2\/pages\/10812"}],"wp:attachment":[{"href":"https:\/\/www.ubishops.ca\/fr\/wp-json\/wp\/v2\/media?parent=114991"}],"curies":[{"name":"wp","href":"https:\/\/api.w.org\/{rel}","templated":true}]}}