{"id":114987,"date":"2015-12-02T14:23:20","date_gmt":"2015-12-02T19:23:20","guid":{"rendered":"https:\/\/www.ubishops.ca\/habiter-sur-le-campus\/la-vie-en-residence\/rez-committees-get-involved\/"},"modified":"2024-08-26T15:55:05","modified_gmt":"2024-08-26T19:55:05","slug":"comites-des-residences-implication","status":"publish","type":"page","link":"https:\/\/www.ubishops.ca\/fr\/habiter-sur-le-campus\/la-vie-en-residence\/comites-des-residences-implication\/","title":{"rendered":"Comit\u00e9s des r\u00e9sidences\u202f: Implication"},"content":{"rendered":"\n<p>Vivre en r\u00e9sidence, ce n\u2019est pas seulement avoir un endroit o\u00f9 dormir et c\u2019est bien plus qu\u2019habiter sur le campus. Notre programme Residence Life existe pour veiller \u00e0 ce que ton s\u00e9jour soit dynamique, \u00e9ducatif, amusant et inclusif. Les \u00e9v\u00e9nements organis\u00e9s tout au long de l\u2019ann\u00e9e t\u2019aideront \u00e0 t\u2019impliquer et \u00e0 t\u2019accomplir, quels que soient tes int\u00e9r\u00eats. Mais pour \u00e7a, nous avons besoin de toi! Chaque cohorte qui fr\u00e9quente notre \u00e9tablissement laisse sa marque \u00e0 Bishop\u2019s d\u2019une mani\u00e8re magnifique et puissante. En adh\u00e9rant \u00e0 un comit\u00e9 des r\u00e9sidences, tu pourras toi aussi influencer notre universit\u00e9 \u00e0 ta fa\u00e7on, par ta personnalit\u00e9 unique, d\u00e8s maintenant. Participe \u00e0 la cr\u00e9ation d\u2019une \u00e9cole et d\u2019une communaut\u00e9 qui te remplissent de fiert\u00e9. Nous ne te demandons en \u00e9change qu\u2019un peu de ton temps!<\/p>\n\n\n\n<div style=\"height:30px\" aria-hidden=\"true\" class=\"wp-block-spacer\"><\/div>\n\n\n\n<h2 class=\"wp-block-heading\">Comit\u00e9 sur l\u2019alimentation sur le campus\u202f:<\/h2>\n\n\n\n<p>Les aliments et la nutrition sont des \u00e9l\u00e9ments essentiels de notre fonctionnement au quotidien. Pour bien \u00e9tudier et tirer le meilleur de ton passage \u00e0 l\u2019universit\u00e9, tu as besoin de t\u2019alimenter correctement pour nourrir ton cerveau et ton corps. L\u2019\u00e9quipe Residence Life de Bishop\u2019s veut donc tout mettre en \u0153uvre pour que ton exp\u00e9rience alimentaire sur le campus soit aussi agr\u00e9able et gratifiante que possible. C\u2019est la raison d\u2019\u00eatre du Comit\u00e9 sur l\u2019alimentation sur le campus. Saisis ta chance de te faire entendre \u00e0 propos de ce que tu aimes d\u00e9j\u00e0 et de ce qui pourrait \u00eatre am\u00e9lior\u00e9. Des employ\u00e9s de Sodexo et le directeur des Services aux r\u00e9sidences, alimentaires et de conf\u00e9rence si\u00e8gent \u00e0 ce comit\u00e9 pour assurer la synergie et l\u2019efficacit\u00e9 dans l\u2019am\u00e9lioration de l\u2019exp\u00e9rience alimentaire sur le campus.<\/p>\n\n\n\n<div style=\"height:30px\" aria-hidden=\"true\" class=\"wp-block-spacer\"><\/div>\n\n\n\n<h2 class=\"wp-block-heading\">Comit\u00e9 des \u00e9v\u00e9nements\u202f:<\/h2>\n\n\n\n<p>L\u2019endroit parfait pour laisser libre cours \u00e0 ton imagination. Le Comit\u00e9 des \u00e9v\u00e9nements pour les r\u00e9sidences n\u2019a qu\u2019un seul et unique objectif\u202f: s\u2019assurer qu\u2019il se passe des choses g\u00e9niales toute l\u2019ann\u00e9e. Tu crois que ton comit\u00e9 de bal du secondaire a fait du bon travail? Tu n\u2019as encore rien vu! Pr\u00e9pare-toi \u00e0 faire la connaissance des gens qui ont imagin\u00e9 et organis\u00e9 la soir\u00e9e Gait Gatsby, une sortie \u00e0 Foresta Lumina, des excursions \u00e0 Qu\u00e9bec et \u00e0 Montr\u00e9al, des concours de sculpture de citrouilles et bien, bien plus. Et si tu penses pouvoir faire mieux, inscris-toi sans tarder pour nous aider \u00e0 faire des \u00e9v\u00e9nements du comit\u00e9 de cette ann\u00e9e du jamais vu!<\/p>\n\n\n\n<div style=\"height:30px\" aria-hidden=\"true\" class=\"wp-block-spacer\"><\/div>\n\n\n\n<h2 class=\"wp-block-heading\">Comit\u00e9 \u00e9ducatif\u202f:<\/h2>\n\n\n\n<p>Il ne faudrait surtout pas oublier que sans l\u2019\u00e9ducation et les cours, l\u2019\u00e9quipe Residence Life et son programme ne pourraient pas exister! Voil\u00e0 pourquoi nous avons mis sur pied le Comit\u00e9 \u00e9ducatif. Pourquoi ne pas faire profiter \u00e0 ta communaut\u00e9 de tout ce que tu as appris dans tes cours? C\u2019est une belle occasion de rendre ton milieu de vie meilleur et de contribuer \u00e0 l\u2019\u00e9ducation de tous. Nous avons notamment cr\u00e9\u00e9 des programmes de sensibilisation sur la sant\u00e9 sexuelle, le consentement, la consommation d\u2019alcool et de drogues, l\u2019amour de soi et de son corps. Maintenant, \u00e0 toi de nous dire ce qui pique ta curiosit\u00e9\u202f: que cherches-tu sur internet pendant que tu tentes d\u2019\u00e9viter tes travaux universitaires? Inscris-toi \u00e0 notre comit\u00e9, et prends une part active dans l\u2019enseignement sup\u00e9rieur. Montre-nous le chemin et nous t\u2019accompagnerons!<\/p>\n\n\n\n<div style=\"height:25px\" aria-hidden=\"true\" class=\"wp-block-spacer\"><\/div>\n\n\n\n<div class=\"wp-block-buttons is-layout-flex wp-block-buttons-is-layout-flex\">\n<div class=\"wp-block-button\"><a class=\"wp-block-button__link has-white-color has-purple-background-color has-text-color has-background has-link-color wp-element-button\" href=\"https:\/\/ubishops.jotform.com\/200414612231033?language=fr\" target=\"_blank\" rel=\"noreferrer noopener\">Formulaire d\u2019inscription \u00e0 un comit\u00e9 des r\u00e9sidences<\/a><\/div>\n<\/div>\n","protected":false},"excerpt":{"rendered":"<p>Vivre en r\u00e9sidence, ce n\u2019est pas seulement avoir un endroit o\u00f9 dormir et c\u2019est bien plus qu\u2019habiter sur le campus. Notre programme Residence Life existe pour veiller \u00e0 ce que ton s\u00e9jour soit dynamique, \u00e9ducatif, amusant et inclusif. Les \u00e9v\u00e9nements organis\u00e9s tout au long de l\u2019ann\u00e9e t\u2019aideront \u00e0 t\u2019impliquer et \u00e0 t\u2019accomplir, quels que soient&#8230;<\/p>\n","protected":false},"author":49,"featured_media":0,"parent":114782,"menu_order":30,"comment_status":"closed","ping_status":"closed","template":"templates\/page-width-sidebar.php","meta":{"_acf_changed":false,"_cbd_carousel_blocks":"[]","_kad_blocks_custom_css":"","_kad_blocks_head_custom_js":"","_kad_blocks_body_custom_js":"","_kad_blocks_footer_custom_js":"","_kad_post_transparent":"","_kad_post_title":"","_kad_post_layout":"","_kad_post_sidebar_id":"","_kad_post_content_style":"","_kad_post_vertical_padding":"","_kad_post_feature":"","_kad_post_feature_position":"","_kad_post_header":false,"_kad_post_footer":false,"_kad_post_classname":"","footnotes":""},"class_list":["post-114987","page","type-page","status-publish","hentry"],"acf":[],"yoast_head":"<!-- This site is optimized with the Yoast SEO plugin v27.2 - https:\/\/yoast.com\/product\/yoast-seo-wordpress\/ -->\n<title>Comit\u00e9s des r\u00e9sidences\u202f: Implication - Bishop&#039;s University<\/title>\n<meta name=\"robots\" content=\"index, follow, max-snippet:-1, max-image-preview:large, max-video-preview:-1\" \/>\n<link rel=\"canonical\" href=\"https:\/\/www.ubishops.ca\/fr\/habiter-sur-le-campus\/la-vie-en-residence\/comites-des-residences-implication\/\" \/>\n<meta property=\"og:locale\" content=\"fr_FR\" \/>\n<meta property=\"og:type\" content=\"article\" \/>\n<meta property=\"og:title\" content=\"Comit\u00e9s des r\u00e9sidences\u202f: Implication - Bishop&#039;s University\" \/>\n<meta property=\"og:description\" content=\"Vivre en r\u00e9sidence, ce n\u2019est pas seulement avoir un endroit o\u00f9 dormir et c\u2019est bien plus qu\u2019habiter sur le campus. Notre programme Residence Life existe pour veiller \u00e0 ce que ton s\u00e9jour soit dynamique, \u00e9ducatif, amusant et inclusif. Les \u00e9v\u00e9nements organis\u00e9s tout au long de l\u2019ann\u00e9e t\u2019aideront \u00e0 t\u2019impliquer et \u00e0 t\u2019accomplir, quels que soient...\" \/>\n<meta property=\"og:url\" content=\"https:\/\/www.ubishops.ca\/fr\/habiter-sur-le-campus\/la-vie-en-residence\/comites-des-residences-implication\/\" \/>\n<meta property=\"og:site_name\" content=\"Bishop&#039;s University\" \/>\n<meta property=\"article:publisher\" content=\"https:\/\/www.facebook.com\/ubishops\" \/>\n<meta property=\"article:modified_time\" content=\"2024-08-26T19:55:05+00:00\" \/>\n<meta name=\"twitter:card\" content=\"summary_large_image\" \/>\n<meta name=\"twitter:site\" content=\"@ubishops\" \/>\n<meta name=\"twitter:label1\" content=\"Dur\u00e9e de lecture estim\u00e9e\" \/>\n\t<meta name=\"twitter:data1\" content=\"2 minutes\" \/>\n<script type=\"application\/ld+json\" class=\"yoast-schema-graph\">{\"@context\":\"https:\/\/schema.org\",\"@graph\":[{\"@type\":\"WebPage\",\"@id\":\"https:\/\/www.ubishops.ca\/fr\/habiter-sur-le-campus\/la-vie-en-residence\/comites-des-residences-implication\/\",\"url\":\"https:\/\/www.ubishops.ca\/fr\/habiter-sur-le-campus\/la-vie-en-residence\/comites-des-residences-implication\/\",\"name\":\"Comit\u00e9s des r\u00e9sidences\u202f: Implication - Bishop&#039;s University\",\"isPartOf\":{\"@id\":\"https:\/\/www.ubishops.ca\/#website\"},\"datePublished\":\"2015-12-02T19:23:20+00:00\",\"dateModified\":\"2024-08-26T19:55:05+00:00\",\"breadcrumb\":{\"@id\":\"https:\/\/www.ubishops.ca\/fr\/habiter-sur-le-campus\/la-vie-en-residence\/comites-des-residences-implication\/#breadcrumb\"},\"inLanguage\":\"fr-FR\",\"potentialAction\":[{\"@type\":\"ReadAction\",\"target\":[\"https:\/\/www.ubishops.ca\/fr\/habiter-sur-le-campus\/la-vie-en-residence\/comites-des-residences-implication\/\"]}]},{\"@type\":\"BreadcrumbList\",\"@id\":\"https:\/\/www.ubishops.ca\/fr\/habiter-sur-le-campus\/la-vie-en-residence\/comites-des-residences-implication\/#breadcrumb\",\"itemListElement\":[{\"@type\":\"ListItem\",\"position\":1,\"name\":\"Accueil\",\"item\":\"https:\/\/www.ubishops.ca\/fr\/\"},{\"@type\":\"ListItem\",\"position\":2,\"name\":\"Habiter sur le campus\",\"item\":\"https:\/\/www.ubishops.ca\/fr\/habiter-sur-le-campus\/\"},{\"@type\":\"ListItem\",\"position\":3,\"name\":\"La vie en r\u00e9sidence\",\"item\":\"https:\/\/www.ubishops.ca\/fr\/habiter-sur-le-campus\/la-vie-en-residence\/\"},{\"@type\":\"ListItem\",\"position\":4,\"name\":\"Comit\u00e9s des r\u00e9sidences\u202f: Implication\"}]},{\"@type\":\"WebSite\",\"@id\":\"https:\/\/www.ubishops.ca\/#website\",\"url\":\"https:\/\/www.ubishops.ca\/\",\"name\":\"Bishop&#039;s University\",\"description\":\"\",\"potentialAction\":[{\"@type\":\"SearchAction\",\"target\":{\"@type\":\"EntryPoint\",\"urlTemplate\":\"https:\/\/www.ubishops.ca\/?s={search_term_string}\"},\"query-input\":{\"@type\":\"PropertyValueSpecification\",\"valueRequired\":true,\"valueName\":\"search_term_string\"}}],\"inLanguage\":\"fr-FR\"}]}<\/script>\n<!-- \/ Yoast SEO plugin. -->","yoast_head_json":{"title":"Comit\u00e9s des r\u00e9sidences\u202f: Implication - Bishop&#039;s University","robots":{"index":"index","follow":"follow","max-snippet":"max-snippet:-1","max-image-preview":"max-image-preview:large","max-video-preview":"max-video-preview:-1"},"canonical":"https:\/\/www.ubishops.ca\/fr\/habiter-sur-le-campus\/la-vie-en-residence\/comites-des-residences-implication\/","og_locale":"fr_FR","og_type":"article","og_title":"Comit\u00e9s des r\u00e9sidences\u202f: Implication - Bishop&#039;s University","og_description":"Vivre en r\u00e9sidence, ce n\u2019est pas seulement avoir un endroit o\u00f9 dormir et c\u2019est bien plus qu\u2019habiter sur le campus. Notre programme Residence Life existe pour veiller \u00e0 ce que ton s\u00e9jour soit dynamique, \u00e9ducatif, amusant et inclusif. Les \u00e9v\u00e9nements organis\u00e9s tout au long de l\u2019ann\u00e9e t\u2019aideront \u00e0 t\u2019impliquer et \u00e0 t\u2019accomplir, quels que soient...","og_url":"https:\/\/www.ubishops.ca\/fr\/habiter-sur-le-campus\/la-vie-en-residence\/comites-des-residences-implication\/","og_site_name":"Bishop&#039;s University","article_publisher":"https:\/\/www.facebook.com\/ubishops","article_modified_time":"2024-08-26T19:55:05+00:00","twitter_card":"summary_large_image","twitter_site":"@ubishops","twitter_misc":{"Dur\u00e9e de lecture estim\u00e9e":"2 minutes"},"schema":{"@context":"https:\/\/schema.org","@graph":[{"@type":"WebPage","@id":"https:\/\/www.ubishops.ca\/fr\/habiter-sur-le-campus\/la-vie-en-residence\/comites-des-residences-implication\/","url":"https:\/\/www.ubishops.ca\/fr\/habiter-sur-le-campus\/la-vie-en-residence\/comites-des-residences-implication\/","name":"Comit\u00e9s des r\u00e9sidences\u202f: Implication - Bishop&#039;s University","isPartOf":{"@id":"https:\/\/www.ubishops.ca\/#website"},"datePublished":"2015-12-02T19:23:20+00:00","dateModified":"2024-08-26T19:55:05+00:00","breadcrumb":{"@id":"https:\/\/www.ubishops.ca\/fr\/habiter-sur-le-campus\/la-vie-en-residence\/comites-des-residences-implication\/#breadcrumb"},"inLanguage":"fr-FR","potentialAction":[{"@type":"ReadAction","target":["https:\/\/www.ubishops.ca\/fr\/habiter-sur-le-campus\/la-vie-en-residence\/comites-des-residences-implication\/"]}]},{"@type":"BreadcrumbList","@id":"https:\/\/www.ubishops.ca\/fr\/habiter-sur-le-campus\/la-vie-en-residence\/comites-des-residences-implication\/#breadcrumb","itemListElement":[{"@type":"ListItem","position":1,"name":"Accueil","item":"https:\/\/www.ubishops.ca\/fr\/"},{"@type":"ListItem","position":2,"name":"Habiter sur le campus","item":"https:\/\/www.ubishops.ca\/fr\/habiter-sur-le-campus\/"},{"@type":"ListItem","position":3,"name":"La vie en r\u00e9sidence","item":"https:\/\/www.ubishops.ca\/fr\/habiter-sur-le-campus\/la-vie-en-residence\/"},{"@type":"ListItem","position":4,"name":"Comit\u00e9s des r\u00e9sidences\u202f: Implication"}]},{"@type":"WebSite","@id":"https:\/\/www.ubishops.ca\/#website","url":"https:\/\/www.ubishops.ca\/","name":"Bishop&#039;s University","description":"","potentialAction":[{"@type":"SearchAction","target":{"@type":"EntryPoint","urlTemplate":"https:\/\/www.ubishops.ca\/?s={search_term_string}"},"query-input":{"@type":"PropertyValueSpecification","valueRequired":true,"valueName":"search_term_string"}}],"inLanguage":"fr-FR"}]}},"taxonomy_info":[],"featured_image_src_large":false,"author_info":{"display_name":"Julie Fradette","author_link":"https:\/\/www.ubishops.ca\/fr\/author\/jfradett\/"},"comment_info":0,"publishpress_future_action":{"enabled":false,"date":"2026-04-15 11:18:39","action":"change-status","newStatus":"draft","terms":[],"taxonomy":"translation_priority","extraData":[]},"publishpress_future_workflow_manual_trigger":{"enabledWorkflows":[]},"_links":{"self":[{"href":"https:\/\/www.ubishops.ca\/fr\/wp-json\/wp\/v2\/pages\/114987","targetHints":{"allow":["GET"]}}],"collection":[{"href":"https:\/\/www.ubishops.ca\/fr\/wp-json\/wp\/v2\/pages"}],"about":[{"href":"https:\/\/www.ubishops.ca\/fr\/wp-json\/wp\/v2\/types\/page"}],"author":[{"embeddable":true,"href":"https:\/\/www.ubishops.ca\/fr\/wp-json\/wp\/v2\/users\/49"}],"replies":[{"embeddable":true,"href":"https:\/\/www.ubishops.ca\/fr\/wp-json\/wp\/v2\/comments?post=114987"}],"version-history":[{"count":0,"href":"https:\/\/www.ubishops.ca\/fr\/wp-json\/wp\/v2\/pages\/114987\/revisions"}],"up":[{"embeddable":true,"href":"https:\/\/www.ubishops.ca\/fr\/wp-json\/wp\/v2\/pages\/114782"}],"wp:attachment":[{"href":"https:\/\/www.ubishops.ca\/fr\/wp-json\/wp\/v2\/media?parent=114987"}],"curies":[{"name":"wp","href":"https:\/\/api.w.org\/{rel}","templated":true}]}}