{"id":114962,"date":"2023-08-22T11:26:32","date_gmt":"2023-08-22T15:26:32","guid":{"rendered":"https:\/\/www.ubishops.ca\/habiter-sur-le-campus\/la-vie-en-residence\/what-are-we-up-to\/"},"modified":"2024-08-22T15:55:26","modified_gmt":"2024-08-22T19:55:26","slug":"quoi-de-neuf","status":"publish","type":"page","link":"https:\/\/www.ubishops.ca\/fr\/habiter-sur-le-campus\/la-vie-en-residence\/quoi-de-neuf\/","title":{"rendered":"Quoi de neuf?"},"content":{"rendered":"\n<p>Partager nos r\u00e9ussites et nos activit\u00e9s est essentiel pour maintenir la transparence, l\u2019engagement et un fort sentiment d\u2019appartenance. Nous voulons que tout un chacun connaissance nos initiatives, nos \u00e9v\u00e9nements et nos r\u00e9alisations.<\/p>\n\n\n\n<p>La reconnaissance de nos efforts collectifs ne fait pas qu\u2019am\u00e9liorer le moral au sein de la communaut\u00e9, elle inspire aussi d\u2019autres gens \u00e0 contribuer et \u00e0 mettre sur pied leurs propres projets. R\u00e9fl\u00e9chir \u00e0 nos r\u00e9alisations nous donne aussi l\u2019occasion d\u2019\u00e9valuer nos progr\u00e8s, de cerner les points \u00e0 am\u00e9liorer et de planifier strat\u00e9giquement pour l\u2019avenir.<\/p>\n\n\n\n<p>Cette pratique favorise la cr\u00e9ation d\u2019une communaut\u00e9 bien vivante, ax\u00e9e sur la collaboration et solide o\u00f9 les \u00e9tudiantes et \u00e9tudiants se sentent valoris\u00e9s et motiv\u00e9s \u00e0 jouer un r\u00f4le actif pour fa\u00e7onner leur milieu de vie. Consulte notre rapport annuel pour en savoir plus!<\/p>\n\n\n\n<div style=\"height:30px\" aria-hidden=\"true\" class=\"wp-block-spacer\"><\/div>\n\n\n\n<figure class=\"wp-block-image size-full is-resized\"><img decoding=\"async\" width=\"1700\" height=\"2200\" src=\"https:\/\/www.ubishops.ca\/wp-content\/uploads\/2023-2024-What-Weve-Been-Up-To-Website-cover-1.png\" alt=\"\" class=\"wp-image-114900\" style=\"width:300px;height:undefinedpx\" srcset=\"https:\/\/www.ubishops.ca\/wp-content\/uploads\/2023-2024-What-Weve-Been-Up-To-Website-cover-1.png 1700w, https:\/\/www.ubishops.ca\/wp-content\/uploads\/2023-2024-What-Weve-Been-Up-To-Website-cover-1-232x300.png 232w, https:\/\/www.ubishops.ca\/wp-content\/uploads\/2023-2024-What-Weve-Been-Up-To-Website-cover-1-791x1024.png 791w, https:\/\/www.ubishops.ca\/wp-content\/uploads\/2023-2024-What-Weve-Been-Up-To-Website-cover-1-116x150.png 116w, https:\/\/www.ubishops.ca\/wp-content\/uploads\/2023-2024-What-Weve-Been-Up-To-Website-cover-1-768x994.png 768w, https:\/\/www.ubishops.ca\/wp-content\/uploads\/2023-2024-What-Weve-Been-Up-To-Website-cover-1-1187x1536.png 1187w, https:\/\/www.ubishops.ca\/wp-content\/uploads\/2023-2024-What-Weve-Been-Up-To-Website-cover-1-1583x2048.png 1583w\" sizes=\"(max-width: 1700px) 100vw, 1700px\" \/><\/figure>\n\n\n\n<p><a href=\"https:\/\/www.ubishops.ca\/wp-content\/uploads\/2023-2024-What-Weve-Been-Up-To-Website.pdf\" target=\"_blank\" rel=\"noreferrer noopener\">Bilan annuel (PDF en anglais)<\/a><\/p>\n","protected":false},"excerpt":{"rendered":"<p>Partager nos r\u00e9ussites et nos activit\u00e9s est essentiel pour maintenir la transparence, l\u2019engagement et un fort sentiment d\u2019appartenance. Nous voulons que tout un chacun connaissance nos initiatives, nos \u00e9v\u00e9nements et nos r\u00e9alisations. La reconnaissance de nos efforts collectifs ne fait pas qu\u2019am\u00e9liorer le moral au sein de la communaut\u00e9, elle inspire aussi d\u2019autres gens \u00e0&#8230;<\/p>\n","protected":false},"author":49,"featured_media":0,"parent":114782,"menu_order":28,"comment_status":"closed","ping_status":"closed","template":"templates\/page-width-sidebar.php","meta":{"_acf_changed":false,"_cbd_carousel_blocks":"[]","_kad_blocks_custom_css":"","_kad_blocks_head_custom_js":"","_kad_blocks_body_custom_js":"","_kad_blocks_footer_custom_js":"","_kad_post_transparent":"","_kad_post_title":"","_kad_post_layout":"","_kad_post_sidebar_id":"","_kad_post_content_style":"","_kad_post_vertical_padding":"","_kad_post_feature":"","_kad_post_feature_position":"","_kad_post_header":false,"_kad_post_footer":false,"_kad_post_classname":"","footnotes":""},"class_list":["post-114962","page","type-page","status-publish","hentry"],"acf":[],"yoast_head":"<!-- This site is optimized with the Yoast SEO plugin v27.2 - https:\/\/yoast.com\/product\/yoast-seo-wordpress\/ -->\n<title>Quoi de neuf? - Bishop&#039;s University<\/title>\n<meta name=\"robots\" content=\"index, follow, max-snippet:-1, max-image-preview:large, max-video-preview:-1\" \/>\n<link rel=\"canonical\" href=\"https:\/\/www.ubishops.ca\/fr\/habiter-sur-le-campus\/la-vie-en-residence\/quoi-de-neuf\/\" \/>\n<meta property=\"og:locale\" content=\"fr_FR\" \/>\n<meta property=\"og:type\" content=\"article\" \/>\n<meta property=\"og:title\" content=\"Quoi de neuf? - Bishop&#039;s University\" \/>\n<meta property=\"og:description\" content=\"Partager nos r\u00e9ussites et nos activit\u00e9s est essentiel pour maintenir la transparence, l\u2019engagement et un fort sentiment d\u2019appartenance. Nous voulons que tout un chacun connaissance nos initiatives, nos \u00e9v\u00e9nements et nos r\u00e9alisations. La reconnaissance de nos efforts collectifs ne fait pas qu\u2019am\u00e9liorer le moral au sein de la communaut\u00e9, elle inspire aussi d\u2019autres gens \u00e0...\" \/>\n<meta property=\"og:url\" content=\"https:\/\/www.ubishops.ca\/fr\/habiter-sur-le-campus\/la-vie-en-residence\/quoi-de-neuf\/\" \/>\n<meta property=\"og:site_name\" content=\"Bishop&#039;s University\" \/>\n<meta property=\"article:publisher\" content=\"https:\/\/www.facebook.com\/ubishops\" \/>\n<meta property=\"article:modified_time\" content=\"2024-08-22T19:55:26+00:00\" \/>\n<meta property=\"og:image\" content=\"https:\/\/www.ubishops.ca\/wp-content\/uploads\/2023-2024-What-Weve-Been-Up-To-Website-cover-1.png\" \/>\n<meta name=\"twitter:card\" content=\"summary_large_image\" \/>\n<meta name=\"twitter:site\" content=\"@ubishops\" \/>\n<meta name=\"twitter:label1\" content=\"Dur\u00e9e de lecture estim\u00e9e\" \/>\n\t<meta name=\"twitter:data1\" content=\"1 minute\" \/>\n<script type=\"application\/ld+json\" class=\"yoast-schema-graph\">{\"@context\":\"https:\/\/schema.org\",\"@graph\":[{\"@type\":\"WebPage\",\"@id\":\"https:\/\/www.ubishops.ca\/fr\/habiter-sur-le-campus\/la-vie-en-residence\/quoi-de-neuf\/\",\"url\":\"https:\/\/www.ubishops.ca\/fr\/habiter-sur-le-campus\/la-vie-en-residence\/quoi-de-neuf\/\",\"name\":\"Quoi de neuf? - Bishop&#039;s University\",\"isPartOf\":{\"@id\":\"https:\/\/www.ubishops.ca\/#website\"},\"primaryImageOfPage\":{\"@id\":\"https:\/\/www.ubishops.ca\/fr\/habiter-sur-le-campus\/la-vie-en-residence\/quoi-de-neuf\/#primaryimage\"},\"image\":{\"@id\":\"https:\/\/www.ubishops.ca\/fr\/habiter-sur-le-campus\/la-vie-en-residence\/quoi-de-neuf\/#primaryimage\"},\"thumbnailUrl\":\"https:\/\/www.ubishops.ca\/wp-content\/uploads\/2023-2024-What-Weve-Been-Up-To-Website-cover-1.png\",\"datePublished\":\"2023-08-22T15:26:32+00:00\",\"dateModified\":\"2024-08-22T19:55:26+00:00\",\"breadcrumb\":{\"@id\":\"https:\/\/www.ubishops.ca\/fr\/habiter-sur-le-campus\/la-vie-en-residence\/quoi-de-neuf\/#breadcrumb\"},\"inLanguage\":\"fr-FR\",\"potentialAction\":[{\"@type\":\"ReadAction\",\"target\":[\"https:\/\/www.ubishops.ca\/fr\/habiter-sur-le-campus\/la-vie-en-residence\/quoi-de-neuf\/\"]}]},{\"@type\":\"ImageObject\",\"inLanguage\":\"fr-FR\",\"@id\":\"https:\/\/www.ubishops.ca\/fr\/habiter-sur-le-campus\/la-vie-en-residence\/quoi-de-neuf\/#primaryimage\",\"url\":\"https:\/\/www.ubishops.ca\/wp-content\/uploads\/2023-2024-What-Weve-Been-Up-To-Website-cover-1.png\",\"contentUrl\":\"https:\/\/www.ubishops.ca\/wp-content\/uploads\/2023-2024-What-Weve-Been-Up-To-Website-cover-1.png\"},{\"@type\":\"BreadcrumbList\",\"@id\":\"https:\/\/www.ubishops.ca\/fr\/habiter-sur-le-campus\/la-vie-en-residence\/quoi-de-neuf\/#breadcrumb\",\"itemListElement\":[{\"@type\":\"ListItem\",\"position\":1,\"name\":\"Accueil\",\"item\":\"https:\/\/www.ubishops.ca\/fr\/\"},{\"@type\":\"ListItem\",\"position\":2,\"name\":\"Habiter sur le campus\",\"item\":\"https:\/\/www.ubishops.ca\/fr\/habiter-sur-le-campus\/\"},{\"@type\":\"ListItem\",\"position\":3,\"name\":\"La vie en r\u00e9sidence\",\"item\":\"https:\/\/www.ubishops.ca\/fr\/habiter-sur-le-campus\/la-vie-en-residence\/\"},{\"@type\":\"ListItem\",\"position\":4,\"name\":\"Quoi de neuf?\"}]},{\"@type\":\"WebSite\",\"@id\":\"https:\/\/www.ubishops.ca\/#website\",\"url\":\"https:\/\/www.ubishops.ca\/\",\"name\":\"Bishop&#039;s University\",\"description\":\"\",\"potentialAction\":[{\"@type\":\"SearchAction\",\"target\":{\"@type\":\"EntryPoint\",\"urlTemplate\":\"https:\/\/www.ubishops.ca\/?s={search_term_string}\"},\"query-input\":{\"@type\":\"PropertyValueSpecification\",\"valueRequired\":true,\"valueName\":\"search_term_string\"}}],\"inLanguage\":\"fr-FR\"}]}<\/script>\n<!-- \/ Yoast SEO plugin. -->","yoast_head_json":{"title":"Quoi de neuf? - Bishop&#039;s University","robots":{"index":"index","follow":"follow","max-snippet":"max-snippet:-1","max-image-preview":"max-image-preview:large","max-video-preview":"max-video-preview:-1"},"canonical":"https:\/\/www.ubishops.ca\/fr\/habiter-sur-le-campus\/la-vie-en-residence\/quoi-de-neuf\/","og_locale":"fr_FR","og_type":"article","og_title":"Quoi de neuf? - Bishop&#039;s University","og_description":"Partager nos r\u00e9ussites et nos activit\u00e9s est essentiel pour maintenir la transparence, l\u2019engagement et un fort sentiment d\u2019appartenance. Nous voulons que tout un chacun connaissance nos initiatives, nos \u00e9v\u00e9nements et nos r\u00e9alisations. La reconnaissance de nos efforts collectifs ne fait pas qu\u2019am\u00e9liorer le moral au sein de la communaut\u00e9, elle inspire aussi d\u2019autres gens \u00e0...","og_url":"https:\/\/www.ubishops.ca\/fr\/habiter-sur-le-campus\/la-vie-en-residence\/quoi-de-neuf\/","og_site_name":"Bishop&#039;s University","article_publisher":"https:\/\/www.facebook.com\/ubishops","article_modified_time":"2024-08-22T19:55:26+00:00","og_image":[{"url":"https:\/\/www.ubishops.ca\/wp-content\/uploads\/2023-2024-What-Weve-Been-Up-To-Website-cover-1.png","type":"","width":"","height":""}],"twitter_card":"summary_large_image","twitter_site":"@ubishops","twitter_misc":{"Dur\u00e9e de lecture estim\u00e9e":"1 minute"},"schema":{"@context":"https:\/\/schema.org","@graph":[{"@type":"WebPage","@id":"https:\/\/www.ubishops.ca\/fr\/habiter-sur-le-campus\/la-vie-en-residence\/quoi-de-neuf\/","url":"https:\/\/www.ubishops.ca\/fr\/habiter-sur-le-campus\/la-vie-en-residence\/quoi-de-neuf\/","name":"Quoi de neuf? - Bishop&#039;s University","isPartOf":{"@id":"https:\/\/www.ubishops.ca\/#website"},"primaryImageOfPage":{"@id":"https:\/\/www.ubishops.ca\/fr\/habiter-sur-le-campus\/la-vie-en-residence\/quoi-de-neuf\/#primaryimage"},"image":{"@id":"https:\/\/www.ubishops.ca\/fr\/habiter-sur-le-campus\/la-vie-en-residence\/quoi-de-neuf\/#primaryimage"},"thumbnailUrl":"https:\/\/www.ubishops.ca\/wp-content\/uploads\/2023-2024-What-Weve-Been-Up-To-Website-cover-1.png","datePublished":"2023-08-22T15:26:32+00:00","dateModified":"2024-08-22T19:55:26+00:00","breadcrumb":{"@id":"https:\/\/www.ubishops.ca\/fr\/habiter-sur-le-campus\/la-vie-en-residence\/quoi-de-neuf\/#breadcrumb"},"inLanguage":"fr-FR","potentialAction":[{"@type":"ReadAction","target":["https:\/\/www.ubishops.ca\/fr\/habiter-sur-le-campus\/la-vie-en-residence\/quoi-de-neuf\/"]}]},{"@type":"ImageObject","inLanguage":"fr-FR","@id":"https:\/\/www.ubishops.ca\/fr\/habiter-sur-le-campus\/la-vie-en-residence\/quoi-de-neuf\/#primaryimage","url":"https:\/\/www.ubishops.ca\/wp-content\/uploads\/2023-2024-What-Weve-Been-Up-To-Website-cover-1.png","contentUrl":"https:\/\/www.ubishops.ca\/wp-content\/uploads\/2023-2024-What-Weve-Been-Up-To-Website-cover-1.png"},{"@type":"BreadcrumbList","@id":"https:\/\/www.ubishops.ca\/fr\/habiter-sur-le-campus\/la-vie-en-residence\/quoi-de-neuf\/#breadcrumb","itemListElement":[{"@type":"ListItem","position":1,"name":"Accueil","item":"https:\/\/www.ubishops.ca\/fr\/"},{"@type":"ListItem","position":2,"name":"Habiter sur le campus","item":"https:\/\/www.ubishops.ca\/fr\/habiter-sur-le-campus\/"},{"@type":"ListItem","position":3,"name":"La vie en r\u00e9sidence","item":"https:\/\/www.ubishops.ca\/fr\/habiter-sur-le-campus\/la-vie-en-residence\/"},{"@type":"ListItem","position":4,"name":"Quoi de neuf?"}]},{"@type":"WebSite","@id":"https:\/\/www.ubishops.ca\/#website","url":"https:\/\/www.ubishops.ca\/","name":"Bishop&#039;s University","description":"","potentialAction":[{"@type":"SearchAction","target":{"@type":"EntryPoint","urlTemplate":"https:\/\/www.ubishops.ca\/?s={search_term_string}"},"query-input":{"@type":"PropertyValueSpecification","valueRequired":true,"valueName":"search_term_string"}}],"inLanguage":"fr-FR"}]}},"taxonomy_info":[],"featured_image_src_large":false,"author_info":{"display_name":"Julie Fradette","author_link":"https:\/\/www.ubishops.ca\/fr\/author\/jfradett\/"},"comment_info":0,"publishpress_future_action":{"enabled":false,"date":"2026-04-15 16:25:32","action":"change-status","newStatus":"draft","terms":[],"taxonomy":"translation_priority","extraData":[]},"publishpress_future_workflow_manual_trigger":{"enabledWorkflows":[]},"_links":{"self":[{"href":"https:\/\/www.ubishops.ca\/fr\/wp-json\/wp\/v2\/pages\/114962","targetHints":{"allow":["GET"]}}],"collection":[{"href":"https:\/\/www.ubishops.ca\/fr\/wp-json\/wp\/v2\/pages"}],"about":[{"href":"https:\/\/www.ubishops.ca\/fr\/wp-json\/wp\/v2\/types\/page"}],"author":[{"embeddable":true,"href":"https:\/\/www.ubishops.ca\/fr\/wp-json\/wp\/v2\/users\/49"}],"replies":[{"embeddable":true,"href":"https:\/\/www.ubishops.ca\/fr\/wp-json\/wp\/v2\/comments?post=114962"}],"version-history":[{"count":0,"href":"https:\/\/www.ubishops.ca\/fr\/wp-json\/wp\/v2\/pages\/114962\/revisions"}],"up":[{"embeddable":true,"href":"https:\/\/www.ubishops.ca\/fr\/wp-json\/wp\/v2\/pages\/114782"}],"wp:attachment":[{"href":"https:\/\/www.ubishops.ca\/fr\/wp-json\/wp\/v2\/media?parent=114962"}],"curies":[{"name":"wp","href":"https:\/\/api.w.org\/{rel}","templated":true}]}}