{"id":114957,"date":"2023-08-22T14:23:38","date_gmt":"2023-08-22T18:23:38","guid":{"rendered":"https:\/\/www.ubishops.ca\/habiter-sur-le-campus\/la-vie-en-residence\/house-cup\/"},"modified":"2024-08-22T15:50:45","modified_gmt":"2024-08-22T19:50:45","slug":"house-cup","status":"publish","type":"page","link":"https:\/\/www.ubishops.ca\/fr\/habiter-sur-le-campus\/la-vie-en-residence\/house-cup\/","title":{"rendered":"House Cup"},"content":{"rendered":"\n<h2 class=\"wp-block-heading\">La confrontation supr\u00eame qui oppose les r\u00e9sidences!<\/h2>\n\n\n\n<p>Nous t\u2019invitons \u00e0 participer \u00e0 une comp\u00e9tition enlevante qui s\u2019\u00e9tend sur toute l\u2019ann\u00e9e, o\u00f9 les r\u00e9sidences s\u2019affrontent dans des \u00e9preuves \u00e9piques de camaraderie et de cr\u00e9ativit\u00e9 pour remporter la <em>House Cup<\/em>. Les gagnants de l\u2019an dernier, les r\u00e9sidents du pavillon Mackinnon, ont fait preuve d\u2019un esprit indomptable, mais leur titre est de nouveau en jeu!<\/p>\n\n\n\n<div style=\"height:20px\" aria-hidden=\"true\" class=\"wp-block-spacer\"><\/div>\n\n\n\n<h3 class=\"wp-block-heading\">Au programme\u202f:<\/h3>\n\n\n\n<ol class=\"wp-block-list\">\n<li><strong>Des d\u00e9fis excitants\u202f:<\/strong> Participe \u00e0 des jeux intenses, \u00e0 des jeux-questionnaires intellectuels et \u00e0 des concours de cr\u00e9ativit\u00e9 qui testeront tes habilet\u00e9s et ton esprit d\u2019\u00e9quipe.<\/li>\n\n\n\n<li><strong>Des contributions positives\u202f:<\/strong> Les d\u00e9fis ne sont pas le seul moyen de gagner; r\u00e9pandre la bont\u00e9 et redonner \u00e0 la communaut\u00e9 sont tout aussi importants!<\/li>\n\n\n\n<li><strong>Du plaisir inclusif\u202f:<\/strong> Tout le monde est le bienvenu! Quels que soient son parcours ou ses int\u00e9r\u00eats, chacun y trouve son compte.<\/li>\n\n\n\n<li><strong>Des encouragements partisans\u202f:<\/strong> Exprime ta fiert\u00e9 pour ton \u00e9quipe et tes camarades en les acclamant et en les soutenant envers et contre tout.<\/li>\n<\/ol>\n\n\n\n<div style=\"height:30px\" aria-hidden=\"true\" class=\"wp-block-spacer\"><\/div>\n\n\n\n<h2 class=\"wp-block-heading\">Activit\u00e9s de l\u2019ann\u00e9e\u202f:<\/h2>\n\n\n\n<ul class=\"wp-block-list\">\n<li><strong>R\u00f4les de leader\u202f:<\/strong> Assume le r\u00f4le de repr\u00e9sentant de ton pavillon et aide \u00e0 informer les gens de ta communaut\u00e9 et \u00e0 faire le lien avec l\u2019\u00e9quipe Residence Life.<\/li>\n\n\n\n<li><strong>Tournoi de ballon-chasseur\u202f:<\/strong> Bouge, saute et \u00e9vite le ballon pour ressortir gagnant de chaque affrontement lors de ce captivant tournoi de ballon-chasseur, un \u00e9v\u00e9nement charg\u00e9 d\u2019adr\u00e9naline \u00e0 ne pas manquer!<\/li>\n\n\n\n<li><strong>Concours de talents\u202f:<\/strong> R\u00e9v\u00e8le la vedette qui sommeille en toi et prend la sc\u00e8ne d\u2019assaut dans ce concours de talents!<\/li>\n\n\n\n<li><strong>Heures critiques\u202f:<\/strong> Attendez-vous \u00e0 l\u2019inattendu! Marque des points et saisis la chance de propulser ton pavillon vers la victoire lors de ces \u00e9v\u00e9nements spontan\u00e9s \u00e9lectrisants!<\/li>\n\n\n\n<li><strong>Prix \u00e0 gagner\u202f:<\/strong> En plus du convoit\u00e9 troph\u00e9e House Cup, les participants de chaque pavillon remporteront des prix attrayants \u00e0 mesure qu\u2019ils graviront les rangs!<\/li>\n<\/ul>\n\n\n\n<div style=\"height:25px\" aria-hidden=\"true\" class=\"wp-block-spacer\"><\/div>\n\n\n\n<p>Sois des n\u00f4tres pour cette nouvelle ann\u00e9e inoubliable alors que nous d\u00e9couvrirons qui seront les nouveaux champions de la <em>House Cup<\/em>.<\/p>\n\n\n\n<p>Que les jeux commencent!<\/p>\n\n\n\n<div style=\"height:25px\" aria-hidden=\"true\" class=\"wp-block-spacer\"><\/div>\n\n\n\n<h3 class=\"wp-block-heading\">Champions en titre<\/h3>\n\n\n\n<div style=\"height:20px\" aria-hidden=\"true\" class=\"wp-block-spacer\"><\/div>\n\n\n\n<figure class=\"wp-block-image size-full\"><img decoding=\"async\" width=\"833\" height=\"625\" src=\"https:\/\/www.ubishops.ca\/wp-content\/uploads\/house-cup-v1.jpg\" alt=\"Winners of the House Cup 2022.\" class=\"wp-image-102244\" srcset=\"https:\/\/www.ubishops.ca\/wp-content\/uploads\/house-cup-v1.jpg 833w, https:\/\/www.ubishops.ca\/wp-content\/uploads\/house-cup-v1-300x225.jpg 300w, https:\/\/www.ubishops.ca\/wp-content\/uploads\/house-cup-v1-150x113.jpg 150w, https:\/\/www.ubishops.ca\/wp-content\/uploads\/house-cup-v1-768x576.jpg 768w\" sizes=\"(max-width: 833px) 100vw, 833px\" \/><figcaption class=\"wp-element-caption\">2022-2023 &#8211; Mackinnon Hall<\/figcaption><\/figure>\n\n\n\n<div style=\"height:30px\" aria-hidden=\"true\" class=\"wp-block-spacer\"><\/div>\n\n\n\n<h2 class=\"wp-block-heading\">Histoire de la <em>House Cup<\/em><\/h2>\n\n\n\n<p>Gr\u00e2ce \u00e0 la g\u00e9n\u00e9rosit\u00e9 de Timothy et Beverly Bradley, le troph\u00e9e <em>House Cup<\/em> a \u00e9t\u00e9 remis en don au programme Residence Life. De 2001 \u00e0 2010, la comp\u00e9tition de la <em>House Cup<\/em> a su rassembler les \u00e9tudiantes et \u00e9tudiants dans une confrontation pour la gloire de Bishop\u2019s!<\/p>\n\n\n\n<p>Puis en 2010, la <em>House Cup<\/em> s\u2019est \u00e9clips\u00e9e\u2026 dans l\u2019attente de ses prochains gagnants dignes du troph\u00e9e. Et finalement, apr\u00e8s une pause de dix\u202fans, elle est de retour, et mieux que jamais!<\/p>\n","protected":false},"excerpt":{"rendered":"<p>La confrontation supr\u00eame qui oppose les r\u00e9sidences! Nous t\u2019invitons \u00e0 participer \u00e0 une comp\u00e9tition enlevante qui s\u2019\u00e9tend sur toute l\u2019ann\u00e9e, o\u00f9 les r\u00e9sidences s\u2019affrontent dans des \u00e9preuves \u00e9piques de camaraderie et de cr\u00e9ativit\u00e9 pour remporter la House Cup. Les gagnants de l\u2019an dernier, les r\u00e9sidents du pavillon Mackinnon, ont fait preuve d\u2019un esprit indomptable, mais&#8230;<\/p>\n","protected":false},"author":49,"featured_media":0,"parent":114782,"menu_order":27,"comment_status":"closed","ping_status":"closed","template":"templates\/page-width-sidebar.php","meta":{"_acf_changed":false,"_cbd_carousel_blocks":"[]","_kad_blocks_custom_css":"","_kad_blocks_head_custom_js":"","_kad_blocks_body_custom_js":"","_kad_blocks_footer_custom_js":"","_kad_post_transparent":"","_kad_post_title":"","_kad_post_layout":"","_kad_post_sidebar_id":"","_kad_post_content_style":"","_kad_post_vertical_padding":"","_kad_post_feature":"","_kad_post_feature_position":"","_kad_post_header":false,"_kad_post_footer":false,"_kad_post_classname":"","footnotes":""},"class_list":["post-114957","page","type-page","status-publish","hentry"],"acf":[],"yoast_head":"<!-- This site is optimized with the Yoast SEO plugin v27.2 - https:\/\/yoast.com\/product\/yoast-seo-wordpress\/ -->\n<title>House Cup - Bishop&#039;s University<\/title>\n<meta name=\"robots\" content=\"index, follow, max-snippet:-1, max-image-preview:large, max-video-preview:-1\" \/>\n<link rel=\"canonical\" href=\"https:\/\/www.ubishops.ca\/fr\/habiter-sur-le-campus\/la-vie-en-residence\/house-cup\/\" \/>\n<meta property=\"og:locale\" content=\"fr_FR\" \/>\n<meta property=\"og:type\" content=\"article\" \/>\n<meta property=\"og:title\" content=\"House Cup - Bishop&#039;s University\" \/>\n<meta property=\"og:description\" content=\"La confrontation supr\u00eame qui oppose les r\u00e9sidences! Nous t\u2019invitons \u00e0 participer \u00e0 une comp\u00e9tition enlevante qui s\u2019\u00e9tend sur toute l\u2019ann\u00e9e, o\u00f9 les r\u00e9sidences s\u2019affrontent dans des \u00e9preuves \u00e9piques de camaraderie et de cr\u00e9ativit\u00e9 pour remporter la House Cup. Les gagnants de l\u2019an dernier, les r\u00e9sidents du pavillon Mackinnon, ont fait preuve d\u2019un esprit indomptable, mais...\" \/>\n<meta property=\"og:url\" content=\"https:\/\/www.ubishops.ca\/fr\/habiter-sur-le-campus\/la-vie-en-residence\/house-cup\/\" \/>\n<meta property=\"og:site_name\" content=\"Bishop&#039;s University\" \/>\n<meta property=\"article:publisher\" content=\"https:\/\/www.facebook.com\/ubishops\" \/>\n<meta property=\"article:modified_time\" content=\"2024-08-22T19:50:45+00:00\" \/>\n<meta property=\"og:image\" content=\"https:\/\/www.ubishops.ca\/wp-content\/uploads\/house-cup-v1.jpg\" \/>\n<meta name=\"twitter:card\" content=\"summary_large_image\" \/>\n<meta name=\"twitter:site\" content=\"@ubishops\" \/>\n<meta name=\"twitter:label1\" content=\"Dur\u00e9e de lecture estim\u00e9e\" \/>\n\t<meta name=\"twitter:data1\" content=\"2 minutes\" \/>\n<script type=\"application\/ld+json\" class=\"yoast-schema-graph\">{\"@context\":\"https:\/\/schema.org\",\"@graph\":[{\"@type\":\"WebPage\",\"@id\":\"https:\/\/www.ubishops.ca\/fr\/habiter-sur-le-campus\/la-vie-en-residence\/house-cup\/\",\"url\":\"https:\/\/www.ubishops.ca\/fr\/habiter-sur-le-campus\/la-vie-en-residence\/house-cup\/\",\"name\":\"House Cup - Bishop&#039;s University\",\"isPartOf\":{\"@id\":\"https:\/\/www.ubishops.ca\/#website\"},\"primaryImageOfPage\":{\"@id\":\"https:\/\/www.ubishops.ca\/fr\/habiter-sur-le-campus\/la-vie-en-residence\/house-cup\/#primaryimage\"},\"image\":{\"@id\":\"https:\/\/www.ubishops.ca\/fr\/habiter-sur-le-campus\/la-vie-en-residence\/house-cup\/#primaryimage\"},\"thumbnailUrl\":\"https:\/\/www.ubishops.ca\/wp-content\/uploads\/house-cup-v1.jpg\",\"datePublished\":\"2023-08-22T18:23:38+00:00\",\"dateModified\":\"2024-08-22T19:50:45+00:00\",\"breadcrumb\":{\"@id\":\"https:\/\/www.ubishops.ca\/fr\/habiter-sur-le-campus\/la-vie-en-residence\/house-cup\/#breadcrumb\"},\"inLanguage\":\"fr-FR\",\"potentialAction\":[{\"@type\":\"ReadAction\",\"target\":[\"https:\/\/www.ubishops.ca\/fr\/habiter-sur-le-campus\/la-vie-en-residence\/house-cup\/\"]}]},{\"@type\":\"ImageObject\",\"inLanguage\":\"fr-FR\",\"@id\":\"https:\/\/www.ubishops.ca\/fr\/habiter-sur-le-campus\/la-vie-en-residence\/house-cup\/#primaryimage\",\"url\":\"https:\/\/www.ubishops.ca\/wp-content\/uploads\/house-cup-v1.jpg\",\"contentUrl\":\"https:\/\/www.ubishops.ca\/wp-content\/uploads\/house-cup-v1.jpg\"},{\"@type\":\"BreadcrumbList\",\"@id\":\"https:\/\/www.ubishops.ca\/fr\/habiter-sur-le-campus\/la-vie-en-residence\/house-cup\/#breadcrumb\",\"itemListElement\":[{\"@type\":\"ListItem\",\"position\":1,\"name\":\"Accueil\",\"item\":\"https:\/\/www.ubishops.ca\/fr\/\"},{\"@type\":\"ListItem\",\"position\":2,\"name\":\"Habiter sur le campus\",\"item\":\"https:\/\/www.ubishops.ca\/fr\/habiter-sur-le-campus\/\"},{\"@type\":\"ListItem\",\"position\":3,\"name\":\"La vie en r\u00e9sidence\",\"item\":\"https:\/\/www.ubishops.ca\/fr\/habiter-sur-le-campus\/la-vie-en-residence\/\"},{\"@type\":\"ListItem\",\"position\":4,\"name\":\"House Cup\"}]},{\"@type\":\"WebSite\",\"@id\":\"https:\/\/www.ubishops.ca\/#website\",\"url\":\"https:\/\/www.ubishops.ca\/\",\"name\":\"Bishop&#039;s University\",\"description\":\"\",\"potentialAction\":[{\"@type\":\"SearchAction\",\"target\":{\"@type\":\"EntryPoint\",\"urlTemplate\":\"https:\/\/www.ubishops.ca\/?s={search_term_string}\"},\"query-input\":{\"@type\":\"PropertyValueSpecification\",\"valueRequired\":true,\"valueName\":\"search_term_string\"}}],\"inLanguage\":\"fr-FR\"}]}<\/script>\n<!-- \/ Yoast SEO plugin. -->","yoast_head_json":{"title":"House Cup - Bishop&#039;s University","robots":{"index":"index","follow":"follow","max-snippet":"max-snippet:-1","max-image-preview":"max-image-preview:large","max-video-preview":"max-video-preview:-1"},"canonical":"https:\/\/www.ubishops.ca\/fr\/habiter-sur-le-campus\/la-vie-en-residence\/house-cup\/","og_locale":"fr_FR","og_type":"article","og_title":"House Cup - Bishop&#039;s University","og_description":"La confrontation supr\u00eame qui oppose les r\u00e9sidences! Nous t\u2019invitons \u00e0 participer \u00e0 une comp\u00e9tition enlevante qui s\u2019\u00e9tend sur toute l\u2019ann\u00e9e, o\u00f9 les r\u00e9sidences s\u2019affrontent dans des \u00e9preuves \u00e9piques de camaraderie et de cr\u00e9ativit\u00e9 pour remporter la House Cup. Les gagnants de l\u2019an dernier, les r\u00e9sidents du pavillon Mackinnon, ont fait preuve d\u2019un esprit indomptable, mais...","og_url":"https:\/\/www.ubishops.ca\/fr\/habiter-sur-le-campus\/la-vie-en-residence\/house-cup\/","og_site_name":"Bishop&#039;s University","article_publisher":"https:\/\/www.facebook.com\/ubishops","article_modified_time":"2024-08-22T19:50:45+00:00","og_image":[{"url":"https:\/\/www.ubishops.ca\/wp-content\/uploads\/house-cup-v1.jpg","type":"","width":"","height":""}],"twitter_card":"summary_large_image","twitter_site":"@ubishops","twitter_misc":{"Dur\u00e9e de lecture estim\u00e9e":"2 minutes"},"schema":{"@context":"https:\/\/schema.org","@graph":[{"@type":"WebPage","@id":"https:\/\/www.ubishops.ca\/fr\/habiter-sur-le-campus\/la-vie-en-residence\/house-cup\/","url":"https:\/\/www.ubishops.ca\/fr\/habiter-sur-le-campus\/la-vie-en-residence\/house-cup\/","name":"House Cup - Bishop&#039;s University","isPartOf":{"@id":"https:\/\/www.ubishops.ca\/#website"},"primaryImageOfPage":{"@id":"https:\/\/www.ubishops.ca\/fr\/habiter-sur-le-campus\/la-vie-en-residence\/house-cup\/#primaryimage"},"image":{"@id":"https:\/\/www.ubishops.ca\/fr\/habiter-sur-le-campus\/la-vie-en-residence\/house-cup\/#primaryimage"},"thumbnailUrl":"https:\/\/www.ubishops.ca\/wp-content\/uploads\/house-cup-v1.jpg","datePublished":"2023-08-22T18:23:38+00:00","dateModified":"2024-08-22T19:50:45+00:00","breadcrumb":{"@id":"https:\/\/www.ubishops.ca\/fr\/habiter-sur-le-campus\/la-vie-en-residence\/house-cup\/#breadcrumb"},"inLanguage":"fr-FR","potentialAction":[{"@type":"ReadAction","target":["https:\/\/www.ubishops.ca\/fr\/habiter-sur-le-campus\/la-vie-en-residence\/house-cup\/"]}]},{"@type":"ImageObject","inLanguage":"fr-FR","@id":"https:\/\/www.ubishops.ca\/fr\/habiter-sur-le-campus\/la-vie-en-residence\/house-cup\/#primaryimage","url":"https:\/\/www.ubishops.ca\/wp-content\/uploads\/house-cup-v1.jpg","contentUrl":"https:\/\/www.ubishops.ca\/wp-content\/uploads\/house-cup-v1.jpg"},{"@type":"BreadcrumbList","@id":"https:\/\/www.ubishops.ca\/fr\/habiter-sur-le-campus\/la-vie-en-residence\/house-cup\/#breadcrumb","itemListElement":[{"@type":"ListItem","position":1,"name":"Accueil","item":"https:\/\/www.ubishops.ca\/fr\/"},{"@type":"ListItem","position":2,"name":"Habiter sur le campus","item":"https:\/\/www.ubishops.ca\/fr\/habiter-sur-le-campus\/"},{"@type":"ListItem","position":3,"name":"La vie en r\u00e9sidence","item":"https:\/\/www.ubishops.ca\/fr\/habiter-sur-le-campus\/la-vie-en-residence\/"},{"@type":"ListItem","position":4,"name":"House Cup"}]},{"@type":"WebSite","@id":"https:\/\/www.ubishops.ca\/#website","url":"https:\/\/www.ubishops.ca\/","name":"Bishop&#039;s University","description":"","potentialAction":[{"@type":"SearchAction","target":{"@type":"EntryPoint","urlTemplate":"https:\/\/www.ubishops.ca\/?s={search_term_string}"},"query-input":{"@type":"PropertyValueSpecification","valueRequired":true,"valueName":"search_term_string"}}],"inLanguage":"fr-FR"}]}},"taxonomy_info":[],"featured_image_src_large":false,"author_info":{"display_name":"Julie Fradette","author_link":"https:\/\/www.ubishops.ca\/fr\/author\/jfradett\/"},"comment_info":0,"publishpress_future_action":{"enabled":false,"date":"2026-04-15 14:55:03","action":"change-status","newStatus":"draft","terms":[],"taxonomy":"translation_priority","extraData":[]},"publishpress_future_workflow_manual_trigger":{"enabledWorkflows":[]},"_links":{"self":[{"href":"https:\/\/www.ubishops.ca\/fr\/wp-json\/wp\/v2\/pages\/114957","targetHints":{"allow":["GET"]}}],"collection":[{"href":"https:\/\/www.ubishops.ca\/fr\/wp-json\/wp\/v2\/pages"}],"about":[{"href":"https:\/\/www.ubishops.ca\/fr\/wp-json\/wp\/v2\/types\/page"}],"author":[{"embeddable":true,"href":"https:\/\/www.ubishops.ca\/fr\/wp-json\/wp\/v2\/users\/49"}],"replies":[{"embeddable":true,"href":"https:\/\/www.ubishops.ca\/fr\/wp-json\/wp\/v2\/comments?post=114957"}],"version-history":[{"count":0,"href":"https:\/\/www.ubishops.ca\/fr\/wp-json\/wp\/v2\/pages\/114957\/revisions"}],"up":[{"embeddable":true,"href":"https:\/\/www.ubishops.ca\/fr\/wp-json\/wp\/v2\/pages\/114782"}],"wp:attachment":[{"href":"https:\/\/www.ubishops.ca\/fr\/wp-json\/wp\/v2\/media?parent=114957"}],"curies":[{"name":"wp","href":"https:\/\/api.w.org\/{rel}","templated":true}]}}