{"id":114853,"date":"2023-08-22T10:57:45","date_gmt":"2023-08-22T14:57:45","guid":{"rendered":"https:\/\/www.ubishops.ca\/habiter-sur-le-campus\/la-vie-en-residence\/wellbeing-community-care\/"},"modified":"2024-08-19T15:59:25","modified_gmt":"2024-08-19T19:59:25","slug":"bien-etre-et-communaute","status":"publish","type":"page","link":"https:\/\/www.ubishops.ca\/fr\/habiter-sur-le-campus\/la-vie-en-residence\/bien-etre-et-communaute\/","title":{"rendered":"Bien-\u00eatre et communaut\u00e9"},"content":{"rendered":"\n<p>Habiter sur le campus offre une multitude d\u2019avantages, y compris l\u2019acc\u00e8s \u00e0 des ressources, \u00e0 des activit\u00e9s extrascolaires et \u00e0 une communaut\u00e9 tiss\u00e9e serr\u00e9e. Et avec des services et des formes de soutien suppl\u00e9mentaires, tout y est pour faciliter l\u2019\u00e9panouissement au sein d\u2019un milieu holistique qui mise sur la croissance personnelle et la r\u00e9ussite scolaire.<\/p>\n\n\n\n<div style=\"height:30px\" aria-hidden=\"true\" class=\"wp-block-spacer\"><\/div>\n\n\n\n<h2 class=\"wp-block-heading\">Aper\u00e7u des services<\/h2>\n\n\n\n<div style=\"height:20px\" aria-hidden=\"true\" class=\"wp-block-spacer\"><\/div>\n\n\n\n<h3 class=\"wp-block-heading\">Soutien aux \u00e9tudiants<\/h3>\n\n\n\n<p>L\u2019\u00e9quipe de direction du programme <em>La vie en r\u00e9sidence<\/em> est compos\u00e9e de membres \u00e0 temps plein du personnel universitaire dont la mission est de nourrir un fort esprit de communaut\u00e9 par ses services de soutien, ses \u00e9v\u00e9nements et ses activit\u00e9s. L\u2019\u00e9quipe assure notamment la supervision des assistants en r\u00e9sidence et veille \u00e0 la s\u00e9curit\u00e9 de tous sur le campus gr\u00e2ce \u00e0 un processus \u00e9tabli pour aider chaque personne qui y habite \u00e0 bien comprendre les normes de vie en r\u00e9sidence. En outre, l\u2019\u00e9quipe r\u00e9pond rapidement aux crises ou aux situations d\u2019urgence qui peuvent survenir.<\/p>\n\n\n\n<div style=\"height:20px\" aria-hidden=\"true\" class=\"wp-block-spacer\"><\/div>\n\n\n\n<h3 class=\"wp-block-heading\">Soutien par les pairs<\/h3>\n\n\n\n<p>Les assistants en r\u00e9sidence jouent un r\u00f4le crucial \u00e0 titre de pairs qui habitent le m\u00eame pavillon que les \u00e9tudiantes et \u00e9tudiants qu\u2019ils soutiennent et repr\u00e9sentent un \u00e9l\u00e9ment essentiel de la communaut\u00e9 des r\u00e9sidences. En plus d\u2019\u00eatre reconnus pour leur \u00e9coute active, ils favorisent la cr\u00e9ation de liens entre les r\u00e9sidents par leur pr\u00e9sence et ils peuvent offrir une assistance imm\u00e9diate en cas d\u2019urgence.<\/p>\n\n\n\n<div style=\"height:20px\" aria-hidden=\"true\" class=\"wp-block-spacer\"><\/div>\n\n\n\n<h3 class=\"wp-block-heading\">Counselling<\/h3>\n\n\n\n<p>Des services de counselling professionnels sont offerts dans nos r\u00e9sidences de fa\u00e7on confidentielle pour promouvoir la sant\u00e9 mentale, la croissance personnelle et l\u2019adaptation aupr\u00e8s du corps \u00e9tudiant dans un environnement encourageant et compr\u00e9hensif.<\/p>\n\n\n\n<div style=\"height:20px\" aria-hidden=\"true\" class=\"wp-block-spacer\"><\/div>\n\n\n\n<h3 class=\"wp-block-heading\">Renforcement communautaire<\/h3>\n\n\n\n<p>L\u2019\u00e9quipe de <em>La vie en r\u00e9sidence<\/em> encourage l\u2019esprit de communaut\u00e9 par la cr\u00e9ation d\u2019espaces de vie partag\u00e9s, d\u2019\u00e9v\u00e9nements et d\u2019occasions d\u2019interagir, dans le but de permettre aux \u00e9tudiantes et aux \u00e9tudiants qui habitent sur le campus d\u2019\u00e9changer, de tisser des liens d\u2019amiti\u00e9 ou de collaborer pour que leur exp\u00e9rience universitaire soit la meilleure possible.<\/p>\n\n\n\n<div style=\"height:20px\" aria-hidden=\"true\" class=\"wp-block-spacer\"><\/div>\n\n\n\n<h3 class=\"wp-block-heading\">Conduite<\/h3>\n\n\n\n<p>Nos normes de conduite dans les r\u00e9sidences universitaires s\u2019appuient sur les valeurs du respect, de la responsabilit\u00e9 et de l\u2019int\u00e9grit\u00e9. Elles visent \u00e0 promouvoir un environnement propice \u00e0 l\u2019apprentissage par des interactions significatives, la collaboration et des comportements \u00e9thiques, et \u00e0 stimuler les \u00e9changes positifs entre les \u00e9tudiants et avec le reste de la communaut\u00e9 de Bishop\u2019s.<\/p>\n\n\n\n<div style=\"height:20px\" aria-hidden=\"true\" class=\"wp-block-spacer\"><\/div>\n\n\n\n<h3 class=\"wp-block-heading\">R\u00e9solution de conflits<\/h3>\n\n\n\n<p>Un processus de r\u00e9solution de conflits est essentiel afin de pr\u00e9server l\u2019harmonie, de favoriser la communication efficace et d\u2019am\u00e9liorer les habilet\u00e9s sociales et affectives de tous, de sorte que les disputes et les d\u00e9saccords puissent \u00eatre g\u00e9r\u00e9s de mani\u00e8re constructive et que l\u2019exp\u00e9rience d\u2019habitation et d\u2019apprentissage demeure positive et aidante.<\/p>\n\n\n\n<div style=\"height:20px\" aria-hidden=\"true\" class=\"wp-block-spacer\"><\/div>\n\n\n\n<h3 class=\"wp-block-heading\">S\u00e9curit\u00e9<\/h3>\n\n\n\n<p>La s\u00e9curit\u00e9 est au c\u0153ur de nos pr\u00e9occupations pour le bien-\u00eatre des r\u00e9sidents. Les \u00e9quipes du programme <em>La vie en r\u00e9sidence<\/em> et de notre service de s\u00e9curit\u00e9 collaborent pour la cr\u00e9ation et le maintien d\u2019un environnement s\u00fbr et s\u00e9curitaire. Des mesures comme des rondes r\u00e9guli\u00e8res, le contr\u00f4le des acc\u00e8s, des plans de r\u00e9ponse en cas d\u2019urgence et des programmes \u00e9ducatifs contribuent \u00e0 la vigilance et \u00e0 la sensibilisation de la communaut\u00e9.<\/p>\n\n\n\n<div style=\"height:20px\" aria-hidden=\"true\" class=\"wp-block-spacer\"><\/div>\n\n\n\n<h3 class=\"wp-block-heading\">Informations et ressources<\/h3>\n\n\n\n<p>L\u2019\u00e9quipe <em>La vie en r\u00e9sidence<\/em> fournit \u00e9galement des informations et des ressources essentielles, au sujet notamment des services de sant\u00e9 sur le campus et de nos diverses installations, pour guider les \u00e9tudiantes et les \u00e9tudiants vers la r\u00e9ussite scolaire et pour promouvoir une exp\u00e9rience \u00e9quilibr\u00e9e ax\u00e9e sur la croissance et le bien-\u00eatre. <a href=\"https:\/\/linktr.ee\/thebishopsspot\" target=\"_blank\" rel=\"noreferrer noopener\">Trouve des informations et ressources sur The Spot!<\/a><\/p>\n\n\n\n<div style=\"height:20px\" aria-hidden=\"true\" class=\"wp-block-spacer\"><\/div>\n\n\n\n<h3 class=\"wp-block-heading\">\u00c9v\u00e9nements et activit\u00e9s<\/h3>\n\n\n\n<p>L\u2019\u00e9quipe <em>La vie en r\u00e9sidence<\/em> organise des dizaines d\u2019\u00e9v\u00e9nements et d\u2019activit\u00e9s tout au long de l\u2019ann\u00e9e centr\u00e9s autour d\u2019int\u00e9r\u00eats diversifi\u00e9s dans le but de rendre l\u2019atmosph\u00e8re sur le campus bien vivante. Jeux, ateliers, sorties et autres sont propos\u00e9s pour que les \u00e9tudiantes et les \u00e9tudiantes profitent d\u2019une exp\u00e9rience agr\u00e9able et m\u00e9morable. Et les assistants en r\u00e9sidence sont toujours ouverts aux nouvelles id\u00e9es!<\/p>\n\n\n\n<div style=\"height:20px\" aria-hidden=\"true\" class=\"wp-block-spacer\"><\/div>\n\n\n\n<h3 class=\"wp-block-heading\">Croissance personnelle<\/h3>\n\n\n\n<p>La croissance personnelle joue un r\u00f4le important dans la vie en r\u00e9sidence, tant au niveau intellectuel qu\u2019affectif et social. En participant aux \u00e9v\u00e9nements, en profitant de conseils et en pratiquant l\u2019introspection, les \u00e9tudiantes et les \u00e9tudiants sont encourag\u00e9s \u00e0 d\u00e9velopper leur conscience de soi, leur r\u00e9silience et leurs habilet\u00e9s interpersonnelles. Cette approche holistique favorise le bien-\u00eatre global et ouvre la voie vers la r\u00e9ussite.<\/p>\n\n\n\n<div style=\"height:20px\" aria-hidden=\"true\" class=\"wp-block-spacer\"><\/div>\n\n\n\n<h3 class=\"wp-block-heading\">Gestion de crise<\/h3>\n\n\n\n<p>Toutes les personnes qui habitent sur le campus peuvent profiter d\u2019un environnement s\u00e9curitaire et aidant gr\u00e2ce \u00e0 la pr\u00e9sence en tout temps du personnel de s\u00e9curit\u00e9, \u00e0 des protocoles \u00e9tablis de r\u00e9ponse en cas d\u2019urgence et \u00e0 des membres des r\u00e9sidences form\u00e9s dans la gestion de crise.<\/p>\n\n\n\n<div style=\"height:30px\" aria-hidden=\"true\" class=\"wp-block-spacer\"><\/div>\n\n\n\n<h2 class=\"wp-block-heading\">Prendre rendez-vous avec l\u2019\u00e9quipe Residence Life<\/h2>\n\n\n\n<p>Pour prendre rendez-vous avec un(e) coordonnateur(trice) de l\u2019\u00e9quipe <em>La vie en r\u00e9sidence<\/em>, utilise le lien ci-dessous. Il nous tarde de collaborer avec toi!<\/p>\n\n\n\n<div class=\"wp-block-buttons is-layout-flex wp-block-buttons-is-layout-flex\">\n<div class=\"wp-block-button\"><a class=\"wp-block-button__link has-white-color has-purple-background-color has-text-color has-background wp-element-button\" href=\"https:&#47;&#x2f;o&#117;&#x74;l&#x6f;&#x6f;&#107;&#x2e;o&#102;&#x66;i&#99;&#x65;&#51;&#x36;5&#46;&#x63;o&#109;&#x2f;&#111;&#x77;&#x61;&#47;&#x63;a&#108;&#x65;n&#x64;&#x61;&#114;&#x2f;B&#105;&#x73;h&#111;&#x70;&#115;&#x55;n&#105;&#x76;e&#114;&#x73;i&#x74;&#x79;&#82;&#x65;s&#105;&#x64;e&#x6e;&#x63;&#101;&#x4c;i&#102;&#x65;&#64;&#117;&#x62;&#105;&#x73;h&#111;&#x70;s&#46;&#x63;a\/bookings\/\" target=\"_blank\" rel=\"noreferrer noopener\">Prends rendez-vous<\/a><\/div>\n<\/div>\n","protected":false},"excerpt":{"rendered":"<p>Habiter sur le campus offre une multitude d\u2019avantages, y compris l\u2019acc\u00e8s \u00e0 des ressources, \u00e0 des activit\u00e9s extrascolaires et \u00e0 une communaut\u00e9 tiss\u00e9e serr\u00e9e. Et avec des services et des formes de soutien suppl\u00e9mentaires, tout y est pour faciliter l\u2019\u00e9panouissement au sein d\u2019un milieu holistique qui mise sur la croissance personnelle et la r\u00e9ussite scolaire&#8230;.<\/p>\n","protected":false},"author":49,"featured_media":0,"parent":114782,"menu_order":20,"comment_status":"closed","ping_status":"closed","template":"templates\/page-width-sidebar.php","meta":{"_acf_changed":false,"_cbd_carousel_blocks":"[]","_kad_blocks_custom_css":"","_kad_blocks_head_custom_js":"","_kad_blocks_body_custom_js":"","_kad_blocks_footer_custom_js":"","_kad_post_transparent":"","_kad_post_title":"","_kad_post_layout":"","_kad_post_sidebar_id":"","_kad_post_content_style":"","_kad_post_vertical_padding":"","_kad_post_feature":"","_kad_post_feature_position":"","_kad_post_header":false,"_kad_post_footer":false,"_kad_post_classname":"","footnotes":""},"class_list":["post-114853","page","type-page","status-publish","hentry"],"acf":[],"yoast_head":"<!-- This site is optimized with the Yoast SEO plugin v27.2 - https:\/\/yoast.com\/product\/yoast-seo-wordpress\/ -->\n<title>Bien-\u00eatre et communaut\u00e9 - Bishop&#039;s University<\/title>\n<meta name=\"robots\" content=\"index, follow, max-snippet:-1, max-image-preview:large, max-video-preview:-1\" \/>\n<link rel=\"canonical\" href=\"https:\/\/www.ubishops.ca\/fr\/habiter-sur-le-campus\/la-vie-en-residence\/bien-etre-et-communaute\/\" \/>\n<meta property=\"og:locale\" content=\"fr_FR\" \/>\n<meta property=\"og:type\" content=\"article\" \/>\n<meta property=\"og:title\" content=\"Bien-\u00eatre et communaut\u00e9 - Bishop&#039;s University\" \/>\n<meta property=\"og:description\" content=\"Habiter sur le campus offre une multitude d\u2019avantages, y compris l\u2019acc\u00e8s \u00e0 des ressources, \u00e0 des activit\u00e9s extrascolaires et \u00e0 une communaut\u00e9 tiss\u00e9e serr\u00e9e. Et avec des services et des formes de soutien suppl\u00e9mentaires, tout y est pour faciliter l\u2019\u00e9panouissement au sein d\u2019un milieu holistique qui mise sur la croissance personnelle et la r\u00e9ussite scolaire....\" \/>\n<meta property=\"og:url\" content=\"https:\/\/www.ubishops.ca\/fr\/habiter-sur-le-campus\/la-vie-en-residence\/bien-etre-et-communaute\/\" \/>\n<meta property=\"og:site_name\" content=\"Bishop&#039;s University\" \/>\n<meta property=\"article:publisher\" content=\"https:\/\/www.facebook.com\/ubishops\" \/>\n<meta property=\"article:modified_time\" content=\"2024-08-19T19:59:25+00:00\" \/>\n<meta name=\"twitter:card\" content=\"summary_large_image\" \/>\n<meta name=\"twitter:site\" content=\"@ubishops\" \/>\n<meta name=\"twitter:label1\" content=\"Dur\u00e9e de lecture estim\u00e9e\" \/>\n\t<meta name=\"twitter:data1\" content=\"5 minutes\" \/>\n<script type=\"application\/ld+json\" class=\"yoast-schema-graph\">{\"@context\":\"https:\/\/schema.org\",\"@graph\":[{\"@type\":\"WebPage\",\"@id\":\"https:\/\/www.ubishops.ca\/fr\/habiter-sur-le-campus\/la-vie-en-residence\/bien-etre-et-communaute\/\",\"url\":\"https:\/\/www.ubishops.ca\/fr\/habiter-sur-le-campus\/la-vie-en-residence\/bien-etre-et-communaute\/\",\"name\":\"Bien-\u00eatre et communaut\u00e9 - Bishop&#039;s University\",\"isPartOf\":{\"@id\":\"https:\/\/www.ubishops.ca\/#website\"},\"datePublished\":\"2023-08-22T14:57:45+00:00\",\"dateModified\":\"2024-08-19T19:59:25+00:00\",\"breadcrumb\":{\"@id\":\"https:\/\/www.ubishops.ca\/fr\/habiter-sur-le-campus\/la-vie-en-residence\/bien-etre-et-communaute\/#breadcrumb\"},\"inLanguage\":\"fr-FR\",\"potentialAction\":[{\"@type\":\"ReadAction\",\"target\":[\"https:\/\/www.ubishops.ca\/fr\/habiter-sur-le-campus\/la-vie-en-residence\/bien-etre-et-communaute\/\"]}]},{\"@type\":\"BreadcrumbList\",\"@id\":\"https:\/\/www.ubishops.ca\/fr\/habiter-sur-le-campus\/la-vie-en-residence\/bien-etre-et-communaute\/#breadcrumb\",\"itemListElement\":[{\"@type\":\"ListItem\",\"position\":1,\"name\":\"Accueil\",\"item\":\"https:\/\/www.ubishops.ca\/fr\/\"},{\"@type\":\"ListItem\",\"position\":2,\"name\":\"Habiter sur le campus\",\"item\":\"https:\/\/www.ubishops.ca\/fr\/habiter-sur-le-campus\/\"},{\"@type\":\"ListItem\",\"position\":3,\"name\":\"La vie en r\u00e9sidence\",\"item\":\"https:\/\/www.ubishops.ca\/fr\/habiter-sur-le-campus\/la-vie-en-residence\/\"},{\"@type\":\"ListItem\",\"position\":4,\"name\":\"Bien-\u00eatre et communaut\u00e9\"}]},{\"@type\":\"WebSite\",\"@id\":\"https:\/\/www.ubishops.ca\/#website\",\"url\":\"https:\/\/www.ubishops.ca\/\",\"name\":\"Bishop&#039;s University\",\"description\":\"\",\"potentialAction\":[{\"@type\":\"SearchAction\",\"target\":{\"@type\":\"EntryPoint\",\"urlTemplate\":\"https:\/\/www.ubishops.ca\/?s={search_term_string}\"},\"query-input\":{\"@type\":\"PropertyValueSpecification\",\"valueRequired\":true,\"valueName\":\"search_term_string\"}}],\"inLanguage\":\"fr-FR\"}]}<\/script>\n<!-- \/ Yoast SEO plugin. -->","yoast_head_json":{"title":"Bien-\u00eatre et communaut\u00e9 - Bishop&#039;s University","robots":{"index":"index","follow":"follow","max-snippet":"max-snippet:-1","max-image-preview":"max-image-preview:large","max-video-preview":"max-video-preview:-1"},"canonical":"https:\/\/www.ubishops.ca\/fr\/habiter-sur-le-campus\/la-vie-en-residence\/bien-etre-et-communaute\/","og_locale":"fr_FR","og_type":"article","og_title":"Bien-\u00eatre et communaut\u00e9 - Bishop&#039;s University","og_description":"Habiter sur le campus offre une multitude d\u2019avantages, y compris l\u2019acc\u00e8s \u00e0 des ressources, \u00e0 des activit\u00e9s extrascolaires et \u00e0 une communaut\u00e9 tiss\u00e9e serr\u00e9e. Et avec des services et des formes de soutien suppl\u00e9mentaires, tout y est pour faciliter l\u2019\u00e9panouissement au sein d\u2019un milieu holistique qui mise sur la croissance personnelle et la r\u00e9ussite scolaire....","og_url":"https:\/\/www.ubishops.ca\/fr\/habiter-sur-le-campus\/la-vie-en-residence\/bien-etre-et-communaute\/","og_site_name":"Bishop&#039;s University","article_publisher":"https:\/\/www.facebook.com\/ubishops","article_modified_time":"2024-08-19T19:59:25+00:00","twitter_card":"summary_large_image","twitter_site":"@ubishops","twitter_misc":{"Dur\u00e9e de lecture estim\u00e9e":"5 minutes"},"schema":{"@context":"https:\/\/schema.org","@graph":[{"@type":"WebPage","@id":"https:\/\/www.ubishops.ca\/fr\/habiter-sur-le-campus\/la-vie-en-residence\/bien-etre-et-communaute\/","url":"https:\/\/www.ubishops.ca\/fr\/habiter-sur-le-campus\/la-vie-en-residence\/bien-etre-et-communaute\/","name":"Bien-\u00eatre et communaut\u00e9 - Bishop&#039;s University","isPartOf":{"@id":"https:\/\/www.ubishops.ca\/#website"},"datePublished":"2023-08-22T14:57:45+00:00","dateModified":"2024-08-19T19:59:25+00:00","breadcrumb":{"@id":"https:\/\/www.ubishops.ca\/fr\/habiter-sur-le-campus\/la-vie-en-residence\/bien-etre-et-communaute\/#breadcrumb"},"inLanguage":"fr-FR","potentialAction":[{"@type":"ReadAction","target":["https:\/\/www.ubishops.ca\/fr\/habiter-sur-le-campus\/la-vie-en-residence\/bien-etre-et-communaute\/"]}]},{"@type":"BreadcrumbList","@id":"https:\/\/www.ubishops.ca\/fr\/habiter-sur-le-campus\/la-vie-en-residence\/bien-etre-et-communaute\/#breadcrumb","itemListElement":[{"@type":"ListItem","position":1,"name":"Accueil","item":"https:\/\/www.ubishops.ca\/fr\/"},{"@type":"ListItem","position":2,"name":"Habiter sur le campus","item":"https:\/\/www.ubishops.ca\/fr\/habiter-sur-le-campus\/"},{"@type":"ListItem","position":3,"name":"La vie en r\u00e9sidence","item":"https:\/\/www.ubishops.ca\/fr\/habiter-sur-le-campus\/la-vie-en-residence\/"},{"@type":"ListItem","position":4,"name":"Bien-\u00eatre et communaut\u00e9"}]},{"@type":"WebSite","@id":"https:\/\/www.ubishops.ca\/#website","url":"https:\/\/www.ubishops.ca\/","name":"Bishop&#039;s University","description":"","potentialAction":[{"@type":"SearchAction","target":{"@type":"EntryPoint","urlTemplate":"https:\/\/www.ubishops.ca\/?s={search_term_string}"},"query-input":{"@type":"PropertyValueSpecification","valueRequired":true,"valueName":"search_term_string"}}],"inLanguage":"fr-FR"}]}},"taxonomy_info":[],"featured_image_src_large":false,"author_info":{"display_name":"Julie Fradette","author_link":"https:\/\/www.ubishops.ca\/fr\/author\/jfradett\/"},"comment_info":0,"publishpress_future_action":{"enabled":false,"date":"2026-04-15 11:19:25","action":"change-status","newStatus":"draft","terms":[],"taxonomy":"translation_priority","extraData":[]},"publishpress_future_workflow_manual_trigger":{"enabledWorkflows":[]},"_links":{"self":[{"href":"https:\/\/www.ubishops.ca\/fr\/wp-json\/wp\/v2\/pages\/114853","targetHints":{"allow":["GET"]}}],"collection":[{"href":"https:\/\/www.ubishops.ca\/fr\/wp-json\/wp\/v2\/pages"}],"about":[{"href":"https:\/\/www.ubishops.ca\/fr\/wp-json\/wp\/v2\/types\/page"}],"author":[{"embeddable":true,"href":"https:\/\/www.ubishops.ca\/fr\/wp-json\/wp\/v2\/users\/49"}],"replies":[{"embeddable":true,"href":"https:\/\/www.ubishops.ca\/fr\/wp-json\/wp\/v2\/comments?post=114853"}],"version-history":[{"count":0,"href":"https:\/\/www.ubishops.ca\/fr\/wp-json\/wp\/v2\/pages\/114853\/revisions"}],"up":[{"embeddable":true,"href":"https:\/\/www.ubishops.ca\/fr\/wp-json\/wp\/v2\/pages\/114782"}],"wp:attachment":[{"href":"https:\/\/www.ubishops.ca\/fr\/wp-json\/wp\/v2\/media?parent=114853"}],"curies":[{"name":"wp","href":"https:\/\/api.w.org\/{rel}","templated":true}]}}