{"id":114840,"date":"2015-12-07T14:49:50","date_gmt":"2015-12-07T19:49:50","guid":{"rendered":"https:\/\/www.ubishops.ca\/habiter-sur-le-campus\/la-vie-en-residence\/living-learning-communities\/"},"modified":"2024-08-22T09:30:40","modified_gmt":"2024-08-22T13:30:40","slug":"communautes-apprentissage-thematiques","status":"publish","type":"page","link":"https:\/\/www.ubishops.ca\/fr\/habiter-sur-le-campus\/la-vie-en-residence\/communautes-apprentissage-thematiques\/","title":{"rendered":"Communaut\u00e9s d\u2019apprentissage th\u00e9matiques"},"content":{"rendered":"\n<p><strong>IMPLIQUE-TOI. AFFICHE TES COULEURS. INCARNE BISHOP\u2019S.<\/strong><\/p>\n\n\n\n<p>Joins-toi \u00e0 une communaut\u00e9 extraordinaire!<\/p>\n\n\n\n<p>Les communaut\u00e9s d\u2019apprentissage th\u00e9matiques (<em>Living Learning Communities<\/em> ou LLC) repr\u00e9sentent une option qui offre aux \u00e9tudiantes et \u00e9tudiants en r\u00e9sidence l\u2019occasion d\u2019habiter au sein d\u2019une communaut\u00e9 bien soud\u00e9e de leurs pairs partageant des int\u00e9r\u00eats et des valeurs semblables. Ces communaut\u00e9s aident les gens \u00e0 s\u2019unir pour commencer leur exp\u00e9rience universitaire en force. Partager les exp\u00e9riences, avoir du plaisir et ouvrir des portes \u00e0 la croissance personnelle sont les objectifs de ce programme. Les communaut\u00e9s d\u2019apprentissage th\u00e9matiques profitent aussi du soutien d\u2019un membre de l\u2019\u00e9quipe Residence Life qui propose des exp\u00e9riences et des occasions extrascolaires sur mesure. Les \u00e9tudiants de tous les domaines, peu importe o\u00f9 ils en sont dans leur parcours universitaire, sont encourag\u00e9s \u00e0 soumettre une demande pour int\u00e9grer une LLC. Tu n\u2019as qu\u2019\u00e0 d\u00e9montrer ton int\u00e9r\u00eat pour le th\u00e8me de ta communaut\u00e9 choisie et ton d\u00e9sir d\u2019y participer toute l\u2019ann\u00e9e.<\/p>\n\n\n\n<div style=\"height:30px\" aria-hidden=\"true\" class=\"wp-block-spacer\"><\/div>\n\n\n\n<h2 class=\"wp-block-heading\">L\u2019\u00e9tage Leadership \u2013 Hodder<\/h2>\n\n\n\n<p>L\u2019\u00e9tage Leadership met l\u2019accent sur les bases n\u00e9cessaires pour devenir un leader \u00e9tudiant \u00e0 Bishop\u2019s. \u00c0 l\u2019aide de divers ateliers, d\u2019activit\u00e9s de groupe et d\u2019invit\u00e9s sp\u00e9ciaux, les \u00e9tudiantes et \u00e9tudiants de cette communaut\u00e9 d\u00e9velopperont les outils pour naviguer les complexit\u00e9s du r\u00f4le de leader. Cette communaut\u00e9 te pr\u00e9parera aussi \u00e0 assumer des responsabilit\u00e9s de leader pendant ton parcours universitaire et bien au-del\u00e0!<\/p>\n\n\n\n<p>Si tu souhaites cohabiter avec d\u2019autres personnes sur la m\u00eame longueur d\u2019onde qui veulent maximiser leur exp\u00e9rience \u00e0 Bishop\u2019s et qui ne se contenteront pas de fr\u00e9quenter l\u2019universit\u00e9, mais aussi de lui donner une direction, cette LLC est parfaite pour toi.<\/p>\n\n\n\n<div style=\"height:30px\" aria-hidden=\"true\" class=\"wp-block-spacer\"><\/div>\n\n\n\n<h2 class=\"wp-block-heading\">Nouveaut\u00e9 \u00e0 l\u2019automne\u202f2024 \u2013 \u00c9tage Immersion fran\u00e7aise \u2013 Abbott<\/h2>\n\n\n\n<p>L\u2019\u00e9quipe Residence Life de l\u2019Universit\u00e9 Bishop\u2019s, en collaboration avec le d\u00e9partement d\u2019\u00c9tudes fran\u00e7aises et qu\u00e9b\u00e9coises, a mis sur pied une LLC d\u2019Immersion en fran\u00e7ais pour donner l\u2019occasion aux \u00e9tudiantes et \u00e9tudiants qui s\u2019int\u00e9ressent \u00e0 la langue et \u00e0 la culture du Qu\u00e9bec de cohabiter. La LLC Immersion fran\u00e7aise est ouverte aux \u00e9tudiants de tous les niveaux d\u2019aisance linguistique et a \u00e9t\u00e9 con\u00e7ue pour les aider \u00e0 enrichir leur appr\u00e9ciation de tous les aspects de la culture, de la langue, de la cuisine traditionnelle et durable, du divertissement et des sports au Qu\u00e9bec.<\/p>\n\n\n\n<div style=\"height:30px\" aria-hidden=\"true\" class=\"wp-block-spacer\"><\/div>\n\n\n\n<h2 class=\"wp-block-heading\">Nouveaut\u00e9 \u00e0 l\u2019automne\u202f2024 \u2013 \u00c9tage \u00c9cologique \u2013 Paterson<\/h2>\n\n\n\n<p>Plonge dans l\u2019univers anim\u00e9 du d\u00e9veloppement durable dans la LLC \u00c9cologique, d\u00e9di\u00e9e \u00e0 l\u2019environnement et aux enjeux sociaux. L\u2019\u00e9tage \u00c9cologique repr\u00e9sente bien plus qu\u2019un milieu de vie; c\u2019est une communaut\u00e9 de gens qui souhaitent activement fa\u00e7onner l\u2019avenir de notre plan\u00e8te. Tu pourras y d\u00e9velopper et mettre en application des plans d\u2019action pour encourager les habitudes durables au quotidien tout en jouissant de la libert\u00e9 de soutenir les aspects qui te tiennent le plus \u00e0 c\u0153ur. Que ce soit militer pour des changements dans les politiques ou les habitudes de vie ou organiser des \u00e9v\u00e9nements qui ont des impacts importants, la LLC \u00c9cologique te donnera les outils pour paver la voie vers une coexistence harmonieuse avec notre plan\u00e8te. D\u00e9couvre ton potentiel pour le changement positif et deviens un des nouveaux leaders de la conscience \u00e9cologique! Si tu as des questions ou si tu souhaites discuter de nos communaut\u00e9s d\u2019apprentissage th\u00e9matiques, communique avec l\u2019\u00e9quipe Residence Life \u00e0 <a href=\"&#x6d;&#x61;&#x69;&#x6c;&#x74;&#x6f;&#x3a;&#x72;&#x65;&#x73;&#x69;&#x64;&#x65;&#x6e;&#x63;&#x65;&#x6c;&#x69;&#x66;&#x65;&#x40;&#x75;&#98;&#105;&#115;&#104;&#111;&#112;&#115;&#46;&#99;&#97;\">r&#101;&#x73;&#x69;&#x64;e&#110;&#99;&#x65;&#x6c;i&#102;&#101;&#x40;&#x75;bi&#115;&#x68;&#x6f;&#x70;s&#46;&#x63;&#x61;<\/a>.<\/p>\n\n\n\n<div style=\"height:30px\" aria-hidden=\"true\" class=\"wp-block-spacer\"><\/div>\n\n\n\n<h2 class=\"wp-block-heading\">Pour soumettre une demande<\/h2>\n\n\n\n<p>Remplis et soumets le formulaire ci-dessous <strong>avant le 31\u202fmai\u202f2024<\/strong>.<\/p>\n\n\n\n<h3 class=\"wp-block-heading\">Crit\u00e8res d\u2019admissibilit\u00e9\u202f:<\/h3>\n\n\n\n<ul class=\"wp-block-list\">\n<li>Soumettre une pr\u00e9sentation \u00e9crite de 500\u202fmots ou une vid\u00e9o de 3\u202fminutes.<\/li>\n\n\n\n<li>S\u2019engager \u00e0 habiter <strong>dans la r\u00e9sidence<\/strong> avec tes pairs inscrits au programme.<\/li>\n\n\n\n<li>Suivre et terminer au moins 80\u202f% du programme.<\/li>\n\n\n\n<li>Payer les frais de 50\u202f$ (ces frais te donnent acc\u00e8s gratuitement ou \u00e0 prix r\u00e9duit \u00e0 ce qui suit\u202f: trousse promotionnelle, manuels, activit\u00e9s, excursions et plus).<\/li>\n<\/ul>\n\n\n\n<h3 class=\"wp-block-heading\">Quoi dire dans ta pr\u00e9sentation \u00e9crite ou vid\u00e9o\u202f:<\/h3>\n\n\n\n<ul class=\"wp-block-list\">\n<li>Pourquoi veux-tu faire partie de cette LLC?<\/li>\n\n\n\n<li>Qu\u2019esp\u00e8res-tu retirer de ta participation?<\/li>\n\n\n\n<li>Quelles sont tes exp\u00e9riences en d\u00e9veloppement du sentiment d\u2019appartenance ou par rapport au th\u00e8me?<\/li>\n\n\n\n<li>Quel impact souhaites-tu avoir \u00e0 Bishop\u2019s?<\/li>\n<\/ul>\n\n\n\n<p><em>Remarque\u202f: Les \u00e9tudiants qui ne participent pas activement \u00e0 leur LLC pourraient devoir d\u00e9m\u00e9nager, sans possibilit\u00e9 de remboursement des frais applicables, afin de laisser leur place \u00e0 d\u2019autres \u00e9tudiants.<\/em><\/p>\n\n\n\n<div style=\"height:40px\" aria-hidden=\"true\" class=\"wp-block-spacer\"><\/div>\n\n\n\n<p><strong><em>Ce formulaire est actuellement ferm\u00e9.<\/em><\/strong><\/p>\n","protected":false},"excerpt":{"rendered":"<p>IMPLIQUE-TOI. AFFICHE TES COULEURS. INCARNE BISHOP\u2019S. Joins-toi \u00e0 une communaut\u00e9 extraordinaire! Les communaut\u00e9s d\u2019apprentissage th\u00e9matiques (Living Learning Communities ou LLC) repr\u00e9sentent une option qui offre aux \u00e9tudiantes et \u00e9tudiants en r\u00e9sidence l\u2019occasion d\u2019habiter au sein d\u2019une communaut\u00e9 bien soud\u00e9e de leurs pairs partageant des int\u00e9r\u00eats et des valeurs semblables. Ces communaut\u00e9s aident les gens \u00e0&#8230;<\/p>\n","protected":false},"author":49,"featured_media":0,"parent":114782,"menu_order":0,"comment_status":"closed","ping_status":"closed","template":"templates\/page-width-sidebar.php","meta":{"_acf_changed":false,"_cbd_carousel_blocks":"[]","_kad_blocks_custom_css":"","_kad_blocks_head_custom_js":"","_kad_blocks_body_custom_js":"","_kad_blocks_footer_custom_js":"","_kad_post_transparent":"","_kad_post_title":"","_kad_post_layout":"","_kad_post_sidebar_id":"","_kad_post_content_style":"","_kad_post_vertical_padding":"","_kad_post_feature":"","_kad_post_feature_position":"","_kad_post_header":false,"_kad_post_footer":false,"_kad_post_classname":"","footnotes":""},"class_list":["post-114840","page","type-page","status-publish","hentry"],"acf":[],"yoast_head":"<!-- This site is optimized with the Yoast SEO plugin v27.2 - https:\/\/yoast.com\/product\/yoast-seo-wordpress\/ -->\n<title>Communaut\u00e9s d\u2019apprentissage th\u00e9matiques - Bishop&#039;s University<\/title>\n<meta name=\"description\" content=\"The Residence Life team is excited to offer students a chance to join one of our Living Learning Communities (LLC): ECO Floor and Leadership Community.\" \/>\n<meta name=\"robots\" content=\"index, follow, max-snippet:-1, max-image-preview:large, max-video-preview:-1\" \/>\n<link rel=\"canonical\" href=\"https:\/\/www.ubishops.ca\/fr\/habiter-sur-le-campus\/la-vie-en-residence\/communautes-apprentissage-thematiques\/\" \/>\n<meta property=\"og:locale\" content=\"fr_FR\" \/>\n<meta property=\"og:type\" content=\"article\" \/>\n<meta property=\"og:title\" content=\"Communaut\u00e9s d\u2019apprentissage th\u00e9matiques - Bishop&#039;s University\" \/>\n<meta property=\"og:description\" content=\"The Residence Life team is excited to offer students a chance to join one of our Living Learning Communities (LLC): ECO Floor and Leadership Community.\" \/>\n<meta property=\"og:url\" content=\"https:\/\/www.ubishops.ca\/fr\/habiter-sur-le-campus\/la-vie-en-residence\/communautes-apprentissage-thematiques\/\" \/>\n<meta property=\"og:site_name\" content=\"Bishop&#039;s University\" \/>\n<meta property=\"article:publisher\" content=\"https:\/\/www.facebook.com\/ubishops\" \/>\n<meta property=\"article:modified_time\" content=\"2024-08-22T13:30:40+00:00\" \/>\n<meta name=\"twitter:card\" content=\"summary_large_image\" \/>\n<meta name=\"twitter:site\" content=\"@ubishops\" \/>\n<meta name=\"twitter:label1\" content=\"Dur\u00e9e de lecture estim\u00e9e\" \/>\n\t<meta name=\"twitter:data1\" content=\"4 minutes\" \/>\n<script type=\"application\/ld+json\" class=\"yoast-schema-graph\">{\"@context\":\"https:\/\/schema.org\",\"@graph\":[{\"@type\":\"WebPage\",\"@id\":\"https:\/\/www.ubishops.ca\/fr\/habiter-sur-le-campus\/la-vie-en-residence\/communautes-apprentissage-thematiques\/\",\"url\":\"https:\/\/www.ubishops.ca\/fr\/habiter-sur-le-campus\/la-vie-en-residence\/communautes-apprentissage-thematiques\/\",\"name\":\"Communaut\u00e9s d\u2019apprentissage th\u00e9matiques - Bishop&#039;s University\",\"isPartOf\":{\"@id\":\"https:\/\/www.ubishops.ca\/#website\"},\"datePublished\":\"2015-12-07T19:49:50+00:00\",\"dateModified\":\"2024-08-22T13:30:40+00:00\",\"description\":\"The Residence Life team is excited to offer students a chance to join one of our Living Learning Communities (LLC): ECO Floor and Leadership Community.\",\"breadcrumb\":{\"@id\":\"https:\/\/www.ubishops.ca\/fr\/habiter-sur-le-campus\/la-vie-en-residence\/communautes-apprentissage-thematiques\/#breadcrumb\"},\"inLanguage\":\"fr-FR\",\"potentialAction\":[{\"@type\":\"ReadAction\",\"target\":[\"https:\/\/www.ubishops.ca\/fr\/habiter-sur-le-campus\/la-vie-en-residence\/communautes-apprentissage-thematiques\/\"]}]},{\"@type\":\"BreadcrumbList\",\"@id\":\"https:\/\/www.ubishops.ca\/fr\/habiter-sur-le-campus\/la-vie-en-residence\/communautes-apprentissage-thematiques\/#breadcrumb\",\"itemListElement\":[{\"@type\":\"ListItem\",\"position\":1,\"name\":\"Accueil\",\"item\":\"https:\/\/www.ubishops.ca\/fr\/\"},{\"@type\":\"ListItem\",\"position\":2,\"name\":\"Habiter sur le campus\",\"item\":\"https:\/\/www.ubishops.ca\/fr\/habiter-sur-le-campus\/\"},{\"@type\":\"ListItem\",\"position\":3,\"name\":\"La vie en r\u00e9sidence\",\"item\":\"https:\/\/www.ubishops.ca\/fr\/habiter-sur-le-campus\/la-vie-en-residence\/\"},{\"@type\":\"ListItem\",\"position\":4,\"name\":\"Communaut\u00e9s d\u2019apprentissage th\u00e9matiques\"}]},{\"@type\":\"WebSite\",\"@id\":\"https:\/\/www.ubishops.ca\/#website\",\"url\":\"https:\/\/www.ubishops.ca\/\",\"name\":\"Bishop&#039;s University\",\"description\":\"\",\"potentialAction\":[{\"@type\":\"SearchAction\",\"target\":{\"@type\":\"EntryPoint\",\"urlTemplate\":\"https:\/\/www.ubishops.ca\/?s={search_term_string}\"},\"query-input\":{\"@type\":\"PropertyValueSpecification\",\"valueRequired\":true,\"valueName\":\"search_term_string\"}}],\"inLanguage\":\"fr-FR\"}]}<\/script>\n<!-- \/ Yoast SEO plugin. -->","yoast_head_json":{"title":"Communaut\u00e9s d\u2019apprentissage th\u00e9matiques - Bishop&#039;s University","description":"The Residence Life team is excited to offer students a chance to join one of our Living Learning Communities (LLC): ECO Floor and Leadership Community.","robots":{"index":"index","follow":"follow","max-snippet":"max-snippet:-1","max-image-preview":"max-image-preview:large","max-video-preview":"max-video-preview:-1"},"canonical":"https:\/\/www.ubishops.ca\/fr\/habiter-sur-le-campus\/la-vie-en-residence\/communautes-apprentissage-thematiques\/","og_locale":"fr_FR","og_type":"article","og_title":"Communaut\u00e9s d\u2019apprentissage th\u00e9matiques - Bishop&#039;s University","og_description":"The Residence Life team is excited to offer students a chance to join one of our Living Learning Communities (LLC): ECO Floor and Leadership Community.","og_url":"https:\/\/www.ubishops.ca\/fr\/habiter-sur-le-campus\/la-vie-en-residence\/communautes-apprentissage-thematiques\/","og_site_name":"Bishop&#039;s University","article_publisher":"https:\/\/www.facebook.com\/ubishops","article_modified_time":"2024-08-22T13:30:40+00:00","twitter_card":"summary_large_image","twitter_site":"@ubishops","twitter_misc":{"Dur\u00e9e de lecture estim\u00e9e":"4 minutes"},"schema":{"@context":"https:\/\/schema.org","@graph":[{"@type":"WebPage","@id":"https:\/\/www.ubishops.ca\/fr\/habiter-sur-le-campus\/la-vie-en-residence\/communautes-apprentissage-thematiques\/","url":"https:\/\/www.ubishops.ca\/fr\/habiter-sur-le-campus\/la-vie-en-residence\/communautes-apprentissage-thematiques\/","name":"Communaut\u00e9s d\u2019apprentissage th\u00e9matiques - Bishop&#039;s University","isPartOf":{"@id":"https:\/\/www.ubishops.ca\/#website"},"datePublished":"2015-12-07T19:49:50+00:00","dateModified":"2024-08-22T13:30:40+00:00","description":"The Residence Life team is excited to offer students a chance to join one of our Living Learning Communities (LLC): ECO Floor and Leadership Community.","breadcrumb":{"@id":"https:\/\/www.ubishops.ca\/fr\/habiter-sur-le-campus\/la-vie-en-residence\/communautes-apprentissage-thematiques\/#breadcrumb"},"inLanguage":"fr-FR","potentialAction":[{"@type":"ReadAction","target":["https:\/\/www.ubishops.ca\/fr\/habiter-sur-le-campus\/la-vie-en-residence\/communautes-apprentissage-thematiques\/"]}]},{"@type":"BreadcrumbList","@id":"https:\/\/www.ubishops.ca\/fr\/habiter-sur-le-campus\/la-vie-en-residence\/communautes-apprentissage-thematiques\/#breadcrumb","itemListElement":[{"@type":"ListItem","position":1,"name":"Accueil","item":"https:\/\/www.ubishops.ca\/fr\/"},{"@type":"ListItem","position":2,"name":"Habiter sur le campus","item":"https:\/\/www.ubishops.ca\/fr\/habiter-sur-le-campus\/"},{"@type":"ListItem","position":3,"name":"La vie en r\u00e9sidence","item":"https:\/\/www.ubishops.ca\/fr\/habiter-sur-le-campus\/la-vie-en-residence\/"},{"@type":"ListItem","position":4,"name":"Communaut\u00e9s d\u2019apprentissage th\u00e9matiques"}]},{"@type":"WebSite","@id":"https:\/\/www.ubishops.ca\/#website","url":"https:\/\/www.ubishops.ca\/","name":"Bishop&#039;s University","description":"","potentialAction":[{"@type":"SearchAction","target":{"@type":"EntryPoint","urlTemplate":"https:\/\/www.ubishops.ca\/?s={search_term_string}"},"query-input":{"@type":"PropertyValueSpecification","valueRequired":true,"valueName":"search_term_string"}}],"inLanguage":"fr-FR"}]}},"taxonomy_info":[],"featured_image_src_large":false,"author_info":{"display_name":"Julie Fradette","author_link":"https:\/\/www.ubishops.ca\/fr\/author\/jfradett\/"},"comment_info":0,"publishpress_future_action":{"enabled":false,"date":"2026-04-15 13:15:52","action":"change-status","newStatus":"draft","terms":[],"taxonomy":"translation_priority","extraData":[]},"publishpress_future_workflow_manual_trigger":{"enabledWorkflows":[]},"_links":{"self":[{"href":"https:\/\/www.ubishops.ca\/fr\/wp-json\/wp\/v2\/pages\/114840","targetHints":{"allow":["GET"]}}],"collection":[{"href":"https:\/\/www.ubishops.ca\/fr\/wp-json\/wp\/v2\/pages"}],"about":[{"href":"https:\/\/www.ubishops.ca\/fr\/wp-json\/wp\/v2\/types\/page"}],"author":[{"embeddable":true,"href":"https:\/\/www.ubishops.ca\/fr\/wp-json\/wp\/v2\/users\/49"}],"replies":[{"embeddable":true,"href":"https:\/\/www.ubishops.ca\/fr\/wp-json\/wp\/v2\/comments?post=114840"}],"version-history":[{"count":0,"href":"https:\/\/www.ubishops.ca\/fr\/wp-json\/wp\/v2\/pages\/114840\/revisions"}],"up":[{"embeddable":true,"href":"https:\/\/www.ubishops.ca\/fr\/wp-json\/wp\/v2\/pages\/114782"}],"wp:attachment":[{"href":"https:\/\/www.ubishops.ca\/fr\/wp-json\/wp\/v2\/media?parent=114840"}],"curies":[{"name":"wp","href":"https:\/\/api.w.org\/{rel}","templated":true}]}}