{"id":114756,"date":"2015-12-07T14:47:14","date_gmt":"2015-12-07T19:47:14","guid":{"rendered":"https:\/\/www.ubishops.ca\/habiter-sur-le-campus\/where-to-eat-on-campus\/"},"modified":"2025-05-01T15:13:14","modified_gmt":"2025-05-01T19:13:14","slug":"ou-manger-sur-le-campus","status":"publish","type":"page","link":"https:\/\/www.ubishops.ca\/fr\/habiter-sur-le-campus\/ou-manger-sur-le-campus\/","title":{"rendered":"O\u00f9 manger sur le campus"},"content":{"rendered":"\n<p>D\u00e9couvre nos multiples options alimentaires sur le campus! Les heures d\u2019ouverture pendant l\u2019\u00e9t\u00e9 peuvent \u00eatre diff\u00e9rentes de celles indiqu\u00e9es.<\/p>\n\n\n\n<p>Pour tous les \u00e9v\u00e9nements n\u00e9cessitant des services de restauration sur le campus, veuillez <a href=\"https:\/\/mybu.ubishops.ca\/conferences\/Documents\/CAMPUS%20DINING%20POLICY%20updated%20January%202023.pdf\" target=\"_blank\" rel=\"noreferrer noopener\">consulter la Politique de restauration sur myBU<\/a> pour vous assurer que les r\u00e8glements provinciaux sont respect\u00e9s.<\/p>\n\n\n\n<p><strong>Les heures d\u2019ouverture peuvent changer sans pr\u00e9avis.<\/strong><\/p>\n\n\n\n<h2 class=\"wp-block-heading\">Caf\u00e9t\u00e9ria Dewhurst<\/h2>\n\n\n\n<p><strong>Emplacement\u202f:<\/strong> La caf\u00e9t\u00e9ria Dewhurst est situ\u00e9e au milieu du complexe des r\u00e9sidences.<\/p>\n\n\n\n<div class=\"wp-block-media-text is-stacked-on-mobile is-vertically-aligned-top\" style=\"grid-template-columns:35% auto\"><figure class=\"wp-block-media-text__media\"><img decoding=\"async\" width=\"750\" height=\"750\" src=\"https:\/\/www.ubishops.ca\/wp-content\/uploads\/dewhurst.jpg\" alt=\"Dewhurst Dining Hall\" class=\"wp-image-71327 size-full\" srcset=\"https:\/\/www.ubishops.ca\/wp-content\/uploads\/dewhurst.jpg 750w, https:\/\/www.ubishops.ca\/wp-content\/uploads\/dewhurst-300x300.jpg 300w, https:\/\/www.ubishops.ca\/wp-content\/uploads\/dewhurst-150x150.jpg 150w, https:\/\/www.ubishops.ca\/wp-content\/uploads\/dewhurst-45x45.jpg 45w\" sizes=\"(max-width: 750px) 100vw, 750px\" \/><\/figure><div class=\"wp-block-media-text__content\">\n<p><strong><strong>Heures d\u2019ouverture<\/strong> :<\/strong><\/p>\n\n\n\n<p>Lundi au jeudi : 7h30 \u00e0 21h<br>Vendredi au dimanche : 7h30 \u00e0 23h<\/p>\n\n\n\n<p><strong>Purple Pod en soir\u00e9e :<\/strong><\/p>\n\n\n\n<p>Lundi au jeudi : Les \u00e9tudiants disposant d&rsquo;un forfait repas peuvent utiliser le Purple Pod de 21h \u00e0 23h.<\/p>\n<\/div><\/div>\n\n\n\n<p><strong>Type de nourriture\u202f:<\/strong> Une grande vari\u00e9t\u00e9 d\u2019aliments et de plats qui conviennent \u00e0 toute envie ou restriction alimentaire.<\/p>\n\n\n\n<p>Chez Dewies, nous nous effor\u00e7ons d\u2019offrir la meilleure exp\u00e9rience possible \u00e0 tous nos \u00e9tudiants tout en respectant des principes de sant\u00e9 et de s\u00e9curit\u00e9. Notre but est de cr\u00e9er une exp\u00e9rience cr\u00e9ative et unique de restauration.<\/p>\n\n\n\n<h2 class=\"wp-block-heading\">Tim Hortons<\/h2>\n\n\n\n<p><strong>Emplacement\u202f:<\/strong> Le Tim Hortons est situ\u00e9 \u00e0 l\u2019\u00e9tage sup\u00e9rieur du Complexe sportif.<\/p>\n\n\n\n<div class=\"wp-block-media-text is-stacked-on-mobile is-vertically-aligned-top\" style=\"grid-template-columns:35% auto\"><figure class=\"wp-block-media-text__media\"><img decoding=\"async\" width=\"750\" height=\"750\" src=\"https:\/\/www.ubishops.ca\/wp-content\/uploads\/Tim-Hortons-Sports-Centre-Bishops-University.jpg\" alt=\"Tim Hortons inside the Sports Centre at Bishop's University\" class=\"wp-image-123148 size-full\" srcset=\"https:\/\/www.ubishops.ca\/wp-content\/uploads\/Tim-Hortons-Sports-Centre-Bishops-University.jpg 750w, https:\/\/www.ubishops.ca\/wp-content\/uploads\/Tim-Hortons-Sports-Centre-Bishops-University-650x650.jpg 650w, https:\/\/www.ubishops.ca\/wp-content\/uploads\/Tim-Hortons-Sports-Centre-Bishops-University-150x150.jpg 150w\" sizes=\"(max-width: 750px) 100vw, 750px\" \/><\/figure><div class=\"wp-block-media-text__content\">\n<p><strong><strong><strong><strong><strong>Heures d&rsquo;ouverture r\u00e9guli\u00e8res :<\/strong><\/strong><\/strong><\/strong><\/strong><\/p>\n\n\n\n<p>Lundi au vendredi : 7h30 \u00e0 20h*<br>Samedi et dimanche : 9h \u00e0 17h*<\/p>\n\n\n\n<p>* Sous r\u00e9serve de modifications les jours de match sportif.<\/p>\n<\/div><\/div>\n\n\n\n<p><strong>Type de nourriture\u202f:<\/strong> Sandwiches, soupes, beignes, caf\u00e9, th\u00e9 et plus.<\/p>\n\n\n\n<h2 class=\"wp-block-heading\">The Purple Pod<\/h2>\n\n\n\n<p><strong>Emplacement\u202f:<\/strong> Le Purple Pod est situ\u00e9 \u00e0 l\u2019int\u00e9rieur du Centre pour les \u00e9tudiants.<\/p>\n\n\n\n<div class=\"wp-block-media-text is-stacked-on-mobile\" style=\"grid-template-columns:35% auto\"><figure class=\"wp-block-media-text__media\"><img decoding=\"async\" width=\"750\" height=\"750\" src=\"https:\/\/www.ubishops.ca\/wp-content\/uploads\/PurplePod.jpg\" alt=\"\" class=\"wp-image-112409 size-full\" srcset=\"https:\/\/www.ubishops.ca\/wp-content\/uploads\/PurplePod.jpg 750w, https:\/\/www.ubishops.ca\/wp-content\/uploads\/PurplePod-300x300.jpg 300w, https:\/\/www.ubishops.ca\/wp-content\/uploads\/PurplePod-150x150.jpg 150w, https:\/\/www.ubishops.ca\/wp-content\/uploads\/PurplePod-45x45.jpg 45w\" sizes=\"(max-width: 750px) 100vw, 750px\" \/><\/figure><div class=\"wp-block-media-text__content\">\n<p><strong><strong><strong>Heures d\u2019ouverture<\/strong> :<\/strong><\/strong><\/p>\n\n\n\n<p>Lundi au jeudi : 8h \u00e0 23h<br>Vendredi : 8h \u00e0 14h<\/p>\n\n\n\n<p>Ferm\u00e9 le samedi et le dimanche.<\/p>\n<\/div><\/div>\n\n\n\n<p><strong>Type de nourriture\u202f:<\/strong> Tacos, hamburgers, pizzas, raviolis asiatiques, burritos d\u00e9jeuner, caf\u00e9, th\u00e9, frapp\u00e9s aux fruits et plus.<\/p>\n\n\n\n<h2 class=\"wp-block-heading\">LLC Caf\u00e9<\/h2>\n\n\n\n<p><strong>Emplacement\u202f:<\/strong> \u00c9tage principal des espaces communs de la Biblioth\u00e8que (LLC).<\/p>\n\n\n\n<div class=\"wp-block-media-text is-stacked-on-mobile\" style=\"grid-template-columns:35% auto\"><figure class=\"wp-block-media-text__media\"><img decoding=\"async\" width=\"300\" height=\"300\" src=\"https:\/\/www.ubishops.ca\/wp-content\/uploads\/Library-Cafe-temp.jpg\" alt=\"Library Caf\u00e9\" class=\"wp-image-49281 size-full\" srcset=\"https:\/\/www.ubishops.ca\/wp-content\/uploads\/Library-Cafe-temp.jpg 300w, https:\/\/www.ubishops.ca\/wp-content\/uploads\/Library-Cafe-temp-150x150.jpg 150w, https:\/\/www.ubishops.ca\/wp-content\/uploads\/Library-Cafe-temp-45x45.jpg 45w\" sizes=\"(max-width: 300px) 100vw, 300px\" \/><\/figure><div class=\"wp-block-media-text__content\">\n<p><strong><strong><strong><strong>Heures d\u2019ouverture<\/strong> :<\/strong><\/strong><\/strong><\/p>\n\n\n\n<p>Lundi au vendredi : 8h \u00e0 17h<\/p>\n\n\n\n<p>Ferm\u00e9 le samedi et le dimanche.<\/p>\n<\/div><\/div>\n\n\n\n<p><strong>Type de nourriture\u202f:<\/strong> Bagels gourmets et sandwiches de sp\u00e9cialit\u00e9, soupes, viennoiseries et une grande vari\u00e9t\u00e9 de caf\u00e9s et th\u00e9s de sp\u00e9cialit\u00e9.<\/p>\n\n\n\n<h2 class=\"wp-block-heading\">Bus Stop Caf\u00e9<\/h2>\n\n\n\n<p><strong>Emplacement\u202f:<\/strong> Le Bus Stop Caf\u00e9 est situ\u00e9 entre les \u00e9difices Nicolls et Hamilton.<\/p>\n\n\n\n<div class=\"wp-block-media-text is-stacked-on-mobile\" style=\"grid-template-columns:35% auto\"><figure class=\"wp-block-media-text__media\"><img decoding=\"async\" width=\"300\" height=\"300\" src=\"https:\/\/www.ubishops.ca\/wp-content\/uploads\/bus_stop_cafe.jpg\" alt=\"Bus Stop Caf\u00e9\" class=\"wp-image-7076 size-full\" srcset=\"https:\/\/www.ubishops.ca\/wp-content\/uploads\/bus_stop_cafe.jpg 300w, https:\/\/www.ubishops.ca\/wp-content\/uploads\/bus_stop_cafe-150x150.jpg 150w, https:\/\/www.ubishops.ca\/wp-content\/uploads\/bus_stop_cafe-45x45.jpg 45w\" sizes=\"(max-width: 300px) 100vw, 300px\" \/><\/figure><div class=\"wp-block-media-text__content\">\n<p><strong><strong><strong><strong><strong>Heures d\u2019ouverture<\/strong> :<\/strong><\/strong><\/strong><\/strong><\/p>\n\n\n\n<p>Lundi au jeudi : 8h \u00e0 16h<br>Vendredi : 8h \u00e0 15h<\/p>\n<\/div><\/div>\n\n\n\n<p><strong>Type de nourriture\u202f:<\/strong> Caf\u00e9, muffins, viennoiseries, chili, sushi et quelques autres collations et plats savoureux. Des collations sans gluten y sont aussi en vente.<\/p>\n","protected":false},"excerpt":{"rendered":"<p>D\u00e9couvre nos multiples options alimentaires sur le campus! Les heures d\u2019ouverture pendant l\u2019\u00e9t\u00e9 peuvent \u00eatre diff\u00e9rentes de celles indiqu\u00e9es. Pour tous les \u00e9v\u00e9nements n\u00e9cessitant des services de restauration sur le campus, veuillez consulter la Politique de restauration sur myBU pour vous assurer que les r\u00e8glements provinciaux sont respect\u00e9s. Les heures d\u2019ouverture peuvent changer sans pr\u00e9avis&#8230;.<\/p>\n","protected":false},"author":49,"featured_media":0,"parent":114547,"menu_order":55,"comment_status":"closed","ping_status":"closed","template":"","meta":{"_acf_changed":false,"_cbd_carousel_blocks":"[]","_kad_blocks_custom_css":"","_kad_blocks_head_custom_js":"","_kad_blocks_body_custom_js":"","_kad_blocks_footer_custom_js":"","_kad_post_transparent":"","_kad_post_title":"","_kad_post_layout":"","_kad_post_sidebar_id":"","_kad_post_content_style":"","_kad_post_vertical_padding":"","_kad_post_feature":"","_kad_post_feature_position":"","_kad_post_header":false,"_kad_post_footer":false,"_kad_post_classname":"","footnotes":""},"class_list":["post-114756","page","type-page","status-publish","hentry"],"acf":[],"yoast_head":"<!-- This site is optimized with the Yoast SEO plugin v27.2 - https:\/\/yoast.com\/product\/yoast-seo-wordpress\/ -->\n<title>Where to eat on campus | Bishop&#039;s University<\/title>\n<meta name=\"description\" content=\"Bishop\u2019s has six different food service locations across campus to fit all your needs. All of these locations are open to the public.\" \/>\n<meta name=\"robots\" content=\"index, follow, max-snippet:-1, max-image-preview:large, max-video-preview:-1\" \/>\n<link rel=\"canonical\" href=\"https:\/\/www.ubishops.ca\/fr\/habiter-sur-le-campus\/ou-manger-sur-le-campus\/\" \/>\n<meta property=\"og:locale\" content=\"fr_FR\" \/>\n<meta property=\"og:type\" content=\"article\" \/>\n<meta property=\"og:title\" content=\"Where to eat on campus | Bishop&#039;s University\" \/>\n<meta property=\"og:description\" content=\"Bishop\u2019s has six different food service locations across campus to fit all your needs. All of these locations are open to the public.\" \/>\n<meta property=\"og:url\" content=\"https:\/\/www.ubishops.ca\/fr\/habiter-sur-le-campus\/ou-manger-sur-le-campus\/\" \/>\n<meta property=\"og:site_name\" content=\"Bishop&#039;s University\" \/>\n<meta property=\"article:publisher\" content=\"https:\/\/www.facebook.com\/ubishops\" \/>\n<meta property=\"article:modified_time\" content=\"2025-05-01T19:13:14+00:00\" \/>\n<meta property=\"og:image\" content=\"https:\/\/www.ubishops.ca\/wp-content\/uploads\/dewhurst.jpg\" \/>\n\t<meta property=\"og:image:width\" content=\"750\" \/>\n\t<meta property=\"og:image:height\" content=\"750\" \/>\n\t<meta property=\"og:image:type\" content=\"image\/jpeg\" \/>\n<meta name=\"twitter:card\" content=\"summary_large_image\" \/>\n<meta name=\"twitter:site\" content=\"@ubishops\" \/>\n<meta name=\"twitter:label1\" content=\"Dur\u00e9e de lecture estim\u00e9e\" \/>\n\t<meta name=\"twitter:data1\" content=\"3 minutes\" \/>\n<script type=\"application\/ld+json\" class=\"yoast-schema-graph\">{\"@context\":\"https:\/\/schema.org\",\"@graph\":[{\"@type\":\"WebPage\",\"@id\":\"https:\/\/www.ubishops.ca\/fr\/habiter-sur-le-campus\/ou-manger-sur-le-campus\/\",\"url\":\"https:\/\/www.ubishops.ca\/fr\/habiter-sur-le-campus\/ou-manger-sur-le-campus\/\",\"name\":\"Where to eat on campus | Bishop's University\",\"isPartOf\":{\"@id\":\"https:\/\/www.ubishops.ca\/#website\"},\"primaryImageOfPage\":{\"@id\":\"https:\/\/www.ubishops.ca\/fr\/habiter-sur-le-campus\/ou-manger-sur-le-campus\/#primaryimage\"},\"image\":{\"@id\":\"https:\/\/www.ubishops.ca\/fr\/habiter-sur-le-campus\/ou-manger-sur-le-campus\/#primaryimage\"},\"thumbnailUrl\":\"https:\/\/www.ubishops.ca\/wp-content\/uploads\/dewhurst.jpg\",\"datePublished\":\"2015-12-07T19:47:14+00:00\",\"dateModified\":\"2025-05-01T19:13:14+00:00\",\"description\":\"Bishop\u2019s has six different food service locations across campus to fit all your needs. All of these locations are open to the public.\",\"breadcrumb\":{\"@id\":\"https:\/\/www.ubishops.ca\/fr\/habiter-sur-le-campus\/ou-manger-sur-le-campus\/#breadcrumb\"},\"inLanguage\":\"fr-FR\",\"potentialAction\":[{\"@type\":\"ReadAction\",\"target\":[\"https:\/\/www.ubishops.ca\/fr\/habiter-sur-le-campus\/ou-manger-sur-le-campus\/\"]}]},{\"@type\":\"ImageObject\",\"inLanguage\":\"fr-FR\",\"@id\":\"https:\/\/www.ubishops.ca\/fr\/habiter-sur-le-campus\/ou-manger-sur-le-campus\/#primaryimage\",\"url\":\"https:\/\/www.ubishops.ca\/wp-content\/uploads\/dewhurst.jpg\",\"contentUrl\":\"https:\/\/www.ubishops.ca\/wp-content\/uploads\/dewhurst.jpg\"},{\"@type\":\"BreadcrumbList\",\"@id\":\"https:\/\/www.ubishops.ca\/fr\/habiter-sur-le-campus\/ou-manger-sur-le-campus\/#breadcrumb\",\"itemListElement\":[{\"@type\":\"ListItem\",\"position\":1,\"name\":\"Accueil\",\"item\":\"https:\/\/www.ubishops.ca\/fr\/\"},{\"@type\":\"ListItem\",\"position\":2,\"name\":\"Habiter sur le campus\",\"item\":\"https:\/\/www.ubishops.ca\/fr\/habiter-sur-le-campus\/\"},{\"@type\":\"ListItem\",\"position\":3,\"name\":\"O\u00f9 manger sur le campus\"}]},{\"@type\":\"WebSite\",\"@id\":\"https:\/\/www.ubishops.ca\/#website\",\"url\":\"https:\/\/www.ubishops.ca\/\",\"name\":\"Bishop&#039;s University\",\"description\":\"\",\"potentialAction\":[{\"@type\":\"SearchAction\",\"target\":{\"@type\":\"EntryPoint\",\"urlTemplate\":\"https:\/\/www.ubishops.ca\/?s={search_term_string}\"},\"query-input\":{\"@type\":\"PropertyValueSpecification\",\"valueRequired\":true,\"valueName\":\"search_term_string\"}}],\"inLanguage\":\"fr-FR\"}]}<\/script>\n<!-- \/ Yoast SEO plugin. -->","yoast_head_json":{"title":"Where to eat on campus | Bishop's University","description":"Bishop\u2019s has six different food service locations across campus to fit all your needs. All of these locations are open to the public.","robots":{"index":"index","follow":"follow","max-snippet":"max-snippet:-1","max-image-preview":"max-image-preview:large","max-video-preview":"max-video-preview:-1"},"canonical":"https:\/\/www.ubishops.ca\/fr\/habiter-sur-le-campus\/ou-manger-sur-le-campus\/","og_locale":"fr_FR","og_type":"article","og_title":"Where to eat on campus | Bishop's University","og_description":"Bishop\u2019s has six different food service locations across campus to fit all your needs. All of these locations are open to the public.","og_url":"https:\/\/www.ubishops.ca\/fr\/habiter-sur-le-campus\/ou-manger-sur-le-campus\/","og_site_name":"Bishop&#039;s University","article_publisher":"https:\/\/www.facebook.com\/ubishops","article_modified_time":"2025-05-01T19:13:14+00:00","og_image":[{"width":750,"height":750,"url":"https:\/\/www.ubishops.ca\/wp-content\/uploads\/dewhurst.jpg","type":"image\/jpeg"}],"twitter_card":"summary_large_image","twitter_site":"@ubishops","twitter_misc":{"Dur\u00e9e de lecture estim\u00e9e":"3 minutes"},"schema":{"@context":"https:\/\/schema.org","@graph":[{"@type":"WebPage","@id":"https:\/\/www.ubishops.ca\/fr\/habiter-sur-le-campus\/ou-manger-sur-le-campus\/","url":"https:\/\/www.ubishops.ca\/fr\/habiter-sur-le-campus\/ou-manger-sur-le-campus\/","name":"Where to eat on campus | Bishop's University","isPartOf":{"@id":"https:\/\/www.ubishops.ca\/#website"},"primaryImageOfPage":{"@id":"https:\/\/www.ubishops.ca\/fr\/habiter-sur-le-campus\/ou-manger-sur-le-campus\/#primaryimage"},"image":{"@id":"https:\/\/www.ubishops.ca\/fr\/habiter-sur-le-campus\/ou-manger-sur-le-campus\/#primaryimage"},"thumbnailUrl":"https:\/\/www.ubishops.ca\/wp-content\/uploads\/dewhurst.jpg","datePublished":"2015-12-07T19:47:14+00:00","dateModified":"2025-05-01T19:13:14+00:00","description":"Bishop\u2019s has six different food service locations across campus to fit all your needs. All of these locations are open to the public.","breadcrumb":{"@id":"https:\/\/www.ubishops.ca\/fr\/habiter-sur-le-campus\/ou-manger-sur-le-campus\/#breadcrumb"},"inLanguage":"fr-FR","potentialAction":[{"@type":"ReadAction","target":["https:\/\/www.ubishops.ca\/fr\/habiter-sur-le-campus\/ou-manger-sur-le-campus\/"]}]},{"@type":"ImageObject","inLanguage":"fr-FR","@id":"https:\/\/www.ubishops.ca\/fr\/habiter-sur-le-campus\/ou-manger-sur-le-campus\/#primaryimage","url":"https:\/\/www.ubishops.ca\/wp-content\/uploads\/dewhurst.jpg","contentUrl":"https:\/\/www.ubishops.ca\/wp-content\/uploads\/dewhurst.jpg"},{"@type":"BreadcrumbList","@id":"https:\/\/www.ubishops.ca\/fr\/habiter-sur-le-campus\/ou-manger-sur-le-campus\/#breadcrumb","itemListElement":[{"@type":"ListItem","position":1,"name":"Accueil","item":"https:\/\/www.ubishops.ca\/fr\/"},{"@type":"ListItem","position":2,"name":"Habiter sur le campus","item":"https:\/\/www.ubishops.ca\/fr\/habiter-sur-le-campus\/"},{"@type":"ListItem","position":3,"name":"O\u00f9 manger sur le campus"}]},{"@type":"WebSite","@id":"https:\/\/www.ubishops.ca\/#website","url":"https:\/\/www.ubishops.ca\/","name":"Bishop&#039;s University","description":"","potentialAction":[{"@type":"SearchAction","target":{"@type":"EntryPoint","urlTemplate":"https:\/\/www.ubishops.ca\/?s={search_term_string}"},"query-input":{"@type":"PropertyValueSpecification","valueRequired":true,"valueName":"search_term_string"}}],"inLanguage":"fr-FR"}]}},"taxonomy_info":[],"featured_image_src_large":false,"author_info":{"display_name":"Julie Fradette","author_link":"https:\/\/www.ubishops.ca\/fr\/author\/jfradett\/"},"comment_info":0,"publishpress_future_action":{"enabled":false,"date":"2026-04-15 11:19:24","action":"change-status","newStatus":"draft","terms":[],"taxonomy":"translation_priority","extraData":[]},"publishpress_future_workflow_manual_trigger":{"enabledWorkflows":[]},"_links":{"self":[{"href":"https:\/\/www.ubishops.ca\/fr\/wp-json\/wp\/v2\/pages\/114756","targetHints":{"allow":["GET"]}}],"collection":[{"href":"https:\/\/www.ubishops.ca\/fr\/wp-json\/wp\/v2\/pages"}],"about":[{"href":"https:\/\/www.ubishops.ca\/fr\/wp-json\/wp\/v2\/types\/page"}],"author":[{"embeddable":true,"href":"https:\/\/www.ubishops.ca\/fr\/wp-json\/wp\/v2\/users\/49"}],"replies":[{"embeddable":true,"href":"https:\/\/www.ubishops.ca\/fr\/wp-json\/wp\/v2\/comments?post=114756"}],"version-history":[{"count":1,"href":"https:\/\/www.ubishops.ca\/fr\/wp-json\/wp\/v2\/pages\/114756\/revisions"}],"predecessor-version":[{"id":123543,"href":"https:\/\/www.ubishops.ca\/fr\/wp-json\/wp\/v2\/pages\/114756\/revisions\/123543"}],"up":[{"embeddable":true,"href":"https:\/\/www.ubishops.ca\/fr\/wp-json\/wp\/v2\/pages\/114547"}],"wp:attachment":[{"href":"https:\/\/www.ubishops.ca\/fr\/wp-json\/wp\/v2\/media?parent=114756"}],"curies":[{"name":"wp","href":"https:\/\/api.w.org\/{rel}","templated":true}]}}