{"id":114737,"date":"2015-11-30T15:39:27","date_gmt":"2015-11-30T20:39:27","guid":{"rendered":"https:\/\/www.ubishops.ca\/habiter-sur-le-campus\/pavillons-de-residence\/paterson\/"},"modified":"2025-06-12T13:45:36","modified_gmt":"2025-06-12T17:45:36","slug":"paterson","status":"publish","type":"page","link":"https:\/\/www.ubishops.ca\/fr\/habiter-sur-le-campus\/pavillons-de-residence\/paterson\/","title":{"rendered":"Paterson"},"content":{"rendered":"\n<p>Bienvenue au pavillon Paterson!<\/p>\n\n\n\n<p>Ce pavillon accueille les bureaux des services aux r\u00e9sidences et des services de conf\u00e9rence. Il se distingue des autres pavillons de r\u00e9sidence puisqu\u2019il est le seul sur le campus \u00e0 offrir des chambres de style appartement.<\/p>\n\n\n\n<p>Chacun de ces appartements comporte quatre\u202fchambres individuelles, une aire commune, une cuisine et deux\u202fsalles de bain.<\/p>\n\n\n\n<div style=\"height:30px\" aria-hidden=\"true\" class=\"wp-block-spacer\"><\/div>\n\n\n\n<h2 class=\"wp-block-heading\">Paterson en photos<\/h2>\n\n\n\n<h3 class=\"wp-block-heading\">Cuisine d&rsquo;un appartement<\/h3>\n\n\n\n<figure class=\"wp-block-image size-full\"><img decoding=\"async\" width=\"800\" height=\"400\" src=\"https:\/\/www.ubishops.ca\/wp-content\/uploads\/PATTERSON_LivingEmpty.jpg\" alt=\"\" class=\"wp-image-101351\" srcset=\"https:\/\/www.ubishops.ca\/wp-content\/uploads\/PATTERSON_LivingEmpty.jpg 800w, https:\/\/www.ubishops.ca\/wp-content\/uploads\/PATTERSON_LivingEmpty-300x150.jpg 300w, https:\/\/www.ubishops.ca\/wp-content\/uploads\/PATTERSON_LivingEmpty-150x75.jpg 150w, https:\/\/www.ubishops.ca\/wp-content\/uploads\/PATTERSON_LivingEmpty-768x384.jpg 768w\" sizes=\"(max-width: 800px) 100vw, 800px\" \/><\/figure>\n\n\n\n<div style=\"height:30px\" aria-hidden=\"true\" class=\"wp-block-spacer\"><\/div>\n\n\n\n<h3 class=\"wp-block-heading\">Chambres avec lit simple ou lit double<\/h3>\n\n\n\n<figure class=\"wp-block-gallery has-nested-images columns-default is-cropped wp-block-gallery-1 is-layout-flex wp-block-gallery-is-layout-flex\">\n<figure class=\"wp-block-image size-large\"><img decoding=\"async\" width=\"400\" height=\"601\" data-id=\"101353\" src=\"https:\/\/www.ubishops.ca\/wp-content\/uploads\/PATTERSON_SimpleRoom.jpg\" alt=\"\" class=\"wp-image-101353\" srcset=\"https:\/\/www.ubishops.ca\/wp-content\/uploads\/PATTERSON_SimpleRoom.jpg 400w, https:\/\/www.ubishops.ca\/wp-content\/uploads\/PATTERSON_SimpleRoom-200x300.jpg 200w, https:\/\/www.ubishops.ca\/wp-content\/uploads\/PATTERSON_SimpleRoom-100x150.jpg 100w\" sizes=\"(max-width: 400px) 100vw, 400px\" \/><\/figure>\n\n\n\n<figure class=\"wp-block-image size-large\"><img decoding=\"async\" width=\"400\" height=\"601\" data-id=\"101355\" src=\"https:\/\/www.ubishops.ca\/wp-content\/uploads\/PATTERSON_DoubleRoom.jpg\" alt=\"\" class=\"wp-image-101355\" srcset=\"https:\/\/www.ubishops.ca\/wp-content\/uploads\/PATTERSON_DoubleRoom.jpg 400w, https:\/\/www.ubishops.ca\/wp-content\/uploads\/PATTERSON_DoubleRoom-200x300.jpg 200w, https:\/\/www.ubishops.ca\/wp-content\/uploads\/PATTERSON_DoubleRoom-100x150.jpg 100w\" sizes=\"(max-width: 400px) 100vw, 400px\" \/><\/figure>\n<\/figure>\n\n\n\n<div style=\"height:30px\" aria-hidden=\"true\" class=\"wp-block-spacer\"><\/div>\n\n\n\n<h2 class=\"wp-block-heading\">Plans de chambre et d\u2019\u00e9tage<\/h2>\n\n\n\n<h3 class=\"wp-block-heading\">Plans d\u2019appartement<\/h3>\n\n\n\n<figure class=\"wp-block-image size-large\"><img decoding=\"async\" width=\"1024\" height=\"791\" src=\"https:\/\/www.ubishops.ca\/wp-content\/uploads\/Suite-type-Paterson-2016_page-0001-1024x791.jpg\" alt=\"\" class=\"wp-image-112740\" srcset=\"https:\/\/www.ubishops.ca\/wp-content\/uploads\/Suite-type-Paterson-2016_page-0001-1024x791.jpg 1024w, https:\/\/www.ubishops.ca\/wp-content\/uploads\/Suite-type-Paterson-2016_page-0001-300x232.jpg 300w, https:\/\/www.ubishops.ca\/wp-content\/uploads\/Suite-type-Paterson-2016_page-0001-150x116.jpg 150w, https:\/\/www.ubishops.ca\/wp-content\/uploads\/Suite-type-Paterson-2016_page-0001-768x593.jpg 768w, https:\/\/www.ubishops.ca\/wp-content\/uploads\/Suite-type-Paterson-2016_page-0001-1536x1187.jpg 1536w, https:\/\/www.ubishops.ca\/wp-content\/uploads\/Suite-type-Paterson-2016_page-0001.jpg 1650w\" sizes=\"(max-width: 1024px) 100vw, 1024px\" \/><\/figure>\n\n\n\n<div style=\"height:30px\" aria-hidden=\"true\" class=\"wp-block-spacer\"><\/div>\n\n\n\n<h2 class=\"wp-block-heading\">Assistants en r\u00e9sidence et coordonnateurs<\/h2>\n\n\n\n<p>Une \u00e9quipe compos\u00e9e de tes pairs qui habitent dans ton pavillon existe pour faciliter ton exp\u00e9rience d\u2019habitation sur le campus et la rendre exceptionnelle.<\/p>\n\n\n\n<p>Ils peuvent t\u2019aider de nombreuses fa\u00e7ons\u202f: administrer les premiers soins, planifier des activit\u00e9s de d\u00e9veloppement de l\u2019esprit de communaut\u00e9, offrir un espace s\u00fbr et confidentiel, et plus. Quels que soient tes besoins, ils sont l\u00e0 pour toi.<\/p>\n\n\n\n<div class=\"wp-block-buttons is-layout-flex wp-block-buttons-is-layout-flex\">\n<div class=\"wp-block-button is-style-fill\"><a class=\"wp-block-button__link has-white-color has-purple-background-color has-text-color has-background has-link-color wp-element-button\" href=\"https:\/\/www.ubishops.ca\/living-on-campus\/residence-life-program\/\">D\u00e9couvre la vie en r\u00e9sidence<\/a><\/div>\n<\/div>\n","protected":false},"excerpt":{"rendered":"<p>Bienvenue au pavillon Paterson! Ce pavillon accueille les bureaux des services aux r\u00e9sidences et des services de conf\u00e9rence. Il se distingue des autres pavillons de r\u00e9sidence puisqu\u2019il est le seul sur le campus \u00e0 offrir des chambres de style appartement. Chacun de ces appartements comporte quatre\u202fchambres individuelles, une aire commune, une cuisine et deux\u202fsalles de&#8230;<\/p>\n","protected":false},"author":49,"featured_media":0,"parent":114558,"menu_order":275,"comment_status":"closed","ping_status":"closed","template":"","meta":{"_acf_changed":false,"_cbd_carousel_blocks":"[]","_kad_blocks_custom_css":"","_kad_blocks_head_custom_js":"","_kad_blocks_body_custom_js":"","_kad_blocks_footer_custom_js":"","_kad_post_transparent":"","_kad_post_title":"","_kad_post_layout":"","_kad_post_sidebar_id":"","_kad_post_content_style":"","_kad_post_vertical_padding":"","_kad_post_feature":"","_kad_post_feature_position":"","_kad_post_header":false,"_kad_post_footer":false,"_kad_post_classname":"","footnotes":""},"class_list":["post-114737","page","type-page","status-publish","hentry"],"acf":[],"yoast_head":"<!-- This site is optimized with the Yoast SEO plugin v27.2 - https:\/\/yoast.com\/product\/yoast-seo-wordpress\/ -->\n<title>Paterson - Bishop&#039;s University<\/title>\n<meta name=\"robots\" content=\"index, follow, max-snippet:-1, max-image-preview:large, max-video-preview:-1\" \/>\n<link rel=\"canonical\" href=\"https:\/\/www.ubishops.ca\/fr\/habiter-sur-le-campus\/pavillons-de-residence\/paterson\/\" \/>\n<meta property=\"og:locale\" content=\"fr_FR\" \/>\n<meta property=\"og:type\" content=\"article\" \/>\n<meta property=\"og:title\" content=\"Paterson - Bishop&#039;s University\" \/>\n<meta property=\"og:description\" content=\"Bienvenue au pavillon Paterson! Ce pavillon accueille les bureaux des services aux r\u00e9sidences et des services de conf\u00e9rence. Il se distingue des autres pavillons de r\u00e9sidence puisqu\u2019il est le seul sur le campus \u00e0 offrir des chambres de style appartement. Chacun de ces appartements comporte quatre\u202fchambres individuelles, une aire commune, une cuisine et deux\u202fsalles de...\" \/>\n<meta property=\"og:url\" content=\"https:\/\/www.ubishops.ca\/fr\/habiter-sur-le-campus\/pavillons-de-residence\/paterson\/\" \/>\n<meta property=\"og:site_name\" content=\"Bishop&#039;s University\" \/>\n<meta property=\"article:publisher\" content=\"https:\/\/www.facebook.com\/ubishops\" \/>\n<meta property=\"article:modified_time\" content=\"2025-06-12T17:45:36+00:00\" \/>\n<meta property=\"og:image\" content=\"https:\/\/www.ubishops.ca\/wp-content\/uploads\/PATTERSON_LivingEmpty.jpg\" \/>\n\t<meta property=\"og:image:width\" content=\"800\" \/>\n\t<meta property=\"og:image:height\" content=\"400\" \/>\n\t<meta property=\"og:image:type\" content=\"image\/jpeg\" \/>\n<meta name=\"twitter:card\" content=\"summary_large_image\" \/>\n<meta name=\"twitter:site\" content=\"@ubishops\" \/>\n<meta name=\"twitter:label1\" content=\"Dur\u00e9e de lecture estim\u00e9e\" \/>\n\t<meta name=\"twitter:data1\" content=\"5 minutes\" \/>\n<script type=\"application\/ld+json\" class=\"yoast-schema-graph\">{\"@context\":\"https:\/\/schema.org\",\"@graph\":[{\"@type\":\"WebPage\",\"@id\":\"https:\/\/www.ubishops.ca\/fr\/habiter-sur-le-campus\/pavillons-de-residence\/paterson\/\",\"url\":\"https:\/\/www.ubishops.ca\/fr\/habiter-sur-le-campus\/pavillons-de-residence\/paterson\/\",\"name\":\"Paterson - Bishop&#039;s University\",\"isPartOf\":{\"@id\":\"https:\/\/www.ubishops.ca\/#website\"},\"primaryImageOfPage\":{\"@id\":\"https:\/\/www.ubishops.ca\/fr\/habiter-sur-le-campus\/pavillons-de-residence\/paterson\/#primaryimage\"},\"image\":{\"@id\":\"https:\/\/www.ubishops.ca\/fr\/habiter-sur-le-campus\/pavillons-de-residence\/paterson\/#primaryimage\"},\"thumbnailUrl\":\"https:\/\/www.ubishops.ca\/wp-content\/uploads\/PATTERSON_LivingEmpty.jpg\",\"datePublished\":\"2015-11-30T20:39:27+00:00\",\"dateModified\":\"2025-06-12T17:45:36+00:00\",\"breadcrumb\":{\"@id\":\"https:\/\/www.ubishops.ca\/fr\/habiter-sur-le-campus\/pavillons-de-residence\/paterson\/#breadcrumb\"},\"inLanguage\":\"fr-FR\",\"potentialAction\":[{\"@type\":\"ReadAction\",\"target\":[\"https:\/\/www.ubishops.ca\/fr\/habiter-sur-le-campus\/pavillons-de-residence\/paterson\/\"]}]},{\"@type\":\"ImageObject\",\"inLanguage\":\"fr-FR\",\"@id\":\"https:\/\/www.ubishops.ca\/fr\/habiter-sur-le-campus\/pavillons-de-residence\/paterson\/#primaryimage\",\"url\":\"https:\/\/www.ubishops.ca\/wp-content\/uploads\/PATTERSON_LivingEmpty.jpg\",\"contentUrl\":\"https:\/\/www.ubishops.ca\/wp-content\/uploads\/PATTERSON_LivingEmpty.jpg\"},{\"@type\":\"BreadcrumbList\",\"@id\":\"https:\/\/www.ubishops.ca\/fr\/habiter-sur-le-campus\/pavillons-de-residence\/paterson\/#breadcrumb\",\"itemListElement\":[{\"@type\":\"ListItem\",\"position\":1,\"name\":\"Accueil\",\"item\":\"https:\/\/www.ubishops.ca\/fr\/\"},{\"@type\":\"ListItem\",\"position\":2,\"name\":\"Habiter sur le campus\",\"item\":\"https:\/\/www.ubishops.ca\/fr\/habiter-sur-le-campus\/\"},{\"@type\":\"ListItem\",\"position\":3,\"name\":\"Pavillons de r\u00e9sidence\",\"item\":\"https:\/\/www.ubishops.ca\/fr\/habiter-sur-le-campus\/pavillons-de-residence\/\"},{\"@type\":\"ListItem\",\"position\":4,\"name\":\"Paterson\"}]},{\"@type\":\"WebSite\",\"@id\":\"https:\/\/www.ubishops.ca\/#website\",\"url\":\"https:\/\/www.ubishops.ca\/\",\"name\":\"Bishop&#039;s University\",\"description\":\"\",\"potentialAction\":[{\"@type\":\"SearchAction\",\"target\":{\"@type\":\"EntryPoint\",\"urlTemplate\":\"https:\/\/www.ubishops.ca\/?s={search_term_string}\"},\"query-input\":{\"@type\":\"PropertyValueSpecification\",\"valueRequired\":true,\"valueName\":\"search_term_string\"}}],\"inLanguage\":\"fr-FR\"}]}<\/script>\n<!-- \/ Yoast SEO plugin. -->","yoast_head_json":{"title":"Paterson - Bishop&#039;s University","robots":{"index":"index","follow":"follow","max-snippet":"max-snippet:-1","max-image-preview":"max-image-preview:large","max-video-preview":"max-video-preview:-1"},"canonical":"https:\/\/www.ubishops.ca\/fr\/habiter-sur-le-campus\/pavillons-de-residence\/paterson\/","og_locale":"fr_FR","og_type":"article","og_title":"Paterson - Bishop&#039;s University","og_description":"Bienvenue au pavillon Paterson! Ce pavillon accueille les bureaux des services aux r\u00e9sidences et des services de conf\u00e9rence. Il se distingue des autres pavillons de r\u00e9sidence puisqu\u2019il est le seul sur le campus \u00e0 offrir des chambres de style appartement. Chacun de ces appartements comporte quatre\u202fchambres individuelles, une aire commune, une cuisine et deux\u202fsalles de...","og_url":"https:\/\/www.ubishops.ca\/fr\/habiter-sur-le-campus\/pavillons-de-residence\/paterson\/","og_site_name":"Bishop&#039;s University","article_publisher":"https:\/\/www.facebook.com\/ubishops","article_modified_time":"2025-06-12T17:45:36+00:00","og_image":[{"width":800,"height":400,"url":"https:\/\/www.ubishops.ca\/wp-content\/uploads\/PATTERSON_LivingEmpty.jpg","type":"image\/jpeg"}],"twitter_card":"summary_large_image","twitter_site":"@ubishops","twitter_misc":{"Dur\u00e9e de lecture estim\u00e9e":"5 minutes"},"schema":{"@context":"https:\/\/schema.org","@graph":[{"@type":"WebPage","@id":"https:\/\/www.ubishops.ca\/fr\/habiter-sur-le-campus\/pavillons-de-residence\/paterson\/","url":"https:\/\/www.ubishops.ca\/fr\/habiter-sur-le-campus\/pavillons-de-residence\/paterson\/","name":"Paterson - Bishop&#039;s University","isPartOf":{"@id":"https:\/\/www.ubishops.ca\/#website"},"primaryImageOfPage":{"@id":"https:\/\/www.ubishops.ca\/fr\/habiter-sur-le-campus\/pavillons-de-residence\/paterson\/#primaryimage"},"image":{"@id":"https:\/\/www.ubishops.ca\/fr\/habiter-sur-le-campus\/pavillons-de-residence\/paterson\/#primaryimage"},"thumbnailUrl":"https:\/\/www.ubishops.ca\/wp-content\/uploads\/PATTERSON_LivingEmpty.jpg","datePublished":"2015-11-30T20:39:27+00:00","dateModified":"2025-06-12T17:45:36+00:00","breadcrumb":{"@id":"https:\/\/www.ubishops.ca\/fr\/habiter-sur-le-campus\/pavillons-de-residence\/paterson\/#breadcrumb"},"inLanguage":"fr-FR","potentialAction":[{"@type":"ReadAction","target":["https:\/\/www.ubishops.ca\/fr\/habiter-sur-le-campus\/pavillons-de-residence\/paterson\/"]}]},{"@type":"ImageObject","inLanguage":"fr-FR","@id":"https:\/\/www.ubishops.ca\/fr\/habiter-sur-le-campus\/pavillons-de-residence\/paterson\/#primaryimage","url":"https:\/\/www.ubishops.ca\/wp-content\/uploads\/PATTERSON_LivingEmpty.jpg","contentUrl":"https:\/\/www.ubishops.ca\/wp-content\/uploads\/PATTERSON_LivingEmpty.jpg"},{"@type":"BreadcrumbList","@id":"https:\/\/www.ubishops.ca\/fr\/habiter-sur-le-campus\/pavillons-de-residence\/paterson\/#breadcrumb","itemListElement":[{"@type":"ListItem","position":1,"name":"Accueil","item":"https:\/\/www.ubishops.ca\/fr\/"},{"@type":"ListItem","position":2,"name":"Habiter sur le campus","item":"https:\/\/www.ubishops.ca\/fr\/habiter-sur-le-campus\/"},{"@type":"ListItem","position":3,"name":"Pavillons de r\u00e9sidence","item":"https:\/\/www.ubishops.ca\/fr\/habiter-sur-le-campus\/pavillons-de-residence\/"},{"@type":"ListItem","position":4,"name":"Paterson"}]},{"@type":"WebSite","@id":"https:\/\/www.ubishops.ca\/#website","url":"https:\/\/www.ubishops.ca\/","name":"Bishop&#039;s University","description":"","potentialAction":[{"@type":"SearchAction","target":{"@type":"EntryPoint","urlTemplate":"https:\/\/www.ubishops.ca\/?s={search_term_string}"},"query-input":{"@type":"PropertyValueSpecification","valueRequired":true,"valueName":"search_term_string"}}],"inLanguage":"fr-FR"}]}},"taxonomy_info":[],"featured_image_src_large":false,"author_info":{"display_name":"Julie Fradette","author_link":"https:\/\/www.ubishops.ca\/fr\/author\/jfradett\/"},"comment_info":0,"publishpress_future_action":{"enabled":false,"date":"2026-04-15 14:55:05","action":"change-status","newStatus":"draft","terms":[],"taxonomy":"translation_priority","extraData":[]},"publishpress_future_workflow_manual_trigger":{"enabledWorkflows":[]},"_links":{"self":[{"href":"https:\/\/www.ubishops.ca\/fr\/wp-json\/wp\/v2\/pages\/114737","targetHints":{"allow":["GET"]}}],"collection":[{"href":"https:\/\/www.ubishops.ca\/fr\/wp-json\/wp\/v2\/pages"}],"about":[{"href":"https:\/\/www.ubishops.ca\/fr\/wp-json\/wp\/v2\/types\/page"}],"author":[{"embeddable":true,"href":"https:\/\/www.ubishops.ca\/fr\/wp-json\/wp\/v2\/users\/49"}],"replies":[{"embeddable":true,"href":"https:\/\/www.ubishops.ca\/fr\/wp-json\/wp\/v2\/comments?post=114737"}],"version-history":[{"count":1,"href":"https:\/\/www.ubishops.ca\/fr\/wp-json\/wp\/v2\/pages\/114737\/revisions"}],"predecessor-version":[{"id":125083,"href":"https:\/\/www.ubishops.ca\/fr\/wp-json\/wp\/v2\/pages\/114737\/revisions\/125083"}],"up":[{"embeddable":true,"href":"https:\/\/www.ubishops.ca\/fr\/wp-json\/wp\/v2\/pages\/114558"}],"wp:attachment":[{"href":"https:\/\/www.ubishops.ca\/fr\/wp-json\/wp\/v2\/media?parent=114737"}],"curies":[{"name":"wp","href":"https:\/\/api.w.org\/{rel}","templated":true}]}}