{"id":114729,"date":"2015-11-30T14:48:49","date_gmt":"2015-11-30T19:48:49","guid":{"rendered":"https:\/\/www.ubishops.ca\/habiter-sur-le-campus\/pavillons-de-residence\/norton-bandeen-pollack\/"},"modified":"2024-12-04T13:28:58","modified_gmt":"2024-12-04T18:28:58","slug":"norton-bandeen-pollack","status":"publish","type":"page","link":"https:\/\/www.ubishops.ca\/fr\/habiter-sur-le-campus\/pavillons-de-residence\/norton-bandeen-pollack\/","title":{"rendered":"Bandeen et Pollack"},"content":{"rendered":"\n<p>Bienvenue dans les pavillons Bandeen et Pollack!<\/p>\n\n\n\n<p>Depuis 1950, ces r\u00e9sidences ont accueilli certains des esprits les plus brillants et l\u00e9gendaires de Bishop\u2019s. Ces trois pavillons connect\u00e9s ont vu sur le \u00ab\u202fQuad\u202f\u00bb et ils sont les plus pr\u00e8s du centre du campus et de la majorit\u00e9 des \u00e9difices o\u00f9 les cours sont donn\u00e9s.<\/p>\n\n\n\n<div style=\"height:30px\" aria-hidden=\"true\" class=\"wp-block-spacer\"><\/div>\n\n\n\n<h2 class=\"wp-block-heading\">Bandeen et Pollack en photos<\/h2>\n\n\n\n<figure class=\"wp-block-image size-full\"><img decoding=\"async\" width=\"2560\" height=\"1709\" src=\"https:\/\/www.ubishops.ca\/wp-content\/uploads\/NOPO-Common1-scaled.jpg\" alt=\"\" class=\"wp-image-112520\" srcset=\"https:\/\/www.ubishops.ca\/wp-content\/uploads\/NOPO-Common1-scaled.jpg 2560w, https:\/\/www.ubishops.ca\/wp-content\/uploads\/NOPO-Common1-300x200.jpg 300w, https:\/\/www.ubishops.ca\/wp-content\/uploads\/NOPO-Common1-1024x684.jpg 1024w, https:\/\/www.ubishops.ca\/wp-content\/uploads\/NOPO-Common1-150x100.jpg 150w, https:\/\/www.ubishops.ca\/wp-content\/uploads\/NOPO-Common1-768x513.jpg 768w, https:\/\/www.ubishops.ca\/wp-content\/uploads\/NOPO-Common1-1536x1025.jpg 1536w, https:\/\/www.ubishops.ca\/wp-content\/uploads\/NOPO-Common1-2048x1367.jpg 2048w\" sizes=\"(max-width: 2560px) 100vw, 2560px\" \/><\/figure>\n\n\n\n<figure class=\"wp-block-image size-full\"><img decoding=\"async\" width=\"2560\" height=\"1709\" src=\"https:\/\/www.ubishops.ca\/wp-content\/uploads\/NOPO-Common-Basement-scaled.jpg\" alt=\"\" class=\"wp-image-112526\" srcset=\"https:\/\/www.ubishops.ca\/wp-content\/uploads\/NOPO-Common-Basement-scaled.jpg 2560w, https:\/\/www.ubishops.ca\/wp-content\/uploads\/NOPO-Common-Basement-300x200.jpg 300w, https:\/\/www.ubishops.ca\/wp-content\/uploads\/NOPO-Common-Basement-1024x684.jpg 1024w, https:\/\/www.ubishops.ca\/wp-content\/uploads\/NOPO-Common-Basement-150x100.jpg 150w, https:\/\/www.ubishops.ca\/wp-content\/uploads\/NOPO-Common-Basement-768x513.jpg 768w, https:\/\/www.ubishops.ca\/wp-content\/uploads\/NOPO-Common-Basement-1536x1025.jpg 1536w, https:\/\/www.ubishops.ca\/wp-content\/uploads\/NOPO-Common-Basement-2048x1367.jpg 2048w\" sizes=\"(max-width: 2560px) 100vw, 2560px\" \/><\/figure>\n\n\n\n<div style=\"height:30px\" aria-hidden=\"true\" class=\"wp-block-spacer\"><\/div>\n\n\n\n<h2 class=\"wp-block-heading\">Chambres des pavillons Bandeen et Pollack<\/h2>\n\n\n\n<div style=\"height:20px\" aria-hidden=\"true\" class=\"wp-block-spacer\"><\/div>\n\n\n\n<h3 class=\"wp-block-heading\">Chambre \u00e0 occupation double<\/h3>\n\n\n\n<div style=\"height:15px\" aria-hidden=\"true\" class=\"wp-block-spacer\"><\/div>\n\n\n\n<figure class=\"wp-block-image size-large\"><img decoding=\"async\" width=\"1024\" height=\"684\" src=\"https:\/\/www.ubishops.ca\/wp-content\/uploads\/NOPO-Shared-Room-1024x684.jpg\" alt=\"\" class=\"wp-image-112532\" srcset=\"https:\/\/www.ubishops.ca\/wp-content\/uploads\/NOPO-Shared-Room-1024x684.jpg 1024w, https:\/\/www.ubishops.ca\/wp-content\/uploads\/NOPO-Shared-Room-300x200.jpg 300w, https:\/\/www.ubishops.ca\/wp-content\/uploads\/NOPO-Shared-Room-150x100.jpg 150w, https:\/\/www.ubishops.ca\/wp-content\/uploads\/NOPO-Shared-Room-768x513.jpg 768w, https:\/\/www.ubishops.ca\/wp-content\/uploads\/NOPO-Shared-Room-1536x1025.jpg 1536w, https:\/\/www.ubishops.ca\/wp-content\/uploads\/NOPO-Shared-Room-2048x1367.jpg 2048w\" sizes=\"(max-width: 1024px) 100vw, 1024px\" \/><\/figure>\n\n\n\n<figure class=\"wp-block-image size-large\"><img decoding=\"async\" width=\"1024\" height=\"684\" src=\"https:\/\/www.ubishops.ca\/wp-content\/uploads\/NOPO-Shared-Room2-1024x684.jpg\" alt=\"\" class=\"wp-image-112534\" srcset=\"https:\/\/www.ubishops.ca\/wp-content\/uploads\/NOPO-Shared-Room2-1024x684.jpg 1024w, https:\/\/www.ubishops.ca\/wp-content\/uploads\/NOPO-Shared-Room2-300x200.jpg 300w, https:\/\/www.ubishops.ca\/wp-content\/uploads\/NOPO-Shared-Room2-150x100.jpg 150w, https:\/\/www.ubishops.ca\/wp-content\/uploads\/NOPO-Shared-Room2-768x513.jpg 768w, https:\/\/www.ubishops.ca\/wp-content\/uploads\/NOPO-Shared-Room2-1536x1025.jpg 1536w, https:\/\/www.ubishops.ca\/wp-content\/uploads\/NOPO-Shared-Room2-2048x1367.jpg 2048w\" sizes=\"(max-width: 1024px) 100vw, 1024px\" \/><\/figure>\n\n\n\n<div style=\"height:30px\" aria-hidden=\"true\" class=\"wp-block-spacer\"><\/div>\n\n\n\n<h3 class=\"wp-block-heading\">Plans d\u2019\u00e9tage<\/h3>\n\n\n\n<figure class=\"wp-block-image size-large\"><img decoding=\"async\" width=\"955\" height=\"1024\" src=\"https:\/\/www.ubishops.ca\/wp-content\/uploads\/Bandeen-Pollack-Room-Floor-Plan-FR-1000px-955x1024.jpg\" alt=\"Plan de chambre; une chambre simple (10,5 m\u00b2) et une chambre double (16 m\u00b2), montrant les lits, les portes, les placards et les fen\u00eatres.\" class=\"wp-image-117763\" srcset=\"https:\/\/www.ubishops.ca\/wp-content\/uploads\/Bandeen-Pollack-Room-Floor-Plan-FR-1000px-955x1024.jpg 955w, https:\/\/www.ubishops.ca\/wp-content\/uploads\/Bandeen-Pollack-Room-Floor-Plan-FR-1000px-280x300.jpg 280w, https:\/\/www.ubishops.ca\/wp-content\/uploads\/Bandeen-Pollack-Room-Floor-Plan-FR-1000px-140x150.jpg 140w, https:\/\/www.ubishops.ca\/wp-content\/uploads\/Bandeen-Pollack-Room-Floor-Plan-FR-1000px-768x823.jpg 768w, https:\/\/www.ubishops.ca\/wp-content\/uploads\/Bandeen-Pollack-Room-Floor-Plan-FR-1000px.jpg 1000w\" sizes=\"(max-width: 955px) 100vw, 955px\" \/><\/figure>\n\n\n\n<div style=\"height:20px\" aria-hidden=\"true\" class=\"wp-block-spacer\"><\/div>\n\n\n\n<h2 class=\"wp-block-heading\">Assistants en residence et coordonnateurs<\/h2>\n\n\n\n<p>Une \u00e9quipe compos\u00e9e de tes pairs qui habitent dans ton pavillon existe pour faciliter ton exp\u00e9rience d\u2019habitation sur le campus et la rendre exceptionnelle.<\/p>\n\n\n\n<p>Ils peuvent t\u2019aider de nombreuses fa\u00e7ons\u202f: administrer les premiers soins, planifier des activit\u00e9s de d\u00e9veloppement de l\u2019esprit de communaut\u00e9, offrir un espace s\u00fbr et confidentiel, et plus. Quels que soient tes besoins, ils sont l\u00e0 pour toi.<\/p>\n\n\n\n<div class=\"wp-block-buttons is-layout-flex wp-block-buttons-is-layout-flex\">\n<div class=\"wp-block-button is-style-fill\"><a class=\"wp-block-button__link has-white-color has-purple-background-color has-text-color has-background has-link-color wp-element-button\" href=\"https:\/\/www.ubishops.ca\/living-on-campus\/residence-life-program\/\">D\u00e9couvre la vie en r\u00e9sidence<\/a><\/div>\n<\/div>\n","protected":false},"excerpt":{"rendered":"<p>Bienvenue dans les pavillons Bandeen et Pollack! Depuis 1950, ces r\u00e9sidences ont accueilli certains des esprits les plus brillants et l\u00e9gendaires de Bishop\u2019s. Ces trois pavillons connect\u00e9s ont vu sur le \u00ab\u202fQuad\u202f\u00bb et ils sont les plus pr\u00e8s du centre du campus et de la majorit\u00e9 des \u00e9difices o\u00f9 les cours sont donn\u00e9s. Bandeen et&#8230;<\/p>\n","protected":false},"author":49,"featured_media":0,"parent":114558,"menu_order":251,"comment_status":"closed","ping_status":"closed","template":"templates\/page-width-sidebar.php","meta":{"_acf_changed":false,"_cbd_carousel_blocks":"[]","_kad_blocks_custom_css":"","_kad_blocks_head_custom_js":"","_kad_blocks_body_custom_js":"","_kad_blocks_footer_custom_js":"","_kad_post_transparent":"","_kad_post_title":"","_kad_post_layout":"","_kad_post_sidebar_id":"","_kad_post_content_style":"","_kad_post_vertical_padding":"","_kad_post_feature":"","_kad_post_feature_position":"","_kad_post_header":false,"_kad_post_footer":false,"_kad_post_classname":"","footnotes":""},"class_list":["post-114729","page","type-page","status-publish","hentry"],"acf":[],"yoast_head":"<!-- This site is optimized with the Yoast SEO plugin v27.2 - https:\/\/yoast.com\/product\/yoast-seo-wordpress\/ -->\n<title>Bandeen et Pollack - Bishop&#039;s University<\/title>\n<meta name=\"robots\" content=\"index, follow, max-snippet:-1, max-image-preview:large, max-video-preview:-1\" \/>\n<link rel=\"canonical\" href=\"https:\/\/www.ubishops.ca\/fr\/habiter-sur-le-campus\/pavillons-de-residence\/norton-bandeen-pollack\/\" \/>\n<meta property=\"og:locale\" content=\"fr_FR\" \/>\n<meta property=\"og:type\" content=\"article\" \/>\n<meta property=\"og:title\" content=\"Bandeen et Pollack - Bishop&#039;s University\" \/>\n<meta property=\"og:description\" content=\"Bienvenue dans les pavillons Bandeen et Pollack! Depuis 1950, ces r\u00e9sidences ont accueilli certains des esprits les plus brillants et l\u00e9gendaires de Bishop\u2019s. Ces trois pavillons connect\u00e9s ont vu sur le \u00ab\u202fQuad\u202f\u00bb et ils sont les plus pr\u00e8s du centre du campus et de la majorit\u00e9 des \u00e9difices o\u00f9 les cours sont donn\u00e9s. Bandeen et...\" \/>\n<meta property=\"og:url\" content=\"https:\/\/www.ubishops.ca\/fr\/habiter-sur-le-campus\/pavillons-de-residence\/norton-bandeen-pollack\/\" \/>\n<meta property=\"og:site_name\" content=\"Bishop&#039;s University\" \/>\n<meta property=\"article:publisher\" content=\"https:\/\/www.facebook.com\/ubishops\" \/>\n<meta property=\"article:modified_time\" content=\"2024-12-04T18:28:58+00:00\" \/>\n<meta property=\"og:image\" content=\"https:\/\/www.ubishops.ca\/wp-content\/uploads\/NOPO-Common1-scaled.jpg\" \/>\n<meta name=\"twitter:card\" content=\"summary_large_image\" \/>\n<meta name=\"twitter:site\" content=\"@ubishops\" \/>\n<meta name=\"twitter:label1\" content=\"Dur\u00e9e de lecture estim\u00e9e\" \/>\n\t<meta name=\"twitter:data1\" content=\"6 minutes\" \/>\n<script type=\"application\/ld+json\" class=\"yoast-schema-graph\">{\"@context\":\"https:\/\/schema.org\",\"@graph\":[{\"@type\":\"WebPage\",\"@id\":\"https:\/\/www.ubishops.ca\/fr\/habiter-sur-le-campus\/pavillons-de-residence\/norton-bandeen-pollack\/\",\"url\":\"https:\/\/www.ubishops.ca\/fr\/habiter-sur-le-campus\/pavillons-de-residence\/norton-bandeen-pollack\/\",\"name\":\"Bandeen et Pollack - Bishop&#039;s University\",\"isPartOf\":{\"@id\":\"https:\/\/www.ubishops.ca\/#website\"},\"primaryImageOfPage\":{\"@id\":\"https:\/\/www.ubishops.ca\/fr\/habiter-sur-le-campus\/pavillons-de-residence\/norton-bandeen-pollack\/#primaryimage\"},\"image\":{\"@id\":\"https:\/\/www.ubishops.ca\/fr\/habiter-sur-le-campus\/pavillons-de-residence\/norton-bandeen-pollack\/#primaryimage\"},\"thumbnailUrl\":\"https:\/\/www.ubishops.ca\/wp-content\/uploads\/NOPO-Common1-scaled.jpg\",\"datePublished\":\"2015-11-30T19:48:49+00:00\",\"dateModified\":\"2024-12-04T18:28:58+00:00\",\"breadcrumb\":{\"@id\":\"https:\/\/www.ubishops.ca\/fr\/habiter-sur-le-campus\/pavillons-de-residence\/norton-bandeen-pollack\/#breadcrumb\"},\"inLanguage\":\"fr-FR\",\"potentialAction\":[{\"@type\":\"ReadAction\",\"target\":[\"https:\/\/www.ubishops.ca\/fr\/habiter-sur-le-campus\/pavillons-de-residence\/norton-bandeen-pollack\/\"]}]},{\"@type\":\"ImageObject\",\"inLanguage\":\"fr-FR\",\"@id\":\"https:\/\/www.ubishops.ca\/fr\/habiter-sur-le-campus\/pavillons-de-residence\/norton-bandeen-pollack\/#primaryimage\",\"url\":\"https:\/\/www.ubishops.ca\/wp-content\/uploads\/NOPO-Common1-scaled.jpg\",\"contentUrl\":\"https:\/\/www.ubishops.ca\/wp-content\/uploads\/NOPO-Common1-scaled.jpg\"},{\"@type\":\"BreadcrumbList\",\"@id\":\"https:\/\/www.ubishops.ca\/fr\/habiter-sur-le-campus\/pavillons-de-residence\/norton-bandeen-pollack\/#breadcrumb\",\"itemListElement\":[{\"@type\":\"ListItem\",\"position\":1,\"name\":\"Accueil\",\"item\":\"https:\/\/www.ubishops.ca\/fr\/\"},{\"@type\":\"ListItem\",\"position\":2,\"name\":\"Habiter sur le campus\",\"item\":\"https:\/\/www.ubishops.ca\/fr\/habiter-sur-le-campus\/\"},{\"@type\":\"ListItem\",\"position\":3,\"name\":\"Pavillons de r\u00e9sidence\",\"item\":\"https:\/\/www.ubishops.ca\/fr\/habiter-sur-le-campus\/pavillons-de-residence\/\"},{\"@type\":\"ListItem\",\"position\":4,\"name\":\"Bandeen et Pollack\"}]},{\"@type\":\"WebSite\",\"@id\":\"https:\/\/www.ubishops.ca\/#website\",\"url\":\"https:\/\/www.ubishops.ca\/\",\"name\":\"Bishop&#039;s University\",\"description\":\"\",\"potentialAction\":[{\"@type\":\"SearchAction\",\"target\":{\"@type\":\"EntryPoint\",\"urlTemplate\":\"https:\/\/www.ubishops.ca\/?s={search_term_string}\"},\"query-input\":{\"@type\":\"PropertyValueSpecification\",\"valueRequired\":true,\"valueName\":\"search_term_string\"}}],\"inLanguage\":\"fr-FR\"}]}<\/script>\n<!-- \/ Yoast SEO plugin. -->","yoast_head_json":{"title":"Bandeen et Pollack - Bishop&#039;s University","robots":{"index":"index","follow":"follow","max-snippet":"max-snippet:-1","max-image-preview":"max-image-preview:large","max-video-preview":"max-video-preview:-1"},"canonical":"https:\/\/www.ubishops.ca\/fr\/habiter-sur-le-campus\/pavillons-de-residence\/norton-bandeen-pollack\/","og_locale":"fr_FR","og_type":"article","og_title":"Bandeen et Pollack - Bishop&#039;s University","og_description":"Bienvenue dans les pavillons Bandeen et Pollack! Depuis 1950, ces r\u00e9sidences ont accueilli certains des esprits les plus brillants et l\u00e9gendaires de Bishop\u2019s. Ces trois pavillons connect\u00e9s ont vu sur le \u00ab\u202fQuad\u202f\u00bb et ils sont les plus pr\u00e8s du centre du campus et de la majorit\u00e9 des \u00e9difices o\u00f9 les cours sont donn\u00e9s. Bandeen et...","og_url":"https:\/\/www.ubishops.ca\/fr\/habiter-sur-le-campus\/pavillons-de-residence\/norton-bandeen-pollack\/","og_site_name":"Bishop&#039;s University","article_publisher":"https:\/\/www.facebook.com\/ubishops","article_modified_time":"2024-12-04T18:28:58+00:00","og_image":[{"url":"https:\/\/www.ubishops.ca\/wp-content\/uploads\/NOPO-Common1-scaled.jpg","type":"","width":"","height":""}],"twitter_card":"summary_large_image","twitter_site":"@ubishops","twitter_misc":{"Dur\u00e9e de lecture estim\u00e9e":"6 minutes"},"schema":{"@context":"https:\/\/schema.org","@graph":[{"@type":"WebPage","@id":"https:\/\/www.ubishops.ca\/fr\/habiter-sur-le-campus\/pavillons-de-residence\/norton-bandeen-pollack\/","url":"https:\/\/www.ubishops.ca\/fr\/habiter-sur-le-campus\/pavillons-de-residence\/norton-bandeen-pollack\/","name":"Bandeen et Pollack - Bishop&#039;s University","isPartOf":{"@id":"https:\/\/www.ubishops.ca\/#website"},"primaryImageOfPage":{"@id":"https:\/\/www.ubishops.ca\/fr\/habiter-sur-le-campus\/pavillons-de-residence\/norton-bandeen-pollack\/#primaryimage"},"image":{"@id":"https:\/\/www.ubishops.ca\/fr\/habiter-sur-le-campus\/pavillons-de-residence\/norton-bandeen-pollack\/#primaryimage"},"thumbnailUrl":"https:\/\/www.ubishops.ca\/wp-content\/uploads\/NOPO-Common1-scaled.jpg","datePublished":"2015-11-30T19:48:49+00:00","dateModified":"2024-12-04T18:28:58+00:00","breadcrumb":{"@id":"https:\/\/www.ubishops.ca\/fr\/habiter-sur-le-campus\/pavillons-de-residence\/norton-bandeen-pollack\/#breadcrumb"},"inLanguage":"fr-FR","potentialAction":[{"@type":"ReadAction","target":["https:\/\/www.ubishops.ca\/fr\/habiter-sur-le-campus\/pavillons-de-residence\/norton-bandeen-pollack\/"]}]},{"@type":"ImageObject","inLanguage":"fr-FR","@id":"https:\/\/www.ubishops.ca\/fr\/habiter-sur-le-campus\/pavillons-de-residence\/norton-bandeen-pollack\/#primaryimage","url":"https:\/\/www.ubishops.ca\/wp-content\/uploads\/NOPO-Common1-scaled.jpg","contentUrl":"https:\/\/www.ubishops.ca\/wp-content\/uploads\/NOPO-Common1-scaled.jpg"},{"@type":"BreadcrumbList","@id":"https:\/\/www.ubishops.ca\/fr\/habiter-sur-le-campus\/pavillons-de-residence\/norton-bandeen-pollack\/#breadcrumb","itemListElement":[{"@type":"ListItem","position":1,"name":"Accueil","item":"https:\/\/www.ubishops.ca\/fr\/"},{"@type":"ListItem","position":2,"name":"Habiter sur le campus","item":"https:\/\/www.ubishops.ca\/fr\/habiter-sur-le-campus\/"},{"@type":"ListItem","position":3,"name":"Pavillons de r\u00e9sidence","item":"https:\/\/www.ubishops.ca\/fr\/habiter-sur-le-campus\/pavillons-de-residence\/"},{"@type":"ListItem","position":4,"name":"Bandeen et Pollack"}]},{"@type":"WebSite","@id":"https:\/\/www.ubishops.ca\/#website","url":"https:\/\/www.ubishops.ca\/","name":"Bishop&#039;s University","description":"","potentialAction":[{"@type":"SearchAction","target":{"@type":"EntryPoint","urlTemplate":"https:\/\/www.ubishops.ca\/?s={search_term_string}"},"query-input":{"@type":"PropertyValueSpecification","valueRequired":true,"valueName":"search_term_string"}}],"inLanguage":"fr-FR"}]}},"taxonomy_info":[],"featured_image_src_large":false,"author_info":{"display_name":"Julie Fradette","author_link":"https:\/\/www.ubishops.ca\/fr\/author\/jfradett\/"},"comment_info":0,"publishpress_future_action":{"enabled":false,"date":"2026-04-15 14:54:46","action":"change-status","newStatus":"draft","terms":[],"taxonomy":"translation_priority","extraData":[]},"publishpress_future_workflow_manual_trigger":{"enabledWorkflows":[]},"_links":{"self":[{"href":"https:\/\/www.ubishops.ca\/fr\/wp-json\/wp\/v2\/pages\/114729","targetHints":{"allow":["GET"]}}],"collection":[{"href":"https:\/\/www.ubishops.ca\/fr\/wp-json\/wp\/v2\/pages"}],"about":[{"href":"https:\/\/www.ubishops.ca\/fr\/wp-json\/wp\/v2\/types\/page"}],"author":[{"embeddable":true,"href":"https:\/\/www.ubishops.ca\/fr\/wp-json\/wp\/v2\/users\/49"}],"replies":[{"embeddable":true,"href":"https:\/\/www.ubishops.ca\/fr\/wp-json\/wp\/v2\/comments?post=114729"}],"version-history":[{"count":0,"href":"https:\/\/www.ubishops.ca\/fr\/wp-json\/wp\/v2\/pages\/114729\/revisions"}],"up":[{"embeddable":true,"href":"https:\/\/www.ubishops.ca\/fr\/wp-json\/wp\/v2\/pages\/114558"}],"wp:attachment":[{"href":"https:\/\/www.ubishops.ca\/fr\/wp-json\/wp\/v2\/media?parent=114729"}],"curies":[{"name":"wp","href":"https:\/\/api.w.org\/{rel}","templated":true}]}}