{"id":114724,"date":"2015-11-30T15:07:34","date_gmt":"2015-11-30T20:07:34","guid":{"rendered":"https:\/\/www.ubishops.ca\/habiter-sur-le-campus\/pavillons-de-residence\/mackinnon\/"},"modified":"2024-12-04T15:10:48","modified_gmt":"2024-12-04T20:10:48","slug":"mackinnon","status":"publish","type":"page","link":"https:\/\/www.ubishops.ca\/fr\/habiter-sur-le-campus\/pavillons-de-residence\/mackinnon\/","title":{"rendered":"Mackinnon"},"content":{"rendered":"\n<p>Bienvenue au pavillon Mackinnon!<\/p>\n\n\n\n<p>Le pavillon Mackinnon est une r\u00e9sidence de style traditionnel et il peut accueillir environ 115\u202flocataires. Situ\u00e9 au centre du campus, le \u00ab\u202fMack\u202f\u00bb est \u00e0 deux pas de presque tout.<\/p>\n\n\n\n<p>Ses r\u00e9sidents profitent aussi d\u2019une cuisine partag\u00e9e, d\u2019un salon avec t\u00e9l\u00e9vision et d\u2019un Salon bleu, une pi\u00e8ce de d\u00e9tente chaleureuse qui sert aussi d\u2019espace d\u2019\u00e9tude.<\/p>\n\n\n\n<div style=\"height:30px\" aria-hidden=\"true\" class=\"wp-block-spacer\"><\/div>\n\n\n\n<h2 class=\"wp-block-heading\">Mackinnon en photos<\/h2>\n\n\n\n<h3 class=\"wp-block-heading\">Espaces partag\u00e9s<\/h3>\n\n\n\n<figure class=\"wp-block-image size-large\"><img decoding=\"async\" width=\"1024\" height=\"681\" src=\"https:\/\/www.ubishops.ca\/wp-content\/uploads\/MACKINNON-1024x681.jpg\" alt=\"\" class=\"wp-image-112511\" srcset=\"https:\/\/www.ubishops.ca\/wp-content\/uploads\/MACKINNON-1024x681.jpg 1024w, https:\/\/www.ubishops.ca\/wp-content\/uploads\/MACKINNON-300x200.jpg 300w, https:\/\/www.ubishops.ca\/wp-content\/uploads\/MACKINNON-150x100.jpg 150w, https:\/\/www.ubishops.ca\/wp-content\/uploads\/MACKINNON-768x511.jpg 768w, https:\/\/www.ubishops.ca\/wp-content\/uploads\/MACKINNON-1536x1022.jpg 1536w, https:\/\/www.ubishops.ca\/wp-content\/uploads\/MACKINNON-2048x1363.jpg 2048w\" sizes=\"(max-width: 1024px) 100vw, 1024px\" \/><\/figure>\n\n\n\n<div style=\"height:30px\" aria-hidden=\"true\" class=\"wp-block-spacer\"><\/div>\n\n\n\n<h3 class=\"wp-block-heading\">Plans de chambres de style traditionnel<\/h3>\n\n\n\n<figure class=\"wp-block-image size-full\"><img decoding=\"async\" width=\"1000\" height=\"710\" src=\"https:\/\/www.ubishops.ca\/wp-content\/uploads\/Mackinnon-FR-Floor-Plan.jpg\" alt=\"Plan de chambre; une chambre simple (11,10 m\u00b2) et une chambre double (17.81 m\u00b2), montrant les lits, les portes, les placards et les fen\u00eatres.\" class=\"wp-image-117793\" srcset=\"https:\/\/www.ubishops.ca\/wp-content\/uploads\/Mackinnon-FR-Floor-Plan.jpg 1000w, https:\/\/www.ubishops.ca\/wp-content\/uploads\/Mackinnon-FR-Floor-Plan-300x213.jpg 300w, https:\/\/www.ubishops.ca\/wp-content\/uploads\/Mackinnon-FR-Floor-Plan-150x107.jpg 150w, https:\/\/www.ubishops.ca\/wp-content\/uploads\/Mackinnon-FR-Floor-Plan-768x545.jpg 768w\" sizes=\"(max-width: 1000px) 100vw, 1000px\" \/><\/figure>\n\n\n\n<div style=\"height:20px\" aria-hidden=\"true\" class=\"wp-block-spacer\"><\/div>\n\n\n\n<h2 class=\"wp-block-heading\">Assistants en residence et coordonnateurs<\/h2>\n\n\n\n<p>Une \u00e9quipe compos\u00e9e de tes pairs qui habitent dans ton pavillon existe pour faciliter ton exp\u00e9rience d\u2019habitation sur le campus et la rendre exceptionnelle.<\/p>\n\n\n\n<p>Ils peuvent t\u2019aider de nombreuses fa\u00e7ons\u202f: administrer les premiers soins, planifier des activit\u00e9s de d\u00e9veloppement de l\u2019esprit de communaut\u00e9, offrir un espace s\u00fbr et confidentiel, et plus. Quels que soient tes besoins, ils sont l\u00e0 pour toi.<\/p>\n\n\n\n<div class=\"wp-block-buttons is-layout-flex wp-block-buttons-is-layout-flex\">\n<div class=\"wp-block-button is-style-fill\"><a class=\"wp-block-button__link has-white-color has-purple-background-color has-text-color has-background has-link-color wp-element-button\" href=\"https:\/\/www.ubishops.ca\/living-on-campus\/residence-life-program\/\">D\u00e9couvre la vie en r\u00e9sidence<\/a><\/div>\n<\/div>\n","protected":false},"excerpt":{"rendered":"<p>Bienvenue au pavillon Mackinnon! Le pavillon Mackinnon est une r\u00e9sidence de style traditionnel et il peut accueillir environ 115\u202flocataires. Situ\u00e9 au centre du campus, le \u00ab\u202fMack\u202f\u00bb est \u00e0 deux pas de presque tout. Ses r\u00e9sidents profitent aussi d\u2019une cuisine partag\u00e9e, d\u2019un salon avec t\u00e9l\u00e9vision et d\u2019un Salon bleu, une pi\u00e8ce de d\u00e9tente chaleureuse qui sert&#8230;<\/p>\n","protected":false},"author":49,"featured_media":0,"parent":114558,"menu_order":244,"comment_status":"closed","ping_status":"closed","template":"templates\/page-width-sidebar.php","meta":{"_acf_changed":false,"_cbd_carousel_blocks":"[]","_kad_blocks_custom_css":"","_kad_blocks_head_custom_js":"","_kad_blocks_body_custom_js":"","_kad_blocks_footer_custom_js":"","_kad_post_transparent":"","_kad_post_title":"","_kad_post_layout":"","_kad_post_sidebar_id":"","_kad_post_content_style":"","_kad_post_vertical_padding":"","_kad_post_feature":"","_kad_post_feature_position":"","_kad_post_header":false,"_kad_post_footer":false,"_kad_post_classname":"","footnotes":""},"class_list":["post-114724","page","type-page","status-publish","hentry"],"acf":[],"yoast_head":"<!-- This site is optimized with the Yoast SEO plugin v27.2 - https:\/\/yoast.com\/product\/yoast-seo-wordpress\/ -->\n<title>Mackinnon - Bishop&#039;s University<\/title>\n<meta name=\"robots\" content=\"index, follow, max-snippet:-1, max-image-preview:large, max-video-preview:-1\" \/>\n<link rel=\"canonical\" href=\"https:\/\/www.ubishops.ca\/fr\/habiter-sur-le-campus\/pavillons-de-residence\/mackinnon\/\" \/>\n<meta property=\"og:locale\" content=\"fr_FR\" \/>\n<meta property=\"og:type\" content=\"article\" \/>\n<meta property=\"og:title\" content=\"Mackinnon - Bishop&#039;s University\" \/>\n<meta property=\"og:description\" content=\"Bienvenue au pavillon Mackinnon! Le pavillon Mackinnon est une r\u00e9sidence de style traditionnel et il peut accueillir environ 115\u202flocataires. Situ\u00e9 au centre du campus, le \u00ab\u202fMack\u202f\u00bb est \u00e0 deux pas de presque tout. Ses r\u00e9sidents profitent aussi d\u2019une cuisine partag\u00e9e, d\u2019un salon avec t\u00e9l\u00e9vision et d\u2019un Salon bleu, une pi\u00e8ce de d\u00e9tente chaleureuse qui sert...\" \/>\n<meta property=\"og:url\" content=\"https:\/\/www.ubishops.ca\/fr\/habiter-sur-le-campus\/pavillons-de-residence\/mackinnon\/\" \/>\n<meta property=\"og:site_name\" content=\"Bishop&#039;s University\" \/>\n<meta property=\"article:publisher\" content=\"https:\/\/www.facebook.com\/ubishops\" \/>\n<meta property=\"article:modified_time\" content=\"2024-12-04T20:10:48+00:00\" \/>\n<meta property=\"og:image\" content=\"https:\/\/www.ubishops.ca\/wp-content\/uploads\/MACKINNON-1024x681.jpg\" \/>\n<meta name=\"twitter:card\" content=\"summary_large_image\" \/>\n<meta name=\"twitter:site\" content=\"@ubishops\" \/>\n<meta name=\"twitter:label1\" content=\"Dur\u00e9e de lecture estim\u00e9e\" \/>\n\t<meta name=\"twitter:data1\" content=\"2 minutes\" \/>\n<script type=\"application\/ld+json\" class=\"yoast-schema-graph\">{\"@context\":\"https:\/\/schema.org\",\"@graph\":[{\"@type\":\"WebPage\",\"@id\":\"https:\/\/www.ubishops.ca\/fr\/habiter-sur-le-campus\/pavillons-de-residence\/mackinnon\/\",\"url\":\"https:\/\/www.ubishops.ca\/fr\/habiter-sur-le-campus\/pavillons-de-residence\/mackinnon\/\",\"name\":\"Mackinnon - Bishop&#039;s University\",\"isPartOf\":{\"@id\":\"https:\/\/www.ubishops.ca\/#website\"},\"primaryImageOfPage\":{\"@id\":\"https:\/\/www.ubishops.ca\/fr\/habiter-sur-le-campus\/pavillons-de-residence\/mackinnon\/#primaryimage\"},\"image\":{\"@id\":\"https:\/\/www.ubishops.ca\/fr\/habiter-sur-le-campus\/pavillons-de-residence\/mackinnon\/#primaryimage\"},\"thumbnailUrl\":\"https:\/\/www.ubishops.ca\/wp-content\/uploads\/MACKINNON-1024x681.jpg\",\"datePublished\":\"2015-11-30T20:07:34+00:00\",\"dateModified\":\"2024-12-04T20:10:48+00:00\",\"breadcrumb\":{\"@id\":\"https:\/\/www.ubishops.ca\/fr\/habiter-sur-le-campus\/pavillons-de-residence\/mackinnon\/#breadcrumb\"},\"inLanguage\":\"fr-FR\",\"potentialAction\":[{\"@type\":\"ReadAction\",\"target\":[\"https:\/\/www.ubishops.ca\/fr\/habiter-sur-le-campus\/pavillons-de-residence\/mackinnon\/\"]}]},{\"@type\":\"ImageObject\",\"inLanguage\":\"fr-FR\",\"@id\":\"https:\/\/www.ubishops.ca\/fr\/habiter-sur-le-campus\/pavillons-de-residence\/mackinnon\/#primaryimage\",\"url\":\"https:\/\/www.ubishops.ca\/wp-content\/uploads\/MACKINNON-1024x681.jpg\",\"contentUrl\":\"https:\/\/www.ubishops.ca\/wp-content\/uploads\/MACKINNON-1024x681.jpg\"},{\"@type\":\"BreadcrumbList\",\"@id\":\"https:\/\/www.ubishops.ca\/fr\/habiter-sur-le-campus\/pavillons-de-residence\/mackinnon\/#breadcrumb\",\"itemListElement\":[{\"@type\":\"ListItem\",\"position\":1,\"name\":\"Accueil\",\"item\":\"https:\/\/www.ubishops.ca\/fr\/\"},{\"@type\":\"ListItem\",\"position\":2,\"name\":\"Habiter sur le campus\",\"item\":\"https:\/\/www.ubishops.ca\/fr\/habiter-sur-le-campus\/\"},{\"@type\":\"ListItem\",\"position\":3,\"name\":\"Pavillons de r\u00e9sidence\",\"item\":\"https:\/\/www.ubishops.ca\/fr\/habiter-sur-le-campus\/pavillons-de-residence\/\"},{\"@type\":\"ListItem\",\"position\":4,\"name\":\"Mackinnon\"}]},{\"@type\":\"WebSite\",\"@id\":\"https:\/\/www.ubishops.ca\/#website\",\"url\":\"https:\/\/www.ubishops.ca\/\",\"name\":\"Bishop&#039;s University\",\"description\":\"\",\"potentialAction\":[{\"@type\":\"SearchAction\",\"target\":{\"@type\":\"EntryPoint\",\"urlTemplate\":\"https:\/\/www.ubishops.ca\/?s={search_term_string}\"},\"query-input\":{\"@type\":\"PropertyValueSpecification\",\"valueRequired\":true,\"valueName\":\"search_term_string\"}}],\"inLanguage\":\"fr-FR\"}]}<\/script>\n<!-- \/ Yoast SEO plugin. -->","yoast_head_json":{"title":"Mackinnon - Bishop&#039;s University","robots":{"index":"index","follow":"follow","max-snippet":"max-snippet:-1","max-image-preview":"max-image-preview:large","max-video-preview":"max-video-preview:-1"},"canonical":"https:\/\/www.ubishops.ca\/fr\/habiter-sur-le-campus\/pavillons-de-residence\/mackinnon\/","og_locale":"fr_FR","og_type":"article","og_title":"Mackinnon - Bishop&#039;s University","og_description":"Bienvenue au pavillon Mackinnon! Le pavillon Mackinnon est une r\u00e9sidence de style traditionnel et il peut accueillir environ 115\u202flocataires. Situ\u00e9 au centre du campus, le \u00ab\u202fMack\u202f\u00bb est \u00e0 deux pas de presque tout. Ses r\u00e9sidents profitent aussi d\u2019une cuisine partag\u00e9e, d\u2019un salon avec t\u00e9l\u00e9vision et d\u2019un Salon bleu, une pi\u00e8ce de d\u00e9tente chaleureuse qui sert...","og_url":"https:\/\/www.ubishops.ca\/fr\/habiter-sur-le-campus\/pavillons-de-residence\/mackinnon\/","og_site_name":"Bishop&#039;s University","article_publisher":"https:\/\/www.facebook.com\/ubishops","article_modified_time":"2024-12-04T20:10:48+00:00","og_image":[{"url":"https:\/\/www.ubishops.ca\/wp-content\/uploads\/MACKINNON-1024x681.jpg","type":"","width":"","height":""}],"twitter_card":"summary_large_image","twitter_site":"@ubishops","twitter_misc":{"Dur\u00e9e de lecture estim\u00e9e":"2 minutes"},"schema":{"@context":"https:\/\/schema.org","@graph":[{"@type":"WebPage","@id":"https:\/\/www.ubishops.ca\/fr\/habiter-sur-le-campus\/pavillons-de-residence\/mackinnon\/","url":"https:\/\/www.ubishops.ca\/fr\/habiter-sur-le-campus\/pavillons-de-residence\/mackinnon\/","name":"Mackinnon - Bishop&#039;s University","isPartOf":{"@id":"https:\/\/www.ubishops.ca\/#website"},"primaryImageOfPage":{"@id":"https:\/\/www.ubishops.ca\/fr\/habiter-sur-le-campus\/pavillons-de-residence\/mackinnon\/#primaryimage"},"image":{"@id":"https:\/\/www.ubishops.ca\/fr\/habiter-sur-le-campus\/pavillons-de-residence\/mackinnon\/#primaryimage"},"thumbnailUrl":"https:\/\/www.ubishops.ca\/wp-content\/uploads\/MACKINNON-1024x681.jpg","datePublished":"2015-11-30T20:07:34+00:00","dateModified":"2024-12-04T20:10:48+00:00","breadcrumb":{"@id":"https:\/\/www.ubishops.ca\/fr\/habiter-sur-le-campus\/pavillons-de-residence\/mackinnon\/#breadcrumb"},"inLanguage":"fr-FR","potentialAction":[{"@type":"ReadAction","target":["https:\/\/www.ubishops.ca\/fr\/habiter-sur-le-campus\/pavillons-de-residence\/mackinnon\/"]}]},{"@type":"ImageObject","inLanguage":"fr-FR","@id":"https:\/\/www.ubishops.ca\/fr\/habiter-sur-le-campus\/pavillons-de-residence\/mackinnon\/#primaryimage","url":"https:\/\/www.ubishops.ca\/wp-content\/uploads\/MACKINNON-1024x681.jpg","contentUrl":"https:\/\/www.ubishops.ca\/wp-content\/uploads\/MACKINNON-1024x681.jpg"},{"@type":"BreadcrumbList","@id":"https:\/\/www.ubishops.ca\/fr\/habiter-sur-le-campus\/pavillons-de-residence\/mackinnon\/#breadcrumb","itemListElement":[{"@type":"ListItem","position":1,"name":"Accueil","item":"https:\/\/www.ubishops.ca\/fr\/"},{"@type":"ListItem","position":2,"name":"Habiter sur le campus","item":"https:\/\/www.ubishops.ca\/fr\/habiter-sur-le-campus\/"},{"@type":"ListItem","position":3,"name":"Pavillons de r\u00e9sidence","item":"https:\/\/www.ubishops.ca\/fr\/habiter-sur-le-campus\/pavillons-de-residence\/"},{"@type":"ListItem","position":4,"name":"Mackinnon"}]},{"@type":"WebSite","@id":"https:\/\/www.ubishops.ca\/#website","url":"https:\/\/www.ubishops.ca\/","name":"Bishop&#039;s University","description":"","potentialAction":[{"@type":"SearchAction","target":{"@type":"EntryPoint","urlTemplate":"https:\/\/www.ubishops.ca\/?s={search_term_string}"},"query-input":{"@type":"PropertyValueSpecification","valueRequired":true,"valueName":"search_term_string"}}],"inLanguage":"fr-FR"}]}},"taxonomy_info":[],"featured_image_src_large":false,"author_info":{"display_name":"Julie Fradette","author_link":"https:\/\/www.ubishops.ca\/fr\/author\/jfradett\/"},"comment_info":0,"publishpress_future_action":{"enabled":false,"date":"2026-04-15 14:55:04","action":"change-status","newStatus":"draft","terms":[],"taxonomy":"translation_priority","extraData":[]},"publishpress_future_workflow_manual_trigger":{"enabledWorkflows":[]},"_links":{"self":[{"href":"https:\/\/www.ubishops.ca\/fr\/wp-json\/wp\/v2\/pages\/114724","targetHints":{"allow":["GET"]}}],"collection":[{"href":"https:\/\/www.ubishops.ca\/fr\/wp-json\/wp\/v2\/pages"}],"about":[{"href":"https:\/\/www.ubishops.ca\/fr\/wp-json\/wp\/v2\/types\/page"}],"author":[{"embeddable":true,"href":"https:\/\/www.ubishops.ca\/fr\/wp-json\/wp\/v2\/users\/49"}],"replies":[{"embeddable":true,"href":"https:\/\/www.ubishops.ca\/fr\/wp-json\/wp\/v2\/comments?post=114724"}],"version-history":[{"count":0,"href":"https:\/\/www.ubishops.ca\/fr\/wp-json\/wp\/v2\/pages\/114724\/revisions"}],"up":[{"embeddable":true,"href":"https:\/\/www.ubishops.ca\/fr\/wp-json\/wp\/v2\/pages\/114558"}],"wp:attachment":[{"href":"https:\/\/www.ubishops.ca\/fr\/wp-json\/wp\/v2\/media?parent=114724"}],"curies":[{"name":"wp","href":"https:\/\/api.w.org\/{rel}","templated":true}]}}