{"id":114716,"date":"2022-02-10T11:42:46","date_gmt":"2022-02-10T16:42:46","guid":{"rendered":"https:\/\/www.ubishops.ca\/habiter-sur-le-campus\/pavillons-de-residence\/janyne-hodder\/"},"modified":"2024-08-14T10:44:02","modified_gmt":"2024-08-14T14:44:02","slug":"janyne-hodder","status":"publish","type":"page","link":"https:\/\/www.ubishops.ca\/fr\/habiter-sur-le-campus\/pavillons-de-residence\/janyne-hodder\/","title":{"rendered":"Janyne Hodder"},"content":{"rendered":"\n<p>Bienvenue au pavillon Janyne Hodder!<\/p>\n\n\n\n<p>Janyne Hodder (une ancienne principale de Bishop\u2019s) est le nom de notre plus r\u00e9cent ajout \u00e0 nos options de logement sur le campus. Ouvertes en 2023, ces nouvelles r\u00e9sidences reprennent le mod\u00e8le de nos r\u00e9sidences de style semi-priv\u00e9 (bog), avec quelques modifications.<\/p>\n\n\n\n<p>Chaque appartement comporte deux\u202fchambres individuelles avec de grandes fen\u00eatres.<\/p>\n\n\n\n<p>L\u2019entr\u00e9e de chaque appartement est partag\u00e9e et on y retrouve une toilette, un garde-robe et un petit espace de rangement.<\/p>\n\n\n\n<p>Ces chambres sont enti\u00e8rement meubl\u00e9es, et les repas et services sont compris, donc il n\u2019y a pas de frais suppl\u00e9mentaires!<\/p>\n\n\n\n<p>Les espaces partag\u00e9s comptent un salon zen, une salle de yoga\/m\u00e9ditation, des salles communes, des espaces d\u2019\u00e9tude, une salle de jeu\/multim\u00e9dia, une salle de billard et plus!<\/p>\n\n\n\n<p>L\u2019\u00e9difice convient aussi aux personnes handicap\u00e9es et certains appartements ont \u00e9t\u00e9 con\u00e7us pour r\u00e9pondre \u00e0 leurs besoins particuliers. L\u2019acc\u00e8s aux \u00e9difices des r\u00e9sidences et aux chambres est prot\u00e9g\u00e9 par carte d\u2019acc\u00e8s.<\/p>\n\n\n\n<div style=\"height:30px\" aria-hidden=\"true\" class=\"wp-block-spacer\"><\/div>\n\n\n\n<h2 class=\"wp-block-heading\">Pavillon Janyne Hodder en photos<\/h2>\n\n\n\n<h3 class=\"wp-block-heading\">Espaces partag\u00e9s<\/h3>\n\n\n\n<div style=\"height:15px\" aria-hidden=\"true\" class=\"wp-block-spacer\"><\/div>\n\n\n\n<figure class=\"wp-block-image size-large\"><img decoding=\"async\" width=\"1024\" height=\"684\" src=\"https:\/\/www.ubishops.ca\/wp-content\/uploads\/Hodder-Lounge-Room-1024x684.jpg\" alt=\"\" class=\"wp-image-112719\" srcset=\"https:\/\/www.ubishops.ca\/wp-content\/uploads\/Hodder-Lounge-Room-1024x684.jpg 1024w, https:\/\/www.ubishops.ca\/wp-content\/uploads\/Hodder-Lounge-Room-300x200.jpg 300w, https:\/\/www.ubishops.ca\/wp-content\/uploads\/Hodder-Lounge-Room-150x100.jpg 150w, https:\/\/www.ubishops.ca\/wp-content\/uploads\/Hodder-Lounge-Room-768x513.jpg 768w, https:\/\/www.ubishops.ca\/wp-content\/uploads\/Hodder-Lounge-Room-1536x1025.jpg 1536w, https:\/\/www.ubishops.ca\/wp-content\/uploads\/Hodder-Lounge-Room-2048x1367.jpg 2048w\" sizes=\"(max-width: 1024px) 100vw, 1024px\" \/><\/figure>\n\n\n\n<figure class=\"wp-block-image size-large\"><img decoding=\"async\" width=\"1024\" height=\"684\" src=\"https:\/\/www.ubishops.ca\/wp-content\/uploads\/Hodder-Swinging-Chairs2-1024x684.jpg\" alt=\"\" class=\"wp-image-112721\" srcset=\"https:\/\/www.ubishops.ca\/wp-content\/uploads\/Hodder-Swinging-Chairs2-1024x684.jpg 1024w, https:\/\/www.ubishops.ca\/wp-content\/uploads\/Hodder-Swinging-Chairs2-300x200.jpg 300w, https:\/\/www.ubishops.ca\/wp-content\/uploads\/Hodder-Swinging-Chairs2-150x100.jpg 150w, https:\/\/www.ubishops.ca\/wp-content\/uploads\/Hodder-Swinging-Chairs2-768x513.jpg 768w, https:\/\/www.ubishops.ca\/wp-content\/uploads\/Hodder-Swinging-Chairs2-1536x1026.jpg 1536w, https:\/\/www.ubishops.ca\/wp-content\/uploads\/Hodder-Swinging-Chairs2-2048x1367.jpg 2048w\" sizes=\"(max-width: 1024px) 100vw, 1024px\" \/><\/figure>\n\n\n\n<figure class=\"wp-block-image size-large\"><img decoding=\"async\" width=\"1024\" height=\"684\" src=\"https:\/\/www.ubishops.ca\/wp-content\/uploads\/Hodder-Yoga2-1024x684.jpg\" alt=\"\" class=\"wp-image-112723\" srcset=\"https:\/\/www.ubishops.ca\/wp-content\/uploads\/Hodder-Yoga2-1024x684.jpg 1024w, https:\/\/www.ubishops.ca\/wp-content\/uploads\/Hodder-Yoga2-300x200.jpg 300w, https:\/\/www.ubishops.ca\/wp-content\/uploads\/Hodder-Yoga2-150x100.jpg 150w, https:\/\/www.ubishops.ca\/wp-content\/uploads\/Hodder-Yoga2-768x513.jpg 768w, https:\/\/www.ubishops.ca\/wp-content\/uploads\/Hodder-Yoga2-1536x1025.jpg 1536w, https:\/\/www.ubishops.ca\/wp-content\/uploads\/Hodder-Yoga2-2048x1367.jpg 2048w\" sizes=\"(max-width: 1024px) 100vw, 1024px\" \/><\/figure>\n\n\n\n<div style=\"height:20px\" aria-hidden=\"true\" class=\"wp-block-spacer\"><\/div>\n\n\n\n<h3 class=\"wp-block-heading\">Chambre \u00e0 occupation simple<\/h3>\n\n\n\n<div style=\"height:15px\" aria-hidden=\"true\" class=\"wp-block-spacer\"><\/div>\n\n\n\n<figure class=\"wp-block-image size-large\"><img decoding=\"async\" width=\"1024\" height=\"684\" src=\"https:\/\/www.ubishops.ca\/wp-content\/uploads\/Hodder-Single-Room-1024x684.jpg\" alt=\"\" class=\"wp-image-112725\" srcset=\"https:\/\/www.ubishops.ca\/wp-content\/uploads\/Hodder-Single-Room-1024x684.jpg 1024w, https:\/\/www.ubishops.ca\/wp-content\/uploads\/Hodder-Single-Room-300x200.jpg 300w, https:\/\/www.ubishops.ca\/wp-content\/uploads\/Hodder-Single-Room-150x100.jpg 150w, https:\/\/www.ubishops.ca\/wp-content\/uploads\/Hodder-Single-Room-768x513.jpg 768w, https:\/\/www.ubishops.ca\/wp-content\/uploads\/Hodder-Single-Room-1536x1025.jpg 1536w, https:\/\/www.ubishops.ca\/wp-content\/uploads\/Hodder-Single-Room-2048x1367.jpg 2048w\" sizes=\"(max-width: 1024px) 100vw, 1024px\" \/><\/figure>\n\n\n\n<figure class=\"wp-block-image size-large\"><img decoding=\"async\" width=\"1024\" height=\"684\" src=\"https:\/\/www.ubishops.ca\/wp-content\/uploads\/Hodder-Single-Room2-1024x684.jpg\" alt=\"\" class=\"wp-image-112727\" srcset=\"https:\/\/www.ubishops.ca\/wp-content\/uploads\/Hodder-Single-Room2-1024x684.jpg 1024w, https:\/\/www.ubishops.ca\/wp-content\/uploads\/Hodder-Single-Room2-300x200.jpg 300w, https:\/\/www.ubishops.ca\/wp-content\/uploads\/Hodder-Single-Room2-150x100.jpg 150w, https:\/\/www.ubishops.ca\/wp-content\/uploads\/Hodder-Single-Room2-768x513.jpg 768w, https:\/\/www.ubishops.ca\/wp-content\/uploads\/Hodder-Single-Room2-1536x1025.jpg 1536w, https:\/\/www.ubishops.ca\/wp-content\/uploads\/Hodder-Single-Room2-2048x1367.jpg 2048w\" sizes=\"(max-width: 1024px) 100vw, 1024px\" \/><\/figure>\n\n\n\n<div style=\"height:30px\" aria-hidden=\"true\" class=\"wp-block-spacer\"><\/div>\n\n\n\n<h2 class=\"wp-block-heading\">Plans de chambre et d\u2019\u00e9tage<\/h2>\n\n\n\n<h3 class=\"wp-block-heading\">Appartement standard<\/h3>\n\n\n\n<div style=\"height:15px\" aria-hidden=\"true\" class=\"wp-block-spacer\"><\/div>\n\n\n\n<figure class=\"wp-block-image size-full\"><img decoding=\"async\" width=\"400\" height=\"436\" src=\"https:\/\/www.ubishops.ca\/wp-content\/uploads\/plan_standard.png\" alt=\"\" class=\"wp-image-101390\" srcset=\"https:\/\/www.ubishops.ca\/wp-content\/uploads\/plan_standard.png 400w, https:\/\/www.ubishops.ca\/wp-content\/uploads\/plan_standard-275x300.png 275w, https:\/\/www.ubishops.ca\/wp-content\/uploads\/plan_standard-138x150.png 138w\" sizes=\"(max-width: 400px) 100vw, 400px\" \/><\/figure>\n\n\n\n<div style=\"height:20px\" aria-hidden=\"true\" class=\"wp-block-spacer\"><\/div>\n\n\n\n<h3 class=\"wp-block-heading\">Appartement accessible<\/h3>\n\n\n\n<div style=\"height:15px\" aria-hidden=\"true\" class=\"wp-block-spacer\"><\/div>\n\n\n\n<figure class=\"wp-block-image size-full\"><img decoding=\"async\" width=\"400\" height=\"397\" src=\"https:\/\/www.ubishops.ca\/wp-content\/uploads\/plan_accessible.png\" alt=\"\" class=\"wp-image-101392\" srcset=\"https:\/\/www.ubishops.ca\/wp-content\/uploads\/plan_accessible.png 400w, https:\/\/www.ubishops.ca\/wp-content\/uploads\/plan_accessible-300x298.png 300w, https:\/\/www.ubishops.ca\/wp-content\/uploads\/plan_accessible-150x150.png 150w, https:\/\/www.ubishops.ca\/wp-content\/uploads\/plan_accessible-45x45.png 45w\" sizes=\"(max-width: 400px) 100vw, 400px\" \/><\/figure>\n\n\n\n<div style=\"height:30px\" aria-hidden=\"true\" class=\"wp-block-spacer\"><\/div>\n\n\n\n<h2 class=\"wp-block-heading\">Assistants en residence et coordonnateurs<\/h2>\n\n\n\n<p>Une \u00e9quipe compos\u00e9e de tes pairs qui habitent dans ton pavillon existe pour faciliter ton exp\u00e9rience d\u2019habitation sur le campus et la rendre exceptionnelle.<\/p>\n\n\n\n<p>Ils peuvent t\u2019aider de nombreuses fa\u00e7ons\u202f: administrer les premiers soins, planifier des activit\u00e9s de d\u00e9veloppement de l\u2019esprit de communaut\u00e9, offrir un espace s\u00fbr et confidentiel, et plus. Quels que soient tes besoins, ils sont l\u00e0 pour toi.<\/p>\n\n\n\n<div class=\"wp-block-buttons is-layout-flex wp-block-buttons-is-layout-flex\">\n<div class=\"wp-block-button is-style-fill\"><a class=\"wp-block-button__link has-white-color has-purple-background-color has-text-color has-background has-link-color wp-element-button\" href=\"https:\/\/www.ubishops.ca\/living-on-campus\/residence-life-program\/\">D\u00e9couvre la vie en r\u00e9sidence<\/a><\/div>\n<\/div>\n","protected":false},"excerpt":{"rendered":"<p>Bienvenue au pavillon Janyne Hodder! Janyne Hodder (une ancienne principale de Bishop\u2019s) est le nom de notre plus r\u00e9cent ajout \u00e0 nos options de logement sur le campus. Ouvertes en 2023, ces nouvelles r\u00e9sidences reprennent le mod\u00e8le de nos r\u00e9sidences de style semi-priv\u00e9 (bog), avec quelques modifications. Chaque appartement comporte deux\u202fchambres individuelles avec de grandes&#8230;<\/p>\n","protected":false},"author":49,"featured_media":0,"parent":114558,"menu_order":242,"comment_status":"closed","ping_status":"closed","template":"templates\/page-width-sidebar.php","meta":{"_acf_changed":false,"_cbd_carousel_blocks":"[]","_kad_blocks_custom_css":"","_kad_blocks_head_custom_js":"","_kad_blocks_body_custom_js":"","_kad_blocks_footer_custom_js":"","_kad_post_transparent":"","_kad_post_title":"","_kad_post_layout":"","_kad_post_sidebar_id":"","_kad_post_content_style":"","_kad_post_vertical_padding":"","_kad_post_feature":"","_kad_post_feature_position":"","_kad_post_header":false,"_kad_post_footer":false,"_kad_post_classname":"","footnotes":""},"class_list":["post-114716","page","type-page","status-publish","hentry"],"acf":[],"yoast_head":"<!-- This site is optimized with the Yoast SEO plugin v27.4 - https:\/\/yoast.com\/product\/yoast-seo-wordpress\/ -->\n<title>Janyne Hodder - Bishop&#039;s University<\/title>\n<meta name=\"robots\" content=\"index, follow, max-snippet:-1, max-image-preview:large, max-video-preview:-1\" \/>\n<link rel=\"canonical\" href=\"https:\/\/www.ubishops.ca\/fr\/habiter-sur-le-campus\/pavillons-de-residence\/janyne-hodder\/\" \/>\n<meta property=\"og:locale\" content=\"fr_FR\" \/>\n<meta property=\"og:type\" content=\"article\" \/>\n<meta property=\"og:title\" content=\"Janyne Hodder - Bishop&#039;s University\" \/>\n<meta property=\"og:description\" content=\"Bienvenue au pavillon Janyne Hodder! Janyne Hodder (une ancienne principale de Bishop\u2019s) est le nom de notre plus r\u00e9cent ajout \u00e0 nos options de logement sur le campus. Ouvertes en 2023, ces nouvelles r\u00e9sidences reprennent le mod\u00e8le de nos r\u00e9sidences de style semi-priv\u00e9 (bog), avec quelques modifications. Chaque appartement comporte deux\u202fchambres individuelles avec de grandes...\" \/>\n<meta property=\"og:url\" content=\"https:\/\/www.ubishops.ca\/fr\/habiter-sur-le-campus\/pavillons-de-residence\/janyne-hodder\/\" \/>\n<meta property=\"og:site_name\" content=\"Bishop&#039;s University\" \/>\n<meta property=\"article:publisher\" content=\"https:\/\/www.facebook.com\/ubishops\" \/>\n<meta property=\"article:modified_time\" content=\"2024-08-14T14:44:02+00:00\" \/>\n<meta property=\"og:image\" content=\"https:\/\/www.ubishops.ca\/wp-content\/uploads\/Hodder-Lounge-Room-1024x684.jpg\" \/>\n<meta name=\"twitter:card\" content=\"summary_large_image\" \/>\n<meta name=\"twitter:site\" content=\"@ubishops\" \/>\n<meta name=\"twitter:label1\" content=\"Dur\u00e9e de lecture estim\u00e9e\" \/>\n\t<meta name=\"twitter:data1\" content=\"4 minutes\" \/>\n<script type=\"application\/ld+json\" class=\"yoast-schema-graph\">{\"@context\":\"https:\\\/\\\/schema.org\",\"@graph\":[{\"@type\":\"WebPage\",\"@id\":\"https:\\\/\\\/www.ubishops.ca\\\/fr\\\/habiter-sur-le-campus\\\/pavillons-de-residence\\\/janyne-hodder\\\/\",\"url\":\"https:\\\/\\\/www.ubishops.ca\\\/fr\\\/habiter-sur-le-campus\\\/pavillons-de-residence\\\/janyne-hodder\\\/\",\"name\":\"Janyne Hodder - Bishop&#039;s University\",\"isPartOf\":{\"@id\":\"https:\\\/\\\/www.ubishops.ca\\\/#website\"},\"primaryImageOfPage\":{\"@id\":\"https:\\\/\\\/www.ubishops.ca\\\/fr\\\/habiter-sur-le-campus\\\/pavillons-de-residence\\\/janyne-hodder\\\/#primaryimage\"},\"image\":{\"@id\":\"https:\\\/\\\/www.ubishops.ca\\\/fr\\\/habiter-sur-le-campus\\\/pavillons-de-residence\\\/janyne-hodder\\\/#primaryimage\"},\"thumbnailUrl\":\"https:\\\/\\\/www.ubishops.ca\\\/wp-content\\\/uploads\\\/Hodder-Lounge-Room-1024x684.jpg\",\"datePublished\":\"2022-02-10T16:42:46+00:00\",\"dateModified\":\"2024-08-14T14:44:02+00:00\",\"breadcrumb\":{\"@id\":\"https:\\\/\\\/www.ubishops.ca\\\/fr\\\/habiter-sur-le-campus\\\/pavillons-de-residence\\\/janyne-hodder\\\/#breadcrumb\"},\"inLanguage\":\"fr-FR\",\"potentialAction\":[{\"@type\":\"ReadAction\",\"target\":[\"https:\\\/\\\/www.ubishops.ca\\\/fr\\\/habiter-sur-le-campus\\\/pavillons-de-residence\\\/janyne-hodder\\\/\"]}]},{\"@type\":\"ImageObject\",\"inLanguage\":\"fr-FR\",\"@id\":\"https:\\\/\\\/www.ubishops.ca\\\/fr\\\/habiter-sur-le-campus\\\/pavillons-de-residence\\\/janyne-hodder\\\/#primaryimage\",\"url\":\"https:\\\/\\\/www.ubishops.ca\\\/wp-content\\\/uploads\\\/Hodder-Lounge-Room-1024x684.jpg\",\"contentUrl\":\"https:\\\/\\\/www.ubishops.ca\\\/wp-content\\\/uploads\\\/Hodder-Lounge-Room-1024x684.jpg\"},{\"@type\":\"BreadcrumbList\",\"@id\":\"https:\\\/\\\/www.ubishops.ca\\\/fr\\\/habiter-sur-le-campus\\\/pavillons-de-residence\\\/janyne-hodder\\\/#breadcrumb\",\"itemListElement\":[{\"@type\":\"ListItem\",\"position\":1,\"name\":\"Accueil\",\"item\":\"https:\\\/\\\/www.ubishops.ca\\\/fr\\\/\"},{\"@type\":\"ListItem\",\"position\":2,\"name\":\"Habiter sur le campus\",\"item\":\"https:\\\/\\\/www.ubishops.ca\\\/fr\\\/habiter-sur-le-campus\\\/\"},{\"@type\":\"ListItem\",\"position\":3,\"name\":\"Pavillons de r\u00e9sidence\",\"item\":\"https:\\\/\\\/www.ubishops.ca\\\/fr\\\/habiter-sur-le-campus\\\/pavillons-de-residence\\\/\"},{\"@type\":\"ListItem\",\"position\":4,\"name\":\"Janyne Hodder\"}]},{\"@type\":\"WebSite\",\"@id\":\"https:\\\/\\\/www.ubishops.ca\\\/#website\",\"url\":\"https:\\\/\\\/www.ubishops.ca\\\/\",\"name\":\"Bishop&#039;s University\",\"description\":\"\",\"potentialAction\":[{\"@type\":\"SearchAction\",\"target\":{\"@type\":\"EntryPoint\",\"urlTemplate\":\"https:\\\/\\\/www.ubishops.ca\\\/?s={search_term_string}\"},\"query-input\":{\"@type\":\"PropertyValueSpecification\",\"valueRequired\":true,\"valueName\":\"search_term_string\"}}],\"inLanguage\":\"fr-FR\"}]}<\/script>\n<!-- \/ Yoast SEO plugin. -->","yoast_head_json":{"title":"Janyne Hodder - Bishop&#039;s University","robots":{"index":"index","follow":"follow","max-snippet":"max-snippet:-1","max-image-preview":"max-image-preview:large","max-video-preview":"max-video-preview:-1"},"canonical":"https:\/\/www.ubishops.ca\/fr\/habiter-sur-le-campus\/pavillons-de-residence\/janyne-hodder\/","og_locale":"fr_FR","og_type":"article","og_title":"Janyne Hodder - Bishop&#039;s University","og_description":"Bienvenue au pavillon Janyne Hodder! Janyne Hodder (une ancienne principale de Bishop\u2019s) est le nom de notre plus r\u00e9cent ajout \u00e0 nos options de logement sur le campus. Ouvertes en 2023, ces nouvelles r\u00e9sidences reprennent le mod\u00e8le de nos r\u00e9sidences de style semi-priv\u00e9 (bog), avec quelques modifications. Chaque appartement comporte deux\u202fchambres individuelles avec de grandes...","og_url":"https:\/\/www.ubishops.ca\/fr\/habiter-sur-le-campus\/pavillons-de-residence\/janyne-hodder\/","og_site_name":"Bishop&#039;s University","article_publisher":"https:\/\/www.facebook.com\/ubishops","article_modified_time":"2024-08-14T14:44:02+00:00","og_image":[{"url":"https:\/\/www.ubishops.ca\/wp-content\/uploads\/Hodder-Lounge-Room-1024x684.jpg","type":"","width":"","height":""}],"twitter_card":"summary_large_image","twitter_site":"@ubishops","twitter_misc":{"Dur\u00e9e de lecture estim\u00e9e":"4 minutes"},"schema":{"@context":"https:\/\/schema.org","@graph":[{"@type":"WebPage","@id":"https:\/\/www.ubishops.ca\/fr\/habiter-sur-le-campus\/pavillons-de-residence\/janyne-hodder\/","url":"https:\/\/www.ubishops.ca\/fr\/habiter-sur-le-campus\/pavillons-de-residence\/janyne-hodder\/","name":"Janyne Hodder - Bishop&#039;s University","isPartOf":{"@id":"https:\/\/www.ubishops.ca\/#website"},"primaryImageOfPage":{"@id":"https:\/\/www.ubishops.ca\/fr\/habiter-sur-le-campus\/pavillons-de-residence\/janyne-hodder\/#primaryimage"},"image":{"@id":"https:\/\/www.ubishops.ca\/fr\/habiter-sur-le-campus\/pavillons-de-residence\/janyne-hodder\/#primaryimage"},"thumbnailUrl":"https:\/\/www.ubishops.ca\/wp-content\/uploads\/Hodder-Lounge-Room-1024x684.jpg","datePublished":"2022-02-10T16:42:46+00:00","dateModified":"2024-08-14T14:44:02+00:00","breadcrumb":{"@id":"https:\/\/www.ubishops.ca\/fr\/habiter-sur-le-campus\/pavillons-de-residence\/janyne-hodder\/#breadcrumb"},"inLanguage":"fr-FR","potentialAction":[{"@type":"ReadAction","target":["https:\/\/www.ubishops.ca\/fr\/habiter-sur-le-campus\/pavillons-de-residence\/janyne-hodder\/"]}]},{"@type":"ImageObject","inLanguage":"fr-FR","@id":"https:\/\/www.ubishops.ca\/fr\/habiter-sur-le-campus\/pavillons-de-residence\/janyne-hodder\/#primaryimage","url":"https:\/\/www.ubishops.ca\/wp-content\/uploads\/Hodder-Lounge-Room-1024x684.jpg","contentUrl":"https:\/\/www.ubishops.ca\/wp-content\/uploads\/Hodder-Lounge-Room-1024x684.jpg"},{"@type":"BreadcrumbList","@id":"https:\/\/www.ubishops.ca\/fr\/habiter-sur-le-campus\/pavillons-de-residence\/janyne-hodder\/#breadcrumb","itemListElement":[{"@type":"ListItem","position":1,"name":"Accueil","item":"https:\/\/www.ubishops.ca\/fr\/"},{"@type":"ListItem","position":2,"name":"Habiter sur le campus","item":"https:\/\/www.ubishops.ca\/fr\/habiter-sur-le-campus\/"},{"@type":"ListItem","position":3,"name":"Pavillons de r\u00e9sidence","item":"https:\/\/www.ubishops.ca\/fr\/habiter-sur-le-campus\/pavillons-de-residence\/"},{"@type":"ListItem","position":4,"name":"Janyne Hodder"}]},{"@type":"WebSite","@id":"https:\/\/www.ubishops.ca\/#website","url":"https:\/\/www.ubishops.ca\/","name":"Bishop&#039;s University","description":"","potentialAction":[{"@type":"SearchAction","target":{"@type":"EntryPoint","urlTemplate":"https:\/\/www.ubishops.ca\/?s={search_term_string}"},"query-input":{"@type":"PropertyValueSpecification","valueRequired":true,"valueName":"search_term_string"}}],"inLanguage":"fr-FR"}]}},"taxonomy_info":[],"featured_image_src_large":false,"author_info":{"display_name":"Julie Fradette","author_link":"https:\/\/www.ubishops.ca\/fr\/author\/jfradett\/"},"comment_info":0,"publishpress_future_action":{"enabled":false,"date":"2026-05-05 16:43:24","action":"change-status","newStatus":"draft","terms":[],"taxonomy":"translation_priority","extraData":[]},"publishpress_future_workflow_manual_trigger":{"enabledWorkflows":[]},"_links":{"self":[{"href":"https:\/\/www.ubishops.ca\/fr\/wp-json\/wp\/v2\/pages\/114716","targetHints":{"allow":["GET"]}}],"collection":[{"href":"https:\/\/www.ubishops.ca\/fr\/wp-json\/wp\/v2\/pages"}],"about":[{"href":"https:\/\/www.ubishops.ca\/fr\/wp-json\/wp\/v2\/types\/page"}],"author":[{"embeddable":true,"href":"https:\/\/www.ubishops.ca\/fr\/wp-json\/wp\/v2\/users\/49"}],"replies":[{"embeddable":true,"href":"https:\/\/www.ubishops.ca\/fr\/wp-json\/wp\/v2\/comments?post=114716"}],"version-history":[{"count":0,"href":"https:\/\/www.ubishops.ca\/fr\/wp-json\/wp\/v2\/pages\/114716\/revisions"}],"up":[{"embeddable":true,"href":"https:\/\/www.ubishops.ca\/fr\/wp-json\/wp\/v2\/pages\/114558"}],"wp:attachment":[{"href":"https:\/\/www.ubishops.ca\/fr\/wp-json\/wp\/v2\/media?parent=114716"}],"curies":[{"name":"wp","href":"https:\/\/api.w.org\/{rel}","templated":true}]}}