{"id":114711,"date":"2015-11-30T14:00:34","date_gmt":"2015-11-30T19:00:34","guid":{"rendered":"https:\/\/www.ubishops.ca\/habiter-sur-le-campus\/pavillons-de-residence\/munster\/"},"modified":"2024-12-04T14:51:46","modified_gmt":"2024-12-04T19:51:46","slug":"munster","status":"publish","type":"page","link":"https:\/\/www.ubishops.ca\/fr\/habiter-sur-le-campus\/pavillons-de-residence\/munster\/","title":{"rendered":"Munster"},"content":{"rendered":"\n<p>Bienvenue au pavillon Munster!<\/p>\n\n\n\n<p>Le pavillon Munster offre une vue imprenable sur le campus de Bishop\u2019s. Situ\u00e9 pr\u00e8s du complexe sportif et de la caf\u00e9t\u00e9ria, il accueille une communaut\u00e9 plus paisible jour et nuit qui repr\u00e9sente l\u2019environnement parfait pour celles et ceux qui souhaitent se concentrer sur les \u00e9tudes et obtenir les meilleures notes de leur cohorte!<\/p>\n\n\n\n<div style=\"height:30px\" aria-hidden=\"true\" class=\"wp-block-spacer\"><\/div>\n\n\n\n<h2 class=\"wp-block-heading\">Munster en photos<\/h2>\n\n\n\n<div style=\"height:20px\" aria-hidden=\"true\" class=\"wp-block-spacer\"><\/div>\n\n\n\n<h3 class=\"wp-block-heading\">Chambre \u00e0 occupation double<\/h3>\n\n\n\n<figure class=\"wp-block-image size-large\"><img decoding=\"async\" width=\"1024\" height=\"684\" src=\"https:\/\/www.ubishops.ca\/wp-content\/uploads\/Abbot-Munster-Kuehner-Single-Shared2-1024x684.jpg\" alt=\"\" class=\"wp-image-112399\" srcset=\"https:\/\/www.ubishops.ca\/wp-content\/uploads\/Abbot-Munster-Kuehner-Single-Shared2-1024x684.jpg 1024w, https:\/\/www.ubishops.ca\/wp-content\/uploads\/Abbot-Munster-Kuehner-Single-Shared2-300x200.jpg 300w, https:\/\/www.ubishops.ca\/wp-content\/uploads\/Abbot-Munster-Kuehner-Single-Shared2-150x100.jpg 150w, https:\/\/www.ubishops.ca\/wp-content\/uploads\/Abbot-Munster-Kuehner-Single-Shared2-768x513.jpg 768w, https:\/\/www.ubishops.ca\/wp-content\/uploads\/Abbot-Munster-Kuehner-Single-Shared2-1536x1025.jpg 1536w, https:\/\/www.ubishops.ca\/wp-content\/uploads\/Abbot-Munster-Kuehner-Single-Shared2-2048x1367.jpg 2048w\" sizes=\"(max-width: 1024px) 100vw, 1024px\" \/><\/figure>\n\n\n\n<figure class=\"wp-block-image size-large\"><img decoding=\"async\" width=\"1024\" height=\"684\" src=\"https:\/\/www.ubishops.ca\/wp-content\/uploads\/Abbot-Munster-Kuehner-Single-Shared1-2-1024x684.jpg\" alt=\"\" class=\"wp-image-112397\" srcset=\"https:\/\/www.ubishops.ca\/wp-content\/uploads\/Abbot-Munster-Kuehner-Single-Shared1-2-1024x684.jpg 1024w, https:\/\/www.ubishops.ca\/wp-content\/uploads\/Abbot-Munster-Kuehner-Single-Shared1-2-300x200.jpg 300w, https:\/\/www.ubishops.ca\/wp-content\/uploads\/Abbot-Munster-Kuehner-Single-Shared1-2-150x100.jpg 150w, https:\/\/www.ubishops.ca\/wp-content\/uploads\/Abbot-Munster-Kuehner-Single-Shared1-2-768x513.jpg 768w, https:\/\/www.ubishops.ca\/wp-content\/uploads\/Abbot-Munster-Kuehner-Single-Shared1-2-1536x1025.jpg 1536w, https:\/\/www.ubishops.ca\/wp-content\/uploads\/Abbot-Munster-Kuehner-Single-Shared1-2-2048x1367.jpg 2048w\" sizes=\"(max-width: 1024px) 100vw, 1024px\" \/><\/figure>\n\n\n\n<figure class=\"wp-block-image size-large\"><img decoding=\"async\" width=\"1024\" height=\"684\" src=\"https:\/\/www.ubishops.ca\/wp-content\/uploads\/Abbot-Munster-Kuehner-Room-Division-1-1024x684.jpg\" alt=\"\" class=\"wp-image-112395\" srcset=\"https:\/\/www.ubishops.ca\/wp-content\/uploads\/Abbot-Munster-Kuehner-Room-Division-1-1024x684.jpg 1024w, https:\/\/www.ubishops.ca\/wp-content\/uploads\/Abbot-Munster-Kuehner-Room-Division-1-300x200.jpg 300w, https:\/\/www.ubishops.ca\/wp-content\/uploads\/Abbot-Munster-Kuehner-Room-Division-1-150x100.jpg 150w, https:\/\/www.ubishops.ca\/wp-content\/uploads\/Abbot-Munster-Kuehner-Room-Division-1-768x513.jpg 768w, https:\/\/www.ubishops.ca\/wp-content\/uploads\/Abbot-Munster-Kuehner-Room-Division-1-1536x1025.jpg 1536w, https:\/\/www.ubishops.ca\/wp-content\/uploads\/Abbot-Munster-Kuehner-Room-Division-1-2048x1367.jpg 2048w\" sizes=\"(max-width: 1024px) 100vw, 1024px\" \/><\/figure>\n\n\n\n<div style=\"height:30px\" aria-hidden=\"true\" class=\"wp-block-spacer\"><\/div>\n\n\n\n<h3 class=\"wp-block-heading\">Chambre \u00e0 occupation simple<\/h3>\n\n\n\n<figure class=\"wp-block-image size-full\"><img decoding=\"async\" width=\"1000\" height=\"665\" src=\"https:\/\/www.ubishops.ca\/wp-content\/uploads\/Abbott-single-room-1000px.jpg\" alt=\"Single room example showing a bed and furniture.\" class=\"wp-image-117767\" srcset=\"https:\/\/www.ubishops.ca\/wp-content\/uploads\/Abbott-single-room-1000px.jpg 1000w, https:\/\/www.ubishops.ca\/wp-content\/uploads\/Abbott-single-room-1000px-300x200.jpg 300w, https:\/\/www.ubishops.ca\/wp-content\/uploads\/Abbott-single-room-1000px-150x100.jpg 150w, https:\/\/www.ubishops.ca\/wp-content\/uploads\/Abbott-single-room-1000px-768x511.jpg 768w\" sizes=\"(max-width: 1000px) 100vw, 1000px\" \/><\/figure>\n\n\n\n<div style=\"height:20px\" aria-hidden=\"true\" class=\"wp-block-spacer\"><\/div>\n\n\n\n<h3 class=\"wp-block-heading\">Espaces partag\u00e9s<\/h3>\n\n\n\n<figure class=\"wp-block-image size-large\"><img decoding=\"async\" width=\"1024\" height=\"684\" src=\"https:\/\/www.ubishops.ca\/wp-content\/uploads\/Basement-Kitchen-Common-1024x684.jpg\" alt=\"\" class=\"wp-image-112448\" srcset=\"https:\/\/www.ubishops.ca\/wp-content\/uploads\/Basement-Kitchen-Common-1024x684.jpg 1024w, https:\/\/www.ubishops.ca\/wp-content\/uploads\/Basement-Kitchen-Common-300x200.jpg 300w, https:\/\/www.ubishops.ca\/wp-content\/uploads\/Basement-Kitchen-Common-150x100.jpg 150w, https:\/\/www.ubishops.ca\/wp-content\/uploads\/Basement-Kitchen-Common-768x513.jpg 768w, https:\/\/www.ubishops.ca\/wp-content\/uploads\/Basement-Kitchen-Common-1536x1025.jpg 1536w, https:\/\/www.ubishops.ca\/wp-content\/uploads\/Basement-Kitchen-Common-2048x1367.jpg 2048w\" sizes=\"(max-width: 1024px) 100vw, 1024px\" \/><\/figure>\n\n\n\n<figure class=\"wp-block-image size-large\"><img decoding=\"async\" width=\"1024\" height=\"684\" src=\"https:\/\/www.ubishops.ca\/wp-content\/uploads\/Abbot-Munster-Kuehner-Common5-1-1024x684.jpg\" alt=\"\" class=\"wp-image-112440\" srcset=\"https:\/\/www.ubishops.ca\/wp-content\/uploads\/Abbot-Munster-Kuehner-Common5-1-1024x684.jpg 1024w, https:\/\/www.ubishops.ca\/wp-content\/uploads\/Abbot-Munster-Kuehner-Common5-1-300x200.jpg 300w, https:\/\/www.ubishops.ca\/wp-content\/uploads\/Abbot-Munster-Kuehner-Common5-1-150x100.jpg 150w, https:\/\/www.ubishops.ca\/wp-content\/uploads\/Abbot-Munster-Kuehner-Common5-1-768x513.jpg 768w, https:\/\/www.ubishops.ca\/wp-content\/uploads\/Abbot-Munster-Kuehner-Common5-1-1536x1025.jpg 1536w, https:\/\/www.ubishops.ca\/wp-content\/uploads\/Abbot-Munster-Kuehner-Common5-1-2048x1367.jpg 2048w\" sizes=\"(max-width: 1024px) 100vw, 1024px\" \/><\/figure>\n\n\n\n<figure class=\"wp-block-image size-large\"><img decoding=\"async\" width=\"1024\" height=\"684\" src=\"https:\/\/www.ubishops.ca\/wp-content\/uploads\/Abbot-Munster-Kuehner-TV-Room2-1024x684.jpg\" alt=\"\" class=\"wp-image-112442\" srcset=\"https:\/\/www.ubishops.ca\/wp-content\/uploads\/Abbot-Munster-Kuehner-TV-Room2-1024x684.jpg 1024w, https:\/\/www.ubishops.ca\/wp-content\/uploads\/Abbot-Munster-Kuehner-TV-Room2-300x200.jpg 300w, https:\/\/www.ubishops.ca\/wp-content\/uploads\/Abbot-Munster-Kuehner-TV-Room2-150x100.jpg 150w, https:\/\/www.ubishops.ca\/wp-content\/uploads\/Abbot-Munster-Kuehner-TV-Room2-768x513.jpg 768w, https:\/\/www.ubishops.ca\/wp-content\/uploads\/Abbot-Munster-Kuehner-TV-Room2-1536x1025.jpg 1536w, https:\/\/www.ubishops.ca\/wp-content\/uploads\/Abbot-Munster-Kuehner-TV-Room2-2048x1367.jpg 2048w\" sizes=\"(max-width: 1024px) 100vw, 1024px\" \/><\/figure>\n\n\n\n<div style=\"height:30px\" aria-hidden=\"true\" class=\"wp-block-spacer\"><\/div>\n\n\n\n<h2 class=\"wp-block-heading\">Plans de chambre et d\u2019\u00e9tage<\/h2>\n\n\n\n<h3 class=\"wp-block-heading\">Chambre \u00e0 occupation simple<\/h3>\n\n\n\n<figure class=\"wp-block-image size-full\"><img decoding=\"async\" width=\"700\" height=\"970\" src=\"https:\/\/www.ubishops.ca\/wp-content\/uploads\/Abbott-Kuehner-Munster-FR-Floor-Plan.jpg\" alt=\"Plan de chambre pour une occupation simple montrant un lit, une porte, un placard et une fen\u00eatre, avec toilette et douche partag\u00e9es.\" class=\"wp-image-117781\" srcset=\"https:\/\/www.ubishops.ca\/wp-content\/uploads\/Abbott-Kuehner-Munster-FR-Floor-Plan.jpg 700w, https:\/\/www.ubishops.ca\/wp-content\/uploads\/Abbott-Kuehner-Munster-FR-Floor-Plan-216x300.jpg 216w, https:\/\/www.ubishops.ca\/wp-content\/uploads\/Abbott-Kuehner-Munster-FR-Floor-Plan-108x150.jpg 108w\" sizes=\"(max-width: 700px) 100vw, 700px\" \/><\/figure>\n\n\n\n<div style=\"height:30px\" aria-hidden=\"true\" class=\"wp-block-spacer\"><\/div>\n\n\n\n<h2 class=\"wp-block-heading\">Assistants en residence et coordonnateurs<\/h2>\n\n\n\n<p>Une \u00e9quipe compos\u00e9e de tes pairs qui habitent dans ton pavillon existe pour faciliter ton exp\u00e9rience d\u2019habitation sur le campus et la rendre exceptionnelle.<\/p>\n\n\n\n<p>Ils peuvent t\u2019aider de nombreuses fa\u00e7ons\u202f: administrer les premiers soins, planifier des activit\u00e9s de d\u00e9veloppement de l\u2019esprit de communaut\u00e9, offrir un espace s\u00fbr et confidentiel, et plus. Quels que soient tes besoins, ils sont l\u00e0 pour toi.<\/p>\n\n\n\n<div class=\"wp-block-buttons is-layout-flex wp-block-buttons-is-layout-flex\">\n<div class=\"wp-block-button is-style-fill\"><a class=\"wp-block-button__link has-white-color has-purple-background-color has-text-color has-background has-link-color wp-element-button\" href=\"https:\/\/www.ubishops.ca\/living-on-campus\/residence-life-program\/\">D\u00e9couvre la vie en r\u00e9sidence<\/a><\/div>\n<\/div>\n","protected":false},"excerpt":{"rendered":"<p>Bienvenue au pavillon Munster! Le pavillon Munster offre une vue imprenable sur le campus de Bishop\u2019s. Situ\u00e9 pr\u00e8s du complexe sportif et de la caf\u00e9t\u00e9ria, il accueille une communaut\u00e9 plus paisible jour et nuit qui repr\u00e9sente l\u2019environnement parfait pour celles et ceux qui souhaitent se concentrer sur les \u00e9tudes et obtenir les meilleures notes de&#8230;<\/p>\n","protected":false},"author":49,"featured_media":0,"parent":114558,"menu_order":239,"comment_status":"closed","ping_status":"closed","template":"templates\/page-width-sidebar.php","meta":{"_acf_changed":false,"_cbd_carousel_blocks":"[]","_kad_blocks_custom_css":"","_kad_blocks_head_custom_js":"","_kad_blocks_body_custom_js":"","_kad_blocks_footer_custom_js":"","_kad_post_transparent":"","_kad_post_title":"","_kad_post_layout":"","_kad_post_sidebar_id":"","_kad_post_content_style":"","_kad_post_vertical_padding":"","_kad_post_feature":"","_kad_post_feature_position":"","_kad_post_header":false,"_kad_post_footer":false,"_kad_post_classname":"","footnotes":""},"class_list":["post-114711","page","type-page","status-publish","hentry"],"acf":[],"yoast_head":"<!-- This site is optimized with the Yoast SEO plugin v27.2 - https:\/\/yoast.com\/product\/yoast-seo-wordpress\/ -->\n<title>Munster - Bishop&#039;s University<\/title>\n<meta name=\"robots\" content=\"index, follow, max-snippet:-1, max-image-preview:large, max-video-preview:-1\" \/>\n<link rel=\"canonical\" href=\"https:\/\/www.ubishops.ca\/fr\/habiter-sur-le-campus\/pavillons-de-residence\/munster\/\" \/>\n<meta property=\"og:locale\" content=\"fr_FR\" \/>\n<meta property=\"og:type\" content=\"article\" \/>\n<meta property=\"og:title\" content=\"Munster - Bishop&#039;s University\" \/>\n<meta property=\"og:description\" content=\"Bienvenue au pavillon Munster! Le pavillon Munster offre une vue imprenable sur le campus de Bishop\u2019s. Situ\u00e9 pr\u00e8s du complexe sportif et de la caf\u00e9t\u00e9ria, il accueille une communaut\u00e9 plus paisible jour et nuit qui repr\u00e9sente l\u2019environnement parfait pour celles et ceux qui souhaitent se concentrer sur les \u00e9tudes et obtenir les meilleures notes de...\" \/>\n<meta property=\"og:url\" content=\"https:\/\/www.ubishops.ca\/fr\/habiter-sur-le-campus\/pavillons-de-residence\/munster\/\" \/>\n<meta property=\"og:site_name\" content=\"Bishop&#039;s University\" \/>\n<meta property=\"article:publisher\" content=\"https:\/\/www.facebook.com\/ubishops\" \/>\n<meta property=\"article:modified_time\" content=\"2024-12-04T19:51:46+00:00\" \/>\n<meta property=\"og:image\" content=\"https:\/\/www.ubishops.ca\/wp-content\/uploads\/Abbot-Munster-Kuehner-Single-Shared2-1024x684.jpg\" \/>\n<meta name=\"twitter:card\" content=\"summary_large_image\" \/>\n<meta name=\"twitter:site\" content=\"@ubishops\" \/>\n<meta name=\"twitter:label1\" content=\"Dur\u00e9e de lecture estim\u00e9e\" \/>\n\t<meta name=\"twitter:data1\" content=\"5 minutes\" \/>\n<script type=\"application\/ld+json\" class=\"yoast-schema-graph\">{\"@context\":\"https:\/\/schema.org\",\"@graph\":[{\"@type\":\"WebPage\",\"@id\":\"https:\/\/www.ubishops.ca\/fr\/habiter-sur-le-campus\/pavillons-de-residence\/munster\/\",\"url\":\"https:\/\/www.ubishops.ca\/fr\/habiter-sur-le-campus\/pavillons-de-residence\/munster\/\",\"name\":\"Munster - Bishop&#039;s University\",\"isPartOf\":{\"@id\":\"https:\/\/www.ubishops.ca\/#website\"},\"primaryImageOfPage\":{\"@id\":\"https:\/\/www.ubishops.ca\/fr\/habiter-sur-le-campus\/pavillons-de-residence\/munster\/#primaryimage\"},\"image\":{\"@id\":\"https:\/\/www.ubishops.ca\/fr\/habiter-sur-le-campus\/pavillons-de-residence\/munster\/#primaryimage\"},\"thumbnailUrl\":\"https:\/\/www.ubishops.ca\/wp-content\/uploads\/Abbot-Munster-Kuehner-Single-Shared2-1024x684.jpg\",\"datePublished\":\"2015-11-30T19:00:34+00:00\",\"dateModified\":\"2024-12-04T19:51:46+00:00\",\"breadcrumb\":{\"@id\":\"https:\/\/www.ubishops.ca\/fr\/habiter-sur-le-campus\/pavillons-de-residence\/munster\/#breadcrumb\"},\"inLanguage\":\"fr-FR\",\"potentialAction\":[{\"@type\":\"ReadAction\",\"target\":[\"https:\/\/www.ubishops.ca\/fr\/habiter-sur-le-campus\/pavillons-de-residence\/munster\/\"]}]},{\"@type\":\"ImageObject\",\"inLanguage\":\"fr-FR\",\"@id\":\"https:\/\/www.ubishops.ca\/fr\/habiter-sur-le-campus\/pavillons-de-residence\/munster\/#primaryimage\",\"url\":\"https:\/\/www.ubishops.ca\/wp-content\/uploads\/Abbot-Munster-Kuehner-Single-Shared2-1024x684.jpg\",\"contentUrl\":\"https:\/\/www.ubishops.ca\/wp-content\/uploads\/Abbot-Munster-Kuehner-Single-Shared2-1024x684.jpg\"},{\"@type\":\"BreadcrumbList\",\"@id\":\"https:\/\/www.ubishops.ca\/fr\/habiter-sur-le-campus\/pavillons-de-residence\/munster\/#breadcrumb\",\"itemListElement\":[{\"@type\":\"ListItem\",\"position\":1,\"name\":\"Accueil\",\"item\":\"https:\/\/www.ubishops.ca\/fr\/\"},{\"@type\":\"ListItem\",\"position\":2,\"name\":\"Habiter sur le campus\",\"item\":\"https:\/\/www.ubishops.ca\/fr\/habiter-sur-le-campus\/\"},{\"@type\":\"ListItem\",\"position\":3,\"name\":\"Pavillons de r\u00e9sidence\",\"item\":\"https:\/\/www.ubishops.ca\/fr\/habiter-sur-le-campus\/pavillons-de-residence\/\"},{\"@type\":\"ListItem\",\"position\":4,\"name\":\"Munster\"}]},{\"@type\":\"WebSite\",\"@id\":\"https:\/\/www.ubishops.ca\/#website\",\"url\":\"https:\/\/www.ubishops.ca\/\",\"name\":\"Bishop&#039;s University\",\"description\":\"\",\"potentialAction\":[{\"@type\":\"SearchAction\",\"target\":{\"@type\":\"EntryPoint\",\"urlTemplate\":\"https:\/\/www.ubishops.ca\/?s={search_term_string}\"},\"query-input\":{\"@type\":\"PropertyValueSpecification\",\"valueRequired\":true,\"valueName\":\"search_term_string\"}}],\"inLanguage\":\"fr-FR\"}]}<\/script>\n<!-- \/ Yoast SEO plugin. -->","yoast_head_json":{"title":"Munster - Bishop&#039;s University","robots":{"index":"index","follow":"follow","max-snippet":"max-snippet:-1","max-image-preview":"max-image-preview:large","max-video-preview":"max-video-preview:-1"},"canonical":"https:\/\/www.ubishops.ca\/fr\/habiter-sur-le-campus\/pavillons-de-residence\/munster\/","og_locale":"fr_FR","og_type":"article","og_title":"Munster - Bishop&#039;s University","og_description":"Bienvenue au pavillon Munster! Le pavillon Munster offre une vue imprenable sur le campus de Bishop\u2019s. Situ\u00e9 pr\u00e8s du complexe sportif et de la caf\u00e9t\u00e9ria, il accueille une communaut\u00e9 plus paisible jour et nuit qui repr\u00e9sente l\u2019environnement parfait pour celles et ceux qui souhaitent se concentrer sur les \u00e9tudes et obtenir les meilleures notes de...","og_url":"https:\/\/www.ubishops.ca\/fr\/habiter-sur-le-campus\/pavillons-de-residence\/munster\/","og_site_name":"Bishop&#039;s University","article_publisher":"https:\/\/www.facebook.com\/ubishops","article_modified_time":"2024-12-04T19:51:46+00:00","og_image":[{"url":"https:\/\/www.ubishops.ca\/wp-content\/uploads\/Abbot-Munster-Kuehner-Single-Shared2-1024x684.jpg","type":"","width":"","height":""}],"twitter_card":"summary_large_image","twitter_site":"@ubishops","twitter_misc":{"Dur\u00e9e de lecture estim\u00e9e":"5 minutes"},"schema":{"@context":"https:\/\/schema.org","@graph":[{"@type":"WebPage","@id":"https:\/\/www.ubishops.ca\/fr\/habiter-sur-le-campus\/pavillons-de-residence\/munster\/","url":"https:\/\/www.ubishops.ca\/fr\/habiter-sur-le-campus\/pavillons-de-residence\/munster\/","name":"Munster - Bishop&#039;s University","isPartOf":{"@id":"https:\/\/www.ubishops.ca\/#website"},"primaryImageOfPage":{"@id":"https:\/\/www.ubishops.ca\/fr\/habiter-sur-le-campus\/pavillons-de-residence\/munster\/#primaryimage"},"image":{"@id":"https:\/\/www.ubishops.ca\/fr\/habiter-sur-le-campus\/pavillons-de-residence\/munster\/#primaryimage"},"thumbnailUrl":"https:\/\/www.ubishops.ca\/wp-content\/uploads\/Abbot-Munster-Kuehner-Single-Shared2-1024x684.jpg","datePublished":"2015-11-30T19:00:34+00:00","dateModified":"2024-12-04T19:51:46+00:00","breadcrumb":{"@id":"https:\/\/www.ubishops.ca\/fr\/habiter-sur-le-campus\/pavillons-de-residence\/munster\/#breadcrumb"},"inLanguage":"fr-FR","potentialAction":[{"@type":"ReadAction","target":["https:\/\/www.ubishops.ca\/fr\/habiter-sur-le-campus\/pavillons-de-residence\/munster\/"]}]},{"@type":"ImageObject","inLanguage":"fr-FR","@id":"https:\/\/www.ubishops.ca\/fr\/habiter-sur-le-campus\/pavillons-de-residence\/munster\/#primaryimage","url":"https:\/\/www.ubishops.ca\/wp-content\/uploads\/Abbot-Munster-Kuehner-Single-Shared2-1024x684.jpg","contentUrl":"https:\/\/www.ubishops.ca\/wp-content\/uploads\/Abbot-Munster-Kuehner-Single-Shared2-1024x684.jpg"},{"@type":"BreadcrumbList","@id":"https:\/\/www.ubishops.ca\/fr\/habiter-sur-le-campus\/pavillons-de-residence\/munster\/#breadcrumb","itemListElement":[{"@type":"ListItem","position":1,"name":"Accueil","item":"https:\/\/www.ubishops.ca\/fr\/"},{"@type":"ListItem","position":2,"name":"Habiter sur le campus","item":"https:\/\/www.ubishops.ca\/fr\/habiter-sur-le-campus\/"},{"@type":"ListItem","position":3,"name":"Pavillons de r\u00e9sidence","item":"https:\/\/www.ubishops.ca\/fr\/habiter-sur-le-campus\/pavillons-de-residence\/"},{"@type":"ListItem","position":4,"name":"Munster"}]},{"@type":"WebSite","@id":"https:\/\/www.ubishops.ca\/#website","url":"https:\/\/www.ubishops.ca\/","name":"Bishop&#039;s University","description":"","potentialAction":[{"@type":"SearchAction","target":{"@type":"EntryPoint","urlTemplate":"https:\/\/www.ubishops.ca\/?s={search_term_string}"},"query-input":{"@type":"PropertyValueSpecification","valueRequired":true,"valueName":"search_term_string"}}],"inLanguage":"fr-FR"}]}},"taxonomy_info":[],"featured_image_src_large":false,"author_info":{"display_name":"Julie Fradette","author_link":"https:\/\/www.ubishops.ca\/fr\/author\/jfradett\/"},"comment_info":0,"publishpress_future_action":{"enabled":false,"date":"2026-04-15 16:23:04","action":"change-status","newStatus":"draft","terms":[],"taxonomy":"translation_priority","extraData":[]},"publishpress_future_workflow_manual_trigger":{"enabledWorkflows":[]},"_links":{"self":[{"href":"https:\/\/www.ubishops.ca\/fr\/wp-json\/wp\/v2\/pages\/114711","targetHints":{"allow":["GET"]}}],"collection":[{"href":"https:\/\/www.ubishops.ca\/fr\/wp-json\/wp\/v2\/pages"}],"about":[{"href":"https:\/\/www.ubishops.ca\/fr\/wp-json\/wp\/v2\/types\/page"}],"author":[{"embeddable":true,"href":"https:\/\/www.ubishops.ca\/fr\/wp-json\/wp\/v2\/users\/49"}],"replies":[{"embeddable":true,"href":"https:\/\/www.ubishops.ca\/fr\/wp-json\/wp\/v2\/comments?post=114711"}],"version-history":[{"count":0,"href":"https:\/\/www.ubishops.ca\/fr\/wp-json\/wp\/v2\/pages\/114711\/revisions"}],"up":[{"embeddable":true,"href":"https:\/\/www.ubishops.ca\/fr\/wp-json\/wp\/v2\/pages\/114558"}],"wp:attachment":[{"href":"https:\/\/www.ubishops.ca\/fr\/wp-json\/wp\/v2\/media?parent=114711"}],"curies":[{"name":"wp","href":"https:\/\/api.w.org\/{rel}","templated":true}]}}