{"id":114651,"date":"2015-12-02T14:25:23","date_gmt":"2015-12-02T19:25:23","guid":{"rendered":"https:\/\/www.ubishops.ca\/habiter-sur-le-campus\/campus-living-and-dining-fees\/"},"modified":"2025-07-17T10:26:47","modified_gmt":"2025-07-17T14:26:47","slug":"frais-de-logement-et-de-repas","status":"publish","type":"page","link":"https:\/\/www.ubishops.ca\/fr\/habiter-sur-le-campus\/frais-de-logement-et-de-repas\/","title":{"rendered":"Frais de logement et de repas"},"content":{"rendered":"\n<h2 class=\"wp-block-heading\">Les avantages de vivre sur le campus<\/h2>\n\n\n\n<p>Il y a de nombreux avantages financiers et pratiques \u00e0 habiter sur le campus.<\/p>\n\n\n\n<p>Savais-tu qu\u2019en r\u00e9sidence sur le campus, ton bail est d\u2019une dur\u00e9e de 8\u202fmois (soit l\u2019ann\u00e9e universitaire), alors qu\u2019ailleurs les baux sont presque toujours d\u2019au moins 12\u202fmois?<\/p>\n\n\n\n<p>Et tes frais de r\u00e9sidence comprennent tout\u202f: pas besoin de cuisiner, de conduire ou de chercher un stationnement, de penser aux factures des divers fournisseurs, etc. C\u2019est cl\u00e9 en main!<\/p>\n\n\n\n<p>Et puis, il n\u2019y a pas de meilleur moyen pour vivre l\u2019exp\u00e9rience Bishop\u2019s int\u00e9grale!<\/p>\n\n\n\n<p>Nos r\u00e9sidences offrent aussi des salles d\u2019\u00e9tude, des salles de jeu, des aires communes pour se r\u00e9unir ou regarder la t\u00e9l\u00e9, l\u2019acc\u00e8s \u00e0 internet, une salle de buanderie, une \u00e9quipe tout enti\u00e8re d\u00e9vou\u00e9e \u00e0 rendre ton passage plus enrichissant et divertissant, et bien plus.<\/p>\n\n\n\n<h2 class=\"wp-block-heading\">Co\u00fbt des chambres 2025-2026<\/h2>\n\n\n\n<figure class=\"wp-block-table\"><table class=\"has-fixed-layout\"><thead><tr><th><\/th><th><strong><strong>Loyer mensuel<\/strong><\/strong><\/th><th><strong>Total<\/strong><\/th><\/tr><\/thead><tbody><tr><td><strong><strong>Paterson<\/strong><\/strong>&nbsp;(occupation simple)<\/td><td><strong>$835<\/strong><\/td><td><strong>$6680<\/strong><\/td><\/tr><tr><td><strong><strong>Abbott, Kuener, Munster<\/strong> <\/strong>(occupation simple)<\/td><td><strong>$820<\/strong><\/td><td><strong>$6560<\/strong><\/td><\/tr><tr><td><strong>Abbott, Kuener, Munster<\/strong> (occupation double &#8211; style 1)<\/td><td><strong>$730<\/strong><\/td><td><strong>$5840<\/strong><\/td><\/tr><tr><td><strong>Abbott, Kuener, Munster<\/strong> (occupation double &#8211; style 2)<\/td><td><strong>$765<\/strong><\/td><td><strong>$6120<\/strong><\/td><\/tr><tr><td><strong>Abbott, Kuehner, Munster <\/strong>(apartment)<\/td><td><strong>$835<\/strong><\/td><td><strong>$6680<\/strong><\/td><\/tr><tr><td><strong>Mackinnon, Pollack, Bandeen<\/strong> (occupation simple)<\/td><td><strong>$670<\/strong><\/td><td><strong>$5360<\/strong><\/td><\/tr><tr><td><strong>Mackinnon, Pollack, Bandeen<\/strong> (occupation simple &#8211; taille double, mais pour 1\u202fpersonne)<\/td><td><strong>$685<\/strong><\/td><td><strong>$5480<\/strong><\/td><\/tr><tr><td><strong>Mackinnon, Pollack, Bandeen<\/strong> (occupation double)<\/td><td><strong>$625<\/strong><\/td><td><strong>$5000<\/strong><\/td><\/tr><tr><td><strong>Janyne Hodder<\/strong> (occupation simple)<\/td><td><strong>$850<\/strong><\/td><td><strong>$6800<\/strong><\/td><\/tr><\/tbody><\/table><\/figure>\n\n\n\n<p>*\u202fLes baux couvrent l\u2019ann\u00e9e universitaire (8\u202fmois).<\/p>\n\n\n\n<p>*\u202fPour en savoir plus sur les styles et voir des plans, consulte la page <a href=\"https:\/\/www.ubishops.ca\/fr\/habiter-sur-le-campus\/pavillons-de-residence\/\">Pavillons de r\u00e9sidence<\/a>.<\/p>\n\n\n\n<p>*\u202fToutes les chambres comprennent l\u2019acc\u00e8s \u00e0 internet haute vitesse, l\u2019\u00e9lectricit\u00e9, l\u2019ameublement, les services et des frais accessoires de 70\u202f$\/mois.<\/p>\n\n\n\n<h2 class=\"wp-block-heading\">Co\u00fbts et formules de repas<\/h2>\n\n\n\n<p>Tous les \u00e9tudiants en r\u00e9sidence, \u00e0 l\u2019exception du pavillon Paterson qui comprend une cuisine partag\u00e9e dans chaque appartement, doivent faire l\u2019achat d\u2019une formule de repas.<\/p>\n\n\n\n<p>*\u202fTous les prix indiqu\u00e9s peuvent changer.<\/p>\n\n\n\n<h3 class=\"wp-block-heading\">\u00c9tudiants en r\u00e9sidence sur le campus (2025-2026)<\/h3>\n\n\n\n<p>Les formules de repas (Flexible Diner, Square Mealer, et Hearty Eater) sont <strong>7 jours\/semaine \u00ab\u202fformule \u00e0 volont\u00e9\u202f\u00bb<\/strong>.<\/p>\n\n\n\n<figure class=\"wp-block-table\"><table class=\"has-fixed-layout\"><thead><tr><th><\/th><th><strong><em>Flexible Diner<\/em><\/strong><\/th><th><strong><em>Square Mealer<\/em><\/strong><\/th><th><strong><em>Hearty Eater<\/em><\/strong><\/th><\/tr><\/thead><tbody><tr><td><strong><strong>Bons pour invit\u00e9<\/strong><\/strong><\/td><td><strong>2 bons pour invit\u00e9<\/strong><\/td><td><strong>4 bons pour invit\u00e9<\/strong><\/td><td><strong>8 bons pour invit\u00e9<\/strong><\/td><\/tr><tr><td><strong><strong>Dollars <em>Campus Dining<\/em><\/strong><\/strong><\/td><td>9,50\u202f$ en cr\u00e9dit au <em>Purple Pod<\/em> entre 21\u202fh et 23\u202fh du lundi au jeudi.<br><br>Comprend 25\u202f$\/semestre dans les points de vente de restauration ou \u00e0 la Co-op Doolittle&rsquo;s.<\/td><td>9,50\u202f$ en cr\u00e9dit au <em>Purple Pod<\/em> entre 21\u202fh et 23\u202fh du lundi au jeudi.<br><br>Comprend 25\u202f$\/semestre dans les points de vente de restauration ou \u00e0 la Co-op Doolittle&rsquo;s.<br><br>47\u202f$\/semestre dans les restaurants du campus.<\/td><td><strong>9,50\u202f$ en cr\u00e9dit au <em>Purple Pod<\/em> entre 21\u202fh et 23\u202fh du lundi au jeudi.<br><br>Comprend 25\u202f$\/semestre dans les points de vente de restauration ou \u00e0 la Co-op Doolittle&rsquo;s.<br><br>83\u202f$\/semestre dans les restaurants du campus.<\/strong><\/td><\/tr><tr><td><strong><strong>Co\u00fbt mensuel (les deux semestres)<\/strong><\/strong><\/td><td><strong>806 $ (3224 $ \/ semestre)<\/strong><\/td><td><strong>818 $ (3272 $ \/ semestre)<\/strong><\/td><td><strong>827 $ (3308 $ \/ semestre)<\/strong><\/td><\/tr><tr><td><strong><strong>Co\u00fbt pour l\u2019ann\u00e9e<\/strong><\/strong><\/td><td><strong>6448 $<\/strong><\/td><td><strong>6544 $<\/strong><\/td><td><strong>6616 $<\/strong><\/td><\/tr><\/tbody><\/table><\/figure>\n\n\n\n<h3 class=\"wp-block-heading\">\u00c9tudiants qui habitent hors campus (2025-2026)<\/h3>\n\n\n\n<h4 class=\"wp-block-heading\">Forfait repas pour les navetteurs<\/h4>\n\n\n\n<p>Semestre d\u2019automne =\u00a02 212.50 $ (29,50 $\/jour), 1\u202fseptembre au 12\u202fd\u00e9cembre (75\u202fjours).<\/p>\n\n\n\n<p>Semestre d\u2019hiver = 2 360 $ (29,50 $\/jour), 5\u202fjanvier au 24\u202favril (80\u202fjours).<\/p>\n\n\n\n<h4 class=\"wp-block-heading\">Forfait \u00e0 la caf\u00e9t\u00e9ria Dewies<\/h4>\n\n\n\n<p>(taxes comprises)<\/p>\n\n\n\n<ul class=\"wp-block-list\">\n<li>Petit d\u00e9jeuner\u202f: 11,68\u202f$<\/li>\n\n\n\n<li>Midi\u202f: 18,40\u202f$<\/li>\n\n\n\n<li>Soir\u202f: 22,55\u202f$<\/li>\n<\/ul>\n\n\n\n<h4 class=\"wp-block-heading\">Coupons-repas<\/h4>\n\n\n\n<p>(taxes comprises)<\/p>\n\n\n\n<ul class=\"wp-block-list\">\n<li>10 coupons-repas petit d\u00e9jeuner\u202f: 98,50\u202f$<\/li>\n\n\n\n<li>25 coupons-repas toute heure\u202f: 421,25\u202f$<\/li>\n\n\n\n<li>25 coupons-repas petit d\u00e9jeuner\u202f: 233,75\u202f$<\/li>\n\n\n\n<li>25 coupons-repas midi\u202f: 406,25\u202f$<\/li>\n\n\n\n<li>30 coupons-repas (personnel de BU)\u202f: 427,50\u202f$<\/li>\n\n\n\n<li>50 coupons-repas toute heure\u202f: 825,00\u202f$<\/li>\n\n\n\n<li>75 coupons-repas toute heure\u202f: 1\u202f200,00\u202f$<\/li>\n<\/ul>\n\n\n\n<h3 class=\"wp-block-heading\">Acheter une formule de repas<\/h3>\n\n\n\n<p>Les formules de repas peuvent \u00eatre achet\u00e9es au moment o\u00f9 tu soumets ta demande de logement en r\u00e9sidence. Si tu habites \u00e0 l\u2019ext\u00e9rieur du campus, tu peux acheter une formule de repas ou des coupons-repas \u00e0 l\u2019accueil du pavillon Paterson ou en t\u00e9l\u00e9phonant au 819\u202f822-9600 poste\u202f2685.<\/p>\n\n\n\n<h3 class=\"wp-block-heading\">Dollars <em>Campus Dining<\/em><\/h3>\n\n\n\n<p>Les dollars <em>Campus Dining<\/em> sont des fonds hors taxes associ\u00e9s aux formules de repas <em>Flex, Square,<\/em> ou <em>Hearty,<\/em> et ils peuvent \u00eatre \u00e9chang\u00e9s dans les diverses aires de restauration sur le campus. Si tu ajoutes des fonds suppl\u00e9mentaires \u00e0 ton compte de dollars <em>Campus Dining<\/em> associ\u00e9s \u00e0 ta formule <em>Flex<\/em>, <em>Square<\/em>, ou <em>Hearty<\/em>, ces fonds seront aussi hors taxes.<\/p>\n\n\n\n<h3 class=\"wp-block-heading\">Argent Co-op et points de vente de restauration<\/h3>\n\n\n\n<p>Toutes nos formules de repas <em>Continuous Dining<\/em> (repas \u00e0 toute heure) comprennent maintenant un cr\u00e9dit de 25\u202f$ qui peut \u00eatre utilis\u00e9 pour tous les achats dans les points de vente de restauration sur le campus ou \u00e0 la Co-op Doolittle&rsquo;s.<\/p>\n\n\n\n<h3 class=\"wp-block-heading\">Dollars Gaiter<\/h3>\n\n\n\n<p>Les Dollars Gaiter sont une fa\u00e7on d\u2019ajouter des fonds sur ta carte \u00e9tudiante. Tu peux utiliser tes Dollars Gaiter pour les services d\u2019impression ou dans nos diverses aires de restauration sur le campus y compris Dewies, le Purple Pod, le Bus Stop Caf\u00e9 ou le Tim Hortons. Les Dollars Gaiter peuvent d\u00e9sormais \u00eatre utilis\u00e9s \u00e0 la Co-op Doolittle\u2019s sur le campus.<\/p>\n\n\n\n<p>Pour consulter ton compte Dollars Gaiter, rends-toi au <a href=\"https:\/\/gaiterdollars.ubishops.ca\" target=\"_blank\" rel=\"noreferrer noopener\">https:\/\/gaiterdollars.ubishops.ca<\/a>. Ouvre une session \u00e0 l\u2019aide de ton identifiant myBU ou du num\u00e9ro de client de ta carte Dollars Gaiter. Ton mot de passe est le m\u00eame que pour ton compte myBU; tu pourras le changer par la suite.<\/p>\n\n\n\n<p>Si tu perds ta carte, ouvre une session sur ton compte et bloque ta carte pour \u00e9viter qu\u2019elle ne soit utilis\u00e9e par quelqu\u2019un d\u2019autre. Rends-toi ensuite au pavillon Paterson pour en obtenir une nouvelle.<\/p>\n\n\n\n<p>Les fonds associ\u00e9s \u00e0 une formule de repas obligatoire (Dollars <em>Campus Dining<\/em>, Argent Co-op et Point de vente de resauration) doivent \u00eatre utilis\u00e9s avant la fin de l\u2019ann\u00e9e universitaire. Autrement, ils seront annul\u00e9s \u00e0 ce moment. Les fonds qui ne sont pas associ\u00e9s \u00e0 une formule de repas (Dollars Gaiter) sont transf\u00e9rables, mais ils seront annul\u00e9s apr\u00e8s un\u202fan d\u2019inactivit\u00e9 sur la carte.<\/p>\n\n\n\n<h3 class=\"wp-block-heading\">Qu\u2019est-ce que l\u2019option <em>Continuous Dining<\/em> (repas \u00e0 toute heure)?<\/h3>\n\n\n\n<p>Les \u00e9tudiants qui ont achet\u00e9 une formule <em>Continuous Dining<\/em> (Hearty Eater, Square Mealer ou Flexible Diner) peuvent utiliser leur carte \u00e9tudiant \u00e0 la caf\u00e9t\u00e9ria Dewhurst entre 7\u202fh\u202f30 et 21\u202fh du lundi au dimanche et manger \u00ab\u202f\u00e0 volont\u00e9\u202f\u00bb. Tu n\u2019as qu\u2019\u00e0 balayer ta carte \u00e9tudiante \u00e0 l\u2019entr\u00e9e, et tu auras acc\u00e8s \u00e0 tout ce qui est offert, aussi souvent que tu le souhaites.<\/p>\n\n\n\n<p>Depuis l\u2019ann\u00e9e derni\u00e8re, les \u00e9tudiants ont maintenant aussi la possibilit\u00e9 de se rendre au nouveau Purple Pod situ\u00e9 au Centre pour les \u00e9tudiants pour des collations de fin de soir\u00e9e. Un cr\u00e9dit de 9,50\u202f$ est compris avec nos formules de repas \u00e0 toute heure (Flexible, Square Mealer et Hearty Eater).<\/p>\n\n\n\n<h3 class=\"wp-block-heading\">Et si je veux acheter de la nourriture dans un restaurant sur le campus?<\/h3>\n\n\n\n<p>Tes achats peuvent \u00eatre pay\u00e9s avec tes Dollars <em>Campus Dining<\/em>. Si les fonds sont insuffisants, tes dollars <em>Argent Co-op et points de vente de restauration<\/em> seront utilis\u00e9s. Et si ces fonds sont aussi insuffisants, ton solde de Dollars Gaiter sera utilis\u00e9.<\/p>\n\n\n\n<h2 class=\"wp-block-heading\">Prochaines \u00e9tapes<\/h2>\n\n\n\n<p>Habiter sur le campus n\u2019est pas seulement une option abordable et pratique, c\u2019est aussi un moyen de rendre ton s\u00e9jour \u00e0 Bishop\u2019s inoubliable. Si tu as accept\u00e9 ton invitation \u00e0 l\u2019Universit\u00e9 Bishop\u2019s, c\u2019est le moment de faire ta demande de logement en r\u00e9sidence pour profiter pleinement de notre communaut\u00e9!<\/p>\n\n\n\n<div class=\"wp-block-buttons is-layout-flex wp-block-buttons-is-layout-flex\">\n<div class=\"wp-block-button\"><a class=\"wp-block-button__link has-purple-background-color has-background wp-element-button\" href=\"https:\/\/ubishops.starrezhousing.com\/StarRezPortalX\/login\">Fais ta demande de logement sur le campus<\/a><\/div>\n<\/div>\n","protected":false},"excerpt":{"rendered":"<p>Les avantages de vivre sur le campus Il y a de nombreux avantages financiers et pratiques \u00e0 habiter sur le campus. Savais-tu qu\u2019en r\u00e9sidence sur le campus, ton bail est d\u2019une dur\u00e9e de 8\u202fmois (soit l\u2019ann\u00e9e universitaire), alors qu\u2019ailleurs les baux sont presque toujours d\u2019au moins 12\u202fmois? Et tes frais de r\u00e9sidence comprennent tout\u202f: pas&#8230;<\/p>\n","protected":false},"author":49,"featured_media":0,"parent":114547,"menu_order":54,"comment_status":"closed","ping_status":"closed","template":"","meta":{"_acf_changed":false,"_cbd_carousel_blocks":"[]","_kad_blocks_custom_css":"","_kad_blocks_head_custom_js":"","_kad_blocks_body_custom_js":"","_kad_blocks_footer_custom_js":"","_kad_post_transparent":"","_kad_post_title":"","_kad_post_layout":"","_kad_post_sidebar_id":"","_kad_post_content_style":"","_kad_post_vertical_padding":"","_kad_post_feature":"","_kad_post_feature_position":"","_kad_post_header":false,"_kad_post_footer":false,"_kad_post_classname":"","footnotes":""},"class_list":["post-114651","page","type-page","status-publish","hentry"],"acf":[],"yoast_head":"<!-- This site is optimized with the Yoast SEO plugin v27.2 - https:\/\/yoast.com\/product\/yoast-seo-wordpress\/ -->\n<title>Frais de logement et de repas - Bishop&#039;s University<\/title>\n<meta name=\"robots\" content=\"index, follow, max-snippet:-1, max-image-preview:large, max-video-preview:-1\" \/>\n<link rel=\"canonical\" href=\"https:\/\/www.ubishops.ca\/fr\/habiter-sur-le-campus\/frais-de-logement-et-de-repas\/\" \/>\n<meta property=\"og:locale\" content=\"fr_FR\" \/>\n<meta property=\"og:type\" content=\"article\" \/>\n<meta property=\"og:title\" content=\"Frais de logement et de repas - Bishop&#039;s University\" \/>\n<meta property=\"og:description\" content=\"Les avantages de vivre sur le campus Il y a de nombreux avantages financiers et pratiques \u00e0 habiter sur le campus. Savais-tu qu\u2019en r\u00e9sidence sur le campus, ton bail est d\u2019une dur\u00e9e de 8\u202fmois (soit l\u2019ann\u00e9e universitaire), alors qu\u2019ailleurs les baux sont presque toujours d\u2019au moins 12\u202fmois? Et tes frais de r\u00e9sidence comprennent tout\u202f: pas...\" \/>\n<meta property=\"og:url\" content=\"https:\/\/www.ubishops.ca\/fr\/habiter-sur-le-campus\/frais-de-logement-et-de-repas\/\" \/>\n<meta property=\"og:site_name\" content=\"Bishop&#039;s University\" \/>\n<meta property=\"article:publisher\" content=\"https:\/\/www.facebook.com\/ubishops\" \/>\n<meta property=\"article:modified_time\" content=\"2025-07-17T14:26:47+00:00\" \/>\n<meta name=\"twitter:card\" content=\"summary_large_image\" \/>\n<meta name=\"twitter:site\" content=\"@ubishops\" \/>\n<meta name=\"twitter:label1\" content=\"Dur\u00e9e de lecture estim\u00e9e\" \/>\n\t<meta name=\"twitter:data1\" content=\"3 minutes\" \/>\n<script type=\"application\/ld+json\" class=\"yoast-schema-graph\">{\"@context\":\"https:\/\/schema.org\",\"@graph\":[{\"@type\":\"WebPage\",\"@id\":\"https:\/\/www.ubishops.ca\/fr\/habiter-sur-le-campus\/frais-de-logement-et-de-repas\/\",\"url\":\"https:\/\/www.ubishops.ca\/fr\/habiter-sur-le-campus\/frais-de-logement-et-de-repas\/\",\"name\":\"Frais de logement et de repas - Bishop&#039;s University\",\"isPartOf\":{\"@id\":\"https:\/\/www.ubishops.ca\/#website\"},\"datePublished\":\"2015-12-02T19:25:23+00:00\",\"dateModified\":\"2025-07-17T14:26:47+00:00\",\"breadcrumb\":{\"@id\":\"https:\/\/www.ubishops.ca\/fr\/habiter-sur-le-campus\/frais-de-logement-et-de-repas\/#breadcrumb\"},\"inLanguage\":\"fr-FR\",\"potentialAction\":[{\"@type\":\"ReadAction\",\"target\":[\"https:\/\/www.ubishops.ca\/fr\/habiter-sur-le-campus\/frais-de-logement-et-de-repas\/\"]}]},{\"@type\":\"BreadcrumbList\",\"@id\":\"https:\/\/www.ubishops.ca\/fr\/habiter-sur-le-campus\/frais-de-logement-et-de-repas\/#breadcrumb\",\"itemListElement\":[{\"@type\":\"ListItem\",\"position\":1,\"name\":\"Accueil\",\"item\":\"https:\/\/www.ubishops.ca\/fr\/\"},{\"@type\":\"ListItem\",\"position\":2,\"name\":\"Habiter sur le campus\",\"item\":\"https:\/\/www.ubishops.ca\/fr\/habiter-sur-le-campus\/\"},{\"@type\":\"ListItem\",\"position\":3,\"name\":\"Frais de logement et de repas\"}]},{\"@type\":\"WebSite\",\"@id\":\"https:\/\/www.ubishops.ca\/#website\",\"url\":\"https:\/\/www.ubishops.ca\/\",\"name\":\"Bishop&#039;s University\",\"description\":\"\",\"potentialAction\":[{\"@type\":\"SearchAction\",\"target\":{\"@type\":\"EntryPoint\",\"urlTemplate\":\"https:\/\/www.ubishops.ca\/?s={search_term_string}\"},\"query-input\":{\"@type\":\"PropertyValueSpecification\",\"valueRequired\":true,\"valueName\":\"search_term_string\"}}],\"inLanguage\":\"fr-FR\"}]}<\/script>\n<!-- \/ Yoast SEO plugin. -->","yoast_head_json":{"title":"Frais de logement et de repas - Bishop&#039;s University","robots":{"index":"index","follow":"follow","max-snippet":"max-snippet:-1","max-image-preview":"max-image-preview:large","max-video-preview":"max-video-preview:-1"},"canonical":"https:\/\/www.ubishops.ca\/fr\/habiter-sur-le-campus\/frais-de-logement-et-de-repas\/","og_locale":"fr_FR","og_type":"article","og_title":"Frais de logement et de repas - Bishop&#039;s University","og_description":"Les avantages de vivre sur le campus Il y a de nombreux avantages financiers et pratiques \u00e0 habiter sur le campus. Savais-tu qu\u2019en r\u00e9sidence sur le campus, ton bail est d\u2019une dur\u00e9e de 8\u202fmois (soit l\u2019ann\u00e9e universitaire), alors qu\u2019ailleurs les baux sont presque toujours d\u2019au moins 12\u202fmois? Et tes frais de r\u00e9sidence comprennent tout\u202f: pas...","og_url":"https:\/\/www.ubishops.ca\/fr\/habiter-sur-le-campus\/frais-de-logement-et-de-repas\/","og_site_name":"Bishop&#039;s University","article_publisher":"https:\/\/www.facebook.com\/ubishops","article_modified_time":"2025-07-17T14:26:47+00:00","twitter_card":"summary_large_image","twitter_site":"@ubishops","twitter_misc":{"Dur\u00e9e de lecture estim\u00e9e":"3 minutes"},"schema":{"@context":"https:\/\/schema.org","@graph":[{"@type":"WebPage","@id":"https:\/\/www.ubishops.ca\/fr\/habiter-sur-le-campus\/frais-de-logement-et-de-repas\/","url":"https:\/\/www.ubishops.ca\/fr\/habiter-sur-le-campus\/frais-de-logement-et-de-repas\/","name":"Frais de logement et de repas - Bishop&#039;s University","isPartOf":{"@id":"https:\/\/www.ubishops.ca\/#website"},"datePublished":"2015-12-02T19:25:23+00:00","dateModified":"2025-07-17T14:26:47+00:00","breadcrumb":{"@id":"https:\/\/www.ubishops.ca\/fr\/habiter-sur-le-campus\/frais-de-logement-et-de-repas\/#breadcrumb"},"inLanguage":"fr-FR","potentialAction":[{"@type":"ReadAction","target":["https:\/\/www.ubishops.ca\/fr\/habiter-sur-le-campus\/frais-de-logement-et-de-repas\/"]}]},{"@type":"BreadcrumbList","@id":"https:\/\/www.ubishops.ca\/fr\/habiter-sur-le-campus\/frais-de-logement-et-de-repas\/#breadcrumb","itemListElement":[{"@type":"ListItem","position":1,"name":"Accueil","item":"https:\/\/www.ubishops.ca\/fr\/"},{"@type":"ListItem","position":2,"name":"Habiter sur le campus","item":"https:\/\/www.ubishops.ca\/fr\/habiter-sur-le-campus\/"},{"@type":"ListItem","position":3,"name":"Frais de logement et de repas"}]},{"@type":"WebSite","@id":"https:\/\/www.ubishops.ca\/#website","url":"https:\/\/www.ubishops.ca\/","name":"Bishop&#039;s University","description":"","potentialAction":[{"@type":"SearchAction","target":{"@type":"EntryPoint","urlTemplate":"https:\/\/www.ubishops.ca\/?s={search_term_string}"},"query-input":{"@type":"PropertyValueSpecification","valueRequired":true,"valueName":"search_term_string"}}],"inLanguage":"fr-FR"}]}},"taxonomy_info":[],"featured_image_src_large":false,"author_info":{"display_name":"Julie Fradette","author_link":"https:\/\/www.ubishops.ca\/fr\/author\/jfradett\/"},"comment_info":0,"publishpress_future_action":{"enabled":false,"date":"2026-04-15 14:45:48","action":"change-status","newStatus":"draft","terms":[],"taxonomy":"translation_priority","extraData":[]},"publishpress_future_workflow_manual_trigger":{"enabledWorkflows":[]},"_links":{"self":[{"href":"https:\/\/www.ubishops.ca\/fr\/wp-json\/wp\/v2\/pages\/114651","targetHints":{"allow":["GET"]}}],"collection":[{"href":"https:\/\/www.ubishops.ca\/fr\/wp-json\/wp\/v2\/pages"}],"about":[{"href":"https:\/\/www.ubishops.ca\/fr\/wp-json\/wp\/v2\/types\/page"}],"author":[{"embeddable":true,"href":"https:\/\/www.ubishops.ca\/fr\/wp-json\/wp\/v2\/users\/49"}],"replies":[{"embeddable":true,"href":"https:\/\/www.ubishops.ca\/fr\/wp-json\/wp\/v2\/comments?post=114651"}],"version-history":[{"count":8,"href":"https:\/\/www.ubishops.ca\/fr\/wp-json\/wp\/v2\/pages\/114651\/revisions"}],"predecessor-version":[{"id":125671,"href":"https:\/\/www.ubishops.ca\/fr\/wp-json\/wp\/v2\/pages\/114651\/revisions\/125671"}],"up":[{"embeddable":true,"href":"https:\/\/www.ubishops.ca\/fr\/wp-json\/wp\/v2\/pages\/114547"}],"wp:attachment":[{"href":"https:\/\/www.ubishops.ca\/fr\/wp-json\/wp\/v2\/media?parent=114651"}],"curies":[{"name":"wp","href":"https:\/\/api.w.org\/{rel}","templated":true}]}}