{"id":114558,"date":"2015-11-30T11:23:27","date_gmt":"2015-11-30T16:23:27","guid":{"rendered":"https:\/\/www.ubishops.ca\/habiter-sur-le-campus\/residence-halls\/"},"modified":"2025-05-20T15:06:40","modified_gmt":"2025-05-20T19:06:40","slug":"pavillons-de-residence","status":"publish","type":"page","link":"https:\/\/www.ubishops.ca\/fr\/habiter-sur-le-campus\/pavillons-de-residence\/","title":{"rendered":"Pavillons de r\u00e9sidence"},"content":{"rendered":"\n<h2 class=\"wp-block-heading\">Kuehner<\/h2>\n\n\n\n<figure class=\"wp-block-image size-full\"><img decoding=\"async\" width=\"800\" height=\"400\" src=\"https:\/\/www.ubishops.ca\/wp-content\/uploads\/kuehner800.jpg\" alt=\"Kuehner is a bog style residence\" class=\"wp-image-111217\" srcset=\"https:\/\/www.ubishops.ca\/wp-content\/uploads\/kuehner800.jpg 800w, https:\/\/www.ubishops.ca\/wp-content\/uploads\/kuehner800-300x150.jpg 300w, https:\/\/www.ubishops.ca\/wp-content\/uploads\/kuehner800-150x75.jpg 150w, https:\/\/www.ubishops.ca\/wp-content\/uploads\/kuehner800-768x384.jpg 768w\" sizes=\"(max-width: 800px) 100vw, 800px\" \/><\/figure>\n\n\n\n<p>Le pavillon Kuehner offre des r\u00e9sidences de style semi-priv\u00e9 (bog style) et se situe entre le complexe sportif et la caf\u00e9t\u00e9ria Dewhurst. M\u00eame s\u2019il est un peu plus loin des \u00e9difices o\u00f9 les cours sont donn\u00e9s, ce pavillon donne facilement acc\u00e8s \u00e0 nos sentiers panoramiques autour du campus.<\/p>\n\n\n\n<p><a href=\"https:\/\/www.ubishops.ca\/living-on-campus\/residence-halls\/kuehner\/\">D\u00e9couvre Kuehner<\/a><\/p>\n\n\n\n<div style=\"height:30px\" aria-hidden=\"true\" class=\"wp-block-spacer\"><\/div>\n\n\n\n<h2 class=\"wp-block-heading\">Abbott<\/h2>\n\n\n\n<figure class=\"wp-block-image size-full\"><img decoding=\"async\" width=\"800\" height=\"400\" src=\"https:\/\/www.ubishops.ca\/wp-content\/uploads\/Abbott800.jpg\" alt=\"Abbott is a bog style residence\" class=\"wp-image-111213\" srcset=\"https:\/\/www.ubishops.ca\/wp-content\/uploads\/Abbott800.jpg 800w, https:\/\/www.ubishops.ca\/wp-content\/uploads\/Abbott800-300x150.jpg 300w, https:\/\/www.ubishops.ca\/wp-content\/uploads\/Abbott800-150x75.jpg 150w, https:\/\/www.ubishops.ca\/wp-content\/uploads\/Abbott800-768x384.jpg 768w\" sizes=\"(max-width: 800px) 100vw, 800px\" \/><\/figure>\n\n\n\n<p>Le pavillon Abbott offre aussi des r\u00e9sidences de style semi-priv\u00e9 (bog style) et se situe entre la caf\u00e9t\u00e9ria Dewhurst et le terrain de soccer. Abbott est g\u00e9n\u00e9ralement reconnu comme le pavillon id\u00e9al. \u00c0 distance \u00e9gale des pavillons de classes et de sports, Abbott est pr\u00e8s du centre du campus et constitue un choix de r\u00e9sidence flexible et autonome.<\/p>\n\n\n\n<p><a href=\"https:\/\/www.ubishops.ca\/living-on-campus\/residence-halls\/abbott\/\">D\u00e9couvre Abbott<\/a><\/p>\n\n\n\n<div style=\"height:30px\" aria-hidden=\"true\" class=\"wp-block-spacer\"><\/div>\n\n\n\n<h2 class=\"wp-block-heading\">Janyne Hodder<strong>&nbsp;<\/strong><\/h2>\n\n\n\n<figure class=\"wp-block-image size-full is-resized\"><img decoding=\"async\" width=\"800\" height=\"400\" src=\"https:\/\/www.ubishops.ca\/wp-content\/uploads\/hodder800.jpg\" alt=\"Janyne Hodder is our newest residence\" class=\"wp-image-111215\" style=\"width:800px;height:400px\" srcset=\"https:\/\/www.ubishops.ca\/wp-content\/uploads\/hodder800.jpg 800w, https:\/\/www.ubishops.ca\/wp-content\/uploads\/hodder800-300x150.jpg 300w, https:\/\/www.ubishops.ca\/wp-content\/uploads\/hodder800-150x75.jpg 150w, https:\/\/www.ubishops.ca\/wp-content\/uploads\/hodder800-768x384.jpg 768w\" sizes=\"(max-width: 800px) 100vw, 800px\" \/><\/figure>\n\n\n\n<p>Notre plus r\u00e9cent pavillon, achev\u00e9 en 2023, il offre des r\u00e9sidences de style traditionnel et se situe entre les \u00e9difices de classes et la caf\u00e9t\u00e9ria Dewhurst. Cette r\u00e9sidence est aussi tout pr\u00e8s du centre du campus. Le pavillon Hodder est notre plus moderne des pavillons de r\u00e9sidence, avec des am\u00e9nagements et des aires communes au go\u00fbt du jour.<\/p>\n\n\n\n<p><a href=\"https:\/\/www.ubishops.ca\/fr\/habiter-sur-le-campus\/pavillons-de-residence\/\">Explore Hodder<\/a><\/p>\n\n\n\n<div style=\"height:30px\" aria-hidden=\"true\" class=\"wp-block-spacer\"><\/div>\n\n\n\n<h2 class=\"wp-block-heading\">Bandeen et Pollack<\/h2>\n\n\n\n<figure class=\"wp-block-image size-large is-resized\"><img decoding=\"async\" width=\"1024\" height=\"575\" src=\"https:\/\/www.ubishops.ca\/wp-content\/uploads\/Norton-2-copy-1024x575.jpg\" alt=\"\" class=\"wp-image-101883\" style=\"width:800px;height:400px\" srcset=\"https:\/\/www.ubishops.ca\/wp-content\/uploads\/Norton-2-copy-1024x575.jpg 1024w, https:\/\/www.ubishops.ca\/wp-content\/uploads\/Norton-2-copy-300x168.jpg 300w, https:\/\/www.ubishops.ca\/wp-content\/uploads\/Norton-2-copy-150x84.jpg 150w, https:\/\/www.ubishops.ca\/wp-content\/uploads\/Norton-2-copy-768x431.jpg 768w, https:\/\/www.ubishops.ca\/wp-content\/uploads\/Norton-2-copy-1536x862.jpg 1536w, https:\/\/www.ubishops.ca\/wp-content\/uploads\/Norton-2-copy-2048x1149.jpg 2048w\" sizes=\"(max-width: 1024px) 100vw, 1024px\" \/><\/figure>\n\n\n\n<p>Ces deux pavillons de style traditionnel ont vu sur le \u00ab\u202fQuad\u202f\u00bb et ils sont tout pr\u00e8s de la majorit\u00e9 des \u00e9difices o\u00f9 les cours sont donn\u00e9s et de la biblioth\u00e8que. Ils offrent des chambres individuelles. Ces r\u00e9sidences sont aussi les plus pr\u00e8s du centre-ville de Lennoxville.<\/p>\n\n\n\n<p><a href=\"https:\/\/www.ubishops.ca\/living-on-campus\/residence-halls\/norton-bandeen-pollack\/\">D\u00e9couvre ces deux superbes r\u00e9sidences<\/a><\/p>\n\n\n\n<div style=\"height:30px\" aria-hidden=\"true\" class=\"wp-block-spacer\"><\/div>\n\n\n\n<h2 class=\"wp-block-heading\">Paterson<\/h2>\n\n\n\n<figure class=\"wp-block-image size-full\"><img decoding=\"async\" width=\"800\" height=\"400\" src=\"https:\/\/www.ubishops.ca\/wp-content\/uploads\/Paterson800.jpg\" alt=\"Paterson offers apartment-style suites\" class=\"wp-image-111221\" srcset=\"https:\/\/www.ubishops.ca\/wp-content\/uploads\/Paterson800.jpg 800w, https:\/\/www.ubishops.ca\/wp-content\/uploads\/Paterson800-300x150.jpg 300w, https:\/\/www.ubishops.ca\/wp-content\/uploads\/Paterson800-150x75.jpg 150w, https:\/\/www.ubishops.ca\/wp-content\/uploads\/Paterson800-768x384.jpg 768w\" sizes=\"(max-width: 800px) 100vw, 800px\" \/><\/figure>\n\n\n\n<p>Ce pavillon abrite des \u00ab\u202fsuites\u202f\u00bb de quatre chambres, deux salles de bain, une cuisine et un salon. \u00c0 une courte distance du complexe sportif, il est le plus pr\u00e8s de nos sentiers en for\u00eat autour du campus.<\/p>\n\n\n\n<p><a href=\"https:\/\/www.ubishops.ca\/living-on-campus\/residence-halls\/paterson\/\">Explore Paterson<\/a><\/p>\n\n\n\n<div style=\"height:30px\" aria-hidden=\"true\" class=\"wp-block-spacer\"><\/div>\n\n\n\n<h2 class=\"wp-block-heading\">Munster<\/h2>\n\n\n\n<figure class=\"wp-block-image size-full\"><img decoding=\"async\" width=\"800\" height=\"400\" src=\"https:\/\/www.ubishops.ca\/wp-content\/uploads\/munster800.jpg\" alt=\"Munster is a bog style residence\" class=\"wp-image-111219\" srcset=\"https:\/\/www.ubishops.ca\/wp-content\/uploads\/munster800.jpg 800w, https:\/\/www.ubishops.ca\/wp-content\/uploads\/munster800-300x150.jpg 300w, https:\/\/www.ubishops.ca\/wp-content\/uploads\/munster800-150x75.jpg 150w, https:\/\/www.ubishops.ca\/wp-content\/uploads\/munster800-768x384.jpg 768w\" sizes=\"(max-width: 800px) 100vw, 800px\" \/><\/figure>\n\n\n\n<p>Le pavillon Munster offre des r\u00e9sidences de style semi-priv\u00e9 (bog style) et se situe entre le pavillon Paterson et la caf\u00e9t\u00e9ria Dewhurst. Ce pavillon a une politique de qui\u00e9tude 24\/7, ce qui en fait le choix id\u00e9al des Gaiters qui souhaitent relaxer et se concentrer sur leurs \u00e9tudes toute l\u2019ann\u00e9e. Munster est aussi le plus \u00e9loign\u00e9 des aires achaland\u00e9es sur le campus, ce qui r\u00e9duit le bruit et la circulation tout autour.<\/p>\n\n\n\n<p><a href=\"https:\/\/www.ubishops.ca\/living-on-campus\/residence-halls\/munster\/\">Jette un \u0153il sur Munster<\/a><\/p>\n\n\n\n<div style=\"height:30px\" aria-hidden=\"true\" class=\"wp-block-spacer\"><\/div>\n\n\n\n<h2 class=\"wp-block-heading\">Assistants en residence<\/h2>\n\n\n\n<p>Tous les \u00e9tudiants en r\u00e9sidence profitent de la compagnie d\u2019assistants dans leur pavillon, des \u00e9tudiantes et \u00e9tudiants en deuxi\u00e8me\u202fann\u00e9e ou plus. Ces mod\u00e8les s\u2019efforcent de maintenir une communaut\u00e9 accueillante et s\u00e9curitaire pour tous, et faciliteront ta transition vers la vie universitaire.<\/p>\n\n\n\n<p><a href=\"https:\/\/jobboard.ubishops.ca\/\" target=\"_blank\" rel=\"noreferrer noopener\">Deviens assistant toi aussi<\/a><\/p>\n","protected":false},"excerpt":{"rendered":"<p>Kuehner Le pavillon Kuehner offre des r\u00e9sidences de style semi-priv\u00e9 (bog style) et se situe entre le complexe sportif et la caf\u00e9t\u00e9ria Dewhurst. M\u00eame s\u2019il est un peu plus loin des \u00e9difices o\u00f9 les cours sont donn\u00e9s, ce pavillon donne facilement acc\u00e8s \u00e0 nos sentiers panoramiques autour du campus. D\u00e9couvre Kuehner Abbott Le pavillon Abbott&#8230;<\/p>\n","protected":false},"author":49,"featured_media":0,"parent":114547,"menu_order":53,"comment_status":"closed","ping_status":"closed","template":"","meta":{"_acf_changed":false,"_cbd_carousel_blocks":"[]","_kad_blocks_custom_css":"","_kad_blocks_head_custom_js":"","_kad_blocks_body_custom_js":"","_kad_blocks_footer_custom_js":"","_kad_post_transparent":"","_kad_post_title":"","_kad_post_layout":"","_kad_post_sidebar_id":"","_kad_post_content_style":"","_kad_post_vertical_padding":"","_kad_post_feature":"","_kad_post_feature_position":"","_kad_post_header":false,"_kad_post_footer":false,"_kad_post_classname":"","footnotes":""},"class_list":["post-114558","page","type-page","status-publish","hentry"],"acf":[],"yoast_head":"<!-- This site is optimized with the Yoast SEO plugin v27.2 - https:\/\/yoast.com\/product\/yoast-seo-wordpress\/ -->\n<title>Pavillons de r\u00e9sidence - Bishop&#039;s University<\/title>\n<meta name=\"robots\" content=\"index, follow, max-snippet:-1, max-image-preview:large, max-video-preview:-1\" \/>\n<link rel=\"canonical\" href=\"https:\/\/www.ubishops.ca\/fr\/habiter-sur-le-campus\/pavillons-de-residence\/\" \/>\n<meta property=\"og:locale\" content=\"fr_FR\" \/>\n<meta property=\"og:type\" content=\"article\" \/>\n<meta property=\"og:title\" content=\"Pavillons de r\u00e9sidence - Bishop&#039;s University\" \/>\n<meta property=\"og:description\" content=\"Kuehner Le pavillon Kuehner offre des r\u00e9sidences de style semi-priv\u00e9 (bog style) et se situe entre le complexe sportif et la caf\u00e9t\u00e9ria Dewhurst. M\u00eame s\u2019il est un peu plus loin des \u00e9difices o\u00f9 les cours sont donn\u00e9s, ce pavillon donne facilement acc\u00e8s \u00e0 nos sentiers panoramiques autour du campus. D\u00e9couvre Kuehner Abbott Le pavillon Abbott...\" \/>\n<meta property=\"og:url\" content=\"https:\/\/www.ubishops.ca\/fr\/habiter-sur-le-campus\/pavillons-de-residence\/\" \/>\n<meta property=\"og:site_name\" content=\"Bishop&#039;s University\" \/>\n<meta property=\"article:publisher\" content=\"https:\/\/www.facebook.com\/ubishops\" \/>\n<meta property=\"article:modified_time\" content=\"2025-05-20T19:06:40+00:00\" \/>\n<meta property=\"og:image\" content=\"https:\/\/www.ubishops.ca\/wp-content\/uploads\/kuehner800.jpg\" \/>\n\t<meta property=\"og:image:width\" content=\"800\" \/>\n\t<meta property=\"og:image:height\" content=\"400\" \/>\n\t<meta property=\"og:image:type\" content=\"image\/jpeg\" \/>\n<meta name=\"twitter:card\" content=\"summary_large_image\" \/>\n<meta name=\"twitter:site\" content=\"@ubishops\" \/>\n<meta name=\"twitter:label1\" content=\"Dur\u00e9e de lecture estim\u00e9e\" \/>\n\t<meta name=\"twitter:data1\" content=\"1 minute\" \/>\n<script type=\"application\/ld+json\" class=\"yoast-schema-graph\">{\"@context\":\"https:\/\/schema.org\",\"@graph\":[{\"@type\":\"WebPage\",\"@id\":\"https:\/\/www.ubishops.ca\/fr\/habiter-sur-le-campus\/pavillons-de-residence\/\",\"url\":\"https:\/\/www.ubishops.ca\/fr\/habiter-sur-le-campus\/pavillons-de-residence\/\",\"name\":\"Pavillons de r\u00e9sidence - Bishop&#039;s University\",\"isPartOf\":{\"@id\":\"https:\/\/www.ubishops.ca\/#website\"},\"primaryImageOfPage\":{\"@id\":\"https:\/\/www.ubishops.ca\/fr\/habiter-sur-le-campus\/pavillons-de-residence\/#primaryimage\"},\"image\":{\"@id\":\"https:\/\/www.ubishops.ca\/fr\/habiter-sur-le-campus\/pavillons-de-residence\/#primaryimage\"},\"thumbnailUrl\":\"https:\/\/www.ubishops.ca\/wp-content\/uploads\/kuehner800.jpg\",\"datePublished\":\"2015-11-30T16:23:27+00:00\",\"dateModified\":\"2025-05-20T19:06:40+00:00\",\"breadcrumb\":{\"@id\":\"https:\/\/www.ubishops.ca\/fr\/habiter-sur-le-campus\/pavillons-de-residence\/#breadcrumb\"},\"inLanguage\":\"fr-FR\",\"potentialAction\":[{\"@type\":\"ReadAction\",\"target\":[\"https:\/\/www.ubishops.ca\/fr\/habiter-sur-le-campus\/pavillons-de-residence\/\"]}]},{\"@type\":\"ImageObject\",\"inLanguage\":\"fr-FR\",\"@id\":\"https:\/\/www.ubishops.ca\/fr\/habiter-sur-le-campus\/pavillons-de-residence\/#primaryimage\",\"url\":\"https:\/\/www.ubishops.ca\/wp-content\/uploads\/kuehner800.jpg\",\"contentUrl\":\"https:\/\/www.ubishops.ca\/wp-content\/uploads\/kuehner800.jpg\"},{\"@type\":\"BreadcrumbList\",\"@id\":\"https:\/\/www.ubishops.ca\/fr\/habiter-sur-le-campus\/pavillons-de-residence\/#breadcrumb\",\"itemListElement\":[{\"@type\":\"ListItem\",\"position\":1,\"name\":\"Accueil\",\"item\":\"https:\/\/www.ubishops.ca\/fr\/\"},{\"@type\":\"ListItem\",\"position\":2,\"name\":\"Habiter sur le campus\",\"item\":\"https:\/\/www.ubishops.ca\/fr\/habiter-sur-le-campus\/\"},{\"@type\":\"ListItem\",\"position\":3,\"name\":\"Pavillons de r\u00e9sidence\"}]},{\"@type\":\"WebSite\",\"@id\":\"https:\/\/www.ubishops.ca\/#website\",\"url\":\"https:\/\/www.ubishops.ca\/\",\"name\":\"Bishop&#039;s University\",\"description\":\"\",\"potentialAction\":[{\"@type\":\"SearchAction\",\"target\":{\"@type\":\"EntryPoint\",\"urlTemplate\":\"https:\/\/www.ubishops.ca\/?s={search_term_string}\"},\"query-input\":{\"@type\":\"PropertyValueSpecification\",\"valueRequired\":true,\"valueName\":\"search_term_string\"}}],\"inLanguage\":\"fr-FR\"}]}<\/script>\n<!-- \/ Yoast SEO plugin. -->","yoast_head_json":{"title":"Pavillons de r\u00e9sidence - Bishop&#039;s University","robots":{"index":"index","follow":"follow","max-snippet":"max-snippet:-1","max-image-preview":"max-image-preview:large","max-video-preview":"max-video-preview:-1"},"canonical":"https:\/\/www.ubishops.ca\/fr\/habiter-sur-le-campus\/pavillons-de-residence\/","og_locale":"fr_FR","og_type":"article","og_title":"Pavillons de r\u00e9sidence - Bishop&#039;s University","og_description":"Kuehner Le pavillon Kuehner offre des r\u00e9sidences de style semi-priv\u00e9 (bog style) et se situe entre le complexe sportif et la caf\u00e9t\u00e9ria Dewhurst. M\u00eame s\u2019il est un peu plus loin des \u00e9difices o\u00f9 les cours sont donn\u00e9s, ce pavillon donne facilement acc\u00e8s \u00e0 nos sentiers panoramiques autour du campus. D\u00e9couvre Kuehner Abbott Le pavillon Abbott...","og_url":"https:\/\/www.ubishops.ca\/fr\/habiter-sur-le-campus\/pavillons-de-residence\/","og_site_name":"Bishop&#039;s University","article_publisher":"https:\/\/www.facebook.com\/ubishops","article_modified_time":"2025-05-20T19:06:40+00:00","og_image":[{"width":800,"height":400,"url":"https:\/\/www.ubishops.ca\/wp-content\/uploads\/kuehner800.jpg","type":"image\/jpeg"}],"twitter_card":"summary_large_image","twitter_site":"@ubishops","twitter_misc":{"Dur\u00e9e de lecture estim\u00e9e":"1 minute"},"schema":{"@context":"https:\/\/schema.org","@graph":[{"@type":"WebPage","@id":"https:\/\/www.ubishops.ca\/fr\/habiter-sur-le-campus\/pavillons-de-residence\/","url":"https:\/\/www.ubishops.ca\/fr\/habiter-sur-le-campus\/pavillons-de-residence\/","name":"Pavillons de r\u00e9sidence - Bishop&#039;s University","isPartOf":{"@id":"https:\/\/www.ubishops.ca\/#website"},"primaryImageOfPage":{"@id":"https:\/\/www.ubishops.ca\/fr\/habiter-sur-le-campus\/pavillons-de-residence\/#primaryimage"},"image":{"@id":"https:\/\/www.ubishops.ca\/fr\/habiter-sur-le-campus\/pavillons-de-residence\/#primaryimage"},"thumbnailUrl":"https:\/\/www.ubishops.ca\/wp-content\/uploads\/kuehner800.jpg","datePublished":"2015-11-30T16:23:27+00:00","dateModified":"2025-05-20T19:06:40+00:00","breadcrumb":{"@id":"https:\/\/www.ubishops.ca\/fr\/habiter-sur-le-campus\/pavillons-de-residence\/#breadcrumb"},"inLanguage":"fr-FR","potentialAction":[{"@type":"ReadAction","target":["https:\/\/www.ubishops.ca\/fr\/habiter-sur-le-campus\/pavillons-de-residence\/"]}]},{"@type":"ImageObject","inLanguage":"fr-FR","@id":"https:\/\/www.ubishops.ca\/fr\/habiter-sur-le-campus\/pavillons-de-residence\/#primaryimage","url":"https:\/\/www.ubishops.ca\/wp-content\/uploads\/kuehner800.jpg","contentUrl":"https:\/\/www.ubishops.ca\/wp-content\/uploads\/kuehner800.jpg"},{"@type":"BreadcrumbList","@id":"https:\/\/www.ubishops.ca\/fr\/habiter-sur-le-campus\/pavillons-de-residence\/#breadcrumb","itemListElement":[{"@type":"ListItem","position":1,"name":"Accueil","item":"https:\/\/www.ubishops.ca\/fr\/"},{"@type":"ListItem","position":2,"name":"Habiter sur le campus","item":"https:\/\/www.ubishops.ca\/fr\/habiter-sur-le-campus\/"},{"@type":"ListItem","position":3,"name":"Pavillons de r\u00e9sidence"}]},{"@type":"WebSite","@id":"https:\/\/www.ubishops.ca\/#website","url":"https:\/\/www.ubishops.ca\/","name":"Bishop&#039;s University","description":"","potentialAction":[{"@type":"SearchAction","target":{"@type":"EntryPoint","urlTemplate":"https:\/\/www.ubishops.ca\/?s={search_term_string}"},"query-input":{"@type":"PropertyValueSpecification","valueRequired":true,"valueName":"search_term_string"}}],"inLanguage":"fr-FR"}]}},"taxonomy_info":[],"featured_image_src_large":false,"author_info":{"display_name":"Julie Fradette","author_link":"https:\/\/www.ubishops.ca\/fr\/author\/jfradett\/"},"comment_info":0,"publishpress_future_action":{"enabled":false,"date":"2026-04-15 13:16:38","action":"change-status","newStatus":"draft","terms":[],"taxonomy":"translation_priority","extraData":[]},"publishpress_future_workflow_manual_trigger":{"enabledWorkflows":[]},"_links":{"self":[{"href":"https:\/\/www.ubishops.ca\/fr\/wp-json\/wp\/v2\/pages\/114558","targetHints":{"allow":["GET"]}}],"collection":[{"href":"https:\/\/www.ubishops.ca\/fr\/wp-json\/wp\/v2\/pages"}],"about":[{"href":"https:\/\/www.ubishops.ca\/fr\/wp-json\/wp\/v2\/types\/page"}],"author":[{"embeddable":true,"href":"https:\/\/www.ubishops.ca\/fr\/wp-json\/wp\/v2\/users\/49"}],"replies":[{"embeddable":true,"href":"https:\/\/www.ubishops.ca\/fr\/wp-json\/wp\/v2\/comments?post=114558"}],"version-history":[{"count":4,"href":"https:\/\/www.ubishops.ca\/fr\/wp-json\/wp\/v2\/pages\/114558\/revisions"}],"predecessor-version":[{"id":124194,"href":"https:\/\/www.ubishops.ca\/fr\/wp-json\/wp\/v2\/pages\/114558\/revisions\/124194"}],"up":[{"embeddable":true,"href":"https:\/\/www.ubishops.ca\/fr\/wp-json\/wp\/v2\/pages\/114547"}],"wp:attachment":[{"href":"https:\/\/www.ubishops.ca\/fr\/wp-json\/wp\/v2\/media?parent=114558"}],"curies":[{"name":"wp","href":"https:\/\/api.w.org\/{rel}","templated":true}]}}