{"id":114015,"date":"2016-08-23T15:37:08","date_gmt":"2016-08-23T19:37:08","guid":{"rendered":"https:\/\/www.ubishops.ca\/futurs-etudiants\/questions-financieres\/concours-de-bourses-prix-et-autres-bourses\/opportunity-funds\/"},"modified":"2024-07-26T14:29:40","modified_gmt":"2024-07-26T18:29:40","slug":"fonds-pour-les-initiatives-et-les-projets","status":"publish","type":"page","link":"https:\/\/www.ubishops.ca\/fr\/futurs-etudiants\/questions-financieres\/concours-de-bourses-prix-et-autres-bourses\/fonds-pour-les-initiatives-et-les-projets\/","title":{"rendered":"Fonds pour les initiatives et les projets"},"content":{"rendered":"\n<h2 class=\"wp-block-heading\" id=\"mcconnell-student-opportunity-fund\">Fonds pour les initiatives et les projets des \u00e9tudiants McConnell<\/h2>\n\n\n\n<p>L\u2019objectif principal de ce fonds est d\u2019encourager les projets mis sur pied par des \u00e9tudiants qui stimulent l\u2019innovation, l\u2019initiative et l\u2019ind\u00e9pendance chez les \u00e9tudiants de premier cycle en leur offrant un soutien financier pour poursuivre des activit\u00e9s de recherche appliqu\u00e9e et, plus particuli\u00e8rement, acqu\u00e9rir des exp\u00e9riences pertinentes pour leur avenir professionnel. Les sommes octroy\u00e9es visent \u00e0 faciliter le d\u00e9veloppement de nouvelles exp\u00e9riences ou \u00e0 optimiser les acquis th\u00e9oriques et pratiques en compl\u00e9mentarit\u00e9 des programmes universitaires.<\/p>\n\n\n\n<p>Pour en savoir plus ou pour conna\u00eetre la date limite de demande, <a href=\"https:\/\/www.ubishops.ca\/fr\/futurs-etudiants\/questions-financieres\/concours-de-bourses-prix-et-autres-bourses\/fonds-pour-les-initiatives-et-les-projets\/fonds-etudiants-mcconnell\/\">visite la page du Fonds pour les initiatives et les projets des \u00e9tudiants McConnell<\/a>.<\/p>\n\n\n\n<div style=\"height:30px\" aria-hidden=\"true\" class=\"wp-block-spacer\"><\/div>\n\n\n\n<h2 class=\"wp-block-heading\" id=\"tomlinson-internship-program\">Programme de stages Tomlinson<\/h2>\n\n\n\n<p>Le <a href=\"https:\/\/www.ubishops.ca\/fr\/futurs-etudiants\/questions-financieres\/concours-de-bourses-prix-et-autres-bourses\/fonds-pour-les-initiatives-et-les-projets\/programme-de-stages-tomlinson\/\">Programme de stages Tomlinson<\/a> offre aux \u00e9tudiantes et \u00e9tudiants des occasions d\u2019apprentissage par l\u2019exp\u00e9rience li\u00e9es \u00e0 leur programme d\u2019\u00e9tudes dans un contexte r\u00e9mun\u00e9r\u00e9 afin de les aider \u00e0 payer une partie de leurs frais d\u2019\u00e9tudes. Chaque ann\u00e9e, le programme investit jusqu\u2019\u00e0 20\u202f000\u202f$ pour soutenir divers postes de stagiaires sur le campus. Toutes les personnes qui occupent un poste de direction, de gestion ou de coordination parmi nos cadres ou un poste de direction de d\u00e9partement peuvent soumettre une demande. Le bureau des affaires \u00e9tudiantes soumet un appel de demandes chaque printemps. Les \u00e9tudiants sont ensuite invit\u00e9s \u00e0 postuler selon les affichages.<\/p>\n","protected":false},"excerpt":{"rendered":"<p>Fonds pour les initiatives et les projets des \u00e9tudiants McConnell L\u2019objectif principal de ce fonds est d\u2019encourager les projets mis sur pied par des \u00e9tudiants qui stimulent l\u2019innovation, l\u2019initiative et l\u2019ind\u00e9pendance chez les \u00e9tudiants de premier cycle en leur offrant un soutien financier pour poursuivre des activit\u00e9s de recherche appliqu\u00e9e et, plus particuli\u00e8rement, acqu\u00e9rir des&#8230;<\/p>\n","protected":false},"author":49,"featured_media":0,"parent":10814,"menu_order":277,"comment_status":"closed","ping_status":"closed","template":"templates\/page-width-sidebar.php","meta":{"_acf_changed":false,"_cbd_carousel_blocks":"[]","_kad_blocks_custom_css":"","_kad_blocks_head_custom_js":"","_kad_blocks_body_custom_js":"","_kad_blocks_footer_custom_js":"","_kad_post_transparent":"","_kad_post_title":"","_kad_post_layout":"","_kad_post_sidebar_id":"","_kad_post_content_style":"","_kad_post_vertical_padding":"","_kad_post_feature":"","_kad_post_feature_position":"","_kad_post_header":false,"_kad_post_footer":false,"_kad_post_classname":"","footnotes":""},"class_list":["post-114015","page","type-page","status-publish","hentry"],"acf":[],"yoast_head":"<!-- This site is optimized with the Yoast SEO plugin v27.2 - https:\/\/yoast.com\/product\/yoast-seo-wordpress\/ -->\n<title>Fonds pour les initiatives et les projets - Bishop&#039;s University<\/title>\n<meta name=\"robots\" content=\"index, follow, max-snippet:-1, max-image-preview:large, max-video-preview:-1\" \/>\n<link rel=\"canonical\" href=\"https:\/\/www.ubishops.ca\/fr\/futurs-etudiants\/questions-financieres\/concours-de-bourses-prix-et-autres-bourses\/fonds-pour-les-initiatives-et-les-projets\/\" \/>\n<meta property=\"og:locale\" content=\"fr_FR\" \/>\n<meta property=\"og:type\" content=\"article\" \/>\n<meta property=\"og:title\" content=\"Fonds pour les initiatives et les projets - Bishop&#039;s University\" \/>\n<meta property=\"og:description\" content=\"Fonds pour les initiatives et les projets des \u00e9tudiants McConnell L\u2019objectif principal de ce fonds est d\u2019encourager les projets mis sur pied par des \u00e9tudiants qui stimulent l\u2019innovation, l\u2019initiative et l\u2019ind\u00e9pendance chez les \u00e9tudiants de premier cycle en leur offrant un soutien financier pour poursuivre des activit\u00e9s de recherche appliqu\u00e9e et, plus particuli\u00e8rement, acqu\u00e9rir des...\" \/>\n<meta property=\"og:url\" content=\"https:\/\/www.ubishops.ca\/fr\/futurs-etudiants\/questions-financieres\/concours-de-bourses-prix-et-autres-bourses\/fonds-pour-les-initiatives-et-les-projets\/\" \/>\n<meta property=\"og:site_name\" content=\"Bishop&#039;s University\" \/>\n<meta property=\"article:publisher\" content=\"https:\/\/www.facebook.com\/ubishops\" \/>\n<meta property=\"article:modified_time\" content=\"2024-07-26T18:29:40+00:00\" \/>\n<meta name=\"twitter:card\" content=\"summary_large_image\" \/>\n<meta name=\"twitter:site\" content=\"@ubishops\" \/>\n<meta name=\"twitter:label1\" content=\"Dur\u00e9e de lecture estim\u00e9e\" \/>\n\t<meta name=\"twitter:data1\" content=\"1 minute\" \/>\n<script type=\"application\/ld+json\" class=\"yoast-schema-graph\">{\"@context\":\"https:\/\/schema.org\",\"@graph\":[{\"@type\":\"WebPage\",\"@id\":\"https:\/\/www.ubishops.ca\/fr\/futurs-etudiants\/questions-financieres\/concours-de-bourses-prix-et-autres-bourses\/fonds-pour-les-initiatives-et-les-projets\/\",\"url\":\"https:\/\/www.ubishops.ca\/fr\/futurs-etudiants\/questions-financieres\/concours-de-bourses-prix-et-autres-bourses\/fonds-pour-les-initiatives-et-les-projets\/\",\"name\":\"Fonds pour les initiatives et les projets - Bishop&#039;s University\",\"isPartOf\":{\"@id\":\"https:\/\/www.ubishops.ca\/#website\"},\"datePublished\":\"2016-08-23T19:37:08+00:00\",\"dateModified\":\"2024-07-26T18:29:40+00:00\",\"breadcrumb\":{\"@id\":\"https:\/\/www.ubishops.ca\/fr\/futurs-etudiants\/questions-financieres\/concours-de-bourses-prix-et-autres-bourses\/fonds-pour-les-initiatives-et-les-projets\/#breadcrumb\"},\"inLanguage\":\"fr-FR\",\"potentialAction\":[{\"@type\":\"ReadAction\",\"target\":[\"https:\/\/www.ubishops.ca\/fr\/futurs-etudiants\/questions-financieres\/concours-de-bourses-prix-et-autres-bourses\/fonds-pour-les-initiatives-et-les-projets\/\"]}]},{\"@type\":\"BreadcrumbList\",\"@id\":\"https:\/\/www.ubishops.ca\/fr\/futurs-etudiants\/questions-financieres\/concours-de-bourses-prix-et-autres-bourses\/fonds-pour-les-initiatives-et-les-projets\/#breadcrumb\",\"itemListElement\":[{\"@type\":\"ListItem\",\"position\":1,\"name\":\"Accueil\",\"item\":\"https:\/\/www.ubishops.ca\/fr\/\"},{\"@type\":\"ListItem\",\"position\":2,\"name\":\"Futurs \u00e9tudiants\",\"item\":\"https:\/\/www.ubishops.ca\/fr\/futurs-etudiants\/\"},{\"@type\":\"ListItem\",\"position\":3,\"name\":\"Questions financi\u00e8res\",\"item\":\"https:\/\/www.ubishops.ca\/fr\/futurs-etudiants\/questions-financieres\/\"},{\"@type\":\"ListItem\",\"position\":4,\"name\":\"Bourses d\u2019\u00e9tudes, prix et autres bourses\",\"item\":\"https:\/\/www.ubishops.ca\/fr\/futurs-etudiants\/questions-financieres\/concours-de-bourses-prix-et-autres-bourses\/\"},{\"@type\":\"ListItem\",\"position\":5,\"name\":\"Fonds pour les initiatives et les projets\"}]},{\"@type\":\"WebSite\",\"@id\":\"https:\/\/www.ubishops.ca\/#website\",\"url\":\"https:\/\/www.ubishops.ca\/\",\"name\":\"Bishop&#039;s University\",\"description\":\"\",\"potentialAction\":[{\"@type\":\"SearchAction\",\"target\":{\"@type\":\"EntryPoint\",\"urlTemplate\":\"https:\/\/www.ubishops.ca\/?s={search_term_string}\"},\"query-input\":{\"@type\":\"PropertyValueSpecification\",\"valueRequired\":true,\"valueName\":\"search_term_string\"}}],\"inLanguage\":\"fr-FR\"}]}<\/script>\n<!-- \/ Yoast SEO plugin. -->","yoast_head_json":{"title":"Fonds pour les initiatives et les projets - Bishop&#039;s University","robots":{"index":"index","follow":"follow","max-snippet":"max-snippet:-1","max-image-preview":"max-image-preview:large","max-video-preview":"max-video-preview:-1"},"canonical":"https:\/\/www.ubishops.ca\/fr\/futurs-etudiants\/questions-financieres\/concours-de-bourses-prix-et-autres-bourses\/fonds-pour-les-initiatives-et-les-projets\/","og_locale":"fr_FR","og_type":"article","og_title":"Fonds pour les initiatives et les projets - Bishop&#039;s University","og_description":"Fonds pour les initiatives et les projets des \u00e9tudiants McConnell L\u2019objectif principal de ce fonds est d\u2019encourager les projets mis sur pied par des \u00e9tudiants qui stimulent l\u2019innovation, l\u2019initiative et l\u2019ind\u00e9pendance chez les \u00e9tudiants de premier cycle en leur offrant un soutien financier pour poursuivre des activit\u00e9s de recherche appliqu\u00e9e et, plus particuli\u00e8rement, acqu\u00e9rir des...","og_url":"https:\/\/www.ubishops.ca\/fr\/futurs-etudiants\/questions-financieres\/concours-de-bourses-prix-et-autres-bourses\/fonds-pour-les-initiatives-et-les-projets\/","og_site_name":"Bishop&#039;s University","article_publisher":"https:\/\/www.facebook.com\/ubishops","article_modified_time":"2024-07-26T18:29:40+00:00","twitter_card":"summary_large_image","twitter_site":"@ubishops","twitter_misc":{"Dur\u00e9e de lecture estim\u00e9e":"1 minute"},"schema":{"@context":"https:\/\/schema.org","@graph":[{"@type":"WebPage","@id":"https:\/\/www.ubishops.ca\/fr\/futurs-etudiants\/questions-financieres\/concours-de-bourses-prix-et-autres-bourses\/fonds-pour-les-initiatives-et-les-projets\/","url":"https:\/\/www.ubishops.ca\/fr\/futurs-etudiants\/questions-financieres\/concours-de-bourses-prix-et-autres-bourses\/fonds-pour-les-initiatives-et-les-projets\/","name":"Fonds pour les initiatives et les projets - Bishop&#039;s University","isPartOf":{"@id":"https:\/\/www.ubishops.ca\/#website"},"datePublished":"2016-08-23T19:37:08+00:00","dateModified":"2024-07-26T18:29:40+00:00","breadcrumb":{"@id":"https:\/\/www.ubishops.ca\/fr\/futurs-etudiants\/questions-financieres\/concours-de-bourses-prix-et-autres-bourses\/fonds-pour-les-initiatives-et-les-projets\/#breadcrumb"},"inLanguage":"fr-FR","potentialAction":[{"@type":"ReadAction","target":["https:\/\/www.ubishops.ca\/fr\/futurs-etudiants\/questions-financieres\/concours-de-bourses-prix-et-autres-bourses\/fonds-pour-les-initiatives-et-les-projets\/"]}]},{"@type":"BreadcrumbList","@id":"https:\/\/www.ubishops.ca\/fr\/futurs-etudiants\/questions-financieres\/concours-de-bourses-prix-et-autres-bourses\/fonds-pour-les-initiatives-et-les-projets\/#breadcrumb","itemListElement":[{"@type":"ListItem","position":1,"name":"Accueil","item":"https:\/\/www.ubishops.ca\/fr\/"},{"@type":"ListItem","position":2,"name":"Futurs \u00e9tudiants","item":"https:\/\/www.ubishops.ca\/fr\/futurs-etudiants\/"},{"@type":"ListItem","position":3,"name":"Questions financi\u00e8res","item":"https:\/\/www.ubishops.ca\/fr\/futurs-etudiants\/questions-financieres\/"},{"@type":"ListItem","position":4,"name":"Bourses d\u2019\u00e9tudes, prix et autres bourses","item":"https:\/\/www.ubishops.ca\/fr\/futurs-etudiants\/questions-financieres\/concours-de-bourses-prix-et-autres-bourses\/"},{"@type":"ListItem","position":5,"name":"Fonds pour les initiatives et les projets"}]},{"@type":"WebSite","@id":"https:\/\/www.ubishops.ca\/#website","url":"https:\/\/www.ubishops.ca\/","name":"Bishop&#039;s University","description":"","potentialAction":[{"@type":"SearchAction","target":{"@type":"EntryPoint","urlTemplate":"https:\/\/www.ubishops.ca\/?s={search_term_string}"},"query-input":{"@type":"PropertyValueSpecification","valueRequired":true,"valueName":"search_term_string"}}],"inLanguage":"fr-FR"}]}},"taxonomy_info":[],"featured_image_src_large":false,"author_info":{"display_name":"Julie Fradette","author_link":"https:\/\/www.ubishops.ca\/fr\/author\/jfradett\/"},"comment_info":0,"publishpress_future_action":{"enabled":false,"date":"2026-04-15 13:15:52","action":"change-status","newStatus":"draft","terms":[],"taxonomy":"translation_priority","extraData":[]},"publishpress_future_workflow_manual_trigger":{"enabledWorkflows":[]},"_links":{"self":[{"href":"https:\/\/www.ubishops.ca\/fr\/wp-json\/wp\/v2\/pages\/114015","targetHints":{"allow":["GET"]}}],"collection":[{"href":"https:\/\/www.ubishops.ca\/fr\/wp-json\/wp\/v2\/pages"}],"about":[{"href":"https:\/\/www.ubishops.ca\/fr\/wp-json\/wp\/v2\/types\/page"}],"author":[{"embeddable":true,"href":"https:\/\/www.ubishops.ca\/fr\/wp-json\/wp\/v2\/users\/49"}],"replies":[{"embeddable":true,"href":"https:\/\/www.ubishops.ca\/fr\/wp-json\/wp\/v2\/comments?post=114015"}],"version-history":[{"count":0,"href":"https:\/\/www.ubishops.ca\/fr\/wp-json\/wp\/v2\/pages\/114015\/revisions"}],"up":[{"embeddable":true,"href":"https:\/\/www.ubishops.ca\/fr\/wp-json\/wp\/v2\/pages\/10814"}],"wp:attachment":[{"href":"https:\/\/www.ubishops.ca\/fr\/wp-json\/wp\/v2\/media?parent=114015"}],"curies":[{"name":"wp","href":"https:\/\/api.w.org\/{rel}","templated":true}]}}