{"id":113958,"date":"2022-03-23T15:02:05","date_gmt":"2022-03-23T19:02:05","guid":{"rendered":"https:\/\/www.ubishops.ca\/futurs-etudiants\/processus-dadmission\/admission-requirements\/visiting-students-aehe-iut-students\/"},"modified":"2024-08-12T11:54:50","modified_gmt":"2024-08-12T15:54:50","slug":"etudiants-avec-statut-visiteur-aehe-iut","status":"publish","type":"page","link":"https:\/\/www.ubishops.ca\/fr\/futurs-etudiants\/processus-dadmission\/admission-requirements\/etudiants-avec-statut-visiteur-aehe-iut\/","title":{"rendered":"\u00c9tudiants avec un statut de visiteur \/ AEHE-IUT"},"content":{"rendered":"\n<h2 class=\"wp-block-heading\" id=\"visiting-student-inter-university-transfer-application-process\">Processus de demande pour \u00e9tudiants avec un statut de visiteur ou par l\u2019interm\u00e9diaire d\u2019une entente interuniversitaire<\/h2>\n\n\n\n<p>Les \u00e9tudiants qui fr\u00e9quentent actuellement une autre universit\u00e9, mais souhaitent suivre des cours \u00e0 l\u2019Universit\u00e9 Bishop\u2019s et obtenir des cr\u00e9dits dans leur \u00e9tablissement d\u2019attache doivent soumettre une demande d\u2019admission officielle \u00e0 l\u2019universit\u00e9.<\/p>\n\n\n\n<h3 class=\"wp-block-heading\" id=\"application-period\">Dates limites des demandes d\u2019admission par trimestre :<\/h3>\n\n\n\n<p>Consulte la section sur les \u00c9tudiants libres de la page <a href=\"https:\/\/www.ubishops.ca\/fr\/futurs-etudiants\/bishops-university-online-application\/\">Soumettre une demande d\u2019admission \u00e0 Bishop\u2019s<\/a>.<\/p>\n\n\n\n<div style=\"height:25px\" aria-hidden=\"true\" class=\"wp-block-spacer\"><\/div>\n\n\n\n<h3 class=\"wp-block-heading\" id=\"application-procedure\">Processus de demande<\/h3>\n\n\n\n<div style=\"height:15px\" aria-hidden=\"true\" class=\"wp-block-spacer\"><\/div>\n\n\n\n<h4 class=\"wp-block-heading\">\u00c9tudiants inscrits dans une autre universit\u00e9 <strong>au Qu\u00e9bec<\/strong> :<\/h4>\n\n\n\n<p>Pour soumettre une demande \u00e0 titre d\u2019\u00e9tudiant avec un statut de visiteur provenant d\u2019une autre universit\u00e9 au Qu\u00e9bec, tu devras utiliser le <a href=\"https:\/\/aehe.bci-qc.ca\/fr\/\" target=\"_blank\" rel=\"noreferrer noopener\">formulaire de l\u2019AEHE-IUT<\/a>. Ta demande sera \u00e9valu\u00e9e par ton \u00e9tablissement d\u2019attache et, d\u00e8s qu\u2019elle aura \u00e9t\u00e9 approuv\u00e9e, elle sera ensuite transmise au bureau des admissions de l\u2019Universit\u00e9 Bishop\u2019s afin qu\u2019elle soit \u00e9tudi\u00e9e et approuv\u00e9e.<\/p>\n\n\n\n<p>Avant de soumettre ta demande, <a href=\"https:\/\/www.ubishops.ca\/future-students\/registration-and-student-records\/timetable\/\">consulte la Grille-horaire de Bishop\u2019s<\/a> pour conna\u00eetre les cours offerts pour un trimestre en particulier.<\/p>\n\n\n\n<div style=\"height:15px\" aria-hidden=\"true\" class=\"wp-block-spacer\"><\/div>\n\n\n\n<p id=\"video-resource\"><strong><strong>Ressource vid\u00e9o\u202f:<\/strong><\/strong><\/p>\n\n\n\n<figure class=\"wp-block-embed is-type-video is-provider-youtube wp-block-embed-youtube wp-embed-aspect-16-9 wp-has-aspect-ratio\"><div class=\"wp-block-embed__wrapper\">\n<iframe loading=\"lazy\" title=\"\ud83c\udde8\ud83c\udde6Study at ANY University in Quebec Inter-University Transfer\" width=\"720\" height=\"405\" src=\"https:\/\/www.youtube.com\/embed\/kV23M5qtarY?feature=oembed\" frameborder=\"0\" allow=\"accelerometer; autoplay; clipboard-write; encrypted-media; gyroscope; picture-in-picture; web-share\" referrerpolicy=\"strict-origin-when-cross-origin\" allowfullscreen><\/iframe>\n<\/div><\/figure>\n\n\n\n<div style=\"height:25px\" aria-hidden=\"true\" class=\"wp-block-spacer\"><\/div>\n\n\n\n<h4 class=\"wp-block-heading\">\u00c9tudiants inscrits dans une autre universit\u00e9 <strong>au Canada<\/strong> :<\/h4>\n\n\n\n<ol class=\"wp-block-list\">\n<li>Remplis le <a href=\"https:\/\/www.ubishops.ca\/fr\/futurs-etudiants\/bishops-university-online-application\/\">formulaire de demande d\u2019admission<\/a> (Consulte la page pour les <a href=\"https:\/\/www.ubishops.ca\/fr\/futurs-etudiants\/processus-dadmission\/admission-requirements\/etudiants-libres-temps-partiel\/\">\u00c9tudiants libres \u00e0 temps partiel<\/a>).<\/li>\n\n\n\n<li>Soumets une copie de ta lettre d\u2019autorisation produite par le bureau des admissions de ton universit\u00e9 d\u2019attache qui indique que le cours a \u00e9t\u00e9 approuv\u00e9 et que tu obtiendras les cr\u00e9dits de transferts applicables.<\/li>\n\n\n\n<li>Soumets les documents qui s\u2019appliquent selon ta situation au bureau des admissions par courriel\u202f: <a href=\"&#x6d;&#97;i&#x6c;&#x74;&#111;:&#x61;&#x64;&#109;i&#x73;&#x73;&#105;o&#x6e;&#x73;&#64;u&#x62;&#105;&#115;h&#x6f;&#112;s&#x2e;&#x63;&#97;\">adm&#105;&#115;&#115;&#x69;&#x6f;&#x6e;&#x73;&#x40;&#x75;bis&#104;&#111;&#112;&#115;&#x2e;&#x63;&#x61;<\/a>.<\/li>\n<\/ol>\n\n\n\n<figure class=\"wp-block-table\"><table><thead><tr><th><strong>Statut de citoyen<\/strong><\/th><th><strong>Lieu de naissance<\/strong><\/th><th><strong>Document requis<\/strong><\/th><\/tr><\/thead><tbody><tr><td>Citoyen canadien<\/td><td>Canada<\/td><td>Certificat de naissance<\/td><\/tr><tr><td><\/td><td>Hors Canada<\/td><td>Certificat de citoyennet\u00e9 canadienne<\/td><\/tr><tr><td>R\u00e9sident permanent<\/td><td>Hors Canada<\/td><td><strong>IMM5292<\/strong> (attestation du statut de r\u00e9sident permanent) ou les deux c\u00f4t\u00e9s de ta carte de r\u00e9sident permanent du Canada<\/td><\/tr><tr><td>\u00c9tudiant international<\/td><td>Hors Canada<\/td><td>P\u00e9riode d\u2019\u00e9tudes de <strong>6\u202fmois ou moins<\/strong>\u202f: Passeport<br>P\u00e9riode d\u2019\u00e9tudes de <strong>plus de 6\u202fmois<\/strong>\u202f: Permis de s\u00e9jour pour \u00e9tudiants (permis d\u2019\u00e9tudes)<\/td><\/tr><tr><td>R\u00e9fugi\u00e9<\/td><td>Hors Canada<\/td><td>Documents d\u2019Immigration Canada<\/td><\/tr><tr><td>Statut diplomatique; permis sp\u00e9cial d\u2019Immigration Canada<\/td><td>Hors Canada<\/td><td>Documents d\u2019Immigration Canada<\/td><\/tr><\/tbody><\/table><\/figure>\n\n\n\n<div style=\"height:30px\" aria-hidden=\"true\" class=\"wp-block-spacer\"><\/div>\n\n\n\n<h3 class=\"wp-block-heading\" id=\"course-payments\">Paiement des cours<\/h3>\n\n\n\n<div style=\"height:15px\" aria-hidden=\"true\" class=\"wp-block-spacer\"><\/div>\n\n\n\n<h4 class=\"wp-block-heading\">\u00c9tudiants inscrits dans une autre universit\u00e9 <strong>au Qu\u00e9bec<\/strong> :<\/h4>\n\n\n\n<ul class=\"wp-block-list\">\n<li>Tu dois payer les droits de scolarit\u00e9 de ton universit\u00e9 d\u2019attache.<\/li>\n<\/ul>\n\n\n\n<div style=\"height:20px\" aria-hidden=\"true\" class=\"wp-block-spacer\"><\/div>\n\n\n\n<h4 class=\"wp-block-heading\">\u00c9tudiants inscrits dans une autre universit\u00e9 <strong>au Canada<\/strong>\u202f:<\/h4>\n\n\n\n<ul class=\"wp-block-list\">\n<li>Tes <a href=\"https:\/\/www.ubishops.ca\/fr\/futurs-etudiants\/questions-financieres\/droits-de-scolarite-et-frais-afferents\/\">droits de scolarit\u00e9<\/a> seront factur\u00e9s sur ton compte \u00e9tudiant \u00e0 l\u2019Universit\u00e9 Bishop\u2019s et tu devras les payer directement \u00e0 Bishop\u2019s :\n<ul class=\"wp-block-list\">\n<li>Ch\u00e8que \u00e0 l\u2019ordre de Bishop\u2019s University, sur lequel est inscrit ton num\u00e9ro d\u2019identification d\u2019\u00e9tudiant.<\/li>\n\n\n\n<li>Paiement en ligne avec tes services bancaires personnels, en utilisant ton num\u00e9ro d\u2019identification d\u2019\u00e9tudiant comme num\u00e9ro de r\u00e9f\u00e9rence.<\/li>\n<\/ul>\n<\/li>\n<\/ul>\n\n\n\n<p>Si tu as des questions au sujet des frais ou du paiement des droits de scolarit\u00e9, tu peux \u00e9crire au bureau des admissions \u2013 comptes \u00e9tudiants par courriel \u00e0 <a href=\"&#x6d;&#x61;&#x69;&#x6c;&#x74;&#x6f;&#58;&#115;&#116;&#117;dent&#x61;&#x63;&#x63;&#x6f;&#x75;&#x6e;&#116;&#115;&#64;&#117;&#98;ish&#x6f;&#x70;&#x73;&#x2e;&#x63;&#x61;\">&#x73;&#x74;&#x75;&#x64;&#101;&#110;&#116;ac&#x63;&#x6f;&#x75;&#x6e;&#x74;&#115;&#64;&#117;bi&#x73;&#x68;&#x6f;&#x70;&#x73;&#46;&#99;&#97;<\/a>.<\/p>\n\n\n\n<div style=\"height:30px\" aria-hidden=\"true\" class=\"wp-block-spacer\"><\/div>\n\n\n\n<h3 class=\"wp-block-heading\" id=\"course-registration\">Inscription \u00e0 tes cours<\/h3>\n\n\n\n<div style=\"height:15px\" aria-hidden=\"true\" class=\"wp-block-spacer\"><\/div>\n\n\n\n<h4 class=\"wp-block-heading\">\u00c9tudiants inscrits dans une autre universit\u00e9 <strong>au Qu\u00e9bec<\/strong> :<\/h4>\n\n\n\n<p>Peu apr\u00e8s avoir re\u00e7u l\u2019approbation du bureau des admissions de l\u2019Universit\u00e9 Bishop\u2019s :<\/p>\n\n\n\n<ul class=\"wp-block-list\">\n<li>ton inscription au cours sera faite;<\/li>\n\n\n\n<li>tu recevras ton adresse courriel de Bishop\u2019s;<\/li>\n\n\n\n<li>tu recevras ton num\u00e9ro d\u2019\u00e9tudiant(e) de Bishop\u2019s.<\/li>\n<\/ul>\n\n\n\n<div style=\"height:20px\" aria-hidden=\"true\" class=\"wp-block-spacer\"><\/div>\n\n\n\n<h4 class=\"wp-block-heading\">\u00c9tudiants inscrits dans une autre universit\u00e9 <strong>au Canada<\/strong> :<\/h4>\n\n\n\n<p>Apr\u00e8s avoir re\u00e7u tous les documents requis, le bureau des admissions \u00e9tudiera ton dossier. Si ta demande est approuv\u00e9e, ton inscription aux cours indiqu\u00e9s sera automatique.<\/p>\n\n\n\n<p>Les \u00e9tudiants qui proviennent d\u2019un \u00e9tablissement autre que l\u2019Universit\u00e9 Bishop\u2019s recevront par courriel toutes leurs informations de compte pour les services \u00e9lectroniques de Bishop\u2019s (myBU) apr\u00e8s leur inscription \u00e0 leurs cours. Les renseignements sur le compte se trouvent sous l\u2019onglet Financial (finances) sur le portail myBU. Des relev\u00e9es\/factures sont accessibles en format \u00e9lectronique.<\/p>\n","protected":false},"excerpt":{"rendered":"<p>Processus de demande pour \u00e9tudiants avec un statut de visiteur ou par l\u2019interm\u00e9diaire d\u2019une entente interuniversitaire Les \u00e9tudiants qui fr\u00e9quentent actuellement une autre universit\u00e9, mais souhaitent suivre des cours \u00e0 l\u2019Universit\u00e9 Bishop\u2019s et obtenir des cr\u00e9dits dans leur \u00e9tablissement d\u2019attache doivent soumettre une demande d\u2019admission officielle \u00e0 l\u2019universit\u00e9. Dates limites des demandes d\u2019admission par trimestre&#8230;<\/p>\n","protected":false},"author":49,"featured_media":0,"parent":80854,"menu_order":122,"comment_status":"closed","ping_status":"closed","template":"templates\/page-width-sidebar.php","meta":{"_acf_changed":false,"_cbd_carousel_blocks":"[]","_kad_blocks_custom_css":"","_kad_blocks_head_custom_js":"","_kad_blocks_body_custom_js":"","_kad_blocks_footer_custom_js":"","_kad_post_transparent":"","_kad_post_title":"","_kad_post_layout":"","_kad_post_sidebar_id":"","_kad_post_content_style":"","_kad_post_vertical_padding":"","_kad_post_feature":"","_kad_post_feature_position":"","_kad_post_header":false,"_kad_post_footer":false,"_kad_post_classname":"","footnotes":""},"class_list":["post-113958","page","type-page","status-publish","hentry"],"acf":[],"yoast_head":"<!-- This site is optimized with the Yoast SEO plugin v27.2 - https:\/\/yoast.com\/product\/yoast-seo-wordpress\/ -->\n<title>\u00c9tudiants avec un statut de visiteur \/ AEHE-IUT - Bishop&#039;s University<\/title>\n<meta name=\"robots\" content=\"index, follow, max-snippet:-1, max-image-preview:large, max-video-preview:-1\" \/>\n<link rel=\"canonical\" href=\"https:\/\/www.ubishops.ca\/fr\/futurs-etudiants\/processus-dadmission\/admission-requirements\/etudiants-avec-statut-visiteur-aehe-iut\/\" \/>\n<meta property=\"og:locale\" content=\"fr_FR\" \/>\n<meta property=\"og:type\" content=\"article\" \/>\n<meta property=\"og:title\" content=\"\u00c9tudiants avec un statut de visiteur \/ AEHE-IUT - Bishop&#039;s University\" \/>\n<meta property=\"og:description\" content=\"Processus de demande pour \u00e9tudiants avec un statut de visiteur ou par l\u2019interm\u00e9diaire d\u2019une entente interuniversitaire Les \u00e9tudiants qui fr\u00e9quentent actuellement une autre universit\u00e9, mais souhaitent suivre des cours \u00e0 l\u2019Universit\u00e9 Bishop\u2019s et obtenir des cr\u00e9dits dans leur \u00e9tablissement d\u2019attache doivent soumettre une demande d\u2019admission officielle \u00e0 l\u2019universit\u00e9. Dates limites des demandes d\u2019admission par trimestre...\" \/>\n<meta property=\"og:url\" content=\"https:\/\/www.ubishops.ca\/fr\/futurs-etudiants\/processus-dadmission\/admission-requirements\/etudiants-avec-statut-visiteur-aehe-iut\/\" \/>\n<meta property=\"og:site_name\" content=\"Bishop&#039;s University\" \/>\n<meta property=\"article:publisher\" content=\"https:\/\/www.facebook.com\/ubishops\" \/>\n<meta property=\"article:modified_time\" content=\"2024-08-12T15:54:50+00:00\" \/>\n<meta name=\"twitter:card\" content=\"summary_large_image\" \/>\n<meta name=\"twitter:site\" content=\"@ubishops\" \/>\n<meta name=\"twitter:label1\" content=\"Dur\u00e9e de lecture estim\u00e9e\" \/>\n\t<meta name=\"twitter:data1\" content=\"3 minutes\" \/>\n<script type=\"application\/ld+json\" class=\"yoast-schema-graph\">{\"@context\":\"https:\/\/schema.org\",\"@graph\":[{\"@type\":\"WebPage\",\"@id\":\"https:\/\/www.ubishops.ca\/fr\/futurs-etudiants\/processus-dadmission\/admission-requirements\/etudiants-avec-statut-visiteur-aehe-iut\/\",\"url\":\"https:\/\/www.ubishops.ca\/fr\/futurs-etudiants\/processus-dadmission\/admission-requirements\/etudiants-avec-statut-visiteur-aehe-iut\/\",\"name\":\"\u00c9tudiants avec un statut de visiteur \/ AEHE-IUT - Bishop&#039;s University\",\"isPartOf\":{\"@id\":\"https:\/\/www.ubishops.ca\/#website\"},\"datePublished\":\"2022-03-23T19:02:05+00:00\",\"dateModified\":\"2024-08-12T15:54:50+00:00\",\"breadcrumb\":{\"@id\":\"https:\/\/www.ubishops.ca\/fr\/futurs-etudiants\/processus-dadmission\/admission-requirements\/etudiants-avec-statut-visiteur-aehe-iut\/#breadcrumb\"},\"inLanguage\":\"fr-FR\",\"potentialAction\":[{\"@type\":\"ReadAction\",\"target\":[\"https:\/\/www.ubishops.ca\/fr\/futurs-etudiants\/processus-dadmission\/admission-requirements\/etudiants-avec-statut-visiteur-aehe-iut\/\"]}]},{\"@type\":\"BreadcrumbList\",\"@id\":\"https:\/\/www.ubishops.ca\/fr\/futurs-etudiants\/processus-dadmission\/admission-requirements\/etudiants-avec-statut-visiteur-aehe-iut\/#breadcrumb\",\"itemListElement\":[{\"@type\":\"ListItem\",\"position\":1,\"name\":\"Accueil\",\"item\":\"https:\/\/www.ubishops.ca\/fr\/\"},{\"@type\":\"ListItem\",\"position\":2,\"name\":\"Futurs \u00e9tudiants\",\"item\":\"https:\/\/www.ubishops.ca\/fr\/futurs-etudiants\/\"},{\"@type\":\"ListItem\",\"position\":3,\"name\":\"Processus d\u2019admission\",\"item\":\"https:\/\/www.ubishops.ca\/fr\/futurs-etudiants\/processus-dadmission\/\"},{\"@type\":\"ListItem\",\"position\":4,\"name\":\"Crit\u00e8res d\u2019admission\",\"item\":\"https:\/\/www.ubishops.ca\/fr\/futurs-etudiants\/processus-dadmission\/admission-requirements\/\"},{\"@type\":\"ListItem\",\"position\":5,\"name\":\"\u00c9tudiants avec un statut de visiteur \/ AEHE-IUT\"}]},{\"@type\":\"WebSite\",\"@id\":\"https:\/\/www.ubishops.ca\/#website\",\"url\":\"https:\/\/www.ubishops.ca\/\",\"name\":\"Bishop&#039;s University\",\"description\":\"\",\"potentialAction\":[{\"@type\":\"SearchAction\",\"target\":{\"@type\":\"EntryPoint\",\"urlTemplate\":\"https:\/\/www.ubishops.ca\/?s={search_term_string}\"},\"query-input\":{\"@type\":\"PropertyValueSpecification\",\"valueRequired\":true,\"valueName\":\"search_term_string\"}}],\"inLanguage\":\"fr-FR\"}]}<\/script>\n<!-- \/ Yoast SEO plugin. -->","yoast_head_json":{"title":"\u00c9tudiants avec un statut de visiteur \/ AEHE-IUT - Bishop&#039;s University","robots":{"index":"index","follow":"follow","max-snippet":"max-snippet:-1","max-image-preview":"max-image-preview:large","max-video-preview":"max-video-preview:-1"},"canonical":"https:\/\/www.ubishops.ca\/fr\/futurs-etudiants\/processus-dadmission\/admission-requirements\/etudiants-avec-statut-visiteur-aehe-iut\/","og_locale":"fr_FR","og_type":"article","og_title":"\u00c9tudiants avec un statut de visiteur \/ AEHE-IUT - Bishop&#039;s University","og_description":"Processus de demande pour \u00e9tudiants avec un statut de visiteur ou par l\u2019interm\u00e9diaire d\u2019une entente interuniversitaire Les \u00e9tudiants qui fr\u00e9quentent actuellement une autre universit\u00e9, mais souhaitent suivre des cours \u00e0 l\u2019Universit\u00e9 Bishop\u2019s et obtenir des cr\u00e9dits dans leur \u00e9tablissement d\u2019attache doivent soumettre une demande d\u2019admission officielle \u00e0 l\u2019universit\u00e9. Dates limites des demandes d\u2019admission par trimestre...","og_url":"https:\/\/www.ubishops.ca\/fr\/futurs-etudiants\/processus-dadmission\/admission-requirements\/etudiants-avec-statut-visiteur-aehe-iut\/","og_site_name":"Bishop&#039;s University","article_publisher":"https:\/\/www.facebook.com\/ubishops","article_modified_time":"2024-08-12T15:54:50+00:00","twitter_card":"summary_large_image","twitter_site":"@ubishops","twitter_misc":{"Dur\u00e9e de lecture estim\u00e9e":"3 minutes"},"schema":{"@context":"https:\/\/schema.org","@graph":[{"@type":"WebPage","@id":"https:\/\/www.ubishops.ca\/fr\/futurs-etudiants\/processus-dadmission\/admission-requirements\/etudiants-avec-statut-visiteur-aehe-iut\/","url":"https:\/\/www.ubishops.ca\/fr\/futurs-etudiants\/processus-dadmission\/admission-requirements\/etudiants-avec-statut-visiteur-aehe-iut\/","name":"\u00c9tudiants avec un statut de visiteur \/ AEHE-IUT - Bishop&#039;s University","isPartOf":{"@id":"https:\/\/www.ubishops.ca\/#website"},"datePublished":"2022-03-23T19:02:05+00:00","dateModified":"2024-08-12T15:54:50+00:00","breadcrumb":{"@id":"https:\/\/www.ubishops.ca\/fr\/futurs-etudiants\/processus-dadmission\/admission-requirements\/etudiants-avec-statut-visiteur-aehe-iut\/#breadcrumb"},"inLanguage":"fr-FR","potentialAction":[{"@type":"ReadAction","target":["https:\/\/www.ubishops.ca\/fr\/futurs-etudiants\/processus-dadmission\/admission-requirements\/etudiants-avec-statut-visiteur-aehe-iut\/"]}]},{"@type":"BreadcrumbList","@id":"https:\/\/www.ubishops.ca\/fr\/futurs-etudiants\/processus-dadmission\/admission-requirements\/etudiants-avec-statut-visiteur-aehe-iut\/#breadcrumb","itemListElement":[{"@type":"ListItem","position":1,"name":"Accueil","item":"https:\/\/www.ubishops.ca\/fr\/"},{"@type":"ListItem","position":2,"name":"Futurs \u00e9tudiants","item":"https:\/\/www.ubishops.ca\/fr\/futurs-etudiants\/"},{"@type":"ListItem","position":3,"name":"Processus d\u2019admission","item":"https:\/\/www.ubishops.ca\/fr\/futurs-etudiants\/processus-dadmission\/"},{"@type":"ListItem","position":4,"name":"Crit\u00e8res d\u2019admission","item":"https:\/\/www.ubishops.ca\/fr\/futurs-etudiants\/processus-dadmission\/admission-requirements\/"},{"@type":"ListItem","position":5,"name":"\u00c9tudiants avec un statut de visiteur \/ AEHE-IUT"}]},{"@type":"WebSite","@id":"https:\/\/www.ubishops.ca\/#website","url":"https:\/\/www.ubishops.ca\/","name":"Bishop&#039;s University","description":"","potentialAction":[{"@type":"SearchAction","target":{"@type":"EntryPoint","urlTemplate":"https:\/\/www.ubishops.ca\/?s={search_term_string}"},"query-input":{"@type":"PropertyValueSpecification","valueRequired":true,"valueName":"search_term_string"}}],"inLanguage":"fr-FR"}]}},"taxonomy_info":[],"featured_image_src_large":false,"author_info":{"display_name":"Julie Fradette","author_link":"https:\/\/www.ubishops.ca\/fr\/author\/jfradett\/"},"comment_info":0,"publishpress_future_action":{"enabled":false,"date":"2026-04-15 13:16:37","action":"change-status","newStatus":"draft","terms":[],"taxonomy":"translation_priority","extraData":[]},"publishpress_future_workflow_manual_trigger":{"enabledWorkflows":[]},"_links":{"self":[{"href":"https:\/\/www.ubishops.ca\/fr\/wp-json\/wp\/v2\/pages\/113958","targetHints":{"allow":["GET"]}}],"collection":[{"href":"https:\/\/www.ubishops.ca\/fr\/wp-json\/wp\/v2\/pages"}],"about":[{"href":"https:\/\/www.ubishops.ca\/fr\/wp-json\/wp\/v2\/types\/page"}],"author":[{"embeddable":true,"href":"https:\/\/www.ubishops.ca\/fr\/wp-json\/wp\/v2\/users\/49"}],"replies":[{"embeddable":true,"href":"https:\/\/www.ubishops.ca\/fr\/wp-json\/wp\/v2\/comments?post=113958"}],"version-history":[{"count":0,"href":"https:\/\/www.ubishops.ca\/fr\/wp-json\/wp\/v2\/pages\/113958\/revisions"}],"up":[{"embeddable":true,"href":"https:\/\/www.ubishops.ca\/fr\/wp-json\/wp\/v2\/pages\/80854"}],"wp:attachment":[{"href":"https:\/\/www.ubishops.ca\/fr\/wp-json\/wp\/v2\/media?parent=113958"}],"curies":[{"name":"wp","href":"https:\/\/api.w.org\/{rel}","templated":true}]}}