{"id":113897,"date":"2016-07-27T14:16:03","date_gmt":"2016-07-27T18:16:03","guid":{"rendered":"https:\/\/www.ubishops.ca\/futurs-etudiants\/processus-dadmission\/admission-requirements\/usa-high-school-students\/"},"modified":"2024-07-16T15:35:45","modified_gmt":"2024-07-16T19:35:45","slug":"etudiants-americains-du-secondaire","status":"publish","type":"page","link":"https:\/\/www.ubishops.ca\/fr\/futurs-etudiants\/processus-dadmission\/admission-requirements\/etudiants-americains-du-secondaire\/","title":{"rendered":"\u00c9tudiants am\u00e9ricains du secondaire"},"content":{"rendered":"\n<p>Tu es un \u00e9tudiant am\u00e9ricain provenant d\u2019une \u00e9cole secondaire aux fins de l\u2019admission si\u202f:<\/p>\n\n\n\n<ul class=\"wp-block-list\">\n<li>tu es en 12e\u202fann\u00e9e dans une \u00e9cole secondaire aux \u00c9tats-Unis ou dans une \u00e9cole qui applique le programme d\u2019enseignement secondaire am\u00e9ricain; ou<\/li>\n\n\n\n<li>tu as obtenu un dipl\u00f4me d\u2019\u00e9tudes secondaires aux \u00c9tats-Unis dans les deux\u202fderni\u00e8res ann\u00e9es et tu n\u2019as pas \u00e9tudi\u00e9 dans un autre \u00e9tablissement depuis la fin de tes \u00e9tudes.<\/li>\n<\/ul>\n\n\n\n<div class=\"wp-block-buttons is-layout-flex wp-block-buttons-is-layout-flex\">\n<div class=\"wp-block-button is-style-fill\"><a class=\"wp-block-button__link has-purple-background-color has-background wp-element-button\" href=\"https:\/\/www.ubishops.ca\/fr\/futurs-etudiants\/bishops-university-online-application\/\">Inscris-toi<\/a><\/div>\n<\/div>\n\n\n\n<p>Les \u00e9tudiants inscrits au baccalaur\u00e9at international sont invit\u00e9s \u00e0 consulter la section <a href=\"https:\/\/www.ubishops.ca\/fr\/futurs-etudiants\/processus-dadmission\/admission-requirements\/etudiants-ib\/\">\u00c9tudiants du baccalaur\u00e9at international (IB)<\/a> pour conna\u00eetre les crit\u00e8res d\u2019admission qui s\u2019appliquent.<\/p>\n\n\n\n<p>Les \u00e9tudiants inscrits au baccalaur\u00e9at fran\u00e7ais sont invit\u00e9s \u00e0 consulter la section <a href=\"https:\/\/www.ubishops.ca\/fr\/futurs-etudiants\/processus-dadmission\/admission-requirements\/bacf-students\/\">\u00c9tudiants du baccalaur\u00e9at fran\u00e7ais (BACF)<\/a> pour conna\u00eetre les crit\u00e8res d\u2019admission qui s\u2019appliquent.<\/p>\n\n\n\n<div style=\"height:30px\" aria-hidden=\"true\" class=\"wp-block-spacer\"><\/div>\n\n\n\n<h2 class=\"wp-block-heading\" id=\"applying-to-bishop-s-university\">Soumettre une demande d\u2019admission \u00e0 l\u2019Universit\u00e9 Bishop\u2019s<\/h2>\n\n\n\n<p>Les \u00e9tudiants provenant d\u2019une \u00e9cole secondaire aux \u00c9tats-Unis peuvent soumettre une demande d\u2019admission \u00e0 l\u2019Universit\u00e9 Bishop\u2019s au moyen du formulaire sur le site Web principal de l\u2019universit\u00e9 ou en passant par <a href=\"https:\/\/www.commonapp.org\/\">l\u2019application Common<\/a>. L\u2019appli Common repr\u00e9sente un moyen facile de soumettre une demande et des documents \u00e0 l\u2019aide d\u2019un portail con\u00e7u pour les \u00e9tudiants am\u00e9ricains. Les demandes soumises sur l\u2019appli Common n\u2019exigent pas d\u2019examen ni de lettre de pr\u00e9sentation.<\/p>\n\n\n\n<figure class=\"wp-block-image\"><a href=\"http:\/\/www.commonapp.org\/\" target=\"_blank\" rel=\"noreferrer noopener\"><img decoding=\"async\" width=\"700\" height=\"472\" src=\"https:\/\/www.ubishops.ca\/wp-content\/uploads\/Common-Application-e1472048581158.jpg\" alt=\"Applying to Bishop\u2019s University using the Common Application\" class=\"wp-image-18206\"\/><\/a><\/figure>\n\n\n\n<div style=\"height:30px\" aria-hidden=\"true\" class=\"wp-block-spacer\"><\/div>\n\n\n\n<h2 class=\"wp-block-heading\" id=\"general-admission-requirements\">Crit\u00e8res d\u2019admission g\u00e9n\u00e9raux<\/h2>\n\n\n\n<p>Les crit\u00e8res suivants servent de guides pour que le dossier d\u2019admission soit jug\u00e9 satisfaisant. \u00c0 chaque cycle d\u2019admission, l\u2019Universit\u00e9 Bishop\u2019s re\u00e7oit plus de demandes que le nombre de places disponibles. L\u2019atteinte des crit\u00e8res minimaux ne garantit donc pas l\u2019admission. Par ailleurs, certains dossiers qui ne respectent pas les crit\u00e8res minimaux pourraient \u00eatre \u00e9valu\u00e9s au cas par cas; le bureau des admissions peut alors demander des compl\u00e9ments d\u2019information en plus de ce qui est indiqu\u00e9 ci-dessous.<\/p>\n\n\n\n<p><strong>Moyenne minimale approximative aux fins d\u2019admission\u202f: MPC de 3,50 (B+)<\/strong><\/p>\n\n\n\n<h3 class=\"wp-block-heading\" id=\"program-specific-requirements\">Crit\u00e8res d\u2019admission dans des programmes particuliers\u202f:<\/h3>\n\n\n\n<div style=\"height:15px\" aria-hidden=\"true\" class=\"wp-block-spacer\"><\/div>\n\n\n\n<p><strong>\u00c9COLE DE GESTION WILLIAMS<\/strong><\/p>\n\n\n\n<ul class=\"wp-block-list\">\n<li>Cours de 11e\u202fann\u00e9e obligatoires\u202f: Mathematics<\/li>\n<\/ul>\n\n\n\n<p><strong>LETTRES ET SCIENCES HUMAINES<\/strong><\/p>\n\n\n\n<ul class=\"wp-block-list\">\n<li>Musique\u202f: Audition et lettre exposant le parcours musical. Consulte la section Documents justificatifs requis ci-dessous pour en savoir plus.<\/li>\n\n\n\n<li>Arts plastiques\u202f: Aucun portfolio exig\u00e9.<\/li>\n\n\n\n<li>Art dramatique\u202f: Aucune audition exig\u00e9e.<\/li>\n<\/ul>\n\n\n\n<p><strong>SCIENCES SOCIALES<\/strong><\/p>\n\n\n\n<ul class=\"wp-block-list\">\n<li>Aucune exigence particuli\u00e8re<\/li>\n<\/ul>\n\n\n\n<p><strong>SCIENCES NATURELLES ET MATH\u00c9MATIQUES<\/strong><\/p>\n\n\n\n<ul class=\"wp-block-list\">\n<li>Cours de 12e\u202fann\u00e9e obligatoires pour les programmes de B.Sc.\u202f: Pre-Calculus ou Calculus, et deux parmi Biology, Chemistry ou Physics.<\/li>\n\n\n\n<li>Cours de 12e\u202fann\u00e9e exig\u00e9(s) pour les programmes de baccalaur\u00e9at \u00e8s arts (B.A.) en math\u00e9matiques, biologie ou informatique\u202f: Tout cours de math\u00e9matiques de niveau 12e\u202fann\u00e9e.<\/li>\n<\/ul>\n\n\n\n<p><strong>\u00c9COLE D\u2019\u00c9DUCATION<\/strong><\/p>\n\n\n\n<ul class=\"wp-block-list\">\n<li>Primaire\u202f: Aucune exigence particuli\u00e8re<\/li>\n\n\n\n<li>Secondaire \u2013 enseignement des math\u00e9matiques ou des sciences\u202f:\n<ul class=\"wp-block-list\">\n<li>Cours de 12e\u202fann\u00e9e obligatoire(s)\u202f: Pre-Calculus ou Calculus, et deux parmi Biology, Chemistry ou Physics<\/li>\n<\/ul>\n<\/li>\n<\/ul>\n\n\n\n<p>Certains programmes d\u2019\u00e9coles secondaires aux \u00c9tats-Unis n\u2019autorisent pas les \u00e9tudiants \u00e0 suivre deux\u202fcours parmi Biology, Chemistry ou Physics en 12e\u202fann\u00e9e. Les \u00e9tudiants en provenance de ces \u00e9tablissements doivent avoir r\u00e9ussi un cours de sciences en 11e\u202fann\u00e9e et un deuxi\u00e8me en 12e\u202fann\u00e9e.<\/p>\n\n\n\n<div style=\"height:30px\" aria-hidden=\"true\" class=\"wp-block-spacer\"><\/div>\n\n\n\n<h2 class=\"wp-block-heading\" id=\"required-supporting-documents\">Documents justificatifs requis<\/h2>\n\n\n\n<ul class=\"wp-block-list\">\n<li>Plus r\u00e9cent relev\u00e9 de notes, y compris les cours suivis actuellement et les cours \u00e0 suivre, indiquant les notes finales ou actuelles.<\/li>\n\n\n\n<li>\u00c9chelle de notation ou profil de l\u2019\u00e9cole.<\/li>\n\n\n\n<li>Certains \u00e9l\u00e9ments, m\u00eame s\u2019ils sont facultatifs, comme les r\u00e9sultats au SAT\/ACT, le niveau de classe, les cours de niveau avanc\u00e9 offerts \u00e0 ton \u00e9cole, des lettres de recommandation ou un essai personnel pourraient nous aider dans l\u2019\u00e9valuation de ta demande.<\/li>\n\n\n\n<li>Copies d\u2019une ou plusieurs pi\u00e8ces d\u2019identit\u00e9. <a href=\"https:\/\/www.ubishops.ca\/future-students\/admission-process\/personal-identification-documents\/\">Consulte la page Pi\u00e8ces d\u2019identit\u00e9<\/a> pour d\u00e9terminer quels documents tu devras fournir.<\/li>\n<\/ul>\n\n\n\n<p>L\u2019Universit\u00e9 Bishop\u2019s applique une approche holistique dans son processus d\u2019admission. Tous les documents suppl\u00e9mentaires pertinents que tu fournis seront examin\u00e9s. \u00c0 sa discr\u00e9tion, le bureau des admissions pourrait te demander d\u2019autres documents justificatifs (essai personnel, <a href=\"https:\/\/www.ubishops.ca\/future-students\/admission-process\/letter-of-intent-hold-status\/\">lettre d\u2019intention<\/a>, lettre de recommandation, CV ou autre) pour l\u2019aider dans l\u2019\u00e9valuation de ta demande.<\/p>\n\n\n\n<div style=\"height:30px\" aria-hidden=\"true\" class=\"wp-block-spacer\"><\/div>\n\n\n\n<h2 class=\"wp-block-heading\">Autres documents justificatifs dans des programmes particuliers<\/h2>\n\n\n\n<p>Les candidats aux programmes suivants du d\u00e9partement de musique doivent pr\u00e9senter une audition et une lettre exposant leur parcours musical. <a href=\"https:\/\/www.ubishops.ca\/wp-content\/uploads\/MusicApplicant_WebsiteInfo_Fall2013_Final-1.pdf\" target=\"_blank\" rel=\"noreferrer noopener\">Consulte la Fiche d\u2019informations sur l\u2019admission en musique<\/a> pour en savoir plus\u202f:<\/p>\n\n\n\n<ul class=\"wp-block-list\">\n<li>Baccalaur\u00e9at avec majeure en musique et culture<\/li>\n\n\n\n<li>Baccalaur\u00e9at avec majeure en interpr\u00e9tation musicale<\/li>\n\n\n\n<li>Baccalaur\u00e9at avec majeure en musique\u202f: Concentration th\u00e9\u00e2tre musical<\/li>\n\n\n\n<li>Baccalaur\u00e9at avec majeure en administration des arts\u202f: Concentration musique<\/li>\n\n\n\n<li>Baccalaur\u00e9at en \u00e9ducation, option enseignement et apprentissage des arts cr\u00e9atifs\u202f: Musique<\/li>\n<\/ul>\n\n\n\n<div style=\"height:30px\" aria-hidden=\"true\" class=\"wp-block-spacer\"><\/div>\n\n\n\n<h2 class=\"wp-block-heading\">Soumission des documents<\/h2>\n\n\n\n<p>Tous les documents justificatifs peuvent \u00eatre t\u00e9l\u00e9vers\u00e9s sur notre syst\u00e8me en ligne au moment de la demande d\u2019admission ou sur le Portail des candidats myBU en utilisant l\u2019option \u00ab\u202fSoumettre les documents manquants\u202f\u00bb. Ils peuvent \u00e9galement \u00eatre transmis par courriel \u00e0\u00a0<a href=\"&#x6d;&#x61;&#x69;&#108;&#116;&#111;:a&#x64;&#x6d;&#x69;&#x73;&#115;&#105;on&#x73;&#x40;&#x75;&#x62;&#105;&#115;ho&#x70;&#x73;&#x2e;&#x63;&#97;\">a&#100;&#x6d;&#x69;s&#115;&#105;&#x6f;&#x6e;s&#64;&#117;&#x62;&#x69;s&#104;&#x6f;&#x70;&#x73;&#46;&#99;&#x61;<\/a>.<\/p>\n\n\n\n<div style=\"height:30px\" aria-hidden=\"true\" class=\"wp-block-spacer\"><\/div>\n\n\n\n<h2 class=\"wp-block-heading\">\u00c9ch\u00e9ancier d\u2019admission<\/h2>\n\n\n\n<p>Lorsque la p\u00e9riode d\u2019\u00e9valuation d\u00e9bute dans le cadre d\u2019un cycle d\u2019admission, les dossiers sont \u00e9valu\u00e9s au fur et \u00e0 mesure. Autrement dit, d\u00e8s la r\u00e9ception de tous les documents exig\u00e9s, le bureau proc\u00e9dera \u00e0 une \u00e9valuation initiale dans les dix\u202fjours ouvrables. (Exceptions\u202f: programmes de ma\u00eetrise, programmes en musique aussi \u00e9valu\u00e9s en fonction de l\u2019audition, et programmes contingent\u00e9s).<\/p>\n\n\n\n<div style=\"height:30px\" aria-hidden=\"true\" class=\"wp-block-spacer\"><\/div>\n\n\n\n<h2 class=\"wp-block-heading\">Des questions?<\/h2>\n\n\n\n<p>N\u2019h\u00e9site pas \u00e0 communiquer avec le bureau des admissions par courriel \u00e0 <a href=\"&#x6d;&#97;&#x69;&#x6c;&#116;&#x6f;&#x3a;&#97;&#x64;&#x6d;&#105;&#x73;&#x73;i&#x6f;&#x6e;s&#x40;&#117;b&#x69;&#115;h&#x6f;&#112;s&#x2e;&#99;a\">&#97;d&#x6d;i&#x73;s&#x69;&#111;&#x6e;&#115;&#x40;&#117;b&#x69;s&#x68;o&#x70;&#115;&#x2e;&#99;&#x61;<\/a> ou par t\u00e9l\u00e9phone au 819\u202f822-9600 poste\u202f2680.<\/p>\n\n\n\n<div class=\"wp-block-buttons is-layout-flex wp-block-buttons-is-layout-flex\">\n<div class=\"wp-block-button\"><a class=\"wp-block-button__link has-purple-background-color has-background wp-element-button\" href=\"https:\/\/www.ubishops.ca\/fr\/futurs-etudiants\/bishops-university-online-application\/\">Inscris-toi<\/a><\/div>\n<\/div>\n","protected":false},"excerpt":{"rendered":"<p>Tu es un \u00e9tudiant am\u00e9ricain provenant d\u2019une \u00e9cole secondaire aux fins de l\u2019admission si\u202f: Les \u00e9tudiants inscrits au baccalaur\u00e9at international sont invit\u00e9s \u00e0 consulter la section \u00c9tudiants du baccalaur\u00e9at international (IB) pour conna\u00eetre les crit\u00e8res d\u2019admission qui s\u2019appliquent. Les \u00e9tudiants inscrits au baccalaur\u00e9at fran\u00e7ais sont invit\u00e9s \u00e0 consulter la section \u00c9tudiants du baccalaur\u00e9at fran\u00e7ais (BACF)&#8230;<\/p>\n","protected":false},"author":49,"featured_media":0,"parent":80854,"menu_order":100,"comment_status":"closed","ping_status":"closed","template":"templates\/page-width-sidebar.php","meta":{"_acf_changed":false,"_cbd_carousel_blocks":"[]","_kad_blocks_custom_css":"","_kad_blocks_head_custom_js":"","_kad_blocks_body_custom_js":"","_kad_blocks_footer_custom_js":"","_kad_post_transparent":"","_kad_post_title":"","_kad_post_layout":"","_kad_post_sidebar_id":"","_kad_post_content_style":"","_kad_post_vertical_padding":"","_kad_post_feature":"","_kad_post_feature_position":"","_kad_post_header":false,"_kad_post_footer":false,"_kad_post_classname":"","footnotes":""},"class_list":["post-113897","page","type-page","status-publish","hentry"],"acf":[],"yoast_head":"<!-- This site is optimized with the Yoast SEO plugin v27.2 - https:\/\/yoast.com\/product\/yoast-seo-wordpress\/ -->\n<title>\u00c9tudiants am\u00e9ricains du secondaire - Bishop&#039;s University<\/title>\n<meta name=\"robots\" content=\"index, follow, max-snippet:-1, max-image-preview:large, max-video-preview:-1\" \/>\n<link rel=\"canonical\" href=\"https:\/\/www.ubishops.ca\/fr\/futurs-etudiants\/processus-dadmission\/admission-requirements\/etudiants-americains-du-secondaire\/\" \/>\n<meta property=\"og:locale\" content=\"fr_FR\" \/>\n<meta property=\"og:type\" content=\"article\" \/>\n<meta property=\"og:title\" content=\"\u00c9tudiants am\u00e9ricains du secondaire - Bishop&#039;s University\" \/>\n<meta property=\"og:description\" content=\"Tu es un \u00e9tudiant am\u00e9ricain provenant d\u2019une \u00e9cole secondaire aux fins de l\u2019admission si\u202f: Les \u00e9tudiants inscrits au baccalaur\u00e9at international sont invit\u00e9s \u00e0 consulter la section \u00c9tudiants du baccalaur\u00e9at international (IB) pour conna\u00eetre les crit\u00e8res d\u2019admission qui s\u2019appliquent. Les \u00e9tudiants inscrits au baccalaur\u00e9at fran\u00e7ais sont invit\u00e9s \u00e0 consulter la section \u00c9tudiants du baccalaur\u00e9at fran\u00e7ais (BACF)...\" \/>\n<meta property=\"og:url\" content=\"https:\/\/www.ubishops.ca\/fr\/futurs-etudiants\/processus-dadmission\/admission-requirements\/etudiants-americains-du-secondaire\/\" \/>\n<meta property=\"og:site_name\" content=\"Bishop&#039;s University\" \/>\n<meta property=\"article:publisher\" content=\"https:\/\/www.facebook.com\/ubishops\" \/>\n<meta property=\"article:modified_time\" content=\"2024-07-16T19:35:45+00:00\" \/>\n<meta property=\"og:image\" content=\"https:\/\/www.ubishops.ca\/wp-content\/uploads\/Common-Application-e1472048581158.jpg\" \/>\n<meta name=\"twitter:card\" content=\"summary_large_image\" \/>\n<meta name=\"twitter:site\" content=\"@ubishops\" \/>\n<meta name=\"twitter:label1\" content=\"Dur\u00e9e de lecture estim\u00e9e\" \/>\n\t<meta name=\"twitter:data1\" content=\"3 minutes\" \/>\n<script type=\"application\/ld+json\" class=\"yoast-schema-graph\">{\"@context\":\"https:\/\/schema.org\",\"@graph\":[{\"@type\":\"WebPage\",\"@id\":\"https:\/\/www.ubishops.ca\/fr\/futurs-etudiants\/processus-dadmission\/admission-requirements\/etudiants-americains-du-secondaire\/\",\"url\":\"https:\/\/www.ubishops.ca\/fr\/futurs-etudiants\/processus-dadmission\/admission-requirements\/etudiants-americains-du-secondaire\/\",\"name\":\"\u00c9tudiants am\u00e9ricains du secondaire - Bishop&#039;s University\",\"isPartOf\":{\"@id\":\"https:\/\/www.ubishops.ca\/#website\"},\"primaryImageOfPage\":{\"@id\":\"https:\/\/www.ubishops.ca\/fr\/futurs-etudiants\/processus-dadmission\/admission-requirements\/etudiants-americains-du-secondaire\/#primaryimage\"},\"image\":{\"@id\":\"https:\/\/www.ubishops.ca\/fr\/futurs-etudiants\/processus-dadmission\/admission-requirements\/etudiants-americains-du-secondaire\/#primaryimage\"},\"thumbnailUrl\":\"https:\/\/www.ubishops.ca\/wp-content\/uploads\/Common-Application-e1472048581158.jpg\",\"datePublished\":\"2016-07-27T18:16:03+00:00\",\"dateModified\":\"2024-07-16T19:35:45+00:00\",\"breadcrumb\":{\"@id\":\"https:\/\/www.ubishops.ca\/fr\/futurs-etudiants\/processus-dadmission\/admission-requirements\/etudiants-americains-du-secondaire\/#breadcrumb\"},\"inLanguage\":\"fr-FR\",\"potentialAction\":[{\"@type\":\"ReadAction\",\"target\":[\"https:\/\/www.ubishops.ca\/fr\/futurs-etudiants\/processus-dadmission\/admission-requirements\/etudiants-americains-du-secondaire\/\"]}]},{\"@type\":\"ImageObject\",\"inLanguage\":\"fr-FR\",\"@id\":\"https:\/\/www.ubishops.ca\/fr\/futurs-etudiants\/processus-dadmission\/admission-requirements\/etudiants-americains-du-secondaire\/#primaryimage\",\"url\":\"https:\/\/www.ubishops.ca\/wp-content\/uploads\/Common-Application-e1472048581158.jpg\",\"contentUrl\":\"https:\/\/www.ubishops.ca\/wp-content\/uploads\/Common-Application-e1472048581158.jpg\"},{\"@type\":\"BreadcrumbList\",\"@id\":\"https:\/\/www.ubishops.ca\/fr\/futurs-etudiants\/processus-dadmission\/admission-requirements\/etudiants-americains-du-secondaire\/#breadcrumb\",\"itemListElement\":[{\"@type\":\"ListItem\",\"position\":1,\"name\":\"Accueil\",\"item\":\"https:\/\/www.ubishops.ca\/fr\/\"},{\"@type\":\"ListItem\",\"position\":2,\"name\":\"Futurs \u00e9tudiants\",\"item\":\"https:\/\/www.ubishops.ca\/fr\/futurs-etudiants\/\"},{\"@type\":\"ListItem\",\"position\":3,\"name\":\"Processus d\u2019admission\",\"item\":\"https:\/\/www.ubishops.ca\/fr\/futurs-etudiants\/processus-dadmission\/\"},{\"@type\":\"ListItem\",\"position\":4,\"name\":\"Crit\u00e8res d\u2019admission\",\"item\":\"https:\/\/www.ubishops.ca\/fr\/futurs-etudiants\/processus-dadmission\/admission-requirements\/\"},{\"@type\":\"ListItem\",\"position\":5,\"name\":\"\u00c9tudiants am\u00e9ricains du secondaire\"}]},{\"@type\":\"WebSite\",\"@id\":\"https:\/\/www.ubishops.ca\/#website\",\"url\":\"https:\/\/www.ubishops.ca\/\",\"name\":\"Bishop&#039;s University\",\"description\":\"\",\"potentialAction\":[{\"@type\":\"SearchAction\",\"target\":{\"@type\":\"EntryPoint\",\"urlTemplate\":\"https:\/\/www.ubishops.ca\/?s={search_term_string}\"},\"query-input\":{\"@type\":\"PropertyValueSpecification\",\"valueRequired\":true,\"valueName\":\"search_term_string\"}}],\"inLanguage\":\"fr-FR\"}]}<\/script>\n<!-- \/ Yoast SEO plugin. -->","yoast_head_json":{"title":"\u00c9tudiants am\u00e9ricains du secondaire - Bishop&#039;s University","robots":{"index":"index","follow":"follow","max-snippet":"max-snippet:-1","max-image-preview":"max-image-preview:large","max-video-preview":"max-video-preview:-1"},"canonical":"https:\/\/www.ubishops.ca\/fr\/futurs-etudiants\/processus-dadmission\/admission-requirements\/etudiants-americains-du-secondaire\/","og_locale":"fr_FR","og_type":"article","og_title":"\u00c9tudiants am\u00e9ricains du secondaire - Bishop&#039;s University","og_description":"Tu es un \u00e9tudiant am\u00e9ricain provenant d\u2019une \u00e9cole secondaire aux fins de l\u2019admission si\u202f: Les \u00e9tudiants inscrits au baccalaur\u00e9at international sont invit\u00e9s \u00e0 consulter la section \u00c9tudiants du baccalaur\u00e9at international (IB) pour conna\u00eetre les crit\u00e8res d\u2019admission qui s\u2019appliquent. Les \u00e9tudiants inscrits au baccalaur\u00e9at fran\u00e7ais sont invit\u00e9s \u00e0 consulter la section \u00c9tudiants du baccalaur\u00e9at fran\u00e7ais (BACF)...","og_url":"https:\/\/www.ubishops.ca\/fr\/futurs-etudiants\/processus-dadmission\/admission-requirements\/etudiants-americains-du-secondaire\/","og_site_name":"Bishop&#039;s University","article_publisher":"https:\/\/www.facebook.com\/ubishops","article_modified_time":"2024-07-16T19:35:45+00:00","og_image":[{"url":"https:\/\/www.ubishops.ca\/wp-content\/uploads\/Common-Application-e1472048581158.jpg","type":"","width":"","height":""}],"twitter_card":"summary_large_image","twitter_site":"@ubishops","twitter_misc":{"Dur\u00e9e de lecture estim\u00e9e":"3 minutes"},"schema":{"@context":"https:\/\/schema.org","@graph":[{"@type":"WebPage","@id":"https:\/\/www.ubishops.ca\/fr\/futurs-etudiants\/processus-dadmission\/admission-requirements\/etudiants-americains-du-secondaire\/","url":"https:\/\/www.ubishops.ca\/fr\/futurs-etudiants\/processus-dadmission\/admission-requirements\/etudiants-americains-du-secondaire\/","name":"\u00c9tudiants am\u00e9ricains du secondaire - Bishop&#039;s University","isPartOf":{"@id":"https:\/\/www.ubishops.ca\/#website"},"primaryImageOfPage":{"@id":"https:\/\/www.ubishops.ca\/fr\/futurs-etudiants\/processus-dadmission\/admission-requirements\/etudiants-americains-du-secondaire\/#primaryimage"},"image":{"@id":"https:\/\/www.ubishops.ca\/fr\/futurs-etudiants\/processus-dadmission\/admission-requirements\/etudiants-americains-du-secondaire\/#primaryimage"},"thumbnailUrl":"https:\/\/www.ubishops.ca\/wp-content\/uploads\/Common-Application-e1472048581158.jpg","datePublished":"2016-07-27T18:16:03+00:00","dateModified":"2024-07-16T19:35:45+00:00","breadcrumb":{"@id":"https:\/\/www.ubishops.ca\/fr\/futurs-etudiants\/processus-dadmission\/admission-requirements\/etudiants-americains-du-secondaire\/#breadcrumb"},"inLanguage":"fr-FR","potentialAction":[{"@type":"ReadAction","target":["https:\/\/www.ubishops.ca\/fr\/futurs-etudiants\/processus-dadmission\/admission-requirements\/etudiants-americains-du-secondaire\/"]}]},{"@type":"ImageObject","inLanguage":"fr-FR","@id":"https:\/\/www.ubishops.ca\/fr\/futurs-etudiants\/processus-dadmission\/admission-requirements\/etudiants-americains-du-secondaire\/#primaryimage","url":"https:\/\/www.ubishops.ca\/wp-content\/uploads\/Common-Application-e1472048581158.jpg","contentUrl":"https:\/\/www.ubishops.ca\/wp-content\/uploads\/Common-Application-e1472048581158.jpg"},{"@type":"BreadcrumbList","@id":"https:\/\/www.ubishops.ca\/fr\/futurs-etudiants\/processus-dadmission\/admission-requirements\/etudiants-americains-du-secondaire\/#breadcrumb","itemListElement":[{"@type":"ListItem","position":1,"name":"Accueil","item":"https:\/\/www.ubishops.ca\/fr\/"},{"@type":"ListItem","position":2,"name":"Futurs \u00e9tudiants","item":"https:\/\/www.ubishops.ca\/fr\/futurs-etudiants\/"},{"@type":"ListItem","position":3,"name":"Processus d\u2019admission","item":"https:\/\/www.ubishops.ca\/fr\/futurs-etudiants\/processus-dadmission\/"},{"@type":"ListItem","position":4,"name":"Crit\u00e8res d\u2019admission","item":"https:\/\/www.ubishops.ca\/fr\/futurs-etudiants\/processus-dadmission\/admission-requirements\/"},{"@type":"ListItem","position":5,"name":"\u00c9tudiants am\u00e9ricains du secondaire"}]},{"@type":"WebSite","@id":"https:\/\/www.ubishops.ca\/#website","url":"https:\/\/www.ubishops.ca\/","name":"Bishop&#039;s University","description":"","potentialAction":[{"@type":"SearchAction","target":{"@type":"EntryPoint","urlTemplate":"https:\/\/www.ubishops.ca\/?s={search_term_string}"},"query-input":{"@type":"PropertyValueSpecification","valueRequired":true,"valueName":"search_term_string"}}],"inLanguage":"fr-FR"}]}},"taxonomy_info":[],"featured_image_src_large":false,"author_info":{"display_name":"Julie Fradette","author_link":"https:\/\/www.ubishops.ca\/fr\/author\/jfradett\/"},"comment_info":0,"publishpress_future_action":{"enabled":false,"date":"2026-04-15 11:18:41","action":"change-status","newStatus":"draft","terms":[],"taxonomy":"translation_priority","extraData":[]},"publishpress_future_workflow_manual_trigger":{"enabledWorkflows":[]},"_links":{"self":[{"href":"https:\/\/www.ubishops.ca\/fr\/wp-json\/wp\/v2\/pages\/113897","targetHints":{"allow":["GET"]}}],"collection":[{"href":"https:\/\/www.ubishops.ca\/fr\/wp-json\/wp\/v2\/pages"}],"about":[{"href":"https:\/\/www.ubishops.ca\/fr\/wp-json\/wp\/v2\/types\/page"}],"author":[{"embeddable":true,"href":"https:\/\/www.ubishops.ca\/fr\/wp-json\/wp\/v2\/users\/49"}],"replies":[{"embeddable":true,"href":"https:\/\/www.ubishops.ca\/fr\/wp-json\/wp\/v2\/comments?post=113897"}],"version-history":[{"count":0,"href":"https:\/\/www.ubishops.ca\/fr\/wp-json\/wp\/v2\/pages\/113897\/revisions"}],"up":[{"embeddable":true,"href":"https:\/\/www.ubishops.ca\/fr\/wp-json\/wp\/v2\/pages\/80854"}],"wp:attachment":[{"href":"https:\/\/www.ubishops.ca\/fr\/wp-json\/wp\/v2\/media?parent=113897"}],"curies":[{"name":"wp","href":"https:\/\/api.w.org\/{rel}","templated":true}]}}