{"id":113887,"date":"2016-07-27T15:04:52","date_gmt":"2016-07-27T19:04:52","guid":{"rendered":"https:\/\/www.ubishops.ca\/futurs-etudiants\/processus-dadmission\/admission-requirements\/university-transfer-students\/"},"modified":"2025-07-21T15:40:26","modified_gmt":"2025-07-21T19:40:26","slug":"etudiants-provenant-autre-universite","status":"publish","type":"page","link":"https:\/\/www.ubishops.ca\/fr\/futurs-etudiants\/processus-dadmission\/admission-requirements\/etudiants-provenant-autre-universite\/","title":{"rendered":"\u00c9tudiants provenant d\u2019une autre universit\u00e9"},"content":{"rendered":"\n<p>Tu es un \u00e9tudiant provenant d\u2019une autre universit\u00e9 aux fins de l\u2019admission si\u202f:<\/p>\n\n\n\n<ul class=\"wp-block-list\">\n<li>tu as r\u00e9alis\u00e9 au moins un trimestre d\u2019\u00e9tudes \u00e0 temps plein dans une universit\u00e9 au cours des cinq derni\u00e8res ann\u00e9es; ou<\/li>\n\n\n\n<li>tu as obtenu un dipl\u00f4me d\u2019un programme universitaire dans les dix\u202fderni\u00e8res ann\u00e9es et tu n\u2019as pas \u00e9tudi\u00e9 dans un autre \u00e9tablissement depuis la fin de tes \u00e9tudes universitaires. Dans ce cas, ton statut correspondra \u00e0 celui d\u2019une personne qui souhaite obtenir un autre dipl\u00f4me universitaire.<\/li>\n<\/ul>\n\n\n\n<div class=\"wp-block-buttons is-layout-flex wp-block-buttons-is-layout-flex\">\n<div class=\"wp-block-button\"><a class=\"wp-block-button__link has-purple-background-color has-background wp-element-button\" href=\"https:\/\/www.ubishops.ca\/fr\/futurs-etudiants\/bishops-university-online-application\/\">Inscris-toi<\/a><\/div>\n<\/div>\n\n\n\n<div style=\"height:20px\" aria-hidden=\"true\" class=\"wp-block-spacer\"><\/div>\n\n\n\n<h2 class=\"wp-block-heading\" id=\"general-admission-requirements\">Crit\u00e8res d\u2019admission g\u00e9n\u00e9raux<\/h2>\n\n\n\n<p>Les demandes d\u2019admission d\u2019\u00e9tudiants provenant d\u2019une universit\u00e9 sont \u00e9valu\u00e9es au cas par cas. De fa\u00e7on g\u00e9n\u00e9rale, les \u00e9tudiants doivent avoir un bon dossier scolaire \u00e0 leur dernier trimestre pour que le dossier d\u2019admission soit jug\u00e9 satisfaisant. \u00c0 chaque cycle d\u2019admission, l\u2019Universit\u00e9 Bishop\u2019s re\u00e7oit plus de demandes que le nombre de places disponibles. Un dossier jug\u00e9 satisfaisant aux fins d\u2019\u00e9valuation ne garantit donc pas l\u2019admission.<\/p>\n\n\n\n<p>Pour les candidats \u00e0 des programmes de baccalaur\u00e9at \u00e8s sciences et \u00e0 certains programmes de l\u2019\u00c9cole de gestion William, si les renseignements fournis ne permettent pas d\u2019\u00e9tablir que les cours de math\u00e9matiques de niveau universitaire, c\u00e9gep ou 12e\u202fann\u00e9e ont \u00e9t\u00e9 r\u00e9ussis, une preuve pourrait \u00eatre demand\u00e9e. Le cas \u00e9ch\u00e9ant, le bureau des admissions communiquera avec le candidat pour obtenir ces informations.<\/p>\n\n\n\n<div style=\"height:30px\" aria-hidden=\"true\" class=\"wp-block-spacer\"><\/div>\n\n\n\n<h2 class=\"wp-block-heading\" id=\"required-supporting-documents\">Documents justificatifs requis<\/h2>\n\n\n\n<ul class=\"wp-block-list\">\n<li>Preuve d\u2019aptitudes linguistiques en anglais. Tous les candidats doivent soumettre une preuve qu\u2019ils ont une connaissance suffisante de l\u2019anglais. <a href=\"https:\/\/www.ubishops.ca\/future-students\/admission-process\/providing-proof-of-english-language-proficiency\/\">Consulte la page Exigences en mati\u00e8re de connaissance de l\u2019anglais<\/a> pour d\u00e9terminer quels documents suppl\u00e9mentaires tu devras fournir, si n\u00e9cessaire. Si tes aptitudes linguistiques en anglais ne sont pas suffisantes selon nos crit\u00e8res minimums, il existe plusieurs Programmes pr\u00e9paratoires aux \u00e9tudes en anglais avec lesquels nous avons un partenariat qui pourraient t\u2019aider.<\/li>\n\n\n\n<li>Copie de ton plus r\u00e9cent relev\u00e9 de notes universitaire.<\/li>\n\n\n\n<li>Copie de ton dernier relev\u00e9 de notes du secondaire si tu n\u2019as pas termin\u00e9 au moins une ann\u00e9e d\u2019\u00e9tudes universitaires.<\/li>\n\n\n\n<li>Copies d\u2019une ou plusieurs pi\u00e8ces d\u2019identit\u00e9. <a href=\"https:\/\/www.ubishops.ca\/future-students\/admission-process\/personal-identification-documents\/\">Consulte la page Pi\u00e8ces d\u2019identit\u00e9<\/a> pour d\u00e9terminer quels documents tu devras fournir.<\/li>\n<\/ul>\n\n\n\n<p>L\u2019Universit\u00e9 Bishop\u2019s applique une approche holistique dans son processus d\u2019admission. Tous les documents suppl\u00e9mentaires pertinents que tu fournis seront examin\u00e9s. \u00c0 sa discr\u00e9tion, le bureau des admissions pourrait te demander d\u2019autres documents justificatifs (essai personnel, <a href=\"https:\/\/www.ubishops.ca\/future-students\/admission-process\/letter-of-intent-hold-status\/\">lettre d\u2019intention<\/a>, lettre de recommandation, CV ou autre) pour l\u2019aider dans l\u2019\u00e9valuation de ta demande.<\/p>\n\n\n\n<div style=\"height:30px\" aria-hidden=\"true\" class=\"wp-block-spacer\"><\/div>\n\n\n\n<h2 class=\"wp-block-heading\">Autres documents justificatifs dans des programmes particuliers<\/h2>\n\n\n\n<p>Les candidats aux programmes suivants du d\u00e9partement de musique doivent pr\u00e9senter une audition et une lettre exposant leur parcours musical. <a href=\"https:\/\/www.ubishops.ca\/wp-content\/uploads\/MusicApplicant_WebsiteInfo_Fall2013_Final-1.pdf\" target=\"_blank\" rel=\"noreferrer noopener\">Consulte la Fiche d\u2019informations sur l\u2019admission en musique<\/a> pour en savoir plus\u202f:<\/p>\n\n\n\n<ul class=\"wp-block-list\">\n<li>Baccalaur\u00e9at avec majeure en musique et culture<\/li>\n\n\n\n<li>Baccalaur\u00e9at avec majeure en interpr\u00e9tation musicale<\/li>\n\n\n\n<li>Baccalaur\u00e9at avec majeure en musique\u202f: Concentration th\u00e9\u00e2tre musical<\/li>\n\n\n\n<li>Baccalaur\u00e9at avec majeure en administration des arts\u202f: Concentration musique<\/li>\n\n\n\n<li>Baccalaur\u00e9at en \u00e9ducation, option enseignement et apprentissage des arts cr\u00e9atifs\u202f: Musique<\/li>\n<\/ul>\n\n\n\n<div style=\"height:30px\" aria-hidden=\"true\" class=\"wp-block-spacer\"><\/div>\n\n\n\n<h2 class=\"wp-block-heading\">Soumission des documents<\/h2>\n\n\n\n<p>Tous les documents justificatifs peuvent \u00eatre t\u00e9l\u00e9vers\u00e9s sur notre syst\u00e8me en ligne au moment de la demande d\u2019admission ou sur le Portail des candidats myBU en utilisant l\u2019option \u00ab\u202fSoumettre les documents manquants\u202f\u00bb. Ils peuvent \u00e9galement \u00eatre transmis par courriel \u00e0 <a href=\"&#x6d;&#x61;&#x69;&#x6c;&#x74;&#111;&#58;&#97;&#100;mis&#x73;&#x69;&#x6f;&#x6e;&#x73;&#x40;&#117;&#98;&#105;sho&#x70;&#x73;&#x2e;&#x63;&#x61;\">&#97;&#x64;m&#105;&#x73;s&#105;&#x6f;n&#115;&#x40;u&#98;&#x69;s&#104;&#x6f;p&#115;&#x2e;c&#97;<\/a>.<\/p>\n\n\n\n<div style=\"height:30px\" aria-hidden=\"true\" class=\"wp-block-spacer\"><\/div>\n\n\n\n<h2 class=\"wp-block-heading\" id=\"admission-timeline\">\u00c9ch\u00e9ancier d\u2019admission<\/h2>\n\n\n\n<p>Lorsque la p\u00e9riode d\u2019\u00e9valuation d\u00e9bute dans le cadre d\u2019un cycle d\u2019admission, les dossiers sont \u00e9valu\u00e9s au fur et \u00e0 mesure. Autrement dit, d\u00e8s la r\u00e9ception de tous les documents exig\u00e9s, le bureau proc\u00e9dera \u00e0 une \u00e9valuation initiale dans les dix\u202fjours ouvrables. (Exceptions\u202f: programmes de ma\u00eetrise, programmes en musique aussi \u00e9valu\u00e9s en fonction de l\u2019audition, et programmes contingent\u00e9s).<\/p>\n\n\n\n<div style=\"height:30px\" aria-hidden=\"true\" class=\"wp-block-spacer\"><\/div>\n\n\n\n<h2 class=\"wp-block-heading\">Des questions?<\/h2>\n\n\n\n<p>N\u2019h\u00e9site pas \u00e0 communiquer avec le bureau des admissions par courriel \u00e0 <a href=\"&#x6d;&#x61;&#x69;&#x6c;&#116;&#111;&#58;ad&#x6d;&#x69;&#x73;&#x73;&#x69;&#111;&#110;&#115;&#64;u&#x62;&#x69;&#x73;&#x68;&#x6f;&#112;&#115;&#46;ca\">&#97;d&#x6d;i&#x73;s&#x69;o&#x6e;s&#x40;u&#x62;&#105;&#x73;&#104;&#x6f;&#112;&#x73;&#46;&#x63;&#97;<\/a> ou par t\u00e9l\u00e9phone au 819\u202f822-9600 poste\u202f2680.<\/p>\n\n\n\n<div class=\"wp-block-buttons is-layout-flex wp-block-buttons-is-layout-flex\">\n<div class=\"wp-block-button\"><a class=\"wp-block-button__link has-purple-background-color has-background wp-element-button\" href=\"https:\/\/www.ubishops.ca\/fr\/futurs-etudiants\/bishops-university-online-application\/\">Inscris-toi<\/a><\/div>\n<\/div>\n","protected":false},"excerpt":{"rendered":"<p>Tu es un \u00e9tudiant provenant d\u2019une autre universit\u00e9 aux fins de l\u2019admission si\u202f: Crit\u00e8res d\u2019admission g\u00e9n\u00e9raux Les demandes d\u2019admission d\u2019\u00e9tudiants provenant d\u2019une universit\u00e9 sont \u00e9valu\u00e9es au cas par cas. De fa\u00e7on g\u00e9n\u00e9rale, les \u00e9tudiants doivent avoir un bon dossier scolaire \u00e0 leur dernier trimestre pour que le dossier d\u2019admission soit jug\u00e9 satisfaisant. \u00c0 chaque cycle&#8230;<\/p>\n","protected":false},"author":49,"featured_media":0,"parent":80854,"menu_order":115,"comment_status":"closed","ping_status":"closed","template":"","meta":{"_acf_changed":false,"_cbd_carousel_blocks":"[]","_kad_blocks_custom_css":"","_kad_blocks_head_custom_js":"","_kad_blocks_body_custom_js":"","_kad_blocks_footer_custom_js":"","_kad_post_transparent":"","_kad_post_title":"","_kad_post_layout":"","_kad_post_sidebar_id":"","_kad_post_content_style":"","_kad_post_vertical_padding":"","_kad_post_feature":"","_kad_post_feature_position":"","_kad_post_header":false,"_kad_post_footer":false,"_kad_post_classname":"","footnotes":""},"class_list":["post-113887","page","type-page","status-publish","hentry"],"acf":[],"yoast_head":"<!-- This site is optimized with the Yoast SEO plugin v27.2 - https:\/\/yoast.com\/product\/yoast-seo-wordpress\/ -->\n<title>\u00c9tudiants provenant d\u2019une autre universit\u00e9 - Bishop&#039;s University<\/title>\n<meta name=\"robots\" content=\"index, follow, max-snippet:-1, max-image-preview:large, max-video-preview:-1\" \/>\n<link rel=\"canonical\" href=\"https:\/\/www.ubishops.ca\/fr\/futurs-etudiants\/processus-dadmission\/admission-requirements\/etudiants-provenant-autre-universite\/\" \/>\n<meta property=\"og:locale\" content=\"fr_FR\" \/>\n<meta property=\"og:type\" content=\"article\" \/>\n<meta property=\"og:title\" content=\"\u00c9tudiants provenant d\u2019une autre universit\u00e9 - Bishop&#039;s University\" \/>\n<meta property=\"og:description\" content=\"Tu es un \u00e9tudiant provenant d\u2019une autre universit\u00e9 aux fins de l\u2019admission si\u202f: Crit\u00e8res d\u2019admission g\u00e9n\u00e9raux Les demandes d\u2019admission d\u2019\u00e9tudiants provenant d\u2019une universit\u00e9 sont \u00e9valu\u00e9es au cas par cas. De fa\u00e7on g\u00e9n\u00e9rale, les \u00e9tudiants doivent avoir un bon dossier scolaire \u00e0 leur dernier trimestre pour que le dossier d\u2019admission soit jug\u00e9 satisfaisant. \u00c0 chaque cycle...\" \/>\n<meta property=\"og:url\" content=\"https:\/\/www.ubishops.ca\/fr\/futurs-etudiants\/processus-dadmission\/admission-requirements\/etudiants-provenant-autre-universite\/\" \/>\n<meta property=\"og:site_name\" content=\"Bishop&#039;s University\" \/>\n<meta property=\"article:publisher\" content=\"https:\/\/www.facebook.com\/ubishops\" \/>\n<meta property=\"article:modified_time\" content=\"2025-07-21T19:40:26+00:00\" \/>\n<meta name=\"twitter:card\" content=\"summary_large_image\" \/>\n<meta name=\"twitter:site\" content=\"@ubishops\" \/>\n<meta name=\"twitter:label1\" content=\"Dur\u00e9e de lecture estim\u00e9e\" \/>\n\t<meta name=\"twitter:data1\" content=\"2 minutes\" \/>\n<script type=\"application\/ld+json\" class=\"yoast-schema-graph\">{\"@context\":\"https:\/\/schema.org\",\"@graph\":[{\"@type\":\"WebPage\",\"@id\":\"https:\/\/www.ubishops.ca\/fr\/futurs-etudiants\/processus-dadmission\/admission-requirements\/etudiants-provenant-autre-universite\/\",\"url\":\"https:\/\/www.ubishops.ca\/fr\/futurs-etudiants\/processus-dadmission\/admission-requirements\/etudiants-provenant-autre-universite\/\",\"name\":\"\u00c9tudiants provenant d\u2019une autre universit\u00e9 - Bishop&#039;s University\",\"isPartOf\":{\"@id\":\"https:\/\/www.ubishops.ca\/#website\"},\"datePublished\":\"2016-07-27T19:04:52+00:00\",\"dateModified\":\"2025-07-21T19:40:26+00:00\",\"breadcrumb\":{\"@id\":\"https:\/\/www.ubishops.ca\/fr\/futurs-etudiants\/processus-dadmission\/admission-requirements\/etudiants-provenant-autre-universite\/#breadcrumb\"},\"inLanguage\":\"fr-FR\",\"potentialAction\":[{\"@type\":\"ReadAction\",\"target\":[\"https:\/\/www.ubishops.ca\/fr\/futurs-etudiants\/processus-dadmission\/admission-requirements\/etudiants-provenant-autre-universite\/\"]}]},{\"@type\":\"BreadcrumbList\",\"@id\":\"https:\/\/www.ubishops.ca\/fr\/futurs-etudiants\/processus-dadmission\/admission-requirements\/etudiants-provenant-autre-universite\/#breadcrumb\",\"itemListElement\":[{\"@type\":\"ListItem\",\"position\":1,\"name\":\"Accueil\",\"item\":\"https:\/\/www.ubishops.ca\/fr\/\"},{\"@type\":\"ListItem\",\"position\":2,\"name\":\"Futurs \u00e9tudiants\",\"item\":\"https:\/\/www.ubishops.ca\/fr\/futurs-etudiants\/\"},{\"@type\":\"ListItem\",\"position\":3,\"name\":\"Processus d\u2019admission\",\"item\":\"https:\/\/www.ubishops.ca\/fr\/futurs-etudiants\/processus-dadmission\/\"},{\"@type\":\"ListItem\",\"position\":4,\"name\":\"Crit\u00e8res d\u2019admission\",\"item\":\"https:\/\/www.ubishops.ca\/fr\/futurs-etudiants\/processus-dadmission\/admission-requirements\/\"},{\"@type\":\"ListItem\",\"position\":5,\"name\":\"\u00c9tudiants provenant d\u2019une autre universit\u00e9\"}]},{\"@type\":\"WebSite\",\"@id\":\"https:\/\/www.ubishops.ca\/#website\",\"url\":\"https:\/\/www.ubishops.ca\/\",\"name\":\"Bishop&#039;s University\",\"description\":\"\",\"potentialAction\":[{\"@type\":\"SearchAction\",\"target\":{\"@type\":\"EntryPoint\",\"urlTemplate\":\"https:\/\/www.ubishops.ca\/?s={search_term_string}\"},\"query-input\":{\"@type\":\"PropertyValueSpecification\",\"valueRequired\":true,\"valueName\":\"search_term_string\"}}],\"inLanguage\":\"fr-FR\"}]}<\/script>\n<!-- \/ Yoast SEO plugin. -->","yoast_head_json":{"title":"\u00c9tudiants provenant d\u2019une autre universit\u00e9 - Bishop&#039;s University","robots":{"index":"index","follow":"follow","max-snippet":"max-snippet:-1","max-image-preview":"max-image-preview:large","max-video-preview":"max-video-preview:-1"},"canonical":"https:\/\/www.ubishops.ca\/fr\/futurs-etudiants\/processus-dadmission\/admission-requirements\/etudiants-provenant-autre-universite\/","og_locale":"fr_FR","og_type":"article","og_title":"\u00c9tudiants provenant d\u2019une autre universit\u00e9 - Bishop&#039;s University","og_description":"Tu es un \u00e9tudiant provenant d\u2019une autre universit\u00e9 aux fins de l\u2019admission si\u202f: Crit\u00e8res d\u2019admission g\u00e9n\u00e9raux Les demandes d\u2019admission d\u2019\u00e9tudiants provenant d\u2019une universit\u00e9 sont \u00e9valu\u00e9es au cas par cas. De fa\u00e7on g\u00e9n\u00e9rale, les \u00e9tudiants doivent avoir un bon dossier scolaire \u00e0 leur dernier trimestre pour que le dossier d\u2019admission soit jug\u00e9 satisfaisant. \u00c0 chaque cycle...","og_url":"https:\/\/www.ubishops.ca\/fr\/futurs-etudiants\/processus-dadmission\/admission-requirements\/etudiants-provenant-autre-universite\/","og_site_name":"Bishop&#039;s University","article_publisher":"https:\/\/www.facebook.com\/ubishops","article_modified_time":"2025-07-21T19:40:26+00:00","twitter_card":"summary_large_image","twitter_site":"@ubishops","twitter_misc":{"Dur\u00e9e de lecture estim\u00e9e":"2 minutes"},"schema":{"@context":"https:\/\/schema.org","@graph":[{"@type":"WebPage","@id":"https:\/\/www.ubishops.ca\/fr\/futurs-etudiants\/processus-dadmission\/admission-requirements\/etudiants-provenant-autre-universite\/","url":"https:\/\/www.ubishops.ca\/fr\/futurs-etudiants\/processus-dadmission\/admission-requirements\/etudiants-provenant-autre-universite\/","name":"\u00c9tudiants provenant d\u2019une autre universit\u00e9 - Bishop&#039;s University","isPartOf":{"@id":"https:\/\/www.ubishops.ca\/#website"},"datePublished":"2016-07-27T19:04:52+00:00","dateModified":"2025-07-21T19:40:26+00:00","breadcrumb":{"@id":"https:\/\/www.ubishops.ca\/fr\/futurs-etudiants\/processus-dadmission\/admission-requirements\/etudiants-provenant-autre-universite\/#breadcrumb"},"inLanguage":"fr-FR","potentialAction":[{"@type":"ReadAction","target":["https:\/\/www.ubishops.ca\/fr\/futurs-etudiants\/processus-dadmission\/admission-requirements\/etudiants-provenant-autre-universite\/"]}]},{"@type":"BreadcrumbList","@id":"https:\/\/www.ubishops.ca\/fr\/futurs-etudiants\/processus-dadmission\/admission-requirements\/etudiants-provenant-autre-universite\/#breadcrumb","itemListElement":[{"@type":"ListItem","position":1,"name":"Accueil","item":"https:\/\/www.ubishops.ca\/fr\/"},{"@type":"ListItem","position":2,"name":"Futurs \u00e9tudiants","item":"https:\/\/www.ubishops.ca\/fr\/futurs-etudiants\/"},{"@type":"ListItem","position":3,"name":"Processus d\u2019admission","item":"https:\/\/www.ubishops.ca\/fr\/futurs-etudiants\/processus-dadmission\/"},{"@type":"ListItem","position":4,"name":"Crit\u00e8res d\u2019admission","item":"https:\/\/www.ubishops.ca\/fr\/futurs-etudiants\/processus-dadmission\/admission-requirements\/"},{"@type":"ListItem","position":5,"name":"\u00c9tudiants provenant d\u2019une autre universit\u00e9"}]},{"@type":"WebSite","@id":"https:\/\/www.ubishops.ca\/#website","url":"https:\/\/www.ubishops.ca\/","name":"Bishop&#039;s University","description":"","potentialAction":[{"@type":"SearchAction","target":{"@type":"EntryPoint","urlTemplate":"https:\/\/www.ubishops.ca\/?s={search_term_string}"},"query-input":{"@type":"PropertyValueSpecification","valueRequired":true,"valueName":"search_term_string"}}],"inLanguage":"fr-FR"}]}},"taxonomy_info":[],"featured_image_src_large":false,"author_info":{"display_name":"Julie Fradette","author_link":"https:\/\/www.ubishops.ca\/fr\/author\/jfradett\/"},"comment_info":0,"publishpress_future_action":{"enabled":false,"date":"2026-04-15 13:16:38","action":"change-status","newStatus":"draft","terms":[],"taxonomy":"translation_priority","extraData":[]},"publishpress_future_workflow_manual_trigger":{"enabledWorkflows":[]},"_links":{"self":[{"href":"https:\/\/www.ubishops.ca\/fr\/wp-json\/wp\/v2\/pages\/113887","targetHints":{"allow":["GET"]}}],"collection":[{"href":"https:\/\/www.ubishops.ca\/fr\/wp-json\/wp\/v2\/pages"}],"about":[{"href":"https:\/\/www.ubishops.ca\/fr\/wp-json\/wp\/v2\/types\/page"}],"author":[{"embeddable":true,"href":"https:\/\/www.ubishops.ca\/fr\/wp-json\/wp\/v2\/users\/49"}],"replies":[{"embeddable":true,"href":"https:\/\/www.ubishops.ca\/fr\/wp-json\/wp\/v2\/comments?post=113887"}],"version-history":[{"count":1,"href":"https:\/\/www.ubishops.ca\/fr\/wp-json\/wp\/v2\/pages\/113887\/revisions"}],"predecessor-version":[{"id":125684,"href":"https:\/\/www.ubishops.ca\/fr\/wp-json\/wp\/v2\/pages\/113887\/revisions\/125684"}],"up":[{"embeddable":true,"href":"https:\/\/www.ubishops.ca\/fr\/wp-json\/wp\/v2\/pages\/80854"}],"wp:attachment":[{"href":"https:\/\/www.ubishops.ca\/fr\/wp-json\/wp\/v2\/media?parent=113887"}],"curies":[{"name":"wp","href":"https:\/\/api.w.org\/{rel}","templated":true}]}}