{"id":113876,"date":"2016-08-23T16:17:29","date_gmt":"2016-08-23T20:17:29","guid":{"rendered":"https:\/\/www.ubishops.ca\/tomlinson-internship-program\/"},"modified":"2025-05-29T09:15:59","modified_gmt":"2025-05-29T13:15:59","slug":"programme-de-stages-tomlinson","status":"publish","type":"page","link":"https:\/\/www.ubishops.ca\/fr\/futurs-etudiants\/questions-financieres\/concours-de-bourses-prix-et-autres-bourses\/fonds-pour-les-initiatives-et-les-projets\/programme-de-stages-tomlinson\/","title":{"rendered":"Programme de stages Tomlinson"},"content":{"rendered":"\n<h2 class=\"wp-block-heading\" id=\"invitation-for-proposals-for-academic-year-2021-2022\">Appel de propositions pour l\u2019ann\u00e9e universitaire 2025-2026<\/h2>\n\n\n\n<p>Le Dr\u202fRichard H. Tomlinson (B.Sc. de Bishop\u2019s en 1943 et D.C.L. en 1989), ancien \u00e9l\u00e8ve distingu\u00e9 de Bishop\u2019s et de McGill, est d\u00e9c\u00e9d\u00e9 le 28\u202fjanvier\u202f2018 \u00e0 l\u2019\u00e2ge de 94\u202fans. Il est reconnu comme le plus grand donateur individuel de l\u2019histoire de Bishop\u2019s (6,8\u202fmillions\u202f$).<\/p>\n\n\n\n<p>Richard Tomlinson a fr\u00e9quent\u00e9 l\u2019Universit\u00e9 Bishop\u2019s de 1940 \u00e0 1943. Il a contribu\u00e9 \u00e0 la publication The Mitre et \u00e0 l\u2019album de finissants, fait partie de l\u2019\u00e9quipe de ski, jou\u00e9 au basketball et occup\u00e9 le poste de secr\u00e9taire-tr\u00e9sorier de l\u2019association \u00e9tudiante, en plus d\u2019\u00eatre membre de l\u2019\u00e9quipe d\u2019\u00e9checs. \u00c0 la m\u00eame \u00e9poque, il est gravi les rangs du Corps-\u00e9cole des Officiers canadiens jusqu\u2019\u00e0 celui de sergent-major de compagnie.<\/p>\n\n\n\n<p>Le Dr\u202fTomlinson a obtenu un dipl\u00f4me en Physique et chimie, et il a re\u00e7u les m\u00e9dailles du gouverneur g\u00e9n\u00e9ral et du lieutenant-gouverneur \u00e0 titre de meilleur \u00e9l\u00e8ve de sa cohorte. Il a ensuite obtenu un Ph.D. de l\u2019Universit\u00e9 McGill en 1948 avant d\u2019entamer sa carri\u00e8re de professeur de chimie \u00e0 l\u2019Universit\u00e9 McMaster. Apr\u00e8s avoir pris sa retraite en 1988, il est devenu pr\u00e9sident fondateur de Gennum Corporation, le plus grand fabricant au monde de micropuces pour les appareils auditifs.<\/p>\n\n\n\n<p>En 1989, l\u2019Universit\u00e9 Bishop\u2019s l\u2019a accueilli de nouveau pour lui octroyer un D.C.L., notamment pour son travail \u00e0 titre de professeur, de chercheur, d\u2019entrepreneur et de philanthrope. Puis, en 1998, l\u2019universit\u00e9 lui a \u00e9galement remis avec grande fiert\u00e9 le prix du <em>Dipl\u00f4m\u00e9 de l\u2019ann\u00e9e<\/em> en reconnaissance de son d\u00e9vouement pour Bishop\u2019s. Richard Tomlinson a \u00e9t\u00e9 nomm\u00e9 <em>Officier de l\u2019Ordre du Canada<\/em> en 2004.<\/p>\n\n\n\n<p>Interrog\u00e9 \u00e0 savoir pourquoi il avait continu\u00e9 de soutenir l\u2019universit\u00e9, le Dr\u202fTomlinson a r\u00e9pondu\u202f: \u00ab\u202fBishop\u2019s a \u00e9t\u00e9 un excellent point de d\u00e9part et m\u2019a ouvert la voie pour poursuivre mes \u00e9tudes et acc\u00e9der \u00e0 une formidable carri\u00e8re. Je suis heureux de pouvoir aider d\u2019autres \u00e9tudiants \u00e0 profiter des m\u00eames opportunit\u00e9s.\u202f\u00bb<\/p>\n\n\n\n<p>Le Programme de stages Tomlinson offre aux \u00e9tudiantes et \u00e9tudiants des occasions d\u2019apprentissage par l\u2019exp\u00e9rience li\u00e9es \u00e0 leur programme d\u2019\u00e9tudes dans un contexte r\u00e9mun\u00e9r\u00e9 afin de les aider \u00e0 payer une partie de leurs frais d\u2019\u00e9tudes. Gr\u00e2ce \u00e0 son g\u00e9n\u00e9reux don, le Dr\u202fTomlinson a permis \u00e0 Bishop\u2019s de mettre sur pied encore une fois cette ann\u00e9e un fonds pour cr\u00e9er des occasions de stages \u00e0 l\u2019Universit\u00e9 Bishop\u2019s en 2025-2026.<\/p>\n\n\n\n<h2 class=\"wp-block-heading\" id=\"application-procedure\">Processus de demande<\/h2>\n\n\n\n<p><strong>Qui peut soumettre une demande?<\/strong> Toutes les personnes qui occupent un poste de direction, de gestion ou de coordination parmi nos cadres ou un poste de direction de d\u00e9partement peuvent soumettre une demande.<\/p>\n\n\n\n<p><strong>Dur\u00e9e des stages<\/strong><strong>\u202f<\/strong><strong>:<\/strong> Minimum de dix\u202fsemaines (dans un m\u00eame trimestre) et maximum de vingt\u202fsemaines (sur deux\u202ftrimestres).<\/p>\n\n\n\n<p><strong>Admissibilit\u00e9<\/strong><strong>\u202f<\/strong><strong>:<\/strong> Tous les \u00e9tudiants \u00e0 temps plein sont admissibles \u00e0 un poste de stagiaire \u00e9tudiant.<\/p>\n\n\n\n<p><strong>Exigences<\/strong><strong>\u202f<\/strong><strong>:<\/strong><\/p>\n\n\n\n<p>Les demandes doivent r\u00e9pondre \u00e0 ces crit\u00e8res\u202f:<\/p>\n\n\n\n<ol start=\"1\" class=\"wp-block-list\">\n<li>La demande doit pr\u00e9senter en d\u00e9tail le projet de stage et les t\u00e2ches \u00e0 accomplir. Elle doit \u00e9galement expliquer comment les t\u00e2ches et responsabilit\u00e9s du stage s\u2019int\u00e8grent dans le programme d\u2019\u00e9tudes de l\u2019\u00e9tudiante ou l\u2019\u00e9tudiant.<\/li>\n\n\n\n<li>La demande doit comprendre une proposition de budget d\u00e9taill\u00e9e (avec le nombre d\u2019heures par semaine et le total par trimestre). Le maximum d\u2019heures de stage par semaine ne doit pas d\u00e9passer dix\u202fheures.<\/li>\n\n\n\n<li>Les stages sont accord\u00e9s pour une ann\u00e9e universitaire seulement, sans promesse de renouvellement.<\/li>\n<\/ol>\n\n\n\n<p><strong>Pour soumettre une demande<\/strong><strong>\u202f<\/strong><strong>:<\/strong> Veuillez transmettre vos propositions en format PDF \u00e0 Kyle Pye \u00e0 <a href=\"m&#97;&#105;&#x6c;&#x74;o:&#107;&#112;&#x79;&#x65;&#64;u&#98;&#105;&#x73;&#x68;op&#115;&#x2e;&#x63;&#x61;\" target=\"_blank\" rel=\"noreferrer noopener\">&#x6b;&#112;y&#x65;&#64;u&#x62;&#105;s&#x68;&#x6f;&#112;&#x73;&#x2e;&#99;a<\/a>.<\/p>\n\n\n\n<p><strong>Date limite<\/strong><strong>\u202f<\/strong><strong>: lundi 9 juin 2025<\/strong><\/p>\n\n\n\n<h2 class=\"wp-block-heading\" id=\"adjudication\">D\u00e9cision<\/h2>\n\n\n\n<p>Le comit\u00e9 de s\u00e9lection est compos\u00e9 de six doyennes ou doyens :<\/p>\n\n\n\n<ol class=\"wp-block-list\">\n<li>Danai B\u00e9langer, vice-principale aux affaires \u00e9tudiantes (pr\u00e9sidente)<\/li>\n\n\n\n<li>Dre Julie Desjardins, doyenne de l\u2019\u00c9cole d\u2019\u00e9ducation<\/li>\n\n\n\n<li>Dre Kerry Hull, doyenne de la Facult\u00e9 des sciences naturelles et math\u00e9matiques<\/li>\n\n\n\n<li>Dr Matthew Peros, doyen de la Facult\u00e9 des sciences sociales<\/li>\n\n\n\n<li>Dre Jean Manore, doyenne de la Facult\u00e9 des Arts<\/li>\n\n\n\n<li>Dre Margaret BK Shepherd, doyenne de l\u2019\u00c9cole de gestion Williams.<\/li>\n<\/ol>\n\n\n\n<h2 class=\"wp-block-heading\" id=\"terms-and-conditions-for-successful-applicants\">Modalit\u00e9s et conditions pour les stagiaires<\/h2>\n\n\n\n<h3 class=\"wp-block-heading\" id=\"payment-regulations\">Salaire<\/h3>\n\n\n\n<ol style=\"list-style-type:1\" class=\"wp-block-list\">\n<li>La ou le stagiaire peut travailler un <strong>maximum de dix<\/strong><strong>\u202f<\/strong><strong>heures par semaine<\/strong>.<\/li>\n\n\n\n<li>Le salaire correspond au <strong>salaire minimum<\/strong>.<\/li>\n\n\n\n<li>Au 1er\u202fmai 2025, le salaire minimum au Qu\u00e9bec est de <strong>16,10\u202f$ \/ heure<\/strong>.<\/li>\n\n\n\n<li>Le montant maximum admissible pour tout stage Tomlinson est de <strong>3 220\u202f$<\/strong>. Calcul\u202f: p.\u202fex., pour 16,10\u202f$ x 10 heures max. par semaine x 10 semaines par trimestre = 1 610\u202f$ x 2 trimestres = 3 220\u202f$.<\/li>\n<\/ol>\n\n\n\n<h3 class=\"wp-block-heading\" id=\"responsibilities-of-the-hiring-department\">Responsabilit\u00e9s du d\u00e9partement recruteur<\/h3>\n\n\n\n<ol style=\"list-style-type:1\" class=\"wp-block-list\">\n<li>Le stage doit \u00eatre affich\u00e9 sur le babillard des Emplois et services de transition. Les affichages doivent \u00eatre soumis \u00e0 l\u2019aide du formulaire en ligne avant la fin ao\u00fbt\u202f2023\u202f: <a href=\"https:\/\/www.ubishops.ca\/fr\/services-aux-etudiants\/employeurs\/\">soumettre un affichage<\/a>.<\/li>\n\n\n\n<li>Les candidats s\u00e9lectionn\u00e9s doivent pouvoir travailler au Canada.<\/li>\n\n\n\n<li>Le nom de la ou du stagiaire doit \u00eatre communiqu\u00e9 au bureau de la doyenne aux affaires \u00e9tudiantes imm\u00e9diatement apr\u00e8s son embauche. Cette information peut \u00eatre communiqu\u00e9e par courriel \u00e0 Kyle Pye \u00e0 <a href=\"&#x6d;&#x61;&#x69;&#x6c;&#x74;&#111;&#58;&#107;&#112;ye&#64;&#x75;&#x62;&#x69;&#x73;&#x68;&#x6f;&#112;&#115;&#46;ca\" target=\"_blank\" rel=\"noreferrer noopener\">k&#112;&#x79;&#x65;&#64;&#117;&#x62;&#x69;s&#104;&#111;&#x70;&#x73;&#46;&#99;&#x61;<\/a>.<\/li>\n\n\n\n<li>Les <a href=\"https:\/\/www.ubishops.ca\/fr\/futurs-etudiants\/questions-financieres\/concours-de-bourses-prix-et-autres-bourses\/fonds-pour-les-initiatives-et-les-projets\/programme-de-stages-tomlinson\/processus-dembauche-pour-les-stagiaires-tomlinson\/\">proc\u00e9dures d\u2019embauche<\/a> aupr\u00e8s des ressources humaines doivent \u00eatre finalis\u00e9es sans tarder.<\/li>\n\n\n\n<li>Les heures travaill\u00e9es par les stagiaires doivent \u00eatre soumises au service de la paie en temps opportun et \u00e0 la fin de l\u2019exercice financier (<strong>d\u2019ici le 30 avril 2026<\/strong>).<\/li>\n\n\n\n<li>Le paiement aux stagiaires ne doit pas exc\u00e9der le montant accord\u00e9.<\/li>\n<\/ol>\n\n\n\n<h3 class=\"wp-block-heading\" id=\"responsibilities-of-the-student-intern\">Responsabilit\u00e9s des stagiaires \u00e9tudiants<\/h3>\n\n\n\n<ul class=\"wp-block-list\">\n<li>Deux\u202flettres doivent \u00eatre soumises \u00e0 la doyenne aux affaires \u00e9tudiantes\u202f: <strong>une premi\u00e8re d\u2019ici le 16 d\u00e9cembre 2025<\/strong> et <strong>une deuxi\u00e8me d\u2019ici le 7 avril 2026<\/strong>. Ces lettres doivent \u00eatre envoy\u00e9es par courriel \u00e0 <a href=\"&#x6d;&#97;&#x69;&#x6c;&#116;&#x6f;&#58;k&#x70;&#121;e&#x40;&#117;b&#x69;&#115;h&#x6f;&#112;&#x73;&#x2e;&#99;&#x61;\" target=\"_blank\" rel=\"noreferrer noopener\">&#x6b;&#112;&#x79;&#101;&#64;&#x75;&#98;i&#x73;&#104;&#x6f;&#x70;s&#x2e;&#99;a<\/a>. Chaque lettre doit indiquer\u202f:\n<ul class=\"wp-block-list\">\n<li>les t\u00e2ches qui doivent \u00eatre r\u00e9alis\u00e9es et le pourcentage de temps accord\u00e9 \u00e0 chacune;<\/li>\n\n\n\n<li>l\u2019\u00e9l\u00e9ment d\u2019apprentissage acquis qui est directement associ\u00e9 au programme d\u2019\u00e9tudes.<\/li>\n<\/ul>\n<\/li>\n\n\n\n<li>Une lettre de remerciement doit aussi \u00eatre produite d\u2019ici le <strong>7 avril 2026<\/strong> et adress\u00e9e \u00e0 la ni\u00e8ce du Dr Tomlinson, <strong>madame Anne Kent<\/strong>. Cette lettre doit \u00eatre envoy\u00e9e par courriel \u00e0 <a href=\"&#109;&#x61;i&#108;&#x74;o&#58;&#x6b;p&#x79;&#x65;&#64;&#x75;b&#105;&#x73;h&#111;&#x70;s&#x2e;&#x63;&#97;\" target=\"_blank\" rel=\"noreferrer noopener\">&#x6b;&#112;y&#x65;&#64;&#117;&#x62;&#x69;&#115;h&#x6f;&#112;s&#x2e;&#x63;&#97;<\/a>. La lettre sera ensuite transmise \u00e0 Mme\u202fKent.<\/li>\n<\/ul>\n","protected":false},"excerpt":{"rendered":"<p>Appel de propositions pour l\u2019ann\u00e9e universitaire 2025-2026 Le Dr\u202fRichard H. Tomlinson (B.Sc. de Bishop\u2019s en 1943 et D.C.L. en 1989), ancien \u00e9l\u00e8ve distingu\u00e9 de Bishop\u2019s et de McGill, est d\u00e9c\u00e9d\u00e9 le 28\u202fjanvier\u202f2018 \u00e0 l\u2019\u00e2ge de 94\u202fans. Il est reconnu comme le plus grand donateur individuel de l\u2019histoire de Bishop\u2019s (6,8\u202fmillions\u202f$). Richard Tomlinson a fr\u00e9quent\u00e9 l\u2019Universit\u00e9&#8230;<\/p>\n","protected":false},"author":49,"featured_media":0,"parent":114015,"menu_order":172,"comment_status":"closed","ping_status":"closed","template":"","meta":{"_acf_changed":false,"_cbd_carousel_blocks":"[]","_kad_blocks_custom_css":"","_kad_blocks_head_custom_js":"","_kad_blocks_body_custom_js":"","_kad_blocks_footer_custom_js":"","_kad_post_transparent":"","_kad_post_title":"","_kad_post_layout":"","_kad_post_sidebar_id":"","_kad_post_content_style":"","_kad_post_vertical_padding":"","_kad_post_feature":"","_kad_post_feature_position":"","_kad_post_header":false,"_kad_post_footer":false,"_kad_post_classname":"","footnotes":""},"class_list":["post-113876","page","type-page","status-publish","hentry"],"acf":[],"yoast_head":"<!-- This site is optimized with the Yoast SEO plugin v27.2 - https:\/\/yoast.com\/product\/yoast-seo-wordpress\/ -->\n<title>Programme de stages Tomlinson - Bishop&#039;s University<\/title>\n<meta name=\"robots\" content=\"index, follow, max-snippet:-1, max-image-preview:large, max-video-preview:-1\" \/>\n<link rel=\"canonical\" href=\"https:\/\/www.ubishops.ca\/fr\/futurs-etudiants\/questions-financieres\/concours-de-bourses-prix-et-autres-bourses\/fonds-pour-les-initiatives-et-les-projets\/programme-de-stages-tomlinson\/\" \/>\n<meta property=\"og:locale\" content=\"fr_FR\" \/>\n<meta property=\"og:type\" content=\"article\" \/>\n<meta property=\"og:title\" content=\"Programme de stages Tomlinson - Bishop&#039;s University\" \/>\n<meta property=\"og:description\" content=\"Appel de propositions pour l\u2019ann\u00e9e universitaire 2025-2026 Le Dr\u202fRichard H. Tomlinson (B.Sc. de Bishop\u2019s en 1943 et D.C.L. en 1989), ancien \u00e9l\u00e8ve distingu\u00e9 de Bishop\u2019s et de McGill, est d\u00e9c\u00e9d\u00e9 le 28\u202fjanvier\u202f2018 \u00e0 l\u2019\u00e2ge de 94\u202fans. Il est reconnu comme le plus grand donateur individuel de l\u2019histoire de Bishop\u2019s (6,8\u202fmillions\u202f$). Richard Tomlinson a fr\u00e9quent\u00e9 l\u2019Universit\u00e9...\" \/>\n<meta property=\"og:url\" content=\"https:\/\/www.ubishops.ca\/fr\/futurs-etudiants\/questions-financieres\/concours-de-bourses-prix-et-autres-bourses\/fonds-pour-les-initiatives-et-les-projets\/programme-de-stages-tomlinson\/\" \/>\n<meta property=\"og:site_name\" content=\"Bishop&#039;s University\" \/>\n<meta property=\"article:publisher\" content=\"https:\/\/www.facebook.com\/ubishops\" \/>\n<meta property=\"article:modified_time\" content=\"2025-05-29T13:15:59+00:00\" \/>\n<meta name=\"twitter:card\" content=\"summary_large_image\" \/>\n<meta name=\"twitter:site\" content=\"@ubishops\" \/>\n<meta name=\"twitter:label1\" content=\"Dur\u00e9e de lecture estim\u00e9e\" \/>\n\t<meta name=\"twitter:data1\" content=\"4 minutes\" \/>\n<script type=\"application\/ld+json\" class=\"yoast-schema-graph\">{\"@context\":\"https:\/\/schema.org\",\"@graph\":[{\"@type\":\"WebPage\",\"@id\":\"https:\/\/www.ubishops.ca\/fr\/futurs-etudiants\/questions-financieres\/concours-de-bourses-prix-et-autres-bourses\/fonds-pour-les-initiatives-et-les-projets\/programme-de-stages-tomlinson\/\",\"url\":\"https:\/\/www.ubishops.ca\/fr\/futurs-etudiants\/questions-financieres\/concours-de-bourses-prix-et-autres-bourses\/fonds-pour-les-initiatives-et-les-projets\/programme-de-stages-tomlinson\/\",\"name\":\"Programme de stages Tomlinson - Bishop&#039;s University\",\"isPartOf\":{\"@id\":\"https:\/\/www.ubishops.ca\/#website\"},\"datePublished\":\"2016-08-23T20:17:29+00:00\",\"dateModified\":\"2025-05-29T13:15:59+00:00\",\"breadcrumb\":{\"@id\":\"https:\/\/www.ubishops.ca\/fr\/futurs-etudiants\/questions-financieres\/concours-de-bourses-prix-et-autres-bourses\/fonds-pour-les-initiatives-et-les-projets\/programme-de-stages-tomlinson\/#breadcrumb\"},\"inLanguage\":\"fr-FR\",\"potentialAction\":[{\"@type\":\"ReadAction\",\"target\":[\"https:\/\/www.ubishops.ca\/fr\/futurs-etudiants\/questions-financieres\/concours-de-bourses-prix-et-autres-bourses\/fonds-pour-les-initiatives-et-les-projets\/programme-de-stages-tomlinson\/\"]}]},{\"@type\":\"BreadcrumbList\",\"@id\":\"https:\/\/www.ubishops.ca\/fr\/futurs-etudiants\/questions-financieres\/concours-de-bourses-prix-et-autres-bourses\/fonds-pour-les-initiatives-et-les-projets\/programme-de-stages-tomlinson\/#breadcrumb\",\"itemListElement\":[{\"@type\":\"ListItem\",\"position\":1,\"name\":\"Accueil\",\"item\":\"https:\/\/www.ubishops.ca\/fr\/\"},{\"@type\":\"ListItem\",\"position\":2,\"name\":\"Futurs \u00e9tudiants\",\"item\":\"https:\/\/www.ubishops.ca\/fr\/futurs-etudiants\/\"},{\"@type\":\"ListItem\",\"position\":3,\"name\":\"Questions financi\u00e8res\",\"item\":\"https:\/\/www.ubishops.ca\/fr\/futurs-etudiants\/questions-financieres\/\"},{\"@type\":\"ListItem\",\"position\":4,\"name\":\"Bourses d\u2019\u00e9tudes, prix et autres bourses\",\"item\":\"https:\/\/www.ubishops.ca\/fr\/futurs-etudiants\/questions-financieres\/concours-de-bourses-prix-et-autres-bourses\/\"},{\"@type\":\"ListItem\",\"position\":5,\"name\":\"Fonds pour les initiatives et les projets\",\"item\":\"https:\/\/www.ubishops.ca\/fr\/futurs-etudiants\/questions-financieres\/concours-de-bourses-prix-et-autres-bourses\/fonds-pour-les-initiatives-et-les-projets\/\"},{\"@type\":\"ListItem\",\"position\":6,\"name\":\"Programme de stages Tomlinson\"}]},{\"@type\":\"WebSite\",\"@id\":\"https:\/\/www.ubishops.ca\/#website\",\"url\":\"https:\/\/www.ubishops.ca\/\",\"name\":\"Bishop&#039;s University\",\"description\":\"\",\"potentialAction\":[{\"@type\":\"SearchAction\",\"target\":{\"@type\":\"EntryPoint\",\"urlTemplate\":\"https:\/\/www.ubishops.ca\/?s={search_term_string}\"},\"query-input\":{\"@type\":\"PropertyValueSpecification\",\"valueRequired\":true,\"valueName\":\"search_term_string\"}}],\"inLanguage\":\"fr-FR\"}]}<\/script>\n<!-- \/ Yoast SEO plugin. -->","yoast_head_json":{"title":"Programme de stages Tomlinson - Bishop&#039;s University","robots":{"index":"index","follow":"follow","max-snippet":"max-snippet:-1","max-image-preview":"max-image-preview:large","max-video-preview":"max-video-preview:-1"},"canonical":"https:\/\/www.ubishops.ca\/fr\/futurs-etudiants\/questions-financieres\/concours-de-bourses-prix-et-autres-bourses\/fonds-pour-les-initiatives-et-les-projets\/programme-de-stages-tomlinson\/","og_locale":"fr_FR","og_type":"article","og_title":"Programme de stages Tomlinson - Bishop&#039;s University","og_description":"Appel de propositions pour l\u2019ann\u00e9e universitaire 2025-2026 Le Dr\u202fRichard H. Tomlinson (B.Sc. de Bishop\u2019s en 1943 et D.C.L. en 1989), ancien \u00e9l\u00e8ve distingu\u00e9 de Bishop\u2019s et de McGill, est d\u00e9c\u00e9d\u00e9 le 28\u202fjanvier\u202f2018 \u00e0 l\u2019\u00e2ge de 94\u202fans. Il est reconnu comme le plus grand donateur individuel de l\u2019histoire de Bishop\u2019s (6,8\u202fmillions\u202f$). Richard Tomlinson a fr\u00e9quent\u00e9 l\u2019Universit\u00e9...","og_url":"https:\/\/www.ubishops.ca\/fr\/futurs-etudiants\/questions-financieres\/concours-de-bourses-prix-et-autres-bourses\/fonds-pour-les-initiatives-et-les-projets\/programme-de-stages-tomlinson\/","og_site_name":"Bishop&#039;s University","article_publisher":"https:\/\/www.facebook.com\/ubishops","article_modified_time":"2025-05-29T13:15:59+00:00","twitter_card":"summary_large_image","twitter_site":"@ubishops","twitter_misc":{"Dur\u00e9e de lecture estim\u00e9e":"4 minutes"},"schema":{"@context":"https:\/\/schema.org","@graph":[{"@type":"WebPage","@id":"https:\/\/www.ubishops.ca\/fr\/futurs-etudiants\/questions-financieres\/concours-de-bourses-prix-et-autres-bourses\/fonds-pour-les-initiatives-et-les-projets\/programme-de-stages-tomlinson\/","url":"https:\/\/www.ubishops.ca\/fr\/futurs-etudiants\/questions-financieres\/concours-de-bourses-prix-et-autres-bourses\/fonds-pour-les-initiatives-et-les-projets\/programme-de-stages-tomlinson\/","name":"Programme de stages Tomlinson - Bishop&#039;s University","isPartOf":{"@id":"https:\/\/www.ubishops.ca\/#website"},"datePublished":"2016-08-23T20:17:29+00:00","dateModified":"2025-05-29T13:15:59+00:00","breadcrumb":{"@id":"https:\/\/www.ubishops.ca\/fr\/futurs-etudiants\/questions-financieres\/concours-de-bourses-prix-et-autres-bourses\/fonds-pour-les-initiatives-et-les-projets\/programme-de-stages-tomlinson\/#breadcrumb"},"inLanguage":"fr-FR","potentialAction":[{"@type":"ReadAction","target":["https:\/\/www.ubishops.ca\/fr\/futurs-etudiants\/questions-financieres\/concours-de-bourses-prix-et-autres-bourses\/fonds-pour-les-initiatives-et-les-projets\/programme-de-stages-tomlinson\/"]}]},{"@type":"BreadcrumbList","@id":"https:\/\/www.ubishops.ca\/fr\/futurs-etudiants\/questions-financieres\/concours-de-bourses-prix-et-autres-bourses\/fonds-pour-les-initiatives-et-les-projets\/programme-de-stages-tomlinson\/#breadcrumb","itemListElement":[{"@type":"ListItem","position":1,"name":"Accueil","item":"https:\/\/www.ubishops.ca\/fr\/"},{"@type":"ListItem","position":2,"name":"Futurs \u00e9tudiants","item":"https:\/\/www.ubishops.ca\/fr\/futurs-etudiants\/"},{"@type":"ListItem","position":3,"name":"Questions financi\u00e8res","item":"https:\/\/www.ubishops.ca\/fr\/futurs-etudiants\/questions-financieres\/"},{"@type":"ListItem","position":4,"name":"Bourses d\u2019\u00e9tudes, prix et autres bourses","item":"https:\/\/www.ubishops.ca\/fr\/futurs-etudiants\/questions-financieres\/concours-de-bourses-prix-et-autres-bourses\/"},{"@type":"ListItem","position":5,"name":"Fonds pour les initiatives et les projets","item":"https:\/\/www.ubishops.ca\/fr\/futurs-etudiants\/questions-financieres\/concours-de-bourses-prix-et-autres-bourses\/fonds-pour-les-initiatives-et-les-projets\/"},{"@type":"ListItem","position":6,"name":"Programme de stages Tomlinson"}]},{"@type":"WebSite","@id":"https:\/\/www.ubishops.ca\/#website","url":"https:\/\/www.ubishops.ca\/","name":"Bishop&#039;s University","description":"","potentialAction":[{"@type":"SearchAction","target":{"@type":"EntryPoint","urlTemplate":"https:\/\/www.ubishops.ca\/?s={search_term_string}"},"query-input":{"@type":"PropertyValueSpecification","valueRequired":true,"valueName":"search_term_string"}}],"inLanguage":"fr-FR"}]}},"taxonomy_info":[],"featured_image_src_large":false,"author_info":{"display_name":"Julie Fradette","author_link":"https:\/\/www.ubishops.ca\/fr\/author\/jfradett\/"},"comment_info":0,"publishpress_future_action":{"enabled":false,"date":"2026-04-15 11:19:25","action":"change-status","newStatus":"draft","terms":[],"taxonomy":"translation_priority","extraData":[]},"publishpress_future_workflow_manual_trigger":{"enabledWorkflows":[]},"_links":{"self":[{"href":"https:\/\/www.ubishops.ca\/fr\/wp-json\/wp\/v2\/pages\/113876","targetHints":{"allow":["GET"]}}],"collection":[{"href":"https:\/\/www.ubishops.ca\/fr\/wp-json\/wp\/v2\/pages"}],"about":[{"href":"https:\/\/www.ubishops.ca\/fr\/wp-json\/wp\/v2\/types\/page"}],"author":[{"embeddable":true,"href":"https:\/\/www.ubishops.ca\/fr\/wp-json\/wp\/v2\/users\/49"}],"replies":[{"embeddable":true,"href":"https:\/\/www.ubishops.ca\/fr\/wp-json\/wp\/v2\/comments?post=113876"}],"version-history":[{"count":2,"href":"https:\/\/www.ubishops.ca\/fr\/wp-json\/wp\/v2\/pages\/113876\/revisions"}],"predecessor-version":[{"id":124429,"href":"https:\/\/www.ubishops.ca\/fr\/wp-json\/wp\/v2\/pages\/113876\/revisions\/124429"}],"up":[{"embeddable":true,"href":"https:\/\/www.ubishops.ca\/fr\/wp-json\/wp\/v2\/pages\/114015"}],"wp:attachment":[{"href":"https:\/\/www.ubishops.ca\/fr\/wp-json\/wp\/v2\/media?parent=113876"}],"curies":[{"name":"wp","href":"https:\/\/api.w.org\/{rel}","templated":true}]}}