{"id":113858,"date":"2021-09-17T10:17:52","date_gmt":"2021-09-17T14:17:52","guid":{"rendered":"https:\/\/www.ubishops.ca\/futurs-etudiants\/processus-dadmission\/admission-requirements\/readmitted-bishops-university-students\/"},"modified":"2024-07-15T15:45:44","modified_gmt":"2024-07-15T19:45:44","slug":"etudiants-readmis","status":"publish","type":"page","link":"https:\/\/www.ubishops.ca\/fr\/futurs-etudiants\/processus-dadmission\/admission-requirements\/etudiants-readmis\/","title":{"rendered":"\u00c9tudiants de l\u2019Universit\u00e9 Bishop\u2019s r\u00e9admis"},"content":{"rendered":"\n<p>Tu es un \u00e9tudiant r\u00e9admis aux fins de l\u2019admission et tu dois soumettre une nouvelle demande si\u202f:<\/p>\n\n\n\n<ul class=\"wp-block-list\">\n<li>tu as d\u00e9j\u00e0 fr\u00e9quent\u00e9 l\u2019Universit\u00e9 Bishop\u2019s, mais tu n\u2019as pas termin\u00e9 ton programme et plus de 12\u202fmois se sont \u00e9coul\u00e9s depuis que tu as cess\u00e9 de t\u2019inscrire; ou<\/li>\n\n\n\n<li>tu as d\u00e9j\u00e0 obtenu un dipl\u00f4me de l\u2019Universit\u00e9 Bishop\u2019s et tu souhaites t\u2019inscrire \u00e0 un programme menant \u00e0 un autre dipl\u00f4me.<\/li>\n<\/ul>\n\n\n\n<div class=\"wp-block-buttons is-layout-flex wp-block-buttons-is-layout-flex\">\n<div class=\"wp-block-button\"><a class=\"wp-block-button__link has-purple-background-color has-background wp-element-button\" href=\"https:\/\/www.ubishops.ca\/fr\/futurs-etudiants\/bishops-university-online-application\/\">Inscris-toi<\/a><\/div>\n<\/div>\n\n\n\n<div style=\"height:30px\" aria-hidden=\"true\" class=\"wp-block-spacer\"><\/div>\n\n\n\n<h2 class=\"wp-block-heading\" id=\"admission-requirements-general\">Crit\u00e8res d\u2019admission\u202f: g\u00e9n\u00e9raux<\/h2>\n\n\n\n<p>Choisis l\u2019option qui s\u2019applique \u00e0 ta situation\u202f:<\/p>\n\n\n\n<p><strong>1) Tu as d\u00e9j\u00e0 suivi un programme menant \u00e0 un dipl\u00f4me de l\u2019Universit\u00e9 Bishop\u2019s, mais tu as d\u00fb mettre un terme temporairement \u00e0 tes \u00e9tudes et tu souhaites maintenant terminer ton programme.<\/strong><\/p>\n\n\n\n<ul class=\"wp-block-list\">\n<li>Exigences\u202f: Moyenne minimale de 55% \/ C- (statut en r\u00e8gle au moment de ton d\u00e9part)<\/li>\n<\/ul>\n\n\n\n<p>Les dossiers des \u00e9tudiants qui ne respectent pas ces crit\u00e8res seront \u00e9valu\u00e9s au cas par cas et une lettre d\u2019intention pourrait \u00eatre exig\u00e9e. Le dossier de demande et les documents justificatifs seront alors examin\u00e9s par la doyenne ou le doyen du d\u00e9partement concern\u00e9 aux fins d\u2019\u00e9valuation finale.<\/p>\n\n\n\n<p><strong>2) Tu as d\u00e9j\u00e0 obtenu un dipl\u00f4me de l\u2019Universit\u00e9 Bishop\u2019s et tu souhaites t\u2019inscrire \u00e0 un programme menant \u00e0 un autre dipl\u00f4me.<\/strong><\/p>\n\n\n\n<ul class=\"wp-block-list\">\n<li>Exigences\u202f: Les dossiers des \u00e9tudiants r\u00e9admis pour un programme subs\u00e9quent sont \u00e9valu\u00e9s au cas par cas.<\/li>\n<\/ul>\n\n\n\n<p>S\u2019il n\u2019est pas clair laquelle de ces options s\u2019appliquent \u00e0 toi ou si ta situation ne correspond pas aux options susmentionn\u00e9es, communique directement avec le bureau des admissions au 819\u202f822-9600 poste\u202f2680 ou par courriel \u00e0 <a href=\"&#109;&#97;&#x69;&#x6c;&#116;&#111;&#x3a;&#x61;&#100;&#109;&#x69;&#x73;&#115;&#105;&#x6f;&#x6e;&#115;&#64;&#x75;&#x62;&#105;&#115;&#x68;&#x6f;&#112;&#115;&#x2e;&#x63;&#97;\">admissions&#64;ubishops&#46;ca<\/a>.<\/p>\n\n\n\n<div style=\"height:30px\" aria-hidden=\"true\" class=\"wp-block-spacer\"><\/div>\n\n\n\n<h2 class=\"wp-block-heading\" id=\"required-supporting-documents-all-applicants\">Documents justificatifs requis\u202f: tous les candidats<\/h2>\n\n\n\n<p>Si tu as \u00e9tudi\u00e9 dans une autre universit\u00e9 apr\u00e8s ton parcours \u00e0 Bishop\u2019s, tu dois soumettre ces documents\u202f:<\/p>\n\n\n\n<ul class=\"wp-block-list\">\n<li>Copie du plus r\u00e9cent relev\u00e9 de notes.<\/li>\n<\/ul>\n\n\n\n<p>\u00c0 sa discr\u00e9tion, le bureau des admissions pourrait te demander d\u2019autres documents justificatifs (lettre de motivation, CV ou autre) pour l\u2019aider dans l\u2019\u00e9valuation de ta demande.<\/p>\n\n\n\n<div style=\"height:30px\" aria-hidden=\"true\" class=\"wp-block-spacer\"><\/div>\n\n\n\n<h2 class=\"wp-block-heading\" id=\"additional-supporting-documents-program-specific\">Autres documents justificatifs\u202f: programmes particuliers<\/h2>\n\n\n\n<p>Si tu es une ancienne \u00e9tudiante ou un ancien \u00e9tudiant de l\u2019Universit\u00e9 Bishop\u2019s\u202f:<\/p>\n\n\n\n<ul class=\"wp-block-list\">\n<li>qui a suivi un programme qui n\u2019est pas associ\u00e9 au d\u00e9partement de musique et tu souhaites maintenant t\u2019inscrire \u00e0 un programme en musique<br><strong>OU<\/strong><\/li>\n\n\n\n<li>tu as d\u00e9j\u00e0 obtenu un dipl\u00f4me et tu souhaites maintenant t\u2019inscrire \u00e0 un programme en musique<\/li>\n<\/ul>\n\n\n\n<p>Tu dois pr\u00e9senter une audition et une lettre exposant ton parcours musical (<a href=\"https:\/\/www.ubishops.ca\/wp-content\/uploads\/MusicApplicant_WebsiteInfo_Fall2013_Final-1.pdf\" target=\"_blank\" rel=\"noreferrer noopener\">consulte la Fiche d\u2019informations sur l\u2019admission en musique<\/a> pour en savoir plus) si tu veux t\u2019inscrire \u00e0 ces programmes\u202f:<\/p>\n\n\n\n<ul class=\"wp-block-list\">\n<li>Baccalaur\u00e9at avec majeure en musique et culture<\/li>\n\n\n\n<li>Baccalaur\u00e9at avec majeure en interpr\u00e9tation musicale<\/li>\n\n\n\n<li>Baccalaur\u00e9at avec majeure en musique\u202f: Concentration th\u00e9\u00e2tre musical<\/li>\n\n\n\n<li>Baccalaur\u00e9at avec majeure en administration des arts\u202f: Concentration musique<\/li>\n\n\n\n<li>Baccalaur\u00e9at en \u00e9ducation, option enseignement et apprentissage des arts cr\u00e9atifs\u202f: Musique<\/li>\n<\/ul>\n\n\n\n<div style=\"height:30px\" aria-hidden=\"true\" class=\"wp-block-spacer\"><\/div>\n\n\n\n<h2 class=\"wp-block-heading\">Soumission des documents<\/h2>\n\n\n\n<p>Tous les documents justificatifs peuvent \u00eatre t\u00e9l\u00e9vers\u00e9s sur notre syst\u00e8me en ligne au moment de la demande d\u2019admission ou sur le Portail des candidats myBU en utilisant l\u2019option \u00ab\u202fSoumettre les documents manquants\u202f\u00bb. Ils peuvent \u00e9galement \u00eatre transmis par courriel \u00e0 <a href=\"&#109;&#x61;&#105;&#x6c;t&#x6f;:&#97;&#x64;&#109;&#x69;&#115;&#x73;i&#x6f;n&#115;&#x40;&#117;&#x62;i&#x73;h&#x6f;&#x70;&#115;&#x2e;&#99;&#x61;\">a&#100;&#x6d;&#x69;&#x73;s&#105;&#111;&#x6e;&#x73;&#64;&#117;&#98;&#x69;&#x73;ho&#112;&#x73;&#x2e;&#x63;a<\/a>.<\/p>\n\n\n\n<div style=\"height:30px\" aria-hidden=\"true\" class=\"wp-block-spacer\"><\/div>\n\n\n\n<h2 class=\"wp-block-heading\" id=\"admission-timeline\">\u00c9ch\u00e9ancier d\u2019admission<\/h2>\n\n\n\n<p>Lorsque la p\u00e9riode d\u2019\u00e9valuation d\u00e9bute dans le cadre d\u2019un cycle d\u2019admission, les dossiers sont \u00e9valu\u00e9s au fur et \u00e0 mesure. Autrement dit, d\u00e8s la r\u00e9ception de tous les documents exig\u00e9s, le bureau proc\u00e9dera \u00e0 une \u00e9valuation initiale dans les dix\u202fjours ouvrables. (Exceptions\u202f: programmes de ma\u00eetrise, programmes en musique aussi \u00e9valu\u00e9s en fonction de l\u2019audition, et programmes contingent\u00e9s).<\/p>\n\n\n\n<div style=\"height:30px\" aria-hidden=\"true\" class=\"wp-block-spacer\"><\/div>\n\n\n\n<h2 class=\"wp-block-heading\">Des questions?<\/h2>\n\n\n\n<p>N\u2019h\u00e9site pas \u00e0 communiquer avec le bureau des admissions par courriel \u00e0 <a href=\"&#x6d;&#x61;&#x69;&#x6c;&#x74;&#x6f;&#58;&#97;&#100;&#109;issi&#x6f;&#x6e;&#x73;&#x40;&#x75;&#x62;&#105;&#115;&#104;&#111;&#112;s&#46;c&#x61;\">&#97;d&#x6d;i&#x73;s&#x69;o&#x6e;s&#x40;u&#x62;&#105;&#x73;&#104;&#x6f;&#112;&#x73;&#46;&#x63;&#97;<\/a> ou par t\u00e9l\u00e9phone au 819\u202f822-9600 poste\u202f2680.<\/p>\n\n\n\n<div class=\"wp-block-buttons is-layout-flex wp-block-buttons-is-layout-flex\">\n<div class=\"wp-block-button\"><a class=\"wp-block-button__link has-purple-background-color has-background wp-element-button\" href=\"https:\/\/www.ubishops.ca\/fr\/futurs-etudiants\/bishops-university-online-application\/\">Inscris-toi<\/a><\/div>\n<\/div>\n","protected":false},"excerpt":{"rendered":"<p>Tu es un \u00e9tudiant r\u00e9admis aux fins de l\u2019admission et tu dois soumettre une nouvelle demande si\u202f: Crit\u00e8res d\u2019admission\u202f: g\u00e9n\u00e9raux Choisis l\u2019option qui s\u2019applique \u00e0 ta situation\u202f: 1) Tu as d\u00e9j\u00e0 suivi un programme menant \u00e0 un dipl\u00f4me de l\u2019Universit\u00e9 Bishop\u2019s, mais tu as d\u00fb mettre un terme temporairement \u00e0 tes \u00e9tudes et tu souhaites&#8230;<\/p>\n","protected":false},"author":49,"featured_media":0,"parent":80854,"menu_order":116,"comment_status":"closed","ping_status":"closed","template":"templates\/page-width-sidebar.php","meta":{"_acf_changed":false,"_cbd_carousel_blocks":"[]","_kad_blocks_custom_css":"","_kad_blocks_head_custom_js":"","_kad_blocks_body_custom_js":"","_kad_blocks_footer_custom_js":"","_kad_post_transparent":"","_kad_post_title":"","_kad_post_layout":"","_kad_post_sidebar_id":"","_kad_post_content_style":"","_kad_post_vertical_padding":"","_kad_post_feature":"","_kad_post_feature_position":"","_kad_post_header":false,"_kad_post_footer":false,"_kad_post_classname":"","footnotes":""},"class_list":["post-113858","page","type-page","status-publish","hentry"],"acf":[],"yoast_head":"<!-- This site is optimized with the Yoast SEO plugin v27.2 - https:\/\/yoast.com\/product\/yoast-seo-wordpress\/ -->\n<title>\u00c9tudiants de l\u2019Universit\u00e9 Bishop\u2019s r\u00e9admis - Bishop&#039;s University<\/title>\n<meta name=\"robots\" content=\"index, follow, max-snippet:-1, max-image-preview:large, max-video-preview:-1\" \/>\n<link rel=\"canonical\" href=\"https:\/\/www.ubishops.ca\/fr\/futurs-etudiants\/processus-dadmission\/admission-requirements\/etudiants-readmis\/\" \/>\n<meta property=\"og:locale\" content=\"fr_FR\" \/>\n<meta property=\"og:type\" content=\"article\" \/>\n<meta property=\"og:title\" content=\"\u00c9tudiants de l\u2019Universit\u00e9 Bishop\u2019s r\u00e9admis - Bishop&#039;s University\" \/>\n<meta property=\"og:description\" content=\"Tu es un \u00e9tudiant r\u00e9admis aux fins de l\u2019admission et tu dois soumettre une nouvelle demande si\u202f: Crit\u00e8res d\u2019admission\u202f: g\u00e9n\u00e9raux Choisis l\u2019option qui s\u2019applique \u00e0 ta situation\u202f: 1) Tu as d\u00e9j\u00e0 suivi un programme menant \u00e0 un dipl\u00f4me de l\u2019Universit\u00e9 Bishop\u2019s, mais tu as d\u00fb mettre un terme temporairement \u00e0 tes \u00e9tudes et tu souhaites...\" \/>\n<meta property=\"og:url\" content=\"https:\/\/www.ubishops.ca\/fr\/futurs-etudiants\/processus-dadmission\/admission-requirements\/etudiants-readmis\/\" \/>\n<meta property=\"og:site_name\" content=\"Bishop&#039;s University\" \/>\n<meta property=\"article:publisher\" content=\"https:\/\/www.facebook.com\/ubishops\" \/>\n<meta property=\"article:modified_time\" content=\"2024-07-15T19:45:44+00:00\" \/>\n<meta name=\"twitter:card\" content=\"summary_large_image\" \/>\n<meta name=\"twitter:site\" content=\"@ubishops\" \/>\n<meta name=\"twitter:label1\" content=\"Dur\u00e9e de lecture estim\u00e9e\" \/>\n\t<meta name=\"twitter:data1\" content=\"2 minutes\" \/>\n<script type=\"application\/ld+json\" class=\"yoast-schema-graph\">{\"@context\":\"https:\/\/schema.org\",\"@graph\":[{\"@type\":\"WebPage\",\"@id\":\"https:\/\/www.ubishops.ca\/fr\/futurs-etudiants\/processus-dadmission\/admission-requirements\/etudiants-readmis\/\",\"url\":\"https:\/\/www.ubishops.ca\/fr\/futurs-etudiants\/processus-dadmission\/admission-requirements\/etudiants-readmis\/\",\"name\":\"\u00c9tudiants de l\u2019Universit\u00e9 Bishop\u2019s r\u00e9admis - Bishop&#039;s University\",\"isPartOf\":{\"@id\":\"https:\/\/www.ubishops.ca\/#website\"},\"datePublished\":\"2021-09-17T14:17:52+00:00\",\"dateModified\":\"2024-07-15T19:45:44+00:00\",\"breadcrumb\":{\"@id\":\"https:\/\/www.ubishops.ca\/fr\/futurs-etudiants\/processus-dadmission\/admission-requirements\/etudiants-readmis\/#breadcrumb\"},\"inLanguage\":\"fr-FR\",\"potentialAction\":[{\"@type\":\"ReadAction\",\"target\":[\"https:\/\/www.ubishops.ca\/fr\/futurs-etudiants\/processus-dadmission\/admission-requirements\/etudiants-readmis\/\"]}]},{\"@type\":\"BreadcrumbList\",\"@id\":\"https:\/\/www.ubishops.ca\/fr\/futurs-etudiants\/processus-dadmission\/admission-requirements\/etudiants-readmis\/#breadcrumb\",\"itemListElement\":[{\"@type\":\"ListItem\",\"position\":1,\"name\":\"Accueil\",\"item\":\"https:\/\/www.ubishops.ca\/fr\/\"},{\"@type\":\"ListItem\",\"position\":2,\"name\":\"Futurs \u00e9tudiants\",\"item\":\"https:\/\/www.ubishops.ca\/fr\/futurs-etudiants\/\"},{\"@type\":\"ListItem\",\"position\":3,\"name\":\"Processus d\u2019admission\",\"item\":\"https:\/\/www.ubishops.ca\/fr\/futurs-etudiants\/processus-dadmission\/\"},{\"@type\":\"ListItem\",\"position\":4,\"name\":\"Crit\u00e8res d\u2019admission\",\"item\":\"https:\/\/www.ubishops.ca\/fr\/futurs-etudiants\/processus-dadmission\/admission-requirements\/\"},{\"@type\":\"ListItem\",\"position\":5,\"name\":\"\u00c9tudiants de l\u2019Universit\u00e9 Bishop\u2019s r\u00e9admis\"}]},{\"@type\":\"WebSite\",\"@id\":\"https:\/\/www.ubishops.ca\/#website\",\"url\":\"https:\/\/www.ubishops.ca\/\",\"name\":\"Bishop&#039;s University\",\"description\":\"\",\"potentialAction\":[{\"@type\":\"SearchAction\",\"target\":{\"@type\":\"EntryPoint\",\"urlTemplate\":\"https:\/\/www.ubishops.ca\/?s={search_term_string}\"},\"query-input\":{\"@type\":\"PropertyValueSpecification\",\"valueRequired\":true,\"valueName\":\"search_term_string\"}}],\"inLanguage\":\"fr-FR\"}]}<\/script>\n<!-- \/ Yoast SEO plugin. -->","yoast_head_json":{"title":"\u00c9tudiants de l\u2019Universit\u00e9 Bishop\u2019s r\u00e9admis - Bishop&#039;s University","robots":{"index":"index","follow":"follow","max-snippet":"max-snippet:-1","max-image-preview":"max-image-preview:large","max-video-preview":"max-video-preview:-1"},"canonical":"https:\/\/www.ubishops.ca\/fr\/futurs-etudiants\/processus-dadmission\/admission-requirements\/etudiants-readmis\/","og_locale":"fr_FR","og_type":"article","og_title":"\u00c9tudiants de l\u2019Universit\u00e9 Bishop\u2019s r\u00e9admis - Bishop&#039;s University","og_description":"Tu es un \u00e9tudiant r\u00e9admis aux fins de l\u2019admission et tu dois soumettre une nouvelle demande si\u202f: Crit\u00e8res d\u2019admission\u202f: g\u00e9n\u00e9raux Choisis l\u2019option qui s\u2019applique \u00e0 ta situation\u202f: 1) Tu as d\u00e9j\u00e0 suivi un programme menant \u00e0 un dipl\u00f4me de l\u2019Universit\u00e9 Bishop\u2019s, mais tu as d\u00fb mettre un terme temporairement \u00e0 tes \u00e9tudes et tu souhaites...","og_url":"https:\/\/www.ubishops.ca\/fr\/futurs-etudiants\/processus-dadmission\/admission-requirements\/etudiants-readmis\/","og_site_name":"Bishop&#039;s University","article_publisher":"https:\/\/www.facebook.com\/ubishops","article_modified_time":"2024-07-15T19:45:44+00:00","twitter_card":"summary_large_image","twitter_site":"@ubishops","twitter_misc":{"Dur\u00e9e de lecture estim\u00e9e":"2 minutes"},"schema":{"@context":"https:\/\/schema.org","@graph":[{"@type":"WebPage","@id":"https:\/\/www.ubishops.ca\/fr\/futurs-etudiants\/processus-dadmission\/admission-requirements\/etudiants-readmis\/","url":"https:\/\/www.ubishops.ca\/fr\/futurs-etudiants\/processus-dadmission\/admission-requirements\/etudiants-readmis\/","name":"\u00c9tudiants de l\u2019Universit\u00e9 Bishop\u2019s r\u00e9admis - Bishop&#039;s University","isPartOf":{"@id":"https:\/\/www.ubishops.ca\/#website"},"datePublished":"2021-09-17T14:17:52+00:00","dateModified":"2024-07-15T19:45:44+00:00","breadcrumb":{"@id":"https:\/\/www.ubishops.ca\/fr\/futurs-etudiants\/processus-dadmission\/admission-requirements\/etudiants-readmis\/#breadcrumb"},"inLanguage":"fr-FR","potentialAction":[{"@type":"ReadAction","target":["https:\/\/www.ubishops.ca\/fr\/futurs-etudiants\/processus-dadmission\/admission-requirements\/etudiants-readmis\/"]}]},{"@type":"BreadcrumbList","@id":"https:\/\/www.ubishops.ca\/fr\/futurs-etudiants\/processus-dadmission\/admission-requirements\/etudiants-readmis\/#breadcrumb","itemListElement":[{"@type":"ListItem","position":1,"name":"Accueil","item":"https:\/\/www.ubishops.ca\/fr\/"},{"@type":"ListItem","position":2,"name":"Futurs \u00e9tudiants","item":"https:\/\/www.ubishops.ca\/fr\/futurs-etudiants\/"},{"@type":"ListItem","position":3,"name":"Processus d\u2019admission","item":"https:\/\/www.ubishops.ca\/fr\/futurs-etudiants\/processus-dadmission\/"},{"@type":"ListItem","position":4,"name":"Crit\u00e8res d\u2019admission","item":"https:\/\/www.ubishops.ca\/fr\/futurs-etudiants\/processus-dadmission\/admission-requirements\/"},{"@type":"ListItem","position":5,"name":"\u00c9tudiants de l\u2019Universit\u00e9 Bishop\u2019s r\u00e9admis"}]},{"@type":"WebSite","@id":"https:\/\/www.ubishops.ca\/#website","url":"https:\/\/www.ubishops.ca\/","name":"Bishop&#039;s University","description":"","potentialAction":[{"@type":"SearchAction","target":{"@type":"EntryPoint","urlTemplate":"https:\/\/www.ubishops.ca\/?s={search_term_string}"},"query-input":{"@type":"PropertyValueSpecification","valueRequired":true,"valueName":"search_term_string"}}],"inLanguage":"fr-FR"}]}},"taxonomy_info":[],"featured_image_src_large":false,"author_info":{"display_name":"Julie Fradette","author_link":"https:\/\/www.ubishops.ca\/fr\/author\/jfradett\/"},"comment_info":0,"publishpress_future_action":{"enabled":false,"date":"2026-04-15 14:55:03","action":"change-status","newStatus":"draft","terms":[],"taxonomy":"translation_priority","extraData":[]},"publishpress_future_workflow_manual_trigger":{"enabledWorkflows":[]},"_links":{"self":[{"href":"https:\/\/www.ubishops.ca\/fr\/wp-json\/wp\/v2\/pages\/113858","targetHints":{"allow":["GET"]}}],"collection":[{"href":"https:\/\/www.ubishops.ca\/fr\/wp-json\/wp\/v2\/pages"}],"about":[{"href":"https:\/\/www.ubishops.ca\/fr\/wp-json\/wp\/v2\/types\/page"}],"author":[{"embeddable":true,"href":"https:\/\/www.ubishops.ca\/fr\/wp-json\/wp\/v2\/users\/49"}],"replies":[{"embeddable":true,"href":"https:\/\/www.ubishops.ca\/fr\/wp-json\/wp\/v2\/comments?post=113858"}],"version-history":[{"count":0,"href":"https:\/\/www.ubishops.ca\/fr\/wp-json\/wp\/v2\/pages\/113858\/revisions"}],"up":[{"embeddable":true,"href":"https:\/\/www.ubishops.ca\/fr\/wp-json\/wp\/v2\/pages\/80854"}],"wp:attachment":[{"href":"https:\/\/www.ubishops.ca\/fr\/wp-json\/wp\/v2\/media?parent=113858"}],"curies":[{"name":"wp","href":"https:\/\/api.w.org\/{rel}","templated":true}]}}