{"id":113851,"date":"2016-08-09T09:55:37","date_gmt":"2016-08-09T13:55:37","guid":{"rendered":"https:\/\/www.ubishops.ca\/futurs-etudiants\/questions-financieres\/droits-de-scolarite-et-frais-afferents\/quebec-provincial-residency\/"},"modified":"2025-03-19T10:38:17","modified_gmt":"2025-03-19T14:38:17","slug":"residents-province-du-quebec","status":"publish","type":"page","link":"https:\/\/www.ubishops.ca\/fr\/futurs-etudiants\/questions-financieres\/droits-de-scolarite-et-frais-afferents\/residents-province-du-quebec\/","title":{"rendered":"R\u00e9sidents de la province du Qu\u00e9bec"},"content":{"rendered":"\n<p>Les \u00e9tudiants n\u00e9s au Qu\u00e9bec sont automatiquement consid\u00e9r\u00e9s comme des r\u00e9sidents du Qu\u00e9bec.<\/p>\n\n\n\n<p>Les \u00e9tudiants n\u00e9s au Canada, mais \u00e0 l\u2019ext\u00e9rieur du Qu\u00e9bec, peuvent \u00eatre admissibles au statut de r\u00e9sident du Qu\u00e9bec s\u2019ils r\u00e9pondent aux crit\u00e8res du gouvernement de la province.<\/p>\n\n\n\n<p><strong>Si tu es admissible \u00e0 payer le montant des droits de scolarit\u00e9 qu\u00e9b\u00e9cois, mais que tu n\u2019es pas n\u00e9(e) au Qu\u00e9bec, tu devras fournir certains documents justificatifs pour le semestre applicable.<\/strong><\/p>\n\n\n\n<h2 class=\"wp-block-heading\">Formulaires<\/h2>\n\n\n\n<p>Imprime et remplis ces formulaires pour confirmer que tu es admissible au statut de r\u00e9sident du Qu\u00e9bec :<\/p>\n\n\n\n<p><a href=\"https:\/\/www.ubishops.ca\/wp-content\/uploads\/Attestation-du-statut-de-resident-du-Quebec-pour-les-citoyens-canadiens-et-les-residents-permanents-du-Canada-Formulaire-a-lintention-des-etudiants-universitaires.pdf\">Attestation du statut de r\u00e9sident du qu\u00e9bec pour les citoyens canadiens et les r\u00e9sidents permanents du canada.<\/a><\/p>\n\n\n\n<p><a href=\"https:\/\/www.ubishops.ca\/wp-content\/uploads\/Solemn-Declaration.pdf\">Affidavit<\/a><\/p>\n","protected":false},"excerpt":{"rendered":"<p>Les \u00e9tudiants n\u00e9s au Qu\u00e9bec sont automatiquement consid\u00e9r\u00e9s comme des r\u00e9sidents du Qu\u00e9bec. Les \u00e9tudiants n\u00e9s au Canada, mais \u00e0 l\u2019ext\u00e9rieur du Qu\u00e9bec, peuvent \u00eatre admissibles au statut de r\u00e9sident du Qu\u00e9bec s\u2019ils r\u00e9pondent aux crit\u00e8res du gouvernement de la province. Si tu es admissible \u00e0 payer le montant des droits de scolarit\u00e9 qu\u00e9b\u00e9cois, mais&#8230;<\/p>\n","protected":false},"author":49,"featured_media":0,"parent":10812,"menu_order":264,"comment_status":"closed","ping_status":"closed","template":"","meta":{"_acf_changed":false,"_cbd_carousel_blocks":"[]","_kad_blocks_custom_css":"","_kad_blocks_head_custom_js":"","_kad_blocks_body_custom_js":"","_kad_blocks_footer_custom_js":"","_kad_post_transparent":"","_kad_post_title":"","_kad_post_layout":"","_kad_post_sidebar_id":"","_kad_post_content_style":"","_kad_post_vertical_padding":"","_kad_post_feature":"","_kad_post_feature_position":"","_kad_post_header":false,"_kad_post_footer":false,"_kad_post_classname":"","footnotes":""},"class_list":["post-113851","page","type-page","status-publish","hentry"],"acf":[],"yoast_head":"<!-- This site is optimized with the Yoast SEO plugin v27.4 - https:\/\/yoast.com\/product\/yoast-seo-wordpress\/ -->\n<title>R\u00e9sidents de la province du Qu\u00e9bec - Bishop&#039;s University<\/title>\n<meta name=\"robots\" content=\"index, follow, max-snippet:-1, max-image-preview:large, max-video-preview:-1\" \/>\n<link rel=\"canonical\" href=\"https:\/\/www.ubishops.ca\/fr\/futurs-etudiants\/questions-financieres\/droits-de-scolarite-et-frais-afferents\/residents-province-du-quebec\/\" \/>\n<meta property=\"og:locale\" content=\"fr_FR\" \/>\n<meta property=\"og:type\" content=\"article\" \/>\n<meta property=\"og:title\" content=\"R\u00e9sidents de la province du Qu\u00e9bec - Bishop&#039;s University\" \/>\n<meta property=\"og:description\" content=\"Les \u00e9tudiants n\u00e9s au Qu\u00e9bec sont automatiquement consid\u00e9r\u00e9s comme des r\u00e9sidents du Qu\u00e9bec. Les \u00e9tudiants n\u00e9s au Canada, mais \u00e0 l\u2019ext\u00e9rieur du Qu\u00e9bec, peuvent \u00eatre admissibles au statut de r\u00e9sident du Qu\u00e9bec s\u2019ils r\u00e9pondent aux crit\u00e8res du gouvernement de la province. Si tu es admissible \u00e0 payer le montant des droits de scolarit\u00e9 qu\u00e9b\u00e9cois, mais...\" \/>\n<meta property=\"og:url\" content=\"https:\/\/www.ubishops.ca\/fr\/futurs-etudiants\/questions-financieres\/droits-de-scolarite-et-frais-afferents\/residents-province-du-quebec\/\" \/>\n<meta property=\"og:site_name\" content=\"Bishop&#039;s University\" \/>\n<meta property=\"article:publisher\" content=\"https:\/\/www.facebook.com\/ubishops\" \/>\n<meta property=\"article:modified_time\" content=\"2025-03-19T14:38:17+00:00\" \/>\n<meta name=\"twitter:card\" content=\"summary_large_image\" \/>\n<meta name=\"twitter:site\" content=\"@ubishops\" \/>\n<meta name=\"twitter:label1\" content=\"Dur\u00e9e de lecture estim\u00e9e\" \/>\n\t<meta name=\"twitter:data1\" content=\"1 minute\" \/>\n<script type=\"application\/ld+json\" class=\"yoast-schema-graph\">{\"@context\":\"https:\\\/\\\/schema.org\",\"@graph\":[{\"@type\":\"WebPage\",\"@id\":\"https:\\\/\\\/www.ubishops.ca\\\/fr\\\/futurs-etudiants\\\/questions-financieres\\\/droits-de-scolarite-et-frais-afferents\\\/residents-province-du-quebec\\\/\",\"url\":\"https:\\\/\\\/www.ubishops.ca\\\/fr\\\/futurs-etudiants\\\/questions-financieres\\\/droits-de-scolarite-et-frais-afferents\\\/residents-province-du-quebec\\\/\",\"name\":\"R\u00e9sidents de la province du Qu\u00e9bec - Bishop&#039;s University\",\"isPartOf\":{\"@id\":\"https:\\\/\\\/www.ubishops.ca\\\/#website\"},\"datePublished\":\"2016-08-09T13:55:37+00:00\",\"dateModified\":\"2025-03-19T14:38:17+00:00\",\"breadcrumb\":{\"@id\":\"https:\\\/\\\/www.ubishops.ca\\\/fr\\\/futurs-etudiants\\\/questions-financieres\\\/droits-de-scolarite-et-frais-afferents\\\/residents-province-du-quebec\\\/#breadcrumb\"},\"inLanguage\":\"fr-FR\",\"potentialAction\":[{\"@type\":\"ReadAction\",\"target\":[\"https:\\\/\\\/www.ubishops.ca\\\/fr\\\/futurs-etudiants\\\/questions-financieres\\\/droits-de-scolarite-et-frais-afferents\\\/residents-province-du-quebec\\\/\"]}]},{\"@type\":\"BreadcrumbList\",\"@id\":\"https:\\\/\\\/www.ubishops.ca\\\/fr\\\/futurs-etudiants\\\/questions-financieres\\\/droits-de-scolarite-et-frais-afferents\\\/residents-province-du-quebec\\\/#breadcrumb\",\"itemListElement\":[{\"@type\":\"ListItem\",\"position\":1,\"name\":\"Accueil\",\"item\":\"https:\\\/\\\/www.ubishops.ca\\\/fr\\\/\"},{\"@type\":\"ListItem\",\"position\":2,\"name\":\"Futurs \u00e9tudiants\",\"item\":\"https:\\\/\\\/www.ubishops.ca\\\/fr\\\/futurs-etudiants\\\/\"},{\"@type\":\"ListItem\",\"position\":3,\"name\":\"Questions financi\u00e8res\",\"item\":\"https:\\\/\\\/www.ubishops.ca\\\/fr\\\/futurs-etudiants\\\/questions-financieres\\\/\"},{\"@type\":\"ListItem\",\"position\":4,\"name\":\"Droits de scolarit\u00e9 et frais aff\u00e9rents\",\"item\":\"https:\\\/\\\/www.ubishops.ca\\\/fr\\\/futurs-etudiants\\\/questions-financieres\\\/droits-de-scolarite-et-frais-afferents\\\/\"},{\"@type\":\"ListItem\",\"position\":5,\"name\":\"R\u00e9sidents de la province du Qu\u00e9bec\"}]},{\"@type\":\"WebSite\",\"@id\":\"https:\\\/\\\/www.ubishops.ca\\\/#website\",\"url\":\"https:\\\/\\\/www.ubishops.ca\\\/\",\"name\":\"Bishop&#039;s University\",\"description\":\"\",\"potentialAction\":[{\"@type\":\"SearchAction\",\"target\":{\"@type\":\"EntryPoint\",\"urlTemplate\":\"https:\\\/\\\/www.ubishops.ca\\\/?s={search_term_string}\"},\"query-input\":{\"@type\":\"PropertyValueSpecification\",\"valueRequired\":true,\"valueName\":\"search_term_string\"}}],\"inLanguage\":\"fr-FR\"}]}<\/script>\n<!-- \/ Yoast SEO plugin. -->","yoast_head_json":{"title":"R\u00e9sidents de la province du Qu\u00e9bec - Bishop&#039;s University","robots":{"index":"index","follow":"follow","max-snippet":"max-snippet:-1","max-image-preview":"max-image-preview:large","max-video-preview":"max-video-preview:-1"},"canonical":"https:\/\/www.ubishops.ca\/fr\/futurs-etudiants\/questions-financieres\/droits-de-scolarite-et-frais-afferents\/residents-province-du-quebec\/","og_locale":"fr_FR","og_type":"article","og_title":"R\u00e9sidents de la province du Qu\u00e9bec - Bishop&#039;s University","og_description":"Les \u00e9tudiants n\u00e9s au Qu\u00e9bec sont automatiquement consid\u00e9r\u00e9s comme des r\u00e9sidents du Qu\u00e9bec. Les \u00e9tudiants n\u00e9s au Canada, mais \u00e0 l\u2019ext\u00e9rieur du Qu\u00e9bec, peuvent \u00eatre admissibles au statut de r\u00e9sident du Qu\u00e9bec s\u2019ils r\u00e9pondent aux crit\u00e8res du gouvernement de la province. Si tu es admissible \u00e0 payer le montant des droits de scolarit\u00e9 qu\u00e9b\u00e9cois, mais...","og_url":"https:\/\/www.ubishops.ca\/fr\/futurs-etudiants\/questions-financieres\/droits-de-scolarite-et-frais-afferents\/residents-province-du-quebec\/","og_site_name":"Bishop&#039;s University","article_publisher":"https:\/\/www.facebook.com\/ubishops","article_modified_time":"2025-03-19T14:38:17+00:00","twitter_card":"summary_large_image","twitter_site":"@ubishops","twitter_misc":{"Dur\u00e9e de lecture estim\u00e9e":"1 minute"},"schema":{"@context":"https:\/\/schema.org","@graph":[{"@type":"WebPage","@id":"https:\/\/www.ubishops.ca\/fr\/futurs-etudiants\/questions-financieres\/droits-de-scolarite-et-frais-afferents\/residents-province-du-quebec\/","url":"https:\/\/www.ubishops.ca\/fr\/futurs-etudiants\/questions-financieres\/droits-de-scolarite-et-frais-afferents\/residents-province-du-quebec\/","name":"R\u00e9sidents de la province du Qu\u00e9bec - Bishop&#039;s University","isPartOf":{"@id":"https:\/\/www.ubishops.ca\/#website"},"datePublished":"2016-08-09T13:55:37+00:00","dateModified":"2025-03-19T14:38:17+00:00","breadcrumb":{"@id":"https:\/\/www.ubishops.ca\/fr\/futurs-etudiants\/questions-financieres\/droits-de-scolarite-et-frais-afferents\/residents-province-du-quebec\/#breadcrumb"},"inLanguage":"fr-FR","potentialAction":[{"@type":"ReadAction","target":["https:\/\/www.ubishops.ca\/fr\/futurs-etudiants\/questions-financieres\/droits-de-scolarite-et-frais-afferents\/residents-province-du-quebec\/"]}]},{"@type":"BreadcrumbList","@id":"https:\/\/www.ubishops.ca\/fr\/futurs-etudiants\/questions-financieres\/droits-de-scolarite-et-frais-afferents\/residents-province-du-quebec\/#breadcrumb","itemListElement":[{"@type":"ListItem","position":1,"name":"Accueil","item":"https:\/\/www.ubishops.ca\/fr\/"},{"@type":"ListItem","position":2,"name":"Futurs \u00e9tudiants","item":"https:\/\/www.ubishops.ca\/fr\/futurs-etudiants\/"},{"@type":"ListItem","position":3,"name":"Questions financi\u00e8res","item":"https:\/\/www.ubishops.ca\/fr\/futurs-etudiants\/questions-financieres\/"},{"@type":"ListItem","position":4,"name":"Droits de scolarit\u00e9 et frais aff\u00e9rents","item":"https:\/\/www.ubishops.ca\/fr\/futurs-etudiants\/questions-financieres\/droits-de-scolarite-et-frais-afferents\/"},{"@type":"ListItem","position":5,"name":"R\u00e9sidents de la province du Qu\u00e9bec"}]},{"@type":"WebSite","@id":"https:\/\/www.ubishops.ca\/#website","url":"https:\/\/www.ubishops.ca\/","name":"Bishop&#039;s University","description":"","potentialAction":[{"@type":"SearchAction","target":{"@type":"EntryPoint","urlTemplate":"https:\/\/www.ubishops.ca\/?s={search_term_string}"},"query-input":{"@type":"PropertyValueSpecification","valueRequired":true,"valueName":"search_term_string"}}],"inLanguage":"fr-FR"}]}},"taxonomy_info":[],"featured_image_src_large":false,"author_info":{"display_name":"Julie Fradette","author_link":"https:\/\/www.ubishops.ca\/fr\/author\/jfradett\/"},"comment_info":0,"publishpress_future_action":{"enabled":false,"date":"2026-05-05 15:09:49","action":"change-status","newStatus":"draft","terms":[],"taxonomy":"translation_priority","extraData":[]},"publishpress_future_workflow_manual_trigger":{"enabledWorkflows":[]},"_links":{"self":[{"href":"https:\/\/www.ubishops.ca\/fr\/wp-json\/wp\/v2\/pages\/113851","targetHints":{"allow":["GET"]}}],"collection":[{"href":"https:\/\/www.ubishops.ca\/fr\/wp-json\/wp\/v2\/pages"}],"about":[{"href":"https:\/\/www.ubishops.ca\/fr\/wp-json\/wp\/v2\/types\/page"}],"author":[{"embeddable":true,"href":"https:\/\/www.ubishops.ca\/fr\/wp-json\/wp\/v2\/users\/49"}],"replies":[{"embeddable":true,"href":"https:\/\/www.ubishops.ca\/fr\/wp-json\/wp\/v2\/comments?post=113851"}],"version-history":[{"count":1,"href":"https:\/\/www.ubishops.ca\/fr\/wp-json\/wp\/v2\/pages\/113851\/revisions"}],"predecessor-version":[{"id":122392,"href":"https:\/\/www.ubishops.ca\/fr\/wp-json\/wp\/v2\/pages\/113851\/revisions\/122392"}],"up":[{"embeddable":true,"href":"https:\/\/www.ubishops.ca\/fr\/wp-json\/wp\/v2\/pages\/10812"}],"wp:attachment":[{"href":"https:\/\/www.ubishops.ca\/fr\/wp-json\/wp\/v2\/media?parent=113851"}],"curies":[{"name":"wp","href":"https:\/\/api.w.org\/{rel}","templated":true}]}}