{"id":113835,"date":"2020-11-05T09:26:49","date_gmt":"2020-11-05T14:26:49","guid":{"rendered":"https:\/\/www.ubishops.ca\/futurs-etudiants\/processus-dadmission\/admission-requirements\/general-interest-students\/"},"modified":"2024-07-15T13:51:30","modified_gmt":"2024-07-15T17:51:30","slug":"etudiants-libres-temps-partiel","status":"publish","type":"page","link":"https:\/\/www.ubishops.ca\/fr\/futurs-etudiants\/processus-dadmission\/admission-requirements\/etudiants-libres-temps-partiel\/","title":{"rendered":"\u00c9tudiants libres \u00e0 temps partiel"},"content":{"rendered":"\n<p>Si tu souhaites suivre des cours \u00e0 temps partiel sans t\u2019inscrire officiellement \u00e0 un programme menant \u00e0 un certificat ou \u00e0 un dipl\u00f4me de Bishop\u2019s, tu peux soumettre une demande d\u2019admission en tant qu\u2019\u00e9tudiante ou \u00e9tudiant libre en utilisant le bon formulaire en ligne.<\/p>\n\n\n\n<div class=\"wp-block-buttons is-layout-flex wp-block-buttons-is-layout-flex\">\n<div class=\"wp-block-button\"><a class=\"wp-block-button__link has-purple-background-color has-background wp-element-button\" href=\"https:\/\/www.ubishops.ca\/fr\/futurs-etudiants\/bishops-university-online-application\/\">Inscris-toi<\/a><\/div>\n<\/div>\n\n\n\n<p>Les \u00e9tudiants libres \u00e0 temps partiel peuvent s\u2019inscrire \u00e0 un maximum de 11\u202fcr\u00e9dits par semestre. Si tu veux t\u2019inscrire officiellement \u00e0 un programme menant \u00e0 un certificat ou \u00e0 un dipl\u00f4me de Bishop\u2019s par la suite, tu devras <a href=\"https:\/\/www.ubishops.ca\/fr\/futurs-etudiants\/processus-dadmission\/\">faire une nouvelle demande d\u2019admission<\/a> en respectant les dates limites indiqu\u00e9es. Tes cr\u00e9dits d\u00e9j\u00e0 obtenus comme \u00e9tudiante ou \u00e9tudiant libre, si ta demande d\u2019admission est accept\u00e9e dans un programme de certificat ou de dipl\u00f4me, pourraient \u00eatre transf\u00e9rables.<\/p>\n\n\n\n<div style=\"height:20px\" aria-hidden=\"true\" class=\"wp-block-spacer\"><\/div>\n\n\n\n<h2 class=\"wp-block-heading\" id=\"eligibility\">Admissibilit\u00e9<\/h2>\n\n\n\n<p>Pour t\u2019inscrire comme \u00e9tudiante ou \u00e9tudiant libre \u00e0 temps partiel, tu dois avoir ta citoyennet\u00e9 canadienne ou \u00eatre r\u00e9sident permanent et avoir au moins 19\u202fans au premier jour de cours du semestre o\u00f9 tu souhaites commencer tes \u00e9tudes universitaires.<\/p>\n\n\n\n<div style=\"height:20px\" aria-hidden=\"true\" class=\"wp-block-spacer\"><\/div>\n\n\n\n<h2 class=\"wp-block-heading\" id=\"minimum-document-requirement\">Document requis<\/h2>\n\n\n\n<p>Preuve de citoyennet\u00e9 canadienne ou de statut de r\u00e9sident permanent.<\/p>\n\n\n\n<div style=\"height:20px\" aria-hidden=\"true\" class=\"wp-block-spacer\"><\/div>\n\n\n\n<h2 class=\"wp-block-heading\">Soumission des documents<\/h2>\n\n\n\n<p>Tous les documents justificatifs peuvent \u00eatre t\u00e9l\u00e9vers\u00e9s sur notre syst\u00e8me en ligne au moment de la demande d\u2019admission ou sur le Portail des candidats myBU en utilisant l\u2019option \u00ab\u202fSoumettre les documents manquants\u202f\u00bb. Ils peuvent \u00e9galement \u00eatre transmis par courriel \u00e0\u00a0<a href=\"&#x6d;&#x61;&#x69;&#x6c;&#x74;&#x6f;&#58;&#97;&#100;&#109;issi&#x6f;&#x6e;&#x73;&#x40;&#x75;&#x62;&#105;&#115;&#104;&#111;&#112;s&#46;c&#x61;\">&#97;&#x64;&#x6d;&#105;&#x73;&#x73;&#105;&#x6f;&#x6e;&#115;&#x40;&#x75;&#98;&#x69;&#x73;&#104;&#x6f;&#x70;&#115;&#x2e;&#x63;&#97;<\/a>.<\/p>\n\n\n\n<div style=\"height:20px\" aria-hidden=\"true\" class=\"wp-block-spacer\"><\/div>\n\n\n\n<h2 class=\"wp-block-heading\">\u00c9ch\u00e9ancier d\u2019admission<\/h2>\n\n\n\n<p>Lorsque la p\u00e9riode d\u2019\u00e9valuation d\u00e9bute dans le cadre d\u2019un cycle d\u2019admission, les dossiers sont \u00e9valu\u00e9s au fur et \u00e0 mesure. Autrement dit, d\u00e8s la r\u00e9ception de tous les documents exig\u00e9s, le bureau proc\u00e9dera \u00e0 une \u00e9valuation initiale dans les dix\u202fjours ouvrables. (Exceptions\u202f: programmes de ma\u00eetrise, programmes en musique aussi \u00e9valu\u00e9s en fonction de l\u2019audition, et programmes contingent\u00e9s).<\/p>\n\n\n\n<div style=\"height:20px\" aria-hidden=\"true\" class=\"wp-block-spacer\"><\/div>\n\n\n\n<h2 class=\"wp-block-heading\">Des questions?<\/h2>\n\n\n\n<p>N\u2019h\u00e9site pas \u00e0 communiquer avec le bureau des admissions par courriel \u00e0 <a href=\"&#109;&#x61;&#105;&#x6c;&#116;&#x6f;&#58;&#x61;d&#x6d;i&#x73;s&#x69;o&#110;&#x73;&#64;&#x75;&#98;&#x69;&#115;&#x68;&#111;&#x70;s&#x2e;c&#x61;\">&#97;d&#x6d;i&#x73;&#115;&#x69;&#111;&#x6e;&#115;&#64;&#x75;b&#x69;&#115;&#x68;&#111;&#x70;&#115;&#x2e;&#99;a<\/a> ou par t\u00e9l\u00e9phone au 819\u202f822-9600 poste\u202f2680.<\/p>\n","protected":false},"excerpt":{"rendered":"<p>Si tu souhaites suivre des cours \u00e0 temps partiel sans t\u2019inscrire officiellement \u00e0 un programme menant \u00e0 un certificat ou \u00e0 un dipl\u00f4me de Bishop\u2019s, tu peux soumettre une demande d\u2019admission en tant qu\u2019\u00e9tudiante ou \u00e9tudiant libre en utilisant le bon formulaire en ligne. Les \u00e9tudiants libres \u00e0 temps partiel peuvent s\u2019inscrire \u00e0 un maximum&#8230;<\/p>\n","protected":false},"author":49,"featured_media":0,"parent":80854,"menu_order":121,"comment_status":"closed","ping_status":"closed","template":"templates\/page-width-sidebar.php","meta":{"_acf_changed":false,"_cbd_carousel_blocks":"[]","_kad_blocks_custom_css":"","_kad_blocks_head_custom_js":"","_kad_blocks_body_custom_js":"","_kad_blocks_footer_custom_js":"","_kad_post_transparent":"","_kad_post_title":"","_kad_post_layout":"","_kad_post_sidebar_id":"","_kad_post_content_style":"","_kad_post_vertical_padding":"","_kad_post_feature":"","_kad_post_feature_position":"","_kad_post_header":false,"_kad_post_footer":false,"_kad_post_classname":"","footnotes":""},"class_list":["post-113835","page","type-page","status-publish","hentry"],"acf":[],"yoast_head":"<!-- This site is optimized with the Yoast SEO plugin v27.4 - https:\/\/yoast.com\/product\/yoast-seo-wordpress\/ -->\n<title>\u00c9tudiants libres \u00e0 temps partiel - Bishop&#039;s University<\/title>\n<meta name=\"robots\" content=\"index, follow, max-snippet:-1, max-image-preview:large, max-video-preview:-1\" \/>\n<link rel=\"canonical\" href=\"https:\/\/www.ubishops.ca\/fr\/futurs-etudiants\/processus-dadmission\/admission-requirements\/etudiants-libres-temps-partiel\/\" \/>\n<meta property=\"og:locale\" content=\"fr_FR\" \/>\n<meta property=\"og:type\" content=\"article\" \/>\n<meta property=\"og:title\" content=\"\u00c9tudiants libres \u00e0 temps partiel - Bishop&#039;s University\" \/>\n<meta property=\"og:description\" content=\"Si tu souhaites suivre des cours \u00e0 temps partiel sans t\u2019inscrire officiellement \u00e0 un programme menant \u00e0 un certificat ou \u00e0 un dipl\u00f4me de Bishop\u2019s, tu peux soumettre une demande d\u2019admission en tant qu\u2019\u00e9tudiante ou \u00e9tudiant libre en utilisant le bon formulaire en ligne. Les \u00e9tudiants libres \u00e0 temps partiel peuvent s\u2019inscrire \u00e0 un maximum...\" \/>\n<meta property=\"og:url\" content=\"https:\/\/www.ubishops.ca\/fr\/futurs-etudiants\/processus-dadmission\/admission-requirements\/etudiants-libres-temps-partiel\/\" \/>\n<meta property=\"og:site_name\" content=\"Bishop&#039;s University\" \/>\n<meta property=\"article:publisher\" content=\"https:\/\/www.facebook.com\/ubishops\" \/>\n<meta property=\"article:modified_time\" content=\"2024-07-15T17:51:30+00:00\" \/>\n<meta name=\"twitter:card\" content=\"summary_large_image\" \/>\n<meta name=\"twitter:site\" content=\"@ubishops\" \/>\n<meta name=\"twitter:label1\" content=\"Dur\u00e9e de lecture estim\u00e9e\" \/>\n\t<meta name=\"twitter:data1\" content=\"1 minute\" \/>\n<script type=\"application\/ld+json\" class=\"yoast-schema-graph\">{\"@context\":\"https:\\\/\\\/schema.org\",\"@graph\":[{\"@type\":\"WebPage\",\"@id\":\"https:\\\/\\\/www.ubishops.ca\\\/fr\\\/futurs-etudiants\\\/processus-dadmission\\\/admission-requirements\\\/etudiants-libres-temps-partiel\\\/\",\"url\":\"https:\\\/\\\/www.ubishops.ca\\\/fr\\\/futurs-etudiants\\\/processus-dadmission\\\/admission-requirements\\\/etudiants-libres-temps-partiel\\\/\",\"name\":\"\u00c9tudiants libres \u00e0 temps partiel - Bishop&#039;s University\",\"isPartOf\":{\"@id\":\"https:\\\/\\\/www.ubishops.ca\\\/#website\"},\"datePublished\":\"2020-11-05T14:26:49+00:00\",\"dateModified\":\"2024-07-15T17:51:30+00:00\",\"breadcrumb\":{\"@id\":\"https:\\\/\\\/www.ubishops.ca\\\/fr\\\/futurs-etudiants\\\/processus-dadmission\\\/admission-requirements\\\/etudiants-libres-temps-partiel\\\/#breadcrumb\"},\"inLanguage\":\"fr-FR\",\"potentialAction\":[{\"@type\":\"ReadAction\",\"target\":[\"https:\\\/\\\/www.ubishops.ca\\\/fr\\\/futurs-etudiants\\\/processus-dadmission\\\/admission-requirements\\\/etudiants-libres-temps-partiel\\\/\"]}]},{\"@type\":\"BreadcrumbList\",\"@id\":\"https:\\\/\\\/www.ubishops.ca\\\/fr\\\/futurs-etudiants\\\/processus-dadmission\\\/admission-requirements\\\/etudiants-libres-temps-partiel\\\/#breadcrumb\",\"itemListElement\":[{\"@type\":\"ListItem\",\"position\":1,\"name\":\"Accueil\",\"item\":\"https:\\\/\\\/www.ubishops.ca\\\/fr\\\/\"},{\"@type\":\"ListItem\",\"position\":2,\"name\":\"Futurs \u00e9tudiants\",\"item\":\"https:\\\/\\\/www.ubishops.ca\\\/fr\\\/futurs-etudiants\\\/\"},{\"@type\":\"ListItem\",\"position\":3,\"name\":\"Processus d\u2019admission\",\"item\":\"https:\\\/\\\/www.ubishops.ca\\\/fr\\\/futurs-etudiants\\\/processus-dadmission\\\/\"},{\"@type\":\"ListItem\",\"position\":4,\"name\":\"Crit\u00e8res d\u2019admission\",\"item\":\"https:\\\/\\\/www.ubishops.ca\\\/fr\\\/futurs-etudiants\\\/processus-dadmission\\\/admission-requirements\\\/\"},{\"@type\":\"ListItem\",\"position\":5,\"name\":\"\u00c9tudiants libres \u00e0 temps partiel\"}]},{\"@type\":\"WebSite\",\"@id\":\"https:\\\/\\\/www.ubishops.ca\\\/#website\",\"url\":\"https:\\\/\\\/www.ubishops.ca\\\/\",\"name\":\"Bishop&#039;s University\",\"description\":\"\",\"potentialAction\":[{\"@type\":\"SearchAction\",\"target\":{\"@type\":\"EntryPoint\",\"urlTemplate\":\"https:\\\/\\\/www.ubishops.ca\\\/?s={search_term_string}\"},\"query-input\":{\"@type\":\"PropertyValueSpecification\",\"valueRequired\":true,\"valueName\":\"search_term_string\"}}],\"inLanguage\":\"fr-FR\"}]}<\/script>\n<!-- \/ Yoast SEO plugin. -->","yoast_head_json":{"title":"\u00c9tudiants libres \u00e0 temps partiel - Bishop&#039;s University","robots":{"index":"index","follow":"follow","max-snippet":"max-snippet:-1","max-image-preview":"max-image-preview:large","max-video-preview":"max-video-preview:-1"},"canonical":"https:\/\/www.ubishops.ca\/fr\/futurs-etudiants\/processus-dadmission\/admission-requirements\/etudiants-libres-temps-partiel\/","og_locale":"fr_FR","og_type":"article","og_title":"\u00c9tudiants libres \u00e0 temps partiel - Bishop&#039;s University","og_description":"Si tu souhaites suivre des cours \u00e0 temps partiel sans t\u2019inscrire officiellement \u00e0 un programme menant \u00e0 un certificat ou \u00e0 un dipl\u00f4me de Bishop\u2019s, tu peux soumettre une demande d\u2019admission en tant qu\u2019\u00e9tudiante ou \u00e9tudiant libre en utilisant le bon formulaire en ligne. Les \u00e9tudiants libres \u00e0 temps partiel peuvent s\u2019inscrire \u00e0 un maximum...","og_url":"https:\/\/www.ubishops.ca\/fr\/futurs-etudiants\/processus-dadmission\/admission-requirements\/etudiants-libres-temps-partiel\/","og_site_name":"Bishop&#039;s University","article_publisher":"https:\/\/www.facebook.com\/ubishops","article_modified_time":"2024-07-15T17:51:30+00:00","twitter_card":"summary_large_image","twitter_site":"@ubishops","twitter_misc":{"Dur\u00e9e de lecture estim\u00e9e":"1 minute"},"schema":{"@context":"https:\/\/schema.org","@graph":[{"@type":"WebPage","@id":"https:\/\/www.ubishops.ca\/fr\/futurs-etudiants\/processus-dadmission\/admission-requirements\/etudiants-libres-temps-partiel\/","url":"https:\/\/www.ubishops.ca\/fr\/futurs-etudiants\/processus-dadmission\/admission-requirements\/etudiants-libres-temps-partiel\/","name":"\u00c9tudiants libres \u00e0 temps partiel - Bishop&#039;s University","isPartOf":{"@id":"https:\/\/www.ubishops.ca\/#website"},"datePublished":"2020-11-05T14:26:49+00:00","dateModified":"2024-07-15T17:51:30+00:00","breadcrumb":{"@id":"https:\/\/www.ubishops.ca\/fr\/futurs-etudiants\/processus-dadmission\/admission-requirements\/etudiants-libres-temps-partiel\/#breadcrumb"},"inLanguage":"fr-FR","potentialAction":[{"@type":"ReadAction","target":["https:\/\/www.ubishops.ca\/fr\/futurs-etudiants\/processus-dadmission\/admission-requirements\/etudiants-libres-temps-partiel\/"]}]},{"@type":"BreadcrumbList","@id":"https:\/\/www.ubishops.ca\/fr\/futurs-etudiants\/processus-dadmission\/admission-requirements\/etudiants-libres-temps-partiel\/#breadcrumb","itemListElement":[{"@type":"ListItem","position":1,"name":"Accueil","item":"https:\/\/www.ubishops.ca\/fr\/"},{"@type":"ListItem","position":2,"name":"Futurs \u00e9tudiants","item":"https:\/\/www.ubishops.ca\/fr\/futurs-etudiants\/"},{"@type":"ListItem","position":3,"name":"Processus d\u2019admission","item":"https:\/\/www.ubishops.ca\/fr\/futurs-etudiants\/processus-dadmission\/"},{"@type":"ListItem","position":4,"name":"Crit\u00e8res d\u2019admission","item":"https:\/\/www.ubishops.ca\/fr\/futurs-etudiants\/processus-dadmission\/admission-requirements\/"},{"@type":"ListItem","position":5,"name":"\u00c9tudiants libres \u00e0 temps partiel"}]},{"@type":"WebSite","@id":"https:\/\/www.ubishops.ca\/#website","url":"https:\/\/www.ubishops.ca\/","name":"Bishop&#039;s University","description":"","potentialAction":[{"@type":"SearchAction","target":{"@type":"EntryPoint","urlTemplate":"https:\/\/www.ubishops.ca\/?s={search_term_string}"},"query-input":{"@type":"PropertyValueSpecification","valueRequired":true,"valueName":"search_term_string"}}],"inLanguage":"fr-FR"}]}},"taxonomy_info":[],"featured_image_src_large":false,"author_info":{"display_name":"Julie Fradette","author_link":"https:\/\/www.ubishops.ca\/fr\/author\/jfradett\/"},"comment_info":0,"publishpress_future_action":{"enabled":false,"date":"2026-05-05 19:32:06","action":"change-status","newStatus":"draft","terms":[],"taxonomy":"translation_priority","extraData":[]},"publishpress_future_workflow_manual_trigger":{"enabledWorkflows":[]},"_links":{"self":[{"href":"https:\/\/www.ubishops.ca\/fr\/wp-json\/wp\/v2\/pages\/113835","targetHints":{"allow":["GET"]}}],"collection":[{"href":"https:\/\/www.ubishops.ca\/fr\/wp-json\/wp\/v2\/pages"}],"about":[{"href":"https:\/\/www.ubishops.ca\/fr\/wp-json\/wp\/v2\/types\/page"}],"author":[{"embeddable":true,"href":"https:\/\/www.ubishops.ca\/fr\/wp-json\/wp\/v2\/users\/49"}],"replies":[{"embeddable":true,"href":"https:\/\/www.ubishops.ca\/fr\/wp-json\/wp\/v2\/comments?post=113835"}],"version-history":[{"count":0,"href":"https:\/\/www.ubishops.ca\/fr\/wp-json\/wp\/v2\/pages\/113835\/revisions"}],"up":[{"embeddable":true,"href":"https:\/\/www.ubishops.ca\/fr\/wp-json\/wp\/v2\/pages\/80854"}],"wp:attachment":[{"href":"https:\/\/www.ubishops.ca\/fr\/wp-json\/wp\/v2\/media?parent=113835"}],"curies":[{"name":"wp","href":"https:\/\/api.w.org\/{rel}","templated":true}]}}