{"id":113728,"date":"2016-08-10T14:38:05","date_gmt":"2016-08-10T18:38:05","guid":{"rendered":"https:\/\/www.ubishops.ca\/futurs-etudiants\/fees-and-funding\/droits-de-scolarite-et-frais-afferents\/canadian-students\/promissory-note\/"},"modified":"2026-01-09T11:10:29","modified_gmt":"2026-01-09T16:10:29","slug":"billet-a-ordre","status":"publish","type":"page","link":"https:\/\/www.ubishops.ca\/fr\/futurs-etudiants\/questions-financieres\/droits-de-scolarite-et-frais-afferents\/billet-a-ordre\/","title":{"rendered":"Billet \u00e0 ordre"},"content":{"rendered":"\n<p>Ce formulaire doit \u00eatre rempli chaque ann\u00e9e scolaire si tu souhaites payer tes droits de scolarit\u00e9 avec tes pr\u00eats et bourses.<\/p>\n\n\n\n<p>Seuls les \u00e9tudiants inscrits \u00e0 un programme menant \u00e0 un dipl\u00f4me peuvent profiter de cette exemption. Les \u00e9tudiants libres et les \u00e9tudiants inscrits \u00e0 un programme ne menant pas \u00e0 un dipl\u00f4me doivent r\u00e9gler leurs droits de scolarit\u00e9 en totalit\u00e9 avant la date limite indiqu\u00e9e.<\/p>\n\n\n\n<p><strong>LE FORMULAIRE DOIT \u00caTRE REMPLI AVANT LA DATE LIMITE DE PAIEMENT DES DROITS DE SCOLARIT\u00c9\u202f:<\/strong><\/p>\n\n\n\n<ul class=\"wp-block-list\">\n<li><strong>Semestre d\u2019hiver\u202f: 30\u202fjanvier<\/strong><\/li>\n\n\n\n<li><strong>Semestre d\u2019automne\u202f: 30\u202fseptembre<\/strong><\/li>\n<\/ul>\n\n\n\n<p><strong>Ton billet \u00e0 ordre sera nul et sans effet s\u2019il n\u2019est pas bien rempli.<\/strong><\/p>\n\n\n\n<script type=\"text\/javascript\" src=\"https:\/\/ubishops.jotform.com\/jsform\/200346345631044\"><\/script>\n","protected":false},"excerpt":{"rendered":"<p>Ce formulaire doit \u00eatre rempli chaque ann\u00e9e scolaire si tu souhaites payer tes droits de scolarit\u00e9 avec tes pr\u00eats et bourses. Seuls les \u00e9tudiants inscrits \u00e0 un programme menant \u00e0 un dipl\u00f4me peuvent profiter de cette exemption. Les \u00e9tudiants libres et les \u00e9tudiants inscrits \u00e0 un programme ne menant pas \u00e0 un dipl\u00f4me doivent r\u00e9gler&#8230;<\/p>\n","protected":false},"author":49,"featured_media":0,"parent":10812,"menu_order":263,"comment_status":"closed","ping_status":"closed","template":"","meta":{"_acf_changed":false,"_cbd_carousel_blocks":"[]","_kad_blocks_custom_css":"","_kad_blocks_head_custom_js":"","_kad_blocks_body_custom_js":"","_kad_blocks_footer_custom_js":"","_kad_post_transparent":"","_kad_post_title":"","_kad_post_layout":"","_kad_post_sidebar_id":"","_kad_post_content_style":"","_kad_post_vertical_padding":"","_kad_post_feature":"","_kad_post_feature_position":"","_kad_post_header":false,"_kad_post_footer":false,"_kad_post_classname":"","footnotes":""},"class_list":["post-113728","page","type-page","status-publish","hentry"],"acf":[],"yoast_head":"<!-- This site is optimized with the Yoast SEO plugin v27.2 - https:\/\/yoast.com\/product\/yoast-seo-wordpress\/ -->\n<title>Billet \u00e0 ordre - Bishop&#039;s University<\/title>\n<meta name=\"robots\" content=\"index, follow, max-snippet:-1, max-image-preview:large, max-video-preview:-1\" \/>\n<link rel=\"canonical\" href=\"https:\/\/www.ubishops.ca\/fr\/futurs-etudiants\/questions-financieres\/droits-de-scolarite-et-frais-afferents\/billet-a-ordre\/\" \/>\n<meta property=\"og:locale\" content=\"fr_FR\" \/>\n<meta property=\"og:type\" content=\"article\" \/>\n<meta property=\"og:title\" content=\"Billet \u00e0 ordre - Bishop&#039;s University\" \/>\n<meta property=\"og:description\" content=\"Ce formulaire doit \u00eatre rempli chaque ann\u00e9e scolaire si tu souhaites payer tes droits de scolarit\u00e9 avec tes pr\u00eats et bourses. Seuls les \u00e9tudiants inscrits \u00e0 un programme menant \u00e0 un dipl\u00f4me peuvent profiter de cette exemption. Les \u00e9tudiants libres et les \u00e9tudiants inscrits \u00e0 un programme ne menant pas \u00e0 un dipl\u00f4me doivent r\u00e9gler...\" \/>\n<meta property=\"og:url\" content=\"https:\/\/www.ubishops.ca\/fr\/futurs-etudiants\/questions-financieres\/droits-de-scolarite-et-frais-afferents\/billet-a-ordre\/\" \/>\n<meta property=\"og:site_name\" content=\"Bishop&#039;s University\" \/>\n<meta property=\"article:publisher\" content=\"https:\/\/www.facebook.com\/ubishops\" \/>\n<meta property=\"article:modified_time\" content=\"2026-01-09T16:10:29+00:00\" \/>\n<meta name=\"twitter:card\" content=\"summary_large_image\" \/>\n<meta name=\"twitter:site\" content=\"@ubishops\" \/>\n<meta name=\"twitter:label1\" content=\"Dur\u00e9e de lecture estim\u00e9e\" \/>\n\t<meta name=\"twitter:data1\" content=\"1 minute\" \/>\n<script type=\"application\/ld+json\" class=\"yoast-schema-graph\">{\"@context\":\"https:\/\/schema.org\",\"@graph\":[{\"@type\":\"WebPage\",\"@id\":\"https:\/\/www.ubishops.ca\/fr\/futurs-etudiants\/questions-financieres\/droits-de-scolarite-et-frais-afferents\/billet-a-ordre\/\",\"url\":\"https:\/\/www.ubishops.ca\/fr\/futurs-etudiants\/questions-financieres\/droits-de-scolarite-et-frais-afferents\/billet-a-ordre\/\",\"name\":\"Billet \u00e0 ordre - Bishop&#039;s University\",\"isPartOf\":{\"@id\":\"https:\/\/www.ubishops.ca\/#website\"},\"datePublished\":\"2016-08-10T18:38:05+00:00\",\"dateModified\":\"2026-01-09T16:10:29+00:00\",\"breadcrumb\":{\"@id\":\"https:\/\/www.ubishops.ca\/fr\/futurs-etudiants\/questions-financieres\/droits-de-scolarite-et-frais-afferents\/billet-a-ordre\/#breadcrumb\"},\"inLanguage\":\"fr-FR\",\"potentialAction\":[{\"@type\":\"ReadAction\",\"target\":[\"https:\/\/www.ubishops.ca\/fr\/futurs-etudiants\/questions-financieres\/droits-de-scolarite-et-frais-afferents\/billet-a-ordre\/\"]}]},{\"@type\":\"BreadcrumbList\",\"@id\":\"https:\/\/www.ubishops.ca\/fr\/futurs-etudiants\/questions-financieres\/droits-de-scolarite-et-frais-afferents\/billet-a-ordre\/#breadcrumb\",\"itemListElement\":[{\"@type\":\"ListItem\",\"position\":1,\"name\":\"Accueil\",\"item\":\"https:\/\/www.ubishops.ca\/fr\/\"},{\"@type\":\"ListItem\",\"position\":2,\"name\":\"Futurs \u00e9tudiants\",\"item\":\"https:\/\/www.ubishops.ca\/fr\/futurs-etudiants\/\"},{\"@type\":\"ListItem\",\"position\":3,\"name\":\"Questions financi\u00e8res\",\"item\":\"https:\/\/www.ubishops.ca\/fr\/futurs-etudiants\/questions-financieres\/\"},{\"@type\":\"ListItem\",\"position\":4,\"name\":\"Droits de scolarit\u00e9 et frais aff\u00e9rents\",\"item\":\"https:\/\/www.ubishops.ca\/fr\/futurs-etudiants\/questions-financieres\/droits-de-scolarite-et-frais-afferents\/\"},{\"@type\":\"ListItem\",\"position\":5,\"name\":\"Billet \u00e0 ordre\"}]},{\"@type\":\"WebSite\",\"@id\":\"https:\/\/www.ubishops.ca\/#website\",\"url\":\"https:\/\/www.ubishops.ca\/\",\"name\":\"Bishop&#039;s University\",\"description\":\"\",\"potentialAction\":[{\"@type\":\"SearchAction\",\"target\":{\"@type\":\"EntryPoint\",\"urlTemplate\":\"https:\/\/www.ubishops.ca\/?s={search_term_string}\"},\"query-input\":{\"@type\":\"PropertyValueSpecification\",\"valueRequired\":true,\"valueName\":\"search_term_string\"}}],\"inLanguage\":\"fr-FR\"}]}<\/script>\n<!-- \/ Yoast SEO plugin. -->","yoast_head_json":{"title":"Billet \u00e0 ordre - Bishop&#039;s University","robots":{"index":"index","follow":"follow","max-snippet":"max-snippet:-1","max-image-preview":"max-image-preview:large","max-video-preview":"max-video-preview:-1"},"canonical":"https:\/\/www.ubishops.ca\/fr\/futurs-etudiants\/questions-financieres\/droits-de-scolarite-et-frais-afferents\/billet-a-ordre\/","og_locale":"fr_FR","og_type":"article","og_title":"Billet \u00e0 ordre - Bishop&#039;s University","og_description":"Ce formulaire doit \u00eatre rempli chaque ann\u00e9e scolaire si tu souhaites payer tes droits de scolarit\u00e9 avec tes pr\u00eats et bourses. Seuls les \u00e9tudiants inscrits \u00e0 un programme menant \u00e0 un dipl\u00f4me peuvent profiter de cette exemption. Les \u00e9tudiants libres et les \u00e9tudiants inscrits \u00e0 un programme ne menant pas \u00e0 un dipl\u00f4me doivent r\u00e9gler...","og_url":"https:\/\/www.ubishops.ca\/fr\/futurs-etudiants\/questions-financieres\/droits-de-scolarite-et-frais-afferents\/billet-a-ordre\/","og_site_name":"Bishop&#039;s University","article_publisher":"https:\/\/www.facebook.com\/ubishops","article_modified_time":"2026-01-09T16:10:29+00:00","twitter_card":"summary_large_image","twitter_site":"@ubishops","twitter_misc":{"Dur\u00e9e de lecture estim\u00e9e":"1 minute"},"schema":{"@context":"https:\/\/schema.org","@graph":[{"@type":"WebPage","@id":"https:\/\/www.ubishops.ca\/fr\/futurs-etudiants\/questions-financieres\/droits-de-scolarite-et-frais-afferents\/billet-a-ordre\/","url":"https:\/\/www.ubishops.ca\/fr\/futurs-etudiants\/questions-financieres\/droits-de-scolarite-et-frais-afferents\/billet-a-ordre\/","name":"Billet \u00e0 ordre - Bishop&#039;s University","isPartOf":{"@id":"https:\/\/www.ubishops.ca\/#website"},"datePublished":"2016-08-10T18:38:05+00:00","dateModified":"2026-01-09T16:10:29+00:00","breadcrumb":{"@id":"https:\/\/www.ubishops.ca\/fr\/futurs-etudiants\/questions-financieres\/droits-de-scolarite-et-frais-afferents\/billet-a-ordre\/#breadcrumb"},"inLanguage":"fr-FR","potentialAction":[{"@type":"ReadAction","target":["https:\/\/www.ubishops.ca\/fr\/futurs-etudiants\/questions-financieres\/droits-de-scolarite-et-frais-afferents\/billet-a-ordre\/"]}]},{"@type":"BreadcrumbList","@id":"https:\/\/www.ubishops.ca\/fr\/futurs-etudiants\/questions-financieres\/droits-de-scolarite-et-frais-afferents\/billet-a-ordre\/#breadcrumb","itemListElement":[{"@type":"ListItem","position":1,"name":"Accueil","item":"https:\/\/www.ubishops.ca\/fr\/"},{"@type":"ListItem","position":2,"name":"Futurs \u00e9tudiants","item":"https:\/\/www.ubishops.ca\/fr\/futurs-etudiants\/"},{"@type":"ListItem","position":3,"name":"Questions financi\u00e8res","item":"https:\/\/www.ubishops.ca\/fr\/futurs-etudiants\/questions-financieres\/"},{"@type":"ListItem","position":4,"name":"Droits de scolarit\u00e9 et frais aff\u00e9rents","item":"https:\/\/www.ubishops.ca\/fr\/futurs-etudiants\/questions-financieres\/droits-de-scolarite-et-frais-afferents\/"},{"@type":"ListItem","position":5,"name":"Billet \u00e0 ordre"}]},{"@type":"WebSite","@id":"https:\/\/www.ubishops.ca\/#website","url":"https:\/\/www.ubishops.ca\/","name":"Bishop&#039;s University","description":"","potentialAction":[{"@type":"SearchAction","target":{"@type":"EntryPoint","urlTemplate":"https:\/\/www.ubishops.ca\/?s={search_term_string}"},"query-input":{"@type":"PropertyValueSpecification","valueRequired":true,"valueName":"search_term_string"}}],"inLanguage":"fr-FR"}]}},"taxonomy_info":[],"featured_image_src_large":false,"author_info":{"display_name":"Julie Fradette","author_link":"https:\/\/www.ubishops.ca\/fr\/author\/jfradett\/"},"comment_info":0,"publishpress_future_action":{"enabled":false,"date":"2026-04-24 03:40:27","action":"change-status","newStatus":"draft","terms":[],"taxonomy":"translation_priority","extraData":[]},"publishpress_future_workflow_manual_trigger":{"enabledWorkflows":[]},"_links":{"self":[{"href":"https:\/\/www.ubishops.ca\/fr\/wp-json\/wp\/v2\/pages\/113728","targetHints":{"allow":["GET"]}}],"collection":[{"href":"https:\/\/www.ubishops.ca\/fr\/wp-json\/wp\/v2\/pages"}],"about":[{"href":"https:\/\/www.ubishops.ca\/fr\/wp-json\/wp\/v2\/types\/page"}],"author":[{"embeddable":true,"href":"https:\/\/www.ubishops.ca\/fr\/wp-json\/wp\/v2\/users\/49"}],"replies":[{"embeddable":true,"href":"https:\/\/www.ubishops.ca\/fr\/wp-json\/wp\/v2\/comments?post=113728"}],"version-history":[{"count":4,"href":"https:\/\/www.ubishops.ca\/fr\/wp-json\/wp\/v2\/pages\/113728\/revisions"}],"predecessor-version":[{"id":129806,"href":"https:\/\/www.ubishops.ca\/fr\/wp-json\/wp\/v2\/pages\/113728\/revisions\/129806"}],"up":[{"embeddable":true,"href":"https:\/\/www.ubishops.ca\/fr\/wp-json\/wp\/v2\/pages\/10812"}],"wp:attachment":[{"href":"https:\/\/www.ubishops.ca\/fr\/wp-json\/wp\/v2\/media?parent=113728"}],"curies":[{"name":"wp","href":"https:\/\/api.w.org\/{rel}","templated":true}]}}