{"id":113712,"date":"2017-09-19T11:45:59","date_gmt":"2017-09-19T15:45:59","guid":{"rendered":"https:\/\/www.ubishops.ca\/futurs-etudiants\/fees-and-funding\/concours-de-bourses-prix-et-autres-bourses\/michael-goldbloom-excellence-scholarships\/"},"modified":"2025-12-17T11:12:30","modified_gmt":"2025-12-17T16:12:30","slug":"bourses-excellence-michael-goldbloom","status":"publish","type":"page","link":"https:\/\/www.ubishops.ca\/fr\/futurs-etudiants\/questions-financieres\/concours-de-bourses-prix-et-autres-bourses\/bourses-excellence-michael-goldbloom\/","title":{"rendered":"Bourses d\u2019excellence Michael Goldbloom"},"content":{"rendered":"\n<p>Comme c\u2019est le cas depuis des g\u00e9n\u00e9rations, l\u2019Universit\u00e9 Bishop\u2019s continue d\u2019attirer des \u00e9tudiantes et \u00e9tudiants exceptionnels au parcours impressionnant. Ils contribuent de fa\u00e7on importante \u00e0 la vie intellectuelle et sociale de l\u2019universit\u00e9, et en retour, leur exp\u00e9rience \u00e0 Bishop\u2019s leur apporte des avantages consid\u00e9rables pour leur avenir. En plus d\u2019avoir un impact positif sur leurs camarades de classe, sur leurs professeures et professeurs, et sur la communaut\u00e9, ils soutiennent aussi Bishop\u2019s dans son objectif d\u2019offrir la meilleure \u00e9ducation de niveau universitaire au premier cycle de tout le pays.<\/p>\n\n\n\n<p>Les bourses d\u2019excellence Michael Goldbloom, nomm\u00e9e ainsi en l\u2019honneur du 18e principal et vice-chancelier de Bishop\u2019s, sont d\u2019une valeur de 10\u202f000\u202f$ par ann\u00e9e (renouvelable) et visent \u00e0 reconna\u00eetre et \u00e0 r\u00e9compenser les efforts d\u2019\u00e9tudiantes et d\u2019\u00e9tudiants ayant un remarquable dossier scolaire. Nos valeurs fondamentales \u2013 une universit\u00e9 centr\u00e9e sur les \u00e9tudiants et ax\u00e9e sur la communaut\u00e9, l\u2019excellence et le d\u00e9veloppement durable \u2013 sont les pierres d\u2019assise de Bishop\u2019s. Nous sommes fiers de repr\u00e9senter une communaut\u00e9 diversifi\u00e9e, inclusive et color\u00e9e, et nous encourageons les personnes issues de groupes m\u00e9ritant l\u2019\u00e9quit\u00e9 \u00e0 faire une demande pour ces bourses.<\/p>\n\n\n\n<h2 class=\"wp-block-heading\" id=\"eligibility-criteria\">Crit\u00e8res d\u2019admissibilit\u00e9<\/h2>\n\n\n\n<p>Pour \u00eatre admissible \u00e0 une bourse d\u2019excellence Michael Goldbloom, tu dois\u202f:<\/p>\n\n\n\n<ul class=\"wp-block-list\">\n<li>\u00e9tudier \u00e0 temps plein en derni\u00e8re ann\u00e9e dans un \u00e9tablissement secondaire ou un c\u00e9gep;<\/li>\n\n\n\n<li>avoir un statut de citoyen canadien ou de r\u00e9sident permanent (les candidat.e.s peuvent r\u00e9sider ailleurs pour leurs \u00e9tudes au moment de la demande);<\/li>\n\n\n\n<li>avoir une moyenne cumulative minimale de 90\u202f% en 11e\u202fann\u00e9e ou une cote\u202fR cumulative minimale de 33 au moment de ton admission;<\/li>\n\n\n\n<li>avoir fait une demande d\u2019admission dans un programme de baccalaur\u00e9at \u00e0 temps plein \u00e0 Bishop\u2019s et avoir re\u00e7u une offre d\u2019admission;<\/li>\n\n\n\n<li>indiquer le nom de deux (2)\u202fpersonnes (membres de la direction ou du corps professoral de ton \u00e9tablissement secondaire ou c\u00e9gep) qui devront remplir un formulaire de recommandation \u00e9lectronique;<\/li>\n\n\n\n<li>r\u00e9diger une courte pr\u00e9sentation (500\u202fmots maximum) pour d\u00e9crire tes r\u00e9alisations et tes aspirations;<\/li>\n\n\n\n<li>cr\u00e9er une vid\u00e9o d\u2019au plus deux\u202f(2) minutes dans laquelle tu d\u00e9finis tes forces intellectuelles et tes ambitions universitaires, puis fournir un lien YouTube ou autre sur ton formulaire de demande pour que le comit\u00e9 puisse la visionner; et<\/li>\n\n\n\n<li>commencer tes \u00e9tudes universitaires au semestre d\u2019automne indiqu\u00e9 dans ta demande.<\/li>\n<\/ul>\n\n\n\n<p>Une offre de bourse n\u2019est valide que pendant l\u2019ann\u00e9e o\u00f9 elle est accord\u00e9e \u2013 aucun report n\u2019est autoris\u00e9. Si tu obtiens une bourse, tu recevras un premier versement \u00e0 l\u2019automne et un deuxi\u00e8me \u00e0 l\u2019hiver (les fonds seront vers\u00e9s directement sur ton compte \u00e9tudiant apr\u00e8s la date limite d\u2019ajout ou d\u2019abandon de cours chaque semestre).<\/p>\n\n\n\n<p><strong><strong>Les bourses d\u2019excellence Michael Goldbloom ne peuvent \u00eatre combin\u00e9es avec aucune autre bourse offerte par l\u2019Universit\u00e9 Bishop\u2019s. Si tu re\u00e7ois plus d\u2019une\u202foffre, seule la bourse ayant la valeur la plus \u00e9lev\u00e9e te sera octroy\u00e9e.<\/strong><\/strong> <strong>Les \u00e9tudiant.e.s b\u00e9n\u00e9ficiant d\u2019une exemption des droits de scolarit\u00e9 et recevant une bourse d\u2019excellence Michael Goldbloom verront la valeur de l\u2019exemption d\u00e9duite du montant de leur bourse. \u00bb<\/strong><\/p>\n\n\n\n<h2 class=\"wp-block-heading\" id=\"selection-process\">Processus de s\u00e9lection<\/h2>\n\n\n\n<p>Les boursi\u00e8res et boursiers seront s\u00e9lectionn\u00e9s par un comit\u00e9 pr\u00e9sid\u00e9 par le principal de l\u2019universit\u00e9. Les candidates et les candidats dont le dossier scolaire r\u00e9pond aux crit\u00e8res minimums seront \u00e9valu\u00e9s en fonction de facteurs comme le leadership, l\u2019implication communautaire, l\u2019esprit d\u2019entreprise et le talent exceptionnel dans les \u00e9tudes, les arts ou les sports. Un maximum de sept\u202fr\u00e9cipiendaires sera s\u00e9lectionn\u00e9 chaque ann\u00e9e.<\/p>\n\n\n\n<p>Les boursi\u00e8res et boursiers seront avis\u00e9s par courriel et par t\u00e9l\u00e9phone d\u2019ici le 13\u202favril\u202f2026.<\/p>\n\n\n\n<h2 class=\"wp-block-heading\" id=\"renewal\">Renouvellement<\/h2>\n\n\n\n<p>Cette bourse peut \u00eatre renouvel\u00e9e si l\u2019\u00e9tudiante ou l\u2019\u00e9tudiant\u202f:<\/p>\n\n\n\n<ul class=\"wp-block-list\">\n<li>conserve son statut d\u2019\u00e9tudiant \u00e0 temps plein pour les semestres d\u2019automne et d\u2019hiver;<\/li>\n\n\n\n<li>obtient une moyenne cumulative d\u2019au moins 85\u202f% pour ses 24\u202fmeilleurs cr\u00e9dits pour toute l\u2019ann\u00e9e universitaire pr\u00e9c\u00e9dente (trimestres d\u2019automne, d\u2019hiver et\/ou du printemps);<\/li>\n\n\n\n<li>a obtenu moins de 120\u202fcr\u00e9dits au total au d\u00e9but du semestre d\u2019automne \u00e0 venir.<\/li>\n\n\n\n<li>Remarque : La bourse est renouvelable pour une dur\u00e9e maximale de trois (3) ans pour les \u00e9tudiant.e.s provenant directement du secondaire (financement maximal possible de quatre (4) ans) et de deux (2) ans pour ceux provenant directement du c\u00e9gep (financement maximal possible de trois (3) ans).<\/li>\n<\/ul>\n\n\n\n<h2 class=\"wp-block-heading\" id=\"additional-benefits\">Avantages suppl\u00e9mentaires<\/h2>\n\n\n\n<ul class=\"wp-block-list\">\n<li>Possibilit\u00e9 de rencontrer le principal, le chancelier et d\u2019autres membres importants de la communaut\u00e9 Bishop\u2019s.<\/li>\n\n\n\n<li>Occasions de participer \u00e0 des rassemblements sur le leadership ou la recherche.<\/li>\n<\/ul>\n\n\n\n<h2 class=\"wp-block-heading\" id=\"application-process\">Processus de demande<\/h2>\n\n\n\n<p>Avant de soumettre une demande de bourses d\u2019excellence Michael Goldbloom, <a href=\"https:\/\/www.ubishops.ca\/future-students\/bishops-university-online-application\/\">tu dois d\u2019abord remplir une demande d\u2019admission conform\u00e9ment aux directives indiqu\u00e9es sur la page de demande en ligne de l\u2019Universit\u00e9 Bishop\u2019s.<\/a> <a href=\"https:\/\/ubishops.jotform.com\/200424844931048\">Ensuite, remplis et soumets ta demande et tous tes documents justificatifs en utilisant les formulaires de demande de bourses d\u2019excellence Michael Goldbloom.<\/a><\/p>\n\n\n\n<p>Ta demande et tes documents justificatifs doivent \u00eatre re\u00e7us au plus tard le <strong>1\u202fmars\u202f2026<\/strong>.<\/p>\n\n\n\n<h2 class=\"wp-block-heading\" id=\"supporting-documents-required\">Documents justificatifs requis<\/h2>\n\n\n\n<p><a href=\"https:\/\/ubishops.jotform.com\/233266530250044\">Deux (2)\u202flettres de recommandation produites avec le Formulaire de recommandation \u00e9lectronique<\/a>. Tu es responsable de demander aux personnes qui produiront tes lettres de recommandation d\u2019utiliser le formulaire indiqu\u00e9 et de leur fournir le lien vers celui-ci.<\/p>\n\n\n\n<h2 class=\"wp-block-heading\" id=\"guidelines-for-referees\">Directives pour les recommandations\u202f:<\/h2>\n\n\n\n<ul class=\"wp-block-list\">\n<li>Tous les auteurs de lettre de recommandation doivent utiliser le formulaire en ligne (qui peut \u00eatre rempli en anglais ou en fran\u00e7ais).<\/li>\n\n\n\n<li>Ce formulaire doit \u00eatre rempli par un membre de l\u2019administration (p.\u202fex., principal, vice-principal(e), doyen(ne) aux affaires \u00e9tudiantes, professeur(e), conseiller(\u00e8re) en orientation, etc.).<\/li>\n\n\n\n<li>L\u2019auteur d\u2019une lettre de recommandation ne doit avoir aucun lien de parent\u00e9 avec la candidate ou le candidat.<\/li>\n\n\n\n<li>La lettre doit porter sur les aptitudes scolaires de la candidate ou du candidat, sur son implication communautaire et ses talents de leader, sur son potentiel et sur sa situation personnelle.<\/li>\n\n\n\n<li>Le comit\u00e9 de s\u00e9lection pourrait communiquer avec l\u2019auteur d\u2019une lettre de recommandation afin de v\u00e9rifier certaines informations.<\/li>\n\n\n\n<li>La date limite pour soumettre une lettre de recommandation est le <strong>1er\u202fmars\u202f2026<\/strong>.<\/li>\n<\/ul>\n","protected":false},"excerpt":{"rendered":"<p>Comme c\u2019est le cas depuis des g\u00e9n\u00e9rations, l\u2019Universit\u00e9 Bishop\u2019s continue d\u2019attirer des \u00e9tudiantes et \u00e9tudiants exceptionnels au parcours impressionnant. Ils contribuent de fa\u00e7on importante \u00e0 la vie intellectuelle et sociale de l\u2019universit\u00e9, et en retour, leur exp\u00e9rience \u00e0 Bishop\u2019s leur apporte des avantages consid\u00e9rables pour leur avenir. En plus d\u2019avoir un impact positif sur leurs&#8230;<\/p>\n","protected":false},"author":49,"featured_media":0,"parent":10814,"menu_order":280,"comment_status":"closed","ping_status":"closed","template":"","meta":{"_acf_changed":false,"_cbd_carousel_blocks":"[]","_kad_blocks_custom_css":"","_kad_blocks_head_custom_js":"","_kad_blocks_body_custom_js":"","_kad_blocks_footer_custom_js":"","_kad_post_transparent":"","_kad_post_title":"","_kad_post_layout":"","_kad_post_sidebar_id":"","_kad_post_content_style":"","_kad_post_vertical_padding":"","_kad_post_feature":"","_kad_post_feature_position":"","_kad_post_header":false,"_kad_post_footer":false,"_kad_post_classname":"","footnotes":""},"class_list":["post-113712","page","type-page","status-publish","hentry"],"acf":[],"yoast_head":"<!-- This site is optimized with the Yoast SEO plugin v27.2 - https:\/\/yoast.com\/product\/yoast-seo-wordpress\/ -->\n<title>Bourses d\u2019excellence Michael Goldbloom - Bishop&#039;s University<\/title>\n<meta name=\"robots\" content=\"index, follow, max-snippet:-1, max-image-preview:large, max-video-preview:-1\" \/>\n<link rel=\"canonical\" href=\"https:\/\/www.ubishops.ca\/fr\/futurs-etudiants\/questions-financieres\/concours-de-bourses-prix-et-autres-bourses\/bourses-excellence-michael-goldbloom\/\" \/>\n<meta property=\"og:locale\" content=\"fr_FR\" \/>\n<meta property=\"og:type\" content=\"article\" \/>\n<meta property=\"og:title\" content=\"Bourses d\u2019excellence Michael Goldbloom - Bishop&#039;s University\" \/>\n<meta property=\"og:description\" content=\"Comme c\u2019est le cas depuis des g\u00e9n\u00e9rations, l\u2019Universit\u00e9 Bishop\u2019s continue d\u2019attirer des \u00e9tudiantes et \u00e9tudiants exceptionnels au parcours impressionnant. Ils contribuent de fa\u00e7on importante \u00e0 la vie intellectuelle et sociale de l\u2019universit\u00e9, et en retour, leur exp\u00e9rience \u00e0 Bishop\u2019s leur apporte des avantages consid\u00e9rables pour leur avenir. En plus d\u2019avoir un impact positif sur leurs...\" \/>\n<meta property=\"og:url\" content=\"https:\/\/www.ubishops.ca\/fr\/futurs-etudiants\/questions-financieres\/concours-de-bourses-prix-et-autres-bourses\/bourses-excellence-michael-goldbloom\/\" \/>\n<meta property=\"og:site_name\" content=\"Bishop&#039;s University\" \/>\n<meta property=\"article:publisher\" content=\"https:\/\/www.facebook.com\/ubishops\" \/>\n<meta property=\"article:modified_time\" content=\"2025-12-17T16:12:30+00:00\" \/>\n<meta name=\"twitter:card\" content=\"summary_large_image\" \/>\n<meta name=\"twitter:site\" content=\"@ubishops\" \/>\n<meta name=\"twitter:label1\" content=\"Dur\u00e9e de lecture estim\u00e9e\" \/>\n\t<meta name=\"twitter:data1\" content=\"4 minutes\" \/>\n<script type=\"application\/ld+json\" class=\"yoast-schema-graph\">{\"@context\":\"https:\/\/schema.org\",\"@graph\":[{\"@type\":\"WebPage\",\"@id\":\"https:\/\/www.ubishops.ca\/fr\/futurs-etudiants\/questions-financieres\/concours-de-bourses-prix-et-autres-bourses\/bourses-excellence-michael-goldbloom\/\",\"url\":\"https:\/\/www.ubishops.ca\/fr\/futurs-etudiants\/questions-financieres\/concours-de-bourses-prix-et-autres-bourses\/bourses-excellence-michael-goldbloom\/\",\"name\":\"Bourses d\u2019excellence Michael Goldbloom - Bishop&#039;s University\",\"isPartOf\":{\"@id\":\"https:\/\/www.ubishops.ca\/#website\"},\"datePublished\":\"2017-09-19T15:45:59+00:00\",\"dateModified\":\"2025-12-17T16:12:30+00:00\",\"breadcrumb\":{\"@id\":\"https:\/\/www.ubishops.ca\/fr\/futurs-etudiants\/questions-financieres\/concours-de-bourses-prix-et-autres-bourses\/bourses-excellence-michael-goldbloom\/#breadcrumb\"},\"inLanguage\":\"fr-FR\",\"potentialAction\":[{\"@type\":\"ReadAction\",\"target\":[\"https:\/\/www.ubishops.ca\/fr\/futurs-etudiants\/questions-financieres\/concours-de-bourses-prix-et-autres-bourses\/bourses-excellence-michael-goldbloom\/\"]}]},{\"@type\":\"BreadcrumbList\",\"@id\":\"https:\/\/www.ubishops.ca\/fr\/futurs-etudiants\/questions-financieres\/concours-de-bourses-prix-et-autres-bourses\/bourses-excellence-michael-goldbloom\/#breadcrumb\",\"itemListElement\":[{\"@type\":\"ListItem\",\"position\":1,\"name\":\"Accueil\",\"item\":\"https:\/\/www.ubishops.ca\/fr\/\"},{\"@type\":\"ListItem\",\"position\":2,\"name\":\"Futurs \u00e9tudiants\",\"item\":\"https:\/\/www.ubishops.ca\/fr\/futurs-etudiants\/\"},{\"@type\":\"ListItem\",\"position\":3,\"name\":\"Questions financi\u00e8res\",\"item\":\"https:\/\/www.ubishops.ca\/fr\/futurs-etudiants\/questions-financieres\/\"},{\"@type\":\"ListItem\",\"position\":4,\"name\":\"Bourses d\u2019\u00e9tudes, prix et autres bourses\",\"item\":\"https:\/\/www.ubishops.ca\/fr\/futurs-etudiants\/questions-financieres\/concours-de-bourses-prix-et-autres-bourses\/\"},{\"@type\":\"ListItem\",\"position\":5,\"name\":\"Bourses d\u2019excellence Michael Goldbloom\"}]},{\"@type\":\"WebSite\",\"@id\":\"https:\/\/www.ubishops.ca\/#website\",\"url\":\"https:\/\/www.ubishops.ca\/\",\"name\":\"Bishop&#039;s University\",\"description\":\"\",\"potentialAction\":[{\"@type\":\"SearchAction\",\"target\":{\"@type\":\"EntryPoint\",\"urlTemplate\":\"https:\/\/www.ubishops.ca\/?s={search_term_string}\"},\"query-input\":{\"@type\":\"PropertyValueSpecification\",\"valueRequired\":true,\"valueName\":\"search_term_string\"}}],\"inLanguage\":\"fr-FR\"}]}<\/script>\n<!-- \/ Yoast SEO plugin. -->","yoast_head_json":{"title":"Bourses d\u2019excellence Michael Goldbloom - Bishop&#039;s University","robots":{"index":"index","follow":"follow","max-snippet":"max-snippet:-1","max-image-preview":"max-image-preview:large","max-video-preview":"max-video-preview:-1"},"canonical":"https:\/\/www.ubishops.ca\/fr\/futurs-etudiants\/questions-financieres\/concours-de-bourses-prix-et-autres-bourses\/bourses-excellence-michael-goldbloom\/","og_locale":"fr_FR","og_type":"article","og_title":"Bourses d\u2019excellence Michael Goldbloom - Bishop&#039;s University","og_description":"Comme c\u2019est le cas depuis des g\u00e9n\u00e9rations, l\u2019Universit\u00e9 Bishop\u2019s continue d\u2019attirer des \u00e9tudiantes et \u00e9tudiants exceptionnels au parcours impressionnant. Ils contribuent de fa\u00e7on importante \u00e0 la vie intellectuelle et sociale de l\u2019universit\u00e9, et en retour, leur exp\u00e9rience \u00e0 Bishop\u2019s leur apporte des avantages consid\u00e9rables pour leur avenir. En plus d\u2019avoir un impact positif sur leurs...","og_url":"https:\/\/www.ubishops.ca\/fr\/futurs-etudiants\/questions-financieres\/concours-de-bourses-prix-et-autres-bourses\/bourses-excellence-michael-goldbloom\/","og_site_name":"Bishop&#039;s University","article_publisher":"https:\/\/www.facebook.com\/ubishops","article_modified_time":"2025-12-17T16:12:30+00:00","twitter_card":"summary_large_image","twitter_site":"@ubishops","twitter_misc":{"Dur\u00e9e de lecture estim\u00e9e":"4 minutes"},"schema":{"@context":"https:\/\/schema.org","@graph":[{"@type":"WebPage","@id":"https:\/\/www.ubishops.ca\/fr\/futurs-etudiants\/questions-financieres\/concours-de-bourses-prix-et-autres-bourses\/bourses-excellence-michael-goldbloom\/","url":"https:\/\/www.ubishops.ca\/fr\/futurs-etudiants\/questions-financieres\/concours-de-bourses-prix-et-autres-bourses\/bourses-excellence-michael-goldbloom\/","name":"Bourses d\u2019excellence Michael Goldbloom - Bishop&#039;s University","isPartOf":{"@id":"https:\/\/www.ubishops.ca\/#website"},"datePublished":"2017-09-19T15:45:59+00:00","dateModified":"2025-12-17T16:12:30+00:00","breadcrumb":{"@id":"https:\/\/www.ubishops.ca\/fr\/futurs-etudiants\/questions-financieres\/concours-de-bourses-prix-et-autres-bourses\/bourses-excellence-michael-goldbloom\/#breadcrumb"},"inLanguage":"fr-FR","potentialAction":[{"@type":"ReadAction","target":["https:\/\/www.ubishops.ca\/fr\/futurs-etudiants\/questions-financieres\/concours-de-bourses-prix-et-autres-bourses\/bourses-excellence-michael-goldbloom\/"]}]},{"@type":"BreadcrumbList","@id":"https:\/\/www.ubishops.ca\/fr\/futurs-etudiants\/questions-financieres\/concours-de-bourses-prix-et-autres-bourses\/bourses-excellence-michael-goldbloom\/#breadcrumb","itemListElement":[{"@type":"ListItem","position":1,"name":"Accueil","item":"https:\/\/www.ubishops.ca\/fr\/"},{"@type":"ListItem","position":2,"name":"Futurs \u00e9tudiants","item":"https:\/\/www.ubishops.ca\/fr\/futurs-etudiants\/"},{"@type":"ListItem","position":3,"name":"Questions financi\u00e8res","item":"https:\/\/www.ubishops.ca\/fr\/futurs-etudiants\/questions-financieres\/"},{"@type":"ListItem","position":4,"name":"Bourses d\u2019\u00e9tudes, prix et autres bourses","item":"https:\/\/www.ubishops.ca\/fr\/futurs-etudiants\/questions-financieres\/concours-de-bourses-prix-et-autres-bourses\/"},{"@type":"ListItem","position":5,"name":"Bourses d\u2019excellence Michael Goldbloom"}]},{"@type":"WebSite","@id":"https:\/\/www.ubishops.ca\/#website","url":"https:\/\/www.ubishops.ca\/","name":"Bishop&#039;s University","description":"","potentialAction":[{"@type":"SearchAction","target":{"@type":"EntryPoint","urlTemplate":"https:\/\/www.ubishops.ca\/?s={search_term_string}"},"query-input":{"@type":"PropertyValueSpecification","valueRequired":true,"valueName":"search_term_string"}}],"inLanguage":"fr-FR"}]}},"taxonomy_info":[],"featured_image_src_large":false,"author_info":{"display_name":"Julie Fradette","author_link":"https:\/\/www.ubishops.ca\/fr\/author\/jfradett\/"},"comment_info":0,"publishpress_future_action":{"enabled":false,"date":"2026-04-15 11:19:47","action":"change-status","newStatus":"draft","terms":[],"taxonomy":"translation_priority","extraData":[]},"publishpress_future_workflow_manual_trigger":{"enabledWorkflows":[]},"_links":{"self":[{"href":"https:\/\/www.ubishops.ca\/fr\/wp-json\/wp\/v2\/pages\/113712","targetHints":{"allow":["GET"]}}],"collection":[{"href":"https:\/\/www.ubishops.ca\/fr\/wp-json\/wp\/v2\/pages"}],"about":[{"href":"https:\/\/www.ubishops.ca\/fr\/wp-json\/wp\/v2\/types\/page"}],"author":[{"embeddable":true,"href":"https:\/\/www.ubishops.ca\/fr\/wp-json\/wp\/v2\/users\/49"}],"replies":[{"embeddable":true,"href":"https:\/\/www.ubishops.ca\/fr\/wp-json\/wp\/v2\/comments?post=113712"}],"version-history":[{"count":10,"href":"https:\/\/www.ubishops.ca\/fr\/wp-json\/wp\/v2\/pages\/113712\/revisions"}],"predecessor-version":[{"id":129669,"href":"https:\/\/www.ubishops.ca\/fr\/wp-json\/wp\/v2\/pages\/113712\/revisions\/129669"}],"up":[{"embeddable":true,"href":"https:\/\/www.ubishops.ca\/fr\/wp-json\/wp\/v2\/pages\/10814"}],"wp:attachment":[{"href":"https:\/\/www.ubishops.ca\/fr\/wp-json\/wp\/v2\/media?parent=113712"}],"curies":[{"name":"wp","href":"https:\/\/api.w.org\/{rel}","templated":true}]}}