{"id":113709,"date":"2016-08-24T14:10:03","date_gmt":"2016-08-24T18:10:03","guid":{"rendered":"https:\/\/www.ubishops.ca\/mcconnell-student-opportunity-fund\/"},"modified":"2026-01-26T15:33:48","modified_gmt":"2026-01-26T20:33:48","slug":"fonds-etudiants-mcconnell","status":"publish","type":"page","link":"https:\/\/www.ubishops.ca\/fr\/futurs-etudiants\/questions-financieres\/concours-de-bourses-prix-et-autres-bourses\/fonds-pour-les-initiatives-et-les-projets\/fonds-etudiants-mcconnell\/","title":{"rendered":"Fonds pour les initiatives et les projets des \u00e9tudiants McConnell"},"content":{"rendered":"\n<h2 class=\"wp-block-heading\" id=\"statement-of-objectives\">Objectifs<\/h2>\n\n\n\n<p>Le Fonds pour les initiatives et les projets des \u00e9tudiants McConnell repr\u00e9sente une g\u00e9n\u00e9reuse dotation issue de la Fondation McConnell dans le cadre de sa contribution \u00e0 la campagne <em>Partners in Learning<\/em> de Bishop\u2019s.<\/p>\n\n\n\n<p>L\u2019objectif principal de ce fonds est d\u2019encourager les projets mis sur pied par des \u00e9tudiants qui stimulent l\u2019innovation, l\u2019initiative et l\u2019ind\u00e9pendance chez les \u00e9tudiants de premier cycle en leur offrant un soutien financier pour poursuivre des activit\u00e9s de recherche appliqu\u00e9e et, plus particuli\u00e8rement, acqu\u00e9rir des exp\u00e9riences pertinentes pour leur avenir professionnel. Les sommes octroy\u00e9es visent \u00e0 faciliter le d\u00e9veloppement de nouvelles exp\u00e9riences ou \u00e0 optimiser les acquis th\u00e9oriques et pratiques en compl\u00e9mentarit\u00e9 des programmes universitaires. <strong>Le fonds n\u2019a cependant pas pour but de servir \u00e0 couvrir les d\u00e9penses associ\u00e9es \u00e0 des cr\u00e9dits de cours.<\/strong> Les initiatives d\u2019\u00e9tudiants qui peuvent \u00eatre admissibles comprennent, par exemple, des forums sur les opportunit\u00e9s universitaires ou professionnelles, des conf\u00e9rences sur invitation, des occasions de stage, des \u00e9changes culturels ou du b\u00e9n\u00e9volat; autrement dit, des activit\u00e9s qui nourrissent l\u2019acquisition de nouvelles connaissances et aptitudes.<\/p>\n\n\n\n<p>Les projets s\u00e9lectionn\u00e9s donnent droit \u00e0 un maximum de 2\u202f200\u202f$.<\/p>\n\n\n\n<h2 class=\"wp-block-heading\" id=\"eligibility\">Admissibilit\u00e9<\/h2>\n\n\n\n<p>Les projets individuels et les projets de groupes officiels ou informels sont tous encourag\u00e9s. Les demandeuses et demandeurs doivent \u00e9tudier \u00e0 temps plein au premier cycle \u00e0 l\u2019Universit\u00e9 Bishop\u2019s pour l\u2019ann\u00e9e universitaire 2025-2026 compl\u00e8te. Une moyenne cumulative minimale de 70\u202f% est exig\u00e9e.<\/p>\n\n\n\n<p><strong>Tous les projets doivent \u00eatre termin\u00e9s avant le 30\u202fjuin\u202f2026.<\/strong> Les \u00e9tudiantes et \u00e9tudiants en voie d\u2019obtenir leur dipl\u00f4me doivent rigoureusement respecter cette \u00e9ch\u00e9ance. Cela dit, le comit\u00e9 d\u2019\u00e9valuation du Fonds pour les initiatives et les projets des \u00e9tudiants McConnell reconna\u00eet que certains projets doivent s\u2019\u00e9tendre sur une plus longue p\u00e9riode. Une approbation sur deux\u202fann\u00e9es budg\u00e9taires est alors n\u00e9cessaire pour de tels projets pour les demandeuses et demandeurs qui n\u2019en sont pas \u00e0 leur derni\u00e8re ann\u00e9e d\u2019\u00e9tudes de premier cycle. Dans tous les cas, le comit\u00e9 d\u00e9cisionnaire du Fonds pour les initiatives et les projets des \u00e9tudiants McConnell doit recevoir un rapport final portant sur les r\u00e9sultats du projet. \u00c0 moins de circonstances exceptionnelles, un projet qui repr\u00e9sente une r\u00e9p\u00e9tition du projet de l\u2019ann\u00e9e pr\u00e9c\u00e9dente sera rejet\u00e9.<\/p>\n\n\n\n<p>Les demandes touchant des projets qui impliquent des exigences de d\u00e9placement importantes pour une seule ou plusieurs personnes (p.\u202fex.\u202f: \u00e9change culturel \u00e0 l\u2019\u00e9tranger, b\u00e9n\u00e9volat dans un domaine m\u00e9dical ou autre dans un pays en voie de d\u00e9veloppement, occasions de recherche dans une station d\u2019exp\u00e9rimentation, etc.) sont encourag\u00e9es, mais le financement octroy\u00e9 sera n\u00e9anmoins limit\u00e9 \u00e0 2\u202f000\u202f$ pour l\u2019ensemble du projet.<\/p>\n\n\n\n<h2 class=\"wp-block-heading\" id=\"application-procedure\">Processus de demande<\/h2>\n\n\n\n<p>Le formulaire de demande comporte deux\u202fparties\u202f:<\/p>\n\n\n\n<p id=\"1-project-definition-and-documentation\"><strong>1) D\u00e9finition du projet et documentation<\/strong><\/p>\n\n\n\n<ul class=\"wp-block-list\">\n<li>un \u00e9nonc\u00e9 des objectifs;<\/li>\n\n\n\n<li>une description du projet, soulignant son caract\u00e8re innovant;<\/li>\n\n\n\n<li>une m\u00e9thodologie associ\u00e9e aux objectifs;<\/li>\n\n\n\n<li>un \u00e9ch\u00e9ancier d\u00e9taill\u00e9 de sa r\u00e9alisation;<\/li>\n\n\n\n<li>une projection de la valeur potentielle de l\u2019activit\u00e9 pour la ou les personnes impliqu\u00e9es;<\/li>\n\n\n\n<li>deux\u202flettres de recommandation, dont au moins une r\u00e9dig\u00e9e par un membre du corps professoral de Bishop\u2019s; et<\/li>\n\n\n\n<li>un c.v. \u00e0 jour pour chaque demandeuse et demandeur ou pour chaque coordonnatrice et coordonnateur du projet.<\/li>\n<\/ul>\n\n\n\n<p id=\"2-detailed-budget-proposal\"><strong>2) Proposition de budget d\u00e9taill\u00e9e<\/strong><\/p>\n\n\n\n<p>Le budget doit \u00eatre raisonnable et proportionnel au projet. Il doit \u00eatre pr\u00e9sent\u00e9 en d\u00e9tail et chaque \u00e9l\u00e9ment doit \u00eatre justifi\u00e9. Il n\u2019y a pas de restrictions particuli\u00e8res sur les cat\u00e9gories outre la recommandation g\u00e9n\u00e9rale que les \u00e9quipements requis soient lou\u00e9s plut\u00f4t qu\u2019achet\u00e9s. Le paiement de salaires est cependant interdit. Les demandes accept\u00e9es pour des projets qui impliquent des exigences de d\u00e9placement importantes pour une seule ou plusieurs personnes sont limit\u00e9es \u00e0 un financement de 2\u202f000\u202f$ pour l\u2019ensemble du projet. Communique avec la vice-principale aux affaires \u00e9tudiantes, la doyenne ou le doyen de ton programme ou le bureau des bourses pour obtenir plus d\u2019informations sur les autres sources potentielles de financement.<\/p>\n\n\n\n<h3 class=\"wp-block-heading\" id=\"how-to-apply\">Pour soumettre une demande<\/h3>\n\n\n\n<p>Soumets ta demande en utilisant le <a href=\"https:\/\/www.ubishops.ca\/future-students\/fees-and-funding\/scholarships-awards-bursaries\/opportunity-funds\/mcconnell-student-opportunity-fund\/application-mcconnell-student-opportunity-fund\/\">formulaire en ligne<\/a>.<br><strong>Les demandes incompl\u00e8tes ne seront pas \u00e9tudi\u00e9es par le comit\u00e9.<\/strong><\/p>\n\n\n\n<p><strong>Date limite\u202f: 31 janvier 2026.<\/strong><\/p>\n\n\n\n<p><a href=\"https:\/\/www.ubishops.ca\/future-students\/fees-and-funding\/scholarships-awards-bursaries\/opportunity-funds\/mcconnell-student-opportunity-fund\/application-mcconnell-student-opportunity-fund\/\">Formulaire de demande en ligne pour le Fonds McConnell<\/a><\/p>\n\n\n\n<p>Pour toutes questions au sujet de ce fonds, communique directement avec Kyle S.\u202fPye\u202f: <a href=\"&#109;&#x61;&#105;&#x6c;&#116;&#x6f;:&#x6b;p&#x79;e&#64;&#x75;&#98;&#x69;&#115;&#x68;&#111;&#x70;s&#x2e;c&#x61;\">kp&#121;&#101;&#64;&#x75;&#x62;&#x69;&#x73;ho&#112;&#115;&#46;&#x63;&#x61;<\/a>.<\/p>\n\n\n\n<h2 class=\"wp-block-heading\" id=\"adjudication\">D\u00e9cision<\/h2>\n\n\n\n<p>Les d\u00e9cisions concernant les demandes rel\u00e8vent du comit\u00e9 d\u2019\u00e9valuation du Fonds pour les initiatives et les projets des \u00e9tudiants McConnell. Ce comit\u00e9 applique un processus de s\u00e9lection ouvert, comp\u00e9titif et objectif. Il est compos\u00e9 de cinq\u202fmembres ayant droit de vote\u202f: trois\u202f\u00e9tudiant(e)s (que le SRC est responsable de nommer) et deux\u202fprofesseur(e)s. Ces membres repr\u00e9sentent chacune des divisions et \u00e9coles de Bishop\u2019s. Un sixi\u00e8me membre sans droit de vote est nomm\u00e9 par la doyenne ou le doyen de la Facult\u00e9 des arts et des sciences. La vice-principale aux affaires \u00e9tudiantes si\u00e8ge \u00e9galement sur ce comit\u00e9 \u00e0 titre de conseill\u00e8re.<\/p>\n\n\n\n<p>Les projets sont \u00e9valu\u00e9s en fonction des crit\u00e8res suivants\u202f:<\/p>\n\n\n\n<ul class=\"wp-block-list\">\n<li>Originalit\u00e9 du projet et de ses objectifs, et niveau d\u2019innovation<\/li>\n\n\n\n<li>Clart\u00e9 de la description du projet<\/li>\n\n\n\n<li>Valeur perceptible du projet pour la, le ou les demandeurs<\/li>\n\n\n\n<li>Pertinence de la m\u00e9thode<\/li>\n\n\n\n<li>Viabilit\u00e9 de l\u2019\u00e9ch\u00e9ancier et du budget<\/li>\n\n\n\n<li>Probabilit\u00e9 que le projet soit men\u00e9 \u00e0 terme<\/li>\n<\/ul>\n\n\n\n<p>Le comit\u00e9 d\u2019\u00e9valuation se r\u00e9serve le droit d\u2019exiger une pr\u00e9sentation du projet en personne.<\/p>\n\n\n\n<h2 class=\"wp-block-heading\" id=\"conditions-of-awards\">Conditions d\u2019octroi du financement<\/h2>\n\n\n\n<p>Le montant accord\u00e9 repr\u00e9sente les d\u00e9penses maximales autoris\u00e9es qui peuvent \u00eatre pay\u00e9es par le fonds pour le projet en question. Tous les co\u00fbts exc\u00e9dentaires seront aux frais des b\u00e9n\u00e9ficiaires du financement. L\u2019\u00e9ch\u00e9ancier indiqu\u00e9 dans la proposition de projet et approuv\u00e9 par le comit\u00e9 ne peut \u00eatre modifi\u00e9.<\/p>\n\n\n\n<ul class=\"wp-block-list\">\n<li>Le montant accord\u00e9 ne peut servir \u00e0 financer une collecte de fonds.<\/li>\n\n\n\n<li>Le montant accord\u00e9 ne peut servir \u00e0 cr\u00e9er de nouveaux emplois.<\/li>\n\n\n\n<li>Le montant accord\u00e9 ne peut servir \u00e0 payer des d\u00e9penses personnelles.<\/li>\n<\/ul>\n\n\n\n<p>Toutes les d\u00e9penses doivent \u00eatre attest\u00e9es par des factures ou re\u00e7us originaux, soumis \u00e0\u202f:<\/p>\n\n\n\n<p><strong>Bureau du doyen de la Facult\u00e9 des sciences sociales<\/strong><br>Courriel\u202f: <a href=\"&#x6d;&#97;&#x69;&#108;t&#x6f;&#58;h&#x75;&#109;&#x61;&#x6e;i&#x74;&#105;e&#x73;&#100;&#x65;&#x61;n&#x40;&#117;b&#x69;&#115;h&#x6f;&#112;&#x73;&#46;c&#x61;\" target=\"_blank\" rel=\"noreferrer noopener\">&#x68;u&#x6d;&#97;&#x6e;&#105;&#x74;&#x69;e&#x73;&#100;&#x65;&#97;&#x6e;&#64;u&#x62;&#105;&#x73;&#104;&#x6f;&#112;s&#x2e;&#99;&#x61;<\/a><\/p>\n\n\n\n<p><a href=\"https:\/\/www.ubishops.ca\/bu-directory\/\" target=\"_blank\" rel=\"noreferrer noopener\">Consulte l\u2019annuaire de Bishop\u2019s pour les coordonn\u00e9es compl\u00e8tes.<\/a><\/p>\n\n\n\n<p>Les projets qui impliquent des personnes participantes doivent respecter le Cadre de r\u00e9f\u00e9rence sur la conduite responsable de la recherche \u00e9tabli par les trois organismes f\u00e9d\u00e9raux subventionnaires de la recherche, \u00e0 savoir les Instituts de recherche en sant\u00e9 du Canada (IRSC), le Conseil de recherches en sciences naturelles et en g\u00e9nie du Canada (CRSNG) et le Conseil de recherches en sciences humaines du Canada (CRSH). De m\u00eame, tout projet qui implique la participation d\u2019animaux doit respecter le cadre \u00e9tabli par le Conseil canadien de protection des animaux (CCPA). Des pr\u00e9cisions sur ces exigences peuvent \u00eatre obtenues aupr\u00e8s des pr\u00e9sidentes ou pr\u00e9sidents du Comit\u00e9 d\u2019\u00e9thique de la recherche avec des \u00eatres humains ou du Comit\u00e9 de protection des animaux de Bishop\u2019s, respectivement. Aucune somme ne sera vers\u00e9e tant que le comit\u00e9 appropri\u00e9 n\u2019aura pas donn\u00e9 son accord.<\/p>\n\n\n\n<p>Les demandeuses et demandeurs recevront une lettre officielle du comit\u00e9 d\u2019\u00e9valuation faisant \u00e9tat de sa d\u00e9cision au terme du processus.<\/p>\n\n\n\n<h2 class=\"wp-block-heading\" id=\"reporting\">Rapport<\/h2>\n\n\n\n<p>Les b\u00e9n\u00e9ficiaires d\u2019un financement devront soumettre un rapport complet au comit\u00e9 d\u2019\u00e9valuation du Fonds pour les initiatives et les projets des \u00e9tudiants McConnell qui d\u00e9crit la r\u00e9ussite globale du projet et les r\u00e9sultats quant \u00e0 la valeur attendue du projet. Ce rapport doit comprendre un \u00e9tat de compte d\u00e9taill\u00e9 et \u00eatre soumis dans les quatre\u202fsemaines suivant la fin du projet. Des rapports p\u00e9riodiques pourraient \u00eatre exig\u00e9s pour les projets \u00e0 moyen ou long terme.<\/p>\n\n\n\n<p>Les b\u00e9n\u00e9ficiaires doivent reconna\u00eetre le soutien du Fonds pour les initiatives et les projets des \u00e9tudiants McConnell dans leur projet.<\/p>\n","protected":false},"excerpt":{"rendered":"<p>Objectifs Le Fonds pour les initiatives et les projets des \u00e9tudiants McConnell repr\u00e9sente une g\u00e9n\u00e9reuse dotation issue de la Fondation McConnell dans le cadre de sa contribution \u00e0 la campagne Partners in Learning de Bishop\u2019s. L\u2019objectif principal de ce fonds est d\u2019encourager les projets mis sur pied par des \u00e9tudiants qui stimulent l\u2019innovation, l\u2019initiative et&#8230;<\/p>\n","protected":false},"author":49,"featured_media":0,"parent":114015,"menu_order":169,"comment_status":"closed","ping_status":"closed","template":"","meta":{"_acf_changed":false,"_cbd_carousel_blocks":"[]","_kad_blocks_custom_css":"","_kad_blocks_head_custom_js":"","_kad_blocks_body_custom_js":"","_kad_blocks_footer_custom_js":"","_kad_post_transparent":"","_kad_post_title":"","_kad_post_layout":"","_kad_post_sidebar_id":"","_kad_post_content_style":"","_kad_post_vertical_padding":"","_kad_post_feature":"","_kad_post_feature_position":"","_kad_post_header":false,"_kad_post_footer":false,"_kad_post_classname":"","footnotes":""},"class_list":["post-113709","page","type-page","status-publish","hentry"],"acf":[],"yoast_head":"<!-- This site is optimized with the Yoast SEO plugin v27.2 - https:\/\/yoast.com\/product\/yoast-seo-wordpress\/ -->\n<title>Fonds pour les initiatives et les projets des \u00e9tudiants McConnell - Bishop&#039;s University<\/title>\n<meta name=\"description\" content=\"The McConnell Student Opportunity Fund supports student-initiated projects. Funds are intended to enhance intellectual and practical skills.\" \/>\n<meta name=\"robots\" content=\"index, follow, max-snippet:-1, max-image-preview:large, max-video-preview:-1\" \/>\n<link rel=\"canonical\" href=\"https:\/\/www.ubishops.ca\/fr\/futurs-etudiants\/questions-financieres\/concours-de-bourses-prix-et-autres-bourses\/fonds-pour-les-initiatives-et-les-projets\/fonds-etudiants-mcconnell\/\" \/>\n<meta property=\"og:locale\" content=\"fr_FR\" \/>\n<meta property=\"og:type\" content=\"article\" \/>\n<meta property=\"og:title\" content=\"Fonds pour les initiatives et les projets des \u00e9tudiants McConnell - Bishop&#039;s University\" \/>\n<meta property=\"og:description\" content=\"The McConnell Student Opportunity Fund supports student-initiated projects. Funds are intended to enhance intellectual and practical skills.\" \/>\n<meta property=\"og:url\" content=\"https:\/\/www.ubishops.ca\/fr\/futurs-etudiants\/questions-financieres\/concours-de-bourses-prix-et-autres-bourses\/fonds-pour-les-initiatives-et-les-projets\/fonds-etudiants-mcconnell\/\" \/>\n<meta property=\"og:site_name\" content=\"Bishop&#039;s University\" \/>\n<meta property=\"article:publisher\" content=\"https:\/\/www.facebook.com\/ubishops\" \/>\n<meta property=\"article:modified_time\" content=\"2026-01-26T20:33:48+00:00\" \/>\n<meta name=\"twitter:card\" content=\"summary_large_image\" \/>\n<meta name=\"twitter:site\" content=\"@ubishops\" \/>\n<meta name=\"twitter:label1\" content=\"Dur\u00e9e de lecture estim\u00e9e\" \/>\n\t<meta name=\"twitter:data1\" content=\"5 minutes\" \/>\n<script type=\"application\/ld+json\" class=\"yoast-schema-graph\">{\"@context\":\"https:\/\/schema.org\",\"@graph\":[{\"@type\":\"WebPage\",\"@id\":\"https:\/\/www.ubishops.ca\/fr\/futurs-etudiants\/questions-financieres\/concours-de-bourses-prix-et-autres-bourses\/fonds-pour-les-initiatives-et-les-projets\/fonds-etudiants-mcconnell\/\",\"url\":\"https:\/\/www.ubishops.ca\/fr\/futurs-etudiants\/questions-financieres\/concours-de-bourses-prix-et-autres-bourses\/fonds-pour-les-initiatives-et-les-projets\/fonds-etudiants-mcconnell\/\",\"name\":\"Fonds pour les initiatives et les projets des \u00e9tudiants McConnell - Bishop&#039;s University\",\"isPartOf\":{\"@id\":\"https:\/\/www.ubishops.ca\/#website\"},\"datePublished\":\"2016-08-24T18:10:03+00:00\",\"dateModified\":\"2026-01-26T20:33:48+00:00\",\"description\":\"The McConnell Student Opportunity Fund supports student-initiated projects. Funds are intended to enhance intellectual and practical skills.\",\"breadcrumb\":{\"@id\":\"https:\/\/www.ubishops.ca\/fr\/futurs-etudiants\/questions-financieres\/concours-de-bourses-prix-et-autres-bourses\/fonds-pour-les-initiatives-et-les-projets\/fonds-etudiants-mcconnell\/#breadcrumb\"},\"inLanguage\":\"fr-FR\",\"potentialAction\":[{\"@type\":\"ReadAction\",\"target\":[\"https:\/\/www.ubishops.ca\/fr\/futurs-etudiants\/questions-financieres\/concours-de-bourses-prix-et-autres-bourses\/fonds-pour-les-initiatives-et-les-projets\/fonds-etudiants-mcconnell\/\"]}]},{\"@type\":\"BreadcrumbList\",\"@id\":\"https:\/\/www.ubishops.ca\/fr\/futurs-etudiants\/questions-financieres\/concours-de-bourses-prix-et-autres-bourses\/fonds-pour-les-initiatives-et-les-projets\/fonds-etudiants-mcconnell\/#breadcrumb\",\"itemListElement\":[{\"@type\":\"ListItem\",\"position\":1,\"name\":\"Accueil\",\"item\":\"https:\/\/www.ubishops.ca\/fr\/\"},{\"@type\":\"ListItem\",\"position\":2,\"name\":\"Futurs \u00e9tudiants\",\"item\":\"https:\/\/www.ubishops.ca\/fr\/futurs-etudiants\/\"},{\"@type\":\"ListItem\",\"position\":3,\"name\":\"Questions financi\u00e8res\",\"item\":\"https:\/\/www.ubishops.ca\/fr\/futurs-etudiants\/questions-financieres\/\"},{\"@type\":\"ListItem\",\"position\":4,\"name\":\"Bourses d\u2019\u00e9tudes, prix et autres bourses\",\"item\":\"https:\/\/www.ubishops.ca\/fr\/futurs-etudiants\/questions-financieres\/concours-de-bourses-prix-et-autres-bourses\/\"},{\"@type\":\"ListItem\",\"position\":5,\"name\":\"Fonds pour les initiatives et les projets\",\"item\":\"https:\/\/www.ubishops.ca\/fr\/futurs-etudiants\/questions-financieres\/concours-de-bourses-prix-et-autres-bourses\/fonds-pour-les-initiatives-et-les-projets\/\"},{\"@type\":\"ListItem\",\"position\":6,\"name\":\"Fonds pour les initiatives et les projets des \u00e9tudiants McConnell\"}]},{\"@type\":\"WebSite\",\"@id\":\"https:\/\/www.ubishops.ca\/#website\",\"url\":\"https:\/\/www.ubishops.ca\/\",\"name\":\"Bishop&#039;s University\",\"description\":\"\",\"potentialAction\":[{\"@type\":\"SearchAction\",\"target\":{\"@type\":\"EntryPoint\",\"urlTemplate\":\"https:\/\/www.ubishops.ca\/?s={search_term_string}\"},\"query-input\":{\"@type\":\"PropertyValueSpecification\",\"valueRequired\":true,\"valueName\":\"search_term_string\"}}],\"inLanguage\":\"fr-FR\"}]}<\/script>\n<!-- \/ Yoast SEO plugin. -->","yoast_head_json":{"title":"Fonds pour les initiatives et les projets des \u00e9tudiants McConnell - Bishop&#039;s University","description":"The McConnell Student Opportunity Fund supports student-initiated projects. Funds are intended to enhance intellectual and practical skills.","robots":{"index":"index","follow":"follow","max-snippet":"max-snippet:-1","max-image-preview":"max-image-preview:large","max-video-preview":"max-video-preview:-1"},"canonical":"https:\/\/www.ubishops.ca\/fr\/futurs-etudiants\/questions-financieres\/concours-de-bourses-prix-et-autres-bourses\/fonds-pour-les-initiatives-et-les-projets\/fonds-etudiants-mcconnell\/","og_locale":"fr_FR","og_type":"article","og_title":"Fonds pour les initiatives et les projets des \u00e9tudiants McConnell - Bishop&#039;s University","og_description":"The McConnell Student Opportunity Fund supports student-initiated projects. Funds are intended to enhance intellectual and practical skills.","og_url":"https:\/\/www.ubishops.ca\/fr\/futurs-etudiants\/questions-financieres\/concours-de-bourses-prix-et-autres-bourses\/fonds-pour-les-initiatives-et-les-projets\/fonds-etudiants-mcconnell\/","og_site_name":"Bishop&#039;s University","article_publisher":"https:\/\/www.facebook.com\/ubishops","article_modified_time":"2026-01-26T20:33:48+00:00","twitter_card":"summary_large_image","twitter_site":"@ubishops","twitter_misc":{"Dur\u00e9e de lecture estim\u00e9e":"5 minutes"},"schema":{"@context":"https:\/\/schema.org","@graph":[{"@type":"WebPage","@id":"https:\/\/www.ubishops.ca\/fr\/futurs-etudiants\/questions-financieres\/concours-de-bourses-prix-et-autres-bourses\/fonds-pour-les-initiatives-et-les-projets\/fonds-etudiants-mcconnell\/","url":"https:\/\/www.ubishops.ca\/fr\/futurs-etudiants\/questions-financieres\/concours-de-bourses-prix-et-autres-bourses\/fonds-pour-les-initiatives-et-les-projets\/fonds-etudiants-mcconnell\/","name":"Fonds pour les initiatives et les projets des \u00e9tudiants McConnell - Bishop&#039;s University","isPartOf":{"@id":"https:\/\/www.ubishops.ca\/#website"},"datePublished":"2016-08-24T18:10:03+00:00","dateModified":"2026-01-26T20:33:48+00:00","description":"The McConnell Student Opportunity Fund supports student-initiated projects. Funds are intended to enhance intellectual and practical skills.","breadcrumb":{"@id":"https:\/\/www.ubishops.ca\/fr\/futurs-etudiants\/questions-financieres\/concours-de-bourses-prix-et-autres-bourses\/fonds-pour-les-initiatives-et-les-projets\/fonds-etudiants-mcconnell\/#breadcrumb"},"inLanguage":"fr-FR","potentialAction":[{"@type":"ReadAction","target":["https:\/\/www.ubishops.ca\/fr\/futurs-etudiants\/questions-financieres\/concours-de-bourses-prix-et-autres-bourses\/fonds-pour-les-initiatives-et-les-projets\/fonds-etudiants-mcconnell\/"]}]},{"@type":"BreadcrumbList","@id":"https:\/\/www.ubishops.ca\/fr\/futurs-etudiants\/questions-financieres\/concours-de-bourses-prix-et-autres-bourses\/fonds-pour-les-initiatives-et-les-projets\/fonds-etudiants-mcconnell\/#breadcrumb","itemListElement":[{"@type":"ListItem","position":1,"name":"Accueil","item":"https:\/\/www.ubishops.ca\/fr\/"},{"@type":"ListItem","position":2,"name":"Futurs \u00e9tudiants","item":"https:\/\/www.ubishops.ca\/fr\/futurs-etudiants\/"},{"@type":"ListItem","position":3,"name":"Questions financi\u00e8res","item":"https:\/\/www.ubishops.ca\/fr\/futurs-etudiants\/questions-financieres\/"},{"@type":"ListItem","position":4,"name":"Bourses d\u2019\u00e9tudes, prix et autres bourses","item":"https:\/\/www.ubishops.ca\/fr\/futurs-etudiants\/questions-financieres\/concours-de-bourses-prix-et-autres-bourses\/"},{"@type":"ListItem","position":5,"name":"Fonds pour les initiatives et les projets","item":"https:\/\/www.ubishops.ca\/fr\/futurs-etudiants\/questions-financieres\/concours-de-bourses-prix-et-autres-bourses\/fonds-pour-les-initiatives-et-les-projets\/"},{"@type":"ListItem","position":6,"name":"Fonds pour les initiatives et les projets des \u00e9tudiants McConnell"}]},{"@type":"WebSite","@id":"https:\/\/www.ubishops.ca\/#website","url":"https:\/\/www.ubishops.ca\/","name":"Bishop&#039;s University","description":"","potentialAction":[{"@type":"SearchAction","target":{"@type":"EntryPoint","urlTemplate":"https:\/\/www.ubishops.ca\/?s={search_term_string}"},"query-input":{"@type":"PropertyValueSpecification","valueRequired":true,"valueName":"search_term_string"}}],"inLanguage":"fr-FR"}]}},"taxonomy_info":[],"featured_image_src_large":false,"author_info":{"display_name":"Julie Fradette","author_link":"https:\/\/www.ubishops.ca\/fr\/author\/jfradett\/"},"comment_info":0,"publishpress_future_action":{"enabled":false,"date":"2026-04-15 13:03:53","action":"change-status","newStatus":"draft","terms":[],"taxonomy":"translation_priority","extraData":[]},"publishpress_future_workflow_manual_trigger":{"enabledWorkflows":[]},"_links":{"self":[{"href":"https:\/\/www.ubishops.ca\/fr\/wp-json\/wp\/v2\/pages\/113709","targetHints":{"allow":["GET"]}}],"collection":[{"href":"https:\/\/www.ubishops.ca\/fr\/wp-json\/wp\/v2\/pages"}],"about":[{"href":"https:\/\/www.ubishops.ca\/fr\/wp-json\/wp\/v2\/types\/page"}],"author":[{"embeddable":true,"href":"https:\/\/www.ubishops.ca\/fr\/wp-json\/wp\/v2\/users\/49"}],"replies":[{"embeddable":true,"href":"https:\/\/www.ubishops.ca\/fr\/wp-json\/wp\/v2\/comments?post=113709"}],"version-history":[{"count":3,"href":"https:\/\/www.ubishops.ca\/fr\/wp-json\/wp\/v2\/pages\/113709\/revisions"}],"predecessor-version":[{"id":130095,"href":"https:\/\/www.ubishops.ca\/fr\/wp-json\/wp\/v2\/pages\/113709\/revisions\/130095"}],"up":[{"embeddable":true,"href":"https:\/\/www.ubishops.ca\/fr\/wp-json\/wp\/v2\/pages\/114015"}],"wp:attachment":[{"href":"https:\/\/www.ubishops.ca\/fr\/wp-json\/wp\/v2\/media?parent=113709"}],"curies":[{"name":"wp","href":"https:\/\/api.w.org\/{rel}","templated":true}]}}