{"id":113697,"date":"2016-07-27T15:07:38","date_gmt":"2016-07-27T19:07:38","guid":{"rendered":"https:\/\/www.ubishops.ca\/futurs-etudiants\/processus-dadmission\/admission-requirements\/mature-students\/"},"modified":"2025-07-21T15:52:04","modified_gmt":"2025-07-21T19:52:04","slug":"etudiants-adultes","status":"publish","type":"page","link":"https:\/\/www.ubishops.ca\/fr\/futurs-etudiants\/processus-dadmission\/admission-requirements\/etudiants-adultes\/","title":{"rendered":"\u00c9tudiants adultes"},"content":{"rendered":"\n<p>Tu es un \u00e9tudiant adulte aux fins de l\u2019admission si\u202f:<\/p>\n\n\n\n<ul class=\"wp-block-list\">\n<li>tu as ou tu auras 21\u202fans au 1er\u202fseptembre (admission au trimestre d\u2019automne) ou au 1er\u202fjanvier (admission au trimestre d\u2019hiver); et<\/li>\n\n\n\n<li>tu n\u2019as pas suivi d\u2019\u00e9tudes \u00e0 temps plein dans un c\u00e9gep (\u00e9tudiants du Qu\u00e9bec), une \u00e9cole secondaire ou un \u00e9tablissement coll\u00e9gial (\u00e9tudiants hors province) depuis au moins deux ann\u00e9es acad\u00e9miques (cons\u00e9cutif ou non-cons\u00e9cutif).<\/li>\n<\/ul>\n\n\n\n<p><em>Remarque : si vous avez suivi des \u00e9tudes universitaires, vous devez avoir au moins cinq ann\u00e9es d&rsquo;interruption (cons\u00e9cutives ou non-cons\u00e9cutif) depuis vos \u00e9tudes \u00e0 temps plein pour \u00eatre admissible \u00e0 l&rsquo;admission en tant qu&rsquo;\u00e9tudiant adulte. Consultez la section <a href=\"https:\/\/www.ubishops.ca\/fr\/futurs-etudiants\/processus-dadmission\/admission-requirements\/etudiants-provenant-autre-universite\/\">\u00c9tudiants provenant d\u2019une autre universit\u00e9<\/a> pour plus d&rsquo;informations sur les conditions d&rsquo;admission des \u00e9tudiants transf\u00e9r\u00e9s.<\/em><\/p>\n\n\n\n<div class=\"wp-block-buttons is-layout-flex wp-block-buttons-is-layout-flex\">\n<div class=\"wp-block-button is-style-fill\"><a class=\"wp-block-button__link has-purple-background-color has-background wp-element-button\" href=\"https:\/\/www.ubishops.ca\/fr\/futurs-etudiants\/bishops-university-online-application\/\">Inscris-toi<\/a><\/div>\n<\/div>\n\n\n\n<h2 class=\"wp-block-heading\">Crit\u00e8res d\u2019admission g\u00e9n\u00e9raux<\/h2>\n\n\n\n<p>Tu dois d\u00e9montrer \u00e0 l\u2019Universit\u00e9 que tu as le potentiel pour r\u00e9ussir un programme de premier cycle universitaire, notamment\u202f:<\/p>\n\n\n\n<ul class=\"wp-block-list\">\n<li>en r\u00e9ussissant au moins trois cours de niveau universitaire dans un m\u00eame trimestre en \u00e9tudiant \u00e0 temps partiel; et\/ou<\/li>\n\n\n\n<li>en soumettant ton parcours scolaire \u00e0 un examen; et\/ou<\/li>\n\n\n\n<li>en pr\u00e9sentant une exp\u00e9rience professionnelle impliquant des responsabilit\u00e9s croissantes.<\/li>\n<\/ul>\n\n\n\n<p>Les dossiers des \u00e9tudiants adultes sont \u00e9valu\u00e9s au cas par cas. Si tu souhaites obtenir des pr\u00e9cisions en fonction de ta situation particuli\u00e8re, communique avec le bureau des admissions au 819\u202f822-9600 poste 2680 ou \u00e0 <a href=\"&#x6d;&#97;i&#x6c;&#x74;&#111;:&#x61;&#100;m&#x69;&#x73;&#115;i&#x6f;&#110;s&#x40;&#x75;&#98;i&#x73;&#x68;&#111;&#x70;&#x73;&#46;c&#x61;\">&#x61;&#x64;&#109;i&#x73;&#x73;&#x69;&#111;n&#x73;&#x40;&#x75;&#98;i&#x73;&#x68;&#x6f;&#112;s&#x2e;&#x63;&#x61;<\/a>.<\/p>\n\n\n\n<h2 class=\"wp-block-heading\">Documents justificatifs requis<\/h2>\n\n\n\n<ul class=\"wp-block-list\">\n<li>Preuve d\u2019aptitudes linguistiques en anglais. Tous les candidats doivent soumettre une preuve qu\u2019ils ont une connaissance suffisante de l\u2019anglais. <a href=\"https:\/\/www.ubishops.ca\/future-students\/admission-process\/providing-proof-of-english-language-proficiency\/\">Consulte la page Exigences en mati\u00e8re de connaissance de l\u2019anglais<\/a> pour d\u00e9terminer quels documents suppl\u00e9mentaires tu devras fournir, si n\u00e9cessaire.<\/li>\n\n\n\n<li>Copie du plus r\u00e9cent relev\u00e9 de notes.<\/li>\n\n\n\n<li>Copie de ton CV.<\/li>\n\n\n\n<li>Lettre d\u2019intention qui r\u00e9pond de fa\u00e7on claire aux questions suivantes\u202f:\n<ul class=\"wp-block-list\">\n<li>Pourquoi, si tu re\u00e7ois une offre d\u2019admission, veux-tu t\u2019inscrire \u00e0 Bishop\u2019s dans le programme choisi?<\/li>\n\n\n\n<li>Quelles sont tes motivations \u00e0 entreprendre des \u00e9tudes universitaires \u00e0 ce moment-ci?<\/li>\n\n\n\n<li>En quoi tes exp\u00e9riences scolaires, personnelles ou professionnelles t\u2019ont-elles pr\u00e9par\u00e9(e) \u00e0 des \u00e9tudes universitaires?<\/li>\n<\/ul>\n<\/li>\n\n\n\n<li>Copies d\u2019une ou plusieurs pi\u00e8ces d\u2019identit\u00e9. <a href=\"https:\/\/www.ubishops.ca\/future-students\/admission-process\/personal-identification-documents\/\">Consulte la page Pi\u00e8ces d\u2019identit\u00e9<\/a> pour d\u00e9terminer quels documents tu devras fournir.<\/li>\n<\/ul>\n\n\n\n<h2 class=\"wp-block-heading\">Autres documents justificatifs\u202f: programmes particuliers<\/h2>\n\n\n\n<p>Les candidats aux programmes suivants du d\u00e9partement de musique doivent pr\u00e9senter une audition et une lettre exposant leur parcours musical. <a href=\"https:\/\/www.ubishops.ca\/wp-content\/uploads\/MusicApplicant_WebsiteInfo_Fall2013_Final-1.pdf\" target=\"_blank\" rel=\"noreferrer noopener\">Consulte la Fiche d\u2019informations sur l\u2019admission en musique<\/a> pour en savoir plus\u202f:<\/p>\n\n\n\n<ul class=\"wp-block-list\">\n<li>Baccalaur\u00e9at avec majeure en musique et culture<\/li>\n\n\n\n<li>Baccalaur\u00e9at avec majeure en interpr\u00e9tation musicale<\/li>\n\n\n\n<li>Baccalaur\u00e9at avec majeure en musique\u202f: Concentration th\u00e9\u00e2tre musical<\/li>\n\n\n\n<li>Baccalaur\u00e9at avec majeure en administration des arts\u202f: Concentration musique<\/li>\n\n\n\n<li>Baccalaur\u00e9at en \u00e9ducation, option enseignement et apprentissage des arts cr\u00e9atifs\u202f: Musique<\/li>\n<\/ul>\n\n\n\n<h2 class=\"wp-block-heading\">Soumission des documents<\/h2>\n\n\n\n<p>Tous les documents justificatifs peuvent \u00eatre t\u00e9l\u00e9vers\u00e9s sur notre syst\u00e8me en ligne au moment de la demande d\u2019admission ou sur le Portail des candidats myBU en utilisant l\u2019option \u00ab\u202fSoumettre les documents manquants\u202f\u00bb. Ils peuvent \u00e9galement \u00eatre transmis par courriel \u00e0 <a href=\"m&#97;&#x69;&#x6c;&#x74;o&#58;&#97;&#x64;&#x6d;i&#115;&#115;&#x69;&#x6f;ns&#64;&#x75;&#x62;&#x69;s&#104;&#x6f;&#x70;&#x73;&#46;&#99;&#97;\">&#x61;&#x64;&#x6d;&#x69;&#x73;&#x73;&#x69;&#x6f;&#x6e;&#x73;&#x40;&#x75;&#x62;&#x69;&#x73;&#x68;&#x6f;&#x70;&#x73;&#x2e;&#x63;&#x61;<\/a>.<\/p>\n\n\n\n<h2 class=\"wp-block-heading\" id=\"admission-timeline\">\u00c9ch\u00e9ancier d\u2019admission<\/h2>\n\n\n\n<p>Lorsque la p\u00e9riode d\u2019\u00e9valuation d\u00e9bute dans le cadre d\u2019un cycle d\u2019admission, les dossiers sont \u00e9valu\u00e9s au fur et \u00e0 mesure. Autrement dit, d\u00e8s la r\u00e9ception de tous les documents exig\u00e9s, le bureau proc\u00e9dera \u00e0 une \u00e9valuation initiale dans les dix\u202fjours ouvrables. (Exceptions\u202f: programmes de ma\u00eetrise, programmes en musique aussi \u00e9valu\u00e9s en fonction de l\u2019audition, et programmes contingent\u00e9s).<\/p>\n\n\n\n<h2 class=\"wp-block-heading\">Des questions?<\/h2>\n\n\n\n<p>N\u2019h\u00e9site pas \u00e0 communiquer avec le bureau des admissions par courriel \u00e0 <a href=\"&#109;&#x61;i&#108;&#x74;o&#58;&#x61;d&#109;&#x69;s&#115;&#x69;o&#110;&#x73;&#64;&#117;&#x62;i&#115;&#x68;o&#112;&#x73;&#46;&#99;&#x61;\">&#97;&#x64;m&#105;&#x73;s&#x69;&#x6f;&#110;&#x73;&#64;&#117;&#x62;i&#115;&#x68;&#111;&#x70;s&#46;&#x63;a<\/a> ou par t\u00e9l\u00e9phone au 819\u202f822-9600 poste\u202f2680.<\/p>\n\n\n\n<div class=\"wp-block-buttons is-layout-flex wp-block-buttons-is-layout-flex\">\n<div class=\"wp-block-button\"><a class=\"wp-block-button__link has-purple-background-color has-background wp-element-button\" href=\"https:\/\/www.ubishops.ca\/fr\/futurs-etudiants\/bishops-university-online-application\/\">Inscris-toi<\/a><\/div>\n<\/div>\n","protected":false},"excerpt":{"rendered":"<p>Tu es un \u00e9tudiant adulte aux fins de l\u2019admission si\u202f: Remarque : si vous avez suivi des \u00e9tudes universitaires, vous devez avoir au moins cinq ann\u00e9es d&rsquo;interruption (cons\u00e9cutives ou non-cons\u00e9cutif) depuis vos \u00e9tudes \u00e0 temps plein pour \u00eatre admissible \u00e0 l&rsquo;admission en tant qu&rsquo;\u00e9tudiant adulte. Consultez la section \u00c9tudiants provenant d\u2019une autre universit\u00e9 pour plus&#8230;<\/p>\n","protected":false},"author":49,"featured_media":0,"parent":80854,"menu_order":117,"comment_status":"closed","ping_status":"closed","template":"","meta":{"_acf_changed":false,"_cbd_carousel_blocks":"[]","_kad_blocks_custom_css":"","_kad_blocks_head_custom_js":"","_kad_blocks_body_custom_js":"","_kad_blocks_footer_custom_js":"","_kad_post_transparent":"","_kad_post_title":"","_kad_post_layout":"","_kad_post_sidebar_id":"","_kad_post_content_style":"","_kad_post_vertical_padding":"","_kad_post_feature":"","_kad_post_feature_position":"","_kad_post_header":false,"_kad_post_footer":false,"_kad_post_classname":"","footnotes":""},"class_list":["post-113697","page","type-page","status-publish","hentry"],"acf":[],"yoast_head":"<!-- This site is optimized with the Yoast SEO plugin v27.2 - https:\/\/yoast.com\/product\/yoast-seo-wordpress\/ -->\n<title>\u00c9tudiants adultes - Bishop&#039;s University<\/title>\n<meta name=\"robots\" content=\"index, follow, max-snippet:-1, max-image-preview:large, max-video-preview:-1\" \/>\n<link rel=\"canonical\" href=\"https:\/\/www.ubishops.ca\/fr\/futurs-etudiants\/processus-dadmission\/admission-requirements\/etudiants-adultes\/\" \/>\n<meta property=\"og:locale\" content=\"fr_FR\" \/>\n<meta property=\"og:type\" content=\"article\" \/>\n<meta property=\"og:title\" content=\"\u00c9tudiants adultes - Bishop&#039;s University\" \/>\n<meta property=\"og:description\" content=\"Tu es un \u00e9tudiant adulte aux fins de l\u2019admission si\u202f: Remarque : si vous avez suivi des \u00e9tudes universitaires, vous devez avoir au moins cinq ann\u00e9es d&rsquo;interruption (cons\u00e9cutives ou non-cons\u00e9cutif) depuis vos \u00e9tudes \u00e0 temps plein pour \u00eatre admissible \u00e0 l&rsquo;admission en tant qu&rsquo;\u00e9tudiant adulte. Consultez la section \u00c9tudiants provenant d\u2019une autre universit\u00e9 pour plus...\" \/>\n<meta property=\"og:url\" content=\"https:\/\/www.ubishops.ca\/fr\/futurs-etudiants\/processus-dadmission\/admission-requirements\/etudiants-adultes\/\" \/>\n<meta property=\"og:site_name\" content=\"Bishop&#039;s University\" \/>\n<meta property=\"article:publisher\" content=\"https:\/\/www.facebook.com\/ubishops\" \/>\n<meta property=\"article:modified_time\" content=\"2025-07-21T19:52:04+00:00\" \/>\n<meta name=\"twitter:card\" content=\"summary_large_image\" \/>\n<meta name=\"twitter:site\" content=\"@ubishops\" \/>\n<meta name=\"twitter:label1\" content=\"Dur\u00e9e de lecture estim\u00e9e\" \/>\n\t<meta name=\"twitter:data1\" content=\"2 minutes\" \/>\n<script type=\"application\/ld+json\" class=\"yoast-schema-graph\">{\"@context\":\"https:\/\/schema.org\",\"@graph\":[{\"@type\":\"WebPage\",\"@id\":\"https:\/\/www.ubishops.ca\/fr\/futurs-etudiants\/processus-dadmission\/admission-requirements\/etudiants-adultes\/\",\"url\":\"https:\/\/www.ubishops.ca\/fr\/futurs-etudiants\/processus-dadmission\/admission-requirements\/etudiants-adultes\/\",\"name\":\"\u00c9tudiants adultes - Bishop&#039;s University\",\"isPartOf\":{\"@id\":\"https:\/\/www.ubishops.ca\/#website\"},\"datePublished\":\"2016-07-27T19:07:38+00:00\",\"dateModified\":\"2025-07-21T19:52:04+00:00\",\"breadcrumb\":{\"@id\":\"https:\/\/www.ubishops.ca\/fr\/futurs-etudiants\/processus-dadmission\/admission-requirements\/etudiants-adultes\/#breadcrumb\"},\"inLanguage\":\"fr-FR\",\"potentialAction\":[{\"@type\":\"ReadAction\",\"target\":[\"https:\/\/www.ubishops.ca\/fr\/futurs-etudiants\/processus-dadmission\/admission-requirements\/etudiants-adultes\/\"]}]},{\"@type\":\"BreadcrumbList\",\"@id\":\"https:\/\/www.ubishops.ca\/fr\/futurs-etudiants\/processus-dadmission\/admission-requirements\/etudiants-adultes\/#breadcrumb\",\"itemListElement\":[{\"@type\":\"ListItem\",\"position\":1,\"name\":\"Accueil\",\"item\":\"https:\/\/www.ubishops.ca\/fr\/\"},{\"@type\":\"ListItem\",\"position\":2,\"name\":\"Futurs \u00e9tudiants\",\"item\":\"https:\/\/www.ubishops.ca\/fr\/futurs-etudiants\/\"},{\"@type\":\"ListItem\",\"position\":3,\"name\":\"Processus d\u2019admission\",\"item\":\"https:\/\/www.ubishops.ca\/fr\/futurs-etudiants\/processus-dadmission\/\"},{\"@type\":\"ListItem\",\"position\":4,\"name\":\"Crit\u00e8res d\u2019admission\",\"item\":\"https:\/\/www.ubishops.ca\/fr\/futurs-etudiants\/processus-dadmission\/admission-requirements\/\"},{\"@type\":\"ListItem\",\"position\":5,\"name\":\"\u00c9tudiants adultes\"}]},{\"@type\":\"WebSite\",\"@id\":\"https:\/\/www.ubishops.ca\/#website\",\"url\":\"https:\/\/www.ubishops.ca\/\",\"name\":\"Bishop&#039;s University\",\"description\":\"\",\"potentialAction\":[{\"@type\":\"SearchAction\",\"target\":{\"@type\":\"EntryPoint\",\"urlTemplate\":\"https:\/\/www.ubishops.ca\/?s={search_term_string}\"},\"query-input\":{\"@type\":\"PropertyValueSpecification\",\"valueRequired\":true,\"valueName\":\"search_term_string\"}}],\"inLanguage\":\"fr-FR\"}]}<\/script>\n<!-- \/ Yoast SEO plugin. -->","yoast_head_json":{"title":"\u00c9tudiants adultes - Bishop&#039;s University","robots":{"index":"index","follow":"follow","max-snippet":"max-snippet:-1","max-image-preview":"max-image-preview:large","max-video-preview":"max-video-preview:-1"},"canonical":"https:\/\/www.ubishops.ca\/fr\/futurs-etudiants\/processus-dadmission\/admission-requirements\/etudiants-adultes\/","og_locale":"fr_FR","og_type":"article","og_title":"\u00c9tudiants adultes - Bishop&#039;s University","og_description":"Tu es un \u00e9tudiant adulte aux fins de l\u2019admission si\u202f: Remarque : si vous avez suivi des \u00e9tudes universitaires, vous devez avoir au moins cinq ann\u00e9es d&rsquo;interruption (cons\u00e9cutives ou non-cons\u00e9cutif) depuis vos \u00e9tudes \u00e0 temps plein pour \u00eatre admissible \u00e0 l&rsquo;admission en tant qu&rsquo;\u00e9tudiant adulte. Consultez la section \u00c9tudiants provenant d\u2019une autre universit\u00e9 pour plus...","og_url":"https:\/\/www.ubishops.ca\/fr\/futurs-etudiants\/processus-dadmission\/admission-requirements\/etudiants-adultes\/","og_site_name":"Bishop&#039;s University","article_publisher":"https:\/\/www.facebook.com\/ubishops","article_modified_time":"2025-07-21T19:52:04+00:00","twitter_card":"summary_large_image","twitter_site":"@ubishops","twitter_misc":{"Dur\u00e9e de lecture estim\u00e9e":"2 minutes"},"schema":{"@context":"https:\/\/schema.org","@graph":[{"@type":"WebPage","@id":"https:\/\/www.ubishops.ca\/fr\/futurs-etudiants\/processus-dadmission\/admission-requirements\/etudiants-adultes\/","url":"https:\/\/www.ubishops.ca\/fr\/futurs-etudiants\/processus-dadmission\/admission-requirements\/etudiants-adultes\/","name":"\u00c9tudiants adultes - Bishop&#039;s University","isPartOf":{"@id":"https:\/\/www.ubishops.ca\/#website"},"datePublished":"2016-07-27T19:07:38+00:00","dateModified":"2025-07-21T19:52:04+00:00","breadcrumb":{"@id":"https:\/\/www.ubishops.ca\/fr\/futurs-etudiants\/processus-dadmission\/admission-requirements\/etudiants-adultes\/#breadcrumb"},"inLanguage":"fr-FR","potentialAction":[{"@type":"ReadAction","target":["https:\/\/www.ubishops.ca\/fr\/futurs-etudiants\/processus-dadmission\/admission-requirements\/etudiants-adultes\/"]}]},{"@type":"BreadcrumbList","@id":"https:\/\/www.ubishops.ca\/fr\/futurs-etudiants\/processus-dadmission\/admission-requirements\/etudiants-adultes\/#breadcrumb","itemListElement":[{"@type":"ListItem","position":1,"name":"Accueil","item":"https:\/\/www.ubishops.ca\/fr\/"},{"@type":"ListItem","position":2,"name":"Futurs \u00e9tudiants","item":"https:\/\/www.ubishops.ca\/fr\/futurs-etudiants\/"},{"@type":"ListItem","position":3,"name":"Processus d\u2019admission","item":"https:\/\/www.ubishops.ca\/fr\/futurs-etudiants\/processus-dadmission\/"},{"@type":"ListItem","position":4,"name":"Crit\u00e8res d\u2019admission","item":"https:\/\/www.ubishops.ca\/fr\/futurs-etudiants\/processus-dadmission\/admission-requirements\/"},{"@type":"ListItem","position":5,"name":"\u00c9tudiants adultes"}]},{"@type":"WebSite","@id":"https:\/\/www.ubishops.ca\/#website","url":"https:\/\/www.ubishops.ca\/","name":"Bishop&#039;s University","description":"","potentialAction":[{"@type":"SearchAction","target":{"@type":"EntryPoint","urlTemplate":"https:\/\/www.ubishops.ca\/?s={search_term_string}"},"query-input":{"@type":"PropertyValueSpecification","valueRequired":true,"valueName":"search_term_string"}}],"inLanguage":"fr-FR"}]}},"taxonomy_info":[],"featured_image_src_large":false,"author_info":{"display_name":"Julie Fradette","author_link":"https:\/\/www.ubishops.ca\/fr\/author\/jfradett\/"},"comment_info":0,"publishpress_future_action":{"enabled":false,"date":"2026-04-15 11:18:40","action":"change-status","newStatus":"draft","terms":[],"taxonomy":"translation_priority","extraData":[]},"publishpress_future_workflow_manual_trigger":{"enabledWorkflows":[]},"_links":{"self":[{"href":"https:\/\/www.ubishops.ca\/fr\/wp-json\/wp\/v2\/pages\/113697","targetHints":{"allow":["GET"]}}],"collection":[{"href":"https:\/\/www.ubishops.ca\/fr\/wp-json\/wp\/v2\/pages"}],"about":[{"href":"https:\/\/www.ubishops.ca\/fr\/wp-json\/wp\/v2\/types\/page"}],"author":[{"embeddable":true,"href":"https:\/\/www.ubishops.ca\/fr\/wp-json\/wp\/v2\/users\/49"}],"replies":[{"embeddable":true,"href":"https:\/\/www.ubishops.ca\/fr\/wp-json\/wp\/v2\/comments?post=113697"}],"version-history":[{"count":2,"href":"https:\/\/www.ubishops.ca\/fr\/wp-json\/wp\/v2\/pages\/113697\/revisions"}],"predecessor-version":[{"id":125692,"href":"https:\/\/www.ubishops.ca\/fr\/wp-json\/wp\/v2\/pages\/113697\/revisions\/125692"}],"up":[{"embeddable":true,"href":"https:\/\/www.ubishops.ca\/fr\/wp-json\/wp\/v2\/pages\/80854"}],"wp:attachment":[{"href":"https:\/\/www.ubishops.ca\/fr\/wp-json\/wp\/v2\/media?parent=113697"}],"curies":[{"name":"wp","href":"https:\/\/api.w.org\/{rel}","templated":true}]}}