{"id":113693,"date":"2016-07-27T15:12:06","date_gmt":"2016-07-27T19:12:06","guid":{"rendered":"https:\/\/www.ubishops.ca\/futurs-etudiants\/processus-dadmission\/admission-requirements\/master-science-msc-applicants\/"},"modified":"2024-07-10T15:23:11","modified_gmt":"2024-07-10T19:23:11","slug":"candidats-msc","status":"publish","type":"page","link":"https:\/\/www.ubishops.ca\/fr\/futurs-etudiants\/processus-dadmission\/admission-requirements\/candidats-msc\/","title":{"rendered":"Candidats \u00e0 la ma\u00eetrise \u00e8s sciences (M.Sc.)"},"content":{"rendered":"\n<h2 class=\"wp-block-heading\">Crit\u00e8res d\u2019admission\u202f:<\/h2>\n\n\n\n<p>Dipl\u00f4me de premier cycle dans un domaine connexe avec un excellent dossier scolaire.<\/p>\n\n\n\n<p>Tu trouveras plus de d\u00e9tails sur les crit\u00e8res d\u2019admission au deuxi\u00e8me cycle sur les pages de ces programmes\u202f:<\/p>\n\n\n\n<p><a href=\"https:\/\/www.ubishops.ca\/academic-programs\/faculty-of-natural-sciences-and-mathematics\/computer-science\/masters-degree-program\/\">M.Sc. en Sciences informatiques<\/a><\/p>\n\n\n\n<p><a href=\"https:\/\/www.ubishops.ca\/academic-programs\/faculty-of-natural-sciences-and-mathematics\/physics-astronomy\/msc\/\">M.Sc. en Physique<\/a><\/p>\n\n\n\n<div style=\"height:30px\" aria-hidden=\"true\" class=\"wp-block-spacer\"><\/div>\n\n\n\n<h2 class=\"wp-block-heading\" id=\"required-supporting-documents\">Documents justificatifs requis<\/h2>\n\n\n\n<ul class=\"wp-block-list\">\n<li>Preuve d\u2019aptitudes linguistiques en anglais. Tous les candidats doivent soumettre une preuve qu\u2019ils ont une connaissance suffisante de l\u2019anglais. <a href=\"https:\/\/www.ubishops.ca\/future-students\/admission-process\/providing-proof-of-english-language-proficiency\/\">Consulte la page Exigences en mati\u00e8re de connaissance de l\u2019anglais<\/a> pour d\u00e9terminer quels documents suppl\u00e9mentaires tu devras fournir, si n\u00e9cessaire.<\/li>\n\n\n\n<li>Copie de ton plus r\u00e9cent relev\u00e9 de notes universitaire.<\/li>\n\n\n\n<li>Lettre d\u2019intention concernant tes int\u00e9r\u00eats de recherche.<\/li>\n\n\n\n<li>Copies d\u2019une ou plusieurs pi\u00e8ces d\u2019identit\u00e9. <a href=\"https:\/\/www.ubishops.ca\/future-students\/admission-process\/personal-identification-documents\/\">Consulte la page Pi\u00e8ces d\u2019identit\u00e9<\/a> pour d\u00e9terminer quels documents tu devras fournir.<\/li>\n\n\n\n<li>Formulaire de pr\u00e9acceptation au programme (<a href=\"https:\/\/turing.ubishops.ca\/gradapp\" target=\"_blank\" rel=\"noreferrer noopener\">Sciences informatiques<\/a> ou <a href=\"https:\/\/www.ubishops.ca\/wp-content\/uploads\/pre-ad.pdf\" target=\"_blank\" rel=\"noreferrer noopener\">Physique<\/a>).<\/li>\n<\/ul>\n","protected":false},"excerpt":{"rendered":"<p>Crit\u00e8res d\u2019admission\u202f: Dipl\u00f4me de premier cycle dans un domaine connexe avec un excellent dossier scolaire. Tu trouveras plus de d\u00e9tails sur les crit\u00e8res d\u2019admission au deuxi\u00e8me cycle sur les pages de ces programmes\u202f: M.Sc. en Sciences informatiques M.Sc. en Physique Documents justificatifs requis<\/p>\n","protected":false},"author":49,"featured_media":0,"parent":80854,"menu_order":123,"comment_status":"closed","ping_status":"closed","template":"templates\/page-width-sidebar.php","meta":{"_acf_changed":false,"_cbd_carousel_blocks":"[]","_kad_blocks_custom_css":"","_kad_blocks_head_custom_js":"","_kad_blocks_body_custom_js":"","_kad_blocks_footer_custom_js":"","_kad_post_transparent":"","_kad_post_title":"","_kad_post_layout":"","_kad_post_sidebar_id":"","_kad_post_content_style":"","_kad_post_vertical_padding":"","_kad_post_feature":"","_kad_post_feature_position":"","_kad_post_header":false,"_kad_post_footer":false,"_kad_post_classname":"","footnotes":""},"class_list":["post-113693","page","type-page","status-publish","hentry"],"acf":[],"yoast_head":"<!-- This site is optimized with the Yoast SEO plugin v27.2 - https:\/\/yoast.com\/product\/yoast-seo-wordpress\/ -->\n<title>Candidats \u00e0 la ma\u00eetrise \u00e8s sciences (M.Sc.) - Bishop&#039;s University<\/title>\n<meta name=\"robots\" content=\"index, follow, max-snippet:-1, max-image-preview:large, max-video-preview:-1\" \/>\n<link rel=\"canonical\" href=\"https:\/\/www.ubishops.ca\/fr\/futurs-etudiants\/processus-dadmission\/admission-requirements\/candidats-msc\/\" \/>\n<meta property=\"og:locale\" content=\"fr_FR\" \/>\n<meta property=\"og:type\" content=\"article\" \/>\n<meta property=\"og:title\" content=\"Candidats \u00e0 la ma\u00eetrise \u00e8s sciences (M.Sc.) - Bishop&#039;s University\" \/>\n<meta property=\"og:description\" content=\"Crit\u00e8res d\u2019admission\u202f: Dipl\u00f4me de premier cycle dans un domaine connexe avec un excellent dossier scolaire. Tu trouveras plus de d\u00e9tails sur les crit\u00e8res d\u2019admission au deuxi\u00e8me cycle sur les pages de ces programmes\u202f: M.Sc. en Sciences informatiques M.Sc. en Physique Documents justificatifs requis\" \/>\n<meta property=\"og:url\" content=\"https:\/\/www.ubishops.ca\/fr\/futurs-etudiants\/processus-dadmission\/admission-requirements\/candidats-msc\/\" \/>\n<meta property=\"og:site_name\" content=\"Bishop&#039;s University\" \/>\n<meta property=\"article:publisher\" content=\"https:\/\/www.facebook.com\/ubishops\" \/>\n<meta property=\"article:modified_time\" content=\"2024-07-10T19:23:11+00:00\" \/>\n<meta name=\"twitter:card\" content=\"summary_large_image\" \/>\n<meta name=\"twitter:site\" content=\"@ubishops\" \/>\n<meta name=\"twitter:label1\" content=\"Dur\u00e9e de lecture estim\u00e9e\" \/>\n\t<meta name=\"twitter:data1\" content=\"1 minute\" \/>\n<script type=\"application\/ld+json\" class=\"yoast-schema-graph\">{\"@context\":\"https:\/\/schema.org\",\"@graph\":[{\"@type\":\"WebPage\",\"@id\":\"https:\/\/www.ubishops.ca\/fr\/futurs-etudiants\/processus-dadmission\/admission-requirements\/candidats-msc\/\",\"url\":\"https:\/\/www.ubishops.ca\/fr\/futurs-etudiants\/processus-dadmission\/admission-requirements\/candidats-msc\/\",\"name\":\"Candidats \u00e0 la ma\u00eetrise \u00e8s sciences (M.Sc.) - Bishop&#039;s University\",\"isPartOf\":{\"@id\":\"https:\/\/www.ubishops.ca\/#website\"},\"datePublished\":\"2016-07-27T19:12:06+00:00\",\"dateModified\":\"2024-07-10T19:23:11+00:00\",\"breadcrumb\":{\"@id\":\"https:\/\/www.ubishops.ca\/fr\/futurs-etudiants\/processus-dadmission\/admission-requirements\/candidats-msc\/#breadcrumb\"},\"inLanguage\":\"fr-FR\",\"potentialAction\":[{\"@type\":\"ReadAction\",\"target\":[\"https:\/\/www.ubishops.ca\/fr\/futurs-etudiants\/processus-dadmission\/admission-requirements\/candidats-msc\/\"]}]},{\"@type\":\"BreadcrumbList\",\"@id\":\"https:\/\/www.ubishops.ca\/fr\/futurs-etudiants\/processus-dadmission\/admission-requirements\/candidats-msc\/#breadcrumb\",\"itemListElement\":[{\"@type\":\"ListItem\",\"position\":1,\"name\":\"Accueil\",\"item\":\"https:\/\/www.ubishops.ca\/fr\/\"},{\"@type\":\"ListItem\",\"position\":2,\"name\":\"Futurs \u00e9tudiants\",\"item\":\"https:\/\/www.ubishops.ca\/fr\/futurs-etudiants\/\"},{\"@type\":\"ListItem\",\"position\":3,\"name\":\"Processus d\u2019admission\",\"item\":\"https:\/\/www.ubishops.ca\/fr\/futurs-etudiants\/processus-dadmission\/\"},{\"@type\":\"ListItem\",\"position\":4,\"name\":\"Crit\u00e8res d\u2019admission\",\"item\":\"https:\/\/www.ubishops.ca\/fr\/futurs-etudiants\/processus-dadmission\/admission-requirements\/\"},{\"@type\":\"ListItem\",\"position\":5,\"name\":\"Candidats \u00e0 la ma\u00eetrise \u00e8s sciences (M.Sc.)\"}]},{\"@type\":\"WebSite\",\"@id\":\"https:\/\/www.ubishops.ca\/#website\",\"url\":\"https:\/\/www.ubishops.ca\/\",\"name\":\"Bishop&#039;s University\",\"description\":\"\",\"potentialAction\":[{\"@type\":\"SearchAction\",\"target\":{\"@type\":\"EntryPoint\",\"urlTemplate\":\"https:\/\/www.ubishops.ca\/?s={search_term_string}\"},\"query-input\":{\"@type\":\"PropertyValueSpecification\",\"valueRequired\":true,\"valueName\":\"search_term_string\"}}],\"inLanguage\":\"fr-FR\"}]}<\/script>\n<!-- \/ Yoast SEO plugin. -->","yoast_head_json":{"title":"Candidats \u00e0 la ma\u00eetrise \u00e8s sciences (M.Sc.) - Bishop&#039;s University","robots":{"index":"index","follow":"follow","max-snippet":"max-snippet:-1","max-image-preview":"max-image-preview:large","max-video-preview":"max-video-preview:-1"},"canonical":"https:\/\/www.ubishops.ca\/fr\/futurs-etudiants\/processus-dadmission\/admission-requirements\/candidats-msc\/","og_locale":"fr_FR","og_type":"article","og_title":"Candidats \u00e0 la ma\u00eetrise \u00e8s sciences (M.Sc.) - Bishop&#039;s University","og_description":"Crit\u00e8res d\u2019admission\u202f: Dipl\u00f4me de premier cycle dans un domaine connexe avec un excellent dossier scolaire. Tu trouveras plus de d\u00e9tails sur les crit\u00e8res d\u2019admission au deuxi\u00e8me cycle sur les pages de ces programmes\u202f: M.Sc. en Sciences informatiques M.Sc. en Physique Documents justificatifs requis","og_url":"https:\/\/www.ubishops.ca\/fr\/futurs-etudiants\/processus-dadmission\/admission-requirements\/candidats-msc\/","og_site_name":"Bishop&#039;s University","article_publisher":"https:\/\/www.facebook.com\/ubishops","article_modified_time":"2024-07-10T19:23:11+00:00","twitter_card":"summary_large_image","twitter_site":"@ubishops","twitter_misc":{"Dur\u00e9e de lecture estim\u00e9e":"1 minute"},"schema":{"@context":"https:\/\/schema.org","@graph":[{"@type":"WebPage","@id":"https:\/\/www.ubishops.ca\/fr\/futurs-etudiants\/processus-dadmission\/admission-requirements\/candidats-msc\/","url":"https:\/\/www.ubishops.ca\/fr\/futurs-etudiants\/processus-dadmission\/admission-requirements\/candidats-msc\/","name":"Candidats \u00e0 la ma\u00eetrise \u00e8s sciences (M.Sc.) - Bishop&#039;s University","isPartOf":{"@id":"https:\/\/www.ubishops.ca\/#website"},"datePublished":"2016-07-27T19:12:06+00:00","dateModified":"2024-07-10T19:23:11+00:00","breadcrumb":{"@id":"https:\/\/www.ubishops.ca\/fr\/futurs-etudiants\/processus-dadmission\/admission-requirements\/candidats-msc\/#breadcrumb"},"inLanguage":"fr-FR","potentialAction":[{"@type":"ReadAction","target":["https:\/\/www.ubishops.ca\/fr\/futurs-etudiants\/processus-dadmission\/admission-requirements\/candidats-msc\/"]}]},{"@type":"BreadcrumbList","@id":"https:\/\/www.ubishops.ca\/fr\/futurs-etudiants\/processus-dadmission\/admission-requirements\/candidats-msc\/#breadcrumb","itemListElement":[{"@type":"ListItem","position":1,"name":"Accueil","item":"https:\/\/www.ubishops.ca\/fr\/"},{"@type":"ListItem","position":2,"name":"Futurs \u00e9tudiants","item":"https:\/\/www.ubishops.ca\/fr\/futurs-etudiants\/"},{"@type":"ListItem","position":3,"name":"Processus d\u2019admission","item":"https:\/\/www.ubishops.ca\/fr\/futurs-etudiants\/processus-dadmission\/"},{"@type":"ListItem","position":4,"name":"Crit\u00e8res d\u2019admission","item":"https:\/\/www.ubishops.ca\/fr\/futurs-etudiants\/processus-dadmission\/admission-requirements\/"},{"@type":"ListItem","position":5,"name":"Candidats \u00e0 la ma\u00eetrise \u00e8s sciences (M.Sc.)"}]},{"@type":"WebSite","@id":"https:\/\/www.ubishops.ca\/#website","url":"https:\/\/www.ubishops.ca\/","name":"Bishop&#039;s University","description":"","potentialAction":[{"@type":"SearchAction","target":{"@type":"EntryPoint","urlTemplate":"https:\/\/www.ubishops.ca\/?s={search_term_string}"},"query-input":{"@type":"PropertyValueSpecification","valueRequired":true,"valueName":"search_term_string"}}],"inLanguage":"fr-FR"}]}},"taxonomy_info":[],"featured_image_src_large":false,"author_info":{"display_name":"Julie Fradette","author_link":"https:\/\/www.ubishops.ca\/fr\/author\/jfradett\/"},"comment_info":0,"publishpress_future_action":{"enabled":false,"date":"2026-04-15 12:54:06","action":"change-status","newStatus":"draft","terms":[],"taxonomy":"translation_priority","extraData":[]},"publishpress_future_workflow_manual_trigger":{"enabledWorkflows":[]},"_links":{"self":[{"href":"https:\/\/www.ubishops.ca\/fr\/wp-json\/wp\/v2\/pages\/113693","targetHints":{"allow":["GET"]}}],"collection":[{"href":"https:\/\/www.ubishops.ca\/fr\/wp-json\/wp\/v2\/pages"}],"about":[{"href":"https:\/\/www.ubishops.ca\/fr\/wp-json\/wp\/v2\/types\/page"}],"author":[{"embeddable":true,"href":"https:\/\/www.ubishops.ca\/fr\/wp-json\/wp\/v2\/users\/49"}],"replies":[{"embeddable":true,"href":"https:\/\/www.ubishops.ca\/fr\/wp-json\/wp\/v2\/comments?post=113693"}],"version-history":[{"count":0,"href":"https:\/\/www.ubishops.ca\/fr\/wp-json\/wp\/v2\/pages\/113693\/revisions"}],"up":[{"embeddable":true,"href":"https:\/\/www.ubishops.ca\/fr\/wp-json\/wp\/v2\/pages\/80854"}],"wp:attachment":[{"href":"https:\/\/www.ubishops.ca\/fr\/wp-json\/wp\/v2\/media?parent=113693"}],"curies":[{"name":"wp","href":"https:\/\/api.w.org\/{rel}","templated":true}]}}