{"id":113685,"date":"2016-07-27T15:15:10","date_gmt":"2016-07-27T19:15:10","guid":{"rendered":"https:\/\/www.ubishops.ca\/futurs-etudiants\/processus-dadmission\/admission-requirements\/med-ma-applicants\/"},"modified":"2025-04-09T14:59:20","modified_gmt":"2025-04-09T18:59:20","slug":"candidats-med-ma","status":"publish","type":"page","link":"https:\/\/www.ubishops.ca\/fr\/futurs-etudiants\/processus-dadmission\/admission-requirements\/candidats-med-ma\/","title":{"rendered":"Candidats \u00e0 la ma\u00eetrise en \u00e9ducation (M.\u00c9d.) ou \u00e0 la ma\u00eetrise \u00e8s arts en \u00e9ducation (M.A.)"},"content":{"rendered":"\n<h2 class=\"wp-block-heading\" id=\"admission-requirements-general\">Crit\u00e8res d\u2019admission\u202f: g\u00e9n\u00e9raux<\/h2>\n\n\n\n<ul class=\"wp-block-list\">\n<li>Dipl\u00f4me de baccalaur\u00e9at en \u00e9ducation, ou un \u00e9quivalent acceptable, obtenu avec une moyenne de 75\u202f% ou plus. Les candidats \u00e0 la ma\u00eetrise avec concentration en enseignement des arts doivent avoir termin\u00e9 un programme de premier cycle dans un domaine pertinent avec une moyenne de 75\u202f% ou plus.<\/li>\n\n\n\n<li>Deux\u202fann\u00e9es d\u2019exp\u00e9rience professionnelle pertinente.<\/li>\n<\/ul>\n\n\n\n<h3 class=\"wp-block-heading\" id=\"applicants-for-the-m-a-and-m-ed-must\">Les candidats \u00e0 la M.A. ou M.\u00c9d. doivent\u202f:<\/h3>\n\n\n\n<ul class=\"wp-block-list\">\n<li>avoir obtenu un B.\u00c9d. ou un dipl\u00f4me dans un domaine connexe aupr\u00e8s d\u2019une universit\u00e9 reconnue avec une moyenne de 75\u202f% ou plus;<\/li>\n\n\n\n<li>normalement avoir au moins deux\u202fann\u00e9es d\u2019exp\u00e9rience pertinente en enseignement (ou dans un domaine connexe).<\/li>\n<\/ul>\n\n\n\n<p>REMARQUE\u202f: Si ta langue maternelle n\u2019est pas l\u2019anglais et que tu n\u2019as pas r\u00e9alis\u00e9 au moins trois\u202fann\u00e9es compl\u00e8tes d\u2019\u00e9tudes en anglais, tu devras soumettre tes r\u00e9sultats \u00e0 un examen d\u2019aptitudes linguistiques en anglais comme le test TOEFL ou IELTS. Les r\u00e9sultats minimums pour acc\u00e9der \u00e0 un programme de ma\u00eetrise de l\u2019\u00c9cole d\u2019\u00e9ducation sont\u202f:<\/p>\n\n\n\n<ul class=\"wp-block-list\">\n<li>TOEFL, avec une note minimale de 90 (sur le Web) et aucun r\u00e9sultat inf\u00e9rieur \u00e0 20 pour chaque module.<\/li>\n\n\n\n<li>IELTS, avec une note minimale de 6.5 et aucun r\u00e9sultat inf\u00e9rieur \u00e0 6.5 pour chaque module.<\/li>\n<\/ul>\n\n\n\n<p>REMARQUE\u202f: Les programmes de M.A.\/M.\u00c9d. de l\u2019\u00c9cole d\u2019\u00e9ducation ne m\u00e8nent pas \u00e0 l\u2019obtention d\u2019une autorisation d\u2019enseigner.<\/p>\n\n\n\n<h2 class=\"wp-block-heading\" id=\"required-supporting-documents\">Documents justificatifs requis<\/h2>\n\n\n\n<ul class=\"wp-block-list\">\n<li>2\u202frecommandations produites avec le <a href=\"https:\/\/www.ubishops.ca\/wp-content\/uploads\/School-of-Education-Graduate-Reference-Form_April2025.pdf\">Formulaire de recommandation de l\u2019\u00c9cole d\u2019\u00e9ducation <strong>(PDF \u00e0 remplir)<\/strong><\/a> \u2013 <em><strong>Remarque : <\/strong>vous devez t\u00e9l\u00e9charger ce formulaire PDF sur votre appareil et l\u2019ouvrir avec Adobe Reader ou Adobe Acrobat pour le remplir. NE le remplissez PAS dans votre navigateur, car certaines options ne seront pas disponibles et vous ne pourrez pas le signer.<\/em><\/li>\n\n\n\n<li>Preuve d\u2019aptitudes linguistiques en anglais. Tous les candidats doivent soumettre une preuve qu\u2019ils ont une connaissance suffisante de l\u2019anglais. <a href=\"https:\/\/www.ubishops.ca\/future-students\/admission-process\/providing-proof-of-english-language-proficiency\/\">Consulte la page Exigences en mati\u00e8re de connaissance de l\u2019anglais<\/a> pour d\u00e9terminer quels documents suppl\u00e9mentaires tu devras fournir, si n\u00e9cessaire.<\/li>\n\n\n\n<li>Copie de ton plus r\u00e9cent relev\u00e9 de notes universitaire.<\/li>\n\n\n\n<li>Lettre d\u2019intention qui explique pourquoi tu crois \u00eatre un bon choix pour des \u00e9tudes de deuxi\u00e8me cycle \u00e0 l\u2019Universit\u00e9 Bishop\u2019s.<\/li>\n\n\n\n<li>Copie de ton CV.<\/li>\n\n\n\n<li>Candidats \u00e0 la M.A. seulement\u202f: Description d\u2019une page de tes int\u00e9r\u00eats de recherche, y compris tes champs d\u2019int\u00e9r\u00eat, tes questions initiales, ton approche, les ressources dont tu peux avoir besoin et un d\u00e9lai approximatif pour terminer le programme.<\/li>\n\n\n\n<li>Copies d\u2019une ou plusieurs pi\u00e8ces d\u2019identit\u00e9. <a href=\"https:\/\/www.ubishops.ca\/future-students\/admission-process\/personal-identification-documents\/\">Consulte la page Pi\u00e8ces d\u2019identit\u00e9<\/a> pour d\u00e9terminer quels documents tu devras fournir.<\/li>\n<\/ul>\n\n\n\n<h2 class=\"wp-block-heading\">Soumission des documents<\/h2>\n\n\n\n<p>Tous les documents justificatifs peuvent \u00eatre t\u00e9l\u00e9vers\u00e9s sur notre syst\u00e8me en ligne au moment de la demande d\u2019admission ou sur le Portail des candidats myBU en utilisant l\u2019option \u00ab\u202fSoumettre les documents manquants\u202f\u00bb. Ils peuvent \u00e9galement \u00eatre transmis par courriel \u00e0 <a href=\"&#x6d;&#x61;&#105;&#108;t&#x6f;&#x3a;&#x61;&#100;&#109;i&#x73;&#x73;&#x69;&#111;&#110;s&#x40;&#x75;&#x62;&#105;&#115;h&#x6f;&#x70;&#x73;&#46;ca\">&#x61;&#100;m&#x69;&#115;s&#x69;&#111;n&#x73;&#x40;&#117;&#x62;&#x69;&#115;h&#x6f;&#112;s&#x2e;&#99;a<\/a>.<\/p>\n\n\n\n<h2 class=\"wp-block-heading\">D\u00e9lai de traitement<\/h2>\n\n\n\n<p>Les demandes d\u2019admission sont \u00e9valu\u00e9es au cas par cas et les d\u00e9cisions sont communiqu\u00e9es tout au long du cycle d\u2019admission. Les offres finales sont produites au plus tard la derni\u00e8re semaine de mai. Tu trouveras des renseignements importants sur la soumission des documents et les dates limites pour les programmes de deuxi\u00e8me cycle de l\u2019\u00c9cole d\u2019\u00e9ducation sous la section \u00ab\u202f\u00c9ch\u00e9ancier d\u2019admission et dates limites\u202f\u00bb au bas de la page de <a href=\"https:\/\/www.ubishops.ca\/fr\/futurs-etudiants\/bishops-university-online-application\/\">demande d\u2019admission de l\u2019Universit\u00e9 Bishop\u2019s<\/a>.<\/p>\n\n\n\n<h2 class=\"wp-block-heading\">Des questions?<\/h2>\n\n\n\n<p>N\u2019h\u00e9site pas \u00e0 communiquer avec le bureau des admissions par courriel \u00e0 <a href=\"&#x6d;&#x61;&#105;lt&#x6f;&#x3a;&#97;&#100;m&#x69;&#x73;&#115;&#105;o&#x6e;&#x73;&#x40;&#117;bi&#x73;&#x68;&#111;&#112;s&#x2e;&#x63;&#97;\">&#x61;&#100;&#109;i&#x73;&#x73;&#105;o&#x6e;&#x73;&#64;ub&#x69;&#115;&#104;o&#x70;&#x73;&#46;c&#x61;<\/a> ou par t\u00e9l\u00e9phone au 819\u202f822-9600 poste\u202f2680.<\/p>\n\n\n\n<div class=\"wp-block-buttons is-layout-flex wp-block-buttons-is-layout-flex\">\n<div class=\"wp-block-button\"><a class=\"wp-block-button__link has-purple-background-color has-background wp-element-button\" href=\"https:\/\/www.ubishops.ca\/fr\/futurs-etudiants\/bishops-university-online-application\/\">Inscris-toi<\/a><\/div>\n<\/div>\n","protected":false},"excerpt":{"rendered":"<p>Crit\u00e8res d\u2019admission\u202f: g\u00e9n\u00e9raux Les candidats \u00e0 la M.A. ou M.\u00c9d. doivent\u202f: REMARQUE\u202f: Si ta langue maternelle n\u2019est pas l\u2019anglais et que tu n\u2019as pas r\u00e9alis\u00e9 au moins trois\u202fann\u00e9es compl\u00e8tes d\u2019\u00e9tudes en anglais, tu devras soumettre tes r\u00e9sultats \u00e0 un examen d\u2019aptitudes linguistiques en anglais comme le test TOEFL ou IELTS. Les r\u00e9sultats minimums pour acc\u00e9der&#8230;<\/p>\n","protected":false},"author":49,"featured_media":0,"parent":80854,"menu_order":124,"comment_status":"closed","ping_status":"closed","template":"","meta":{"_acf_changed":false,"_cbd_carousel_blocks":"[]","_kad_blocks_custom_css":"","_kad_blocks_head_custom_js":"","_kad_blocks_body_custom_js":"","_kad_blocks_footer_custom_js":"","_kad_post_transparent":"","_kad_post_title":"","_kad_post_layout":"","_kad_post_sidebar_id":"","_kad_post_content_style":"","_kad_post_vertical_padding":"","_kad_post_feature":"","_kad_post_feature_position":"","_kad_post_header":false,"_kad_post_footer":false,"_kad_post_classname":"","footnotes":""},"class_list":["post-113685","page","type-page","status-publish","hentry"],"acf":[],"yoast_head":"<!-- This site is optimized with the Yoast SEO plugin v27.2 - https:\/\/yoast.com\/product\/yoast-seo-wordpress\/ -->\n<title>Candidats \u00e0 la ma\u00eetrise en \u00e9ducation (M.\u00c9d.) ou \u00e0 la ma\u00eetrise \u00e8s arts en \u00e9ducation (M.A.) - Bishop&#039;s University<\/title>\n<meta name=\"robots\" content=\"index, follow, max-snippet:-1, max-image-preview:large, max-video-preview:-1\" \/>\n<link rel=\"canonical\" href=\"https:\/\/www.ubishops.ca\/fr\/futurs-etudiants\/processus-dadmission\/admission-requirements\/candidats-med-ma\/\" \/>\n<meta property=\"og:locale\" content=\"fr_FR\" \/>\n<meta property=\"og:type\" content=\"article\" \/>\n<meta property=\"og:title\" content=\"Candidats \u00e0 la ma\u00eetrise en \u00e9ducation (M.\u00c9d.) ou \u00e0 la ma\u00eetrise \u00e8s arts en \u00e9ducation (M.A.) - Bishop&#039;s University\" \/>\n<meta property=\"og:description\" content=\"Crit\u00e8res d\u2019admission\u202f: g\u00e9n\u00e9raux Les candidats \u00e0 la M.A. ou M.\u00c9d. doivent\u202f: REMARQUE\u202f: Si ta langue maternelle n\u2019est pas l\u2019anglais et que tu n\u2019as pas r\u00e9alis\u00e9 au moins trois\u202fann\u00e9es compl\u00e8tes d\u2019\u00e9tudes en anglais, tu devras soumettre tes r\u00e9sultats \u00e0 un examen d\u2019aptitudes linguistiques en anglais comme le test TOEFL ou IELTS. Les r\u00e9sultats minimums pour acc\u00e9der...\" \/>\n<meta property=\"og:url\" content=\"https:\/\/www.ubishops.ca\/fr\/futurs-etudiants\/processus-dadmission\/admission-requirements\/candidats-med-ma\/\" \/>\n<meta property=\"og:site_name\" content=\"Bishop&#039;s University\" \/>\n<meta property=\"article:publisher\" content=\"https:\/\/www.facebook.com\/ubishops\" \/>\n<meta property=\"article:modified_time\" content=\"2025-04-09T18:59:20+00:00\" \/>\n<meta name=\"twitter:card\" content=\"summary_large_image\" \/>\n<meta name=\"twitter:site\" content=\"@ubishops\" \/>\n<meta name=\"twitter:label1\" content=\"Dur\u00e9e de lecture estim\u00e9e\" \/>\n\t<meta name=\"twitter:data1\" content=\"2 minutes\" \/>\n<script type=\"application\/ld+json\" class=\"yoast-schema-graph\">{\"@context\":\"https:\/\/schema.org\",\"@graph\":[{\"@type\":\"WebPage\",\"@id\":\"https:\/\/www.ubishops.ca\/fr\/futurs-etudiants\/processus-dadmission\/admission-requirements\/candidats-med-ma\/\",\"url\":\"https:\/\/www.ubishops.ca\/fr\/futurs-etudiants\/processus-dadmission\/admission-requirements\/candidats-med-ma\/\",\"name\":\"Candidats \u00e0 la ma\u00eetrise en \u00e9ducation (M.\u00c9d.) ou \u00e0 la ma\u00eetrise \u00e8s arts en \u00e9ducation (M.A.) - Bishop&#039;s University\",\"isPartOf\":{\"@id\":\"https:\/\/www.ubishops.ca\/#website\"},\"datePublished\":\"2016-07-27T19:15:10+00:00\",\"dateModified\":\"2025-04-09T18:59:20+00:00\",\"breadcrumb\":{\"@id\":\"https:\/\/www.ubishops.ca\/fr\/futurs-etudiants\/processus-dadmission\/admission-requirements\/candidats-med-ma\/#breadcrumb\"},\"inLanguage\":\"fr-FR\",\"potentialAction\":[{\"@type\":\"ReadAction\",\"target\":[\"https:\/\/www.ubishops.ca\/fr\/futurs-etudiants\/processus-dadmission\/admission-requirements\/candidats-med-ma\/\"]}]},{\"@type\":\"BreadcrumbList\",\"@id\":\"https:\/\/www.ubishops.ca\/fr\/futurs-etudiants\/processus-dadmission\/admission-requirements\/candidats-med-ma\/#breadcrumb\",\"itemListElement\":[{\"@type\":\"ListItem\",\"position\":1,\"name\":\"Accueil\",\"item\":\"https:\/\/www.ubishops.ca\/fr\/\"},{\"@type\":\"ListItem\",\"position\":2,\"name\":\"Futurs \u00e9tudiants\",\"item\":\"https:\/\/www.ubishops.ca\/fr\/futurs-etudiants\/\"},{\"@type\":\"ListItem\",\"position\":3,\"name\":\"Processus d\u2019admission\",\"item\":\"https:\/\/www.ubishops.ca\/fr\/futurs-etudiants\/processus-dadmission\/\"},{\"@type\":\"ListItem\",\"position\":4,\"name\":\"Crit\u00e8res d\u2019admission\",\"item\":\"https:\/\/www.ubishops.ca\/fr\/futurs-etudiants\/processus-dadmission\/admission-requirements\/\"},{\"@type\":\"ListItem\",\"position\":5,\"name\":\"Candidats \u00e0 la ma\u00eetrise en \u00e9ducation (M.\u00c9d.) ou \u00e0 la ma\u00eetrise \u00e8s arts en \u00e9ducation (M.A.)\"}]},{\"@type\":\"WebSite\",\"@id\":\"https:\/\/www.ubishops.ca\/#website\",\"url\":\"https:\/\/www.ubishops.ca\/\",\"name\":\"Bishop&#039;s University\",\"description\":\"\",\"potentialAction\":[{\"@type\":\"SearchAction\",\"target\":{\"@type\":\"EntryPoint\",\"urlTemplate\":\"https:\/\/www.ubishops.ca\/?s={search_term_string}\"},\"query-input\":{\"@type\":\"PropertyValueSpecification\",\"valueRequired\":true,\"valueName\":\"search_term_string\"}}],\"inLanguage\":\"fr-FR\"}]}<\/script>\n<!-- \/ Yoast SEO plugin. -->","yoast_head_json":{"title":"Candidats \u00e0 la ma\u00eetrise en \u00e9ducation (M.\u00c9d.) ou \u00e0 la ma\u00eetrise \u00e8s arts en \u00e9ducation (M.A.) - Bishop&#039;s University","robots":{"index":"index","follow":"follow","max-snippet":"max-snippet:-1","max-image-preview":"max-image-preview:large","max-video-preview":"max-video-preview:-1"},"canonical":"https:\/\/www.ubishops.ca\/fr\/futurs-etudiants\/processus-dadmission\/admission-requirements\/candidats-med-ma\/","og_locale":"fr_FR","og_type":"article","og_title":"Candidats \u00e0 la ma\u00eetrise en \u00e9ducation (M.\u00c9d.) ou \u00e0 la ma\u00eetrise \u00e8s arts en \u00e9ducation (M.A.) - Bishop&#039;s University","og_description":"Crit\u00e8res d\u2019admission\u202f: g\u00e9n\u00e9raux Les candidats \u00e0 la M.A. ou M.\u00c9d. doivent\u202f: REMARQUE\u202f: Si ta langue maternelle n\u2019est pas l\u2019anglais et que tu n\u2019as pas r\u00e9alis\u00e9 au moins trois\u202fann\u00e9es compl\u00e8tes d\u2019\u00e9tudes en anglais, tu devras soumettre tes r\u00e9sultats \u00e0 un examen d\u2019aptitudes linguistiques en anglais comme le test TOEFL ou IELTS. Les r\u00e9sultats minimums pour acc\u00e9der...","og_url":"https:\/\/www.ubishops.ca\/fr\/futurs-etudiants\/processus-dadmission\/admission-requirements\/candidats-med-ma\/","og_site_name":"Bishop&#039;s University","article_publisher":"https:\/\/www.facebook.com\/ubishops","article_modified_time":"2025-04-09T18:59:20+00:00","twitter_card":"summary_large_image","twitter_site":"@ubishops","twitter_misc":{"Dur\u00e9e de lecture estim\u00e9e":"2 minutes"},"schema":{"@context":"https:\/\/schema.org","@graph":[{"@type":"WebPage","@id":"https:\/\/www.ubishops.ca\/fr\/futurs-etudiants\/processus-dadmission\/admission-requirements\/candidats-med-ma\/","url":"https:\/\/www.ubishops.ca\/fr\/futurs-etudiants\/processus-dadmission\/admission-requirements\/candidats-med-ma\/","name":"Candidats \u00e0 la ma\u00eetrise en \u00e9ducation (M.\u00c9d.) ou \u00e0 la ma\u00eetrise \u00e8s arts en \u00e9ducation (M.A.) - Bishop&#039;s University","isPartOf":{"@id":"https:\/\/www.ubishops.ca\/#website"},"datePublished":"2016-07-27T19:15:10+00:00","dateModified":"2025-04-09T18:59:20+00:00","breadcrumb":{"@id":"https:\/\/www.ubishops.ca\/fr\/futurs-etudiants\/processus-dadmission\/admission-requirements\/candidats-med-ma\/#breadcrumb"},"inLanguage":"fr-FR","potentialAction":[{"@type":"ReadAction","target":["https:\/\/www.ubishops.ca\/fr\/futurs-etudiants\/processus-dadmission\/admission-requirements\/candidats-med-ma\/"]}]},{"@type":"BreadcrumbList","@id":"https:\/\/www.ubishops.ca\/fr\/futurs-etudiants\/processus-dadmission\/admission-requirements\/candidats-med-ma\/#breadcrumb","itemListElement":[{"@type":"ListItem","position":1,"name":"Accueil","item":"https:\/\/www.ubishops.ca\/fr\/"},{"@type":"ListItem","position":2,"name":"Futurs \u00e9tudiants","item":"https:\/\/www.ubishops.ca\/fr\/futurs-etudiants\/"},{"@type":"ListItem","position":3,"name":"Processus d\u2019admission","item":"https:\/\/www.ubishops.ca\/fr\/futurs-etudiants\/processus-dadmission\/"},{"@type":"ListItem","position":4,"name":"Crit\u00e8res d\u2019admission","item":"https:\/\/www.ubishops.ca\/fr\/futurs-etudiants\/processus-dadmission\/admission-requirements\/"},{"@type":"ListItem","position":5,"name":"Candidats \u00e0 la ma\u00eetrise en \u00e9ducation (M.\u00c9d.) ou \u00e0 la ma\u00eetrise \u00e8s arts en \u00e9ducation (M.A.)"}]},{"@type":"WebSite","@id":"https:\/\/www.ubishops.ca\/#website","url":"https:\/\/www.ubishops.ca\/","name":"Bishop&#039;s University","description":"","potentialAction":[{"@type":"SearchAction","target":{"@type":"EntryPoint","urlTemplate":"https:\/\/www.ubishops.ca\/?s={search_term_string}"},"query-input":{"@type":"PropertyValueSpecification","valueRequired":true,"valueName":"search_term_string"}}],"inLanguage":"fr-FR"}]}},"taxonomy_info":[],"featured_image_src_large":false,"author_info":{"display_name":"Julie Fradette","author_link":"https:\/\/www.ubishops.ca\/fr\/author\/jfradett\/"},"comment_info":0,"publishpress_future_action":{"enabled":false,"date":"2026-04-15 11:19:25","action":"change-status","newStatus":"draft","terms":[],"taxonomy":"translation_priority","extraData":[]},"publishpress_future_workflow_manual_trigger":{"enabledWorkflows":[]},"_links":{"self":[{"href":"https:\/\/www.ubishops.ca\/fr\/wp-json\/wp\/v2\/pages\/113685","targetHints":{"allow":["GET"]}}],"collection":[{"href":"https:\/\/www.ubishops.ca\/fr\/wp-json\/wp\/v2\/pages"}],"about":[{"href":"https:\/\/www.ubishops.ca\/fr\/wp-json\/wp\/v2\/types\/page"}],"author":[{"embeddable":true,"href":"https:\/\/www.ubishops.ca\/fr\/wp-json\/wp\/v2\/users\/49"}],"replies":[{"embeddable":true,"href":"https:\/\/www.ubishops.ca\/fr\/wp-json\/wp\/v2\/comments?post=113685"}],"version-history":[{"count":2,"href":"https:\/\/www.ubishops.ca\/fr\/wp-json\/wp\/v2\/pages\/113685\/revisions"}],"predecessor-version":[{"id":123246,"href":"https:\/\/www.ubishops.ca\/fr\/wp-json\/wp\/v2\/pages\/113685\/revisions\/123246"}],"up":[{"embeddable":true,"href":"https:\/\/www.ubishops.ca\/fr\/wp-json\/wp\/v2\/pages\/80854"}],"wp:attachment":[{"href":"https:\/\/www.ubishops.ca\/fr\/wp-json\/wp\/v2\/media?parent=113685"}],"curies":[{"name":"wp","href":"https:\/\/api.w.org\/{rel}","templated":true}]}}