{"id":113677,"date":"2020-12-16T14:30:50","date_gmt":"2020-12-16T19:30:50","guid":{"rendered":"https:\/\/www.ubishops.ca\/futurs-etudiants\/processus-dadmission\/admission-requirements\/iperc-accp-students\/"},"modified":"2024-07-10T14:50:14","modified_gmt":"2024-07-10T18:50:14","slug":"etudiants-iperc-accp","status":"publish","type":"page","link":"https:\/\/www.ubishops.ca\/fr\/futurs-etudiants\/processus-dadmission\/admission-requirements\/etudiants-iperc-accp\/","title":{"rendered":"\u00c9tudiants de l\u2019IPERC-ACCP"},"content":{"rendered":"\n<p>L\u2019ACCP (Advanced College Credit Pathway) est un programme qui permet \u00e0 certains \u00e9tudiants internationaux du secondaire ou de premi\u00e8re ann\u00e9e coll\u00e9giale d\u2019obtenir l\u2019\u00e9quivalent d\u2019une ann\u00e9e de cr\u00e9dits de formation coll\u00e9giale g\u00e9n\u00e9rale en passant par le programme double Explorer de l\u2019Universit\u00e9 Marquette dans un \u00e9tablissement ACCP. Les \u00e9tudiants qui respectent les crit\u00e8res d\u2019admission pourront passer l\u2019examen d\u2019entr\u00e9e d\u2019une universit\u00e9 partenaire ACCP en transf\u00e9rant les cr\u00e9dits re\u00e7us dans le programme ACCP. (<a href=\"https:\/\/www.iperc.org\/accp\" target=\"_blank\" rel=\"noreferrer noopener\">https:\/\/www.iperc.org\/accp<\/a>)<\/p>\n\n\n\n<p>Pour en savoir plus, consulte la page <a href=\"https:\/\/www.ubishops.ca\/future-students\/admission-process\/transfer-credits-at-bishops-university\/\">Cr\u00e9dits de transfert \u00e0 l\u2019Universit\u00e9 Bishop\u2019s<\/a> ou jette un \u0153il au <a href=\"https:\/\/www.ubishops.ca\/future-students\/admission-process\/transfer-credits-at-bishops-university\/iperc-accp-credit-chart\/\">tableau de cr\u00e9dits IPERC-ACCP<\/a>.&nbsp;<\/p>\n\n\n\n<h2 class=\"wp-block-heading\" id=\"accp-english-exam\">Examen d\u2019anglais de l\u2019ACCP<\/h2>\n\n\n\n<p>Les \u00e9tudiants qui passent l\u2019examen d\u2019anglais de l\u2019ACCP et obtiennent une note d\u2019au moins 80\u202f% n\u2019ont pas \u00e0 soumettre un r\u00e9sultat de test d\u2019aptitudes linguistiques en anglais (comme les tests TOEFL or IELTS) en plus de celui-ci; l\u2019examen d\u2019anglais de l\u2019ACCP sera jug\u00e9 suffisant pour r\u00e9pondre aux crit\u00e8res de Bishop\u2019s.<\/p>\n","protected":false},"excerpt":{"rendered":"<p>L\u2019ACCP (Advanced College Credit Pathway) est un programme qui permet \u00e0 certains \u00e9tudiants internationaux du secondaire ou de premi\u00e8re ann\u00e9e coll\u00e9giale d\u2019obtenir l\u2019\u00e9quivalent d\u2019une ann\u00e9e de cr\u00e9dits de formation coll\u00e9giale g\u00e9n\u00e9rale en passant par le programme double Explorer de l\u2019Universit\u00e9 Marquette dans un \u00e9tablissement ACCP. Les \u00e9tudiants qui respectent les crit\u00e8res d\u2019admission pourront passer l\u2019examen&#8230;<\/p>\n","protected":false},"author":49,"featured_media":0,"parent":80854,"menu_order":119,"comment_status":"closed","ping_status":"closed","template":"templates\/page-width-sidebar.php","meta":{"_acf_changed":false,"_cbd_carousel_blocks":"[]","_kad_blocks_custom_css":"","_kad_blocks_head_custom_js":"","_kad_blocks_body_custom_js":"","_kad_blocks_footer_custom_js":"","_kad_post_transparent":"","_kad_post_title":"","_kad_post_layout":"","_kad_post_sidebar_id":"","_kad_post_content_style":"","_kad_post_vertical_padding":"","_kad_post_feature":"","_kad_post_feature_position":"","_kad_post_header":false,"_kad_post_footer":false,"_kad_post_classname":"","footnotes":""},"class_list":["post-113677","page","type-page","status-publish","hentry"],"acf":[],"yoast_head":"<!-- This site is optimized with the Yoast SEO plugin v27.2 - https:\/\/yoast.com\/product\/yoast-seo-wordpress\/ -->\n<title>\u00c9tudiants de l\u2019IPERC-ACCP - Bishop&#039;s University<\/title>\n<meta name=\"robots\" content=\"index, follow, max-snippet:-1, max-image-preview:large, max-video-preview:-1\" \/>\n<link rel=\"canonical\" href=\"https:\/\/www.ubishops.ca\/fr\/futurs-etudiants\/processus-dadmission\/admission-requirements\/etudiants-iperc-accp\/\" \/>\n<meta property=\"og:locale\" content=\"fr_FR\" \/>\n<meta property=\"og:type\" content=\"article\" \/>\n<meta property=\"og:title\" content=\"\u00c9tudiants de l\u2019IPERC-ACCP - Bishop&#039;s University\" \/>\n<meta property=\"og:description\" content=\"L\u2019ACCP (Advanced College Credit Pathway) est un programme qui permet \u00e0 certains \u00e9tudiants internationaux du secondaire ou de premi\u00e8re ann\u00e9e coll\u00e9giale d\u2019obtenir l\u2019\u00e9quivalent d\u2019une ann\u00e9e de cr\u00e9dits de formation coll\u00e9giale g\u00e9n\u00e9rale en passant par le programme double Explorer de l\u2019Universit\u00e9 Marquette dans un \u00e9tablissement ACCP. Les \u00e9tudiants qui respectent les crit\u00e8res d\u2019admission pourront passer l\u2019examen...\" \/>\n<meta property=\"og:url\" content=\"https:\/\/www.ubishops.ca\/fr\/futurs-etudiants\/processus-dadmission\/admission-requirements\/etudiants-iperc-accp\/\" \/>\n<meta property=\"og:site_name\" content=\"Bishop&#039;s University\" \/>\n<meta property=\"article:publisher\" content=\"https:\/\/www.facebook.com\/ubishops\" \/>\n<meta property=\"article:modified_time\" content=\"2024-07-10T18:50:14+00:00\" \/>\n<meta name=\"twitter:card\" content=\"summary_large_image\" \/>\n<meta name=\"twitter:site\" content=\"@ubishops\" \/>\n<meta name=\"twitter:label1\" content=\"Dur\u00e9e de lecture estim\u00e9e\" \/>\n\t<meta name=\"twitter:data1\" content=\"1 minute\" \/>\n<script type=\"application\/ld+json\" class=\"yoast-schema-graph\">{\"@context\":\"https:\/\/schema.org\",\"@graph\":[{\"@type\":\"WebPage\",\"@id\":\"https:\/\/www.ubishops.ca\/fr\/futurs-etudiants\/processus-dadmission\/admission-requirements\/etudiants-iperc-accp\/\",\"url\":\"https:\/\/www.ubishops.ca\/fr\/futurs-etudiants\/processus-dadmission\/admission-requirements\/etudiants-iperc-accp\/\",\"name\":\"\u00c9tudiants de l\u2019IPERC-ACCP - Bishop&#039;s University\",\"isPartOf\":{\"@id\":\"https:\/\/www.ubishops.ca\/#website\"},\"datePublished\":\"2020-12-16T19:30:50+00:00\",\"dateModified\":\"2024-07-10T18:50:14+00:00\",\"breadcrumb\":{\"@id\":\"https:\/\/www.ubishops.ca\/fr\/futurs-etudiants\/processus-dadmission\/admission-requirements\/etudiants-iperc-accp\/#breadcrumb\"},\"inLanguage\":\"fr-FR\",\"potentialAction\":[{\"@type\":\"ReadAction\",\"target\":[\"https:\/\/www.ubishops.ca\/fr\/futurs-etudiants\/processus-dadmission\/admission-requirements\/etudiants-iperc-accp\/\"]}]},{\"@type\":\"BreadcrumbList\",\"@id\":\"https:\/\/www.ubishops.ca\/fr\/futurs-etudiants\/processus-dadmission\/admission-requirements\/etudiants-iperc-accp\/#breadcrumb\",\"itemListElement\":[{\"@type\":\"ListItem\",\"position\":1,\"name\":\"Accueil\",\"item\":\"https:\/\/www.ubishops.ca\/fr\/\"},{\"@type\":\"ListItem\",\"position\":2,\"name\":\"Futurs \u00e9tudiants\",\"item\":\"https:\/\/www.ubishops.ca\/fr\/futurs-etudiants\/\"},{\"@type\":\"ListItem\",\"position\":3,\"name\":\"Processus d\u2019admission\",\"item\":\"https:\/\/www.ubishops.ca\/fr\/futurs-etudiants\/processus-dadmission\/\"},{\"@type\":\"ListItem\",\"position\":4,\"name\":\"Crit\u00e8res d\u2019admission\",\"item\":\"https:\/\/www.ubishops.ca\/fr\/futurs-etudiants\/processus-dadmission\/admission-requirements\/\"},{\"@type\":\"ListItem\",\"position\":5,\"name\":\"\u00c9tudiants de l\u2019IPERC-ACCP\"}]},{\"@type\":\"WebSite\",\"@id\":\"https:\/\/www.ubishops.ca\/#website\",\"url\":\"https:\/\/www.ubishops.ca\/\",\"name\":\"Bishop&#039;s University\",\"description\":\"\",\"potentialAction\":[{\"@type\":\"SearchAction\",\"target\":{\"@type\":\"EntryPoint\",\"urlTemplate\":\"https:\/\/www.ubishops.ca\/?s={search_term_string}\"},\"query-input\":{\"@type\":\"PropertyValueSpecification\",\"valueRequired\":true,\"valueName\":\"search_term_string\"}}],\"inLanguage\":\"fr-FR\"}]}<\/script>\n<!-- \/ Yoast SEO plugin. -->","yoast_head_json":{"title":"\u00c9tudiants de l\u2019IPERC-ACCP - Bishop&#039;s University","robots":{"index":"index","follow":"follow","max-snippet":"max-snippet:-1","max-image-preview":"max-image-preview:large","max-video-preview":"max-video-preview:-1"},"canonical":"https:\/\/www.ubishops.ca\/fr\/futurs-etudiants\/processus-dadmission\/admission-requirements\/etudiants-iperc-accp\/","og_locale":"fr_FR","og_type":"article","og_title":"\u00c9tudiants de l\u2019IPERC-ACCP - Bishop&#039;s University","og_description":"L\u2019ACCP (Advanced College Credit Pathway) est un programme qui permet \u00e0 certains \u00e9tudiants internationaux du secondaire ou de premi\u00e8re ann\u00e9e coll\u00e9giale d\u2019obtenir l\u2019\u00e9quivalent d\u2019une ann\u00e9e de cr\u00e9dits de formation coll\u00e9giale g\u00e9n\u00e9rale en passant par le programme double Explorer de l\u2019Universit\u00e9 Marquette dans un \u00e9tablissement ACCP. Les \u00e9tudiants qui respectent les crit\u00e8res d\u2019admission pourront passer l\u2019examen...","og_url":"https:\/\/www.ubishops.ca\/fr\/futurs-etudiants\/processus-dadmission\/admission-requirements\/etudiants-iperc-accp\/","og_site_name":"Bishop&#039;s University","article_publisher":"https:\/\/www.facebook.com\/ubishops","article_modified_time":"2024-07-10T18:50:14+00:00","twitter_card":"summary_large_image","twitter_site":"@ubishops","twitter_misc":{"Dur\u00e9e de lecture estim\u00e9e":"1 minute"},"schema":{"@context":"https:\/\/schema.org","@graph":[{"@type":"WebPage","@id":"https:\/\/www.ubishops.ca\/fr\/futurs-etudiants\/processus-dadmission\/admission-requirements\/etudiants-iperc-accp\/","url":"https:\/\/www.ubishops.ca\/fr\/futurs-etudiants\/processus-dadmission\/admission-requirements\/etudiants-iperc-accp\/","name":"\u00c9tudiants de l\u2019IPERC-ACCP - Bishop&#039;s University","isPartOf":{"@id":"https:\/\/www.ubishops.ca\/#website"},"datePublished":"2020-12-16T19:30:50+00:00","dateModified":"2024-07-10T18:50:14+00:00","breadcrumb":{"@id":"https:\/\/www.ubishops.ca\/fr\/futurs-etudiants\/processus-dadmission\/admission-requirements\/etudiants-iperc-accp\/#breadcrumb"},"inLanguage":"fr-FR","potentialAction":[{"@type":"ReadAction","target":["https:\/\/www.ubishops.ca\/fr\/futurs-etudiants\/processus-dadmission\/admission-requirements\/etudiants-iperc-accp\/"]}]},{"@type":"BreadcrumbList","@id":"https:\/\/www.ubishops.ca\/fr\/futurs-etudiants\/processus-dadmission\/admission-requirements\/etudiants-iperc-accp\/#breadcrumb","itemListElement":[{"@type":"ListItem","position":1,"name":"Accueil","item":"https:\/\/www.ubishops.ca\/fr\/"},{"@type":"ListItem","position":2,"name":"Futurs \u00e9tudiants","item":"https:\/\/www.ubishops.ca\/fr\/futurs-etudiants\/"},{"@type":"ListItem","position":3,"name":"Processus d\u2019admission","item":"https:\/\/www.ubishops.ca\/fr\/futurs-etudiants\/processus-dadmission\/"},{"@type":"ListItem","position":4,"name":"Crit\u00e8res d\u2019admission","item":"https:\/\/www.ubishops.ca\/fr\/futurs-etudiants\/processus-dadmission\/admission-requirements\/"},{"@type":"ListItem","position":5,"name":"\u00c9tudiants de l\u2019IPERC-ACCP"}]},{"@type":"WebSite","@id":"https:\/\/www.ubishops.ca\/#website","url":"https:\/\/www.ubishops.ca\/","name":"Bishop&#039;s University","description":"","potentialAction":[{"@type":"SearchAction","target":{"@type":"EntryPoint","urlTemplate":"https:\/\/www.ubishops.ca\/?s={search_term_string}"},"query-input":{"@type":"PropertyValueSpecification","valueRequired":true,"valueName":"search_term_string"}}],"inLanguage":"fr-FR"}]}},"taxonomy_info":[],"featured_image_src_large":false,"author_info":{"display_name":"Julie Fradette","author_link":"https:\/\/www.ubishops.ca\/fr\/author\/jfradett\/"},"comment_info":0,"publishpress_future_action":{"enabled":false,"date":"2026-04-15 13:18:04","action":"change-status","newStatus":"draft","terms":[],"taxonomy":"translation_priority","extraData":[]},"publishpress_future_workflow_manual_trigger":{"enabledWorkflows":[]},"_links":{"self":[{"href":"https:\/\/www.ubishops.ca\/fr\/wp-json\/wp\/v2\/pages\/113677","targetHints":{"allow":["GET"]}}],"collection":[{"href":"https:\/\/www.ubishops.ca\/fr\/wp-json\/wp\/v2\/pages"}],"about":[{"href":"https:\/\/www.ubishops.ca\/fr\/wp-json\/wp\/v2\/types\/page"}],"author":[{"embeddable":true,"href":"https:\/\/www.ubishops.ca\/fr\/wp-json\/wp\/v2\/users\/49"}],"replies":[{"embeddable":true,"href":"https:\/\/www.ubishops.ca\/fr\/wp-json\/wp\/v2\/comments?post=113677"}],"version-history":[{"count":0,"href":"https:\/\/www.ubishops.ca\/fr\/wp-json\/wp\/v2\/pages\/113677\/revisions"}],"up":[{"embeddable":true,"href":"https:\/\/www.ubishops.ca\/fr\/wp-json\/wp\/v2\/pages\/80854"}],"wp:attachment":[{"href":"https:\/\/www.ubishops.ca\/fr\/wp-json\/wp\/v2\/media?parent=113677"}],"curies":[{"name":"wp","href":"https:\/\/api.w.org\/{rel}","templated":true}]}}