{"id":113659,"date":"2016-07-27T14:52:36","date_gmt":"2016-07-27T18:52:36","guid":{"rendered":"https:\/\/www.ubishops.ca\/futurs-etudiants\/processus-dadmission\/admission-requirements\/international-high-school-students\/"},"modified":"2024-07-10T14:05:10","modified_gmt":"2024-07-10T18:05:10","slug":"etudiants-internationaux-du-secondaire","status":"publish","type":"page","link":"https:\/\/www.ubishops.ca\/fr\/futurs-etudiants\/processus-dadmission\/admission-requirements\/etudiants-internationaux-du-secondaire\/","title":{"rendered":"\u00c9tudiants internationaux du secondaire"},"content":{"rendered":"\n<p>Tu es un \u00e9tudiant international provenant d\u2019une \u00e9cole secondaire aux fins de l\u2019admission si\u202f:<\/p>\n\n\n\n<ul class=\"wp-block-list\">\n<li>tu suis actuellement un programme d\u2019\u00e9tudes secondaires dans un \u00e9tablissement en dehors du Canada ou des \u00c9tats-Unis; ou<\/li>\n\n\n\n<li>tu as termin\u00e9 des \u00e9tudes secondaires dans un \u00e9tablissement en dehors du Canada ou des \u00c9tats-Unis dans les deux\u202fderni\u00e8res ann\u00e9es et tu n\u2019as pas \u00e9tudi\u00e9 dans un autre \u00e9tablissement depuis la fin de tes \u00e9tudes secondaires.<\/li>\n<\/ul>\n\n\n\n<div style=\"height:20px\" aria-hidden=\"true\" class=\"wp-block-spacer\"><\/div>\n\n\n\n<div class=\"wp-block-buttons is-layout-flex wp-block-buttons-is-layout-flex\">\n<div class=\"wp-block-button\"><a class=\"wp-block-button__link has-purple-background-color has-background wp-element-button\" href=\"https:\/\/www.ubishops.ca\/fr\/futurs-etudiants\/bishops-university-online-application\/\">Inscris-toi<\/a><\/div>\n<\/div>\n\n\n\n<div style=\"height:30px\" aria-hidden=\"true\" class=\"wp-block-spacer\"><\/div>\n\n\n\n<h2 class=\"wp-block-heading\" id=\"admission-requirements-general\">Crit\u00e8res d\u2019admission\u202f: g\u00e9n\u00e9raux<\/h2>\n\n\n\n<p>Les crit\u00e8res suivants servent de guides pour que le dossier d\u2019admission soit jug\u00e9 satisfaisant. \u00c0 chaque cycle d\u2019admission, l\u2019Universit\u00e9 Bishop\u2019s re\u00e7oit plus de demandes que le nombre de places disponibles. L\u2019atteinte des crit\u00e8res minimaux ne garantit donc pas l\u2019admission. Par ailleurs, certains dossiers qui ne respectent pas les crit\u00e8res minimaux pourraient \u00eatre \u00e9valu\u00e9s au cas par cas; le bureau des admissions peut alors demander des compl\u00e9ments d\u2019information en plus de ce qui est indiqu\u00e9 ci-dessous.<\/p>\n\n\n\n<ul class=\"wp-block-list\">\n<li>Normalement termin\u00e9 12\u202fann\u00e9es d\u2019\u00e9ducation officielle et re\u00e7u un dipl\u00f4me d\u2019\u00e9tudes secondaires qui donne acc\u00e8s \u00e0 l\u2019universit\u00e9 dans ton pays d\u2019origine. Si tu \u00e9tudies ou si tu as termin\u00e9 tes \u00e9tudes dans une \u00e9cole secondaire d\u2019un pays o\u00f9 le parcours se termine apr\u00e8s 11\u202fann\u00e9es d\u2019\u00e9ducation officielle, ta demande sera \u00e9valu\u00e9e de fa\u00e7on individuelle.<\/li>\n\n\n\n<li>La moyenne minimale d\u00e9pend du programme suivi; les relev\u00e9s de notes seront examin\u00e9s au cas par cas. Communique avec le bureau des admissions (<a href=\"&#109;a&#x69;l&#x74;&#111;&#x3a;&#97;&#x64;&#109;i&#x73;s&#x69;&#111;&#x6e;&#115;&#x40;&#117;&#x62;&#105;s&#x68;o&#x70;&#115;&#x2e;&#99;&#x61;\">a&#100;&#x6d;&#x69;s&#115;&#105;&#x6f;&#x6e;s&#64;&#x75;&#x62;i&#115;&#104;&#x6f;&#x70;s&#46;&#x63;&#x61;<\/a>) si tu veux en savoir plus en fonction de ta situation particuli\u00e8re.<\/li>\n<\/ul>\n\n\n\n<div style=\"height:30px\" aria-hidden=\"true\" class=\"wp-block-spacer\"><\/div>\n\n\n\n<h2 class=\"wp-block-heading\" id=\"admission-requirements-program-specific\">Crit\u00e8res d\u2019admission\u202f: programmes particuliers<\/h2>\n\n\n\n<p>Une attention particuli\u00e8re est port\u00e9e au programme scolaire du pays o\u00f9 les \u00e9tudes secondaires ont \u00e9t\u00e9 faites, mais les exigences de cours suivantes sont n\u00e9anmoins g\u00e9n\u00e9ralement appliqu\u00e9es\u202f:<\/p>\n\n\n\n<h3 class=\"wp-block-heading\" id=\"degree-program-division\">Selon les programmes\u202f:<\/h3>\n\n\n\n<p><strong>\u00c9COLE DE GESTION WILLIAMS<\/strong><\/p>\n\n\n\n<p>Exigences de cours\u202f: Math\u00e9matiques de niveau 11e\u202fann\u00e9e<\/p>\n\n\n\n<p><strong>LETTRES ET SCIENCES HUMAINES<\/strong><\/p>\n\n\n\n<p>Exigences de cours\u202f: aucune exigence<\/p>\n\n\n\n<p><strong>SCIENCES SOCIALES<\/strong><\/p>\n\n\n\n<p>Exigences de cours\u202f: aucune exigence<\/p>\n\n\n\n<p><strong>SCIENCES NATURELLES ET MATH\u00c9MATIQUES<\/strong><\/p>\n\n\n\n<ul class=\"wp-block-list\">\n<li>Cours obligatoires pour les programmes de B.Sc. en sciences\u202f: un\u202fcours de math\u00e9matiques de niveau d\u2019entr\u00e9e \u00e0 l\u2019universit\u00e9, deux\u202fcours de sciences de niveau d\u2019entr\u00e9e \u00e0 l\u2019universit\u00e9 (biologie, chimie ou physique).<\/li>\n\n\n\n<li>Cours obligatoires pour les programmes de B.A. en sciences\u202f: un\u202fcours de math\u00e9matiques de niveau d\u2019entr\u00e9e \u00e0 l\u2019universit\u00e9.<\/li>\n<\/ul>\n\n\n\n<p><strong>\u00c9COLE D\u2019\u00c9DUCATION<\/strong><\/p>\n\n\n\n<p>Exigences de cours\u202f: aucune exigence<\/p>\n\n\n\n<p><strong>\u00c9COLE D\u2019\u00c9DUCATION \u2013 enseignement des math\u00e9matiques ou des sciences<\/strong><\/p>\n\n\n\n<p>Exigences de cours\u202f: un\u202fcours de math\u00e9matiques de niveau d\u2019entr\u00e9e \u00e0 l\u2019universit\u00e9, deux\u202fcours de sciences de niveau d\u2019entr\u00e9e \u00e0 l\u2019universit\u00e9 (biologie, chimie ou physique).<\/p>\n\n\n\n<div style=\"height:30px\" aria-hidden=\"true\" class=\"wp-block-spacer\"><\/div>\n\n\n\n<h2 class=\"wp-block-heading\" id=\"required-supporting-documents-all-applicants\">Documents justificatifs requis\u202f: tous les candidats<\/h2>\n\n\n\n<ul class=\"wp-block-list\">\n<li>Preuve d\u2019aptitudes linguistiques en anglais. Tous les candidats doivent soumettre une preuve qu\u2019ils ont une connaissance suffisante de l\u2019anglais. <a href=\"https:\/\/www.ubishops.ca\/future-students\/admission-process\/providing-proof-of-english-language-proficiency\/\">Consulte la page Exigences en mati\u00e8re de connaissance de l\u2019anglais<\/a> pour d\u00e9terminer quels documents suppl\u00e9mentaires tu devras fournir, si n\u00e9cessaire. Si tes aptitudes linguistiques en anglais ne sont pas suffisantes selon nos crit\u00e8res minimums, il existe plusieurs <a href=\"https:\/\/www.ubishops.ca\/future-students\/admission-process\/admission-requirements\/english-language-school-pathway-students\/\">Programmes pr\u00e9paratoires aux \u00e9tudes en anglais<\/a> avec lesquels nous avons un partenariat qui pourraient t\u2019aider.<\/li>\n\n\n\n<li>Copie d\u2019un relev\u00e9 de notes du secondaire, avec les notes aux \u00e9valuations de mi-session si disponibles<\/li>\n\n\n\n<li>Copies d\u2019une ou plusieurs pi\u00e8ces d\u2019identit\u00e9. Consulte la page Pi\u00e8ces d\u2019identit\u00e9 pour d\u00e9terminer quels documents tu devras fournir.<\/li>\n<\/ul>\n\n\n\n<p>L\u2019Universit\u00e9 Bishop\u2019s applique une approche holistique dans son processus d\u2019admission. Tous les documents suppl\u00e9mentaires pertinents que tu fournis seront examin\u00e9s. \u00c0 sa discr\u00e9tion, le bureau des admissions pourrait te demander d\u2019autres documents justificatifs (essai personnel, <a href=\"https:\/\/www.ubishops.ca\/future-students\/admission-process\/letter-of-intent-hold-status\/\">lettre d\u2019intention<\/a>, lettre de recommandation, CV ou autre) pour l\u2019aider dans l\u2019\u00e9valuation de ta demande.<\/p>\n\n\n\n<div style=\"height:30px\" aria-hidden=\"true\" class=\"wp-block-spacer\"><\/div>\n\n\n\n<h2 class=\"wp-block-heading\" id=\"additional-supporting-documents-program-specific\">Autres documents justificatifs\u202f: programmes particuliers<\/h2>\n\n\n\n<p><strong>Candidats \u00e0 des programmes du d\u00e9partement de musique\u202f:<\/strong><\/p>\n\n\n\n<p>Les candidats aux programmes suivants du d\u00e9partement de musique doivent pr\u00e9senter une audition et une lettre exposant leur parcours musical. <a href=\"https:\/\/www.ubishops.ca\/wp-content\/uploads\/MusicApplicant_WebsiteInfo_Fall2013_Final-1.pdf\" target=\"_blank\" rel=\"noreferrer noopener\">Consulte la Fiche d\u2019informations sur l\u2019admission en musique<\/a> pour en savoir plus\u202f:<\/p>\n\n\n\n<ul class=\"wp-block-list\">\n<li>Baccalaur\u00e9at avec majeure en musique et culture<\/li>\n\n\n\n<li>Baccalaur\u00e9at avec majeure en interpr\u00e9tation musicale<\/li>\n\n\n\n<li>Baccalaur\u00e9at avec majeure en musique\u202f: Concentration th\u00e9\u00e2tre musical<\/li>\n\n\n\n<li>Baccalaur\u00e9at avec majeure en administration des arts\u202f: Concentration musique<\/li>\n\n\n\n<li>Baccalaur\u00e9at en \u00e9ducation, option enseignement et apprentissage des arts cr\u00e9atifs\u202f: Musique<\/li>\n<\/ul>\n\n\n\n<div style=\"height:30px\" aria-hidden=\"true\" class=\"wp-block-spacer\"><\/div>\n\n\n\n<h2 class=\"wp-block-heading\">Soumission des documents<\/h2>\n\n\n\n<p>Tous les documents justificatifs peuvent \u00eatre t\u00e9l\u00e9vers\u00e9s sur notre syst\u00e8me en ligne au moment de la demande d\u2019admission ou sur le Portail des candidats myBU en utilisant l\u2019option \u00ab\u202fSoumettre les documents manquants\u202f\u00bb. Ils peuvent \u00e9galement \u00eatre transmis par courriel \u00e0\u00a0<a href=\"&#x6d;&#97;&#x69;&#x6c;&#116;&#x6f;&#x3a;&#97;&#x64;&#x6d;&#105;&#x73;&#x73;i&#x6f;&#x6e;s&#x40;&#117;b&#x69;&#115;h&#x6f;&#112;s&#x2e;&#99;a\">&#x61;&#100;m&#x69;&#x73;&#115;i&#x6f;&#x6e;&#115;&#64;&#x75;&#x62;&#105;s&#x68;&#x6f;&#112;s&#x2e;&#99;&#97;<\/a>.<\/p>\n\n\n\n<div style=\"height:30px\" aria-hidden=\"true\" class=\"wp-block-spacer\"><\/div>\n\n\n\n<h2 class=\"wp-block-heading\">\u00c9ch\u00e9ancier d\u2019admission<\/h2>\n\n\n\n<p>Lorsque la p\u00e9riode d\u2019\u00e9valuation d\u00e9bute dans le cadre d\u2019un cycle d\u2019admission, les dossiers sont \u00e9valu\u00e9s au fur et \u00e0 mesure. Autrement dit, d\u00e8s la r\u00e9ception de tous les documents exig\u00e9s, le bureau proc\u00e9dera \u00e0 une \u00e9valuation initiale dans les dix\u202fjours ouvrables. (Exceptions\u202f: programmes de ma\u00eetrise, programmes en musique aussi \u00e9valu\u00e9s en fonction de l\u2019audition, et programmes contingent\u00e9s).<\/p>\n\n\n\n<div style=\"height:30px\" aria-hidden=\"true\" class=\"wp-block-spacer\"><\/div>\n\n\n\n<h2 class=\"wp-block-heading\">Des questions?<\/h2>\n\n\n\n<p>N\u2019h\u00e9site pas \u00e0 communiquer avec le bureau des admissions par courriel \u00e0 <a href=\"&#x6d;&#x61;&#105;l&#x74;&#x6f;&#58;ad&#x6d;&#x69;&#115;s&#x69;&#x6f;&#110;&#115;&#64;&#x75;&#x62;&#105;s&#x68;&#x6f;&#112;&#115;&#46;&#x63;&#x61;\">&#x61;&#x64;&#x6d;&#x69;&#x73;&#x73;&#x69;&#x6f;&#110;&#115;&#64;&#117;&#98;&#105;&#115;hops&#x2e;&#x63;&#x61;<\/a> ou par t\u00e9l\u00e9phone au 819\u202f822-9600 poste\u202f2680.<\/p>\n\n\n\n<div style=\"height:20px\" aria-hidden=\"true\" class=\"wp-block-spacer\"><\/div>\n\n\n\n<div class=\"wp-block-buttons is-layout-flex wp-block-buttons-is-layout-flex\">\n<div class=\"wp-block-button\"><a class=\"wp-block-button__link has-purple-background-color has-background wp-element-button\" href=\"https:\/\/www.ubishops.ca\/fr\/futurs-etudiants\/bishops-university-online-application\/\">Inscris-toi<\/a><\/div>\n<\/div>\n","protected":false},"excerpt":{"rendered":"<p>Tu es un \u00e9tudiant international provenant d\u2019une \u00e9cole secondaire aux fins de l\u2019admission si\u202f: Crit\u00e8res d\u2019admission\u202f: g\u00e9n\u00e9raux Les crit\u00e8res suivants servent de guides pour que le dossier d\u2019admission soit jug\u00e9 satisfaisant. \u00c0 chaque cycle d\u2019admission, l\u2019Universit\u00e9 Bishop\u2019s re\u00e7oit plus de demandes que le nombre de places disponibles. L\u2019atteinte des crit\u00e8res minimaux ne garantit donc pas&#8230;<\/p>\n","protected":false},"author":49,"featured_media":0,"parent":80854,"menu_order":111,"comment_status":"closed","ping_status":"closed","template":"templates\/page-width-sidebar.php","meta":{"_acf_changed":false,"_cbd_carousel_blocks":"[]","_kad_blocks_custom_css":"","_kad_blocks_head_custom_js":"","_kad_blocks_body_custom_js":"","_kad_blocks_footer_custom_js":"","_kad_post_transparent":"","_kad_post_title":"","_kad_post_layout":"","_kad_post_sidebar_id":"","_kad_post_content_style":"","_kad_post_vertical_padding":"","_kad_post_feature":"","_kad_post_feature_position":"","_kad_post_header":false,"_kad_post_footer":false,"_kad_post_classname":"","footnotes":""},"class_list":["post-113659","page","type-page","status-publish","hentry"],"acf":[],"yoast_head":"<!-- This site is optimized with the Yoast SEO plugin v27.2 - https:\/\/yoast.com\/product\/yoast-seo-wordpress\/ -->\n<title>\u00c9tudiants internationaux du secondaire - Bishop&#039;s University<\/title>\n<meta name=\"robots\" content=\"index, follow, max-snippet:-1, max-image-preview:large, max-video-preview:-1\" \/>\n<link rel=\"canonical\" href=\"https:\/\/www.ubishops.ca\/fr\/futurs-etudiants\/processus-dadmission\/admission-requirements\/etudiants-internationaux-du-secondaire\/\" \/>\n<meta property=\"og:locale\" content=\"fr_FR\" \/>\n<meta property=\"og:type\" content=\"article\" \/>\n<meta property=\"og:title\" content=\"\u00c9tudiants internationaux du secondaire - Bishop&#039;s University\" \/>\n<meta property=\"og:description\" content=\"Tu es un \u00e9tudiant international provenant d\u2019une \u00e9cole secondaire aux fins de l\u2019admission si\u202f: Crit\u00e8res d\u2019admission\u202f: g\u00e9n\u00e9raux Les crit\u00e8res suivants servent de guides pour que le dossier d\u2019admission soit jug\u00e9 satisfaisant. \u00c0 chaque cycle d\u2019admission, l\u2019Universit\u00e9 Bishop\u2019s re\u00e7oit plus de demandes que le nombre de places disponibles. L\u2019atteinte des crit\u00e8res minimaux ne garantit donc pas...\" \/>\n<meta property=\"og:url\" content=\"https:\/\/www.ubishops.ca\/fr\/futurs-etudiants\/processus-dadmission\/admission-requirements\/etudiants-internationaux-du-secondaire\/\" \/>\n<meta property=\"og:site_name\" content=\"Bishop&#039;s University\" \/>\n<meta property=\"article:publisher\" content=\"https:\/\/www.facebook.com\/ubishops\" \/>\n<meta property=\"article:modified_time\" content=\"2024-07-10T18:05:10+00:00\" \/>\n<meta name=\"twitter:card\" content=\"summary_large_image\" \/>\n<meta name=\"twitter:site\" content=\"@ubishops\" \/>\n<meta name=\"twitter:label1\" content=\"Dur\u00e9e de lecture estim\u00e9e\" \/>\n\t<meta name=\"twitter:data1\" content=\"3 minutes\" \/>\n<script type=\"application\/ld+json\" class=\"yoast-schema-graph\">{\"@context\":\"https:\/\/schema.org\",\"@graph\":[{\"@type\":\"WebPage\",\"@id\":\"https:\/\/www.ubishops.ca\/fr\/futurs-etudiants\/processus-dadmission\/admission-requirements\/etudiants-internationaux-du-secondaire\/\",\"url\":\"https:\/\/www.ubishops.ca\/fr\/futurs-etudiants\/processus-dadmission\/admission-requirements\/etudiants-internationaux-du-secondaire\/\",\"name\":\"\u00c9tudiants internationaux du secondaire - Bishop&#039;s University\",\"isPartOf\":{\"@id\":\"https:\/\/www.ubishops.ca\/#website\"},\"datePublished\":\"2016-07-27T18:52:36+00:00\",\"dateModified\":\"2024-07-10T18:05:10+00:00\",\"breadcrumb\":{\"@id\":\"https:\/\/www.ubishops.ca\/fr\/futurs-etudiants\/processus-dadmission\/admission-requirements\/etudiants-internationaux-du-secondaire\/#breadcrumb\"},\"inLanguage\":\"fr-FR\",\"potentialAction\":[{\"@type\":\"ReadAction\",\"target\":[\"https:\/\/www.ubishops.ca\/fr\/futurs-etudiants\/processus-dadmission\/admission-requirements\/etudiants-internationaux-du-secondaire\/\"]}]},{\"@type\":\"BreadcrumbList\",\"@id\":\"https:\/\/www.ubishops.ca\/fr\/futurs-etudiants\/processus-dadmission\/admission-requirements\/etudiants-internationaux-du-secondaire\/#breadcrumb\",\"itemListElement\":[{\"@type\":\"ListItem\",\"position\":1,\"name\":\"Accueil\",\"item\":\"https:\/\/www.ubishops.ca\/fr\/\"},{\"@type\":\"ListItem\",\"position\":2,\"name\":\"Futurs \u00e9tudiants\",\"item\":\"https:\/\/www.ubishops.ca\/fr\/futurs-etudiants\/\"},{\"@type\":\"ListItem\",\"position\":3,\"name\":\"Processus d\u2019admission\",\"item\":\"https:\/\/www.ubishops.ca\/fr\/futurs-etudiants\/processus-dadmission\/\"},{\"@type\":\"ListItem\",\"position\":4,\"name\":\"Crit\u00e8res d\u2019admission\",\"item\":\"https:\/\/www.ubishops.ca\/fr\/futurs-etudiants\/processus-dadmission\/admission-requirements\/\"},{\"@type\":\"ListItem\",\"position\":5,\"name\":\"\u00c9tudiants internationaux du secondaire\"}]},{\"@type\":\"WebSite\",\"@id\":\"https:\/\/www.ubishops.ca\/#website\",\"url\":\"https:\/\/www.ubishops.ca\/\",\"name\":\"Bishop&#039;s University\",\"description\":\"\",\"potentialAction\":[{\"@type\":\"SearchAction\",\"target\":{\"@type\":\"EntryPoint\",\"urlTemplate\":\"https:\/\/www.ubishops.ca\/?s={search_term_string}\"},\"query-input\":{\"@type\":\"PropertyValueSpecification\",\"valueRequired\":true,\"valueName\":\"search_term_string\"}}],\"inLanguage\":\"fr-FR\"}]}<\/script>\n<!-- \/ Yoast SEO plugin. -->","yoast_head_json":{"title":"\u00c9tudiants internationaux du secondaire - Bishop&#039;s University","robots":{"index":"index","follow":"follow","max-snippet":"max-snippet:-1","max-image-preview":"max-image-preview:large","max-video-preview":"max-video-preview:-1"},"canonical":"https:\/\/www.ubishops.ca\/fr\/futurs-etudiants\/processus-dadmission\/admission-requirements\/etudiants-internationaux-du-secondaire\/","og_locale":"fr_FR","og_type":"article","og_title":"\u00c9tudiants internationaux du secondaire - Bishop&#039;s University","og_description":"Tu es un \u00e9tudiant international provenant d\u2019une \u00e9cole secondaire aux fins de l\u2019admission si\u202f: Crit\u00e8res d\u2019admission\u202f: g\u00e9n\u00e9raux Les crit\u00e8res suivants servent de guides pour que le dossier d\u2019admission soit jug\u00e9 satisfaisant. \u00c0 chaque cycle d\u2019admission, l\u2019Universit\u00e9 Bishop\u2019s re\u00e7oit plus de demandes que le nombre de places disponibles. L\u2019atteinte des crit\u00e8res minimaux ne garantit donc pas...","og_url":"https:\/\/www.ubishops.ca\/fr\/futurs-etudiants\/processus-dadmission\/admission-requirements\/etudiants-internationaux-du-secondaire\/","og_site_name":"Bishop&#039;s University","article_publisher":"https:\/\/www.facebook.com\/ubishops","article_modified_time":"2024-07-10T18:05:10+00:00","twitter_card":"summary_large_image","twitter_site":"@ubishops","twitter_misc":{"Dur\u00e9e de lecture estim\u00e9e":"3 minutes"},"schema":{"@context":"https:\/\/schema.org","@graph":[{"@type":"WebPage","@id":"https:\/\/www.ubishops.ca\/fr\/futurs-etudiants\/processus-dadmission\/admission-requirements\/etudiants-internationaux-du-secondaire\/","url":"https:\/\/www.ubishops.ca\/fr\/futurs-etudiants\/processus-dadmission\/admission-requirements\/etudiants-internationaux-du-secondaire\/","name":"\u00c9tudiants internationaux du secondaire - Bishop&#039;s University","isPartOf":{"@id":"https:\/\/www.ubishops.ca\/#website"},"datePublished":"2016-07-27T18:52:36+00:00","dateModified":"2024-07-10T18:05:10+00:00","breadcrumb":{"@id":"https:\/\/www.ubishops.ca\/fr\/futurs-etudiants\/processus-dadmission\/admission-requirements\/etudiants-internationaux-du-secondaire\/#breadcrumb"},"inLanguage":"fr-FR","potentialAction":[{"@type":"ReadAction","target":["https:\/\/www.ubishops.ca\/fr\/futurs-etudiants\/processus-dadmission\/admission-requirements\/etudiants-internationaux-du-secondaire\/"]}]},{"@type":"BreadcrumbList","@id":"https:\/\/www.ubishops.ca\/fr\/futurs-etudiants\/processus-dadmission\/admission-requirements\/etudiants-internationaux-du-secondaire\/#breadcrumb","itemListElement":[{"@type":"ListItem","position":1,"name":"Accueil","item":"https:\/\/www.ubishops.ca\/fr\/"},{"@type":"ListItem","position":2,"name":"Futurs \u00e9tudiants","item":"https:\/\/www.ubishops.ca\/fr\/futurs-etudiants\/"},{"@type":"ListItem","position":3,"name":"Processus d\u2019admission","item":"https:\/\/www.ubishops.ca\/fr\/futurs-etudiants\/processus-dadmission\/"},{"@type":"ListItem","position":4,"name":"Crit\u00e8res d\u2019admission","item":"https:\/\/www.ubishops.ca\/fr\/futurs-etudiants\/processus-dadmission\/admission-requirements\/"},{"@type":"ListItem","position":5,"name":"\u00c9tudiants internationaux du secondaire"}]},{"@type":"WebSite","@id":"https:\/\/www.ubishops.ca\/#website","url":"https:\/\/www.ubishops.ca\/","name":"Bishop&#039;s University","description":"","potentialAction":[{"@type":"SearchAction","target":{"@type":"EntryPoint","urlTemplate":"https:\/\/www.ubishops.ca\/?s={search_term_string}"},"query-input":{"@type":"PropertyValueSpecification","valueRequired":true,"valueName":"search_term_string"}}],"inLanguage":"fr-FR"}]}},"taxonomy_info":[],"featured_image_src_large":false,"author_info":{"display_name":"Julie Fradette","author_link":"https:\/\/www.ubishops.ca\/fr\/author\/jfradett\/"},"comment_info":0,"publishpress_future_action":{"enabled":false,"date":"2026-04-15 13:16:37","action":"change-status","newStatus":"draft","terms":[],"taxonomy":"translation_priority","extraData":[]},"publishpress_future_workflow_manual_trigger":{"enabledWorkflows":[]},"_links":{"self":[{"href":"https:\/\/www.ubishops.ca\/fr\/wp-json\/wp\/v2\/pages\/113659","targetHints":{"allow":["GET"]}}],"collection":[{"href":"https:\/\/www.ubishops.ca\/fr\/wp-json\/wp\/v2\/pages"}],"about":[{"href":"https:\/\/www.ubishops.ca\/fr\/wp-json\/wp\/v2\/types\/page"}],"author":[{"embeddable":true,"href":"https:\/\/www.ubishops.ca\/fr\/wp-json\/wp\/v2\/users\/49"}],"replies":[{"embeddable":true,"href":"https:\/\/www.ubishops.ca\/fr\/wp-json\/wp\/v2\/comments?post=113659"}],"version-history":[{"count":0,"href":"https:\/\/www.ubishops.ca\/fr\/wp-json\/wp\/v2\/pages\/113659\/revisions"}],"up":[{"embeddable":true,"href":"https:\/\/www.ubishops.ca\/fr\/wp-json\/wp\/v2\/pages\/80854"}],"wp:attachment":[{"href":"https:\/\/www.ubishops.ca\/fr\/wp-json\/wp\/v2\/media?parent=113659"}],"curies":[{"name":"wp","href":"https:\/\/api.w.org\/{rel}","templated":true}]}}