{"id":113643,"date":"2016-07-27T14:22:22","date_gmt":"2016-07-27T18:22:22","guid":{"rendered":"https:\/\/www.ubishops.ca\/futurs-etudiants\/processus-dadmission\/admission-requirements\/ib-students\/"},"modified":"2024-07-10T13:18:01","modified_gmt":"2024-07-10T17:18:01","slug":"etudiants-ib","status":"publish","type":"page","link":"https:\/\/www.ubishops.ca\/fr\/futurs-etudiants\/processus-dadmission\/admission-requirements\/etudiants-ib\/","title":{"rendered":"\u00c9tudiants du baccalaur\u00e9at international (IB)"},"content":{"rendered":"\n<p>Tu es un \u00e9tudiant du baccalaur\u00e9at international aux fins de l\u2019admission si\u202f:<\/p>\n\n\n\n<ul class=\"wp-block-list\">\n<li>tu suis actuellement un programme complet menant \u00e0 un dipl\u00f4me de l\u2019IB (IBDP) dans un \u00e9tablissement reconnu par l\u2019IB; ou<\/li>\n\n\n\n<li>tu suis actuellement un programme complet \u00e0 orientation professionnelle de l\u2019IB (IBCP) dans un \u00e9tablissement reconnu par l\u2019IB; ou<\/li>\n\n\n\n<li>tu as termin\u00e9 un programme complet d\u2019IBDP ou d\u2019IBCP dans les deux\u202fderni\u00e8res ann\u00e9es dans un \u00e9tablissement reconnu par l\u2019IB et tu n\u2019as pas \u00e9tudi\u00e9 dans un autre \u00e9tablissement depuis la fin de ces \u00e9tudes.<\/li>\n<\/ul>\n\n\n\n<div class=\"wp-block-buttons is-layout-flex wp-block-buttons-is-layout-flex\">\n<div class=\"wp-block-button\"><a class=\"wp-block-button__link has-purple-background-color has-background wp-element-button\" href=\"https:\/\/www.ubishops.ca\/fr\/futurs-etudiants\/bishops-university-online-application\/\">Inscris-toi<\/a><\/div>\n<\/div>\n\n\n\n<div style=\"height:20px\" aria-hidden=\"true\" class=\"wp-block-spacer\"><\/div>\n\n\n\n<p><strong>Pour les \u00e9tudiants d\u2019une \u00e9cole \u00e0 \u00ab\u202fdouble programme\u202f\u00bb\u202f:<\/strong><br>Le dossier des \u00e9tudiants provenant d\u2019une \u00e9cole secondaire au Canada ou aux \u00c9tats-Unis qui offre un programme secondaire normal en plus du programme de l\u2019IB sera \u00e9valu\u00e9 selon le profil qui est le plus avantageux pour eux. Les \u00e9tudiants dont l\u2019admission s\u2019appuie sur leurs r\u00e9sultats au secondaire plut\u00f4t que sur la r\u00e9ussite d\u2019un programme d\u2019IBDP ou d\u2019IBCP peuvent obtenir des cr\u00e9dits accord\u00e9s en \u00e9quivalence pour leurs cours individuels de l\u2019IB de niveau plus avanc\u00e9 s\u2019ils ont obtenu une note de 5 ou plus dans ces cours.<\/p>\n\n\n\n<div style=\"height:30px\" aria-hidden=\"true\" class=\"wp-block-spacer\"><\/div>\n\n\n\n<h2 class=\"wp-block-heading\" id=\"admission-requirements\">Crit\u00e8res d\u2019admission<\/h2>\n\n\n\n<p>Les crit\u00e8res suivants servent de guides pour que le dossier d\u2019admission soit jug\u00e9 satisfaisant. \u00c0 chaque cycle d\u2019admission, l\u2019Universit\u00e9 Bishop\u2019s re\u00e7oit plus de demandes que le nombre de places disponibles. L\u2019atteinte des crit\u00e8res minimaux ne garantit donc pas l\u2019admission. Par ailleurs, certains dossiers qui ne respectent pas les crit\u00e8res minimaux pourraient \u00eatre \u00e9valu\u00e9s au cas par cas; le bureau des admissions peut alors demander des compl\u00e9ments d\u2019information en plus de ce qui est indiqu\u00e9 ci-dessous.<\/p>\n\n\n\n<h3 class=\"wp-block-heading\" id=\"general-requirements\">Crit\u00e8res g\u00e9n\u00e9raux\u202f:<\/h3>\n\n\n\n<h4 class=\"wp-block-heading\">Programme du dipl\u00f4me de l\u2019IB (IBDP)<\/h4>\n\n\n\n<ul class=\"wp-block-list\">\n<li>Dipl\u00f4me de l\u2019IB obtenu;<\/li>\n\n\n\n<li>Pr\u00e9diction d\u2019une note d\u2019au moins 30 au Dipl\u00f4me de l\u2019IB, en ne tenant pas compte des points de Tdc, m\u00e9moire et CAS;<\/li>\n\n\n\n<li>30\u202fcr\u00e9dits sont accord\u00e9s pour la r\u00e9ussite de l\u2019IBDP, y compris des <a href=\"https:\/\/www.ubishops.ca\/future-students\/admission-process\/transfer-credits-at-bishops-university\/ib-course-transfer-chart\/\">exemptions particuli\u00e8res pour les examens de NM et NS individuels r\u00e9ussis avec une note de 5 ou plus<\/a>.<\/li>\n<\/ul>\n\n\n\n<h4 class=\"wp-block-heading\"><strong>Programme \u00e0 orientation professionnelle (IBCP)<\/strong><\/h4>\n\n\n\n<ul class=\"wp-block-list\">\n<li>Programme de l\u2019IBCP termin\u00e9;<\/li>\n\n\n\n<li>Au moins trois\u202fcours du Programme du dipl\u00f4me, dont au moins deux de niveau sup\u00e9rieur (NS)<\/li>\n\n\n\n<li>Pr\u00e9diction d\u2019une note moyenne aux examens d\u2019au moins 5 pour tous les cours de l\u2019IBDP suivis;<\/li>\n\n\n\n<li>Une lettre ou description du <a href=\"https:\/\/www.ibo.org\/programmes\/career-related-programme\/curriculum\/the-career-related-studies\/\">programme \u00e0 orientation professionnelle<\/a> suivi, sauf s\u2019il s\u2019agit d\u2019un programme d\u2019un prestataire strat\u00e9gique de FOP;<\/li>\n\n\n\n<li>Les dossiers qui ne respectent pas les crit\u00e8res susmentionn\u00e9s pourraient \u00eatre \u00e9valu\u00e9s de fa\u00e7on globale au cas par cas;<\/li>\n\n\n\n<li>15\u202fcr\u00e9dits sont accord\u00e9s pour la r\u00e9ussite de l\u2019IBCP, y compris des <a href=\"https:\/\/www.ubishops.ca\/future-students\/admission-process\/transfer-credits-at-bishops-university\/ib-course-transfer-chart\/\">exemptions particuli\u00e8res pour les examens de NM et NS individuels r\u00e9ussis avec une note de 5 ou plus<\/a>.<\/li>\n<\/ul>\n\n\n\n<div style=\"height:20px\" aria-hidden=\"true\" class=\"wp-block-spacer\"><\/div>\n\n\n\n<h3 class=\"wp-block-heading\" id=\"program-specific-requirements\">Crit\u00e8res d\u2019admission dans des programmes particuliers\u202f:<\/h3>\n\n\n\n<p>Les cours particuliers obligatoires selon les programmes de l\u2019IB sont indiqu\u00e9s ci-dessous\u202f:<\/p>\n\n\n\n<p><strong>\u00c9COLE DE GESTION WILLIAMS<\/strong><\/p>\n\n\n\n<p>Cours de l\u2019IB obligatoires\u202f: 1 cours de Math\u00e9matiques NM ou NS, ou de Math\u00e9matiques avanc\u00e9es NM ou NS. (Nouveau programme\u202f: Math\u00e9matiques\u202f: analyse et approches, NM ou NS, ou Math\u00e9matiques\u202f: applications et interpr\u00e9tation, NM ou NS).<\/p>\n\n\n\n<p><strong>LETTRES ET SCIENCES HUMAINES<\/strong><\/p>\n\n\n\n<p>Cours de l\u2019IB obligatoires\u202f: aucune exigence.<\/p>\n\n\n\n<p><strong>SCIENCES SOCIALES<\/strong><\/p>\n\n\n\n<p>Cours de l\u2019IB obligatoires\u202f:<\/p>\n\n\n\n<ul class=\"wp-block-list\">\n<li>Programmes de B.A.\u202f: aucune exigence.<\/li>\n\n\n\n<li>Programmes de B.Sc.\u202f: 1 cours de Math\u00e9matiques NM ou NS, ou de Math\u00e9matiques avanc\u00e9es NM ou NS. (Nouveau programme\u202f: Math\u00e9matiques\u202f: analyse et approches, NM ou NS, ou Math\u00e9matiques\u202f: applications et interpr\u00e9tation, NS).<\/li>\n<\/ul>\n\n\n\n<p><strong>SCIENCES NATURELLES ET MATH\u00c9MATIQUES<\/strong><\/p>\n\n\n\n<p>Cours de l\u2019IB obligatoires\u202f:<\/p>\n\n\n\n<ul class=\"wp-block-list\">\n<li>Programmes de B.A.\u202f: aucune exigence.<\/li>\n\n\n\n<li>Programmes de B.Sc.\u202f: 1 cours de Math\u00e9matiques NM ou NS, ou de Math\u00e9matiques avanc\u00e9es NM ou NS. (Nouveau programme\u202f: Math\u00e9matiques\u202f: analyse et approches, NM ou NS, ou Math\u00e9matiques\u202f: applications et interpr\u00e9tation, NS).<\/li>\n<\/ul>\n\n\n\n<p><strong>\u00c9COLE D\u2019\u00c9DUCATION<\/strong><\/p>\n\n\n\n<p>B.\u00c9d. \u2013 Profil Enseignement des math\u00e9matiques au secondaire ou Profil Science et technologie<\/p>\n\n\n\n<p>Cours de l\u2019IB obligatoires\u202f:<\/p>\n\n\n\n<ul class=\"wp-block-list\">\n<li>1 cours de Math\u00e9matiques NM ou NS, ou de Math\u00e9matiques avanc\u00e9es NM ou NS. (Nouveau programme\u202f: Math\u00e9matiques\u202f: analyse et approches, NM ou NS, ou Math\u00e9matiques\u202f: applications et interpr\u00e9tation, NS).<\/li>\n<\/ul>\n\n\n\n<p>Autres profils du B.\u00c9d.\u202f: aucune exigence.<\/p>\n\n\n\n<div style=\"height:30px\" aria-hidden=\"true\" class=\"wp-block-spacer\"><\/div>\n\n\n\n<h2 class=\"wp-block-heading\" id=\"required-supporting-documents-all-applicants\">Documents justificatifs requis\u202f: tous les candidats<\/h2>\n\n\n\n<ul class=\"wp-block-list\">\n<li>Preuve d\u2019aptitudes linguistiques en anglais. Tous les candidats doivent soumettre une preuve qu\u2019ils ont une connaissance suffisante de l\u2019anglais. <a href=\"https:\/\/www.ubishops.ca\/future-students\/admission-process\/providing-proof-of-english-language-proficiency\/\">Consulte la page Exigences en mati\u00e8re de connaissance de l\u2019anglais<\/a> pour d\u00e9terminer quels documents suppl\u00e9mentaires tu devras fournir, si n\u00e9cessaire. Remarque\u202f: Les candidats de l\u2019IB peuvent satisfaire aux exigences d\u2019ALA s\u2019ils ont r\u00e9ussi des cours d\u2019anglais de l\u2019IB (NM ou NS).<\/li>\n\n\n\n<li>Relev\u00e9 de notes du secondaire, indiquant la pr\u00e9diction des notes de l\u2019IB, y compris les notes de mi-session si possible (ou les notes finales du Dipl\u00f4me de l\u2019IB si tu as d\u00e9j\u00e0 termin\u00e9 tes \u00e9tudes).<\/li>\n\n\n\n<li>Des lettres de recommandation ou un essai personnel, m\u00eame s\u2019ils sont facultatifs, pourraient nous aider dans l\u2019\u00e9valuation de ta demande. \u00c0 noter que nous n\u2019exigeons pas de r\u00e9sultats aux tests SAT ou ACT pour les \u00e9tudiants de l\u2019IB.<\/li>\n\n\n\n<li>Copies d\u2019une ou plusieurs pi\u00e8ces d\u2019identit\u00e9. <a href=\"https:\/\/www.ubishops.ca\/future-students\/admission-process\/personal-identification-documents\/\">Consulte la page Pi\u00e8ces d\u2019identit\u00e9 pour d\u00e9terminer quels documents tu devras fournir<\/a>.<\/li>\n<\/ul>\n\n\n\n<p>L\u2019Universit\u00e9 Bishop\u2019s applique une approche holistique dans son processus d\u2019admission. Tous les documents suppl\u00e9mentaires pertinents que tu fournis seront examin\u00e9s. \u00c0 sa discr\u00e9tion, le bureau des admissions pourrait te demander d\u2019autres documents justificatifs (essai personnel, <a href=\"https:\/\/www.ubishops.ca\/future-students\/admission-process\/letter-of-intent-hold-status\/\">lettre d\u2019intention<\/a>, lettre de recommandation, CV ou autre) pour l\u2019aider dans l\u2019\u00e9valuation de ta demande.<\/p>\n\n\n\n<div style=\"height:30px\" aria-hidden=\"true\" class=\"wp-block-spacer\"><\/div>\n\n\n\n<h2 class=\"wp-block-heading\">Autres documents justificatifs dans des programmes particuliers<\/h2>\n\n\n\n<p>Les candidats aux programmes suivants du d\u00e9partement de musique doivent pr\u00e9senter une audition et une lettre exposant leur parcours musical. Consulte la <a href=\"https:\/\/www.ubishops.ca\/wp-content\/uploads\/MusicApplicant_WebsiteInfo_Fall2013_Final-1.pdf\" target=\"_blank\" rel=\"noreferrer noopener\">Fiche d\u2019informations sur l\u2019admission en musique<\/a> pour en savoir plus\u202f:<\/p>\n\n\n\n<ul class=\"wp-block-list\">\n<li>Baccalaur\u00e9at avec majeure en musique et culture<\/li>\n\n\n\n<li>Baccalaur\u00e9at avec majeure en interpr\u00e9tation musicale<\/li>\n\n\n\n<li>Baccalaur\u00e9at avec majeure en musique\u202f: Concentration th\u00e9\u00e2tre musical<\/li>\n\n\n\n<li>Baccalaur\u00e9at avec majeure en administration des arts\u202f: Concentration musique<\/li>\n\n\n\n<li>Baccalaur\u00e9at en \u00e9ducation, option enseignement et apprentissage des arts cr\u00e9atifs\u202f: Musique<\/li>\n<\/ul>\n\n\n\n<div style=\"height:30px\" aria-hidden=\"true\" class=\"wp-block-spacer\"><\/div>\n\n\n\n<h2 class=\"wp-block-heading\">Soumission des documents<\/h2>\n\n\n\n<p>Tous les documents justificatifs peuvent \u00eatre t\u00e9l\u00e9vers\u00e9s sur notre syst\u00e8me en ligne au moment de la demande d\u2019admission ou sur le Portail des candidats myBU en utilisant l\u2019option \u00ab\u202fSoumettre les documents manquants\u202f\u00bb. Ils peuvent \u00e9galement \u00eatre transmis par courriel \u00e0\u00a0<a href=\"&#109;&#x61;&#x69;&#108;&#x74;&#x6f;&#58;&#x61;&#x64;&#109;&#x69;&#x73;&#115;&#x69;&#x6f;&#110;&#x73;&#x40;&#117;&#x62;&#x69;&#115;&#x68;&#x6f;&#112;&#x73;&#x2e;c&#x61;\">&#97;&#x64;&#109;&#x69;&#115;&#x73;&#105;&#x6f;&#110;&#x73;&#64;&#x75;b&#x69;s&#x68;o&#x70;s&#x2e;c&#x61;<\/a>.<\/p>\n\n\n\n<div style=\"height:30px\" aria-hidden=\"true\" class=\"wp-block-spacer\"><\/div>\n\n\n\n<h2 class=\"wp-block-heading\">\u00c9ch\u00e9ancier d\u2019admission<\/h2>\n\n\n\n<p>Lorsque la p\u00e9riode d\u2019\u00e9valuation d\u00e9bute dans le cadre d\u2019un cycle d\u2019admission, les dossiers sont \u00e9valu\u00e9s au fur et \u00e0 mesure. Autrement dit, d\u00e8s la r\u00e9ception de tous les documents exig\u00e9s, le bureau proc\u00e9dera \u00e0 une \u00e9valuation initiale dans les dix\u202fjours ouvrables. (Exceptions\u202f: programmes de ma\u00eetrise, programmes en musique aussi \u00e9valu\u00e9s en fonction de l\u2019audition, et programmes contingent\u00e9s).<\/p>\n\n\n\n<div style=\"height:30px\" aria-hidden=\"true\" class=\"wp-block-spacer\"><\/div>\n\n\n\n<h2 class=\"wp-block-heading\">Des questions?<\/h2>\n\n\n\n<p>N\u2019h\u00e9site pas \u00e0 communiquer avec le bureau des admissions par courriel \u00e0 <a href=\"m&#97;&#x69;&#x6c;&#x74;o&#58;&#97;&#x64;&#x6d;i&#115;&#115;&#x69;&#x6f;ns&#64;&#x75;&#x62;&#x69;s&#104;&#x6f;&#x70;&#x73;&#46;&#99;&#97;\">&#x61;&#x64;&#109;is&#x73;&#x69;&#111;&#110;s&#x40;&#x75;&#98;&#105;s&#x68;&#x6f;&#x70;&#115;&#46;c&#x61;<\/a> ou par t\u00e9l\u00e9phone au 819\u202f822-9600 poste\u202f2680.<\/p>\n\n\n\n<div style=\"height:25px\" aria-hidden=\"true\" class=\"wp-block-spacer\"><\/div>\n\n\n\n<div class=\"wp-block-buttons is-layout-flex wp-block-buttons-is-layout-flex\">\n<div class=\"wp-block-button\"><a class=\"wp-block-button__link has-purple-background-color has-background wp-element-button\" href=\"https:\/\/www.ubishops.ca\/fr\/futurs-etudiants\/bishops-university-online-application\/\">Inscris-toi<\/a><\/div>\n<\/div>\n","protected":false},"excerpt":{"rendered":"<p>Tu es un \u00e9tudiant du baccalaur\u00e9at international aux fins de l\u2019admission si\u202f: Pour les \u00e9tudiants d\u2019une \u00e9cole \u00e0 \u00ab\u202fdouble programme\u202f\u00bb\u202f:Le dossier des \u00e9tudiants provenant d\u2019une \u00e9cole secondaire au Canada ou aux \u00c9tats-Unis qui offre un programme secondaire normal en plus du programme de l\u2019IB sera \u00e9valu\u00e9 selon le profil qui est le plus avantageux pour&#8230;<\/p>\n","protected":false},"author":49,"featured_media":0,"parent":80854,"menu_order":105,"comment_status":"closed","ping_status":"closed","template":"templates\/page-width-sidebar.php","meta":{"_acf_changed":false,"_cbd_carousel_blocks":"[]","_kad_blocks_custom_css":"","_kad_blocks_head_custom_js":"","_kad_blocks_body_custom_js":"","_kad_blocks_footer_custom_js":"","_kad_post_transparent":"","_kad_post_title":"","_kad_post_layout":"","_kad_post_sidebar_id":"","_kad_post_content_style":"","_kad_post_vertical_padding":"","_kad_post_feature":"","_kad_post_feature_position":"","_kad_post_header":false,"_kad_post_footer":false,"_kad_post_classname":"","footnotes":""},"class_list":["post-113643","page","type-page","status-publish","hentry"],"acf":[],"yoast_head":"<!-- This site is optimized with the Yoast SEO plugin v27.2 - https:\/\/yoast.com\/product\/yoast-seo-wordpress\/ -->\n<title>\u00c9tudiants du baccalaur\u00e9at international (IB) - Bishop&#039;s University<\/title>\n<meta name=\"robots\" content=\"index, follow, max-snippet:-1, max-image-preview:large, max-video-preview:-1\" \/>\n<link rel=\"canonical\" href=\"https:\/\/www.ubishops.ca\/fr\/futurs-etudiants\/processus-dadmission\/admission-requirements\/etudiants-ib\/\" \/>\n<meta property=\"og:locale\" content=\"fr_FR\" \/>\n<meta property=\"og:type\" content=\"article\" \/>\n<meta property=\"og:title\" content=\"\u00c9tudiants du baccalaur\u00e9at international (IB) - Bishop&#039;s University\" \/>\n<meta property=\"og:description\" content=\"Tu es un \u00e9tudiant du baccalaur\u00e9at international aux fins de l\u2019admission si\u202f: Pour les \u00e9tudiants d\u2019une \u00e9cole \u00e0 \u00ab\u202fdouble programme\u202f\u00bb\u202f:Le dossier des \u00e9tudiants provenant d\u2019une \u00e9cole secondaire au Canada ou aux \u00c9tats-Unis qui offre un programme secondaire normal en plus du programme de l\u2019IB sera \u00e9valu\u00e9 selon le profil qui est le plus avantageux pour...\" \/>\n<meta property=\"og:url\" content=\"https:\/\/www.ubishops.ca\/fr\/futurs-etudiants\/processus-dadmission\/admission-requirements\/etudiants-ib\/\" \/>\n<meta property=\"og:site_name\" content=\"Bishop&#039;s University\" \/>\n<meta property=\"article:publisher\" content=\"https:\/\/www.facebook.com\/ubishops\" \/>\n<meta property=\"article:modified_time\" content=\"2024-07-10T17:18:01+00:00\" \/>\n<meta name=\"twitter:card\" content=\"summary_large_image\" \/>\n<meta name=\"twitter:site\" content=\"@ubishops\" \/>\n<meta name=\"twitter:label1\" content=\"Dur\u00e9e de lecture estim\u00e9e\" \/>\n\t<meta name=\"twitter:data1\" content=\"3 minutes\" \/>\n<script type=\"application\/ld+json\" class=\"yoast-schema-graph\">{\"@context\":\"https:\/\/schema.org\",\"@graph\":[{\"@type\":\"WebPage\",\"@id\":\"https:\/\/www.ubishops.ca\/fr\/futurs-etudiants\/processus-dadmission\/admission-requirements\/etudiants-ib\/\",\"url\":\"https:\/\/www.ubishops.ca\/fr\/futurs-etudiants\/processus-dadmission\/admission-requirements\/etudiants-ib\/\",\"name\":\"\u00c9tudiants du baccalaur\u00e9at international (IB) - Bishop&#039;s University\",\"isPartOf\":{\"@id\":\"https:\/\/www.ubishops.ca\/#website\"},\"datePublished\":\"2016-07-27T18:22:22+00:00\",\"dateModified\":\"2024-07-10T17:18:01+00:00\",\"breadcrumb\":{\"@id\":\"https:\/\/www.ubishops.ca\/fr\/futurs-etudiants\/processus-dadmission\/admission-requirements\/etudiants-ib\/#breadcrumb\"},\"inLanguage\":\"fr-FR\",\"potentialAction\":[{\"@type\":\"ReadAction\",\"target\":[\"https:\/\/www.ubishops.ca\/fr\/futurs-etudiants\/processus-dadmission\/admission-requirements\/etudiants-ib\/\"]}]},{\"@type\":\"BreadcrumbList\",\"@id\":\"https:\/\/www.ubishops.ca\/fr\/futurs-etudiants\/processus-dadmission\/admission-requirements\/etudiants-ib\/#breadcrumb\",\"itemListElement\":[{\"@type\":\"ListItem\",\"position\":1,\"name\":\"Accueil\",\"item\":\"https:\/\/www.ubishops.ca\/fr\/\"},{\"@type\":\"ListItem\",\"position\":2,\"name\":\"Futurs \u00e9tudiants\",\"item\":\"https:\/\/www.ubishops.ca\/fr\/futurs-etudiants\/\"},{\"@type\":\"ListItem\",\"position\":3,\"name\":\"Processus d\u2019admission\",\"item\":\"https:\/\/www.ubishops.ca\/fr\/futurs-etudiants\/processus-dadmission\/\"},{\"@type\":\"ListItem\",\"position\":4,\"name\":\"Crit\u00e8res d\u2019admission\",\"item\":\"https:\/\/www.ubishops.ca\/fr\/futurs-etudiants\/processus-dadmission\/admission-requirements\/\"},{\"@type\":\"ListItem\",\"position\":5,\"name\":\"\u00c9tudiants du baccalaur\u00e9at international (IB)\"}]},{\"@type\":\"WebSite\",\"@id\":\"https:\/\/www.ubishops.ca\/#website\",\"url\":\"https:\/\/www.ubishops.ca\/\",\"name\":\"Bishop&#039;s University\",\"description\":\"\",\"potentialAction\":[{\"@type\":\"SearchAction\",\"target\":{\"@type\":\"EntryPoint\",\"urlTemplate\":\"https:\/\/www.ubishops.ca\/?s={search_term_string}\"},\"query-input\":{\"@type\":\"PropertyValueSpecification\",\"valueRequired\":true,\"valueName\":\"search_term_string\"}}],\"inLanguage\":\"fr-FR\"}]}<\/script>\n<!-- \/ Yoast SEO plugin. -->","yoast_head_json":{"title":"\u00c9tudiants du baccalaur\u00e9at international (IB) - Bishop&#039;s University","robots":{"index":"index","follow":"follow","max-snippet":"max-snippet:-1","max-image-preview":"max-image-preview:large","max-video-preview":"max-video-preview:-1"},"canonical":"https:\/\/www.ubishops.ca\/fr\/futurs-etudiants\/processus-dadmission\/admission-requirements\/etudiants-ib\/","og_locale":"fr_FR","og_type":"article","og_title":"\u00c9tudiants du baccalaur\u00e9at international (IB) - Bishop&#039;s University","og_description":"Tu es un \u00e9tudiant du baccalaur\u00e9at international aux fins de l\u2019admission si\u202f: Pour les \u00e9tudiants d\u2019une \u00e9cole \u00e0 \u00ab\u202fdouble programme\u202f\u00bb\u202f:Le dossier des \u00e9tudiants provenant d\u2019une \u00e9cole secondaire au Canada ou aux \u00c9tats-Unis qui offre un programme secondaire normal en plus du programme de l\u2019IB sera \u00e9valu\u00e9 selon le profil qui est le plus avantageux pour...","og_url":"https:\/\/www.ubishops.ca\/fr\/futurs-etudiants\/processus-dadmission\/admission-requirements\/etudiants-ib\/","og_site_name":"Bishop&#039;s University","article_publisher":"https:\/\/www.facebook.com\/ubishops","article_modified_time":"2024-07-10T17:18:01+00:00","twitter_card":"summary_large_image","twitter_site":"@ubishops","twitter_misc":{"Dur\u00e9e de lecture estim\u00e9e":"3 minutes"},"schema":{"@context":"https:\/\/schema.org","@graph":[{"@type":"WebPage","@id":"https:\/\/www.ubishops.ca\/fr\/futurs-etudiants\/processus-dadmission\/admission-requirements\/etudiants-ib\/","url":"https:\/\/www.ubishops.ca\/fr\/futurs-etudiants\/processus-dadmission\/admission-requirements\/etudiants-ib\/","name":"\u00c9tudiants du baccalaur\u00e9at international (IB) - Bishop&#039;s University","isPartOf":{"@id":"https:\/\/www.ubishops.ca\/#website"},"datePublished":"2016-07-27T18:22:22+00:00","dateModified":"2024-07-10T17:18:01+00:00","breadcrumb":{"@id":"https:\/\/www.ubishops.ca\/fr\/futurs-etudiants\/processus-dadmission\/admission-requirements\/etudiants-ib\/#breadcrumb"},"inLanguage":"fr-FR","potentialAction":[{"@type":"ReadAction","target":["https:\/\/www.ubishops.ca\/fr\/futurs-etudiants\/processus-dadmission\/admission-requirements\/etudiants-ib\/"]}]},{"@type":"BreadcrumbList","@id":"https:\/\/www.ubishops.ca\/fr\/futurs-etudiants\/processus-dadmission\/admission-requirements\/etudiants-ib\/#breadcrumb","itemListElement":[{"@type":"ListItem","position":1,"name":"Accueil","item":"https:\/\/www.ubishops.ca\/fr\/"},{"@type":"ListItem","position":2,"name":"Futurs \u00e9tudiants","item":"https:\/\/www.ubishops.ca\/fr\/futurs-etudiants\/"},{"@type":"ListItem","position":3,"name":"Processus d\u2019admission","item":"https:\/\/www.ubishops.ca\/fr\/futurs-etudiants\/processus-dadmission\/"},{"@type":"ListItem","position":4,"name":"Crit\u00e8res d\u2019admission","item":"https:\/\/www.ubishops.ca\/fr\/futurs-etudiants\/processus-dadmission\/admission-requirements\/"},{"@type":"ListItem","position":5,"name":"\u00c9tudiants du baccalaur\u00e9at international (IB)"}]},{"@type":"WebSite","@id":"https:\/\/www.ubishops.ca\/#website","url":"https:\/\/www.ubishops.ca\/","name":"Bishop&#039;s University","description":"","potentialAction":[{"@type":"SearchAction","target":{"@type":"EntryPoint","urlTemplate":"https:\/\/www.ubishops.ca\/?s={search_term_string}"},"query-input":{"@type":"PropertyValueSpecification","valueRequired":true,"valueName":"search_term_string"}}],"inLanguage":"fr-FR"}]}},"taxonomy_info":[],"featured_image_src_large":false,"author_info":{"display_name":"Julie Fradette","author_link":"https:\/\/www.ubishops.ca\/fr\/author\/jfradett\/"},"comment_info":0,"publishpress_future_action":{"enabled":false,"date":"2026-04-15 11:18:35","action":"change-status","newStatus":"draft","terms":[],"taxonomy":"translation_priority","extraData":[]},"publishpress_future_workflow_manual_trigger":{"enabledWorkflows":[]},"_links":{"self":[{"href":"https:\/\/www.ubishops.ca\/fr\/wp-json\/wp\/v2\/pages\/113643","targetHints":{"allow":["GET"]}}],"collection":[{"href":"https:\/\/www.ubishops.ca\/fr\/wp-json\/wp\/v2\/pages"}],"about":[{"href":"https:\/\/www.ubishops.ca\/fr\/wp-json\/wp\/v2\/types\/page"}],"author":[{"embeddable":true,"href":"https:\/\/www.ubishops.ca\/fr\/wp-json\/wp\/v2\/users\/49"}],"replies":[{"embeddable":true,"href":"https:\/\/www.ubishops.ca\/fr\/wp-json\/wp\/v2\/comments?post=113643"}],"version-history":[{"count":0,"href":"https:\/\/www.ubishops.ca\/fr\/wp-json\/wp\/v2\/pages\/113643\/revisions"}],"up":[{"embeddable":true,"href":"https:\/\/www.ubishops.ca\/fr\/wp-json\/wp\/v2\/pages\/80854"}],"wp:attachment":[{"href":"https:\/\/www.ubishops.ca\/fr\/wp-json\/wp\/v2\/media?parent=113643"}],"curies":[{"name":"wp","href":"https:\/\/api.w.org\/{rel}","templated":true}]}}