{"id":113616,"date":"2022-01-18T15:54:17","date_gmt":"2022-01-18T20:54:17","guid":{"rendered":"https:\/\/www.ubishops.ca\/futurs-etudiants\/processus-dadmission\/admission-requirements\/home-schooled-students\/"},"modified":"2024-07-10T10:36:11","modified_gmt":"2024-07-10T14:36:11","slug":"etudiants-scolarises-a-domicile","status":"publish","type":"page","link":"https:\/\/www.ubishops.ca\/fr\/futurs-etudiants\/processus-dadmission\/admission-requirements\/etudiants-scolarises-a-domicile\/","title":{"rendered":"\u00c9tudiants scolaris\u00e9s \u00e0 domicile"},"content":{"rendered":"\n<p>Tu es un \u00e9tudiant scolaris\u00e9 \u00e0 domicile aux fins de l\u2019admission si tu termines actuellement ou as termin\u00e9 dans les deux\u202fderni\u00e8res ann\u00e9es un programme d\u2019enseignement \u00e0 domicile de niveau secondaire (habituellement secondaire\u202f5 ou 12e\u202fann\u00e9e) dans un milieu non traditionnel \u00e0 la maison ou \u00e0 un autre endroit qu\u2019un milieu scolaire traditionnel.<\/p>\n\n\n\n<div class=\"wp-block-buttons is-layout-flex wp-block-buttons-is-layout-flex\">\n<div class=\"wp-block-button\"><a class=\"wp-block-button__link has-purple-background-color has-background wp-element-button\" href=\"https:\/\/www.ubishops.ca\/fr\/futurs-etudiants\/bishops-university-online-application\/\">Inscris-toi<\/a><\/div>\n<\/div>\n\n\n\n<div style=\"height:30px\" aria-hidden=\"true\" class=\"wp-block-spacer\"><\/div>\n\n\n\n<h2 class=\"wp-block-heading\" id=\"general-admission-requirements\">Crit\u00e8res d\u2019admission g\u00e9n\u00e9raux<\/h2>\n\n\n\n<p>Les crit\u00e8res suivants servent de guides pour que le dossier d\u2019admission soit jug\u00e9 satisfaisant. \u00c0 chaque cycle d\u2019admission, l\u2019Universit\u00e9 Bishop\u2019s re\u00e7oit plus de demandes que le nombre de places disponibles. L\u2019atteinte des crit\u00e8res minimaux ne garantit donc pas l\u2019admission. Par ailleurs, certains dossiers qui ne respectent pas les crit\u00e8res minimaux pourraient \u00eatre \u00e9valu\u00e9s au cas par cas; le bureau des admissions peut alors demander des compl\u00e9ments d\u2019information en plus de ce qui est indiqu\u00e9 ci-dessous.<\/p>\n\n\n\n<p>Il n\u2019y a pas de crit\u00e8res minimums d\u00e9finis pour les candidats scolaris\u00e9s \u00e0 domicile puisque leur dossier est \u00e9valu\u00e9 de fa\u00e7on globale au cas par cas.<\/p>\n\n\n\n<div style=\"height:30px\" aria-hidden=\"true\" class=\"wp-block-spacer\"><\/div>\n\n\n\n<h2 class=\"wp-block-heading\" id=\"required-supporting-documents\">Documents justificatifs requis<\/h2>\n\n\n\n<ul class=\"wp-block-list\">\n<li>Description d\u00e9taill\u00e9e du programme scolaire appliqu\u00e9 et du mode d\u2019enseignement, id\u00e9alement fourni par la personne ayant principalement donn\u00e9 l\u2019enseignement.<\/li>\n\n\n\n<li>Le cas \u00e9ch\u00e9ant, copies des relev\u00e9s de notes ou des \u00e9valuations formelles qui peuvent avoir \u00e9t\u00e9 r\u00e9alis\u00e9es.<\/li>\n\n\n\n<li><a href=\"https:\/\/www.ubishops.ca\/future-students\/admission-process\/letter-of-intent-hold-status\/\">Lettre d\u2019intention<\/a> de la candidate ou du candidat qui d\u00e9crit ses motivations \u00e0 suivre le programme choisi \u00e0 Bishop\u2019s.<\/li>\n\n\n\n<li>Lettre de recommandation d\u2019une des personnes ayant donn\u00e9 l\u2019enseignement.<\/li>\n<\/ul>\n\n\n\n<p><strong>Remarque\u202f:<\/strong><\/p>\n\n\n\n<ul class=\"wp-block-list\">\n<li>Si tu soumets une demande \u00e0 un programme de baccalaur\u00e9at \u00e8s sciences, il faudra normalement fournir une preuve d\u2019aptitudes suffisantes en math\u00e9matiques et en sciences.<\/li>\n\n\n\n<li>L\u2019Universit\u00e9 Bishop\u2019s applique une approche holistique dans son processus d\u2019admission. Tous les documents suppl\u00e9mentaires pertinents que tu fournis seront examin\u00e9s. \u00c0 sa discr\u00e9tion, le bureau des admissions pourrait te demander d\u2019autres documents justificatifs (essai personnel, <a href=\"https:\/\/www.ubishops.ca\/future-students\/admission-process\/letter-of-intent-hold-status\/\">lettre d\u2019intention<\/a>, lettre de recommandation, CV ou autre) pour l\u2019aider dans l\u2019\u00e9valuation de ta demande.<\/li>\n<\/ul>\n\n\n\n<div style=\"height:30px\" aria-hidden=\"true\" class=\"wp-block-spacer\"><\/div>\n\n\n\n<h2 class=\"wp-block-heading\">Autres documents justificatifs dans des programmes particuliers<\/h2>\n\n\n\n<p>Les candidats aux programmes suivants du d\u00e9partement de musique doivent pr\u00e9senter une audition et une lettre exposant leur parcours musical. Consulte la <a href=\"https:\/\/www.ubishops.ca\/wp-content\/uploads\/MusicApplicant_WebsiteInfo_Fall2013_Final-1.pdf\" target=\"_blank\" rel=\"noreferrer noopener\">Fiche d\u2019informations sur l\u2019admission en musique<\/a> pour en savoir plus\u202f:<\/p>\n\n\n\n<ul class=\"wp-block-list\">\n<li>Baccalaur\u00e9at avec majeure en musique et culture<\/li>\n\n\n\n<li>Baccalaur\u00e9at avec majeure en interpr\u00e9tation musicale<\/li>\n\n\n\n<li>Baccalaur\u00e9at avec majeure en musique\u202f: Concentration th\u00e9\u00e2tre musical<\/li>\n\n\n\n<li>Baccalaur\u00e9at avec majeure en administration des arts\u202f: Concentration musique<\/li>\n\n\n\n<li>Baccalaur\u00e9at en \u00e9ducation, option enseignement et apprentissage des arts cr\u00e9atifs\u202f: Musique<\/li>\n<\/ul>\n\n\n\n<div style=\"height:30px\" aria-hidden=\"true\" class=\"wp-block-spacer\"><\/div>\n\n\n\n<h2 class=\"wp-block-heading\">Soumission des documents<\/h2>\n\n\n\n<p>Tous les documents justificatifs peuvent \u00eatre t\u00e9l\u00e9vers\u00e9s sur notre syst\u00e8me en ligne au moment de la demande d\u2019admission ou sur le Portail des candidats myBU en utilisant l\u2019option \u00ab\u202fSoumettre les documents manquants\u202f\u00bb. Ils peuvent \u00e9galement \u00eatre transmis par courriel \u00e0 <a href=\"&#109;&#x61;&#105;&#x6c;&#116;&#x6f;:&#x61;d&#109;&#x69;&#115;&#x73;&#105;&#x6f;n&#x73;&#64;&#117;&#x62;&#105;&#x73;&#104;&#x6f;&#112;&#x73;&#46;&#x63;a\">ad&#109;&#105;&#115;&#115;&#x69;&#x6f;&#x6e;&#x73;&#x40;ub&#105;&#115;&#104;&#111;&#x70;&#x73;&#x2e;&#x63;&#x61;<\/a>.<\/p>\n\n\n\n<div style=\"height:30px\" aria-hidden=\"true\" class=\"wp-block-spacer\"><\/div>\n\n\n\n<h2 class=\"wp-block-heading\" id=\"admission-timeline\">\u00c9ch\u00e9ancier d\u2019admission<\/h2>\n\n\n\n<p>Lorsque la p\u00e9riode d\u2019\u00e9valuation d\u00e9bute dans le cadre d\u2019un cycle d\u2019admission, les dossiers sont \u00e9valu\u00e9s au fur et \u00e0 mesure. Autrement dit, d\u00e8s la r\u00e9ception de tous les documents exig\u00e9s, le bureau proc\u00e9dera \u00e0 une \u00e9valuation initiale dans les dix\u202fjours ouvrables. (Exceptions\u202f: programmes de ma\u00eetrise, programmes en musique aussi \u00e9valu\u00e9s en fonction de l\u2019audition, et programmes contingent\u00e9s).<\/p>\n\n\n\n<div style=\"height:30px\" aria-hidden=\"true\" class=\"wp-block-spacer\"><\/div>\n\n\n\n<h2 class=\"wp-block-heading\">Des questions?<\/h2>\n\n\n\n<p>N\u2019h\u00e9site pas \u00e0 communiquer avec le bureau des admissions par courriel \u00e0 <a href=\"&#x6d;&#97;&#105;l&#x74;&#x6f;&#58;a&#x64;&#x6d;&#105;s&#x73;&#x69;&#111;n&#x73;&#x40;&#117;b&#x69;&#x73;&#104;o&#x70;&#x73;&#46;&#99;a\">&#x61;&#x64;&#109;is&#x73;&#x69;&#111;&#110;s&#x40;&#x75;&#98;&#105;s&#x68;&#x6f;&#x70;&#115;&#46;c&#x61;<\/a> ou par t\u00e9l\u00e9phone au 819\u202f822-9600 poste\u202f2680.<\/p>\n\n\n\n<div style=\"height:20px\" aria-hidden=\"true\" class=\"wp-block-spacer\"><\/div>\n\n\n\n<div class=\"wp-block-buttons is-layout-flex wp-block-buttons-is-layout-flex\">\n<div class=\"wp-block-button\"><a class=\"wp-block-button__link has-purple-background-color has-background wp-element-button\" href=\"https:\/\/www.ubishops.ca\/fr\/futurs-etudiants\/bishops-university-online-application\/\">Inscris-toi<\/a><\/div>\n<\/div>\n","protected":false},"excerpt":{"rendered":"<p>Tu es un \u00e9tudiant scolaris\u00e9 \u00e0 domicile aux fins de l\u2019admission si tu termines actuellement ou as termin\u00e9 dans les deux\u202fderni\u00e8res ann\u00e9es un programme d\u2019enseignement \u00e0 domicile de niveau secondaire (habituellement secondaire\u202f5 ou 12e\u202fann\u00e9e) dans un milieu non traditionnel \u00e0 la maison ou \u00e0 un autre endroit qu\u2019un milieu scolaire traditionnel. Crit\u00e8res d\u2019admission g\u00e9n\u00e9raux Les&#8230;<\/p>\n","protected":false},"author":49,"featured_media":0,"parent":80854,"menu_order":113,"comment_status":"closed","ping_status":"closed","template":"templates\/page-width-sidebar.php","meta":{"_acf_changed":false,"_cbd_carousel_blocks":"[]","_kad_blocks_custom_css":"","_kad_blocks_head_custom_js":"","_kad_blocks_body_custom_js":"","_kad_blocks_footer_custom_js":"","_kad_post_transparent":"","_kad_post_title":"","_kad_post_layout":"","_kad_post_sidebar_id":"","_kad_post_content_style":"","_kad_post_vertical_padding":"","_kad_post_feature":"","_kad_post_feature_position":"","_kad_post_header":false,"_kad_post_footer":false,"_kad_post_classname":"","footnotes":""},"class_list":["post-113616","page","type-page","status-publish","hentry"],"acf":[],"yoast_head":"<!-- This site is optimized with the Yoast SEO plugin v27.2 - https:\/\/yoast.com\/product\/yoast-seo-wordpress\/ -->\n<title>\u00c9tudiants scolaris\u00e9s \u00e0 domicile - Bishop&#039;s University<\/title>\n<meta name=\"robots\" content=\"index, follow, max-snippet:-1, max-image-preview:large, max-video-preview:-1\" \/>\n<link rel=\"canonical\" href=\"https:\/\/www.ubishops.ca\/fr\/futurs-etudiants\/processus-dadmission\/admission-requirements\/etudiants-scolarises-a-domicile\/\" \/>\n<meta property=\"og:locale\" content=\"fr_FR\" \/>\n<meta property=\"og:type\" content=\"article\" \/>\n<meta property=\"og:title\" content=\"\u00c9tudiants scolaris\u00e9s \u00e0 domicile - Bishop&#039;s University\" \/>\n<meta property=\"og:description\" content=\"Tu es un \u00e9tudiant scolaris\u00e9 \u00e0 domicile aux fins de l\u2019admission si tu termines actuellement ou as termin\u00e9 dans les deux\u202fderni\u00e8res ann\u00e9es un programme d\u2019enseignement \u00e0 domicile de niveau secondaire (habituellement secondaire\u202f5 ou 12e\u202fann\u00e9e) dans un milieu non traditionnel \u00e0 la maison ou \u00e0 un autre endroit qu\u2019un milieu scolaire traditionnel. Crit\u00e8res d\u2019admission g\u00e9n\u00e9raux Les...\" \/>\n<meta property=\"og:url\" content=\"https:\/\/www.ubishops.ca\/fr\/futurs-etudiants\/processus-dadmission\/admission-requirements\/etudiants-scolarises-a-domicile\/\" \/>\n<meta property=\"og:site_name\" content=\"Bishop&#039;s University\" \/>\n<meta property=\"article:publisher\" content=\"https:\/\/www.facebook.com\/ubishops\" \/>\n<meta property=\"article:modified_time\" content=\"2024-07-10T14:36:11+00:00\" \/>\n<meta name=\"twitter:card\" content=\"summary_large_image\" \/>\n<meta name=\"twitter:site\" content=\"@ubishops\" \/>\n<meta name=\"twitter:label1\" content=\"Dur\u00e9e de lecture estim\u00e9e\" \/>\n\t<meta name=\"twitter:data1\" content=\"3 minutes\" \/>\n<script type=\"application\/ld+json\" class=\"yoast-schema-graph\">{\"@context\":\"https:\/\/schema.org\",\"@graph\":[{\"@type\":\"WebPage\",\"@id\":\"https:\/\/www.ubishops.ca\/fr\/futurs-etudiants\/processus-dadmission\/admission-requirements\/etudiants-scolarises-a-domicile\/\",\"url\":\"https:\/\/www.ubishops.ca\/fr\/futurs-etudiants\/processus-dadmission\/admission-requirements\/etudiants-scolarises-a-domicile\/\",\"name\":\"\u00c9tudiants scolaris\u00e9s \u00e0 domicile - Bishop&#039;s University\",\"isPartOf\":{\"@id\":\"https:\/\/www.ubishops.ca\/#website\"},\"datePublished\":\"2022-01-18T20:54:17+00:00\",\"dateModified\":\"2024-07-10T14:36:11+00:00\",\"breadcrumb\":{\"@id\":\"https:\/\/www.ubishops.ca\/fr\/futurs-etudiants\/processus-dadmission\/admission-requirements\/etudiants-scolarises-a-domicile\/#breadcrumb\"},\"inLanguage\":\"fr-FR\",\"potentialAction\":[{\"@type\":\"ReadAction\",\"target\":[\"https:\/\/www.ubishops.ca\/fr\/futurs-etudiants\/processus-dadmission\/admission-requirements\/etudiants-scolarises-a-domicile\/\"]}]},{\"@type\":\"BreadcrumbList\",\"@id\":\"https:\/\/www.ubishops.ca\/fr\/futurs-etudiants\/processus-dadmission\/admission-requirements\/etudiants-scolarises-a-domicile\/#breadcrumb\",\"itemListElement\":[{\"@type\":\"ListItem\",\"position\":1,\"name\":\"Accueil\",\"item\":\"https:\/\/www.ubishops.ca\/fr\/\"},{\"@type\":\"ListItem\",\"position\":2,\"name\":\"Futurs \u00e9tudiants\",\"item\":\"https:\/\/www.ubishops.ca\/fr\/futurs-etudiants\/\"},{\"@type\":\"ListItem\",\"position\":3,\"name\":\"Processus d\u2019admission\",\"item\":\"https:\/\/www.ubishops.ca\/fr\/futurs-etudiants\/processus-dadmission\/\"},{\"@type\":\"ListItem\",\"position\":4,\"name\":\"Crit\u00e8res d\u2019admission\",\"item\":\"https:\/\/www.ubishops.ca\/fr\/futurs-etudiants\/processus-dadmission\/admission-requirements\/\"},{\"@type\":\"ListItem\",\"position\":5,\"name\":\"\u00c9tudiants scolaris\u00e9s \u00e0 domicile\"}]},{\"@type\":\"WebSite\",\"@id\":\"https:\/\/www.ubishops.ca\/#website\",\"url\":\"https:\/\/www.ubishops.ca\/\",\"name\":\"Bishop&#039;s University\",\"description\":\"\",\"potentialAction\":[{\"@type\":\"SearchAction\",\"target\":{\"@type\":\"EntryPoint\",\"urlTemplate\":\"https:\/\/www.ubishops.ca\/?s={search_term_string}\"},\"query-input\":{\"@type\":\"PropertyValueSpecification\",\"valueRequired\":true,\"valueName\":\"search_term_string\"}}],\"inLanguage\":\"fr-FR\"}]}<\/script>\n<!-- \/ Yoast SEO plugin. -->","yoast_head_json":{"title":"\u00c9tudiants scolaris\u00e9s \u00e0 domicile - Bishop&#039;s University","robots":{"index":"index","follow":"follow","max-snippet":"max-snippet:-1","max-image-preview":"max-image-preview:large","max-video-preview":"max-video-preview:-1"},"canonical":"https:\/\/www.ubishops.ca\/fr\/futurs-etudiants\/processus-dadmission\/admission-requirements\/etudiants-scolarises-a-domicile\/","og_locale":"fr_FR","og_type":"article","og_title":"\u00c9tudiants scolaris\u00e9s \u00e0 domicile - Bishop&#039;s University","og_description":"Tu es un \u00e9tudiant scolaris\u00e9 \u00e0 domicile aux fins de l\u2019admission si tu termines actuellement ou as termin\u00e9 dans les deux\u202fderni\u00e8res ann\u00e9es un programme d\u2019enseignement \u00e0 domicile de niveau secondaire (habituellement secondaire\u202f5 ou 12e\u202fann\u00e9e) dans un milieu non traditionnel \u00e0 la maison ou \u00e0 un autre endroit qu\u2019un milieu scolaire traditionnel. Crit\u00e8res d\u2019admission g\u00e9n\u00e9raux Les...","og_url":"https:\/\/www.ubishops.ca\/fr\/futurs-etudiants\/processus-dadmission\/admission-requirements\/etudiants-scolarises-a-domicile\/","og_site_name":"Bishop&#039;s University","article_publisher":"https:\/\/www.facebook.com\/ubishops","article_modified_time":"2024-07-10T14:36:11+00:00","twitter_card":"summary_large_image","twitter_site":"@ubishops","twitter_misc":{"Dur\u00e9e de lecture estim\u00e9e":"3 minutes"},"schema":{"@context":"https:\/\/schema.org","@graph":[{"@type":"WebPage","@id":"https:\/\/www.ubishops.ca\/fr\/futurs-etudiants\/processus-dadmission\/admission-requirements\/etudiants-scolarises-a-domicile\/","url":"https:\/\/www.ubishops.ca\/fr\/futurs-etudiants\/processus-dadmission\/admission-requirements\/etudiants-scolarises-a-domicile\/","name":"\u00c9tudiants scolaris\u00e9s \u00e0 domicile - Bishop&#039;s University","isPartOf":{"@id":"https:\/\/www.ubishops.ca\/#website"},"datePublished":"2022-01-18T20:54:17+00:00","dateModified":"2024-07-10T14:36:11+00:00","breadcrumb":{"@id":"https:\/\/www.ubishops.ca\/fr\/futurs-etudiants\/processus-dadmission\/admission-requirements\/etudiants-scolarises-a-domicile\/#breadcrumb"},"inLanguage":"fr-FR","potentialAction":[{"@type":"ReadAction","target":["https:\/\/www.ubishops.ca\/fr\/futurs-etudiants\/processus-dadmission\/admission-requirements\/etudiants-scolarises-a-domicile\/"]}]},{"@type":"BreadcrumbList","@id":"https:\/\/www.ubishops.ca\/fr\/futurs-etudiants\/processus-dadmission\/admission-requirements\/etudiants-scolarises-a-domicile\/#breadcrumb","itemListElement":[{"@type":"ListItem","position":1,"name":"Accueil","item":"https:\/\/www.ubishops.ca\/fr\/"},{"@type":"ListItem","position":2,"name":"Futurs \u00e9tudiants","item":"https:\/\/www.ubishops.ca\/fr\/futurs-etudiants\/"},{"@type":"ListItem","position":3,"name":"Processus d\u2019admission","item":"https:\/\/www.ubishops.ca\/fr\/futurs-etudiants\/processus-dadmission\/"},{"@type":"ListItem","position":4,"name":"Crit\u00e8res d\u2019admission","item":"https:\/\/www.ubishops.ca\/fr\/futurs-etudiants\/processus-dadmission\/admission-requirements\/"},{"@type":"ListItem","position":5,"name":"\u00c9tudiants scolaris\u00e9s \u00e0 domicile"}]},{"@type":"WebSite","@id":"https:\/\/www.ubishops.ca\/#website","url":"https:\/\/www.ubishops.ca\/","name":"Bishop&#039;s University","description":"","potentialAction":[{"@type":"SearchAction","target":{"@type":"EntryPoint","urlTemplate":"https:\/\/www.ubishops.ca\/?s={search_term_string}"},"query-input":{"@type":"PropertyValueSpecification","valueRequired":true,"valueName":"search_term_string"}}],"inLanguage":"fr-FR"}]}},"taxonomy_info":[],"featured_image_src_large":false,"author_info":{"display_name":"Julie Fradette","author_link":"https:\/\/www.ubishops.ca\/fr\/author\/jfradett\/"},"comment_info":0,"publishpress_future_action":{"enabled":false,"date":"2026-04-15 13:16:37","action":"change-status","newStatus":"draft","terms":[],"taxonomy":"translation_priority","extraData":[]},"publishpress_future_workflow_manual_trigger":{"enabledWorkflows":[]},"_links":{"self":[{"href":"https:\/\/www.ubishops.ca\/fr\/wp-json\/wp\/v2\/pages\/113616","targetHints":{"allow":["GET"]}}],"collection":[{"href":"https:\/\/www.ubishops.ca\/fr\/wp-json\/wp\/v2\/pages"}],"about":[{"href":"https:\/\/www.ubishops.ca\/fr\/wp-json\/wp\/v2\/types\/page"}],"author":[{"embeddable":true,"href":"https:\/\/www.ubishops.ca\/fr\/wp-json\/wp\/v2\/users\/49"}],"replies":[{"embeddable":true,"href":"https:\/\/www.ubishops.ca\/fr\/wp-json\/wp\/v2\/comments?post=113616"}],"version-history":[{"count":0,"href":"https:\/\/www.ubishops.ca\/fr\/wp-json\/wp\/v2\/pages\/113616\/revisions"}],"up":[{"embeddable":true,"href":"https:\/\/www.ubishops.ca\/fr\/wp-json\/wp\/v2\/pages\/80854"}],"wp:attachment":[{"href":"https:\/\/www.ubishops.ca\/fr\/wp-json\/wp\/v2\/media?parent=113616"}],"curies":[{"name":"wp","href":"https:\/\/api.w.org\/{rel}","templated":true}]}}