{"id":112893,"date":"2021-03-15T10:52:39","date_gmt":"2021-03-15T14:52:39","guid":{"rendered":"https:\/\/www.ubishops.ca\/futurs-etudiants\/fees-and-funding\/concours-de-bourses-prix-et-autres-bourses\/external-awards\/"},"modified":"2025-03-28T15:00:20","modified_gmt":"2025-03-28T19:00:20","slug":"external-awards","status":"publish","type":"page","link":"https:\/\/www.ubishops.ca\/fr\/futurs-etudiants\/questions-financieres\/concours-de-bourses-prix-et-autres-bourses\/external-awards\/","title":{"rendered":"Bourses externes"},"content":{"rendered":"\n<h2 class=\"wp-block-heading\" id=\"forces-avenir\">FORCES AVENIR<\/h2>\n\n\n\n<figure class=\"wp-block-image size-full\"><img decoding=\"async\" width=\"815\" height=\"400\" src=\"https:\/\/www.ubishops.ca\/wp-content\/uploads\/Logo-forces-avenir-FR.png\" alt=\"Forces Avenir logo\" class=\"wp-image-112894\" srcset=\"https:\/\/www.ubishops.ca\/wp-content\/uploads\/Logo-forces-avenir-FR.png 815w, https:\/\/www.ubishops.ca\/wp-content\/uploads\/Logo-forces-avenir-FR-300x147.png 300w, https:\/\/www.ubishops.ca\/wp-content\/uploads\/Logo-forces-avenir-FR-150x74.png 150w, https:\/\/www.ubishops.ca\/wp-content\/uploads\/Logo-forces-avenir-FR-768x377.png 768w\" sizes=\"(max-width: 815px) 100vw, 815px\" \/><\/figure>\n\n\n\n<h3 class=\"wp-block-heading\" id=\"about-forces-avenir\">\u00c0 propos de Forces AVENIR<\/h3>\n\n\n\n<p>Tu fais partie d\u2019un projet dont la port\u00e9e a une incidence concr\u00e8te et significative sur ta communaut\u00e9 ou dans un champ d\u2019expertise particulier?<\/p>\n\n\n\n<p>Tu t\u2019impliques dans ta collectivit\u00e9 et ton sens du leadership se fait remarquer?<\/p>\n\n\n\n<p>Alors les bourses <a href=\"https:\/\/www.forcesavenir.qc.ca\/index.html\" target=\"_blank\" rel=\"noreferrer noopener\">Forces AVENIR<\/a> sont pour toi!<\/p>\n\n\n\n<p>Forces AVENIR vise \u00e0 <strong>reconna\u00eetre<\/strong>, \u00e0 <strong>honorer<\/strong> et \u00e0 <strong>promouvoir<\/strong> l\u2019engagement \u00e9tudiant dans des projets qui contribuent \u00e0 la formation de citoyens conscients, responsables, actifs et pers\u00e9v\u00e9rants, <strong>\u00e0 la fois enracin\u00e9s dans leur collectivit\u00e9 et ouverts sur le monde<\/strong>.<\/p>\n\n\n\n<p><strong>La date limite pour cr\u00e9er ton dossier sur le site de Forces AVENIR est le 31\u202fmars.<\/strong> <a href=\"https:\/\/inscription.forcesavenir.qc.ca\/en\/login\" target=\"_blank\" rel=\"noreferrer noopener\">Inscris ton projet ou soumets une demande individuelle au programme Forces AVENIR universitaire.<\/a><\/p>\n\n\n\n<div style=\"height:30px\" aria-hidden=\"true\" class=\"wp-block-spacer\"><\/div>\n\n\n\n<h3 class=\"wp-block-heading\" id=\"eligibility\">Admissibilit\u00e9<\/h3>\n\n\n\n<p><strong>CAT\u00c9GORIES PERSONNALIT\u00c9<\/strong><\/p>\n\n\n\n<ul class=\"wp-block-list\">\n<li>\u00catre inscrit(e) \u00e0 temps plein (ou reconnu comme tel par ton universit\u00e9), pendant au moins un semestre, durant la p\u00e9riode d\u2019admissibilit\u00e9, soit du 1er\u202favril\u202fau 31\u202fmars.<\/li>\n\n\n\n<li>\u00catre \u00e2g\u00e9(e) d\u2019au plus 35 ans au 31\u202fmars\u202fde l&rsquo;ann\u00e9e du cycle de bourse.<\/li>\n\n\n\n<li>Possibilit\u00e9 d\u2019avoir re\u00e7u, voire de recevoir, une r\u00e9mun\u00e9ration pour ton ou tes engagements, pourvu que le temps consacr\u00e9 \u00e0 la r\u00e9alisation de ces engagements d\u00e9passe largement le temps habituellement consacr\u00e9 \u00e0 un emploi \u00e9tudiant;<\/li>\n\n\n\n<li>Ne jamais avoir \u00e9t\u00e9 laur\u00e9at d\u2019un prix AVENIR dans une cat\u00e9gorie Personnalit\u00e9, pour le programme Forces AVENIR universitaire.<\/li>\n<\/ul>\n\n\n\n<p><strong>CAT\u00c9GORIES PROJET<\/strong><\/p>\n\n\n\n<ul class=\"wp-block-list\">\n<li>Le projet n\u2019est pas r\u00e9alis\u00e9 dans le cadre d\u2019un cours universitaire de premier cycle de plus de trois\u202fcr\u00e9dits;<\/li>\n\n\n\n<li>Le projet ne se d\u00e9roule pas dans le cadre d\u2019un cours ou d\u2019un programme de recherche faisant partie du cursus menant \u00e0 l\u2019obtention d\u2019un dipl\u00f4me de deuxi\u00e8me ou de troisi\u00e8me cycle;<\/li>\n\n\n\n<li>Au moins 80\u202f% des \u00e9tudiants ayant particip\u00e9 au projet doivent satisfaire aux crit\u00e8res des cat\u00e9gories Personnalit\u00e9;<\/li>\n\n\n\n<li>Le projet a \u00e9t\u00e9 commenc\u00e9, concr\u00e9tis\u00e9 ou poursuivi durant la p\u00e9riode d\u2019admissibilit\u00e9, soit du 1er\u202favril\u202fau 31\u202fmars;<\/li>\n\n\n\n<li>Le projet n\u2019a jamais \u00e9t\u00e9 laur\u00e9at d\u2019un prix AVENIR dans une cat\u00e9gorie Projet, pour le programme Forces AVENIR universitaire.<\/li>\n<\/ul>\n\n\n\n<div style=\"height:30px\" aria-hidden=\"true\" class=\"wp-block-spacer\"><\/div>\n\n\n\n<h3 class=\"wp-block-heading\" id=\"categories\">Description des cat\u00e9gories<\/h3>\n\n\n\n<p><strong>Art, lettres et culture<\/strong><br>Projet li\u00e9 aux arts de la sc\u00e8ne, aux arts visuels, au cin\u00e9ma, aux m\u00e9tiers d\u2019art, \u00e0 la litt\u00e9rature, \u00e0 l\u2019architecture, au design ou au patrimoine.<\/p>\n\n\n\n<p><strong>Entraide, paix et justice<\/strong><br>Projet visant le service \u00e0 la communaut\u00e9, l\u2019entraide humanitaire, l\u2019inclusion et l\u2019ouverture sociale, le respect des droits de la personne ou l\u2019\u00e9tablissement et la promotion d\u2019une soci\u00e9t\u00e9 juste.<\/p>\n\n\n\n<p><strong>\u00c9conomie sociale, entrepreneuriat et affaires<\/strong><br>Projet ayant trait au d\u00e9veloppement de la vie \u00e9conomique ou \u00e0 la mise sur pied, \u00e0 la croissance ou au redressement d\u2019une entreprise.<\/p>\n\n\n\n<p><strong>Environnement<\/strong><br>Projet \u00e0 caract\u00e8re environnemental, qu\u2019il s\u2019agisse du d\u00e9veloppement durable, de la protection de l\u2019environnement, du recyclage, du remploi, de la r\u00e9cup\u00e9ration, des ressources naturelles ou d\u2019\u00e9ducation relative \u00e0 l\u2019environnement.<\/p>\n\n\n\n<p><strong>Sant\u00e9 et saines habitudes de vie<\/strong><br>Projet li\u00e9 \u00e0 la sensibilisation et \u00e0 la pr\u00e9vention, \u00e0 la recherche ou \u00e0 l\u2019am\u00e9lioration de la sant\u00e9 dans des domaines ou des aspects de vie tels l\u2019activit\u00e9 et la condition physiques, la sant\u00e9 mentale, les soins infirmiers, l\u2019alimentation et la m\u00e9decine.<\/p>\n\n\n\n<p><strong>Sciences et technologies<\/strong><br>Projet de nature scientifique ou technique qui s\u2019inscrit dans une d\u00e9marche de recherche, d\u2019exp\u00e9rimentation ou de vulgarisation en mati\u00e8re de sciences et de technologies.<\/p>\n\n\n\n<p><strong>Soci\u00e9t\u00e9, communications et \u00e9ducation<\/strong><br>Projet \u00e0 caract\u00e8re social, li\u00e9 aux communications, \u00e0 l\u2019\u00e9ducation ou \u00e0 l\u2019action politique, visant des enjeux de soci\u00e9t\u00e9 ou des d\u00e9bats publics.<\/p>\n\n\n\n<p><strong>Personnalit\u00e9 \u2013 1er\u202fcycle<\/strong><br>Les prix AVENIR Personnalit\u00e9 \u2013 1er\u202fcycle seront d\u00e9cern\u00e9s \u00e0 des \u00e9tudiantes ou \u00e9tudiants de premier cycle s\u2019\u00e9tant distingu\u00e9s par l\u2019\u00e9quilibre entre la r\u00e9ussite de leurs \u00e9tudes et leurs r\u00e9alisations personnelles et sociales, par leur leadership, par les retomb\u00e9es concr\u00e8tes de leur engagement et par la constance dans ces crit\u00e8res durant toutes leurs \u00e9tudes.<\/p>\n\n\n\n<p><strong>Personnalit\u00e9 \u2013 2e et 3e\u202fcycles<\/strong><br>Le prix AVENIR Personnalit\u00e9 \u2013 2e et 3e\u202fcycles sera d\u00e9cern\u00e9 \u00e0 une \u00e9tudiante ou un \u00e9tudiant de deuxi\u00e8me ou troisi\u00e8me\u202fcycle s\u2019\u00e9tant distingu\u00e9(e) par l\u2019\u00e9quilibre entre la r\u00e9ussite de ses \u00e9tudes et ses r\u00e9alisations personnelles et sociales, par son leadership, par les retomb\u00e9es concr\u00e8tes de son engagement et par la constance dans ces crit\u00e8res durant toutes ses \u00e9tudes.<\/p>\n\n\n\n<p><strong>Personnalit\u00e9 pers\u00e9v\u00e9rante<\/strong><br>Le prix AVENIR Personnalit\u00e9 pers\u00e9v\u00e9rante sera d\u00e9cern\u00e9 \u00e0 une \u00e9tudiante ou un \u00e9tudiant de premier, deuxi\u00e8me ou troisi\u00e8me\u202fcycle s\u2019\u00e9tant distingu\u00e9(e) par les efforts et les strat\u00e9gies d\u00e9ploy\u00e9s, tout au long de sa vie, pour surmonter les difficult\u00e9s, nourrir la motivation, vivre des succ\u00e8s, \u00eatre admis(e) \u00e0 l\u2019universit\u00e9 et y r\u00e9ussir ses \u00e9tudes.<\/p>\n\n\n\n<p><strong>Personnel engag\u00e9<\/strong><br>La cat\u00e9gorie AVENIR Personnel engag\u00e9 reconna\u00eet un membre du personnel de l\u2019universit\u00e9 qui, en dehors du cadre d\u2019un cours ou d\u2019un programme de recherche, s\u2019est engag\u00e9 aupr\u00e8s des \u00e9tudiants dans leurs actions communautaires, ici ou ailleurs dans le monde. Ou encore, la cat\u00e9gorie reconna\u00eet un membre du personnel dont l\u2019action a influenc\u00e9 la mission et la culture de l\u2019\u00e9tablissement, favorisant ainsi davantage l\u2019engagement \u00e9tudiant et la formation de citoyens plus conscients, responsables et pers\u00e9v\u00e9rants. Bref, tout en assumant avec rigueur ses responsabilit\u00e9s professionnelles et en faisant preuve d\u2019un bon \u00e9quilibre personnel, cette personne se distingue par son aptitude \u00e0 susciter l\u2019engagement des \u00e9tudiants et du milieu.<\/p>\n\n\n\n<div style=\"height:30px\" aria-hidden=\"true\" class=\"wp-block-spacer\"><\/div>\n\n\n\n<h3 class=\"wp-block-heading\" id=\"deadlines\">Processus de s\u00e9lection<\/h3>\n\n\n\n<p>Le comit\u00e9 de s\u00e9lection de Bishop\u2019s se r\u00e9unit en avril pour examiner les dossiers. Les \u00e9tudiants peuvent soumettre leur candidature sous la cat\u00e9gorie Personnalit\u00e9 (1er\u202fcycle, 2e ou 3e\u202fcycles, ou pers\u00e9v\u00e9rante) et\/ou sous une ou plusieurs des huit\u202f(8)\u202fcat\u00e9gories Projet, \u00e0 condition de pr\u00e9senter un projet diff\u00e9rent pour chaque cat\u00e9gorie.<\/p>\n\n\n\n<p><strong>Processus interne\u202f:<\/strong><\/p>\n\n\n\n<ul class=\"wp-block-list\">\n<li>Bishop\u2019s examinera tous les dossiers de candidature et en soumettra un maximum de deux par cat\u00e9gorie \u00e0 Forces AVENIR.<\/li>\n\n\n\n<li>S\u2019il y a seulement deux\u202fdossiers ou moins pour une cat\u00e9gorie, cela ne garantit pas que ces dossiers seront automatiquement soumis; le comit\u00e9 de s\u00e9lection appliquera les m\u00eames crit\u00e8res \u00e0 ces dossiers qu\u2019\u00e0 tous les autres.<\/li>\n<\/ul>\n\n\n\n<p><strong>Processus externe\u202f:<\/strong><\/p>\n\n\n\n<ul class=\"wp-block-list\">\n<li>Pour chaque cat\u00e9gorie, Forces AVENIR formera un jury compos\u00e9 de trois\u202fpersonnes reconnues dans leur champ d\u2019expertise. Les membres de ces jurys s\u00e9lectionneront les laur\u00e9ats des bourses et des troph\u00e9es AVENIR.<\/li>\n\n\n\n<li>Des entrevues par visioconf\u00e9rence seront r\u00e9alis\u00e9es avec les finalistes \u00e0 la mi-mai (dates exactes \u00e0 d\u00e9terminer).<\/li>\n\n\n\n<li>Les gagnants seront annonc\u00e9s lors du Gala annuel se tenant dans la ville de Qu\u00e9bec \u00e0 l\u2019automne.<\/li>\n\n\n\n<li>Un grand jury compos\u00e9 de plusieurs figures marquantes de la soci\u00e9t\u00e9 repr\u00e9sentant divers domaines s\u00e9lectionnera les laur\u00e9ats des bourses et des troph\u00e9es AVENIR par excellence. Les gagnants seront annonc\u00e9s lors du Gala annuel se tenant dans la ville de Qu\u00e9bec \u00e0 l\u2019automne.<\/li>\n<\/ul>\n\n\n\n<div style=\"height:30px\" aria-hidden=\"true\" class=\"wp-block-spacer\"><\/div>\n\n\n\n<h3 class=\"wp-block-heading\">Dates limites<\/h3>\n\n\n\n<p><a href=\"https:\/\/inscription.forcesavenir.qc.ca\/connexion\" target=\"_blank\" rel=\"noreferrer noopener\">Soumets ta demande<\/a><\/p>\n\n\n\n<p>Dernier jour pour cr\u00e9er une demande\u202f: 31\u202fmars<\/p>\n\n\n\n<p>Dernier jour pour modifier ta demande\u202f: 10\u202favril<\/p>\n\n\n\n<p>**\u202fLorsque tu cr\u00e9es ta demande, dans le champ \u00ab\u202fUniversity ID\/Matricule Universitaire\u202f\u00bb, entre ton num\u00e9ro d\u2019identification d\u2019\u00e9tudiant.<\/p>\n\n\n\n<div style=\"height:30px\" aria-hidden=\"true\" class=\"wp-block-spacer\"><\/div>\n\n\n\n<h3 class=\"wp-block-heading\" id=\"resources\">Ressources<\/h3>\n\n\n\n<p>Pour toutes questions, adresse-toi \u00e0 Katie Bibbs\u202f: <a href=\"&#x6d;&#x61;&#105;l&#x74;&#x6f;&#x3a;&#107;b&#x69;&#x62;&#x62;&#115;&#64;&#x75;&#x62;&#x69;&#115;h&#x6f;&#x70;&#x73;&#46;c&#x61;\">&#x6b;&#x62;&#x69;&#x62;&#x62;&#x73;&#x40;&#x75;&#x62;&#x69;&#x73;&#x68;&#x6f;&#x70;&#115;&#46;&#99;&#97;<\/a><\/p>\n","protected":false},"excerpt":{"rendered":"<p>FORCES AVENIR \u00c0 propos de Forces AVENIR Tu fais partie d\u2019un projet dont la port\u00e9e a une incidence concr\u00e8te et significative sur ta communaut\u00e9 ou dans un champ d\u2019expertise particulier? Tu t\u2019impliques dans ta collectivit\u00e9 et ton sens du leadership se fait remarquer? Alors les bourses Forces AVENIR sont pour toi! Forces AVENIR vise \u00e0&#8230;<\/p>\n","protected":false},"author":49,"featured_media":0,"parent":10814,"menu_order":288,"comment_status":"closed","ping_status":"closed","template":"","meta":{"_acf_changed":false,"_cbd_carousel_blocks":"[]","_kad_blocks_custom_css":"","_kad_blocks_head_custom_js":"","_kad_blocks_body_custom_js":"","_kad_blocks_footer_custom_js":"","_kad_post_transparent":"","_kad_post_title":"","_kad_post_layout":"","_kad_post_sidebar_id":"","_kad_post_content_style":"","_kad_post_vertical_padding":"","_kad_post_feature":"","_kad_post_feature_position":"","_kad_post_header":false,"_kad_post_footer":false,"_kad_post_classname":"","footnotes":""},"class_list":["post-112893","page","type-page","status-publish","hentry"],"acf":[],"yoast_head":"<!-- This site is optimized with the Yoast SEO plugin v27.2 - https:\/\/yoast.com\/product\/yoast-seo-wordpress\/ -->\n<title>Bourses externes - Bishop&#039;s University<\/title>\n<meta name=\"robots\" content=\"index, follow, max-snippet:-1, max-image-preview:large, max-video-preview:-1\" \/>\n<link rel=\"canonical\" href=\"https:\/\/www.ubishops.ca\/fr\/futurs-etudiants\/questions-financieres\/concours-de-bourses-prix-et-autres-bourses\/external-awards\/\" \/>\n<meta property=\"og:locale\" content=\"fr_FR\" \/>\n<meta property=\"og:type\" content=\"article\" \/>\n<meta property=\"og:title\" content=\"Bourses externes - Bishop&#039;s University\" \/>\n<meta property=\"og:description\" content=\"FORCES AVENIR \u00c0 propos de Forces AVENIR Tu fais partie d\u2019un projet dont la port\u00e9e a une incidence concr\u00e8te et significative sur ta communaut\u00e9 ou dans un champ d\u2019expertise particulier? Tu t\u2019impliques dans ta collectivit\u00e9 et ton sens du leadership se fait remarquer? Alors les bourses Forces AVENIR sont pour toi! Forces AVENIR vise \u00e0...\" \/>\n<meta property=\"og:url\" content=\"https:\/\/www.ubishops.ca\/fr\/futurs-etudiants\/questions-financieres\/concours-de-bourses-prix-et-autres-bourses\/external-awards\/\" \/>\n<meta property=\"og:site_name\" content=\"Bishop&#039;s University\" \/>\n<meta property=\"article:publisher\" content=\"https:\/\/www.facebook.com\/ubishops\" \/>\n<meta property=\"article:modified_time\" content=\"2025-03-28T19:00:20+00:00\" \/>\n<meta property=\"og:image\" content=\"https:\/\/www.ubishops.ca\/wp-content\/uploads\/Logo-forces-avenir-FR.png\" \/>\n\t<meta property=\"og:image:width\" content=\"815\" \/>\n\t<meta property=\"og:image:height\" content=\"400\" \/>\n\t<meta property=\"og:image:type\" content=\"image\/png\" \/>\n<meta name=\"twitter:card\" content=\"summary_large_image\" \/>\n<meta name=\"twitter:site\" content=\"@ubishops\" \/>\n<meta name=\"twitter:label1\" content=\"Dur\u00e9e de lecture estim\u00e9e\" \/>\n\t<meta name=\"twitter:data1\" content=\"4 minutes\" \/>\n<script type=\"application\/ld+json\" class=\"yoast-schema-graph\">{\"@context\":\"https:\/\/schema.org\",\"@graph\":[{\"@type\":\"WebPage\",\"@id\":\"https:\/\/www.ubishops.ca\/fr\/futurs-etudiants\/questions-financieres\/concours-de-bourses-prix-et-autres-bourses\/external-awards\/\",\"url\":\"https:\/\/www.ubishops.ca\/fr\/futurs-etudiants\/questions-financieres\/concours-de-bourses-prix-et-autres-bourses\/external-awards\/\",\"name\":\"Bourses externes - Bishop&#039;s University\",\"isPartOf\":{\"@id\":\"https:\/\/www.ubishops.ca\/#website\"},\"primaryImageOfPage\":{\"@id\":\"https:\/\/www.ubishops.ca\/fr\/futurs-etudiants\/questions-financieres\/concours-de-bourses-prix-et-autres-bourses\/external-awards\/#primaryimage\"},\"image\":{\"@id\":\"https:\/\/www.ubishops.ca\/fr\/futurs-etudiants\/questions-financieres\/concours-de-bourses-prix-et-autres-bourses\/external-awards\/#primaryimage\"},\"thumbnailUrl\":\"https:\/\/www.ubishops.ca\/wp-content\/uploads\/Logo-forces-avenir-FR.png\",\"datePublished\":\"2021-03-15T14:52:39+00:00\",\"dateModified\":\"2025-03-28T19:00:20+00:00\",\"breadcrumb\":{\"@id\":\"https:\/\/www.ubishops.ca\/fr\/futurs-etudiants\/questions-financieres\/concours-de-bourses-prix-et-autres-bourses\/external-awards\/#breadcrumb\"},\"inLanguage\":\"fr-FR\",\"potentialAction\":[{\"@type\":\"ReadAction\",\"target\":[\"https:\/\/www.ubishops.ca\/fr\/futurs-etudiants\/questions-financieres\/concours-de-bourses-prix-et-autres-bourses\/external-awards\/\"]}]},{\"@type\":\"ImageObject\",\"inLanguage\":\"fr-FR\",\"@id\":\"https:\/\/www.ubishops.ca\/fr\/futurs-etudiants\/questions-financieres\/concours-de-bourses-prix-et-autres-bourses\/external-awards\/#primaryimage\",\"url\":\"https:\/\/www.ubishops.ca\/wp-content\/uploads\/Logo-forces-avenir-FR.png\",\"contentUrl\":\"https:\/\/www.ubishops.ca\/wp-content\/uploads\/Logo-forces-avenir-FR.png\"},{\"@type\":\"BreadcrumbList\",\"@id\":\"https:\/\/www.ubishops.ca\/fr\/futurs-etudiants\/questions-financieres\/concours-de-bourses-prix-et-autres-bourses\/external-awards\/#breadcrumb\",\"itemListElement\":[{\"@type\":\"ListItem\",\"position\":1,\"name\":\"Accueil\",\"item\":\"https:\/\/www.ubishops.ca\/fr\/\"},{\"@type\":\"ListItem\",\"position\":2,\"name\":\"Futurs \u00e9tudiants\",\"item\":\"https:\/\/www.ubishops.ca\/fr\/futurs-etudiants\/\"},{\"@type\":\"ListItem\",\"position\":3,\"name\":\"Questions financi\u00e8res\",\"item\":\"https:\/\/www.ubishops.ca\/fr\/futurs-etudiants\/questions-financieres\/\"},{\"@type\":\"ListItem\",\"position\":4,\"name\":\"Bourses d\u2019\u00e9tudes, prix et autres bourses\",\"item\":\"https:\/\/www.ubishops.ca\/fr\/futurs-etudiants\/questions-financieres\/concours-de-bourses-prix-et-autres-bourses\/\"},{\"@type\":\"ListItem\",\"position\":5,\"name\":\"Bourses externes\"}]},{\"@type\":\"WebSite\",\"@id\":\"https:\/\/www.ubishops.ca\/#website\",\"url\":\"https:\/\/www.ubishops.ca\/\",\"name\":\"Bishop&#039;s University\",\"description\":\"\",\"potentialAction\":[{\"@type\":\"SearchAction\",\"target\":{\"@type\":\"EntryPoint\",\"urlTemplate\":\"https:\/\/www.ubishops.ca\/?s={search_term_string}\"},\"query-input\":{\"@type\":\"PropertyValueSpecification\",\"valueRequired\":true,\"valueName\":\"search_term_string\"}}],\"inLanguage\":\"fr-FR\"}]}<\/script>\n<!-- \/ Yoast SEO plugin. -->","yoast_head_json":{"title":"Bourses externes - Bishop&#039;s University","robots":{"index":"index","follow":"follow","max-snippet":"max-snippet:-1","max-image-preview":"max-image-preview:large","max-video-preview":"max-video-preview:-1"},"canonical":"https:\/\/www.ubishops.ca\/fr\/futurs-etudiants\/questions-financieres\/concours-de-bourses-prix-et-autres-bourses\/external-awards\/","og_locale":"fr_FR","og_type":"article","og_title":"Bourses externes - Bishop&#039;s University","og_description":"FORCES AVENIR \u00c0 propos de Forces AVENIR Tu fais partie d\u2019un projet dont la port\u00e9e a une incidence concr\u00e8te et significative sur ta communaut\u00e9 ou dans un champ d\u2019expertise particulier? Tu t\u2019impliques dans ta collectivit\u00e9 et ton sens du leadership se fait remarquer? Alors les bourses Forces AVENIR sont pour toi! Forces AVENIR vise \u00e0...","og_url":"https:\/\/www.ubishops.ca\/fr\/futurs-etudiants\/questions-financieres\/concours-de-bourses-prix-et-autres-bourses\/external-awards\/","og_site_name":"Bishop&#039;s University","article_publisher":"https:\/\/www.facebook.com\/ubishops","article_modified_time":"2025-03-28T19:00:20+00:00","og_image":[{"width":815,"height":400,"url":"https:\/\/www.ubishops.ca\/wp-content\/uploads\/Logo-forces-avenir-FR.png","type":"image\/png"}],"twitter_card":"summary_large_image","twitter_site":"@ubishops","twitter_misc":{"Dur\u00e9e de lecture estim\u00e9e":"4 minutes"},"schema":{"@context":"https:\/\/schema.org","@graph":[{"@type":"WebPage","@id":"https:\/\/www.ubishops.ca\/fr\/futurs-etudiants\/questions-financieres\/concours-de-bourses-prix-et-autres-bourses\/external-awards\/","url":"https:\/\/www.ubishops.ca\/fr\/futurs-etudiants\/questions-financieres\/concours-de-bourses-prix-et-autres-bourses\/external-awards\/","name":"Bourses externes - Bishop&#039;s University","isPartOf":{"@id":"https:\/\/www.ubishops.ca\/#website"},"primaryImageOfPage":{"@id":"https:\/\/www.ubishops.ca\/fr\/futurs-etudiants\/questions-financieres\/concours-de-bourses-prix-et-autres-bourses\/external-awards\/#primaryimage"},"image":{"@id":"https:\/\/www.ubishops.ca\/fr\/futurs-etudiants\/questions-financieres\/concours-de-bourses-prix-et-autres-bourses\/external-awards\/#primaryimage"},"thumbnailUrl":"https:\/\/www.ubishops.ca\/wp-content\/uploads\/Logo-forces-avenir-FR.png","datePublished":"2021-03-15T14:52:39+00:00","dateModified":"2025-03-28T19:00:20+00:00","breadcrumb":{"@id":"https:\/\/www.ubishops.ca\/fr\/futurs-etudiants\/questions-financieres\/concours-de-bourses-prix-et-autres-bourses\/external-awards\/#breadcrumb"},"inLanguage":"fr-FR","potentialAction":[{"@type":"ReadAction","target":["https:\/\/www.ubishops.ca\/fr\/futurs-etudiants\/questions-financieres\/concours-de-bourses-prix-et-autres-bourses\/external-awards\/"]}]},{"@type":"ImageObject","inLanguage":"fr-FR","@id":"https:\/\/www.ubishops.ca\/fr\/futurs-etudiants\/questions-financieres\/concours-de-bourses-prix-et-autres-bourses\/external-awards\/#primaryimage","url":"https:\/\/www.ubishops.ca\/wp-content\/uploads\/Logo-forces-avenir-FR.png","contentUrl":"https:\/\/www.ubishops.ca\/wp-content\/uploads\/Logo-forces-avenir-FR.png"},{"@type":"BreadcrumbList","@id":"https:\/\/www.ubishops.ca\/fr\/futurs-etudiants\/questions-financieres\/concours-de-bourses-prix-et-autres-bourses\/external-awards\/#breadcrumb","itemListElement":[{"@type":"ListItem","position":1,"name":"Accueil","item":"https:\/\/www.ubishops.ca\/fr\/"},{"@type":"ListItem","position":2,"name":"Futurs \u00e9tudiants","item":"https:\/\/www.ubishops.ca\/fr\/futurs-etudiants\/"},{"@type":"ListItem","position":3,"name":"Questions financi\u00e8res","item":"https:\/\/www.ubishops.ca\/fr\/futurs-etudiants\/questions-financieres\/"},{"@type":"ListItem","position":4,"name":"Bourses d\u2019\u00e9tudes, prix et autres bourses","item":"https:\/\/www.ubishops.ca\/fr\/futurs-etudiants\/questions-financieres\/concours-de-bourses-prix-et-autres-bourses\/"},{"@type":"ListItem","position":5,"name":"Bourses externes"}]},{"@type":"WebSite","@id":"https:\/\/www.ubishops.ca\/#website","url":"https:\/\/www.ubishops.ca\/","name":"Bishop&#039;s University","description":"","potentialAction":[{"@type":"SearchAction","target":{"@type":"EntryPoint","urlTemplate":"https:\/\/www.ubishops.ca\/?s={search_term_string}"},"query-input":{"@type":"PropertyValueSpecification","valueRequired":true,"valueName":"search_term_string"}}],"inLanguage":"fr-FR"}]}},"taxonomy_info":[],"featured_image_src_large":false,"author_info":{"display_name":"Julie Fradette","author_link":"https:\/\/www.ubishops.ca\/fr\/author\/jfradett\/"},"comment_info":0,"publishpress_future_action":{"enabled":false,"date":"2026-04-15 14:45:02","action":"change-status","newStatus":"draft","terms":[],"taxonomy":"translation_priority","extraData":[]},"publishpress_future_workflow_manual_trigger":{"enabledWorkflows":[]},"_links":{"self":[{"href":"https:\/\/www.ubishops.ca\/fr\/wp-json\/wp\/v2\/pages\/112893","targetHints":{"allow":["GET"]}}],"collection":[{"href":"https:\/\/www.ubishops.ca\/fr\/wp-json\/wp\/v2\/pages"}],"about":[{"href":"https:\/\/www.ubishops.ca\/fr\/wp-json\/wp\/v2\/types\/page"}],"author":[{"embeddable":true,"href":"https:\/\/www.ubishops.ca\/fr\/wp-json\/wp\/v2\/users\/49"}],"replies":[{"embeddable":true,"href":"https:\/\/www.ubishops.ca\/fr\/wp-json\/wp\/v2\/comments?post=112893"}],"version-history":[{"count":1,"href":"https:\/\/www.ubishops.ca\/fr\/wp-json\/wp\/v2\/pages\/112893\/revisions"}],"predecessor-version":[{"id":123015,"href":"https:\/\/www.ubishops.ca\/fr\/wp-json\/wp\/v2\/pages\/112893\/revisions\/123015"}],"up":[{"embeddable":true,"href":"https:\/\/www.ubishops.ca\/fr\/wp-json\/wp\/v2\/pages\/10814"}],"wp:attachment":[{"href":"https:\/\/www.ubishops.ca\/fr\/wp-json\/wp\/v2\/media?parent=112893"}],"curies":[{"name":"wp","href":"https:\/\/api.w.org\/{rel}","templated":true}]}}