{"id":112876,"date":"2016-07-27T14:56:04","date_gmt":"2016-07-27T18:56:04","guid":{"rendered":"https:\/\/www.ubishops.ca\/futurs-etudiants\/processus-dadmission\/admission-requirements\/english-language-school-pathway-students\/"},"modified":"2024-06-12T10:21:43","modified_gmt":"2024-06-12T14:21:43","slug":"english-language-school-pathway-students","status":"publish","type":"page","link":"https:\/\/www.ubishops.ca\/fr\/futurs-etudiants\/processus-dadmission\/admission-requirements\/english-language-school-pathway-students\/","title":{"rendered":"\u00c9tudiants d\u2019un programme tremplin d\u2019\u00e9cole de langue anglaise"},"content":{"rendered":"\n<p>Tu es un \u00e9tudiant d\u2019un programme tremplin d\u2019\u00e9cole de langue anglaise aux fins de l\u2019admission si\u202f:<\/p>\n\n\n\n<ul class=\"wp-block-list\">\n<li>tu r\u00e9ponds \u00e0 tous les crit\u00e8res d\u2019admission g\u00e9n\u00e9raux \u00e0 l\u2019exception des aptitudes linguistiques en anglais; et<\/li>\n\n\n\n<li>tu as soumis une demande d\u2019admission ou tu as re\u00e7u une lettre d\u2019acceptation \u00e0 un programme tremplin de niveau universitaire ou coll\u00e9gial offert par une des \u00e9coles de langue anglaise partenaires de l\u2019Universit\u00e9 Bishop\u2019s\u202f:\n<ul class=\"wp-block-list\">\n<li><a href=\"http:\/\/brescia.uwo.ca\/admissions\/admission-requirements\/preliminary-year-program\/\" target=\"_blank\" rel=\"noreferrer noopener\">Programme d\u2019ann\u00e9e pr\u00e9paratoire du Brescia University College<\/a><\/li>\n\n\n\n<li><a href=\"https:\/\/www.eclccanada.com\/\" target=\"_blank\" rel=\"noreferrer noopener\">East Coast Language College<\/a><\/li>\n\n\n\n<li><a href=\"https:\/\/www.halifaxlanguageinstitute.com\/\" target=\"_blank\" rel=\"noreferrer noopener\">Halifax Language Institute of Canada<\/a><\/li>\n\n\n\n<li><a href=\"https:\/\/www.ilsc.com\/\" target=\"_blank\" rel=\"noreferrer noopener\">\u00c9coles de langues ILSC<\/a><\/li>\n\n\n\n<li><a href=\"https:\/\/www.lambtoncollege.ca\/International\/\" target=\"_blank\" rel=\"noreferrer noopener\">Lambton College<\/a><\/li>\n\n\n\n<li><a href=\"https:\/\/learnenglishmontreal.ca\/\" target=\"_blank\" rel=\"noreferrer noopener\">Universitas Language Centre Montreal<\/a><\/li>\n<\/ul>\n<\/li>\n\n\n\n<li>Si tu soumets une demande d\u2019admission \u00e0 l\u2019Universit\u00e9 Bishop\u2019s, tu pourras recevoir une lettre d\u2019offre d\u2019admission conditionnelle, \u00e0 condition d\u2019avoir fourni une preuve d\u2019inscription \u00e0 un programme tremplin d\u2019une des \u00e9coles de langue anglaise indiqu\u00e9es ci-dessus et de respecter tous les autres crit\u00e8res qui s\u2019appliquent \u00e0 ton programme universitaire. Ton admission \u00e0 Bishop\u2019s ne sera ensuite plus conditionnelle d\u00e8s que tu auras termin\u00e9 ton programme tremplin d\u2019anglais et que tu auras satisfait toutes les autres conditions indiqu\u00e9es dans ta lettre. \u00c0 noter que Bishop\u2019s n\u2019envoie pas de lettre d\u2019offre d\u2019admission conditionnelle aux \u00e9tudiants qui ne sont pas encore inscrits \u00e0 une \u00e9cole de langue anglaise.<\/li>\n<\/ul>\n\n\n\n<div class=\"wp-block-buttons is-layout-flex wp-block-buttons-is-layout-flex\">\n<div class=\"wp-block-button\"><a class=\"wp-block-button__link has-purple-background-color has-background wp-element-button\" href=\"https:\/\/www.ubishops.ca\/fr\/futurs-etudiants\/bishops-university-online-application\/\">Inscris-toi<\/a><\/div>\n<\/div>\n\n\n\n<div style=\"height:30px\" aria-hidden=\"true\" class=\"wp-block-spacer\"><\/div>\n\n\n\n<h2 class=\"wp-block-heading\" id=\"admission-requirements-general\">Crit\u00e8res d\u2019admission\u202f: g\u00e9n\u00e9raux<\/h2>\n\n\n\n<ul class=\"wp-block-list\">\n<li>Satisfaire toutes les exigences normales d\u2019admission \u00e9num\u00e9r\u00e9es dans la cat\u00e9gorie qui correspond \u00e0 ton parcours scolaire et \u00e0 ta situation.<\/li>\n\n\n\n<li>Suivre et r\u00e9ussir un programme tremplin de niveau universitaire ou coll\u00e9gial d\u2019une \u00e9cole de langue anglaise partenaire de l\u2019Universit\u00e9 Bishop\u2019s.<\/li>\n<\/ul>\n\n\n\n<div style=\"height:30px\" aria-hidden=\"true\" class=\"wp-block-spacer\"><\/div>\n\n\n\n<h2 class=\"wp-block-heading\" id=\"admission-requirements-program-specific\">Crit\u00e8res d\u2019admission\u202f: programmes particuliers<\/h2>\n\n\n\n<p>Consulte les exigences d\u2019admission aux programmes particuliers \u00e9num\u00e9r\u00e9es dans la cat\u00e9gorie qui correspond \u00e0 ton parcours scolaire et \u00e0 ta situation.<\/p>\n\n\n\n<div style=\"height:30px\" aria-hidden=\"true\" class=\"wp-block-spacer\"><\/div>\n\n\n\n<h2 class=\"wp-block-heading\" id=\"required-supporting-documents-all-applicants\">Documents justificatifs requis\u202f: tous les candidats<\/h2>\n\n\n\n<ul class=\"wp-block-list\">\n<li>Copie de la lettre d\u2019acceptation \u00e0 un programme tremplin d\u2019une \u00e9cole de langue anglaise partenaire de l\u2019Universit\u00e9 Bishop\u2019s.<\/li>\n\n\n\n<li>Copie du plus r\u00e9cent relev\u00e9 de notes.<\/li>\n\n\n\n<li>Copies d\u2019une ou plusieurs pi\u00e8ces d\u2019identit\u00e9. <a href=\"https:\/\/www.ubishops.ca\/future-students\/admission-process\/personal-identification-documents\/\">Consulte la page Pi\u00e8ces d\u2019identit\u00e9<\/a> pour d\u00e9terminer quels documents tu devras fournir.<\/li>\n<\/ul>\n\n\n\n<div style=\"height:30px\" aria-hidden=\"true\" class=\"wp-block-spacer\"><\/div>\n\n\n\n<h2 class=\"wp-block-heading\" id=\"additional-supporting-documents-program-specific\">Autres documents justificatifs\u202f: programmes particuliers<\/h2>\n\n\n\n<p><strong>Candidats \u00e0 des programmes du d\u00e9partement de musique\u202f:<\/strong><\/p>\n\n\n\n<p>Les candidats aux programmes suivants du d\u00e9partement de musique doivent pr\u00e9senter une audition et une lettre exposant leur parcours musical. <a href=\"https:\/\/www.ubishops.ca\/wp-content\/uploads\/MusicApplicant_WebsiteInfo_Fall2013_Final-1.pdf\" target=\"_blank\" rel=\"noreferrer noopener\">Consulte la Fiche d\u2019informations sur l\u2019admission en musique<\/a> pour en savoir plus\u202f:<\/p>\n\n\n\n<ul class=\"wp-block-list\">\n<li>Baccalaur\u00e9at avec majeure en musique et culture<\/li>\n\n\n\n<li>Baccalaur\u00e9at avec majeure en interpr\u00e9tation musicale<\/li>\n\n\n\n<li>Baccalaur\u00e9at avec majeure en musique\u202f: Concentration th\u00e9\u00e2tre musical<\/li>\n\n\n\n<li>Baccalaur\u00e9at avec majeure en administration des arts\u202f: Concentration musique<\/li>\n\n\n\n<li>Baccalaur\u00e9at \u00e8s \u00e9ducation en enseignement et apprentissage des arts cr\u00e9atifs\u202f: Musique<\/li>\n<\/ul>\n\n\n\n<div class=\"wp-block-buttons is-layout-flex wp-block-buttons-is-layout-flex\">\n<div class=\"wp-block-button\"><a class=\"wp-block-button__link has-purple-background-color has-background wp-element-button\" href=\"https:\/\/www.ubishops.ca\/fr\/futurs-etudiants\/bishops-university-online-application\/\">Inscris-toi<\/a><\/div>\n<\/div>\n","protected":false},"excerpt":{"rendered":"<p>Tu es un \u00e9tudiant d\u2019un programme tremplin d\u2019\u00e9cole de langue anglaise aux fins de l\u2019admission si\u202f: Crit\u00e8res d\u2019admission\u202f: g\u00e9n\u00e9raux Crit\u00e8res d\u2019admission\u202f: programmes particuliers Consulte les exigences d\u2019admission aux programmes particuliers \u00e9num\u00e9r\u00e9es dans la cat\u00e9gorie qui correspond \u00e0 ton parcours scolaire et \u00e0 ta situation. Documents justificatifs requis\u202f: tous les candidats Autres documents justificatifs\u202f: programmes particuliers&#8230;<\/p>\n","protected":false},"author":49,"featured_media":0,"parent":80854,"menu_order":118,"comment_status":"closed","ping_status":"closed","template":"templates\/page-width-sidebar.php","meta":{"_acf_changed":false,"_cbd_carousel_blocks":"[]","_kad_blocks_custom_css":"","_kad_blocks_head_custom_js":"","_kad_blocks_body_custom_js":"","_kad_blocks_footer_custom_js":"","_kad_post_transparent":"","_kad_post_title":"","_kad_post_layout":"","_kad_post_sidebar_id":"","_kad_post_content_style":"","_kad_post_vertical_padding":"","_kad_post_feature":"","_kad_post_feature_position":"","_kad_post_header":false,"_kad_post_footer":false,"_kad_post_classname":"","footnotes":""},"class_list":["post-112876","page","type-page","status-publish","hentry"],"acf":[],"yoast_head":"<!-- This site is optimized with the Yoast SEO plugin v27.2 - https:\/\/yoast.com\/product\/yoast-seo-wordpress\/ -->\n<title>\u00c9tudiants d\u2019un programme tremplin d\u2019\u00e9cole de langue anglaise - Bishop&#039;s University<\/title>\n<meta name=\"robots\" content=\"index, follow, max-snippet:-1, max-image-preview:large, max-video-preview:-1\" \/>\n<link rel=\"canonical\" href=\"https:\/\/www.ubishops.ca\/fr\/futurs-etudiants\/processus-dadmission\/admission-requirements\/english-language-school-pathway-students\/\" \/>\n<meta property=\"og:locale\" content=\"fr_FR\" \/>\n<meta property=\"og:type\" content=\"article\" \/>\n<meta property=\"og:title\" content=\"\u00c9tudiants d\u2019un programme tremplin d\u2019\u00e9cole de langue anglaise - Bishop&#039;s University\" \/>\n<meta property=\"og:description\" content=\"Tu es un \u00e9tudiant d\u2019un programme tremplin d\u2019\u00e9cole de langue anglaise aux fins de l\u2019admission si\u202f: Crit\u00e8res d\u2019admission\u202f: g\u00e9n\u00e9raux Crit\u00e8res d\u2019admission\u202f: programmes particuliers Consulte les exigences d\u2019admission aux programmes particuliers \u00e9num\u00e9r\u00e9es dans la cat\u00e9gorie qui correspond \u00e0 ton parcours scolaire et \u00e0 ta situation. Documents justificatifs requis\u202f: tous les candidats Autres documents justificatifs\u202f: programmes particuliers...\" \/>\n<meta property=\"og:url\" content=\"https:\/\/www.ubishops.ca\/fr\/futurs-etudiants\/processus-dadmission\/admission-requirements\/english-language-school-pathway-students\/\" \/>\n<meta property=\"og:site_name\" content=\"Bishop&#039;s University\" \/>\n<meta property=\"article:publisher\" content=\"https:\/\/www.facebook.com\/ubishops\" \/>\n<meta property=\"article:modified_time\" content=\"2024-06-12T14:21:43+00:00\" \/>\n<meta name=\"twitter:card\" content=\"summary_large_image\" \/>\n<meta name=\"twitter:site\" content=\"@ubishops\" \/>\n<meta name=\"twitter:label1\" content=\"Dur\u00e9e de lecture estim\u00e9e\" \/>\n\t<meta name=\"twitter:data1\" content=\"2 minutes\" \/>\n<script type=\"application\/ld+json\" class=\"yoast-schema-graph\">{\"@context\":\"https:\/\/schema.org\",\"@graph\":[{\"@type\":\"WebPage\",\"@id\":\"https:\/\/www.ubishops.ca\/fr\/futurs-etudiants\/processus-dadmission\/admission-requirements\/english-language-school-pathway-students\/\",\"url\":\"https:\/\/www.ubishops.ca\/fr\/futurs-etudiants\/processus-dadmission\/admission-requirements\/english-language-school-pathway-students\/\",\"name\":\"\u00c9tudiants d\u2019un programme tremplin d\u2019\u00e9cole de langue anglaise - Bishop&#039;s University\",\"isPartOf\":{\"@id\":\"https:\/\/www.ubishops.ca\/#website\"},\"datePublished\":\"2016-07-27T18:56:04+00:00\",\"dateModified\":\"2024-06-12T14:21:43+00:00\",\"breadcrumb\":{\"@id\":\"https:\/\/www.ubishops.ca\/fr\/futurs-etudiants\/processus-dadmission\/admission-requirements\/english-language-school-pathway-students\/#breadcrumb\"},\"inLanguage\":\"fr-FR\",\"potentialAction\":[{\"@type\":\"ReadAction\",\"target\":[\"https:\/\/www.ubishops.ca\/fr\/futurs-etudiants\/processus-dadmission\/admission-requirements\/english-language-school-pathway-students\/\"]}]},{\"@type\":\"BreadcrumbList\",\"@id\":\"https:\/\/www.ubishops.ca\/fr\/futurs-etudiants\/processus-dadmission\/admission-requirements\/english-language-school-pathway-students\/#breadcrumb\",\"itemListElement\":[{\"@type\":\"ListItem\",\"position\":1,\"name\":\"Accueil\",\"item\":\"https:\/\/www.ubishops.ca\/fr\/\"},{\"@type\":\"ListItem\",\"position\":2,\"name\":\"Futurs \u00e9tudiants\",\"item\":\"https:\/\/www.ubishops.ca\/fr\/futurs-etudiants\/\"},{\"@type\":\"ListItem\",\"position\":3,\"name\":\"Processus d\u2019admission\",\"item\":\"https:\/\/www.ubishops.ca\/fr\/futurs-etudiants\/processus-dadmission\/\"},{\"@type\":\"ListItem\",\"position\":4,\"name\":\"Crit\u00e8res d\u2019admission\",\"item\":\"https:\/\/www.ubishops.ca\/fr\/futurs-etudiants\/processus-dadmission\/admission-requirements\/\"},{\"@type\":\"ListItem\",\"position\":5,\"name\":\"\u00c9tudiants d\u2019un programme tremplin d\u2019\u00e9cole de langue anglaise\"}]},{\"@type\":\"WebSite\",\"@id\":\"https:\/\/www.ubishops.ca\/#website\",\"url\":\"https:\/\/www.ubishops.ca\/\",\"name\":\"Bishop&#039;s University\",\"description\":\"\",\"potentialAction\":[{\"@type\":\"SearchAction\",\"target\":{\"@type\":\"EntryPoint\",\"urlTemplate\":\"https:\/\/www.ubishops.ca\/?s={search_term_string}\"},\"query-input\":{\"@type\":\"PropertyValueSpecification\",\"valueRequired\":true,\"valueName\":\"search_term_string\"}}],\"inLanguage\":\"fr-FR\"}]}<\/script>\n<!-- \/ Yoast SEO plugin. -->","yoast_head_json":{"title":"\u00c9tudiants d\u2019un programme tremplin d\u2019\u00e9cole de langue anglaise - Bishop&#039;s University","robots":{"index":"index","follow":"follow","max-snippet":"max-snippet:-1","max-image-preview":"max-image-preview:large","max-video-preview":"max-video-preview:-1"},"canonical":"https:\/\/www.ubishops.ca\/fr\/futurs-etudiants\/processus-dadmission\/admission-requirements\/english-language-school-pathway-students\/","og_locale":"fr_FR","og_type":"article","og_title":"\u00c9tudiants d\u2019un programme tremplin d\u2019\u00e9cole de langue anglaise - Bishop&#039;s University","og_description":"Tu es un \u00e9tudiant d\u2019un programme tremplin d\u2019\u00e9cole de langue anglaise aux fins de l\u2019admission si\u202f: Crit\u00e8res d\u2019admission\u202f: g\u00e9n\u00e9raux Crit\u00e8res d\u2019admission\u202f: programmes particuliers Consulte les exigences d\u2019admission aux programmes particuliers \u00e9num\u00e9r\u00e9es dans la cat\u00e9gorie qui correspond \u00e0 ton parcours scolaire et \u00e0 ta situation. Documents justificatifs requis\u202f: tous les candidats Autres documents justificatifs\u202f: programmes particuliers...","og_url":"https:\/\/www.ubishops.ca\/fr\/futurs-etudiants\/processus-dadmission\/admission-requirements\/english-language-school-pathway-students\/","og_site_name":"Bishop&#039;s University","article_publisher":"https:\/\/www.facebook.com\/ubishops","article_modified_time":"2024-06-12T14:21:43+00:00","twitter_card":"summary_large_image","twitter_site":"@ubishops","twitter_misc":{"Dur\u00e9e de lecture estim\u00e9e":"2 minutes"},"schema":{"@context":"https:\/\/schema.org","@graph":[{"@type":"WebPage","@id":"https:\/\/www.ubishops.ca\/fr\/futurs-etudiants\/processus-dadmission\/admission-requirements\/english-language-school-pathway-students\/","url":"https:\/\/www.ubishops.ca\/fr\/futurs-etudiants\/processus-dadmission\/admission-requirements\/english-language-school-pathway-students\/","name":"\u00c9tudiants d\u2019un programme tremplin d\u2019\u00e9cole de langue anglaise - Bishop&#039;s University","isPartOf":{"@id":"https:\/\/www.ubishops.ca\/#website"},"datePublished":"2016-07-27T18:56:04+00:00","dateModified":"2024-06-12T14:21:43+00:00","breadcrumb":{"@id":"https:\/\/www.ubishops.ca\/fr\/futurs-etudiants\/processus-dadmission\/admission-requirements\/english-language-school-pathway-students\/#breadcrumb"},"inLanguage":"fr-FR","potentialAction":[{"@type":"ReadAction","target":["https:\/\/www.ubishops.ca\/fr\/futurs-etudiants\/processus-dadmission\/admission-requirements\/english-language-school-pathway-students\/"]}]},{"@type":"BreadcrumbList","@id":"https:\/\/www.ubishops.ca\/fr\/futurs-etudiants\/processus-dadmission\/admission-requirements\/english-language-school-pathway-students\/#breadcrumb","itemListElement":[{"@type":"ListItem","position":1,"name":"Accueil","item":"https:\/\/www.ubishops.ca\/fr\/"},{"@type":"ListItem","position":2,"name":"Futurs \u00e9tudiants","item":"https:\/\/www.ubishops.ca\/fr\/futurs-etudiants\/"},{"@type":"ListItem","position":3,"name":"Processus d\u2019admission","item":"https:\/\/www.ubishops.ca\/fr\/futurs-etudiants\/processus-dadmission\/"},{"@type":"ListItem","position":4,"name":"Crit\u00e8res d\u2019admission","item":"https:\/\/www.ubishops.ca\/fr\/futurs-etudiants\/processus-dadmission\/admission-requirements\/"},{"@type":"ListItem","position":5,"name":"\u00c9tudiants d\u2019un programme tremplin d\u2019\u00e9cole de langue anglaise"}]},{"@type":"WebSite","@id":"https:\/\/www.ubishops.ca\/#website","url":"https:\/\/www.ubishops.ca\/","name":"Bishop&#039;s University","description":"","potentialAction":[{"@type":"SearchAction","target":{"@type":"EntryPoint","urlTemplate":"https:\/\/www.ubishops.ca\/?s={search_term_string}"},"query-input":{"@type":"PropertyValueSpecification","valueRequired":true,"valueName":"search_term_string"}}],"inLanguage":"fr-FR"}]}},"taxonomy_info":[],"featured_image_src_large":false,"author_info":{"display_name":"Julie Fradette","author_link":"https:\/\/www.ubishops.ca\/fr\/author\/jfradett\/"},"comment_info":0,"publishpress_future_action":{"enabled":false,"date":"2026-04-15 13:20:35","action":"change-status","newStatus":"draft","terms":[],"taxonomy":"translation_priority","extraData":[]},"publishpress_future_workflow_manual_trigger":{"enabledWorkflows":[]},"_links":{"self":[{"href":"https:\/\/www.ubishops.ca\/fr\/wp-json\/wp\/v2\/pages\/112876","targetHints":{"allow":["GET"]}}],"collection":[{"href":"https:\/\/www.ubishops.ca\/fr\/wp-json\/wp\/v2\/pages"}],"about":[{"href":"https:\/\/www.ubishops.ca\/fr\/wp-json\/wp\/v2\/types\/page"}],"author":[{"embeddable":true,"href":"https:\/\/www.ubishops.ca\/fr\/wp-json\/wp\/v2\/users\/49"}],"replies":[{"embeddable":true,"href":"https:\/\/www.ubishops.ca\/fr\/wp-json\/wp\/v2\/comments?post=112876"}],"version-history":[{"count":0,"href":"https:\/\/www.ubishops.ca\/fr\/wp-json\/wp\/v2\/pages\/112876\/revisions"}],"up":[{"embeddable":true,"href":"https:\/\/www.ubishops.ca\/fr\/wp-json\/wp\/v2\/pages\/80854"}],"wp:attachment":[{"href":"https:\/\/www.ubishops.ca\/fr\/wp-json\/wp\/v2\/media?parent=112876"}],"curies":[{"name":"wp","href":"https:\/\/api.w.org\/{rel}","templated":true}]}}