{"id":112842,"date":"2016-07-27T15:09:09","date_gmt":"2016-07-27T19:09:09","guid":{"rendered":"https:\/\/www.ubishops.ca\/futurs-etudiants\/processus-dadmission\/admission-requirements\/exchange-students\/"},"modified":"2024-06-12T13:42:10","modified_gmt":"2024-06-12T17:42:10","slug":"exchange-students","status":"publish","type":"page","link":"https:\/\/www.ubishops.ca\/fr\/futurs-etudiants\/processus-dadmission\/admission-requirements\/exchange-students\/","title":{"rendered":"\u00c9tudiants participant \u00e0 un programme d\u2019\u00e9change d\u2019une universit\u00e9 partenaire"},"content":{"rendered":"\n<h2 class=\"wp-block-heading\" id=\"international-students-coming-on-exchange-to-bishop-s\">\u00c9tudiants internationaux qui souhaitent s\u2019inscrire \u00e0 Bishop\u2019s dans le cadre d\u2019un programme d\u2019\u00e9change<\/h2>\n\n\n\n<div style=\"height:20px\" aria-hidden=\"true\" class=\"wp-block-spacer\"><\/div>\n\n\n\n<h3 class=\"wp-block-heading\" id=\"admission-requirements\">Crit\u00e8res d\u2019admission<\/h3>\n\n\n\n<ul class=\"wp-block-list\">\n<li>Excellent dossier scolaire \u00e0 ton universit\u00e9 d\u2019attache.<\/li>\n\n\n\n<li>Soutien de ton universit\u00e9 d\u2019attache pour ton programme d\u2019\u00e9change.<\/li>\n\n\n\n<li>\u00catre actuellement inscrit au premier cycle dans une universit\u00e9 avec laquelle l\u2019Universit\u00e9 Bishop\u2019s a une <a href=\"https:\/\/www.ubishops.ca\/bishops-international\/student-exchange-and-study-abroad-programs\/partner-institutions\/\">entente officielle de partenariat pour \u00e9changes \u00e9tudiants<\/a>.<\/li>\n\n\n\n<li>Vouloir \u00e9tudier \u00e0 Bishop\u2019s pendant un ou deux\u202ftrimestres avec une pr\u00e9autorisation de reconnaissance de cr\u00e9dits dans le programme de ton universit\u00e9 d\u2019attache (selon le contrat p\u00e9dagogique de ton \u00e9tablissement).<\/li>\n\n\n\n<li>Ton programme d\u2019\u00e9change doit correspondre de pr\u00e8s avec le domaine d\u2019\u00e9tudes de ton programme actuel dans ton universit\u00e9 d\u2019attache.<\/li>\n<\/ul>\n\n\n\n<div style=\"height:30px\" aria-hidden=\"true\" class=\"wp-block-spacer\"><\/div>\n\n\n\n<h3 class=\"wp-block-heading\" id=\"important-dates-and-information\">Informations et dates importantes<\/h3>\n\n\n\n<p><strong>Pour les \u00e9tablissements partenaires seulement\u202f:<\/strong> Pour soumettre la candidature d\u2019une ou d\u2019un de vos \u00e9tudiants, remplissez notre formulaire en ligne.<\/p>\n\n\n\n<p><strong>La date limite pour soumettre une candidature pour le trimestre d\u2019automne ou une ann\u00e9e scolaire compl\u00e8te est le 15\u202fmars, et la date limite pour le trimestre d\u2019hiver seulement est le 15\u202fseptembre.<\/strong><\/p>\n\n\n\n<div class=\"wp-block-buttons is-layout-flex wp-block-buttons-is-layout-flex\">\n<div class=\"wp-block-button is-style-fill\"><a class=\"wp-block-button__link has-white-color has-purple-background-color has-text-color has-background has-link-color wp-element-button\" href=\"https:\/\/www.ubishops.ca\/future-students\/admission-process\/admission-requirements\/exchange-students\/nomination-form-for-incoming-exchange-students\/\">Formulaire de candidature pour \u00c9tudiants d&rsquo;\u00e9change entrants<\/a><\/div>\n<\/div>\n\n\n\n<p>*\u202fAssurez-vous d\u2019utiliser le m\u00eame courriel pour la candidature et pour la demande d\u2019admission.<br><br><strong>Date limite des demandes d\u2019admission pour les \u00e9tudiants d&rsquo;\u00e9change entrants\u00a0\u00e0 l\u2019automne, \u00e0 l\u2019hiver ou pour une ann\u00e9e scolaire compl\u00e8te\u202f:<\/strong> 1er\u202favril<br>(Les demandes tardives seront \u00e9valu\u00e9es seulement s\u2019il reste des places dans le programme d\u2019\u00e9change.)<\/p>\n\n\n\n<p><strong>Date limite des demandes d\u2019admission pour les \u00e9tudiants d&rsquo;\u00e9change entrants \u00e0 l\u2019hiver seulement\u202f:<\/strong> 1er\u202foctobre<\/p>\n\n\n\n<p><strong>D\u00e9cision de Bishop\u2019s\u202f:<\/strong> deux premi\u00e8res semaines de mai ou de novembre.<\/p>\n\n\n\n<p><strong><a href=\"https:\/\/www.ubishops.ca\/academic-programs\/academic-calendar\/\">Calendrier acad\u00e9mique<\/a><\/strong> (les cours du programme d\u2019\u00e9change commencent en septembre ou en janvier).<\/p>\n\n\n\n<p><strong>Syst\u00e8me de cr\u00e9dits\u202f:<\/strong> Les \u00e9tudiants internationaux de premier cycle doivent \u00eatre inscrits \u00e0 temps plein chaque trimestre. Le minimum est de 12\u202fcr\u00e9dits (4 cours \/ soit 24 cr\u00e9dits ECTS). La majorit\u00e9 des \u00e9tudiants obtiennent de 12 \u00e0 15 cr\u00e9dits (5 cours \/ soit 30\u202fcr\u00e9dits ECTS) par trimestre.<\/p>\n\n\n\n<div style=\"height:30px\" aria-hidden=\"true\" class=\"wp-block-spacer\"><\/div>\n\n\n\n<h3 class=\"wp-block-heading\" id=\"required-application-documents\">Documents justificatifs requis<\/h3>\n\n\n\n<p>Inscris-toi en ligne en utilisant le <a href=\"https:\/\/www.ubishops.ca\/fr\/futurs-etudiants\/bishops-university-online-application\/\">formulaire de demande d\u2019admission pour les \u00e9tudiants d&rsquo;\u00e9change entrants souhaitant s\u2019inscrire \u00e0 un programme d\u2019\u00e9change<\/a>.<\/p>\n\n\n\n<p>Tous les \u00e9tudiants internationaux d\u2019un programme d\u2019\u00e9change doivent soumettre les documents justificatifs requis avec leur demande en ligne ou les t\u00e9l\u00e9charger sur le Portail des candidats myBU.<\/p>\n\n\n\n<ul class=\"wp-block-list\">\n<li>Copie de la page d\u2019identification de ton passeport valide.<\/li>\n\n\n\n<li>Relev\u00e9 de notes officiel de ton universit\u00e9 d\u2019attache.<\/li>\n\n\n\n<li>Preuve d\u2019aptitudes linguistiques en anglais suffisantes pour \u00e9tudier dans une universit\u00e9 anglophone, comme un r\u00e9sultat de test (IELTS 6.5, TOEFL 90) ou une lettre de ton universit\u00e9 d\u2019attache qui atteste d\u2019un niveau de ma\u00eetrise \u00e9quivalant de l\u2019anglais \u00e0 l\u2019\u00e9crit et \u00e0 l\u2019oral si tu ne fr\u00e9quentes pas une universit\u00e9 o\u00f9 l\u2019anglais ou le fran\u00e7ais est la langue d\u2019enseignement.<\/li>\n\n\n\n<li>Les \u00e9tudiants qui passent par le Programme qu\u00e9b\u00e9cois d\u2019\u00e9changes \u00e9tudiants (PQ\u00c9\u00c9) du <a href=\"https:\/\/echanges-etudiants.bci-qc.ca\/en\/\" target=\"_blank\" rel=\"noreferrer noopener\">Bureau de Coop\u00e9ration International (BCI)<\/a> doivent \u00e9galement soumettre leur Formulaire de demande de participation de BCI.<\/li>\n\n\n\n<li>Les candidats aux programmes de notre d\u00e9partement de musique doivent pr\u00e9senter une audition et une lettre exposant leur parcours musical (consulte la <a href=\"https:\/\/www.ubishops.ca\/wp-content\/uploads\/MusicApplicant_WebsiteInfo_Fall2013_Final-1.pdf\" target=\"_blank\" rel=\"noreferrer noopener\">Fiche d\u2019informations sur l\u2019admission en musique<\/a> pour en savoir plus).<\/li>\n<\/ul>\n\n\n\n<div style=\"height:30px\" aria-hidden=\"true\" class=\"wp-block-spacer\"><\/div>\n\n\n\n<h3 class=\"wp-block-heading\">Apr\u00e8s avoir soumis ta demande<\/h3>\n\n\n\n<p>Visite les pages du <a href=\"https:\/\/www.ubishops.ca\/bishops-international\/\">site Web de Bishop\u2019s qui s\u2019adressent aux \u00e9tudiants internationaux<\/a>, en particulier la page <a href=\"https:\/\/www.ubishops.ca\/bishops-international\/international-students\/incoming-exchange-students\/\">\u00c9tudiants d&rsquo;\u00e9change entrants<\/a> pour conna\u00eetre les prochaines \u00e9tapes. Tu y trouveras des informations sur la <a href=\"https:\/\/www.ubishops.ca\/bishops-international\/international-students\/immigration-procedures\/\">demande de documents d\u2019immigration<\/a>, <a href=\"https:\/\/www.ubishops.ca\/living-on-campus\/\">sur le logement<\/a>, sur <a href=\"https:\/\/www.ubishops.ca\/bishops-international\/international-students\/health-insurance\/\">l\u2019assurance maladie obligatoire<\/a> et sur <a href=\"https:\/\/www.ubishops.ca\/bishops-international\/international-students\/webinars\/\">les webinaires<\/a>.<\/p>\n","protected":false},"excerpt":{"rendered":"<p>\u00c9tudiants internationaux qui souhaitent s\u2019inscrire \u00e0 Bishop\u2019s dans le cadre d\u2019un programme d\u2019\u00e9change Crit\u00e8res d\u2019admission Informations et dates importantes Pour les \u00e9tablissements partenaires seulement\u202f: Pour soumettre la candidature d\u2019une ou d\u2019un de vos \u00e9tudiants, remplissez notre formulaire en ligne. La date limite pour soumettre une candidature pour le trimestre d\u2019automne ou une ann\u00e9e scolaire compl\u00e8te&#8230;<\/p>\n","protected":false},"author":49,"featured_media":0,"parent":80854,"menu_order":119,"comment_status":"closed","ping_status":"closed","template":"templates\/page-width-sidebar.php","meta":{"_acf_changed":false,"_cbd_carousel_blocks":"[]","_kad_blocks_custom_css":"","_kad_blocks_head_custom_js":"","_kad_blocks_body_custom_js":"","_kad_blocks_footer_custom_js":"","_kad_post_transparent":"","_kad_post_title":"","_kad_post_layout":"","_kad_post_sidebar_id":"","_kad_post_content_style":"","_kad_post_vertical_padding":"","_kad_post_feature":"","_kad_post_feature_position":"","_kad_post_header":false,"_kad_post_footer":false,"_kad_post_classname":"","footnotes":""},"class_list":["post-112842","page","type-page","status-publish","hentry"],"acf":[],"yoast_head":"<!-- This site is optimized with the Yoast SEO plugin v27.2 - https:\/\/yoast.com\/product\/yoast-seo-wordpress\/ -->\n<title>\u00c9tudiants participant \u00e0 un programme d\u2019\u00e9change d\u2019une universit\u00e9 partenaire - Bishop&#039;s University<\/title>\n<meta name=\"robots\" content=\"index, follow, max-snippet:-1, max-image-preview:large, max-video-preview:-1\" \/>\n<link rel=\"canonical\" href=\"https:\/\/www.ubishops.ca\/fr\/futurs-etudiants\/processus-dadmission\/admission-requirements\/exchange-students\/\" \/>\n<meta property=\"og:locale\" content=\"fr_FR\" \/>\n<meta property=\"og:type\" content=\"article\" \/>\n<meta property=\"og:title\" content=\"\u00c9tudiants participant \u00e0 un programme d\u2019\u00e9change d\u2019une universit\u00e9 partenaire - Bishop&#039;s University\" \/>\n<meta property=\"og:description\" content=\"\u00c9tudiants internationaux qui souhaitent s\u2019inscrire \u00e0 Bishop\u2019s dans le cadre d\u2019un programme d\u2019\u00e9change Crit\u00e8res d\u2019admission Informations et dates importantes Pour les \u00e9tablissements partenaires seulement\u202f: Pour soumettre la candidature d\u2019une ou d\u2019un de vos \u00e9tudiants, remplissez notre formulaire en ligne. La date limite pour soumettre une candidature pour le trimestre d\u2019automne ou une ann\u00e9e scolaire compl\u00e8te...\" \/>\n<meta property=\"og:url\" content=\"https:\/\/www.ubishops.ca\/fr\/futurs-etudiants\/processus-dadmission\/admission-requirements\/exchange-students\/\" \/>\n<meta property=\"og:site_name\" content=\"Bishop&#039;s University\" \/>\n<meta property=\"article:publisher\" content=\"https:\/\/www.facebook.com\/ubishops\" \/>\n<meta property=\"article:modified_time\" content=\"2024-06-12T17:42:10+00:00\" \/>\n<meta name=\"twitter:card\" content=\"summary_large_image\" \/>\n<meta name=\"twitter:site\" content=\"@ubishops\" \/>\n<meta name=\"twitter:label1\" content=\"Dur\u00e9e de lecture estim\u00e9e\" \/>\n\t<meta name=\"twitter:data1\" content=\"2 minutes\" \/>\n<script type=\"application\/ld+json\" class=\"yoast-schema-graph\">{\"@context\":\"https:\/\/schema.org\",\"@graph\":[{\"@type\":\"WebPage\",\"@id\":\"https:\/\/www.ubishops.ca\/fr\/futurs-etudiants\/processus-dadmission\/admission-requirements\/exchange-students\/\",\"url\":\"https:\/\/www.ubishops.ca\/fr\/futurs-etudiants\/processus-dadmission\/admission-requirements\/exchange-students\/\",\"name\":\"\u00c9tudiants participant \u00e0 un programme d\u2019\u00e9change d\u2019une universit\u00e9 partenaire - Bishop&#039;s University\",\"isPartOf\":{\"@id\":\"https:\/\/www.ubishops.ca\/#website\"},\"datePublished\":\"2016-07-27T19:09:09+00:00\",\"dateModified\":\"2024-06-12T17:42:10+00:00\",\"breadcrumb\":{\"@id\":\"https:\/\/www.ubishops.ca\/fr\/futurs-etudiants\/processus-dadmission\/admission-requirements\/exchange-students\/#breadcrumb\"},\"inLanguage\":\"fr-FR\",\"potentialAction\":[{\"@type\":\"ReadAction\",\"target\":[\"https:\/\/www.ubishops.ca\/fr\/futurs-etudiants\/processus-dadmission\/admission-requirements\/exchange-students\/\"]}]},{\"@type\":\"BreadcrumbList\",\"@id\":\"https:\/\/www.ubishops.ca\/fr\/futurs-etudiants\/processus-dadmission\/admission-requirements\/exchange-students\/#breadcrumb\",\"itemListElement\":[{\"@type\":\"ListItem\",\"position\":1,\"name\":\"Accueil\",\"item\":\"https:\/\/www.ubishops.ca\/fr\/\"},{\"@type\":\"ListItem\",\"position\":2,\"name\":\"Futurs \u00e9tudiants\",\"item\":\"https:\/\/www.ubishops.ca\/fr\/futurs-etudiants\/\"},{\"@type\":\"ListItem\",\"position\":3,\"name\":\"Processus d\u2019admission\",\"item\":\"https:\/\/www.ubishops.ca\/fr\/futurs-etudiants\/processus-dadmission\/\"},{\"@type\":\"ListItem\",\"position\":4,\"name\":\"Crit\u00e8res d\u2019admission\",\"item\":\"https:\/\/www.ubishops.ca\/fr\/futurs-etudiants\/processus-dadmission\/admission-requirements\/\"},{\"@type\":\"ListItem\",\"position\":5,\"name\":\"\u00c9tudiants participant \u00e0 un programme d\u2019\u00e9change d\u2019une universit\u00e9 partenaire\"}]},{\"@type\":\"WebSite\",\"@id\":\"https:\/\/www.ubishops.ca\/#website\",\"url\":\"https:\/\/www.ubishops.ca\/\",\"name\":\"Bishop&#039;s University\",\"description\":\"\",\"potentialAction\":[{\"@type\":\"SearchAction\",\"target\":{\"@type\":\"EntryPoint\",\"urlTemplate\":\"https:\/\/www.ubishops.ca\/?s={search_term_string}\"},\"query-input\":{\"@type\":\"PropertyValueSpecification\",\"valueRequired\":true,\"valueName\":\"search_term_string\"}}],\"inLanguage\":\"fr-FR\"}]}<\/script>\n<!-- \/ Yoast SEO plugin. -->","yoast_head_json":{"title":"\u00c9tudiants participant \u00e0 un programme d\u2019\u00e9change d\u2019une universit\u00e9 partenaire - Bishop&#039;s University","robots":{"index":"index","follow":"follow","max-snippet":"max-snippet:-1","max-image-preview":"max-image-preview:large","max-video-preview":"max-video-preview:-1"},"canonical":"https:\/\/www.ubishops.ca\/fr\/futurs-etudiants\/processus-dadmission\/admission-requirements\/exchange-students\/","og_locale":"fr_FR","og_type":"article","og_title":"\u00c9tudiants participant \u00e0 un programme d\u2019\u00e9change d\u2019une universit\u00e9 partenaire - Bishop&#039;s University","og_description":"\u00c9tudiants internationaux qui souhaitent s\u2019inscrire \u00e0 Bishop\u2019s dans le cadre d\u2019un programme d\u2019\u00e9change Crit\u00e8res d\u2019admission Informations et dates importantes Pour les \u00e9tablissements partenaires seulement\u202f: Pour soumettre la candidature d\u2019une ou d\u2019un de vos \u00e9tudiants, remplissez notre formulaire en ligne. La date limite pour soumettre une candidature pour le trimestre d\u2019automne ou une ann\u00e9e scolaire compl\u00e8te...","og_url":"https:\/\/www.ubishops.ca\/fr\/futurs-etudiants\/processus-dadmission\/admission-requirements\/exchange-students\/","og_site_name":"Bishop&#039;s University","article_publisher":"https:\/\/www.facebook.com\/ubishops","article_modified_time":"2024-06-12T17:42:10+00:00","twitter_card":"summary_large_image","twitter_site":"@ubishops","twitter_misc":{"Dur\u00e9e de lecture estim\u00e9e":"2 minutes"},"schema":{"@context":"https:\/\/schema.org","@graph":[{"@type":"WebPage","@id":"https:\/\/www.ubishops.ca\/fr\/futurs-etudiants\/processus-dadmission\/admission-requirements\/exchange-students\/","url":"https:\/\/www.ubishops.ca\/fr\/futurs-etudiants\/processus-dadmission\/admission-requirements\/exchange-students\/","name":"\u00c9tudiants participant \u00e0 un programme d\u2019\u00e9change d\u2019une universit\u00e9 partenaire - Bishop&#039;s University","isPartOf":{"@id":"https:\/\/www.ubishops.ca\/#website"},"datePublished":"2016-07-27T19:09:09+00:00","dateModified":"2024-06-12T17:42:10+00:00","breadcrumb":{"@id":"https:\/\/www.ubishops.ca\/fr\/futurs-etudiants\/processus-dadmission\/admission-requirements\/exchange-students\/#breadcrumb"},"inLanguage":"fr-FR","potentialAction":[{"@type":"ReadAction","target":["https:\/\/www.ubishops.ca\/fr\/futurs-etudiants\/processus-dadmission\/admission-requirements\/exchange-students\/"]}]},{"@type":"BreadcrumbList","@id":"https:\/\/www.ubishops.ca\/fr\/futurs-etudiants\/processus-dadmission\/admission-requirements\/exchange-students\/#breadcrumb","itemListElement":[{"@type":"ListItem","position":1,"name":"Accueil","item":"https:\/\/www.ubishops.ca\/fr\/"},{"@type":"ListItem","position":2,"name":"Futurs \u00e9tudiants","item":"https:\/\/www.ubishops.ca\/fr\/futurs-etudiants\/"},{"@type":"ListItem","position":3,"name":"Processus d\u2019admission","item":"https:\/\/www.ubishops.ca\/fr\/futurs-etudiants\/processus-dadmission\/"},{"@type":"ListItem","position":4,"name":"Crit\u00e8res d\u2019admission","item":"https:\/\/www.ubishops.ca\/fr\/futurs-etudiants\/processus-dadmission\/admission-requirements\/"},{"@type":"ListItem","position":5,"name":"\u00c9tudiants participant \u00e0 un programme d\u2019\u00e9change d\u2019une universit\u00e9 partenaire"}]},{"@type":"WebSite","@id":"https:\/\/www.ubishops.ca\/#website","url":"https:\/\/www.ubishops.ca\/","name":"Bishop&#039;s University","description":"","potentialAction":[{"@type":"SearchAction","target":{"@type":"EntryPoint","urlTemplate":"https:\/\/www.ubishops.ca\/?s={search_term_string}"},"query-input":{"@type":"PropertyValueSpecification","valueRequired":true,"valueName":"search_term_string"}}],"inLanguage":"fr-FR"}]}},"taxonomy_info":[],"featured_image_src_large":false,"author_info":{"display_name":"Julie Fradette","author_link":"https:\/\/www.ubishops.ca\/fr\/author\/jfradett\/"},"comment_info":0,"publishpress_future_action":{"enabled":false,"date":"2026-04-15 13:04:45","action":"change-status","newStatus":"draft","terms":[],"taxonomy":"translation_priority","extraData":[]},"publishpress_future_workflow_manual_trigger":{"enabledWorkflows":[]},"_links":{"self":[{"href":"https:\/\/www.ubishops.ca\/fr\/wp-json\/wp\/v2\/pages\/112842","targetHints":{"allow":["GET"]}}],"collection":[{"href":"https:\/\/www.ubishops.ca\/fr\/wp-json\/wp\/v2\/pages"}],"about":[{"href":"https:\/\/www.ubishops.ca\/fr\/wp-json\/wp\/v2\/types\/page"}],"author":[{"embeddable":true,"href":"https:\/\/www.ubishops.ca\/fr\/wp-json\/wp\/v2\/users\/49"}],"replies":[{"embeddable":true,"href":"https:\/\/www.ubishops.ca\/fr\/wp-json\/wp\/v2\/comments?post=112842"}],"version-history":[{"count":0,"href":"https:\/\/www.ubishops.ca\/fr\/wp-json\/wp\/v2\/pages\/112842\/revisions"}],"up":[{"embeddable":true,"href":"https:\/\/www.ubishops.ca\/fr\/wp-json\/wp\/v2\/pages\/80854"}],"wp:attachment":[{"href":"https:\/\/www.ubishops.ca\/fr\/wp-json\/wp\/v2\/media?parent=112842"}],"curies":[{"name":"wp","href":"https:\/\/api.w.org\/{rel}","templated":true}]}}