{"id":112503,"date":"2015-11-03T09:35:09","date_gmt":"2015-11-03T14:35:09","guid":{"rendered":"https:\/\/www.ubishops.ca\/futurs-etudiants\/fees-and-funding\/aide-financiere\/government-aid\/"},"modified":"2025-11-27T15:55:37","modified_gmt":"2025-11-27T20:55:37","slug":"aide-gouvernementale","status":"publish","type":"page","link":"https:\/\/www.ubishops.ca\/fr\/futurs-etudiants\/questions-financieres\/aide-financiere\/aide-gouvernementale\/","title":{"rendered":"Aide gouvernementale"},"content":{"rendered":"\n<p>Tous les \u00e9tudiants canadiens sont admissibles \u00e0 une aide gouvernementale. Tu dois faire ta demande aupr\u00e8s du minist\u00e8re de l\u2019\u00c9ducation de ta province ou de ton territoire. Les liens vers le site Web de chaque minist\u00e8re se trouvent ci-dessus. Clique sur celui de ta province de r\u00e9sidence et tu devrais pouvoir facilement trouver le formulaire de demande en ligne. Ta demande doit \u00eatre soumise au d\u00e9but du printemps ou de l\u2019\u00e9t\u00e9 pour que ton dossier soit pr\u00eat pour le trimestre d\u2019automne. Tu trouveras aussi tous les renseignements que tu dois savoir au sujet de l\u2019aide financi\u00e8re sur ces sites.&nbsp;<\/p>\n\n\n\n<ul class=\"wp-block-list\">\n<li><a href=\"https:\/\/alis.alberta.ca\/explore-education-and-training\/pay-for-your-education\/borrow-money-to-pay-for-school\/\" target=\"_blank\" rel=\"noreferrer noopener\">ALBERTA<\/a><\/li>\n\n\n\n<li><a href=\"https:\/\/studentaidbc.ca\/\" target=\"_blank\" rel=\"noreferrer noopener\">COLOMBIE-BRITANNIQUE<\/a><\/li>\n\n\n\n<li><a href=\"https:\/\/www.edu.gov.mb.ca\/msa\/\" target=\"_blank\" rel=\"noreferrer noopener\">MANITOBA<\/a><\/li>\n\n\n\n<li><a href=\"https:\/\/www2.gnb.ca\/content\/gnb\/fr\/corporate\/promo\/services-financiers-pour-etudiants.html\" target=\"_blank\" rel=\"noreferrer noopener\">NOUVEAU-BRUNSWICK<\/a><\/li>\n\n\n\n<li><a href=\"https:\/\/www.gov.nl.ca\/education\/studentaid\/\" target=\"_blank\" rel=\"noreferrer noopener\">TERRE-NEUVE-ET-LABRADOR<\/a><\/li>\n\n\n\n<li><a href=\"https:\/\/www.ece.gov.nt.ca\/fr\/services\/aide-financiere-aux-etudiants\" target=\"_blank\" rel=\"noreferrer noopener\">TERRITOIRES DU NORD-OUEST<\/a><\/li>\n\n\n\n<li><a href=\"https:\/\/novascotia.ca\/studentassistance\/\" target=\"_blank\" rel=\"noreferrer noopener\">NOUVELLE-\u00c9COSSE<\/a><\/li>\n\n\n\n<li><a href=\"https:\/\/www.ontario.ca\/page\/osap-ontario-student-assistance-program\" target=\"_blank\" rel=\"noreferrer noopener\">ONTARIO<\/a><\/li>\n\n\n\n<li><a href=\"https:\/\/www.princeedwardisland.ca\/fr\/sujet\/prets-bourses-subventions-et-prix-etudiants\" target=\"_blank\" rel=\"noreferrer noopener\">\u00ceLE-DU-PRINCE-\u00c9DOUARD<\/a><\/li>\n\n\n\n<li><a href=\"https:\/\/www.quebec.ca\/education\/aide-financiere-aux-etudes\" target=\"_blank\" rel=\"noreferrer noopener\">QUEBEC<\/a>\n<ul class=\"wp-block-list\">\n<li><a href=\"#QPS\">Qu\u00e9bec Perspective Scholarship \/ Bourses Perspective Qu\u00e9bec<\/a><\/li>\n<\/ul>\n<\/li>\n\n\n\n<li><a href=\"https:\/\/www.saskatchewan.ca\/bonjour\/education-learning-and-child-care\/student-loans\" target=\"_blank\" rel=\"noreferrer noopener\">SASKATCHEWAN<\/a><\/li>\n\n\n\n<li><a href=\"https:\/\/yukon.ca\/fr\/soutien-financier-etudiants-etudiantes\" target=\"_blank\" rel=\"noreferrer noopener\">YUKON<\/a><\/li>\n<\/ul>\n\n\n\n<p>Consulte la section <a href=\"https:\/\/www.canada.ca\/en\/employment-social-development\/services\/student-financial-aid.html\">Aide financi\u00e8re aux \u00e9tudiants<\/a> et <a href=\"https:\/\/www.canada.ca\/en\/employment-social-development.html\" target=\"_blank\" rel=\"noreferrer noopener\">planification des \u00e9tudes du site d\u2019Emploi et D\u00e9veloppement social Canada<\/a>, la source canadienne d\u2019informations et d\u2019outils pour t\u2019aider \u00e0 \u00e9conomiser, puis \u00e0 planifier et \u00e0 payer tes \u00e9tudes postsecondaires.&nbsp;<\/p>\n","protected":false},"excerpt":{"rendered":"<p>Tous les \u00e9tudiants canadiens sont admissibles \u00e0 une aide gouvernementale. Tu dois faire ta demande aupr\u00e8s du minist\u00e8re de l\u2019\u00c9ducation de ta province ou de ton territoire. Les liens vers le site Web de chaque minist\u00e8re se trouvent ci-dessus. Clique sur celui de ta province de r\u00e9sidence et tu devrais pouvoir facilement trouver le formulaire&#8230;<\/p>\n","protected":false},"author":49,"featured_media":0,"parent":71597,"menu_order":236,"comment_status":"closed","ping_status":"closed","template":"","meta":{"_acf_changed":false,"_cbd_carousel_blocks":"[]","_kad_blocks_custom_css":"","_kad_blocks_head_custom_js":"","_kad_blocks_body_custom_js":"","_kad_blocks_footer_custom_js":"","_kad_post_transparent":"","_kad_post_title":"","_kad_post_layout":"","_kad_post_sidebar_id":"","_kad_post_content_style":"","_kad_post_vertical_padding":"","_kad_post_feature":"","_kad_post_feature_position":"","_kad_post_header":false,"_kad_post_footer":false,"_kad_post_classname":"","footnotes":""},"class_list":["post-112503","page","type-page","status-publish","hentry"],"acf":[],"yoast_head":"<!-- This site is optimized with the Yoast SEO plugin v27.2 - https:\/\/yoast.com\/product\/yoast-seo-wordpress\/ -->\n<title>Aide gouvernementale - Bishop&#039;s University<\/title>\n<meta name=\"robots\" content=\"index, follow, max-snippet:-1, max-image-preview:large, max-video-preview:-1\" \/>\n<link rel=\"canonical\" href=\"https:\/\/www.ubishops.ca\/fr\/futurs-etudiants\/questions-financieres\/aide-financiere\/aide-gouvernementale\/\" \/>\n<meta property=\"og:locale\" content=\"fr_FR\" \/>\n<meta property=\"og:type\" content=\"article\" \/>\n<meta property=\"og:title\" content=\"Aide gouvernementale - Bishop&#039;s University\" \/>\n<meta property=\"og:description\" content=\"Tous les \u00e9tudiants canadiens sont admissibles \u00e0 une aide gouvernementale. Tu dois faire ta demande aupr\u00e8s du minist\u00e8re de l\u2019\u00c9ducation de ta province ou de ton territoire. Les liens vers le site Web de chaque minist\u00e8re se trouvent ci-dessus. Clique sur celui de ta province de r\u00e9sidence et tu devrais pouvoir facilement trouver le formulaire...\" \/>\n<meta property=\"og:url\" content=\"https:\/\/www.ubishops.ca\/fr\/futurs-etudiants\/questions-financieres\/aide-financiere\/aide-gouvernementale\/\" \/>\n<meta property=\"og:site_name\" content=\"Bishop&#039;s University\" \/>\n<meta property=\"article:publisher\" content=\"https:\/\/www.facebook.com\/ubishops\" \/>\n<meta property=\"article:modified_time\" content=\"2025-11-27T20:55:37+00:00\" \/>\n<meta name=\"twitter:card\" content=\"summary_large_image\" \/>\n<meta name=\"twitter:site\" content=\"@ubishops\" \/>\n<meta name=\"twitter:label1\" content=\"Dur\u00e9e de lecture estim\u00e9e\" \/>\n\t<meta name=\"twitter:data1\" content=\"1 minute\" \/>\n<script type=\"application\/ld+json\" class=\"yoast-schema-graph\">{\"@context\":\"https:\/\/schema.org\",\"@graph\":[{\"@type\":\"WebPage\",\"@id\":\"https:\/\/www.ubishops.ca\/fr\/futurs-etudiants\/questions-financieres\/aide-financiere\/aide-gouvernementale\/\",\"url\":\"https:\/\/www.ubishops.ca\/fr\/futurs-etudiants\/questions-financieres\/aide-financiere\/aide-gouvernementale\/\",\"name\":\"Aide gouvernementale - Bishop&#039;s University\",\"isPartOf\":{\"@id\":\"https:\/\/www.ubishops.ca\/#website\"},\"datePublished\":\"2015-11-03T14:35:09+00:00\",\"dateModified\":\"2025-11-27T20:55:37+00:00\",\"breadcrumb\":{\"@id\":\"https:\/\/www.ubishops.ca\/fr\/futurs-etudiants\/questions-financieres\/aide-financiere\/aide-gouvernementale\/#breadcrumb\"},\"inLanguage\":\"fr-FR\",\"potentialAction\":[{\"@type\":\"ReadAction\",\"target\":[\"https:\/\/www.ubishops.ca\/fr\/futurs-etudiants\/questions-financieres\/aide-financiere\/aide-gouvernementale\/\"]}]},{\"@type\":\"BreadcrumbList\",\"@id\":\"https:\/\/www.ubishops.ca\/fr\/futurs-etudiants\/questions-financieres\/aide-financiere\/aide-gouvernementale\/#breadcrumb\",\"itemListElement\":[{\"@type\":\"ListItem\",\"position\":1,\"name\":\"Accueil\",\"item\":\"https:\/\/www.ubishops.ca\/fr\/\"},{\"@type\":\"ListItem\",\"position\":2,\"name\":\"Futurs \u00e9tudiants\",\"item\":\"https:\/\/www.ubishops.ca\/fr\/futurs-etudiants\/\"},{\"@type\":\"ListItem\",\"position\":3,\"name\":\"Questions financi\u00e8res\",\"item\":\"https:\/\/www.ubishops.ca\/fr\/futurs-etudiants\/questions-financieres\/\"},{\"@type\":\"ListItem\",\"position\":4,\"name\":\"Aide financi\u00e8re\",\"item\":\"https:\/\/www.ubishops.ca\/fr\/futurs-etudiants\/questions-financieres\/aide-financiere\/\"},{\"@type\":\"ListItem\",\"position\":5,\"name\":\"Aide gouvernementale\"}]},{\"@type\":\"WebSite\",\"@id\":\"https:\/\/www.ubishops.ca\/#website\",\"url\":\"https:\/\/www.ubishops.ca\/\",\"name\":\"Bishop&#039;s University\",\"description\":\"\",\"potentialAction\":[{\"@type\":\"SearchAction\",\"target\":{\"@type\":\"EntryPoint\",\"urlTemplate\":\"https:\/\/www.ubishops.ca\/?s={search_term_string}\"},\"query-input\":{\"@type\":\"PropertyValueSpecification\",\"valueRequired\":true,\"valueName\":\"search_term_string\"}}],\"inLanguage\":\"fr-FR\"}]}<\/script>\n<!-- \/ Yoast SEO plugin. -->","yoast_head_json":{"title":"Aide gouvernementale - Bishop&#039;s University","robots":{"index":"index","follow":"follow","max-snippet":"max-snippet:-1","max-image-preview":"max-image-preview:large","max-video-preview":"max-video-preview:-1"},"canonical":"https:\/\/www.ubishops.ca\/fr\/futurs-etudiants\/questions-financieres\/aide-financiere\/aide-gouvernementale\/","og_locale":"fr_FR","og_type":"article","og_title":"Aide gouvernementale - Bishop&#039;s University","og_description":"Tous les \u00e9tudiants canadiens sont admissibles \u00e0 une aide gouvernementale. Tu dois faire ta demande aupr\u00e8s du minist\u00e8re de l\u2019\u00c9ducation de ta province ou de ton territoire. Les liens vers le site Web de chaque minist\u00e8re se trouvent ci-dessus. Clique sur celui de ta province de r\u00e9sidence et tu devrais pouvoir facilement trouver le formulaire...","og_url":"https:\/\/www.ubishops.ca\/fr\/futurs-etudiants\/questions-financieres\/aide-financiere\/aide-gouvernementale\/","og_site_name":"Bishop&#039;s University","article_publisher":"https:\/\/www.facebook.com\/ubishops","article_modified_time":"2025-11-27T20:55:37+00:00","twitter_card":"summary_large_image","twitter_site":"@ubishops","twitter_misc":{"Dur\u00e9e de lecture estim\u00e9e":"1 minute"},"schema":{"@context":"https:\/\/schema.org","@graph":[{"@type":"WebPage","@id":"https:\/\/www.ubishops.ca\/fr\/futurs-etudiants\/questions-financieres\/aide-financiere\/aide-gouvernementale\/","url":"https:\/\/www.ubishops.ca\/fr\/futurs-etudiants\/questions-financieres\/aide-financiere\/aide-gouvernementale\/","name":"Aide gouvernementale - Bishop&#039;s University","isPartOf":{"@id":"https:\/\/www.ubishops.ca\/#website"},"datePublished":"2015-11-03T14:35:09+00:00","dateModified":"2025-11-27T20:55:37+00:00","breadcrumb":{"@id":"https:\/\/www.ubishops.ca\/fr\/futurs-etudiants\/questions-financieres\/aide-financiere\/aide-gouvernementale\/#breadcrumb"},"inLanguage":"fr-FR","potentialAction":[{"@type":"ReadAction","target":["https:\/\/www.ubishops.ca\/fr\/futurs-etudiants\/questions-financieres\/aide-financiere\/aide-gouvernementale\/"]}]},{"@type":"BreadcrumbList","@id":"https:\/\/www.ubishops.ca\/fr\/futurs-etudiants\/questions-financieres\/aide-financiere\/aide-gouvernementale\/#breadcrumb","itemListElement":[{"@type":"ListItem","position":1,"name":"Accueil","item":"https:\/\/www.ubishops.ca\/fr\/"},{"@type":"ListItem","position":2,"name":"Futurs \u00e9tudiants","item":"https:\/\/www.ubishops.ca\/fr\/futurs-etudiants\/"},{"@type":"ListItem","position":3,"name":"Questions financi\u00e8res","item":"https:\/\/www.ubishops.ca\/fr\/futurs-etudiants\/questions-financieres\/"},{"@type":"ListItem","position":4,"name":"Aide financi\u00e8re","item":"https:\/\/www.ubishops.ca\/fr\/futurs-etudiants\/questions-financieres\/aide-financiere\/"},{"@type":"ListItem","position":5,"name":"Aide gouvernementale"}]},{"@type":"WebSite","@id":"https:\/\/www.ubishops.ca\/#website","url":"https:\/\/www.ubishops.ca\/","name":"Bishop&#039;s University","description":"","potentialAction":[{"@type":"SearchAction","target":{"@type":"EntryPoint","urlTemplate":"https:\/\/www.ubishops.ca\/?s={search_term_string}"},"query-input":{"@type":"PropertyValueSpecification","valueRequired":true,"valueName":"search_term_string"}}],"inLanguage":"fr-FR"}]}},"taxonomy_info":[],"featured_image_src_large":false,"author_info":{"display_name":"Julie Fradette","author_link":"https:\/\/www.ubishops.ca\/fr\/author\/jfradett\/"},"comment_info":0,"publishpress_future_action":{"enabled":false,"date":"2026-04-15 11:18:35","action":"change-status","newStatus":"draft","terms":[],"taxonomy":"translation_priority","extraData":[]},"publishpress_future_workflow_manual_trigger":{"enabledWorkflows":[]},"_links":{"self":[{"href":"https:\/\/www.ubishops.ca\/fr\/wp-json\/wp\/v2\/pages\/112503","targetHints":{"allow":["GET"]}}],"collection":[{"href":"https:\/\/www.ubishops.ca\/fr\/wp-json\/wp\/v2\/pages"}],"about":[{"href":"https:\/\/www.ubishops.ca\/fr\/wp-json\/wp\/v2\/types\/page"}],"author":[{"embeddable":true,"href":"https:\/\/www.ubishops.ca\/fr\/wp-json\/wp\/v2\/users\/49"}],"replies":[{"embeddable":true,"href":"https:\/\/www.ubishops.ca\/fr\/wp-json\/wp\/v2\/comments?post=112503"}],"version-history":[{"count":1,"href":"https:\/\/www.ubishops.ca\/fr\/wp-json\/wp\/v2\/pages\/112503\/revisions"}],"predecessor-version":[{"id":129358,"href":"https:\/\/www.ubishops.ca\/fr\/wp-json\/wp\/v2\/pages\/112503\/revisions\/129358"}],"up":[{"embeddable":true,"href":"https:\/\/www.ubishops.ca\/fr\/wp-json\/wp\/v2\/pages\/71597"}],"wp:attachment":[{"href":"https:\/\/www.ubishops.ca\/fr\/wp-json\/wp\/v2\/media?parent=112503"}],"curies":[{"name":"wp","href":"https:\/\/api.w.org\/{rel}","templated":true}]}}