{"id":111784,"date":"2024-05-09T14:38:09","date_gmt":"2024-05-09T18:38:09","guid":{"rendered":"https:\/\/www.ubishops.ca\/futurs-etudiants\/processus-dadmission\/admission-requirements\/a-level-british-patterned-system-students\/"},"modified":"2024-06-13T09:58:14","modified_gmt":"2024-06-13T13:58:14","slug":"a-level-british-patterned-system-students","status":"publish","type":"page","link":"https:\/\/www.ubishops.ca\/fr\/futurs-etudiants\/processus-dadmission\/admission-requirements\/a-level-british-patterned-system-students\/","title":{"rendered":"\u00c9tudiants du syst\u00e8me britannique (A-Level)"},"content":{"rendered":"\n<p>Tu es un \u00e9tudiant du syst\u00e8me britannique (A-Level) aux fins de l\u2019admission si\u202f:&nbsp;<\/p>\n\n\n\n<ul class=\"wp-block-list\">\n<li>tu t&rsquo;appr\u00eates \u00e0 passer les examens A-Level ou AS-Level; ou&nbsp;<\/li>\n\n\n\n<li>tu as r\u00e9ussi les examens A-Level ou AS-Level dans les deux\u202fderni\u00e8res ann\u00e9es et tu n&rsquo;as pas \u00e9tudi\u00e9 dans un autre \u00e9tablissement depuis la fin de tes \u00e9tudes secondaires.&nbsp;<\/li>\n<\/ul>\n\n\n\n<div class=\"wp-block-buttons is-layout-flex wp-block-buttons-is-layout-flex\">\n<div class=\"wp-block-button\"><a class=\"wp-block-button__link has-purple-background-color has-background wp-element-button\" href=\"https:\/\/www.ubishops.ca\/future-students\/bishops-university-online-application\/\">Incris-toi<\/a><\/div>\n<\/div>\n\n\n\n<div style=\"height:30px\" aria-hidden=\"true\" class=\"wp-block-spacer\"><\/div>\n\n\n\n<h2 class=\"wp-block-heading\" id=\"admission-requirements\">Crit\u00e8res d\u2019admission<\/h2>\n\n\n\n<p>Les crit\u00e8res suivants servent de guides pour que le dossier d\u2019admission soit jug\u00e9 satisfaisant. \u00c0 chaque cycle d\u2019admission, l\u2019Universit\u00e9 Bishop\u2019s re\u00e7oit plus de demandes que le nombre de places disponibles. L\u2019atteinte des crit\u00e8res minimaux ne garantit donc pas l\u2019admission. Par ailleurs, certains dossiers qui ne respectent pas les crit\u00e8res minimaux pourraient \u00eatre \u00e9valu\u00e9s au cas par cas; le bureau des admissions peut alors demander des compl\u00e9ments d\u2019information en plus de ce qui est indiqu\u00e9 ci-dessous.&nbsp;<\/p>\n\n\n\n<h3 class=\"wp-block-heading\" id=\"general-requirements\">Crit\u00e8res g\u00e9n\u00e9raux\u202f:&nbsp;<\/h3>\n\n\n\n<p>Nous recherchons des \u00e9tudiants ayant obtenu de bons r\u00e9sultats dans l\u2019ensemble de leurs mati\u00e8res, et plus pr\u00e9cis\u00e9ment\u202f:&nbsp;<\/p>\n\n\n\n<ul class=\"wp-block-list\">\n<li>cinq\u202frelev\u00e9s GCSE n\u2019ayant aucune note sous \u00ab\u202fC\u202f\u00bb (cote alphab\u00e9tique) ou \u00ab\u202f5\u202f\u00bb (cote num\u00e9rique), et trois\u202fr\u00e9sultats aux examens A-Level d\u2019au moins B\/B\/C.&nbsp;<\/li>\n<\/ul>\n\n\n\n<p>Nous demandons \u00e0 tous les \u00e9tudiants du syst\u00e8me britannique d\u2019avoir r\u00e9ussi leurs cours de Langue anglaise ou Litt\u00e9rature anglaise aux niveaux GSCE ou A-Level, et les Math\u00e9matiques avanc\u00e9es sont recommand\u00e9es pour les programmes en affaires, sciences, math\u00e9matiques, psychologie ou \u00e9conomie.&nbsp;<\/p>\n\n\n\n<p>Les \u00e9tudiants qui ont pass\u00e9 trois\u202fexamens A-Level et qui n\u2019ont obtenu aucune note inf\u00e9rieure \u00e0 C <strong>pourront obtenir jusqu\u2019\u00e0 30\u202fcr\u00e9dits accord\u00e9s en \u00e9quivalence, soit l\u2019\u00e9quivalent d\u2019une ann\u00e9e d\u2019\u00e9tudes \u00e0 temps plein.<\/strong>&nbsp;<\/p>\n\n\n\n<h3 class=\"wp-block-heading\" id=\"program-specific-requirements\">Crit\u00e8res d\u2019admission dans des programmes particuliers\u202f:&nbsp;<\/h3>\n\n\n\n<p>Les cours particuliers obligatoires selon les programmes sont indiqu\u00e9s ci-dessous\u202f:<\/p>\n\n\n\n<p><strong><strong>\u00c9COLE DE GESTION WILLIAMS<\/strong>&nbsp;<\/strong><\/p>\n\n\n\n<ul class=\"wp-block-list\">\n<li>Exigences de cours\u202f: Math\u00e9matiques A-Level ou AS-Level&nbsp;<\/li>\n\n\n\n<li>Trois\u202fr\u00e9sultats aux examens A-Level d\u2019au moins B\/B\/B&nbsp;<\/li>\n<\/ul>\n\n\n\n<p><strong><strong>LETTRES ET SCIENCES HUMAINES<\/strong>&nbsp;<\/strong><\/p>\n\n\n\n<ul class=\"wp-block-list\">\n<li>Exigences de cours\u202f: aucune exigence&nbsp;<\/li>\n<\/ul>\n\n\n\n<p><strong><strong>SCIENCES SOCIALES<\/strong>&nbsp;<\/strong><\/p>\n\n\n\n<ul class=\"wp-block-list\">\n<li>Exigences de cours\u202f: aucune exigence&nbsp;<\/li>\n<\/ul>\n\n\n\n<p><strong><strong>SCIENCES NATURELLES ET MATH\u00c9MATIQUES<\/strong>&nbsp;<\/strong><\/p>\n\n\n\n<ul class=\"wp-block-list\">\n<li>Cours obligatoires pour les programmes de B.Sc. en sciences\u202f: Math\u00e9matiques A-Level ou AS-Level, un cours de science A-Level ou AS-Level, et un cours de science suppl\u00e9mentaire (A, AS ou GSCE-Level)&nbsp;<\/li>\n\n\n\n<li>Cours obligatoires pour les programmes de B.A. en sciences\u202f: Math\u00e9matiques A-Level ou AS-Level&nbsp;<\/li>\n<\/ul>\n\n\n\n<p><strong><strong>\u00c9COLE D\u2019\u00c9DUCATION<\/strong>&nbsp;<\/strong><\/p>\n\n\n\n<ul class=\"wp-block-list\">\n<li>Exigences de cours\u202f: aucune exigence&nbsp;<\/li>\n<\/ul>\n\n\n\n<p><strong><strong>\u00c9COLE D\u2019\u00c9DUCATION \u2013 enseignement des math\u00e9matiques ou des sciences<\/strong>&nbsp;<\/strong><\/p>\n\n\n\n<ul class=\"wp-block-list\">\n<li>Exigences de cours\u202f: Math\u00e9matiques A-Level ou AS-Level, un cours de science A-Level ou AS-Level, et un cours de science suppl\u00e9mentaire (A, AS ou GSCE-Level)&nbsp;<\/li>\n<\/ul>\n\n\n\n<div style=\"height:30px\" aria-hidden=\"true\" class=\"wp-block-spacer\"><\/div>\n\n\n\n<h2 class=\"wp-block-heading\" id=\"required-supporting-documents-all-applicants\">Documents justificatifs requis\u202f: tous les candidats&nbsp;<\/h2>\n\n\n\n<ul class=\"wp-block-list\">\n<li>Relev\u00e9s de notes pour tous les examens A, AS ou GSCE-Level r\u00e9ussis, ainsi que les pr\u00e9dictions pour les examens A-Level ou AS-Level restants.<\/li>\n\n\n\n<li>Des lettres de recommandation ou un essai personnel, m\u00eame s\u2019ils sont facultatifs, pourraient nous aider dans l\u2019\u00e9valuation de ta demande. \u00c0 noter que nous n\u2019exigeons pas de r\u00e9sultats aux tests SAT ou ACT pour les \u00e9tudiants du syst\u00e8me britannique.<\/li>\n\n\n\n<li>Copies d\u2019une ou plusieurs pi\u00e8ces d\u2019identit\u00e9. Consulte la page <a href=\"https:\/\/www.ubishops.ca\/future-students\/admission-process\/personal-identification-documents\/\">Pi\u00e8ces d\u2019identit\u00e9<\/a> (anglais) pour d\u00e9terminer quels documents tu devras fournir.\u00a0<\/li>\n<\/ul>\n\n\n\n<p>L\u2019Universit\u00e9 Bishop\u2019s applique une approche holistique dans son processus d\u2019admission. Tous les documents suppl\u00e9mentaires pertinents fournis seront examin\u00e9s. \u00c0 sa discr\u00e9tion, le bureau des admissions pourrait demander d\u2019autres documents justificatifs (essai personnel, lettre d\u2019intention, lettre de recommandation, CV ou autre) pour l\u2019aider dans l\u2019\u00e9valuation d\u2019une demande.<\/p>\n\n\n\n<div style=\"height:30px\" aria-hidden=\"true\" class=\"wp-block-spacer\"><\/div>\n\n\n\n<h2 class=\"wp-block-heading\">Autres documents justificatifs dans des programmes particuliers&nbsp;<\/h2>\n\n\n\n<p>Les candidats aux programmes suivants du d\u00e9partement de musique doivent pr\u00e9senter une audition et une lettre exposant leur parcours musical. Consulte la <a href=\"https:\/\/www.ubishops.ca\/wp-content\/uploads\/MusicApplicant_WebsiteInfo_Fall2013_Final-1.pdf\" target=\"_blank\" rel=\"noreferrer noopener\">Fiche d\u2019informations sur l\u2019admission<\/a> (PDF, anglais) en musique pour en savoir plus\u202f:&nbsp;<\/p>\n\n\n\n<ul class=\"wp-block-list\">\n<li>Baccalaur\u00e9at avec majeure en musique et culture&nbsp;<\/li>\n\n\n\n<li>Baccalaur\u00e9at avec majeure en interpr\u00e9tation musicale&nbsp;<\/li>\n\n\n\n<li>Baccalaur\u00e9at avec majeure en musique\u202f: Concentration th\u00e9\u00e2tre musical&nbsp;<\/li>\n\n\n\n<li>Baccalaur\u00e9at avec majeure en administration des arts\u202f: Concentration musique&nbsp;<\/li>\n\n\n\n<li>Baccalaur\u00e9at \u00e8s \u00e9ducation en enseignement et apprentissage des arts cr\u00e9atifs\u202f: Musique&nbsp;<\/li>\n<\/ul>\n\n\n\n<div style=\"height:30px\" aria-hidden=\"true\" class=\"wp-block-spacer\"><\/div>\n\n\n\n<h2 class=\"wp-block-heading\">Soumission des documents<\/h2>\n\n\n\n<p>Tous les documents justificatifs peuvent \u00eatre t\u00e9l\u00e9vers\u00e9s sur notre syst\u00e8me en ligne au moment de la demande d\u2019admission ou sur le Portail des candidats myBU en utilisant l\u2019option \u00ab\u202fSoumettre les documents manquants\u202f\u00bb. Ils peuvent \u00e9galement \u00eatre transmis par courriel \u00e0&nbsp;<a href=\"m&#97;&#105;&#x6c;&#x74;&#x6f;&#x3a;a&#100;&#109;&#105;&#x73;&#x73;&#x69;on&#115;&#64;&#x75;&#x62;&#x69;sh&#111;&#112;&#x73;&#x2e;&#x63;a\">&#x61;d&#x6d;&#105;&#x73;&#x73;i&#x6f;&#110;&#x73;&#x40;u&#x62;&#105;&#x73;&#x68;o&#x70;&#115;&#x2e;&#x63;a<\/a>.<\/p>\n\n\n\n<div style=\"height:30px\" aria-hidden=\"true\" class=\"wp-block-spacer\"><\/div>\n\n\n\n<h2 class=\"wp-block-heading\">\u00c9ch\u00e9ancier d\u2019admission&nbsp;<\/h2>\n\n\n\n<p>Lorsque la p\u00e9riode d\u2019\u00e9valuation d\u00e9bute dans le cadre d\u2019un cycle d\u2019admission, les dossiers sont \u00e9valu\u00e9s au fur et \u00e0 mesure. Autrement dit, d\u00e8s la r\u00e9ception de tous les documents exig\u00e9s, le bureau proc\u00e9dera \u00e0 une \u00e9valuation initiale dans les dix\u202fjours ouvrables. (Exceptions\u202f: programmes de ma\u00eetrise, programmes en musique aussi \u00e9valu\u00e9s en fonction de l\u2019audition, et programmes contingent\u00e9s).&nbsp;<\/p>\n\n\n\n<div style=\"height:30px\" aria-hidden=\"true\" class=\"wp-block-spacer\"><\/div>\n\n\n\n<h2 class=\"wp-block-heading\">Questions?<\/h2>\n\n\n\n<p>N&rsquo;h\u00e9site pas \u00e0 communiquer avec le bureau des admissions par courriel&nbsp;<a href=\"m&#97;&#105;&#x6c;&#x74;&#x6f;&#x3a;a&#100;&#109;&#105;&#x73;&#x73;&#x69;on&#115;&#64;&#x75;&#x62;&#x69;sh&#111;&#112;&#x73;&#x2e;&#x63;a\">&#x61;&#100;&#x6d;&#x69;&#115;&#x73;&#x69;&#111;&#x6e;&#x73;&#64;&#x75;&#x62;i&#x73;&#x68;o&#x70;&#115;&#46;&#x63;&#97;<\/a>&nbsp;ou par t\u00e9l\u00e9phone au 819 822-9600 poste\u202f2680.&nbsp;<\/p>\n\n\n\n<div class=\"wp-block-buttons is-layout-flex wp-block-buttons-is-layout-flex\">\n<div class=\"wp-block-button\"><a class=\"wp-block-button__link has-purple-background-color has-background wp-element-button\" href=\"https:\/\/www.ubishops.ca\/future-students\/bishops-university-online-application\/\">Inscris-toi<\/a><\/div>\n<\/div>\n","protected":false},"excerpt":{"rendered":"<p>Tu es un \u00e9tudiant du syst\u00e8me britannique (A-Level) aux fins de l\u2019admission si\u202f:&nbsp; Crit\u00e8res d\u2019admission Les crit\u00e8res suivants servent de guides pour que le dossier d\u2019admission soit jug\u00e9 satisfaisant. \u00c0 chaque cycle d\u2019admission, l\u2019Universit\u00e9 Bishop\u2019s re\u00e7oit plus de demandes que le nombre de places disponibles. L\u2019atteinte des crit\u00e8res minimaux ne garantit donc pas l\u2019admission. Par&#8230;<\/p>\n","protected":false},"author":49,"featured_media":0,"parent":80854,"menu_order":109,"comment_status":"closed","ping_status":"closed","template":"templates\/page-width-sidebar.php","meta":{"_acf_changed":false,"_cbd_carousel_blocks":"[]","_kad_blocks_custom_css":"","_kad_blocks_head_custom_js":"","_kad_blocks_body_custom_js":"","_kad_blocks_footer_custom_js":"","_kad_post_transparent":"","_kad_post_title":"","_kad_post_layout":"","_kad_post_sidebar_id":"","_kad_post_content_style":"","_kad_post_vertical_padding":"","_kad_post_feature":"","_kad_post_feature_position":"","_kad_post_header":false,"_kad_post_footer":false,"_kad_post_classname":"","footnotes":""},"class_list":["post-111784","page","type-page","status-publish","hentry"],"acf":[],"yoast_head":"<!-- This site is optimized with the Yoast SEO plugin v27.2 - https:\/\/yoast.com\/product\/yoast-seo-wordpress\/ -->\n<title>\u00c9tudiants du syst\u00e8me britannique (A-Level) - Bishop&#039;s University<\/title>\n<meta name=\"robots\" content=\"index, follow, max-snippet:-1, max-image-preview:large, max-video-preview:-1\" \/>\n<link rel=\"canonical\" href=\"https:\/\/www.ubishops.ca\/fr\/futurs-etudiants\/processus-dadmission\/admission-requirements\/a-level-british-patterned-system-students\/\" \/>\n<meta property=\"og:locale\" content=\"fr_FR\" \/>\n<meta property=\"og:type\" content=\"article\" \/>\n<meta property=\"og:title\" content=\"\u00c9tudiants du syst\u00e8me britannique (A-Level) - Bishop&#039;s University\" \/>\n<meta property=\"og:description\" content=\"Tu es un \u00e9tudiant du syst\u00e8me britannique (A-Level) aux fins de l\u2019admission si\u202f:&nbsp; Crit\u00e8res d\u2019admission Les crit\u00e8res suivants servent de guides pour que le dossier d\u2019admission soit jug\u00e9 satisfaisant. \u00c0 chaque cycle d\u2019admission, l\u2019Universit\u00e9 Bishop\u2019s re\u00e7oit plus de demandes que le nombre de places disponibles. L\u2019atteinte des crit\u00e8res minimaux ne garantit donc pas l\u2019admission. Par...\" \/>\n<meta property=\"og:url\" content=\"https:\/\/www.ubishops.ca\/fr\/futurs-etudiants\/processus-dadmission\/admission-requirements\/a-level-british-patterned-system-students\/\" \/>\n<meta property=\"og:site_name\" content=\"Bishop&#039;s University\" \/>\n<meta property=\"article:publisher\" content=\"https:\/\/www.facebook.com\/ubishops\" \/>\n<meta property=\"article:modified_time\" content=\"2024-06-13T13:58:14+00:00\" \/>\n<meta name=\"twitter:card\" content=\"summary_large_image\" \/>\n<meta name=\"twitter:site\" content=\"@ubishops\" \/>\n<meta name=\"twitter:label1\" content=\"Dur\u00e9e de lecture estim\u00e9e\" \/>\n\t<meta name=\"twitter:data1\" content=\"4 minutes\" \/>\n<script type=\"application\/ld+json\" class=\"yoast-schema-graph\">{\"@context\":\"https:\/\/schema.org\",\"@graph\":[{\"@type\":\"WebPage\",\"@id\":\"https:\/\/www.ubishops.ca\/fr\/futurs-etudiants\/processus-dadmission\/admission-requirements\/a-level-british-patterned-system-students\/\",\"url\":\"https:\/\/www.ubishops.ca\/fr\/futurs-etudiants\/processus-dadmission\/admission-requirements\/a-level-british-patterned-system-students\/\",\"name\":\"\u00c9tudiants du syst\u00e8me britannique (A-Level) - Bishop&#039;s University\",\"isPartOf\":{\"@id\":\"https:\/\/www.ubishops.ca\/#website\"},\"datePublished\":\"2024-05-09T18:38:09+00:00\",\"dateModified\":\"2024-06-13T13:58:14+00:00\",\"breadcrumb\":{\"@id\":\"https:\/\/www.ubishops.ca\/fr\/futurs-etudiants\/processus-dadmission\/admission-requirements\/a-level-british-patterned-system-students\/#breadcrumb\"},\"inLanguage\":\"fr-FR\",\"potentialAction\":[{\"@type\":\"ReadAction\",\"target\":[\"https:\/\/www.ubishops.ca\/fr\/futurs-etudiants\/processus-dadmission\/admission-requirements\/a-level-british-patterned-system-students\/\"]}]},{\"@type\":\"BreadcrumbList\",\"@id\":\"https:\/\/www.ubishops.ca\/fr\/futurs-etudiants\/processus-dadmission\/admission-requirements\/a-level-british-patterned-system-students\/#breadcrumb\",\"itemListElement\":[{\"@type\":\"ListItem\",\"position\":1,\"name\":\"Accueil\",\"item\":\"https:\/\/www.ubishops.ca\/fr\/\"},{\"@type\":\"ListItem\",\"position\":2,\"name\":\"Futurs \u00e9tudiants\",\"item\":\"https:\/\/www.ubishops.ca\/fr\/futurs-etudiants\/\"},{\"@type\":\"ListItem\",\"position\":3,\"name\":\"Processus d\u2019admission\",\"item\":\"https:\/\/www.ubishops.ca\/fr\/futurs-etudiants\/processus-dadmission\/\"},{\"@type\":\"ListItem\",\"position\":4,\"name\":\"Crit\u00e8res d\u2019admission\",\"item\":\"https:\/\/www.ubishops.ca\/fr\/futurs-etudiants\/processus-dadmission\/admission-requirements\/\"},{\"@type\":\"ListItem\",\"position\":5,\"name\":\"\u00c9tudiants du syst\u00e8me britannique (A-Level)\"}]},{\"@type\":\"WebSite\",\"@id\":\"https:\/\/www.ubishops.ca\/#website\",\"url\":\"https:\/\/www.ubishops.ca\/\",\"name\":\"Bishop&#039;s University\",\"description\":\"\",\"potentialAction\":[{\"@type\":\"SearchAction\",\"target\":{\"@type\":\"EntryPoint\",\"urlTemplate\":\"https:\/\/www.ubishops.ca\/?s={search_term_string}\"},\"query-input\":{\"@type\":\"PropertyValueSpecification\",\"valueRequired\":true,\"valueName\":\"search_term_string\"}}],\"inLanguage\":\"fr-FR\"}]}<\/script>\n<!-- \/ Yoast SEO plugin. -->","yoast_head_json":{"title":"\u00c9tudiants du syst\u00e8me britannique (A-Level) - Bishop&#039;s University","robots":{"index":"index","follow":"follow","max-snippet":"max-snippet:-1","max-image-preview":"max-image-preview:large","max-video-preview":"max-video-preview:-1"},"canonical":"https:\/\/www.ubishops.ca\/fr\/futurs-etudiants\/processus-dadmission\/admission-requirements\/a-level-british-patterned-system-students\/","og_locale":"fr_FR","og_type":"article","og_title":"\u00c9tudiants du syst\u00e8me britannique (A-Level) - Bishop&#039;s University","og_description":"Tu es un \u00e9tudiant du syst\u00e8me britannique (A-Level) aux fins de l\u2019admission si\u202f:&nbsp; Crit\u00e8res d\u2019admission Les crit\u00e8res suivants servent de guides pour que le dossier d\u2019admission soit jug\u00e9 satisfaisant. \u00c0 chaque cycle d\u2019admission, l\u2019Universit\u00e9 Bishop\u2019s re\u00e7oit plus de demandes que le nombre de places disponibles. L\u2019atteinte des crit\u00e8res minimaux ne garantit donc pas l\u2019admission. Par...","og_url":"https:\/\/www.ubishops.ca\/fr\/futurs-etudiants\/processus-dadmission\/admission-requirements\/a-level-british-patterned-system-students\/","og_site_name":"Bishop&#039;s University","article_publisher":"https:\/\/www.facebook.com\/ubishops","article_modified_time":"2024-06-13T13:58:14+00:00","twitter_card":"summary_large_image","twitter_site":"@ubishops","twitter_misc":{"Dur\u00e9e de lecture estim\u00e9e":"4 minutes"},"schema":{"@context":"https:\/\/schema.org","@graph":[{"@type":"WebPage","@id":"https:\/\/www.ubishops.ca\/fr\/futurs-etudiants\/processus-dadmission\/admission-requirements\/a-level-british-patterned-system-students\/","url":"https:\/\/www.ubishops.ca\/fr\/futurs-etudiants\/processus-dadmission\/admission-requirements\/a-level-british-patterned-system-students\/","name":"\u00c9tudiants du syst\u00e8me britannique (A-Level) - Bishop&#039;s University","isPartOf":{"@id":"https:\/\/www.ubishops.ca\/#website"},"datePublished":"2024-05-09T18:38:09+00:00","dateModified":"2024-06-13T13:58:14+00:00","breadcrumb":{"@id":"https:\/\/www.ubishops.ca\/fr\/futurs-etudiants\/processus-dadmission\/admission-requirements\/a-level-british-patterned-system-students\/#breadcrumb"},"inLanguage":"fr-FR","potentialAction":[{"@type":"ReadAction","target":["https:\/\/www.ubishops.ca\/fr\/futurs-etudiants\/processus-dadmission\/admission-requirements\/a-level-british-patterned-system-students\/"]}]},{"@type":"BreadcrumbList","@id":"https:\/\/www.ubishops.ca\/fr\/futurs-etudiants\/processus-dadmission\/admission-requirements\/a-level-british-patterned-system-students\/#breadcrumb","itemListElement":[{"@type":"ListItem","position":1,"name":"Accueil","item":"https:\/\/www.ubishops.ca\/fr\/"},{"@type":"ListItem","position":2,"name":"Futurs \u00e9tudiants","item":"https:\/\/www.ubishops.ca\/fr\/futurs-etudiants\/"},{"@type":"ListItem","position":3,"name":"Processus d\u2019admission","item":"https:\/\/www.ubishops.ca\/fr\/futurs-etudiants\/processus-dadmission\/"},{"@type":"ListItem","position":4,"name":"Crit\u00e8res d\u2019admission","item":"https:\/\/www.ubishops.ca\/fr\/futurs-etudiants\/processus-dadmission\/admission-requirements\/"},{"@type":"ListItem","position":5,"name":"\u00c9tudiants du syst\u00e8me britannique (A-Level)"}]},{"@type":"WebSite","@id":"https:\/\/www.ubishops.ca\/#website","url":"https:\/\/www.ubishops.ca\/","name":"Bishop&#039;s University","description":"","potentialAction":[{"@type":"SearchAction","target":{"@type":"EntryPoint","urlTemplate":"https:\/\/www.ubishops.ca\/?s={search_term_string}"},"query-input":{"@type":"PropertyValueSpecification","valueRequired":true,"valueName":"search_term_string"}}],"inLanguage":"fr-FR"}]}},"taxonomy_info":[],"featured_image_src_large":false,"author_info":{"display_name":"Julie Fradette","author_link":"https:\/\/www.ubishops.ca\/fr\/author\/jfradett\/"},"comment_info":0,"publishpress_future_action":{"enabled":false,"date":"2026-04-15 13:04:24","action":"change-status","newStatus":"draft","terms":[],"taxonomy":"translation_priority","extraData":[]},"publishpress_future_workflow_manual_trigger":{"enabledWorkflows":[]},"_links":{"self":[{"href":"https:\/\/www.ubishops.ca\/fr\/wp-json\/wp\/v2\/pages\/111784","targetHints":{"allow":["GET"]}}],"collection":[{"href":"https:\/\/www.ubishops.ca\/fr\/wp-json\/wp\/v2\/pages"}],"about":[{"href":"https:\/\/www.ubishops.ca\/fr\/wp-json\/wp\/v2\/types\/page"}],"author":[{"embeddable":true,"href":"https:\/\/www.ubishops.ca\/fr\/wp-json\/wp\/v2\/users\/49"}],"replies":[{"embeddable":true,"href":"https:\/\/www.ubishops.ca\/fr\/wp-json\/wp\/v2\/comments?post=111784"}],"version-history":[{"count":0,"href":"https:\/\/www.ubishops.ca\/fr\/wp-json\/wp\/v2\/pages\/111784\/revisions"}],"up":[{"embeddable":true,"href":"https:\/\/www.ubishops.ca\/fr\/wp-json\/wp\/v2\/pages\/80854"}],"wp:attachment":[{"href":"https:\/\/www.ubishops.ca\/fr\/wp-json\/wp\/v2\/media?parent=111784"}],"curies":[{"name":"wp","href":"https:\/\/api.w.org\/{rel}","templated":true}]}}