{"id":110368,"date":"2024-03-14T09:20:16","date_gmt":"2024-03-14T13:20:16","guid":{"rendered":"https:\/\/www.ubishops.ca\/office-of-the-principal\/"},"modified":"2024-03-14T09:58:35","modified_gmt":"2024-03-14T13:58:35","slug":"office-of-the-principal","status":"publish","type":"page","link":"https:\/\/www.ubishops.ca\/fr\/office-of-the-principal\/","title":{"rendered":"Bureau du principal"},"content":{"rendered":"\n<div class=\"wp-block-media-text is-stacked-on-mobile\" style=\"grid-template-columns:40% auto\"><figure class=\"wp-block-media-text__media\"><img decoding=\"async\" width=\"400\" height=\"600\" src=\"https:\/\/www.ubishops.ca\/wp-content\/uploads\/Sebastien-Lebel-Grenier.jpg\" alt=\"S\u00e9bastien Lebel-Grenier\" class=\"wp-image-99826 size-full\" srcset=\"https:\/\/www.ubishops.ca\/wp-content\/uploads\/Sebastien-Lebel-Grenier.jpg 400w, https:\/\/www.ubishops.ca\/wp-content\/uploads\/Sebastien-Lebel-Grenier-200x300.jpg 200w, https:\/\/www.ubishops.ca\/wp-content\/uploads\/Sebastien-Lebel-Grenier-100x150.jpg 100w\" sizes=\"(max-width: 400px) 100vw, 400px\" \/><\/figure><div class=\"wp-block-media-text__content\">\n<h3 class=\"wp-block-heading\">S\u00e9bastien Lebel-Grenier<\/h3>\n\n\n\n<p>Principal et vice-chancelier<\/p>\n\n\n\n<p><a href=\"&#x6d;a&#x69;&#108;t&#x6f;&#58;&#x53;&#101;b&#x61;&#115;&#x74;&#105;e&#x6e;&#46;&#x4c;&#x65;b&#x65;&#108;-&#x47;&#114;&#x65;&#110;i&#x65;&#114;&#x40;&#117;b&#x69;&#115;&#x68;&#x6f;p&#x73;&#46;c&#x61;\">&#x53;&#101;b&#x61;&#115;t&#x69;&#101;n&#x2e;&#76;e&#x62;&#101;l&#x2d;&#71;r&#x65;&#110;i&#x65;&#114;&#64;&#x75;&#98;i&#x73;&#104;o&#x70;&#115;&#46;&#x63;&#97;<\/a><\/p>\n<\/div><\/div>\n\n\n\n<div style=\"height:30px\" aria-hidden=\"true\" class=\"wp-block-spacer\"><\/div>\n\n\n\n<h2 class=\"wp-block-heading\">Mot de bienvenue du principal<\/h2>\n\n\n\n<p>En 1843, les fondateurs de l&rsquo;Universit\u00e9 Bishop&rsquo;s ont d\u00e9clar\u00e9 leur objectif : \u00ab offrir au pays une solide \u00e9ducation lib\u00e9rale \u00bb.<\/p>\n\n\n\n<p>L\u2019\u00e9ducation lib\u00e9rale est une philosophie \u00e9ducative qui cherche \u00e0 exposer les \u00e9tudiant.e.s \u00e0 une grande vari\u00e9t\u00e9 de disciplines et de strat\u00e9gies d&rsquo;apprentissage. Elle comprend des \u00e9tudes approfondies dans au moins un domaine de connaissances, tout en favorisant l\u2019exploration d\u2019 une multiplicit\u00e9 d&rsquo;autres domaines.<\/p>\n\n\n\n<p>Vous pouvez ainsi combiner diverses disciplines telles que la biologie et les beaux-arts, l&rsquo;\u00e9conomie et la religion, le commerce et la psychologie, ou tout autre domaine qui vous int\u00e9resse. Cette approche p\u00e9dagogique vous encourage \u00e0 poser des questions, \u00e0 envisager tous les angles, \u00e0 poursuivre le savoir et \u00e0 gagner en confiance.<\/p>\n\n\n\n<p>Bishop&rsquo;s est une institution de choix pour les jeunes personnes exceptionnelles qui recherchent l&rsquo;excellence acad\u00e9mique et une exp\u00e9rience universitaire compr\u00e9hensive.<\/p>\n\n\n\n<p>En d\u00e9cidant de poursuivre vos \u00e9tudes \u00e0 Bishop&rsquo;s, vous aurez un port d&rsquo;attache d\u00e9fini par un v\u00e9ritable sentiment d&rsquo;appartenance et d&rsquo;inclusion. \u00c0 Bishop&rsquo;s, vous serez trait\u00e9 comme un membre important et unique de la communaut\u00e9.<\/p>\n\n\n\n<p>Nous nous effor\u00e7ons de cr\u00e9er un environnement qui favorise la diversit\u00e9 et le respect, qui inculque la confiance, le courage et le sens des responsabilit\u00e9s, ainsi que l&rsquo;autonomie personnelle et intellectuelle. Nos valeurs, centr\u00e9 sur l&rsquo;\u00e9tudiant.e, ax\u00e9 sur la communaut\u00e9, l&rsquo;excellence et la durabilit\u00e9, sont ancr\u00e9es dans tout ce que nous faisons.<\/p>\n\n\n\n<p>Bishop&rsquo;s, c&rsquo;est aussi un voyage \u00e0 la d\u00e9couverte de soi o\u00f9 l&rsquo;on est encourag\u00e9 \u00e0 explorer divers domaines de connaissance ainsi qu\u2019\u00e0 b\u00e9n\u00e9ficier d&rsquo;exp\u00e9riences authentiques, que ce soit par l\u2019entremise d\u2019apprentissage exp\u00e9rienciel ou appliqu\u00e9. C&rsquo;est un lieu o\u00f9 vous \u00eates encourag\u00e9 \u00e0 vous impliquer dans nos nombreuses activit\u00e9s extracurriculaires, communautaires et sportives.<\/p>\n\n\n\n<p>Nous sommes fiers de notre corps professoral et de notre personnel d\u00e9vou\u00e9s et accessibles, qui se consacrent \u00e0 vous aider \u00e0 atteindre votre plein potentiel acad\u00e9mique et personnel. N&rsquo;h\u00e9sitez pas \u00e0 communiquer avec l&rsquo;une ou l\u2019un d&rsquo;entre nous si vous avez besoin d&rsquo;aide ou d&rsquo;assistance.<\/p>\n\n\n\n<p>Les dipl\u00f4m\u00e9.e.s de Bishop&rsquo;s d\u00e9montrent un attachement exceptionnel \u00e0 leur <em>alma mater<\/em>. Pour plusieurs d&rsquo;entre eux et elles, les ann\u00e9es pass\u00e9es \u00e0 Bishop&rsquo;s ont \u00e9t\u00e9 les plus formatrices, le point de d\u00e9part d&rsquo;amiti\u00e9s qui dureront toute une vie et l&rsquo;occasion qui leur a permis de d\u00e9velopper leurs passions, leur potentiel et leurs projets d\u2019avenir. J&rsquo;esp\u00e8re sinc\u00e8rement que votre s\u00e9jour \u00e0 Bishop&rsquo;s sera \u00e9galement une exp\u00e9rience transformatrice.<\/p>\n\n\n\n<p>J&rsquo;ai h\u00e2te de vous voir sur le campus.<\/p>\n\n\n\n<p>S\u00e9bastien Lebel-Grenier<br>Principal et vice-chancelier<\/p>\n\n\n\n<div style=\"height:40px\" aria-hidden=\"true\" class=\"wp-block-spacer\"><\/div>\n\n\n\n<h2 class=\"wp-block-heading\">Principal\u2019s Key Initiatives<\/h2>\n\n\n\n<h3 class=\"wp-block-heading\">Bishop\u2019s Forum&nbsp;<\/h3>\n\n\n\n<p>Bishop&rsquo;s Forum is a week-long, no-cost event aimed at English-speaking Secondary V, college and university students. It focuses on the themes of citizenship, community involvement, philanthropy, the environment, the political system, the media, entrepreneurship, the social economy, and parliamentary committees. It falls within the scope of the key objective of <em>The 2030 Qu\u00e9bec Youth Policy<\/em> focusing on citizenship to encourage a commitment by young people to culture, the community and society.&nbsp;<\/p>\n\n\n\n<p>\u201cQuebec benefits when its younger citizens are informed and knowledgeable about how its major institutions and systems function\u201d, said Principal Michael Goldbloom, C.M. \u201cOur goal is to enhance young English-speaking Quebecers&rsquo; capacity for and interest in civic engagement.\u201d&nbsp;<\/p>\n\n\n\n<div class=\"wp-block-buttons is-layout-flex wp-block-buttons-is-layout-flex\">\n<div class=\"wp-block-button\"><a class=\"wp-block-button__link has-purple-background-color has-background wp-element-button\" href=\"https:\/\/bishopsforum.ubishops.ca\/\" target=\"_blank\" rel=\"noreferrer noopener\">Bishop&rsquo;s Forum website<\/a><\/div>\n<\/div>\n\n\n\n<div style=\"height:40px\" aria-hidden=\"true\" class=\"wp-block-spacer\"><\/div>\n\n\n\n<h3 class=\"wp-block-heading\">B.E.S.T Fund&nbsp;<\/h3>\n\n\n\n<p>The B.E.S.T. Project Fund is the premiere experiential learning opportunity at Bishop\u2019s.&nbsp;<\/p>\n\n\n\n<p>This unique fund is intended to assist students in determining their career paths and realizing their ambitions.&nbsp;<\/p>\n\n\n\n<p>The funds are awarded to students whom the Selection Committee believes have the potential for significant achievement and impact once they graduate from Bishop\u2019s.&nbsp;<\/p>\n\n\n\n<div class=\"wp-block-buttons is-layout-flex wp-block-buttons-is-layout-flex\">\n<div class=\"wp-block-button\"><a class=\"wp-block-button__link has-purple-background-color has-background wp-element-button\" href=\"https:\/\/www.ubishops.ca\/future-students\/fees-and-funding\/scholarships-awards-bursaries\/b-e-s-t-project-fund\/\">B.E.S.T. Project Fund<\/a><\/div>\n<\/div>\n\n\n\n<div style=\"height:40px\" aria-hidden=\"true\" class=\"wp-block-spacer\"><\/div>\n\n\n\n<h3 class=\"wp-block-heading\">Donald Lecture Series&nbsp;<\/h3>\n\n\n\n<p>The Donald Lecture Series brings speakers of national and international renown to the Bishop\u2019s campus to provide insight, provoke thought, and stimulate debate on the most compelling issues and events in the world today. All lectures are free of charge and open to the public.&nbsp;<\/p>\n\n\n\n<div class=\"wp-block-buttons is-layout-flex wp-block-buttons-is-layout-flex\">\n<div class=\"wp-block-button\"><a class=\"wp-block-button__link has-purple-background-color has-background wp-element-button\" href=\"https:\/\/www.ubishops.ca\/donald-lecture-series\/\">See This Year\u2019s Speakers<\/a><\/div>\n<\/div>\n","protected":false},"excerpt":{"rendered":"<p>S\u00e9bastien Lebel-Grenier Principal et vice-chancelier &#83;&#x65;&#98;&#x61;&#115;&#x74;&#105;&#x65;&#110;&#x2e;&#76;&#x65;&#98;&#x65;&#108;&#x2d;&#71;&#x72;&#101;&#x6e;&#105;&#x65;&#114;&#x40;&#117;&#x62;&#105;&#x73;&#104;&#x6f;&#112;&#x73;&#46;&#x63;&#97; Mot de bienvenue du principal En 1843, les fondateurs de l&rsquo;Universit\u00e9 Bishop&rsquo;s ont d\u00e9clar\u00e9 leur objectif : \u00ab offrir au pays une solide \u00e9ducation lib\u00e9rale \u00bb. L\u2019\u00e9ducation lib\u00e9rale est une philosophie \u00e9ducative qui cherche \u00e0 exposer les \u00e9tudiant.e.s \u00e0 une grande vari\u00e9t\u00e9 de disciplines et de strat\u00e9gies d&rsquo;apprentissage. Elle&#8230;<\/p>\n","protected":false},"author":49,"featured_media":0,"parent":0,"menu_order":35,"comment_status":"closed","ping_status":"closed","template":"templates\/page-width-sidebar.php","meta":{"_acf_changed":false,"_cbd_carousel_blocks":"[]","_kad_blocks_custom_css":"","_kad_blocks_head_custom_js":"","_kad_blocks_body_custom_js":"","_kad_blocks_footer_custom_js":"","_kad_post_transparent":"","_kad_post_title":"","_kad_post_layout":"","_kad_post_sidebar_id":"","_kad_post_content_style":"","_kad_post_vertical_padding":"","_kad_post_feature":"","_kad_post_feature_position":"","_kad_post_header":false,"_kad_post_footer":false,"_kad_post_classname":"","footnotes":""},"class_list":["post-110368","page","type-page","status-publish","hentry"],"acf":[],"yoast_head":"<!-- This site is optimized with the Yoast SEO plugin v27.2 - https:\/\/yoast.com\/product\/yoast-seo-wordpress\/ -->\n<title>Bureau du principal - Bishop&#039;s University<\/title>\n<meta name=\"robots\" content=\"index, follow, max-snippet:-1, max-image-preview:large, max-video-preview:-1\" \/>\n<link rel=\"canonical\" href=\"https:\/\/www.ubishops.ca\/about-bu\/executive-leadership\/office-of-the-principal\/\" \/>\n<meta property=\"og:locale\" content=\"fr_FR\" \/>\n<meta property=\"og:type\" content=\"article\" \/>\n<meta property=\"og:title\" content=\"Bureau du principal - Bishop&#039;s University\" \/>\n<meta property=\"og:description\" content=\"S\u00e9bastien Lebel-Grenier Principal et vice-chancelier &#x53;&#x65;&#098;as&#x74;&#x69;&#101;&#110;&#046;&#x4c;&#x65;&#098;&#101;l&#x2d;&#x47;&#x72;&#101;ni&#x65;&#x72;&#064;&#117;b&#x69;&#x73;&#104;&#111;p&#x73;&#x2e;&#099;&#097; Mot de bienvenue du principal En 1843, les fondateurs de l&rsquo;Universit\u00e9 Bishop&rsquo;s ont d\u00e9clar\u00e9 leur objectif : \u00ab offrir au pays une solide \u00e9ducation lib\u00e9rale \u00bb. L\u2019\u00e9ducation lib\u00e9rale est une philosophie \u00e9ducative qui cherche \u00e0 exposer les \u00e9tudiant.e.s \u00e0 une grande vari\u00e9t\u00e9 de disciplines et de strat\u00e9gies d&rsquo;apprentissage. Elle...\" \/>\n<meta property=\"og:url\" content=\"https:\/\/www.ubishops.ca\/about-bu\/executive-leadership\/office-of-the-principal\/\" \/>\n<meta property=\"og:site_name\" content=\"Bishop&#039;s University\" \/>\n<meta property=\"article:publisher\" content=\"https:\/\/www.facebook.com\/ubishops\" \/>\n<meta property=\"article:modified_time\" content=\"2024-03-14T13:58:35+00:00\" \/>\n<meta property=\"og:image\" content=\"https:\/\/www.ubishops.ca\/wp-content\/uploads\/Sebastien-Lebel-Grenier.jpg\" \/>\n<meta name=\"twitter:card\" content=\"summary_large_image\" \/>\n<meta name=\"twitter:site\" content=\"@ubishops\" \/>\n<meta name=\"twitter:label1\" content=\"Dur\u00e9e de lecture estim\u00e9e\" \/>\n\t<meta name=\"twitter:data1\" content=\"3 minutes\" \/>\n<script type=\"application\/ld+json\" class=\"yoast-schema-graph\">{\"@context\":\"https:\/\/schema.org\",\"@graph\":[{\"@type\":\"WebPage\",\"@id\":\"https:\/\/www.ubishops.ca\/about-bu\/executive-leadership\/office-of-the-principal\/\",\"url\":\"https:\/\/www.ubishops.ca\/about-bu\/executive-leadership\/office-of-the-principal\/\",\"name\":\"Bureau du principal - Bishop&#039;s University\",\"isPartOf\":{\"@id\":\"https:\/\/www.ubishops.ca\/#website\"},\"primaryImageOfPage\":{\"@id\":\"https:\/\/www.ubishops.ca\/about-bu\/executive-leadership\/office-of-the-principal\/#primaryimage\"},\"image\":{\"@id\":\"https:\/\/www.ubishops.ca\/about-bu\/executive-leadership\/office-of-the-principal\/#primaryimage\"},\"thumbnailUrl\":\"https:\/\/www.ubishops.ca\/wp-content\/uploads\/Sebastien-Lebel-Grenier.jpg\",\"datePublished\":\"2024-03-14T13:20:16+00:00\",\"dateModified\":\"2024-03-14T13:58:35+00:00\",\"breadcrumb\":{\"@id\":\"https:\/\/www.ubishops.ca\/about-bu\/executive-leadership\/office-of-the-principal\/#breadcrumb\"},\"inLanguage\":\"fr-FR\",\"potentialAction\":[{\"@type\":\"ReadAction\",\"target\":[\"https:\/\/www.ubishops.ca\/about-bu\/executive-leadership\/office-of-the-principal\/\"]}]},{\"@type\":\"ImageObject\",\"inLanguage\":\"fr-FR\",\"@id\":\"https:\/\/www.ubishops.ca\/about-bu\/executive-leadership\/office-of-the-principal\/#primaryimage\",\"url\":\"https:\/\/www.ubishops.ca\/wp-content\/uploads\/Sebastien-Lebel-Grenier.jpg\",\"contentUrl\":\"https:\/\/www.ubishops.ca\/wp-content\/uploads\/Sebastien-Lebel-Grenier.jpg\"},{\"@type\":\"BreadcrumbList\",\"@id\":\"https:\/\/www.ubishops.ca\/about-bu\/executive-leadership\/office-of-the-principal\/#breadcrumb\",\"itemListElement\":[{\"@type\":\"ListItem\",\"position\":1,\"name\":\"Accueil\",\"item\":\"https:\/\/www.ubishops.ca\/fr\/\"},{\"@type\":\"ListItem\",\"position\":2,\"name\":\"Bureau du principal\"}]},{\"@type\":\"WebSite\",\"@id\":\"https:\/\/www.ubishops.ca\/#website\",\"url\":\"https:\/\/www.ubishops.ca\/\",\"name\":\"Bishop&#039;s University\",\"description\":\"\",\"potentialAction\":[{\"@type\":\"SearchAction\",\"target\":{\"@type\":\"EntryPoint\",\"urlTemplate\":\"https:\/\/www.ubishops.ca\/?s={search_term_string}\"},\"query-input\":{\"@type\":\"PropertyValueSpecification\",\"valueRequired\":true,\"valueName\":\"search_term_string\"}}],\"inLanguage\":\"fr-FR\"}]}<\/script>\n<!-- \/ Yoast SEO plugin. -->","yoast_head_json":{"title":"Bureau du principal - Bishop&#039;s University","robots":{"index":"index","follow":"follow","max-snippet":"max-snippet:-1","max-image-preview":"max-image-preview:large","max-video-preview":"max-video-preview:-1"},"canonical":"https:\/\/www.ubishops.ca\/about-bu\/executive-leadership\/office-of-the-principal\/","og_locale":"fr_FR","og_type":"article","og_title":"Bureau du principal - Bishop&#039;s University","og_description":"S\u00e9bastien Lebel-Grenier Principal et vice-chancelier &#x53;&#x65;&#98;as&#x74;&#x69;&#101;&#110;&#46;&#x4c;&#x65;&#98;&#101;l&#x2d;&#x47;&#x72;&#101;ni&#x65;&#x72;&#64;&#117;b&#x69;&#x73;&#104;&#111;p&#x73;&#x2e;&#99;&#97; Mot de bienvenue du principal En 1843, les fondateurs de l&rsquo;Universit\u00e9 Bishop&rsquo;s ont d\u00e9clar\u00e9 leur objectif : \u00ab offrir au pays une solide \u00e9ducation lib\u00e9rale \u00bb. L\u2019\u00e9ducation lib\u00e9rale est une philosophie \u00e9ducative qui cherche \u00e0 exposer les \u00e9tudiant.e.s \u00e0 une grande vari\u00e9t\u00e9 de disciplines et de strat\u00e9gies d&rsquo;apprentissage. Elle...","og_url":"https:\/\/www.ubishops.ca\/about-bu\/executive-leadership\/office-of-the-principal\/","og_site_name":"Bishop&#039;s University","article_publisher":"https:\/\/www.facebook.com\/ubishops","article_modified_time":"2024-03-14T13:58:35+00:00","og_image":[{"url":"https:\/\/www.ubishops.ca\/wp-content\/uploads\/Sebastien-Lebel-Grenier.jpg","type":"","width":"","height":""}],"twitter_card":"summary_large_image","twitter_site":"@ubishops","twitter_misc":{"Dur\u00e9e de lecture estim\u00e9e":"3 minutes"},"schema":{"@context":"https:\/\/schema.org","@graph":[{"@type":"WebPage","@id":"https:\/\/www.ubishops.ca\/about-bu\/executive-leadership\/office-of-the-principal\/","url":"https:\/\/www.ubishops.ca\/about-bu\/executive-leadership\/office-of-the-principal\/","name":"Bureau du principal - Bishop&#039;s University","isPartOf":{"@id":"https:\/\/www.ubishops.ca\/#website"},"primaryImageOfPage":{"@id":"https:\/\/www.ubishops.ca\/about-bu\/executive-leadership\/office-of-the-principal\/#primaryimage"},"image":{"@id":"https:\/\/www.ubishops.ca\/about-bu\/executive-leadership\/office-of-the-principal\/#primaryimage"},"thumbnailUrl":"https:\/\/www.ubishops.ca\/wp-content\/uploads\/Sebastien-Lebel-Grenier.jpg","datePublished":"2024-03-14T13:20:16+00:00","dateModified":"2024-03-14T13:58:35+00:00","breadcrumb":{"@id":"https:\/\/www.ubishops.ca\/about-bu\/executive-leadership\/office-of-the-principal\/#breadcrumb"},"inLanguage":"fr-FR","potentialAction":[{"@type":"ReadAction","target":["https:\/\/www.ubishops.ca\/about-bu\/executive-leadership\/office-of-the-principal\/"]}]},{"@type":"ImageObject","inLanguage":"fr-FR","@id":"https:\/\/www.ubishops.ca\/about-bu\/executive-leadership\/office-of-the-principal\/#primaryimage","url":"https:\/\/www.ubishops.ca\/wp-content\/uploads\/Sebastien-Lebel-Grenier.jpg","contentUrl":"https:\/\/www.ubishops.ca\/wp-content\/uploads\/Sebastien-Lebel-Grenier.jpg"},{"@type":"BreadcrumbList","@id":"https:\/\/www.ubishops.ca\/about-bu\/executive-leadership\/office-of-the-principal\/#breadcrumb","itemListElement":[{"@type":"ListItem","position":1,"name":"Accueil","item":"https:\/\/www.ubishops.ca\/fr\/"},{"@type":"ListItem","position":2,"name":"Bureau du principal"}]},{"@type":"WebSite","@id":"https:\/\/www.ubishops.ca\/#website","url":"https:\/\/www.ubishops.ca\/","name":"Bishop&#039;s University","description":"","potentialAction":[{"@type":"SearchAction","target":{"@type":"EntryPoint","urlTemplate":"https:\/\/www.ubishops.ca\/?s={search_term_string}"},"query-input":{"@type":"PropertyValueSpecification","valueRequired":true,"valueName":"search_term_string"}}],"inLanguage":"fr-FR"}]}},"taxonomy_info":[],"featured_image_src_large":false,"author_info":{"display_name":"Julie Fradette","author_link":"https:\/\/www.ubishops.ca\/fr\/author\/jfradett\/"},"comment_info":0,"publishpress_future_action":{"enabled":false,"date":"2026-04-15 11:18:34","action":"change-status","newStatus":"draft","terms":[],"taxonomy":"translation_priority","extraData":[]},"publishpress_future_workflow_manual_trigger":{"enabledWorkflows":[]},"_links":{"self":[{"href":"https:\/\/www.ubishops.ca\/fr\/wp-json\/wp\/v2\/pages\/110368","targetHints":{"allow":["GET"]}}],"collection":[{"href":"https:\/\/www.ubishops.ca\/fr\/wp-json\/wp\/v2\/pages"}],"about":[{"href":"https:\/\/www.ubishops.ca\/fr\/wp-json\/wp\/v2\/types\/page"}],"author":[{"embeddable":true,"href":"https:\/\/www.ubishops.ca\/fr\/wp-json\/wp\/v2\/users\/49"}],"replies":[{"embeddable":true,"href":"https:\/\/www.ubishops.ca\/fr\/wp-json\/wp\/v2\/comments?post=110368"}],"version-history":[{"count":0,"href":"https:\/\/www.ubishops.ca\/fr\/wp-json\/wp\/v2\/pages\/110368\/revisions"}],"wp:attachment":[{"href":"https:\/\/www.ubishops.ca\/fr\/wp-json\/wp\/v2\/media?parent=110368"}],"curies":[{"name":"wp","href":"https:\/\/api.w.org\/{rel}","templated":true}]}}