{"id":10997,"date":"2016-05-11T14:31:14","date_gmt":"2016-05-11T18:31:14","guid":{"rendered":"https:\/\/wwwnew.ubishops.ca\/fr\/?page_id=10997"},"modified":"2025-02-21T12:55:56","modified_gmt":"2025-02-21T17:55:56","slug":"avis-de-non-responsabilite","status":"publish","type":"page","link":"https:\/\/www.ubishops.ca\/fr\/avis-de-non-responsabilite\/","title":{"rendered":"Avis de non-responsabilit\u00e9"},"content":{"rendered":"\n<p>Nous appelons \u00ab site web de Bishop\u2019s \u00bb toutes les pages publi\u00e9es sous le nom de domaine ubishops.ca. L\u2019aspect technique du site web, soit le montage, la mise en ligne et l\u2019entretien, est assur\u00e9 par le d\u00e9partement d&rsquo;informatique de Bishop\u2019s ainsi que le d\u00e9partement des communications sur l\u2019avis d\u2019un comit\u00e9 universitaire. Le contenu global des pages d\u00e9crivant des personnes et les d\u00e9partements est sous la responsabilit\u00e9 de leurs auteurs. Les d\u00e9cisions \u00e9ditoriales au sujet du contenu, de l\u2019organisation et de la pr\u00e9sentation de chacune des pages publi\u00e9es sous ubishops.ca rel\u00e8vent du d\u00e9partement des communications.<\/p>\n\n\n\n<p>Certaines caract\u00e9ristiques techniques inh\u00e9rentes \u00e0 la publication sur Internet pourraient proposer ou pr\u00e9senter d\u2019autre contenu aux visiteurs du site web de Bishop\u2019s. L\u2019Universit\u00e9 Bishop\u2019s n\u2019endosse pas n\u00e9cessairement l\u2019information affich\u00e9e sur un autre nom de domaine que ubishops.ca et ne peut \u00eatre tenue responsable du contenu de ces sites tiers.<\/p>\n\n\n\n<p>Si vous constatez des erreurs ou des renseignements qui ne sont plus \u00e0 jour sur l\u2019une ou l\u2019autre des pages de notre site web, veuillez nous aviser via notre <a href=\"https:\/\/www.ubishops.ca\/communications-office\/website-work-request\/\">formulaire en ligne<\/a>.<\/p>\n\n\n\n<p><strong>Avis de non-responsabilit\u00e9<\/strong><\/p>\n\n\n\n<p>Bien que tous les efforts de rigueur aient \u00e9t\u00e9 d\u00e9ploy\u00e9s lors de la r\u00e9daction de ce site web, l\u2019Universit\u00e9 Bishop\u2019s ne peut garantir l\u2019exactitude de son contenu.<\/p>\n\n\n\n<p><strong>Nous joindre<\/strong><br>Envoyez un courriel \u00e0 notre <a href=\"&#x6d;&#x61;&#105;lt&#x6f;&#x3a;&#119;&#101;b&#x6d;&#x61;&#115;&#116;e&#x72;&#x40;&#x75;&#98;is&#x68;&#x6f;&#112;&#115;&#46;&#x63;&#x61;\">webmestre<\/a> ou visitez notre page <a href=\"https:\/\/www.ubishops.ca\/fr\/nous-joindre\/\">Nous\u00a0joindre<\/a>.<\/p>\n","protected":false},"excerpt":{"rendered":"<p>Nous appelons \u00ab site web de Bishop\u2019s \u00bb toutes les pages publi\u00e9es sous le nom de domaine ubishops.ca. L\u2019aspect technique du site web, soit le montage, la mise en ligne et l\u2019entretien, est assur\u00e9 par le d\u00e9partement d&rsquo;informatique de Bishop\u2019s ainsi que le d\u00e9partement des communications sur l\u2019avis d\u2019un comit\u00e9 universitaire. Le contenu global des&#8230;<\/p>\n","protected":false},"author":49,"featured_media":0,"parent":0,"menu_order":491,"comment_status":"closed","ping_status":"closed","template":"","meta":{"_acf_changed":false,"_cbd_carousel_blocks":"[]","_kad_blocks_custom_css":"","_kad_blocks_head_custom_js":"","_kad_blocks_body_custom_js":"","_kad_blocks_footer_custom_js":"","_kad_post_transparent":"","_kad_post_title":"","_kad_post_layout":"narrow","_kad_post_sidebar_id":"","_kad_post_content_style":"","_kad_post_vertical_padding":"","_kad_post_feature":"","_kad_post_feature_position":"","_kad_post_header":false,"_kad_post_footer":false,"_kad_post_classname":"","footnotes":""},"class_list":["post-10997","page","type-page","status-publish","hentry"],"acf":[],"yoast_head":"<!-- This site is optimized with the Yoast SEO plugin v27.2 - https:\/\/yoast.com\/product\/yoast-seo-wordpress\/ -->\n<title>Avis de non-responsabilit\u00e9 - Bishop&#039;s University<\/title>\n<meta name=\"robots\" content=\"index, follow, max-snippet:-1, max-image-preview:large, max-video-preview:-1\" \/>\n<link rel=\"canonical\" href=\"https:\/\/www.ubishops.ca\/fr\/avis-de-non-responsabilite\/\" \/>\n<meta property=\"og:locale\" content=\"fr_FR\" \/>\n<meta property=\"og:type\" content=\"article\" \/>\n<meta property=\"og:title\" content=\"Avis de non-responsabilit\u00e9 - Bishop&#039;s University\" \/>\n<meta property=\"og:description\" content=\"Nous appelons \u00ab site web de Bishop\u2019s \u00bb toutes les pages publi\u00e9es sous le nom de domaine ubishops.ca. L\u2019aspect technique du site web, soit le montage, la mise en ligne et l\u2019entretien, est assur\u00e9 par le d\u00e9partement d&rsquo;informatique de Bishop\u2019s ainsi que le d\u00e9partement des communications sur l\u2019avis d\u2019un comit\u00e9 universitaire. Le contenu global des...\" \/>\n<meta property=\"og:url\" content=\"https:\/\/www.ubishops.ca\/fr\/avis-de-non-responsabilite\/\" \/>\n<meta property=\"og:site_name\" content=\"Bishop&#039;s University\" \/>\n<meta property=\"article:publisher\" content=\"https:\/\/www.facebook.com\/ubishops\" \/>\n<meta property=\"article:modified_time\" content=\"2025-02-21T17:55:56+00:00\" \/>\n<meta name=\"twitter:card\" content=\"summary_large_image\" \/>\n<meta name=\"twitter:site\" content=\"@ubishops\" \/>\n<meta name=\"twitter:label1\" content=\"Dur\u00e9e de lecture estim\u00e9e\" \/>\n\t<meta name=\"twitter:data1\" content=\"1 minute\" \/>\n<script type=\"application\/ld+json\" class=\"yoast-schema-graph\">{\"@context\":\"https:\/\/schema.org\",\"@graph\":[{\"@type\":\"WebPage\",\"@id\":\"https:\/\/www.ubishops.ca\/fr\/avis-de-non-responsabilite\/\",\"url\":\"https:\/\/www.ubishops.ca\/fr\/avis-de-non-responsabilite\/\",\"name\":\"Avis de non-responsabilit\u00e9 - Bishop&#039;s University\",\"isPartOf\":{\"@id\":\"https:\/\/www.ubishops.ca\/#website\"},\"datePublished\":\"2016-05-11T18:31:14+00:00\",\"dateModified\":\"2025-02-21T17:55:56+00:00\",\"breadcrumb\":{\"@id\":\"https:\/\/www.ubishops.ca\/fr\/avis-de-non-responsabilite\/#breadcrumb\"},\"inLanguage\":\"fr-FR\",\"potentialAction\":[{\"@type\":\"ReadAction\",\"target\":[\"https:\/\/www.ubishops.ca\/fr\/avis-de-non-responsabilite\/\"]}]},{\"@type\":\"BreadcrumbList\",\"@id\":\"https:\/\/www.ubishops.ca\/fr\/avis-de-non-responsabilite\/#breadcrumb\",\"itemListElement\":[{\"@type\":\"ListItem\",\"position\":1,\"name\":\"Accueil\",\"item\":\"https:\/\/www.ubishops.ca\/fr\/\"},{\"@type\":\"ListItem\",\"position\":2,\"name\":\"Avis de non-responsabilit\u00e9\"}]},{\"@type\":\"WebSite\",\"@id\":\"https:\/\/www.ubishops.ca\/#website\",\"url\":\"https:\/\/www.ubishops.ca\/\",\"name\":\"Bishop&#039;s University\",\"description\":\"\",\"potentialAction\":[{\"@type\":\"SearchAction\",\"target\":{\"@type\":\"EntryPoint\",\"urlTemplate\":\"https:\/\/www.ubishops.ca\/?s={search_term_string}\"},\"query-input\":{\"@type\":\"PropertyValueSpecification\",\"valueRequired\":true,\"valueName\":\"search_term_string\"}}],\"inLanguage\":\"fr-FR\"}]}<\/script>\n<!-- \/ Yoast SEO plugin. -->","yoast_head_json":{"title":"Avis de non-responsabilit\u00e9 - Bishop&#039;s University","robots":{"index":"index","follow":"follow","max-snippet":"max-snippet:-1","max-image-preview":"max-image-preview:large","max-video-preview":"max-video-preview:-1"},"canonical":"https:\/\/www.ubishops.ca\/fr\/avis-de-non-responsabilite\/","og_locale":"fr_FR","og_type":"article","og_title":"Avis de non-responsabilit\u00e9 - Bishop&#039;s University","og_description":"Nous appelons \u00ab site web de Bishop\u2019s \u00bb toutes les pages publi\u00e9es sous le nom de domaine ubishops.ca. L\u2019aspect technique du site web, soit le montage, la mise en ligne et l\u2019entretien, est assur\u00e9 par le d\u00e9partement d&rsquo;informatique de Bishop\u2019s ainsi que le d\u00e9partement des communications sur l\u2019avis d\u2019un comit\u00e9 universitaire. Le contenu global des...","og_url":"https:\/\/www.ubishops.ca\/fr\/avis-de-non-responsabilite\/","og_site_name":"Bishop&#039;s University","article_publisher":"https:\/\/www.facebook.com\/ubishops","article_modified_time":"2025-02-21T17:55:56+00:00","twitter_card":"summary_large_image","twitter_site":"@ubishops","twitter_misc":{"Dur\u00e9e de lecture estim\u00e9e":"1 minute"},"schema":{"@context":"https:\/\/schema.org","@graph":[{"@type":"WebPage","@id":"https:\/\/www.ubishops.ca\/fr\/avis-de-non-responsabilite\/","url":"https:\/\/www.ubishops.ca\/fr\/avis-de-non-responsabilite\/","name":"Avis de non-responsabilit\u00e9 - Bishop&#039;s University","isPartOf":{"@id":"https:\/\/www.ubishops.ca\/#website"},"datePublished":"2016-05-11T18:31:14+00:00","dateModified":"2025-02-21T17:55:56+00:00","breadcrumb":{"@id":"https:\/\/www.ubishops.ca\/fr\/avis-de-non-responsabilite\/#breadcrumb"},"inLanguage":"fr-FR","potentialAction":[{"@type":"ReadAction","target":["https:\/\/www.ubishops.ca\/fr\/avis-de-non-responsabilite\/"]}]},{"@type":"BreadcrumbList","@id":"https:\/\/www.ubishops.ca\/fr\/avis-de-non-responsabilite\/#breadcrumb","itemListElement":[{"@type":"ListItem","position":1,"name":"Accueil","item":"https:\/\/www.ubishops.ca\/fr\/"},{"@type":"ListItem","position":2,"name":"Avis de non-responsabilit\u00e9"}]},{"@type":"WebSite","@id":"https:\/\/www.ubishops.ca\/#website","url":"https:\/\/www.ubishops.ca\/","name":"Bishop&#039;s University","description":"","potentialAction":[{"@type":"SearchAction","target":{"@type":"EntryPoint","urlTemplate":"https:\/\/www.ubishops.ca\/?s={search_term_string}"},"query-input":{"@type":"PropertyValueSpecification","valueRequired":true,"valueName":"search_term_string"}}],"inLanguage":"fr-FR"}]}},"taxonomy_info":[],"featured_image_src_large":false,"author_info":{"display_name":"Julie Fradette","author_link":"https:\/\/www.ubishops.ca\/fr\/author\/jfradett\/"},"comment_info":0,"publishpress_future_action":{"enabled":false,"date":"2026-04-15 11:18:35","action":"change-status","newStatus":"draft","terms":[],"taxonomy":"translation_priority","extraData":[]},"publishpress_future_workflow_manual_trigger":{"enabledWorkflows":[]},"_links":{"self":[{"href":"https:\/\/www.ubishops.ca\/fr\/wp-json\/wp\/v2\/pages\/10997","targetHints":{"allow":["GET"]}}],"collection":[{"href":"https:\/\/www.ubishops.ca\/fr\/wp-json\/wp\/v2\/pages"}],"about":[{"href":"https:\/\/www.ubishops.ca\/fr\/wp-json\/wp\/v2\/types\/page"}],"author":[{"embeddable":true,"href":"https:\/\/www.ubishops.ca\/fr\/wp-json\/wp\/v2\/users\/49"}],"replies":[{"embeddable":true,"href":"https:\/\/www.ubishops.ca\/fr\/wp-json\/wp\/v2\/comments?post=10997"}],"version-history":[{"count":1,"href":"https:\/\/www.ubishops.ca\/fr\/wp-json\/wp\/v2\/pages\/10997\/revisions"}],"predecessor-version":[{"id":121323,"href":"https:\/\/www.ubishops.ca\/fr\/wp-json\/wp\/v2\/pages\/10997\/revisions\/121323"}],"wp:attachment":[{"href":"https:\/\/www.ubishops.ca\/fr\/wp-json\/wp\/v2\/media?parent=10997"}],"curies":[{"name":"wp","href":"https:\/\/api.w.org\/{rel}","templated":true}]}}