{"id":10994,"date":"2016-05-11T14:30:16","date_gmt":"2016-05-11T18:30:16","guid":{"rendered":"https:\/\/wwwnew.ubishops.ca\/fr\/?page_id=10994"},"modified":"2025-09-15T15:38:44","modified_gmt":"2025-09-15T19:38:44","slug":"nous-joindre","status":"publish","type":"page","link":"https:\/\/www.ubishops.ca\/fr\/nous-joindre\/","title":{"rendered":"Nous joindre"},"content":{"rendered":"<style>.wp-block-kadence-advancedheading.kt-adv-heading10994_794d00-d3, .wp-block-kadence-advancedheading.kt-adv-heading10994_794d00-d3[data-kb-block=\"kb-adv-heading10994_794d00-d3\"]{font-style:normal;}.wp-block-kadence-advancedheading.kt-adv-heading10994_794d00-d3 mark.kt-highlight, .wp-block-kadence-advancedheading.kt-adv-heading10994_794d00-d3[data-kb-block=\"kb-adv-heading10994_794d00-d3\"] mark.kt-highlight{font-style:normal;color:#f76a0c;-webkit-box-decoration-break:clone;box-decoration-break:clone;padding-top:0px;padding-right:0px;padding-bottom:0px;padding-left:0px;}.wp-block-kadence-advancedheading.kt-adv-heading10994_794d00-d3 img.kb-inline-image, .wp-block-kadence-advancedheading.kt-adv-heading10994_794d00-d3[data-kb-block=\"kb-adv-heading10994_794d00-d3\"] img.kb-inline-image{width:150px;vertical-align:baseline;}<\/style>\n<h2 class=\"kt-adv-heading10994_794d00-d3 wp-block-kadence-advancedheading\" data-kb-block=\"kb-adv-heading10994_794d00-d3\">Universit\u00e9 Bishop\u2019s<\/h2>\n\n\n<style>.wp-block-kadence-advancedheading.kt-adv-heading10994_ff0708-cc, .wp-block-kadence-advancedheading.kt-adv-heading10994_ff0708-cc[data-kb-block=\"kb-adv-heading10994_ff0708-cc\"]{font-style:normal;}.wp-block-kadence-advancedheading.kt-adv-heading10994_ff0708-cc[data-kb-block=\"kb-adv-heading10994_ff0708-cc\"]{display:flex;gap:0.25em;align-items:center;}.wp-block-kadence-advancedheading.kt-adv-heading10994_ff0708-cc[data-kb-block=\"kb-adv-heading10994_ff0708-cc\"] .kb-adv-heading-icon svg{width:1em;height:1em;}.wp-block-kadence-advancedheading.kt-adv-heading10994_ff0708-cc[data-kb-block=\"kb-adv-heading10994_ff0708-cc\"] .kb-adv-heading-icon{color:#582c83;font-size:27px;padding-right:var(--global-kb-spacing-xxs, 0.5rem);}.wp-block-kadence-advancedheading.kt-adv-heading10994_ff0708-cc mark.kt-highlight, .wp-block-kadence-advancedheading.kt-adv-heading10994_ff0708-cc[data-kb-block=\"kb-adv-heading10994_ff0708-cc\"] mark.kt-highlight{font-style:normal;color:#f76a0c;-webkit-box-decoration-break:clone;box-decoration-break:clone;padding-top:0px;padding-right:0px;padding-bottom:0px;padding-left:0px;}.wp-block-kadence-advancedheading.kt-adv-heading10994_ff0708-cc img.kb-inline-image, .wp-block-kadence-advancedheading.kt-adv-heading10994_ff0708-cc[data-kb-block=\"kb-adv-heading10994_ff0708-cc\"] img.kb-inline-image{width:150px;vertical-align:baseline;}<\/style><p class=\"kt-adv-heading10994_ff0708-cc wp-block-kadence-advancedheading kt-adv-heading-has-icon\" data-kb-block=\"kb-adv-heading10994_ff0708-cc\"><span class=\"kb-svg-icon-wrap kb-adv-heading-icon kb-svg-icon-fas_map-marker-alt kb-adv-heading-icon-side-left\"><svg viewBox=\"0 0 384 512\"  fill=\"currentColor\" xmlns=\"http:\/\/www.w3.org\/2000\/svg\"  aria-hidden=\"true\"><path d=\"M172.268 501.67C26.97 291.031 0 269.413 0 192 0 85.961 85.961 0 192 0s192 85.961 192 192c0 77.413-26.97 99.031-172.268 309.67-9.535 13.774-29.93 13.773-39.464 0zM192 272c44.183 0 80-35.817 80-80s-35.817-80-80-80-80 35.817-80 80 35.817 80 80 80z\"\/><\/svg><\/span><span class=\"kb-adv-text-inner\"><a href=\"https:\/\/maps.app.goo.gl\/Mn2AL1gM3G3f83a29\">2600 rue Coll\u00e8ge, Sherbrooke, QC, Canada J1M 1Z7<\/a><\/span><\/p>\n\n<style>.wp-block-kadence-advancedheading.kt-adv-heading10994_1e2b7c-2f, .wp-block-kadence-advancedheading.kt-adv-heading10994_1e2b7c-2f[data-kb-block=\"kb-adv-heading10994_1e2b7c-2f\"]{font-style:normal;}.wp-block-kadence-advancedheading.kt-adv-heading10994_1e2b7c-2f[data-kb-block=\"kb-adv-heading10994_1e2b7c-2f\"]{display:flex;gap:0.25em;align-items:center;}.wp-block-kadence-advancedheading.kt-adv-heading10994_1e2b7c-2f[data-kb-block=\"kb-adv-heading10994_1e2b7c-2f\"] .kb-adv-heading-icon svg{width:1em;height:1em;}.wp-block-kadence-advancedheading.kt-adv-heading10994_1e2b7c-2f[data-kb-block=\"kb-adv-heading10994_1e2b7c-2f\"] .kb-adv-heading-icon{color:#582c83;font-size:27px;padding-right:var(--global-kb-spacing-xxs, 0.5rem);}.wp-block-kadence-advancedheading.kt-adv-heading10994_1e2b7c-2f mark.kt-highlight, .wp-block-kadence-advancedheading.kt-adv-heading10994_1e2b7c-2f[data-kb-block=\"kb-adv-heading10994_1e2b7c-2f\"] mark.kt-highlight{font-style:normal;color:#f76a0c;-webkit-box-decoration-break:clone;box-decoration-break:clone;padding-top:0px;padding-right:0px;padding-bottom:0px;padding-left:0px;}.wp-block-kadence-advancedheading.kt-adv-heading10994_1e2b7c-2f img.kb-inline-image, .wp-block-kadence-advancedheading.kt-adv-heading10994_1e2b7c-2f[data-kb-block=\"kb-adv-heading10994_1e2b7c-2f\"] img.kb-inline-image{width:150px;vertical-align:baseline;}<\/style><p class=\"kt-adv-heading10994_1e2b7c-2f wp-block-kadence-advancedheading kt-adv-heading-has-icon\" data-kb-block=\"kb-adv-heading10994_1e2b7c-2f\"><span class=\"kb-svg-icon-wrap kb-adv-heading-icon kb-svg-icon-fas_phone kb-adv-heading-icon-side-left\"><svg viewBox=\"0 0 512 512\"  fill=\"currentColor\" xmlns=\"http:\/\/www.w3.org\/2000\/svg\"  aria-hidden=\"true\"><path d=\"M493.4 24.6l-104-24c-11.3-2.6-22.9 3.3-27.5 13.9l-48 112c-4.2 9.8-1.4 21.3 6.9 28l60.6 49.6c-36 76.7-98.9 140.5-177.2 177.2l-49.6-60.6c-6.8-8.3-18.2-11.1-28-6.9l-112 48C3.9 366.5-2 378.1.6 389.4l24 104C27.1 504.2 36.7 512 48 512c256.1 0 464-207.5 464-464 0-11.2-7.7-20.9-18.6-23.4z\"\/><\/svg><\/span><span class=\"kb-adv-text-inner\">T\u00e9l\u00e9phone : 819 822-9600<br>Sans frais : 1 800 567-2792<\/span><\/p>\n\n<style>.wp-block-kadence-advancedheading.kt-adv-heading10994_155cf5-43, .wp-block-kadence-advancedheading.kt-adv-heading10994_155cf5-43[data-kb-block=\"kb-adv-heading10994_155cf5-43\"]{font-style:normal;}.wp-block-kadence-advancedheading.kt-adv-heading10994_155cf5-43[data-kb-block=\"kb-adv-heading10994_155cf5-43\"]{display:flex;gap:0.25em;align-items:center;}.wp-block-kadence-advancedheading.kt-adv-heading10994_155cf5-43[data-kb-block=\"kb-adv-heading10994_155cf5-43\"] .kb-adv-heading-icon svg{width:1em;height:1em;}.wp-block-kadence-advancedheading.kt-adv-heading10994_155cf5-43[data-kb-block=\"kb-adv-heading10994_155cf5-43\"] .kb-adv-heading-icon{color:#582c83;font-size:27px;padding-right:var(--global-kb-spacing-xxs, 0.5rem);}.wp-block-kadence-advancedheading.kt-adv-heading10994_155cf5-43 mark.kt-highlight, .wp-block-kadence-advancedheading.kt-adv-heading10994_155cf5-43[data-kb-block=\"kb-adv-heading10994_155cf5-43\"] mark.kt-highlight{font-style:normal;color:#f76a0c;-webkit-box-decoration-break:clone;box-decoration-break:clone;padding-top:0px;padding-right:0px;padding-bottom:0px;padding-left:0px;}.wp-block-kadence-advancedheading.kt-adv-heading10994_155cf5-43 img.kb-inline-image, .wp-block-kadence-advancedheading.kt-adv-heading10994_155cf5-43[data-kb-block=\"kb-adv-heading10994_155cf5-43\"] img.kb-inline-image{width:150px;vertical-align:baseline;}<\/style><p class=\"kt-adv-heading10994_155cf5-43 wp-block-kadence-advancedheading kt-adv-heading-has-icon\" data-kb-block=\"kb-adv-heading10994_155cf5-43\"><span class=\"kb-svg-icon-wrap kb-adv-heading-icon kb-svg-icon-fas_clipboard-list kb-adv-heading-icon-side-left\"><svg viewBox=\"0 0 384 512\"  fill=\"currentColor\" xmlns=\"http:\/\/www.w3.org\/2000\/svg\"  aria-hidden=\"true\"><path d=\"M336 64h-80c0-35.3-28.7-64-64-64s-64 28.7-64 64H48C21.5 64 0 85.5 0 112v352c0 26.5 21.5 48 48 48h288c26.5 0 48-21.5 48-48V112c0-26.5-21.5-48-48-48zM96 424c-13.3 0-24-10.7-24-24s10.7-24 24-24 24 10.7 24 24-10.7 24-24 24zm0-96c-13.3 0-24-10.7-24-24s10.7-24 24-24 24 10.7 24 24-10.7 24-24 24zm0-96c-13.3 0-24-10.7-24-24s10.7-24 24-24 24 10.7 24 24-10.7 24-24 24zm96-192c13.3 0 24 10.7 24 24s-10.7 24-24 24-24-10.7-24-24 10.7-24 24-24zm128 368c0 4.4-3.6 8-8 8H168c-4.4 0-8-3.6-8-8v-16c0-4.4 3.6-8 8-8h144c4.4 0 8 3.6 8 8v16zm0-96c0 4.4-3.6 8-8 8H168c-4.4 0-8-3.6-8-8v-16c0-4.4 3.6-8 8-8h144c4.4 0 8 3.6 8 8v16zm0-96c0 4.4-3.6 8-8 8H168c-4.4 0-8-3.6-8-8v-16c0-4.4 3.6-8 8-8h144c4.4 0 8 3.6 8 8v16z\"\/><\/svg><\/span><span class=\"kb-adv-text-inner\"><a href=\"https:\/\/www.ubishops.ca\/bu-directory\/\">R\u00e9pertoire de Bishop\u2019s<\/a><\/span><\/p>\n\n<style>.wp-block-kadence-advancedheading.kt-adv-heading10994_06138d-5a, .wp-block-kadence-advancedheading.kt-adv-heading10994_06138d-5a[data-kb-block=\"kb-adv-heading10994_06138d-5a\"]{font-style:normal;}.wp-block-kadence-advancedheading.kt-adv-heading10994_06138d-5a[data-kb-block=\"kb-adv-heading10994_06138d-5a\"]{display:flex;gap:0.25em;align-items:start;}.wp-block-kadence-advancedheading.kt-adv-heading10994_06138d-5a[data-kb-block=\"kb-adv-heading10994_06138d-5a\"] .kb-adv-heading-icon svg{width:1em;height:1em;}.wp-block-kadence-advancedheading.kt-adv-heading10994_06138d-5a[data-kb-block=\"kb-adv-heading10994_06138d-5a\"] .kb-adv-heading-icon{color:#582c83;font-size:27px;padding-right:var(--global-kb-spacing-xxs, 0.5rem);}.wp-block-kadence-advancedheading.kt-adv-heading10994_06138d-5a mark.kt-highlight, .wp-block-kadence-advancedheading.kt-adv-heading10994_06138d-5a[data-kb-block=\"kb-adv-heading10994_06138d-5a\"] mark.kt-highlight{font-style:normal;color:#f76a0c;-webkit-box-decoration-break:clone;box-decoration-break:clone;padding-top:0px;padding-right:0px;padding-bottom:0px;padding-left:0px;}.wp-block-kadence-advancedheading.kt-adv-heading10994_06138d-5a img.kb-inline-image, .wp-block-kadence-advancedheading.kt-adv-heading10994_06138d-5a[data-kb-block=\"kb-adv-heading10994_06138d-5a\"] img.kb-inline-image{width:150px;vertical-align:baseline;}<\/style><p class=\"kt-adv-heading10994_06138d-5a wp-block-kadence-advancedheading kt-adv-heading-has-icon\" data-kb-block=\"kb-adv-heading10994_06138d-5a\"><span class=\"kb-svg-icon-wrap kb-adv-heading-icon kb-svg-icon-fas_ambulance kb-adv-heading-icon-side-left\"><svg viewBox=\"0 0 640 512\"  fill=\"currentColor\" xmlns=\"http:\/\/www.w3.org\/2000\/svg\"  aria-hidden=\"true\"><path d=\"M624 352h-16V243.9c0-12.7-5.1-24.9-14.1-33.9L494 110.1c-9-9-21.2-14.1-33.9-14.1H416V48c0-26.5-21.5-48-48-48H48C21.5 0 0 21.5 0 48v320c0 26.5 21.5 48 48 48h16c0 53 43 96 96 96s96-43 96-96h128c0 53 43 96 96 96s96-43 96-96h48c8.8 0 16-7.2 16-16v-32c0-8.8-7.2-16-16-16zM160 464c-26.5 0-48-21.5-48-48s21.5-48 48-48 48 21.5 48 48-21.5 48-48 48zm144-248c0 4.4-3.6 8-8 8h-56v56c0 4.4-3.6 8-8 8h-48c-4.4 0-8-3.6-8-8v-56h-56c-4.4 0-8-3.6-8-8v-48c0-4.4 3.6-8 8-8h56v-56c0-4.4 3.6-8 8-8h48c4.4 0 8 3.6 8 8v56h56c4.4 0 8 3.6 8 8v48zm176 248c-26.5 0-48-21.5-48-48s21.5-48 48-48 48 21.5 48 48-21.5 48-48 48zm80-208H416V144h44.1l99.9 99.9V256z\"\/><\/svg><\/span><span class=\"kb-adv-text-inner\">Service de la S\u00e9curit\u00e9 :<br><a href=\"&#109;&#x61;&#105;&#x6c;&#116;&#x6f;&#58;&#x73;&#101;&#x63;&#117;&#x72;&#105;&#x74;&#121;&#x40;&#117;&#x62;&#105;&#x73;&#104;&#x6f;&#112;&#x73;&#46;&#x63;a\">s&#101;&#99;&#x75;&#x72;it&#121;&#64;&#x75;&#x62;is&#104;&#111;&#x70;&#x73;&#46;c&#97;<\/a><br>819 822-9711 (ou poste 711 depuis n\u2019importe quel t\u00e9l\u00e9phone sur le campus)<\/span><\/p>\n\n\n<h2 class=\"wp-block-heading\">Key Departments:<\/h2>\n\n\n\n<p><strong><a href=\"https:\/\/www.ubishops.ca\/future-students\/contact-recruitment\/\"><strong class=\"\">Bureau de recrutement des \u00e9tudiants<\/strong><\/a><\/strong><br><a href=\"&#x6d;&#97;i&#x6c;&#116;&#111;&#x3a;&#x72;&#101;c&#x72;&#117;i&#x74;&#x6d;&#101;n&#x74;&#64;u&#x62;&#x69;&#115;h&#x6f;&#112;s&#x2e;&#x63;&#97;\">&#x72;&#x65;&#x63;&#114;&#117;it&#x6d;&#x65;&#x6e;&#116;&#64;ub&#x69;&#x73;&#x68;&#111;&#112;s&#46;&#x63;&#x61;<\/a><br>819 822-9600 poste 2681<\/p>\n\n\n\n<p><strong><strong class=\"\">Bureau d\u2019admission<\/strong><\/strong><br><a href=\"&#x6d;&#x61;&#x69;&#108;&#116;o:&#x61;&#x64;&#x6d;&#x69;&#115;&#115;io&#x6e;&#x73;&#x40;&#117;&#98;&#105;sh&#x6f;&#x70;&#x73;&#46;&#99;a\">&#x61;&#x64;&#x6d;&#x69;&#x73;&#x73;&#105;&#111;&#110;&#115;&#64;ubi&#x73;&#x68;&#x6f;&#x70;&#x73;&#x2e;&#99;&#97;<\/a><br>819 822-9600 poste 2680<\/p>\n\n\n\n<p><a href=\"https:\/\/www.ubishops.ca\/bishops-international\/\"><strong>Bishop&rsquo;s International<\/strong><\/a><br><a href=\"mail&#116;&#111;&#58;&#105;&#110;&#x74;&#x65;&#x72;&#x6e;&#x61;&#x74;&#x69;onal&#64;&#117;&#98;&#105;&#115;&#x68;&#x6f;&#x70;&#x73;&#x2e;&#x63;&#x61;\">&#x69;&#x6e;&#116;er&#x6e;&#x61;&#116;&#105;o&#x6e;&#x61;&#108;&#64;u&#x62;&#x69;&#x73;&#104;op&#x73;&#x2e;&#99;&#97;<\/a><\/p>\n\n\n\n<p><a href=\"https:\/\/support.ubishops.ca\/\"><strong>Services TI<\/strong><\/a><br>819 822-9600 poste 2273<\/p>\n\n\n\n<p><strong><a href=\"https:\/\/www.ubishops.ca\/library\/\"><a href=\"https:\/\/www.ubishops.ca\/library\/\">Biblioth\u00e8que et Carrefour des ressources d\u2019apprentissage<\/a><\/a><\/strong><br>Renseignements g\u00e9n\u00e9raux (accueil &#8211; circulation) :<br><a href=\"mai&#108;&#116;&#111;&#58;&#x63;&#x69;&#x72;&#x63;&#x75;&#x6c;&#x61;tio&#110;&#64;&#117;&#98;&#105;&#x73;&#x68;&#x6f;&#x70;&#x73;&#x2e;ca\">&#x63;i&#x72;c&#x75;&#108;&#x61;&#116;i&#x6f;n&#x40;&#117;&#x62;&#105;&#x73;&#104;o&#x70;s&#x2e;&#99;&#x61;<\/a><br>819 822-9600 poste 2605<\/p>\n\n\n\n<p><strong><a href=\"https:\/\/gaiters.ca\/\">Centre r\u00e9cr\u00e9atif et sportif John H. Price<\/a><\/strong><br>Renseignements g\u00e9n\u00e9raux :<br><a href=\"m&#97;&#105;&#x6c;&#x74;&#x6f;:&#114;&#101;&#x63;&#x72;&#x65;at&#105;&#x6f;&#x6e;&#x40;ub&#105;&#115;&#x68;&#x6f;&#x70;s&#46;&#99;&#x61;\">&#x72;e&#x63;&#114;e&#x61;&#116;&#x69;&#111;n&#x40;&#117;&#x62;&#105;s&#x68;&#111;&#x70;&#x73;&#46;&#x63;&#97;<\/a><br>819 822-9600 poste 2669<\/p>\n\n\n\n<p>Pour obtenir d\u2019autres coordonn\u00e9es, consultez <a href=\"https:\/\/www.ubishops.ca\/bu-directory\/\">le\u00a0r\u00e9pertoire de Bishop\u2019s<\/a>.<\/p>\n\n\n\n<h2 class=\"wp-block-heading\">Requ\u00eates M\u00e9dia :<\/h2>\n\n\n\n<p>Pour toute demande de renseignement concernant les m\u00e9dias ou la publicit\u00e9, communiquez avec le\u00a0<a href=\"https:\/\/www.ubishops.ca\/communications-office\/\"><strong>bureau des Communications<\/strong><\/a>.<br><strong>Sonia Patenaude, gestionnaire des communications<\/strong><br><a href=\"&#109;a&#x69;l&#x74;o&#x3a;s&#x6f;&#110;&#x69;&#97;&#x2e;&#112;&#x61;&#116;e&#110;a&#x75;d&#x65;&#64;&#x75;&#98;&#x69;&#115;&#x68;&#111;&#x70;&#115;&#x2e;&#99;a\">&#115;&#x6f;n&#105;&#x61;&#46;&#x70;a&#116;&#x65;n&#x61;&#x75;&#100;&#x65;&#64;&#117;&#x62;i&#x73;&#x68;&#111;&#x70;s&#46;&#x63;&#97;<\/a><br>819 822-9600 poste 2617<\/p>\n\n\n\n<h2 class=\"wp-block-heading\">Google Map :<\/h2>\n\n\n<style>.kb-google-maps-container10994_19569f-ee{height:550px;margin-bottom:var(--global-kb-spacing-md, 2rem);}<\/style><div class=\"kb-google-maps-container kb-google-maps-container10994_19569f-ee  wp-block-kadence-googlemaps\" data-mapid=\"10994_19569fee\"><iframe width=\"100%\" height=\"100%\"\n\t\t\t\t\t\t\tstyle=\"border:0\" loading=\"lazy\"\n\t\t\t\t\t\t\tsrc=\"https:\/\/www.google.com\/maps\/embed\/v1\/place?key=AIzaSyBAM2o7PiQqwk15LC1XRH2e_KJ-jUa7KYk&#038;zoom=16&#038;maptype=roadmap&#038;q=Bishop%27s+University\"\n\t\t\t\t\t\t\ttitle=\"Carte Google de Bishop&#039;s University\"><\/iframe><\/div><script>function kb_google_map10994_19569fee() { let center = { lat: 37.8201, lng: -122.4781}; let map = new google.maps.Map(document.getElementById(\"kb-google-map10994_19569fee\"), {\n\t\t\t\t\t    zoom: 16,\n\t\t\t\t\t    center: center,});let marker = new google.maps.Marker({   position: { lat: 37.8201, lng: -122.4781},    map: map,  });}<\/script>\n\n\n<p><a href=\"https:\/\/www.ubishops.ca\/contact-us\/directions-and-maps\/\">Directives et cartes<\/a> <\/p>\n","protected":false},"excerpt":{"rendered":"<p>Universit\u00e9 Bishop\u2019s 2600 rue Coll\u00e8ge, Sherbrooke, QC, Canada J1M 1Z7 T\u00e9l\u00e9phone : 819 822-9600Sans frais : 1 800 567-2792 R\u00e9pertoire de Bishop\u2019s Service de la S\u00e9curit\u00e9 :&#x73;&#101;&#x63;&#x75;&#114;&#x69;&#x74;&#121;&#x40;&#x75;&#98;&#x69;&#x73;h&#x6f;&#x70;s&#x2e;&#99;a819 822-9711 (ou poste 711 depuis n\u2019importe quel t\u00e9l\u00e9phone sur le campus) Key Departments: Bureau de recrutement des \u00e9tudiants&#x72;&#x65;&#x63;&#x72;&#x75;&#x69;&#116;&#109;&#101;&#110;t&#64;ub&#x69;&#x73;&#x68;&#x6f;&#x70;&#x73;&#46;&#99;&#97;819 822-9600 poste 2681 Bureau d\u2019admission&#97;&#x64;&#109;&#x69;&#115;&#x73;&#105;&#x6f;n&#x73;&#64;&#x75;b&#x69;s&#104;&#x6f;&#112;&#x73;&#46;&#x63;&#97;819 822-9600 poste 2680 Bishop&rsquo;s International&#x69;&#x6e;&#x74;&#x65;&#x72;&#x6e;&#x61;&#x74;&#x69;&#x6f;&#x6e;&#x61;&#x6c;&#x40;&#117;&#98;&#105;&#115;&#104;&#111;&#112;&#115;&#46;&#99;&#97;&#8230;<\/p>\n","protected":false},"author":49,"featured_media":0,"parent":0,"menu_order":488,"comment_status":"closed","ping_status":"closed","template":"","meta":{"_acf_changed":false,"_cbd_carousel_blocks":"[]","_kad_blocks_custom_css":"","_kad_blocks_head_custom_js":"","_kad_blocks_body_custom_js":"","_kad_blocks_footer_custom_js":"","_kad_post_transparent":"","_kad_post_title":"","_kad_post_layout":"","_kad_post_sidebar_id":"","_kad_post_content_style":"","_kad_post_vertical_padding":"","_kad_post_feature":"","_kad_post_feature_position":"","_kad_post_header":false,"_kad_post_footer":false,"_kad_post_classname":"","footnotes":""},"class_list":["post-10994","page","type-page","status-publish","hentry"],"acf":[],"yoast_head":"<!-- This site is optimized with the Yoast SEO plugin v27.4 - https:\/\/yoast.com\/product\/yoast-seo-wordpress\/ -->\n<title>Nous joindre - Bishop&#039;s University<\/title>\n<meta name=\"robots\" content=\"index, follow, max-snippet:-1, max-image-preview:large, max-video-preview:-1\" \/>\n<link rel=\"canonical\" href=\"https:\/\/www.ubishops.ca\/fr\/nous-joindre\/\" \/>\n<meta property=\"og:locale\" content=\"fr_FR\" \/>\n<meta property=\"og:type\" content=\"article\" \/>\n<meta property=\"og:title\" content=\"Nous joindre - Bishop&#039;s University\" \/>\n<meta property=\"og:description\" content=\"Universit\u00e9 Bishop\u2019s 2600 rue Coll\u00e8ge, Sherbrooke, QC, Canada J1M 1Z7 T\u00e9l\u00e9phone : 819 822-9600Sans frais : 1 800 567-2792 R\u00e9pertoire de Bishop\u2019s Service de la S\u00e9curit\u00e9 :&#x73;&#101;c&#x75;&#114;i&#x74;&#121;&#064;&#x75;&#098;i&#x73;&#104;o&#x70;&#115;&#046;&#x63;&#097;819 822-9711 (ou poste 711 depuis n\u2019importe quel t\u00e9l\u00e9phone sur le campus) Key Departments: Bureau de recrutement des \u00e9tudiantsre&#099;&#114;&#x75;&#x69;&#x74;&#x6d;en&#116;&#064;&#x75;&#x62;&#x69;&#x73;ho&#112;&#115;&#046;&#x63;&#x61;819 822-9600 poste 2681 Bureau d\u2019admission&#x61;&#x64;&#x6d;&#x69;&#115;&#115;&#105;on&#x73;&#x40;&#x75;&#x62;&#x69;&#115;&#104;&#111;ps&#x2e;&#x63;&#x61;819 822-9600 poste 2680 Bishop&rsquo;s International&#x69;&#110;&#116;e&#x72;&#x6e;&#097;t&#x69;&#x6f;&#110;a&#x6c;&#x40;&#117;b&#x69;&#x73;&#104;o&#x70;&#x73;&#046;c&#x61;...\" \/>\n<meta property=\"og:url\" content=\"https:\/\/www.ubishops.ca\/fr\/nous-joindre\/\" \/>\n<meta property=\"og:site_name\" content=\"Bishop&#039;s University\" \/>\n<meta property=\"article:publisher\" content=\"https:\/\/www.facebook.com\/ubishops\" \/>\n<meta property=\"article:modified_time\" content=\"2025-09-15T19:38:44+00:00\" \/>\n<meta name=\"twitter:card\" content=\"summary_large_image\" \/>\n<meta name=\"twitter:site\" content=\"@ubishops\" \/>\n<meta name=\"twitter:label1\" content=\"Dur\u00e9e de lecture estim\u00e9e\" \/>\n\t<meta name=\"twitter:data1\" content=\"1 minute\" \/>\n<script type=\"application\/ld+json\" class=\"yoast-schema-graph\">{\"@context\":\"https:\\\/\\\/schema.org\",\"@graph\":[{\"@type\":\"WebPage\",\"@id\":\"https:\\\/\\\/www.ubishops.ca\\\/fr\\\/nous-joindre\\\/\",\"url\":\"https:\\\/\\\/www.ubishops.ca\\\/fr\\\/nous-joindre\\\/\",\"name\":\"Nous joindre - Bishop&#039;s University\",\"isPartOf\":{\"@id\":\"https:\\\/\\\/www.ubishops.ca\\\/#website\"},\"datePublished\":\"2016-05-11T18:30:16+00:00\",\"dateModified\":\"2025-09-15T19:38:44+00:00\",\"breadcrumb\":{\"@id\":\"https:\\\/\\\/www.ubishops.ca\\\/fr\\\/nous-joindre\\\/#breadcrumb\"},\"inLanguage\":\"fr-FR\",\"potentialAction\":[{\"@type\":\"ReadAction\",\"target\":[\"https:\\\/\\\/www.ubishops.ca\\\/fr\\\/nous-joindre\\\/\"]}]},{\"@type\":\"BreadcrumbList\",\"@id\":\"https:\\\/\\\/www.ubishops.ca\\\/fr\\\/nous-joindre\\\/#breadcrumb\",\"itemListElement\":[{\"@type\":\"ListItem\",\"position\":1,\"name\":\"Accueil\",\"item\":\"https:\\\/\\\/www.ubishops.ca\\\/fr\\\/\"},{\"@type\":\"ListItem\",\"position\":2,\"name\":\"Nous joindre\"}]},{\"@type\":\"WebSite\",\"@id\":\"https:\\\/\\\/www.ubishops.ca\\\/#website\",\"url\":\"https:\\\/\\\/www.ubishops.ca\\\/\",\"name\":\"Bishop&#039;s University\",\"description\":\"\",\"potentialAction\":[{\"@type\":\"SearchAction\",\"target\":{\"@type\":\"EntryPoint\",\"urlTemplate\":\"https:\\\/\\\/www.ubishops.ca\\\/?s={search_term_string}\"},\"query-input\":{\"@type\":\"PropertyValueSpecification\",\"valueRequired\":true,\"valueName\":\"search_term_string\"}}],\"inLanguage\":\"fr-FR\"}]}<\/script>\n<!-- \/ Yoast SEO plugin. -->","yoast_head_json":{"title":"Nous joindre - Bishop&#039;s University","robots":{"index":"index","follow":"follow","max-snippet":"max-snippet:-1","max-image-preview":"max-image-preview:large","max-video-preview":"max-video-preview:-1"},"canonical":"https:\/\/www.ubishops.ca\/fr\/nous-joindre\/","og_locale":"fr_FR","og_type":"article","og_title":"Nous joindre - Bishop&#039;s University","og_description":"Universit\u00e9 Bishop\u2019s 2600 rue Coll\u00e8ge, Sherbrooke, QC, Canada J1M 1Z7 T\u00e9l\u00e9phone : 819 822-9600Sans frais : 1 800 567-2792 R\u00e9pertoire de Bishop\u2019s Service de la S\u00e9curit\u00e9 :&#x73;&#101;c&#x75;&#114;i&#x74;&#121;&#64;&#x75;&#98;i&#x73;&#104;o&#x70;&#115;&#46;&#x63;&#97;819 822-9711 (ou poste 711 depuis n\u2019importe quel t\u00e9l\u00e9phone sur le campus) Key Departments: Bureau de recrutement des \u00e9tudiantsre&#99;&#114;&#x75;&#x69;&#x74;&#x6d;en&#116;&#64;&#x75;&#x62;&#x69;&#x73;ho&#112;&#115;&#46;&#x63;&#x61;819 822-9600 poste 2681 Bureau d\u2019admission&#x61;&#x64;&#x6d;&#x69;&#115;&#115;&#105;on&#x73;&#x40;&#x75;&#x62;&#x69;&#115;&#104;&#111;ps&#x2e;&#x63;&#x61;819 822-9600 poste 2680 Bishop&rsquo;s International&#x69;&#110;&#116;e&#x72;&#x6e;&#97;t&#x69;&#x6f;&#110;a&#x6c;&#x40;&#117;b&#x69;&#x73;&#104;o&#x70;&#x73;&#46;c&#x61;...","og_url":"https:\/\/www.ubishops.ca\/fr\/nous-joindre\/","og_site_name":"Bishop&#039;s University","article_publisher":"https:\/\/www.facebook.com\/ubishops","article_modified_time":"2025-09-15T19:38:44+00:00","twitter_card":"summary_large_image","twitter_site":"@ubishops","twitter_misc":{"Dur\u00e9e de lecture estim\u00e9e":"1 minute"},"schema":{"@context":"https:\/\/schema.org","@graph":[{"@type":"WebPage","@id":"https:\/\/www.ubishops.ca\/fr\/nous-joindre\/","url":"https:\/\/www.ubishops.ca\/fr\/nous-joindre\/","name":"Nous joindre - Bishop&#039;s University","isPartOf":{"@id":"https:\/\/www.ubishops.ca\/#website"},"datePublished":"2016-05-11T18:30:16+00:00","dateModified":"2025-09-15T19:38:44+00:00","breadcrumb":{"@id":"https:\/\/www.ubishops.ca\/fr\/nous-joindre\/#breadcrumb"},"inLanguage":"fr-FR","potentialAction":[{"@type":"ReadAction","target":["https:\/\/www.ubishops.ca\/fr\/nous-joindre\/"]}]},{"@type":"BreadcrumbList","@id":"https:\/\/www.ubishops.ca\/fr\/nous-joindre\/#breadcrumb","itemListElement":[{"@type":"ListItem","position":1,"name":"Accueil","item":"https:\/\/www.ubishops.ca\/fr\/"},{"@type":"ListItem","position":2,"name":"Nous joindre"}]},{"@type":"WebSite","@id":"https:\/\/www.ubishops.ca\/#website","url":"https:\/\/www.ubishops.ca\/","name":"Bishop&#039;s University","description":"","potentialAction":[{"@type":"SearchAction","target":{"@type":"EntryPoint","urlTemplate":"https:\/\/www.ubishops.ca\/?s={search_term_string}"},"query-input":{"@type":"PropertyValueSpecification","valueRequired":true,"valueName":"search_term_string"}}],"inLanguage":"fr-FR"}]}},"taxonomy_info":[],"featured_image_src_large":false,"author_info":{"display_name":"Julie Fradette","author_link":"https:\/\/www.ubishops.ca\/fr\/author\/jfradett\/"},"comment_info":0,"publishpress_future_action":{"enabled":false,"date":"2026-05-05 15:01:53","action":"change-status","newStatus":"draft","terms":[],"taxonomy":"translation_priority","extraData":[]},"publishpress_future_workflow_manual_trigger":{"enabledWorkflows":[]},"_links":{"self":[{"href":"https:\/\/www.ubishops.ca\/fr\/wp-json\/wp\/v2\/pages\/10994","targetHints":{"allow":["GET"]}}],"collection":[{"href":"https:\/\/www.ubishops.ca\/fr\/wp-json\/wp\/v2\/pages"}],"about":[{"href":"https:\/\/www.ubishops.ca\/fr\/wp-json\/wp\/v2\/types\/page"}],"author":[{"embeddable":true,"href":"https:\/\/www.ubishops.ca\/fr\/wp-json\/wp\/v2\/users\/49"}],"replies":[{"embeddable":true,"href":"https:\/\/www.ubishops.ca\/fr\/wp-json\/wp\/v2\/comments?post=10994"}],"version-history":[{"count":10,"href":"https:\/\/www.ubishops.ca\/fr\/wp-json\/wp\/v2\/pages\/10994\/revisions"}],"predecessor-version":[{"id":127192,"href":"https:\/\/www.ubishops.ca\/fr\/wp-json\/wp\/v2\/pages\/10994\/revisions\/127192"}],"wp:attachment":[{"href":"https:\/\/www.ubishops.ca\/fr\/wp-json\/wp\/v2\/media?parent=10994"}],"curies":[{"name":"wp","href":"https:\/\/api.w.org\/{rel}","templated":true}]}}