{"id":108970,"date":"2024-02-26T16:18:01","date_gmt":"2024-02-26T21:18:01","guid":{"rendered":"https:\/\/www.ubishops.ca\/?page_id=108970"},"modified":"2025-07-25T13:40:35","modified_gmt":"2025-07-25T17:40:35","slug":"eclipse-solaire","status":"publish","type":"page","link":"https:\/\/www.ubishops.ca\/fr\/programmes-d-etudes\/faculty-of-natural-sciences-and-mathematics\/eclipse-solaire\/","title":{"rendered":"\u00c9clipse solaire"},"content":{"rendered":"\n<figure class=\"wp-block-image size-large\"><img decoding=\"async\" width=\"1024\" height=\"575\" src=\"https:\/\/www.ubishops.ca\/wp-content\/uploads\/IMG_7036-1024x575.jpg\" alt=\"\" class=\"wp-image-108279\" srcset=\"https:\/\/www.ubishops.ca\/wp-content\/uploads\/IMG_7036-1024x575.jpg 1024w, https:\/\/www.ubishops.ca\/wp-content\/uploads\/IMG_7036-300x168.jpg 300w, https:\/\/www.ubishops.ca\/wp-content\/uploads\/IMG_7036-150x84.jpg 150w, https:\/\/www.ubishops.ca\/wp-content\/uploads\/IMG_7036-768x431.jpg 768w, https:\/\/www.ubishops.ca\/wp-content\/uploads\/IMG_7036-1536x863.jpg 1536w, https:\/\/www.ubishops.ca\/wp-content\/uploads\/IMG_7036.jpg 2048w\" sizes=\"(max-width: 1024px) 100vw, 1024px\" \/><\/figure>\n\n\n\n<h2 class=\"wp-block-heading has-text-align-center\">Joignez-vous \u00e0 nous sur le campus de l\u2019Universit\u00e9 Bishop\u2019s<\/h2>\n\n\n\n<p class=\"has-text-align-center\"><strong>Lundi, 8 avril 2024 \u00e0 13 h 00 &#8211; Terrain Coulter&nbsp;<\/strong><\/p>\n\n\n\n<p>Une \u00e9clipse solaire totale sera visible dans l\u2019apr\u00e8s-midi du 8 avril 2024 dans la partie sud-est du Qu\u00e9bec et l\u2019Universit\u00e9 Bishop\u2019s est situ\u00e9e directement dans la bande de totalit\u00e9!<\/p>\n\n\n\n<p>Les membres de la communaut\u00e9 de l\u2019Universit\u00e9 Bishop\u2019s se donneront rendez-vous sur le terrain Coulter pour vivre cet \u00e9v\u00e8nement ensemble. Nous invitons la communaut\u00e9 environnante \u00e0 prendre part \u00e0 une grande c\u00e9l\u00e9bration le jour de l\u2019\u00e9clipse.<\/p>\n\n\n\n<p class=\"has-text-align-left\">Une \u00e9clipse totale constitue une exp\u00e9rience hors du commun, lorsque le Soleil est compl\u00e8tement cach\u00e9 par la Lune, et n\u2019arrive g\u00e9n\u00e9ralement qu\u2019une fois dans une vie. \u00c0 preuve, la prochaine \u00e9clipse totale qui pourra \u00eatre vue dans une grande ville de la province ne surviendra\u2026 qu&rsquo;en 2106! Alors, rendez-vous sur le campus de Bishop\u2019s pour une exp\u00e9rience unique.&nbsp;<\/p>\n\n\n\n<p><strong>Joignez-vous \u00e0 nous en ligne!<\/strong><\/p>\n\n\n\n<p>Nous diffuserons \u00e0 partir du terrain Coulter le jour de l&rsquo;\u00e9clipse, et nous mettrons en vedette l&rsquo;action sur le terrain, des entrevues ainsi que des prises de vue \u00e0 partir de t\u00e9lescopes.<\/p>\n\n\n\n<div class=\"wp-block-buttons is-layout-flex wp-block-buttons-is-layout-flex\">\n<div class=\"wp-block-button is-style-fill\"><a class=\"wp-block-button__link has-purple-background-color has-background wp-element-button\" href=\"https:\/\/www.youtube.com\/watch?v=dn2QAjae4S8&amp;ab_channel=Bishop%27sUniversity\" target=\"_blank\" rel=\"noreferrer noopener\">Visionnez la diffusion bilingue de l&rsquo;Universit\u00e9 Bishop&rsquo;s (YouTube)<\/a><\/div>\n<\/div>\n\n\n\n<p>Vous souhaitez observer l&rsquo;\u00e9clipse dans sa trajectoire ? Visionnez avec des astronomes de l&rsquo;Universit\u00e9 de Toronto, de l&rsquo;Institut Dunlap et un consortium d&rsquo;universit\u00e9s situ\u00e9es sur le trajet de l&rsquo;\u00e9clipse alors que le ph\u00e9nom\u00e8ne traversera l&rsquo;Ontario, le Qu\u00e9bec ainsi que les provinces de l&rsquo;Atlantique. <\/p>\n\n\n\n<div class=\"wp-block-buttons is-layout-flex wp-block-buttons-is-layout-flex\">\n<div class=\"wp-block-button is-style-fill\"><a class=\"wp-block-button__link has-purple-background-color has-background wp-element-button\" href=\"https:\/\/www.youtube.com\/watch?v=TRx3EScfqgc&amp;ab_channel=DunlapInstitute\" target=\"_blank\" rel=\"noreferrer noopener\">Visionnez la diffusion en anglais \u00e0 partir de l&rsquo;Institut Dunlap (YouTube)<\/a><\/div>\n<\/div>\n\n\n\n<div style=\"height:30px\" aria-hidden=\"true\" class=\"wp-block-spacer\"><\/div>\n\n\n\n<h3 class=\"wp-block-heading has-text-align-center has-white-color has-vivid-red-background-color has-text-color has-background has-link-color wp-elements-7545fa49926df107a7e8e66c1e3ab292\"><strong>REGARDEZ L&rsquo;\u00c9CLIPSE EN TOUTE S\u00c9CURIT\u00c9<\/strong><\/h3>\n\n\n\n<p class=\"has-text-align-center has-white-color has-vivid-red-background-color has-text-color has-background has-link-color wp-elements-8724cd44d4bc2adef460f45e833bb4aa\"><strong>Il est toujours dangereux de regarder directement le soleil sans lunettes qui peuvent filtrer les rayons du soleil, mais il est particuli\u00e8rement dangereux de regarder une \u00e9clipse sans protection oculaire. Le seul moment o\u00f9 vous pouvez regarder l\u2019\u00e9clipse sans lunettes est pendant la totalit\u00e9, soit d&rsquo;une dur\u00e9e approxinative de 3 minutes et 30 secondes \u00e0 Shebrooke .&nbsp;<\/strong><\/p>\n\n\n\n<div style=\"height:30px\" aria-hidden=\"true\" class=\"wp-block-spacer\"><\/div>\n\n\n\n<div class=\"wp-block-columns alignwide are-vertically-aligned-top is-layout-flex wp-container-core-columns-is-layout-9d6595d7 wp-block-columns-is-layout-flex\">\n<div class=\"wp-block-column is-vertically-aligned-top is-layout-flow wp-block-column-is-layout-flow\">\n<p class=\"has-text-align-center has-white-color has-vivid-red-background-color has-text-color has-background has-link-color wp-elements-ce659ee6174797a953c6ef0bf45a9160\"><strong>Avec quoi?<\/strong><\/p>\n\n\n\n<p>Les lunettes sp\u00e9ciales pour \u00e9clipse (conformes \u00e0 la norme ISO 12312-2) sont dot\u00e9es de filtres sur mesure qui emp\u00eachent 99,9 % des rayons nocifs du soleil de p\u00e9n\u00e9trer dans vos yeux.<\/p>\n\n\n\n<p>Bishop&rsquo;s fournira des lunettes aux invit\u00e9s inscrits \u00e0 notre \u00e9v\u00e9nement d&rsquo;observation de l&rsquo;\u00e9clipse sur le campus !<\/p>\n\n\n\n<p><strong>Pour les invit\u00e9s inscrits<\/strong>, nous distribuerons ces lunettes sur le campus le jour de l&rsquo;\u00e9clipse.<\/p>\n\n\n\n<p><strong>Pour les membres de la communaut\u00e9 de Bishop\u2019s (y compris tout le personnel, les professeurs et les \u00e9tudiants poss\u00e9dant une carte d\u2019identit\u00e9 de Bishop\u2019s<\/strong>), aucune inscription n\u2019est requise et des lunettes seront distribu\u00e9es au cours de la semaine pr\u00e9c\u00e9dant l\u2019\u00e9clipse &#8211; voir message courriel.<\/p>\n<\/div>\n\n\n\n<div class=\"wp-block-column is-vertically-aligned-top is-layout-flow wp-block-column-is-layout-flow\">\n<p class=\"has-text-align-center has-white-color has-vivid-red-background-color has-text-color has-background has-link-color wp-elements-894765c0ee09be995eee209cc5eb1955\"><strong>Comment?<\/strong><\/p>\n\n\n\n<p>Lorsque vous observez l\u2019\u00e9clipse, ne regardez pas directement le soleil. Assurez-vous de mettre les lunettes en d\u00e9tournant le regard, puis, seulement apr\u00e8s les avoir fix\u00e9es, regardez le soleil. D\u00e9tournez le regard avant d\u2019enlever les lunettes.<\/p>\n\n\n\n<p>Si vous portez d\u00e9j\u00e0 des lunettes de vue, portez des lunettes sp\u00e9cialis\u00e9es par-dessus les v\u00f4tres ou tenez les lentilles devant les v\u00f4tres.<\/p>\n\n\n\n<p>Pendant la totalit\u00e9 (d\u2019une dur\u00e9e d\u2019environ 3 minutes et 30 secondes \u00e0 Sherbrooke), vous pourrez retirer les lunettes en toute s\u00e9curit\u00e9 pour observer la couronne solaire. Assurez-vous de remettre les lunettes avant que la totalit\u00e9 ne passe.<\/p>\n<\/div>\n\n\n\n<div class=\"wp-block-column is-vertically-aligned-top is-layout-flow wp-block-column-is-layout-flow\">\n<p class=\"has-text-align-center has-white-color has-vivid-red-background-color has-text-color has-background has-link-color wp-elements-2b633012a7379dc4f42cb4daf38fa532\"><strong>Pourquoi?<\/strong><\/p>\n\n\n\n<p>Regarder le soleil peut amener vos yeux \u00e0 absorber une quantit\u00e9 dangereuse de rayons ultraviolets, qui peuvent causer des dommages sans douleur.&nbsp;&nbsp;<\/p>\n\n\n\n<p>Lorsque trop de rayonnement est pris dans l\u2019\u0153il, il peut provoquer une photok\u00e9ratite, essentiellement l\u2019\u00e9quivalent d\u2019un coup de soleil pour vos yeux.&nbsp;&nbsp;<\/p>\n\n\n\n<p>Pendant l\u2019\u00e9clipse, le danger s\u2019aggrave, et regarder une \u00e9clipse sans protection peut diminuer votre vision de mani\u00e8re irr\u00e9versible. Assurez-vous de garder vos lunettes eclipse!<\/p>\n<\/div>\n<\/div>\n\n\n\n<hr class=\"wp-block-separator has-alpha-channel-opacity is-style-size-50\"\/>\n\n\n\n<div style=\"height:30px\" aria-hidden=\"true\" class=\"wp-block-spacer\"><\/div>\n\n\n\n<figure class=\"wp-block-image size-large\"><img decoding=\"async\" width=\"1024\" height=\"729\" src=\"https:\/\/www.ubishops.ca\/wp-content\/uploads\/Path-of-totality-Eclipse-2024-1-1024x729.png\" alt=\"\" class=\"wp-image-110092\" srcset=\"https:\/\/www.ubishops.ca\/wp-content\/uploads\/Path-of-totality-Eclipse-2024-1-1024x729.png 1024w, https:\/\/www.ubishops.ca\/wp-content\/uploads\/Path-of-totality-Eclipse-2024-1-300x213.png 300w, https:\/\/www.ubishops.ca\/wp-content\/uploads\/Path-of-totality-Eclipse-2024-1-150x107.png 150w, https:\/\/www.ubishops.ca\/wp-content\/uploads\/Path-of-totality-Eclipse-2024-1-768x546.png 768w, https:\/\/www.ubishops.ca\/wp-content\/uploads\/Path-of-totality-Eclipse-2024-1.png 1196w\" sizes=\"(max-width: 1024px) 100vw, 1024px\" \/><\/figure>\n\n\n\n<div style=\"height:30px\" aria-hidden=\"true\" class=\"wp-block-spacer\"><\/div>\n\n\n\n<div class=\"wp-block-media-text is-stacked-on-mobile\"><figure class=\"wp-block-media-text__media\"><img decoding=\"async\" width=\"600\" height=\"601\" src=\"https:\/\/www.ubishops.ca\/wp-content\/uploads\/Jean-Louis-Heudier-600px.jpg\" alt=\"Professor Jean-Louis Heudier\" class=\"wp-image-107830 size-full\" srcset=\"https:\/\/www.ubishops.ca\/wp-content\/uploads\/Jean-Louis-Heudier-600px.jpg 600w, https:\/\/www.ubishops.ca\/wp-content\/uploads\/Jean-Louis-Heudier-600px-300x300.jpg 300w, https:\/\/www.ubishops.ca\/wp-content\/uploads\/Jean-Louis-Heudier-600px-150x150.jpg 150w, https:\/\/www.ubishops.ca\/wp-content\/uploads\/Jean-Louis-Heudier-600px-45x45.jpg 45w\" sizes=\"(max-width: 600px) 100vw, 600px\" \/><\/figure><div class=\"wp-block-media-text__content\">\n<p>Professeur Jean-Louis Heudier \u2013 Astronome&nbsp;<\/p>\n\n\n\n<p><strong><em>Fantastiques \u00e9clipses: De la frayeur \u00e0 la raison<\/em><\/strong><\/p>\n\n\n\n<p>(pr\u00e9sentation en anglais)<\/p>\n\n\n\n<p><strong>Le jeudi 4 avril, 2024<\/strong><br><strong>19 h 00 HE \u2013 Th\u00e9\u00e2tre Centennial<\/strong><br><strong>\u00c9v\u00e9nement gratuit<\/strong><\/p>\n\n\n\n<p>Jean-Louis Heudier est un astronome de renomm\u00e9e internationale et auteur de plusieurs ouvrages dont, <em>Astronomical Photography<\/em>, <em>Eclipses of the Moon and Sun<\/em>, <em>Book of the Sky<\/em>, <em>Book of the Moon <\/em>et <em>Astronomy for All<\/em>.&nbsp;<\/p>\n<\/div><\/div>\n","protected":false},"excerpt":{"rendered":"<p>Joignez-vous \u00e0 nous sur le campus de l\u2019Universit\u00e9 Bishop\u2019s Lundi, 8 avril 2024 \u00e0 13 h 00 &#8211; Terrain Coulter&nbsp; Une \u00e9clipse solaire totale sera visible dans l\u2019apr\u00e8s-midi du 8 avril 2024 dans la partie sud-est du Qu\u00e9bec et l\u2019Universit\u00e9 Bishop\u2019s est situ\u00e9e directement dans la bande de totalit\u00e9! Les membres de la communaut\u00e9 de&#8230;<\/p>\n","protected":false},"author":62,"featured_media":0,"parent":124730,"menu_order":109,"comment_status":"closed","ping_status":"closed","template":"","meta":{"_acf_changed":false,"_cbd_carousel_blocks":"[]","_kad_blocks_custom_css":"","_kad_blocks_head_custom_js":"","_kad_blocks_body_custom_js":"","_kad_blocks_footer_custom_js":"","_kad_post_transparent":"","_kad_post_title":"","_kad_post_layout":"","_kad_post_sidebar_id":"","_kad_post_content_style":"","_kad_post_vertical_padding":"","_kad_post_feature":"","_kad_post_feature_position":"","_kad_post_header":false,"_kad_post_footer":false,"_kad_post_classname":"","footnotes":""},"class_list":["post-108970","page","type-page","status-publish","hentry"],"acf":[],"yoast_head":"<!-- This site is optimized with the Yoast SEO plugin v27.2 - https:\/\/yoast.com\/product\/yoast-seo-wordpress\/ -->\n<title>\u00c9clipse solaire - Bishop&#039;s University<\/title>\n<meta name=\"robots\" content=\"index, follow, max-snippet:-1, max-image-preview:large, max-video-preview:-1\" \/>\n<link rel=\"canonical\" href=\"https:\/\/www.ubishops.ca\/fr\/programmes-d-etudes\/faculty-of-natural-sciences-and-mathematics\/eclipse-solaire\/\" \/>\n<meta property=\"og:locale\" content=\"fr_FR\" \/>\n<meta property=\"og:type\" content=\"article\" \/>\n<meta property=\"og:title\" content=\"\u00c9clipse solaire - Bishop&#039;s University\" \/>\n<meta property=\"og:description\" content=\"Joignez-vous \u00e0 nous sur le campus de l\u2019Universit\u00e9 Bishop\u2019s Lundi, 8 avril 2024 \u00e0 13 h 00 &#8211; Terrain Coulter&nbsp; Une \u00e9clipse solaire totale sera visible dans l\u2019apr\u00e8s-midi du 8 avril 2024 dans la partie sud-est du Qu\u00e9bec et l\u2019Universit\u00e9 Bishop\u2019s est situ\u00e9e directement dans la bande de totalit\u00e9! Les membres de la communaut\u00e9 de...\" \/>\n<meta property=\"og:url\" content=\"https:\/\/www.ubishops.ca\/fr\/programmes-d-etudes\/faculty-of-natural-sciences-and-mathematics\/eclipse-solaire\/\" \/>\n<meta property=\"og:site_name\" content=\"Bishop&#039;s University\" \/>\n<meta property=\"article:publisher\" content=\"https:\/\/www.facebook.com\/ubishops\" \/>\n<meta property=\"article:modified_time\" content=\"2025-07-25T17:40:35+00:00\" \/>\n<meta property=\"og:image\" content=\"https:\/\/www.ubishops.ca\/wp-content\/uploads\/IMG_7036.jpg\" \/>\n\t<meta property=\"og:image:width\" content=\"2048\" \/>\n\t<meta property=\"og:image:height\" content=\"1150\" \/>\n\t<meta property=\"og:image:type\" content=\"image\/jpeg\" \/>\n<meta name=\"twitter:card\" content=\"summary_large_image\" \/>\n<meta name=\"twitter:site\" content=\"@ubishops\" \/>\n<meta name=\"twitter:label1\" content=\"Dur\u00e9e de lecture estim\u00e9e\" \/>\n\t<meta name=\"twitter:data1\" content=\"3 minutes\" \/>\n<script type=\"application\/ld+json\" class=\"yoast-schema-graph\">{\"@context\":\"https:\/\/schema.org\",\"@graph\":[{\"@type\":\"WebPage\",\"@id\":\"https:\/\/www.ubishops.ca\/fr\/programmes-d-etudes\/faculty-of-natural-sciences-and-mathematics\/eclipse-solaire\/\",\"url\":\"https:\/\/www.ubishops.ca\/fr\/programmes-d-etudes\/faculty-of-natural-sciences-and-mathematics\/eclipse-solaire\/\",\"name\":\"\u00c9clipse solaire - Bishop&#039;s University\",\"isPartOf\":{\"@id\":\"https:\/\/www.ubishops.ca\/#website\"},\"primaryImageOfPage\":{\"@id\":\"https:\/\/www.ubishops.ca\/fr\/programmes-d-etudes\/faculty-of-natural-sciences-and-mathematics\/eclipse-solaire\/#primaryimage\"},\"image\":{\"@id\":\"https:\/\/www.ubishops.ca\/fr\/programmes-d-etudes\/faculty-of-natural-sciences-and-mathematics\/eclipse-solaire\/#primaryimage\"},\"thumbnailUrl\":\"https:\/\/www.ubishops.ca\/wp-content\/uploads\/IMG_7036-1024x575.jpg\",\"datePublished\":\"2024-02-26T21:18:01+00:00\",\"dateModified\":\"2025-07-25T17:40:35+00:00\",\"breadcrumb\":{\"@id\":\"https:\/\/www.ubishops.ca\/fr\/programmes-d-etudes\/faculty-of-natural-sciences-and-mathematics\/eclipse-solaire\/#breadcrumb\"},\"inLanguage\":\"fr-FR\",\"potentialAction\":[{\"@type\":\"ReadAction\",\"target\":[\"https:\/\/www.ubishops.ca\/fr\/programmes-d-etudes\/faculty-of-natural-sciences-and-mathematics\/eclipse-solaire\/\"]}]},{\"@type\":\"ImageObject\",\"inLanguage\":\"fr-FR\",\"@id\":\"https:\/\/www.ubishops.ca\/fr\/programmes-d-etudes\/faculty-of-natural-sciences-and-mathematics\/eclipse-solaire\/#primaryimage\",\"url\":\"https:\/\/www.ubishops.ca\/wp-content\/uploads\/IMG_7036-1024x575.jpg\",\"contentUrl\":\"https:\/\/www.ubishops.ca\/wp-content\/uploads\/IMG_7036-1024x575.jpg\"},{\"@type\":\"BreadcrumbList\",\"@id\":\"https:\/\/www.ubishops.ca\/fr\/programmes-d-etudes\/faculty-of-natural-sciences-and-mathematics\/eclipse-solaire\/#breadcrumb\",\"itemListElement\":[{\"@type\":\"ListItem\",\"position\":1,\"name\":\"Accueil\",\"item\":\"https:\/\/www.ubishops.ca\/fr\/\"},{\"@type\":\"ListItem\",\"position\":2,\"name\":\"Programmes d&#8217;\u00e9tudes\",\"item\":\"https:\/\/www.ubishops.ca\/fr\/programmes-d-etudes\/\"},{\"@type\":\"ListItem\",\"position\":3,\"name\":\"Facult\u00e9 des sciences naturelles et math\u00e9matiques\",\"item\":\"https:\/\/www.ubishops.ca\/fr\/programmes-d-etudes\/faculty-of-natural-sciences-and-mathematics\/\"},{\"@type\":\"ListItem\",\"position\":4,\"name\":\"\u00c9clipse solaire\"}]},{\"@type\":\"WebSite\",\"@id\":\"https:\/\/www.ubishops.ca\/#website\",\"url\":\"https:\/\/www.ubishops.ca\/\",\"name\":\"Bishop&#039;s University\",\"description\":\"\",\"potentialAction\":[{\"@type\":\"SearchAction\",\"target\":{\"@type\":\"EntryPoint\",\"urlTemplate\":\"https:\/\/www.ubishops.ca\/?s={search_term_string}\"},\"query-input\":{\"@type\":\"PropertyValueSpecification\",\"valueRequired\":true,\"valueName\":\"search_term_string\"}}],\"inLanguage\":\"fr-FR\"}]}<\/script>\n<!-- \/ Yoast SEO plugin. -->","yoast_head_json":{"title":"\u00c9clipse solaire - Bishop&#039;s University","robots":{"index":"index","follow":"follow","max-snippet":"max-snippet:-1","max-image-preview":"max-image-preview:large","max-video-preview":"max-video-preview:-1"},"canonical":"https:\/\/www.ubishops.ca\/fr\/programmes-d-etudes\/faculty-of-natural-sciences-and-mathematics\/eclipse-solaire\/","og_locale":"fr_FR","og_type":"article","og_title":"\u00c9clipse solaire - Bishop&#039;s University","og_description":"Joignez-vous \u00e0 nous sur le campus de l\u2019Universit\u00e9 Bishop\u2019s Lundi, 8 avril 2024 \u00e0 13 h 00 &#8211; Terrain Coulter&nbsp; Une \u00e9clipse solaire totale sera visible dans l\u2019apr\u00e8s-midi du 8 avril 2024 dans la partie sud-est du Qu\u00e9bec et l\u2019Universit\u00e9 Bishop\u2019s est situ\u00e9e directement dans la bande de totalit\u00e9! Les membres de la communaut\u00e9 de...","og_url":"https:\/\/www.ubishops.ca\/fr\/programmes-d-etudes\/faculty-of-natural-sciences-and-mathematics\/eclipse-solaire\/","og_site_name":"Bishop&#039;s University","article_publisher":"https:\/\/www.facebook.com\/ubishops","article_modified_time":"2025-07-25T17:40:35+00:00","og_image":[{"width":2048,"height":1150,"url":"https:\/\/www.ubishops.ca\/wp-content\/uploads\/IMG_7036.jpg","type":"image\/jpeg"}],"twitter_card":"summary_large_image","twitter_site":"@ubishops","twitter_misc":{"Dur\u00e9e de lecture estim\u00e9e":"3 minutes"},"schema":{"@context":"https:\/\/schema.org","@graph":[{"@type":"WebPage","@id":"https:\/\/www.ubishops.ca\/fr\/programmes-d-etudes\/faculty-of-natural-sciences-and-mathematics\/eclipse-solaire\/","url":"https:\/\/www.ubishops.ca\/fr\/programmes-d-etudes\/faculty-of-natural-sciences-and-mathematics\/eclipse-solaire\/","name":"\u00c9clipse solaire - Bishop&#039;s University","isPartOf":{"@id":"https:\/\/www.ubishops.ca\/#website"},"primaryImageOfPage":{"@id":"https:\/\/www.ubishops.ca\/fr\/programmes-d-etudes\/faculty-of-natural-sciences-and-mathematics\/eclipse-solaire\/#primaryimage"},"image":{"@id":"https:\/\/www.ubishops.ca\/fr\/programmes-d-etudes\/faculty-of-natural-sciences-and-mathematics\/eclipse-solaire\/#primaryimage"},"thumbnailUrl":"https:\/\/www.ubishops.ca\/wp-content\/uploads\/IMG_7036-1024x575.jpg","datePublished":"2024-02-26T21:18:01+00:00","dateModified":"2025-07-25T17:40:35+00:00","breadcrumb":{"@id":"https:\/\/www.ubishops.ca\/fr\/programmes-d-etudes\/faculty-of-natural-sciences-and-mathematics\/eclipse-solaire\/#breadcrumb"},"inLanguage":"fr-FR","potentialAction":[{"@type":"ReadAction","target":["https:\/\/www.ubishops.ca\/fr\/programmes-d-etudes\/faculty-of-natural-sciences-and-mathematics\/eclipse-solaire\/"]}]},{"@type":"ImageObject","inLanguage":"fr-FR","@id":"https:\/\/www.ubishops.ca\/fr\/programmes-d-etudes\/faculty-of-natural-sciences-and-mathematics\/eclipse-solaire\/#primaryimage","url":"https:\/\/www.ubishops.ca\/wp-content\/uploads\/IMG_7036-1024x575.jpg","contentUrl":"https:\/\/www.ubishops.ca\/wp-content\/uploads\/IMG_7036-1024x575.jpg"},{"@type":"BreadcrumbList","@id":"https:\/\/www.ubishops.ca\/fr\/programmes-d-etudes\/faculty-of-natural-sciences-and-mathematics\/eclipse-solaire\/#breadcrumb","itemListElement":[{"@type":"ListItem","position":1,"name":"Accueil","item":"https:\/\/www.ubishops.ca\/fr\/"},{"@type":"ListItem","position":2,"name":"Programmes d&#8217;\u00e9tudes","item":"https:\/\/www.ubishops.ca\/fr\/programmes-d-etudes\/"},{"@type":"ListItem","position":3,"name":"Facult\u00e9 des sciences naturelles et math\u00e9matiques","item":"https:\/\/www.ubishops.ca\/fr\/programmes-d-etudes\/faculty-of-natural-sciences-and-mathematics\/"},{"@type":"ListItem","position":4,"name":"\u00c9clipse solaire"}]},{"@type":"WebSite","@id":"https:\/\/www.ubishops.ca\/#website","url":"https:\/\/www.ubishops.ca\/","name":"Bishop&#039;s University","description":"","potentialAction":[{"@type":"SearchAction","target":{"@type":"EntryPoint","urlTemplate":"https:\/\/www.ubishops.ca\/?s={search_term_string}"},"query-input":{"@type":"PropertyValueSpecification","valueRequired":true,"valueName":"search_term_string"}}],"inLanguage":"fr-FR"}]}},"taxonomy_info":[],"featured_image_src_large":false,"author_info":{"display_name":"Juliette Welch","author_link":"https:\/\/www.ubishops.ca\/fr\/author\/jwelch\/"},"comment_info":0,"publishpress_future_action":{"enabled":false,"date":"2026-04-15 13:15:52","action":"change-status","newStatus":"draft","terms":[],"taxonomy":"translation_priority","extraData":[]},"publishpress_future_workflow_manual_trigger":{"enabledWorkflows":[]},"_links":{"self":[{"href":"https:\/\/www.ubishops.ca\/fr\/wp-json\/wp\/v2\/pages\/108970","targetHints":{"allow":["GET"]}}],"collection":[{"href":"https:\/\/www.ubishops.ca\/fr\/wp-json\/wp\/v2\/pages"}],"about":[{"href":"https:\/\/www.ubishops.ca\/fr\/wp-json\/wp\/v2\/types\/page"}],"author":[{"embeddable":true,"href":"https:\/\/www.ubishops.ca\/fr\/wp-json\/wp\/v2\/users\/62"}],"replies":[{"embeddable":true,"href":"https:\/\/www.ubishops.ca\/fr\/wp-json\/wp\/v2\/comments?post=108970"}],"version-history":[{"count":2,"href":"https:\/\/www.ubishops.ca\/fr\/wp-json\/wp\/v2\/pages\/108970\/revisions"}],"predecessor-version":[{"id":125928,"href":"https:\/\/www.ubishops.ca\/fr\/wp-json\/wp\/v2\/pages\/108970\/revisions\/125928"}],"up":[{"embeddable":true,"href":"https:\/\/www.ubishops.ca\/fr\/wp-json\/wp\/v2\/pages\/124730"}],"wp:attachment":[{"href":"https:\/\/www.ubishops.ca\/fr\/wp-json\/wp\/v2\/media?parent=108970"}],"curies":[{"name":"wp","href":"https:\/\/api.w.org\/{rel}","templated":true}]}}