{"id":108946,"date":"2024-02-08T09:22:46","date_gmt":"2024-02-08T14:22:46","guid":{"rendered":"https:\/\/www.ubishops.ca\/a-propos-de-bu-2\/equite-diversite-et-inclusion\/edi-advisor\/"},"modified":"2025-10-14T11:54:48","modified_gmt":"2025-10-14T15:54:48","slug":"edi-advisor","status":"publish","type":"page","link":"https:\/\/www.ubishops.ca\/fr\/a-propos-de-bu-2\/equite-diversite-et-inclusion\/edi-advisor\/","title":{"rendered":"EDI Advisor"},"content":{"rendered":"\n<div class=\"wp-block-media-text is-stacked-on-mobile\" style=\"grid-template-columns:40% auto\"><figure class=\"wp-block-media-text__media\"><img decoding=\"async\" width=\"600\" height=\"600\" src=\"https:\/\/www.ubishops.ca\/wp-content\/uploads\/Jacqueline_Sultan-v2_600.jpg\" alt=\"Jacqueline Sultan\" class=\"wp-image-127966 size-full\" srcset=\"https:\/\/www.ubishops.ca\/wp-content\/uploads\/Jacqueline_Sultan-v2_600.jpg 600w, https:\/\/www.ubishops.ca\/wp-content\/uploads\/Jacqueline_Sultan-v2_600-150x150.jpg 150w\" sizes=\"(max-width: 600px) 100vw, 600px\" \/><\/figure><div class=\"wp-block-media-text__content\">\n<p><strong>Jacqueline Sultan<\/strong><br>Sp\u00e9cialiste pour l\u2019\u00e9quit\u00e9, diversit\u00e9, inclusion et lutte contre le Racisme<br><a href=\"&#x6d;a&#x69;&#108;t&#x6f;&#58;&#x6a;&#115;u&#x6c;&#116;&#x61;&#110;&#64;&#x75;&#98;&#x69;&#x73;h&#x6f;&#112;s&#x2e;&#99;&#x61;\">&#x6a;&#115;&#117;&#x6c;&#x74;&#97;&#110;&#x40;&#x75;&#98;&#105;&#x73;&#x68;&#111;&#112;&#x73;&#x2e;&#99;&#97;<\/a><\/p>\n<\/div><\/div>\n","protected":false},"excerpt":{"rendered":"<p>Jacqueline SultanSp\u00e9cialiste pour l\u2019\u00e9quit\u00e9, diversit\u00e9, inclusion et lutte contre le Racisme&#x6a;s&#x75;l&#x74;&#97;&#x6e;&#64;u&#x62;i&#x73;&#104;&#x6f;&#112;&#x73;&#46;c&#x61;<\/p>\n","protected":false},"author":49,"featured_media":0,"parent":108919,"menu_order":30,"comment_status":"closed","ping_status":"closed","template":"","meta":{"_acf_changed":false,"_cbd_carousel_blocks":"[]","_kad_blocks_custom_css":"","_kad_blocks_head_custom_js":"","_kad_blocks_body_custom_js":"","_kad_blocks_footer_custom_js":"","_kad_post_transparent":"","_kad_post_title":"","_kad_post_layout":"","_kad_post_sidebar_id":"","_kad_post_content_style":"","_kad_post_vertical_padding":"","_kad_post_feature":"","_kad_post_feature_position":"","_kad_post_header":false,"_kad_post_footer":false,"_kad_post_classname":"","footnotes":""},"class_list":["post-108946","page","type-page","status-publish","hentry"],"acf":[],"yoast_head":"<!-- This site is optimized with the Yoast SEO plugin v27.2 - https:\/\/yoast.com\/product\/yoast-seo-wordpress\/ -->\n<title>EDI Advisor - Bishop&#039;s University<\/title>\n<meta name=\"robots\" content=\"index, follow, max-snippet:-1, max-image-preview:large, max-video-preview:-1\" \/>\n<link rel=\"canonical\" href=\"https:\/\/www.ubishops.ca\/fr\/a-propos-de-bu-2\/equite-diversite-et-inclusion\/edi-advisor\/\" \/>\n<meta property=\"og:locale\" content=\"fr_FR\" \/>\n<meta property=\"og:type\" content=\"article\" \/>\n<meta property=\"og:title\" content=\"EDI Advisor - Bishop&#039;s University\" \/>\n<meta property=\"og:description\" content=\"Jacqueline SultanSp\u00e9cialiste pour l\u2019\u00e9quit\u00e9, diversit\u00e9, inclusion et lutte contre le Racismejs&#117;&#108;&#116;&#097;&#x6e;&#x40;&#x75;&#x62;&#x69;sh&#111;&#112;&#115;&#046;&#x63;&#x61;\" \/>\n<meta property=\"og:url\" content=\"https:\/\/www.ubishops.ca\/fr\/a-propos-de-bu-2\/equite-diversite-et-inclusion\/edi-advisor\/\" \/>\n<meta property=\"og:site_name\" content=\"Bishop&#039;s University\" \/>\n<meta property=\"article:publisher\" content=\"https:\/\/www.facebook.com\/ubishops\" \/>\n<meta property=\"article:modified_time\" content=\"2025-10-14T15:54:48+00:00\" \/>\n<meta property=\"og:image\" content=\"https:\/\/www.ubishops.ca\/wp-content\/uploads\/Jacqueline_Sultan-v2_600.jpg\" \/>\n\t<meta property=\"og:image:width\" content=\"600\" \/>\n\t<meta property=\"og:image:height\" content=\"600\" \/>\n\t<meta property=\"og:image:type\" content=\"image\/jpeg\" \/>\n<meta name=\"twitter:card\" content=\"summary_large_image\" \/>\n<meta name=\"twitter:site\" content=\"@ubishops\" \/>\n<script type=\"application\/ld+json\" class=\"yoast-schema-graph\">{\"@context\":\"https:\/\/schema.org\",\"@graph\":[{\"@type\":\"WebPage\",\"@id\":\"https:\/\/www.ubishops.ca\/fr\/a-propos-de-bu-2\/equite-diversite-et-inclusion\/edi-advisor\/\",\"url\":\"https:\/\/www.ubishops.ca\/fr\/a-propos-de-bu-2\/equite-diversite-et-inclusion\/edi-advisor\/\",\"name\":\"EDI Advisor - Bishop&#039;s University\",\"isPartOf\":{\"@id\":\"https:\/\/www.ubishops.ca\/#website\"},\"primaryImageOfPage\":{\"@id\":\"https:\/\/www.ubishops.ca\/fr\/a-propos-de-bu-2\/equite-diversite-et-inclusion\/edi-advisor\/#primaryimage\"},\"image\":{\"@id\":\"https:\/\/www.ubishops.ca\/fr\/a-propos-de-bu-2\/equite-diversite-et-inclusion\/edi-advisor\/#primaryimage\"},\"thumbnailUrl\":\"https:\/\/www.ubishops.ca\/wp-content\/uploads\/Jacqueline_Sultan-v2_600.jpg\",\"datePublished\":\"2024-02-08T14:22:46+00:00\",\"dateModified\":\"2025-10-14T15:54:48+00:00\",\"breadcrumb\":{\"@id\":\"https:\/\/www.ubishops.ca\/fr\/a-propos-de-bu-2\/equite-diversite-et-inclusion\/edi-advisor\/#breadcrumb\"},\"inLanguage\":\"fr-FR\",\"potentialAction\":[{\"@type\":\"ReadAction\",\"target\":[\"https:\/\/www.ubishops.ca\/fr\/a-propos-de-bu-2\/equite-diversite-et-inclusion\/edi-advisor\/\"]}]},{\"@type\":\"ImageObject\",\"inLanguage\":\"fr-FR\",\"@id\":\"https:\/\/www.ubishops.ca\/fr\/a-propos-de-bu-2\/equite-diversite-et-inclusion\/edi-advisor\/#primaryimage\",\"url\":\"https:\/\/www.ubishops.ca\/wp-content\/uploads\/Jacqueline_Sultan-v2_600.jpg\",\"contentUrl\":\"https:\/\/www.ubishops.ca\/wp-content\/uploads\/Jacqueline_Sultan-v2_600.jpg\"},{\"@type\":\"BreadcrumbList\",\"@id\":\"https:\/\/www.ubishops.ca\/fr\/a-propos-de-bu-2\/equite-diversite-et-inclusion\/edi-advisor\/#breadcrumb\",\"itemListElement\":[{\"@type\":\"ListItem\",\"position\":1,\"name\":\"Accueil\",\"item\":\"https:\/\/www.ubishops.ca\/fr\/\"},{\"@type\":\"ListItem\",\"position\":2,\"name\":\"\u00c0 propos de Bishop\u2019s\",\"item\":\"https:\/\/www.ubishops.ca\/fr\/a-propos-de-bu-2\/\"},{\"@type\":\"ListItem\",\"position\":3,\"name\":\"\u00c9quit\u00e9, Diversit\u00e9 et Inclusion\",\"item\":\"https:\/\/www.ubishops.ca\/fr\/a-propos-de-bu-2\/equite-diversite-et-inclusion\/\"},{\"@type\":\"ListItem\",\"position\":4,\"name\":\"EDI Advisor\"}]},{\"@type\":\"WebSite\",\"@id\":\"https:\/\/www.ubishops.ca\/#website\",\"url\":\"https:\/\/www.ubishops.ca\/\",\"name\":\"Bishop&#039;s University\",\"description\":\"\",\"potentialAction\":[{\"@type\":\"SearchAction\",\"target\":{\"@type\":\"EntryPoint\",\"urlTemplate\":\"https:\/\/www.ubishops.ca\/?s={search_term_string}\"},\"query-input\":{\"@type\":\"PropertyValueSpecification\",\"valueRequired\":true,\"valueName\":\"search_term_string\"}}],\"inLanguage\":\"fr-FR\"}]}<\/script>\n<!-- \/ Yoast SEO plugin. -->","yoast_head_json":{"title":"EDI Advisor - Bishop&#039;s University","robots":{"index":"index","follow":"follow","max-snippet":"max-snippet:-1","max-image-preview":"max-image-preview:large","max-video-preview":"max-video-preview:-1"},"canonical":"https:\/\/www.ubishops.ca\/fr\/a-propos-de-bu-2\/equite-diversite-et-inclusion\/edi-advisor\/","og_locale":"fr_FR","og_type":"article","og_title":"EDI Advisor - Bishop&#039;s University","og_description":"Jacqueline SultanSp\u00e9cialiste pour l\u2019\u00e9quit\u00e9, diversit\u00e9, inclusion et lutte contre le Racismejs&#117;&#108;&#116;&#97;&#x6e;&#x40;&#x75;&#x62;&#x69;sh&#111;&#112;&#115;&#46;&#x63;&#x61;","og_url":"https:\/\/www.ubishops.ca\/fr\/a-propos-de-bu-2\/equite-diversite-et-inclusion\/edi-advisor\/","og_site_name":"Bishop&#039;s University","article_publisher":"https:\/\/www.facebook.com\/ubishops","article_modified_time":"2025-10-14T15:54:48+00:00","og_image":[{"width":600,"height":600,"url":"https:\/\/www.ubishops.ca\/wp-content\/uploads\/Jacqueline_Sultan-v2_600.jpg","type":"image\/jpeg"}],"twitter_card":"summary_large_image","twitter_site":"@ubishops","schema":{"@context":"https:\/\/schema.org","@graph":[{"@type":"WebPage","@id":"https:\/\/www.ubishops.ca\/fr\/a-propos-de-bu-2\/equite-diversite-et-inclusion\/edi-advisor\/","url":"https:\/\/www.ubishops.ca\/fr\/a-propos-de-bu-2\/equite-diversite-et-inclusion\/edi-advisor\/","name":"EDI Advisor - Bishop&#039;s University","isPartOf":{"@id":"https:\/\/www.ubishops.ca\/#website"},"primaryImageOfPage":{"@id":"https:\/\/www.ubishops.ca\/fr\/a-propos-de-bu-2\/equite-diversite-et-inclusion\/edi-advisor\/#primaryimage"},"image":{"@id":"https:\/\/www.ubishops.ca\/fr\/a-propos-de-bu-2\/equite-diversite-et-inclusion\/edi-advisor\/#primaryimage"},"thumbnailUrl":"https:\/\/www.ubishops.ca\/wp-content\/uploads\/Jacqueline_Sultan-v2_600.jpg","datePublished":"2024-02-08T14:22:46+00:00","dateModified":"2025-10-14T15:54:48+00:00","breadcrumb":{"@id":"https:\/\/www.ubishops.ca\/fr\/a-propos-de-bu-2\/equite-diversite-et-inclusion\/edi-advisor\/#breadcrumb"},"inLanguage":"fr-FR","potentialAction":[{"@type":"ReadAction","target":["https:\/\/www.ubishops.ca\/fr\/a-propos-de-bu-2\/equite-diversite-et-inclusion\/edi-advisor\/"]}]},{"@type":"ImageObject","inLanguage":"fr-FR","@id":"https:\/\/www.ubishops.ca\/fr\/a-propos-de-bu-2\/equite-diversite-et-inclusion\/edi-advisor\/#primaryimage","url":"https:\/\/www.ubishops.ca\/wp-content\/uploads\/Jacqueline_Sultan-v2_600.jpg","contentUrl":"https:\/\/www.ubishops.ca\/wp-content\/uploads\/Jacqueline_Sultan-v2_600.jpg"},{"@type":"BreadcrumbList","@id":"https:\/\/www.ubishops.ca\/fr\/a-propos-de-bu-2\/equite-diversite-et-inclusion\/edi-advisor\/#breadcrumb","itemListElement":[{"@type":"ListItem","position":1,"name":"Accueil","item":"https:\/\/www.ubishops.ca\/fr\/"},{"@type":"ListItem","position":2,"name":"\u00c0 propos de Bishop\u2019s","item":"https:\/\/www.ubishops.ca\/fr\/a-propos-de-bu-2\/"},{"@type":"ListItem","position":3,"name":"\u00c9quit\u00e9, Diversit\u00e9 et Inclusion","item":"https:\/\/www.ubishops.ca\/fr\/a-propos-de-bu-2\/equite-diversite-et-inclusion\/"},{"@type":"ListItem","position":4,"name":"EDI Advisor"}]},{"@type":"WebSite","@id":"https:\/\/www.ubishops.ca\/#website","url":"https:\/\/www.ubishops.ca\/","name":"Bishop&#039;s University","description":"","potentialAction":[{"@type":"SearchAction","target":{"@type":"EntryPoint","urlTemplate":"https:\/\/www.ubishops.ca\/?s={search_term_string}"},"query-input":{"@type":"PropertyValueSpecification","valueRequired":true,"valueName":"search_term_string"}}],"inLanguage":"fr-FR"}]}},"taxonomy_info":[],"featured_image_src_large":false,"author_info":{"display_name":"Julie Fradette","author_link":"https:\/\/www.ubishops.ca\/fr\/author\/jfradett\/"},"comment_info":0,"publishpress_future_action":{"enabled":false,"date":"2026-04-15 13:15:52","action":"change-status","newStatus":"draft","terms":[],"taxonomy":"translation_priority","extraData":[]},"publishpress_future_workflow_manual_trigger":{"enabledWorkflows":[]},"_links":{"self":[{"href":"https:\/\/www.ubishops.ca\/fr\/wp-json\/wp\/v2\/pages\/108946","targetHints":{"allow":["GET"]}}],"collection":[{"href":"https:\/\/www.ubishops.ca\/fr\/wp-json\/wp\/v2\/pages"}],"about":[{"href":"https:\/\/www.ubishops.ca\/fr\/wp-json\/wp\/v2\/types\/page"}],"author":[{"embeddable":true,"href":"https:\/\/www.ubishops.ca\/fr\/wp-json\/wp\/v2\/users\/49"}],"replies":[{"embeddable":true,"href":"https:\/\/www.ubishops.ca\/fr\/wp-json\/wp\/v2\/comments?post=108946"}],"version-history":[{"count":4,"href":"https:\/\/www.ubishops.ca\/fr\/wp-json\/wp\/v2\/pages\/108946\/revisions"}],"predecessor-version":[{"id":127968,"href":"https:\/\/www.ubishops.ca\/fr\/wp-json\/wp\/v2\/pages\/108946\/revisions\/127968"}],"up":[{"embeddable":true,"href":"https:\/\/www.ubishops.ca\/fr\/wp-json\/wp\/v2\/pages\/108919"}],"wp:attachment":[{"href":"https:\/\/www.ubishops.ca\/fr\/wp-json\/wp\/v2\/media?parent=108946"}],"curies":[{"name":"wp","href":"https:\/\/api.w.org\/{rel}","templated":true}]}}