{"id":10786,"date":"2016-05-05T16:38:42","date_gmt":"2016-05-05T20:38:42","guid":{"rendered":"https:\/\/wwwnew.ubishops.ca\/fr\/?page_id=10786"},"modified":"2026-02-27T11:52:23","modified_gmt":"2026-02-27T16:52:23","slug":"processus-dadmission","status":"publish","type":"page","link":"https:\/\/www.ubishops.ca\/fr\/futurs-etudiants\/processus-dadmission\/","title":{"rendered":"Processus d\u2019admission"},"content":{"rendered":"\n<p class=\"has-theme-palette-1-color has-text-color has-link-color wp-elements-8e9b34160b7d9d151acb6ab39dbe58ad\">Bienvenue! Pr\u00eat \u00e0 passer \u00e0 la prochaine \u00e9tape vers tes \u00e9tudes universitaires? \u00c0 l\u2019Universit\u00e9 Bishop\u2019s, le processus d\u2019admission est simple, transparent et con\u00e7u pour t\u2019accompagner. Tu trouveras ci-dessous tout ce dont tu as besoin pour poser ta candidature \u2014 exigences, dates limites, dur\u00e9e des programmes et ce qui suit apr\u00e8s.<\/p>\n\n\n\n<p style=\"margin-top:0;margin-bottom:0\">Pr\u00eat \u00e0 commencer?<\/p>\n\n\n\n<p class=\"has-kb-palette-0-color has-text-color has-link-color wp-elements-291e7ef485451dc7149279ed5bd70a67\" style=\"margin-top:0;margin-bottom:0\"><a href=\"https:\/\/www.ubishops.ca\/fr\/futurs-etudiants\/bishops-university-online-application\/\"><\/a><a href=\"https:\/\/www.ubishops.ca\/fr\/futurs-etudiants\/bishops-university-online-application\/\">D\u00e9pose ta demande d\u00e8s maintenant<\/a><\/p>\n\n\n\n<h2 class=\"wp-block-heading\">Comment poser ta candidature<\/h2>\n\n\n\n<p>Postuler \u00e0 Bishop\u2019s, c\u2019est rapide et facile :<\/p>\n\n\n\n<ol class=\"wp-block-list\">\n<li style=\"margin-top:var(--wp--preset--spacing--30);margin-bottom:var(--wp--preset--spacing--30)\">Remplis le formulaire en ligne via notre portail s\u00e9curis\u00e9<\/li>\n\n\n\n<li style=\"margin-top:var(--wp--preset--spacing--30);margin-bottom:var(--wp--preset--spacing--30)\">Paie les frais de 75 $ CAD (non remboursables)<\/li>\n\n\n\n<li style=\"margin-top:var(--wp--preset--spacing--30);margin-bottom:var(--wp--preset--spacing--30)\">T\u00e9l\u00e9verse tes documents \u2014 relev\u00e9s de notes, tests de langue (si requis), etc.<\/li>\n\n\n\n<li style=\"margin-top:var(--wp--preset--spacing--30);margin-bottom:var(--wp--preset--spacing--30)\">Re\u00e7ois ton acc\u00e8s au portail myBU pour suivre ta demande<\/li>\n\n\n\n<li style=\"margin-top:var(--wp--preset--spacing--30);margin-bottom:var(--wp--preset--spacing--30)\">La plupart des candidats re\u00e7oivent une d\u00e9cision initiale dans les 10 jours ouvrables apr\u00e8s avoir soumis tous les documents<\/li>\n<\/ol>\n\n\n\n<p><strong>Astuce :<\/strong> Soumets ta demande et ton paiement t\u00f4t pour acc\u00e9l\u00e9rer le traitement!<\/p>\n\n\n\n<p class=\"has-kb-palette-0-color has-text-color has-link-color wp-elements-ed5465ba39d989d46f17fd0b165a179d\" style=\"margin-top:0;margin-bottom:0\"><a href=\"https:\/\/www.ubishops.ca\/fr\/futurs-etudiants\/bishops-university-online-application\/\" target=\"_blank\" rel=\"noreferrer noopener\"><\/a><a href=\"https:\/\/www.ubishops.ca\/fr\/futurs-etudiants\/bishops-university-online-application\/\">Commence d\u00e8s aujourd\u2019hui<\/a><\/p>\n\n\n\n<h2 class=\"wp-block-heading\">Exigences d\u2019admission<\/h2>\n\n\n\n<h3 class=\"wp-block-heading has-theme-palette-1-color has-text-color has-link-color wp-elements-c0595e4911c5493727cc8871993f27fe\"><strong>\u00c9tudiants du Qu\u00e9bec<\/strong><\/h3>\n\n\n\n<ul class=\"wp-block-list\">\n<li style=\"margin-top:var(--wp--preset--spacing--30);margin-bottom:var(--wp--preset--spacing--30)\">DEC compl\u00e9t\u00e9 ou en cours<\/li>\n\n\n\n<li style=\"margin-top:var(--wp--preset--spacing--30);margin-bottom:var(--wp--preset--spacing--30)\">Cote R minimale de 24 pour la plupart des programmes<\/li>\n\n\n\n<li style=\"margin-top:var(--wp--preset--spacing--30);margin-bottom:var(--wp--preset--spacing--30)\">Certains DEC techniques offrent des cr\u00e9dits avanc\u00e9s<\/li>\n\n\n\n<li style=\"margin-top:var(--wp--preset--spacing--30);margin-bottom:var(--wp--preset--spacing--30)\">Dipl\u00f4m\u00e9s du DEC : baccalaur\u00e9at en 3 ans (90 cr\u00e9dits)<\/li>\n\n\n\n<li style=\"margin-top:var(--wp--preset--spacing--30);margin-bottom:var(--wp--preset--spacing--30)\">Les \u00e9l\u00e8ves du secondaire qui ont termin\u00e9 la 12e ann\u00e9e sont admissibles \u00e0 l\u2019admission.<\/li>\n<\/ul>\n\n\n\n<p class=\"has-theme-palette-2-color has-text-color has-link-color wp-elements-29bbfd9086d33f17ccb31ed30c506feb\" style=\"margin-top:0;margin-bottom:0\"><a href=\"https:\/\/www.ubishops.ca\/fr\/futurs-etudiants\/processus-dadmission\/admission-requirements\/etudiants-cegep\/\" target=\"_blank\" rel=\"noreferrer noopener\"><\/a><a href=\"https:\/\/www.ubishops.ca\/fr\/futurs-etudiants\/processus-dadmission\/admission-requirements\/etudiants-cegep\/\">Voir toutes les exigences<\/a><\/p>\n\n\n\n<h3 class=\"wp-block-heading\">Ontario &amp; autres provinces canadiennes<\/h3>\n\n\n\n<ul class=\"wp-block-list\">\n<li style=\"margin-top:var(--wp--preset--spacing--30);margin-bottom:var(--wp--preset--spacing--30)\">Dipl\u00f4me d\u2019\u00e9tudes secondaires reconnu<\/li>\n\n\n\n<li style=\"margin-top:var(--wp--preset--spacing--30);margin-bottom:var(--wp--preset--spacing--30)\">5 cours de 12e ann\u00e9e (anglais, trois cours approuv\u00e9s, un au choix)<\/li>\n\n\n\n<li style=\"margin-top:var(--wp--preset--spacing--30);margin-bottom:var(--wp--preset--spacing--30)\">Moyenne minimale estim\u00e9e : ~80 %<\/li>\n\n\n\n<li style=\"margin-top:var(--wp--preset--spacing--30);margin-bottom:var(--wp--preset--spacing--30)\">Pr\u00e9requis selon le programme (ex. maths pour sciences et commerce)<br><\/li>\n<\/ul>\n\n\n\n<p class=\"has-theme-palette-2-color has-text-color has-link-color wp-elements-e97a1c87c8150201f2b3f8d393b1fe06\"><a href=\"https:\/\/www.ubishops.ca\/fr\/futurs-etudiants\/processus-dadmission\/admission-requirements\/canadian-high-school-students\/\" target=\"_blank\" rel=\"noreferrer noopener\"><\/a><a href=\"https:\/\/www.ubishops.ca\/fr\/futurs-etudiants\/processus-dadmission\/admission-requirements\/canadian-high-school-students\/\">Voir les exigences canadiennes<\/a><\/p>\n\n\n\n<h3 class=\"wp-block-heading\">\u00c9tudiants internationaux<\/h3>\n\n\n\n<ul class=\"wp-block-list\">\n<li style=\"margin-top:var(--wp--preset--spacing--30);margin-bottom:var(--wp--preset--spacing--30)\">12 ann\u00e9es de scolarit\u00e9 et dipl\u00f4me donnant acc\u00e8s \u00e0 l\u2019universit\u00e9<\/li>\n\n\n\n<li style=\"margin-top:var(--wp--preset--spacing--30);margin-bottom:var(--wp--preset--spacing--30)\">Moyenne minimale variable selon le syst\u00e8me scolaire<\/li>\n\n\n\n<li style=\"margin-top:var(--wp--preset--spacing--30);margin-bottom:var(--wp--preset--spacing--30)\">Test d\u2019anglais (IELTS, TOEFL, Duolingo) si requis<\/li>\n\n\n\n<li style=\"margin-top:var(--wp--preset--spacing--30);margin-bottom:var(--wp--preset--spacing--30)\">Documents sp\u00e9cifiques selon le pays<\/li>\n<\/ul>\n\n\n\n<p class=\"has-theme-palette-2-color has-text-color has-link-color wp-elements-ff0098df527f775ba7d8273528d12f91\" style=\"margin-top:0;margin-bottom:0\"><a href=\"https:\/\/www.ubishops.ca\/fr\/futurs-etudiants\/processus-dadmission\/admission-requirements\/etudiants-internationaux-du-secondaire\/\" target=\"_blank\" rel=\"noreferrer noopener\"><\/a><a href=\"https:\/\/www.ubishops.ca\/fr\/futurs-etudiants\/processus-dadmission\/admission-requirements\/etudiants-internationaux-du-secondaire\/\">Voir les exigences internationales<\/a><\/p>\n\n\n\n<h3 class=\"wp-block-heading\">Autres candidats<\/h3>\n\n\n\n<p>Consulte la page des exigences pour tous les d\u00e9tails.<\/p>\n\n\n\n<p class=\"has-theme-palette-2-color has-text-color has-link-color wp-elements-8d10f3f75f24ed72b1e53daab1e27563\"><a href=\"https:\/\/www.ubishops.ca\/fr\/futurs-etudiants\/processus-dadmission\/admission-requirements\/\" target=\"_blank\" rel=\"noreferrer noopener\"><\/a><a href=\"https:\/\/www.ubishops.ca\/fr\/futurs-etudiants\/processus-dadmission\/admission-requirements\/\">Exigences pour tous les candidats<\/a><\/p>\n\n\n\n<h2 class=\"wp-block-heading\">Dur\u00e9e des programmes<\/h2>\n\n\n\n<ul class=\"wp-block-list\">\n<li style=\"margin-top:var(--wp--preset--spacing--30);margin-bottom:var(--wp--preset--spacing--30)\">Dipl\u00f4m\u00e9s du C\u00c9GEP : 3 ans (90 cr\u00e9dits)<\/li>\n\n\n\n<li style=\"margin-top:var(--wp--preset--spacing--30);margin-bottom:var(--wp--preset--spacing--30)\">Autres \u00e9tudiants : 4 ans (120 cr\u00e9dits)<\/li>\n<\/ul>\n\n\n\n<p>Certains programmes peuvent \u00eatre plus longs.<br>Plus de 100 programmes et la possibilit\u00e9 de combiner majeures et mineures.<\/p>\n\n\n\n<p class=\"has-theme-palette-2-color has-text-color has-link-color wp-elements-a3b2ad3533c61e58e3fd126b97303579\"><a href=\"https:\/\/www.ubishops.ca\/fr\/programmes-d-etudes\/\" target=\"_blank\" rel=\"noreferrer noopener\"><\/a><a href=\"https:\/\/www.ubishops.ca\/fr\/programmes-d-etudes\/\">Explore nos programmes<\/a><\/p>\n\n\n\n<h2 class=\"wp-block-heading\">Dates limites pour les demandes d\u2019admission<\/h2>\n\n\n\n<p>L\u2019Universit\u00e9 Bishop\u2019s accepte les demandes pour l\u2019automne (septembre) et l\u2019hiver (janvier).<\/p>\n\n\n\n<figure class=\"wp-block-table\"><table class=\"has-fixed-layout\"><thead><tr><th><strong>Type de candidat<\/strong><\/th><th><strong><strong>Date limite \u2013 Automne 2026<\/strong><\/strong><\/th><th><strong><strong>Date limite \u2013 Hiver 2026<\/strong><\/strong><\/th><\/tr><\/thead><tbody><tr><td>\u00c9tudiants du Qu\u00e9bec, du Canada et des \u00c9tats-Unis<\/td><td>1er mai 2026<\/td><td>1er novembre 2025<\/td><\/tr><tr><td>\u00c9tudiants internationaux<\/td><td>31 mars 2026<\/td><td>1er septembre 2025<\/td><\/tr><\/tbody><\/table><\/figure>\n\n\n\n<p><em>\u00c0 noter <strong>:<\/strong> Certains programmes n\u2019offrent qu\u2019une entr\u00e9e \u00e0 l\u2019automne ou \u00e0 l\u2019hiver.<\/em><\/p>\n\n\n\n<p class=\"has-theme-palette-2-color has-text-color has-link-color wp-elements-923df72099df5230b2e87c2b049264ee\" style=\"margin-top:0;margin-bottom:0\"><a href=\"https:\/\/www.ubishops.ca\/fr\/futurs-etudiants\/bishops-university-online-application\/\" target=\"_blank\" rel=\"noreferrer noopener\"><\/a><a href=\"https:\/\/www.ubishops.ca\/fr\/futurs-etudiants\/bishops-university-online-application\/\">Consulte les dates importantes pour postuler avant la date limite<\/a><br><\/p>\n\n\n\n<h2 class=\"wp-block-heading\">Bourses et aide financi\u00e8re<\/h2>\n\n\n\n<ul class=\"wp-block-list\">\n<li style=\"margin-top:var(--wp--preset--spacing--30);margin-bottom:var(--wp--preset--spacing--30)\">Bourses d\u2019entr\u00e9e : automatiques selon tes r\u00e9sultats scolaires (date limite : 1er mars)<\/li>\n\n\n\n<li style=\"margin-top:var(--wp--preset--spacing--30);margin-bottom:var(--wp--preset--spacing--30)\">Bourses et prix sp\u00e9ciaux : pour besoins financiers, implication ou r\u00e9alisations (date limite : 1er mars)<\/li>\n\n\n\n<li style=\"margin-top:var(--wp--preset--spacing--30);margin-bottom:var(--wp--preset--spacing--30)\">Bourses en cours d\u2019\u00e9tudes : apr\u00e8s la 1re ann\u00e9e, selon tes r\u00e9sultats (notification avant le 15 juillet)<\/li>\n\n\n\n<li style=\"margin-top:var(--wp--preset--spacing--30);margin-bottom:var(--wp--preset--spacing--30)\">Bourses et prix sp\u00e9ciaux en cours d\u2019\u00e9tudes : pour besoins financiers, implication ou r\u00e9alisations remarquables (date limite : 1er mai)<\/li>\n<\/ul>\n\n\n\n<p class=\"has-theme-palette-2-color has-text-color has-link-color wp-elements-90748529c6f454a83ded2d5cfd18fbbd\"><a href=\"https:\/\/www.ubishops.ca\/fr\/futurs-etudiants\/questions-financieres\/concours-de-bourses-prix-et-autres-bourses\/\">D\u00e9couvre toutes les bourses<\/a><\/p>\n\n\n\n<h2 class=\"wp-block-heading\">Frais de demande<\/h2>\n\n\n\n<ul class=\"wp-block-list\">\n<li style=\"margin-top:var(--wp--preset--spacing--30);margin-bottom:var(--wp--preset--spacing--30)\">75 $ CAD<\/li>\n\n\n\n<li style=\"margin-top:var(--wp--preset--spacing--30);margin-bottom:var(--wp--preset--spacing--30)\">Payable en ligne par carte de cr\u00e9dit<\/li>\n\n\n\n<li style=\"margin-top:var(--wp--preset--spacing--30);margin-bottom:var(--wp--preset--spacing--30)\">Non remboursable<\/li>\n\n\n\n<li style=\"margin-top:var(--wp--preset--spacing--30);margin-bottom:var(--wp--preset--spacing--30)\">Sans frais suppl\u00e9mentaires<\/li>\n<\/ul>\n\n\n\n<p class=\"has-theme-palette-2-color has-text-color has-link-color wp-elements-e1167d23b9645cd5af1f9a88d31dc981\"><a href=\"https:\/\/www.ubishops.ca\/fr\/futurs-etudiants\/bishops-university-online-application\/\" target=\"_blank\" rel=\"noreferrer noopener\"><\/a><a href=\"https:\/\/www.ubishops.ca\/fr\/futurs-etudiants\/bishops-university-online-application\/\">D\u00e9pose ta demande et paie en ligne<\/a><\/p>\n\n\n\n<h2 class=\"wp-block-heading\">Apr\u00e8s avoir postul\u00e9<\/h2>\n\n\n\n<ul class=\"wp-block-list\">\n<li style=\"margin-top:var(--wp--preset--spacing--30);margin-bottom:var(--wp--preset--spacing--30)\">Tu recevras un courriel avec ton acc\u00e8s au portail myBU<\/li>\n\n\n\n<li style=\"margin-top:var(--wp--preset--spacing--30);margin-bottom:var(--wp--preset--spacing--30)\">Une fois ton dossier complet, il sera \u00e9valu\u00e9<\/li>\n\n\n\n<li style=\"margin-top:var(--wp--preset--spacing--30);margin-bottom:var(--wp--preset--spacing--30)\">D\u00e9cision en g\u00e9n\u00e9ral sous 10 jours ouvrables<\/li>\n\n\n\n<li style=\"margin-top:var(--wp--preset--spacing--30);margin-bottom:var(--wp--preset--spacing--30)\">Si admis : accepte ton offre, paie les d\u00e9p\u00f4ts, inscris-toi aux cours, demande une place en r\u00e9sidence, pr\u00e9pare-toi pour l\u2019orientation<br><\/li>\n<\/ul>\n\n\n\n<p><em>V\u00e9rifier les communications de l\u2019\u00e9v\u00eaque sur le moment o\u00f9 il faut s\u2019inscrire aux cours, organiser le logement\/la r\u00e9sidence, les r\u00e9unions d\u2019orientation et de planification, etc.&nbsp;<\/em><\/p>\n\n\n\n<p class=\"has-theme-palette-2-color has-text-color has-link-color wp-elements-2a9d731e6263528d4bffedebaa722f98\"><a href=\"https:\/\/www.ubishops.ca\/fr\/futurs-etudiants\/nouveaux-etudiants\/\" target=\"_blank\" rel=\"noreferrer noopener\"><\/a><a href=\"https:\/\/www.ubishops.ca\/fr\/futurs-etudiants\/nouveaux-etudiants\/\">Tu as accept\u00e9 ton offre? D\u00e9couvre les prochaines \u00e9tapes<\/a><\/p>\n\n\n\n<h2 class=\"wp-block-heading\">Questions fr\u00e9quentes<\/h2>\n\n\n\n<p><strong>Combien de temps dure un baccalaur\u00e9at?<\/strong><br>3 ans pour les \u00e9tudiants du c\u00e9gep; 4 ans pour la plupart des autres. Certains programmes peuvent \u00eatre plus longs.<\/p>\n\n\n\n<p><strong>Quelles sont les dates limites?<\/strong><br>1er mai (Canada\/\u00c9.-U.) et 1er mars (\u00e9tudiants internationaux) pour l\u2019entr\u00e9e \u00e0 l\u2019automne.&nbsp;<\/p>\n\n\n\n<p><strong>Combien de temps pour obtenir une d\u00e9cision?<\/strong><br>Environ 10 jours ouvrables une fois le dossier complet.<\/p>\n\n\n\n<p><strong>Quel est le frais de demande?<\/strong><br>75\u202f$\u202fCA, payable lors de la soumission.<\/p>\n\n\n\n<p><strong>Est-ce que r\u00e9pondre aux exigences minimales garantit l\u2019admission?<\/strong><br>Non \u2014 l\u2019admission est concurrentielle et d\u00e9pend de l\u2019espace disponible.<\/p>\n\n\n\n<h2 class=\"wp-block-heading\">Pr\u00eat \u00e0 rejoindre Bishop\u2019s?<\/h2>\n\n\n\n<p>Fais le premier pas vers une exp\u00e9rience universitaire inoubliable.<\/p>\n\n\n\n<p class=\"has-theme-palette-2-color has-text-color has-link-color wp-elements-4e1b4c8cffcec56a1d074ed106c6569c\" style=\"margin-top:0;margin-bottom:0\"><a href=\"https:\/\/www.ubishops.ca\/fr\/futurs-etudiants\/bishops-university-online-application\/\" target=\"_blank\" rel=\"noreferrer noopener\"><\/a><a href=\"https:\/\/www.ubishops.ca\/fr\/futurs-etudiants\/bishops-university-online-application\/\">Commence ta demande d\u00e8s maintenant<\/a><\/p>\n","protected":false},"excerpt":{"rendered":"<p>Bienvenue! Pr\u00eat \u00e0 passer \u00e0 la prochaine \u00e9tape vers tes \u00e9tudes universitaires? \u00c0 l\u2019Universit\u00e9 Bishop\u2019s, le processus d\u2019admission est simple, transparent et con\u00e7u pour t\u2019accompagner. Tu trouveras ci-dessous tout ce dont tu as besoin pour poser ta candidature \u2014 exigences, dates limites, dur\u00e9e des programmes et ce qui suit apr\u00e8s. Pr\u00eat \u00e0 commencer? D\u00e9pose ta&#8230;<\/p>\n","protected":false},"author":49,"featured_media":0,"parent":108799,"menu_order":40,"comment_status":"closed","ping_status":"closed","template":"","meta":{"_acf_changed":false,"_cbd_carousel_blocks":"[]","_kad_blocks_custom_css":"","_kad_blocks_head_custom_js":"","_kad_blocks_body_custom_js":"","_kad_blocks_footer_custom_js":"","_kad_post_transparent":"","_kad_post_title":"","_kad_post_layout":"","_kad_post_sidebar_id":"","_kad_post_content_style":"","_kad_post_vertical_padding":"","_kad_post_feature":"","_kad_post_feature_position":"","_kad_post_header":false,"_kad_post_footer":false,"_kad_post_classname":"","footnotes":""},"class_list":["post-10786","page","type-page","status-publish","hentry"],"acf":[],"yoast_head":"<!-- This site is optimized with the Yoast SEO plugin v27.2 - https:\/\/yoast.com\/product\/yoast-seo-wordpress\/ -->\n<title>Processus d\u2019admission - Bishop&#039;s University<\/title>\n<meta name=\"robots\" content=\"index, follow, max-snippet:-1, max-image-preview:large, max-video-preview:-1\" \/>\n<link rel=\"canonical\" href=\"https:\/\/www.ubishops.ca\/fr\/futurs-etudiants\/processus-dadmission\/\" \/>\n<meta property=\"og:locale\" content=\"fr_FR\" \/>\n<meta property=\"og:type\" content=\"article\" \/>\n<meta property=\"og:title\" content=\"Processus d\u2019admission - Bishop&#039;s University\" \/>\n<meta property=\"og:description\" content=\"Bienvenue! Pr\u00eat \u00e0 passer \u00e0 la prochaine \u00e9tape vers tes \u00e9tudes universitaires? \u00c0 l\u2019Universit\u00e9 Bishop\u2019s, le processus d\u2019admission est simple, transparent et con\u00e7u pour t\u2019accompagner. Tu trouveras ci-dessous tout ce dont tu as besoin pour poser ta candidature \u2014 exigences, dates limites, dur\u00e9e des programmes et ce qui suit apr\u00e8s. Pr\u00eat \u00e0 commencer? D\u00e9pose ta...\" \/>\n<meta property=\"og:url\" content=\"https:\/\/www.ubishops.ca\/fr\/futurs-etudiants\/processus-dadmission\/\" \/>\n<meta property=\"og:site_name\" content=\"Bishop&#039;s University\" \/>\n<meta property=\"article:publisher\" content=\"https:\/\/www.facebook.com\/ubishops\" \/>\n<meta property=\"article:modified_time\" content=\"2026-02-27T16:52:23+00:00\" \/>\n<meta name=\"twitter:card\" content=\"summary_large_image\" \/>\n<meta name=\"twitter:site\" content=\"@ubishops\" \/>\n<meta name=\"twitter:label1\" content=\"Dur\u00e9e de lecture estim\u00e9e\" \/>\n\t<meta name=\"twitter:data1\" content=\"2 minutes\" \/>\n<script type=\"application\/ld+json\" class=\"yoast-schema-graph\">{\"@context\":\"https:\/\/schema.org\",\"@graph\":[{\"@type\":\"WebPage\",\"@id\":\"https:\/\/www.ubishops.ca\/fr\/futurs-etudiants\/processus-dadmission\/\",\"url\":\"https:\/\/www.ubishops.ca\/fr\/futurs-etudiants\/processus-dadmission\/\",\"name\":\"Processus d\u2019admission - Bishop&#039;s University\",\"isPartOf\":{\"@id\":\"https:\/\/www.ubishops.ca\/#website\"},\"datePublished\":\"2016-05-05T20:38:42+00:00\",\"dateModified\":\"2026-02-27T16:52:23+00:00\",\"breadcrumb\":{\"@id\":\"https:\/\/www.ubishops.ca\/fr\/futurs-etudiants\/processus-dadmission\/#breadcrumb\"},\"inLanguage\":\"fr-FR\",\"potentialAction\":[{\"@type\":\"ReadAction\",\"target\":[\"https:\/\/www.ubishops.ca\/fr\/futurs-etudiants\/processus-dadmission\/\"]}]},{\"@type\":\"BreadcrumbList\",\"@id\":\"https:\/\/www.ubishops.ca\/fr\/futurs-etudiants\/processus-dadmission\/#breadcrumb\",\"itemListElement\":[{\"@type\":\"ListItem\",\"position\":1,\"name\":\"Accueil\",\"item\":\"https:\/\/www.ubishops.ca\/fr\/\"},{\"@type\":\"ListItem\",\"position\":2,\"name\":\"Futurs \u00e9tudiants\",\"item\":\"https:\/\/www.ubishops.ca\/fr\/futurs-etudiants\/\"},{\"@type\":\"ListItem\",\"position\":3,\"name\":\"Processus d\u2019admission\"}]},{\"@type\":\"WebSite\",\"@id\":\"https:\/\/www.ubishops.ca\/#website\",\"url\":\"https:\/\/www.ubishops.ca\/\",\"name\":\"Bishop&#039;s University\",\"description\":\"\",\"potentialAction\":[{\"@type\":\"SearchAction\",\"target\":{\"@type\":\"EntryPoint\",\"urlTemplate\":\"https:\/\/www.ubishops.ca\/?s={search_term_string}\"},\"query-input\":{\"@type\":\"PropertyValueSpecification\",\"valueRequired\":true,\"valueName\":\"search_term_string\"}}],\"inLanguage\":\"fr-FR\"}]}<\/script>\n<!-- \/ Yoast SEO plugin. -->","yoast_head_json":{"title":"Processus d\u2019admission - Bishop&#039;s University","robots":{"index":"index","follow":"follow","max-snippet":"max-snippet:-1","max-image-preview":"max-image-preview:large","max-video-preview":"max-video-preview:-1"},"canonical":"https:\/\/www.ubishops.ca\/fr\/futurs-etudiants\/processus-dadmission\/","og_locale":"fr_FR","og_type":"article","og_title":"Processus d\u2019admission - Bishop&#039;s University","og_description":"Bienvenue! Pr\u00eat \u00e0 passer \u00e0 la prochaine \u00e9tape vers tes \u00e9tudes universitaires? \u00c0 l\u2019Universit\u00e9 Bishop\u2019s, le processus d\u2019admission est simple, transparent et con\u00e7u pour t\u2019accompagner. Tu trouveras ci-dessous tout ce dont tu as besoin pour poser ta candidature \u2014 exigences, dates limites, dur\u00e9e des programmes et ce qui suit apr\u00e8s. Pr\u00eat \u00e0 commencer? D\u00e9pose ta...","og_url":"https:\/\/www.ubishops.ca\/fr\/futurs-etudiants\/processus-dadmission\/","og_site_name":"Bishop&#039;s University","article_publisher":"https:\/\/www.facebook.com\/ubishops","article_modified_time":"2026-02-27T16:52:23+00:00","twitter_card":"summary_large_image","twitter_site":"@ubishops","twitter_misc":{"Dur\u00e9e de lecture estim\u00e9e":"2 minutes"},"schema":{"@context":"https:\/\/schema.org","@graph":[{"@type":"WebPage","@id":"https:\/\/www.ubishops.ca\/fr\/futurs-etudiants\/processus-dadmission\/","url":"https:\/\/www.ubishops.ca\/fr\/futurs-etudiants\/processus-dadmission\/","name":"Processus d\u2019admission - Bishop&#039;s University","isPartOf":{"@id":"https:\/\/www.ubishops.ca\/#website"},"datePublished":"2016-05-05T20:38:42+00:00","dateModified":"2026-02-27T16:52:23+00:00","breadcrumb":{"@id":"https:\/\/www.ubishops.ca\/fr\/futurs-etudiants\/processus-dadmission\/#breadcrumb"},"inLanguage":"fr-FR","potentialAction":[{"@type":"ReadAction","target":["https:\/\/www.ubishops.ca\/fr\/futurs-etudiants\/processus-dadmission\/"]}]},{"@type":"BreadcrumbList","@id":"https:\/\/www.ubishops.ca\/fr\/futurs-etudiants\/processus-dadmission\/#breadcrumb","itemListElement":[{"@type":"ListItem","position":1,"name":"Accueil","item":"https:\/\/www.ubishops.ca\/fr\/"},{"@type":"ListItem","position":2,"name":"Futurs \u00e9tudiants","item":"https:\/\/www.ubishops.ca\/fr\/futurs-etudiants\/"},{"@type":"ListItem","position":3,"name":"Processus d\u2019admission"}]},{"@type":"WebSite","@id":"https:\/\/www.ubishops.ca\/#website","url":"https:\/\/www.ubishops.ca\/","name":"Bishop&#039;s University","description":"","potentialAction":[{"@type":"SearchAction","target":{"@type":"EntryPoint","urlTemplate":"https:\/\/www.ubishops.ca\/?s={search_term_string}"},"query-input":{"@type":"PropertyValueSpecification","valueRequired":true,"valueName":"search_term_string"}}],"inLanguage":"fr-FR"}]}},"taxonomy_info":[],"featured_image_src_large":false,"author_info":{"display_name":"Julie Fradette","author_link":"https:\/\/www.ubishops.ca\/fr\/author\/jfradett\/"},"comment_info":0,"publishpress_future_action":{"enabled":false,"date":"2026-04-15 11:18:35","action":"change-status","newStatus":"draft","terms":[],"taxonomy":"translation_priority","extraData":[]},"publishpress_future_workflow_manual_trigger":{"enabledWorkflows":[]},"_links":{"self":[{"href":"https:\/\/www.ubishops.ca\/fr\/wp-json\/wp\/v2\/pages\/10786","targetHints":{"allow":["GET"]}}],"collection":[{"href":"https:\/\/www.ubishops.ca\/fr\/wp-json\/wp\/v2\/pages"}],"about":[{"href":"https:\/\/www.ubishops.ca\/fr\/wp-json\/wp\/v2\/types\/page"}],"author":[{"embeddable":true,"href":"https:\/\/www.ubishops.ca\/fr\/wp-json\/wp\/v2\/users\/49"}],"replies":[{"embeddable":true,"href":"https:\/\/www.ubishops.ca\/fr\/wp-json\/wp\/v2\/comments?post=10786"}],"version-history":[{"count":12,"href":"https:\/\/www.ubishops.ca\/fr\/wp-json\/wp\/v2\/pages\/10786\/revisions"}],"predecessor-version":[{"id":130947,"href":"https:\/\/www.ubishops.ca\/fr\/wp-json\/wp\/v2\/pages\/10786\/revisions\/130947"}],"up":[{"embeddable":true,"href":"https:\/\/www.ubishops.ca\/fr\/wp-json\/wp\/v2\/pages\/108799"}],"wp:attachment":[{"href":"https:\/\/www.ubishops.ca\/fr\/wp-json\/wp\/v2\/media?parent=10786"}],"curies":[{"name":"wp","href":"https:\/\/api.w.org\/{rel}","templated":true}]}}