{"id":107663,"date":"2024-01-31T13:32:05","date_gmt":"2024-01-31T18:32:05","guid":{"rendered":"https:\/\/www.ubishops.ca\/the-desjardins-estrie-preneur-internship-program\/"},"modified":"2025-02-13T10:52:13","modified_gmt":"2025-02-13T15:52:13","slug":"the-desjardins-estrie-preneur-internship-program","status":"publish","type":"page","link":"https:\/\/www.ubishops.ca\/fr\/the-desjardins-estrie-preneur-internship-program\/","title":{"rendered":"Le Programme de stages Desjardins Estrie-Preneur"},"content":{"rendered":"\n<p>Le Programme de stages Desjardins Estrie-Preneur vise \u00e0 permettre aux personnes \u00e9tudiantes de vivre une exp\u00e9rience unique de 8 semaines en travaillant sur des probl\u00e9matiques r\u00e9elles et des d\u00e9fis rencontr\u00e9s par des entreprises et des organisations dans les Cantons de l&rsquo;Est. Chaque printemps, 8 personnes \u00e9tudiantes sont regroup\u00e9es en \u00e9quipes de 2, et chaque \u00e9quipe se voit confier un mandat sp\u00e9cifique aupr\u00e8s de l&rsquo;une des quatre organisations choisies pour le programme de stages. Sous la supervision d&rsquo;un consultant chevronn\u00e9, ces personnes \u00e9tudiantes travailleront \u00e0 plein temps sur ce mandat sp\u00e9cifique.<\/p>\n\n\n\n<p>Le Programme de stages Desjardins Estrie-Preneur est ouvert \u00e0 toutes les personnes \u00e9tudiantes \u00e0 temps plein (12 cr\u00e9dits pendant le semestre d&rsquo;hiver) de tous les programmes acad\u00e9miques. Le processus de recrutement est g\u00e9n\u00e9ralement lanc\u00e9 en janvier de chaque ann\u00e9e, et les candidats sont s\u00e9lectionn\u00e9s au plus tard en mars. Chacune des personnes \u00e9tudiantes s\u00e9lectionn\u00e9es recevra une bourse totale de 5\u00a0200$, payable pendant le projet.<\/p>\n\n\n\n<p>Nous recrutons actuellement des personnes \u00e9tudiantes et des entreprises\/organisations pour la 9e \u00e9dition du Programme de stages Desjardins Estrie-Preneur. <strong>La date limite pour postuler<\/strong> au Programme de stages Desjardins Estrie-Preneur du printemps 2025 <strong>est le <strong>28 f\u00e9vrier 2025<\/strong>, \u00e0 midi<\/strong>.<\/p>\n\n\n\n<div style=\"height:25px\" aria-hidden=\"true\" class=\"wp-block-spacer\"><\/div>\n\n\n\n<p><strong>Informations d\u00e9taill\u00e9es et processus d&rsquo;inscription au Programme de stages Desjardins Estrie-Preneur printemps 2025 :<\/strong><\/p>\n\n\n\n<p><a href=\"https:\/\/www.ubishops.ca\/wp-content\/uploads\/Brochure-Estrie-preneur-2025-ENG-STUDENTS.pdf\" target=\"_blank\" rel=\"noreferrer noopener\">PDF (en anglais) pour les \u00e9tudiants \u00e0 temps plein de l\u2019Universit\u00e9 Bishop\u2019s.<\/a><\/p>\n\n\n\n<p><a href=\"https:\/\/www.ubishops.ca\/wp-content\/uploads\/Brochure-Estrie-preneur-2025-ENTREPRISES-FRA.pdf\" target=\"_blank\" rel=\"noreferrer noopener\">PDF pour les organisations (membres Desjardins).<\/a><\/p>\n","protected":false},"excerpt":{"rendered":"<p>Le Programme de stages Desjardins Estrie-Preneur vise \u00e0 permettre aux personnes \u00e9tudiantes de vivre une exp\u00e9rience unique de 8 semaines en travaillant sur des probl\u00e9matiques r\u00e9elles et des d\u00e9fis rencontr\u00e9s par des entreprises et des organisations dans les Cantons de l&rsquo;Est. Chaque printemps, 8 personnes \u00e9tudiantes sont regroup\u00e9es en \u00e9quipes de 2, et chaque \u00e9quipe&#8230;<\/p>\n","protected":false},"author":49,"featured_media":0,"parent":0,"menu_order":241,"comment_status":"closed","ping_status":"closed","template":"","meta":{"_acf_changed":false,"_cbd_carousel_blocks":"[]","_kad_blocks_custom_css":"","_kad_blocks_head_custom_js":"","_kad_blocks_body_custom_js":"","_kad_blocks_footer_custom_js":"","_kad_post_transparent":"","_kad_post_title":"","_kad_post_layout":"","_kad_post_sidebar_id":"","_kad_post_content_style":"","_kad_post_vertical_padding":"","_kad_post_feature":"","_kad_post_feature_position":"","_kad_post_header":false,"_kad_post_footer":false,"_kad_post_classname":"","footnotes":""},"class_list":["post-107663","page","type-page","status-publish","hentry"],"acf":[],"yoast_head":"<!-- This site is optimized with the Yoast SEO plugin v27.2 - https:\/\/yoast.com\/product\/yoast-seo-wordpress\/ -->\n<title>Le Programme de stages Desjardins Estrie-Preneur - Bishop&#039;s University<\/title>\n<meta name=\"robots\" content=\"index, follow, max-snippet:-1, max-image-preview:large, max-video-preview:-1\" \/>\n<link rel=\"canonical\" href=\"https:\/\/www.ubishops.ca\/fr\/the-desjardins-estrie-preneur-internship-program\/\" \/>\n<meta property=\"og:locale\" content=\"fr_FR\" \/>\n<meta property=\"og:type\" content=\"article\" \/>\n<meta property=\"og:title\" content=\"Le Programme de stages Desjardins Estrie-Preneur - Bishop&#039;s University\" \/>\n<meta property=\"og:description\" content=\"Le Programme de stages Desjardins Estrie-Preneur vise \u00e0 permettre aux personnes \u00e9tudiantes de vivre une exp\u00e9rience unique de 8 semaines en travaillant sur des probl\u00e9matiques r\u00e9elles et des d\u00e9fis rencontr\u00e9s par des entreprises et des organisations dans les Cantons de l&rsquo;Est. Chaque printemps, 8 personnes \u00e9tudiantes sont regroup\u00e9es en \u00e9quipes de 2, et chaque \u00e9quipe...\" \/>\n<meta property=\"og:url\" content=\"https:\/\/www.ubishops.ca\/fr\/the-desjardins-estrie-preneur-internship-program\/\" \/>\n<meta property=\"og:site_name\" content=\"Bishop&#039;s University\" \/>\n<meta property=\"article:publisher\" content=\"https:\/\/www.facebook.com\/ubishops\" \/>\n<meta property=\"article:modified_time\" content=\"2025-02-13T15:52:13+00:00\" \/>\n<meta name=\"twitter:card\" content=\"summary_large_image\" \/>\n<meta name=\"twitter:site\" content=\"@ubishops\" \/>\n<meta name=\"twitter:label1\" content=\"Dur\u00e9e de lecture estim\u00e9e\" \/>\n\t<meta name=\"twitter:data1\" content=\"1 minute\" \/>\n<script type=\"application\/ld+json\" class=\"yoast-schema-graph\">{\"@context\":\"https:\/\/schema.org\",\"@graph\":[{\"@type\":\"WebPage\",\"@id\":\"https:\/\/www.ubishops.ca\/fr\/the-desjardins-estrie-preneur-internship-program\/\",\"url\":\"https:\/\/www.ubishops.ca\/fr\/the-desjardins-estrie-preneur-internship-program\/\",\"name\":\"Le Programme de stages Desjardins Estrie-Preneur - Bishop&#039;s University\",\"isPartOf\":{\"@id\":\"https:\/\/www.ubishops.ca\/#website\"},\"datePublished\":\"2024-01-31T18:32:05+00:00\",\"dateModified\":\"2025-02-13T15:52:13+00:00\",\"breadcrumb\":{\"@id\":\"https:\/\/www.ubishops.ca\/fr\/the-desjardins-estrie-preneur-internship-program\/#breadcrumb\"},\"inLanguage\":\"fr-FR\",\"potentialAction\":[{\"@type\":\"ReadAction\",\"target\":[\"https:\/\/www.ubishops.ca\/fr\/the-desjardins-estrie-preneur-internship-program\/\"]}]},{\"@type\":\"BreadcrumbList\",\"@id\":\"https:\/\/www.ubishops.ca\/fr\/the-desjardins-estrie-preneur-internship-program\/#breadcrumb\",\"itemListElement\":[{\"@type\":\"ListItem\",\"position\":1,\"name\":\"Accueil\",\"item\":\"https:\/\/www.ubishops.ca\/fr\/\"},{\"@type\":\"ListItem\",\"position\":2,\"name\":\"Le Programme de stages Desjardins Estrie-Preneur\"}]},{\"@type\":\"WebSite\",\"@id\":\"https:\/\/www.ubishops.ca\/#website\",\"url\":\"https:\/\/www.ubishops.ca\/\",\"name\":\"Bishop&#039;s University\",\"description\":\"\",\"potentialAction\":[{\"@type\":\"SearchAction\",\"target\":{\"@type\":\"EntryPoint\",\"urlTemplate\":\"https:\/\/www.ubishops.ca\/?s={search_term_string}\"},\"query-input\":{\"@type\":\"PropertyValueSpecification\",\"valueRequired\":true,\"valueName\":\"search_term_string\"}}],\"inLanguage\":\"fr-FR\"}]}<\/script>\n<!-- \/ Yoast SEO plugin. -->","yoast_head_json":{"title":"Le Programme de stages Desjardins Estrie-Preneur - Bishop&#039;s University","robots":{"index":"index","follow":"follow","max-snippet":"max-snippet:-1","max-image-preview":"max-image-preview:large","max-video-preview":"max-video-preview:-1"},"canonical":"https:\/\/www.ubishops.ca\/fr\/the-desjardins-estrie-preneur-internship-program\/","og_locale":"fr_FR","og_type":"article","og_title":"Le Programme de stages Desjardins Estrie-Preneur - Bishop&#039;s University","og_description":"Le Programme de stages Desjardins Estrie-Preneur vise \u00e0 permettre aux personnes \u00e9tudiantes de vivre une exp\u00e9rience unique de 8 semaines en travaillant sur des probl\u00e9matiques r\u00e9elles et des d\u00e9fis rencontr\u00e9s par des entreprises et des organisations dans les Cantons de l&rsquo;Est. Chaque printemps, 8 personnes \u00e9tudiantes sont regroup\u00e9es en \u00e9quipes de 2, et chaque \u00e9quipe...","og_url":"https:\/\/www.ubishops.ca\/fr\/the-desjardins-estrie-preneur-internship-program\/","og_site_name":"Bishop&#039;s University","article_publisher":"https:\/\/www.facebook.com\/ubishops","article_modified_time":"2025-02-13T15:52:13+00:00","twitter_card":"summary_large_image","twitter_site":"@ubishops","twitter_misc":{"Dur\u00e9e de lecture estim\u00e9e":"1 minute"},"schema":{"@context":"https:\/\/schema.org","@graph":[{"@type":"WebPage","@id":"https:\/\/www.ubishops.ca\/fr\/the-desjardins-estrie-preneur-internship-program\/","url":"https:\/\/www.ubishops.ca\/fr\/the-desjardins-estrie-preneur-internship-program\/","name":"Le Programme de stages Desjardins Estrie-Preneur - Bishop&#039;s University","isPartOf":{"@id":"https:\/\/www.ubishops.ca\/#website"},"datePublished":"2024-01-31T18:32:05+00:00","dateModified":"2025-02-13T15:52:13+00:00","breadcrumb":{"@id":"https:\/\/www.ubishops.ca\/fr\/the-desjardins-estrie-preneur-internship-program\/#breadcrumb"},"inLanguage":"fr-FR","potentialAction":[{"@type":"ReadAction","target":["https:\/\/www.ubishops.ca\/fr\/the-desjardins-estrie-preneur-internship-program\/"]}]},{"@type":"BreadcrumbList","@id":"https:\/\/www.ubishops.ca\/fr\/the-desjardins-estrie-preneur-internship-program\/#breadcrumb","itemListElement":[{"@type":"ListItem","position":1,"name":"Accueil","item":"https:\/\/www.ubishops.ca\/fr\/"},{"@type":"ListItem","position":2,"name":"Le Programme de stages Desjardins Estrie-Preneur"}]},{"@type":"WebSite","@id":"https:\/\/www.ubishops.ca\/#website","url":"https:\/\/www.ubishops.ca\/","name":"Bishop&#039;s University","description":"","potentialAction":[{"@type":"SearchAction","target":{"@type":"EntryPoint","urlTemplate":"https:\/\/www.ubishops.ca\/?s={search_term_string}"},"query-input":{"@type":"PropertyValueSpecification","valueRequired":true,"valueName":"search_term_string"}}],"inLanguage":"fr-FR"}]}},"taxonomy_info":[],"featured_image_src_large":false,"author_info":{"display_name":"Julie Fradette","author_link":"https:\/\/www.ubishops.ca\/fr\/author\/jfradett\/"},"comment_info":0,"publishpress_future_action":{"enabled":false,"date":"2026-04-16 03:05:21","action":"change-status","newStatus":"draft","terms":[],"taxonomy":"translation_priority","extraData":[]},"publishpress_future_workflow_manual_trigger":{"enabledWorkflows":[]},"_links":{"self":[{"href":"https:\/\/www.ubishops.ca\/fr\/wp-json\/wp\/v2\/pages\/107663","targetHints":{"allow":["GET"]}}],"collection":[{"href":"https:\/\/www.ubishops.ca\/fr\/wp-json\/wp\/v2\/pages"}],"about":[{"href":"https:\/\/www.ubishops.ca\/fr\/wp-json\/wp\/v2\/types\/page"}],"author":[{"embeddable":true,"href":"https:\/\/www.ubishops.ca\/fr\/wp-json\/wp\/v2\/users\/49"}],"replies":[{"embeddable":true,"href":"https:\/\/www.ubishops.ca\/fr\/wp-json\/wp\/v2\/comments?post=107663"}],"version-history":[{"count":2,"href":"https:\/\/www.ubishops.ca\/fr\/wp-json\/wp\/v2\/pages\/107663\/revisions"}],"predecessor-version":[{"id":120694,"href":"https:\/\/www.ubishops.ca\/fr\/wp-json\/wp\/v2\/pages\/107663\/revisions\/120694"}],"wp:attachment":[{"href":"https:\/\/www.ubishops.ca\/fr\/wp-json\/wp\/v2\/media?parent=107663"}],"curies":[{"name":"wp","href":"https:\/\/api.w.org\/{rel}","templated":true}]}}