{"id":101196,"date":"2023-07-06T10:02:43","date_gmt":"2023-07-06T14:02:43","guid":{"rendered":"https:\/\/www.ubishops.ca\/privacy-policy\/"},"modified":"2024-10-09T11:51:22","modified_gmt":"2024-10-09T15:51:22","slug":"privacy-policy","status":"publish","type":"page","link":"https:\/\/www.ubishops.ca\/fr\/bureau-des-relations-avec-les-diplomes-et-de-la-philanthropie\/privacy-policy\/","title":{"rendered":"Politique de confidentialit\u00e9"},"content":{"rendered":"\n<p><strong>Le bureau des relations aupr\u00e8s des dipl\u00f4m\u00e9.e.s et de la philanthropie de l\u2019Universit\u00e9 Bishop\u2019s :<\/strong><\/p>\n\n\n\n<p>Conform\u00e9ment aux dispositions de la Loi sur l&rsquo;acc\u00e8s aux documents des organismes publics et sur la protection des renseignements personnels (L.R.Q., chapitre A-2.1), tous les renseignements personnels recueillis par l&rsquo;Universit\u00e9 Bishop\u2019s ou le bureau des relations aupr\u00e8s des dipl\u00f4m\u00e9.e.s et de la philanthropie de l\u2019Universit\u00e9 Bishop\u2019s sont trait\u00e9s de mani\u00e8re confidentielle par les seules personnes autoris\u00e9es et uniquement pour l&rsquo;usage auquel ils sont destin\u00e9s.<\/p>\n\n\n\n<p>L&rsquo;Universit\u00e9 Bishop\u2019s et le bureau des relations aupr\u00e8s des dipl\u00f4m\u00e9.e.s et de la philanthropie de l\u2019Universit\u00e9 Bishop\u2019s recueillent et conservent des renseignements personnels afin d&rsquo;assurer la gestion de leurs relations avec les dipl\u00f4m\u00e9.e.s, \u00e9tudiant.e.s et ami.e.s de l&rsquo;Universit\u00e9, y compris les messages au sujet de l&rsquo;institution, les invitations, les campagnes de financement et les offres sp\u00e9ciales destin\u00e9es \u00e0 notre communaut\u00e9.<\/p>\n\n\n\n<p>L&rsquo;Universit\u00e9 Bishop\u2019s et le bureau des relations aupr\u00e8s des dipl\u00f4m\u00e9.e.s et de la philanthropie ne divulgueront aucun renseignement personnel \u00e0 des tiers, sauf si la loi ou une ordonnance du tribunal les y oblige, ou si elles retiennent les services d&rsquo;un tiers, auquel cas une clause de confidentialit\u00e9 assurera la protection des renseignements personnels.<\/p>\n\n\n\n<p>Les renseignements personnels fournis \u00e0 l&rsquo;Universit\u00e9 Bishop\u2019s ou au bureau des relations aupr\u00e8s des dipl\u00f4m\u00e9.e.s et de la philanthropie dans le cadre de cette relation, que ce soit en ligne, par \u00e9crit ou verbalement, seront trait\u00e9s conform\u00e9ment aux dispositions susmentionn\u00e9es par le bureau des relations aupr\u00e8s des dipl\u00f4m\u00e9.e.s et de la philanthropie de l\u2019Universit\u00e9 Bishop\u2019s.<\/p>\n\n\n\n<p>Pour toute question ou pr\u00e9occupation au sujet de vos renseignements personnels ou de la pr\u00e9sente d\u00e9claration de confidentialit\u00e9, veuillez communiquer avec nous \u00e0 l&rsquo;adresse suivante :<\/p>\n\n\n\n<p>Bureau des relations aupr\u00e8s des dipl\u00f4m\u00e9.e.s et de la philanthropie<br>Universit\u00e9 Bishop&rsquo;s<br>Maison Griffin, 2600 rue Coll\u00e8ge<br>Sherbrooke, QC J1M 1Z7<br><a href=\"&#109;&#x61;&#x69;l&#116;&#x6f;:&#97;&#x6c;&#x75;&#109;&#x6e;&#x69;&#64;&#85;&#x42;i&#115;&#x68;&#x6f;&#112;&#x73;&#x2e;c&#97;\">&#x61;l&#x75;&#109;n&#x69;&#64;&#x55;&#x42;i&#x73;&#104;o&#x70;&#115;&#x2e;&#99;a<\/a><\/p>\n","protected":false},"excerpt":{"rendered":"<p>Le bureau des relations aupr\u00e8s des dipl\u00f4m\u00e9.e.s et de la philanthropie de l\u2019Universit\u00e9 Bishop\u2019s : Conform\u00e9ment aux dispositions de la Loi sur l&rsquo;acc\u00e8s aux documents des organismes publics et sur la protection des renseignements personnels (L.R.Q., chapitre A-2.1), tous les renseignements personnels recueillis par l&rsquo;Universit\u00e9 Bishop\u2019s ou le bureau des relations aupr\u00e8s des dipl\u00f4m\u00e9.e.s et&#8230;<\/p>\n","protected":false},"author":56,"featured_media":0,"parent":116188,"menu_order":138,"comment_status":"closed","ping_status":"closed","template":"templates\/page-width-sidebar.php","meta":{"_acf_changed":false,"_cbd_carousel_blocks":"[]","_kad_blocks_custom_css":"","_kad_blocks_head_custom_js":"","_kad_blocks_body_custom_js":"","_kad_blocks_footer_custom_js":"","_kad_post_transparent":"","_kad_post_title":"","_kad_post_layout":"","_kad_post_sidebar_id":"","_kad_post_content_style":"","_kad_post_vertical_padding":"","_kad_post_feature":"","_kad_post_feature_position":"","_kad_post_header":false,"_kad_post_footer":false,"_kad_post_classname":"","footnotes":""},"class_list":["post-101196","page","type-page","status-publish","hentry"],"acf":[],"yoast_head":"<!-- This site is optimized with the Yoast SEO plugin v27.2 - https:\/\/yoast.com\/product\/yoast-seo-wordpress\/ -->\n<title>Politique de confidentialit\u00e9 - Bishop&#039;s University<\/title>\n<meta name=\"robots\" content=\"index, follow, max-snippet:-1, max-image-preview:large, max-video-preview:-1\" \/>\n<link rel=\"canonical\" href=\"https:\/\/www.ubishops.ca\/fr\/bureau-des-relations-avec-les-diplomes-et-de-la-philanthropie\/privacy-policy\/\" \/>\n<meta property=\"og:locale\" content=\"fr_FR\" \/>\n<meta property=\"og:type\" content=\"article\" \/>\n<meta property=\"og:title\" content=\"Politique de confidentialit\u00e9 - Bishop&#039;s University\" \/>\n<meta property=\"og:description\" content=\"Le bureau des relations aupr\u00e8s des dipl\u00f4m\u00e9.e.s et de la philanthropie de l\u2019Universit\u00e9 Bishop\u2019s : Conform\u00e9ment aux dispositions de la Loi sur l&rsquo;acc\u00e8s aux documents des organismes publics et sur la protection des renseignements personnels (L.R.Q., chapitre A-2.1), tous les renseignements personnels recueillis par l&rsquo;Universit\u00e9 Bishop\u2019s ou le bureau des relations aupr\u00e8s des dipl\u00f4m\u00e9.e.s et...\" \/>\n<meta property=\"og:url\" content=\"https:\/\/www.ubishops.ca\/fr\/bureau-des-relations-avec-les-diplomes-et-de-la-philanthropie\/privacy-policy\/\" \/>\n<meta property=\"og:site_name\" content=\"Bishop&#039;s University\" \/>\n<meta property=\"article:publisher\" content=\"https:\/\/www.facebook.com\/ubishops\" \/>\n<meta property=\"article:modified_time\" content=\"2024-10-09T15:51:22+00:00\" \/>\n<meta name=\"twitter:card\" content=\"summary_large_image\" \/>\n<meta name=\"twitter:site\" content=\"@ubishops\" \/>\n<meta name=\"twitter:label1\" content=\"Dur\u00e9e de lecture estim\u00e9e\" \/>\n\t<meta name=\"twitter:data1\" content=\"2 minutes\" \/>\n<script type=\"application\/ld+json\" class=\"yoast-schema-graph\">{\"@context\":\"https:\/\/schema.org\",\"@graph\":[{\"@type\":\"WebPage\",\"@id\":\"https:\/\/www.ubishops.ca\/fr\/bureau-des-relations-avec-les-diplomes-et-de-la-philanthropie\/privacy-policy\/\",\"url\":\"https:\/\/www.ubishops.ca\/fr\/bureau-des-relations-avec-les-diplomes-et-de-la-philanthropie\/privacy-policy\/\",\"name\":\"Politique de confidentialit\u00e9 - Bishop&#039;s University\",\"isPartOf\":{\"@id\":\"https:\/\/www.ubishops.ca\/#website\"},\"datePublished\":\"2023-07-06T14:02:43+00:00\",\"dateModified\":\"2024-10-09T15:51:22+00:00\",\"breadcrumb\":{\"@id\":\"https:\/\/www.ubishops.ca\/fr\/bureau-des-relations-avec-les-diplomes-et-de-la-philanthropie\/privacy-policy\/#breadcrumb\"},\"inLanguage\":\"fr-FR\",\"potentialAction\":[{\"@type\":\"ReadAction\",\"target\":[\"https:\/\/www.ubishops.ca\/fr\/bureau-des-relations-avec-les-diplomes-et-de-la-philanthropie\/privacy-policy\/\"]}]},{\"@type\":\"BreadcrumbList\",\"@id\":\"https:\/\/www.ubishops.ca\/fr\/bureau-des-relations-avec-les-diplomes-et-de-la-philanthropie\/privacy-policy\/#breadcrumb\",\"itemListElement\":[{\"@type\":\"ListItem\",\"position\":1,\"name\":\"Accueil\",\"item\":\"https:\/\/www.ubishops.ca\/fr\/\"},{\"@type\":\"ListItem\",\"position\":2,\"name\":\"Bureau des relations avec les dipl\u00f4m\u00e9s et de la philanthropie\",\"item\":\"https:\/\/www.ubishops.ca\/fr\/bureau-des-relations-avec-les-diplomes-et-de-la-philanthropie\/\"},{\"@type\":\"ListItem\",\"position\":3,\"name\":\"Politique de confidentialit\u00e9\"}]},{\"@type\":\"WebSite\",\"@id\":\"https:\/\/www.ubishops.ca\/#website\",\"url\":\"https:\/\/www.ubishops.ca\/\",\"name\":\"Bishop&#039;s University\",\"description\":\"\",\"potentialAction\":[{\"@type\":\"SearchAction\",\"target\":{\"@type\":\"EntryPoint\",\"urlTemplate\":\"https:\/\/www.ubishops.ca\/?s={search_term_string}\"},\"query-input\":{\"@type\":\"PropertyValueSpecification\",\"valueRequired\":true,\"valueName\":\"search_term_string\"}}],\"inLanguage\":\"fr-FR\"}]}<\/script>\n<!-- \/ Yoast SEO plugin. -->","yoast_head_json":{"title":"Politique de confidentialit\u00e9 - Bishop&#039;s University","robots":{"index":"index","follow":"follow","max-snippet":"max-snippet:-1","max-image-preview":"max-image-preview:large","max-video-preview":"max-video-preview:-1"},"canonical":"https:\/\/www.ubishops.ca\/fr\/bureau-des-relations-avec-les-diplomes-et-de-la-philanthropie\/privacy-policy\/","og_locale":"fr_FR","og_type":"article","og_title":"Politique de confidentialit\u00e9 - Bishop&#039;s University","og_description":"Le bureau des relations aupr\u00e8s des dipl\u00f4m\u00e9.e.s et de la philanthropie de l\u2019Universit\u00e9 Bishop\u2019s : Conform\u00e9ment aux dispositions de la Loi sur l&rsquo;acc\u00e8s aux documents des organismes publics et sur la protection des renseignements personnels (L.R.Q., chapitre A-2.1), tous les renseignements personnels recueillis par l&rsquo;Universit\u00e9 Bishop\u2019s ou le bureau des relations aupr\u00e8s des dipl\u00f4m\u00e9.e.s et...","og_url":"https:\/\/www.ubishops.ca\/fr\/bureau-des-relations-avec-les-diplomes-et-de-la-philanthropie\/privacy-policy\/","og_site_name":"Bishop&#039;s University","article_publisher":"https:\/\/www.facebook.com\/ubishops","article_modified_time":"2024-10-09T15:51:22+00:00","twitter_card":"summary_large_image","twitter_site":"@ubishops","twitter_misc":{"Dur\u00e9e de lecture estim\u00e9e":"2 minutes"},"schema":{"@context":"https:\/\/schema.org","@graph":[{"@type":"WebPage","@id":"https:\/\/www.ubishops.ca\/fr\/bureau-des-relations-avec-les-diplomes-et-de-la-philanthropie\/privacy-policy\/","url":"https:\/\/www.ubishops.ca\/fr\/bureau-des-relations-avec-les-diplomes-et-de-la-philanthropie\/privacy-policy\/","name":"Politique de confidentialit\u00e9 - Bishop&#039;s University","isPartOf":{"@id":"https:\/\/www.ubishops.ca\/#website"},"datePublished":"2023-07-06T14:02:43+00:00","dateModified":"2024-10-09T15:51:22+00:00","breadcrumb":{"@id":"https:\/\/www.ubishops.ca\/fr\/bureau-des-relations-avec-les-diplomes-et-de-la-philanthropie\/privacy-policy\/#breadcrumb"},"inLanguage":"fr-FR","potentialAction":[{"@type":"ReadAction","target":["https:\/\/www.ubishops.ca\/fr\/bureau-des-relations-avec-les-diplomes-et-de-la-philanthropie\/privacy-policy\/"]}]},{"@type":"BreadcrumbList","@id":"https:\/\/www.ubishops.ca\/fr\/bureau-des-relations-avec-les-diplomes-et-de-la-philanthropie\/privacy-policy\/#breadcrumb","itemListElement":[{"@type":"ListItem","position":1,"name":"Accueil","item":"https:\/\/www.ubishops.ca\/fr\/"},{"@type":"ListItem","position":2,"name":"Bureau des relations avec les dipl\u00f4m\u00e9s et de la philanthropie","item":"https:\/\/www.ubishops.ca\/fr\/bureau-des-relations-avec-les-diplomes-et-de-la-philanthropie\/"},{"@type":"ListItem","position":3,"name":"Politique de confidentialit\u00e9"}]},{"@type":"WebSite","@id":"https:\/\/www.ubishops.ca\/#website","url":"https:\/\/www.ubishops.ca\/","name":"Bishop&#039;s University","description":"","potentialAction":[{"@type":"SearchAction","target":{"@type":"EntryPoint","urlTemplate":"https:\/\/www.ubishops.ca\/?s={search_term_string}"},"query-input":{"@type":"PropertyValueSpecification","valueRequired":true,"valueName":"search_term_string"}}],"inLanguage":"fr-FR"}]}},"taxonomy_info":[],"featured_image_src_large":false,"author_info":{"display_name":"Gabrielle Stalker","author_link":"https:\/\/www.ubishops.ca\/fr\/author\/gstalker\/"},"comment_info":0,"publishpress_future_action":{"enabled":false,"date":"2026-04-15 18:25:33","action":"change-status","newStatus":"draft","terms":[],"taxonomy":"translation_priority","extraData":[]},"publishpress_future_workflow_manual_trigger":{"enabledWorkflows":[]},"_links":{"self":[{"href":"https:\/\/www.ubishops.ca\/fr\/wp-json\/wp\/v2\/pages\/101196","targetHints":{"allow":["GET"]}}],"collection":[{"href":"https:\/\/www.ubishops.ca\/fr\/wp-json\/wp\/v2\/pages"}],"about":[{"href":"https:\/\/www.ubishops.ca\/fr\/wp-json\/wp\/v2\/types\/page"}],"author":[{"embeddable":true,"href":"https:\/\/www.ubishops.ca\/fr\/wp-json\/wp\/v2\/users\/56"}],"replies":[{"embeddable":true,"href":"https:\/\/www.ubishops.ca\/fr\/wp-json\/wp\/v2\/comments?post=101196"}],"version-history":[{"count":0,"href":"https:\/\/www.ubishops.ca\/fr\/wp-json\/wp\/v2\/pages\/101196\/revisions"}],"up":[{"embeddable":true,"href":"https:\/\/www.ubishops.ca\/fr\/wp-json\/wp\/v2\/pages\/116188"}],"wp:attachment":[{"href":"https:\/\/www.ubishops.ca\/fr\/wp-json\/wp\/v2\/media?parent=101196"}],"curies":[{"name":"wp","href":"https:\/\/api.w.org\/{rel}","templated":true}]}}