{"id":100772,"date":"2023-08-23T14:04:05","date_gmt":"2023-08-23T18:04:05","guid":{"rendered":"https:\/\/www.ubishops.ca\/?page_id=100772"},"modified":"2025-02-21T11:24:10","modified_gmt":"2025-02-21T16:24:10","slug":"employeurs","status":"publish","type":"page","link":"https:\/\/www.ubishops.ca\/fr\/services-aux-etudiants\/employeurs\/","title":{"rendered":"Employeurs"},"content":{"rendered":"\n<h2 class=\"wp-block-heading\">Publier une offre d\u2019emploi<\/h2>\n\n\n\n<p>Nous vous invitons \u00e0 entrer en contact avec nos \u00e9tudiants et anciens \u00e9l\u00e8ves tr\u00e8s talentueux en affichant vos offres d&#8217;emploi sur notre tableau d&rsquo;offres. Veuillez remplir le formulaire ci-dessous avec tous les d\u00e9tails pertinents concernant le poste. Apr\u00e8s soumission, notre \u00e9quipe examinera votre annonce pour s&rsquo;assurer de son ad\u00e9quation et de sa pertinence, et une fois approuv\u00e9e, elle sera partag\u00e9e avec notre communaut\u00e9. Votre prochain employ\u00e9 exceptionnel pourrait \u00eatre \u00e0 seulement un clic de distance!<\/p>\n\n\n\n<h3 class=\"wp-block-heading\">Soumettre une offre d&#8217;emploi:<\/h3>\n\n\n\n<div class=\"wp-block-buttons is-layout-flex wp-block-buttons-is-layout-flex\">\n<div class=\"wp-block-button is-style-outline is-style-outline--1\"><a class=\"wp-block-button__link wp-element-button\" href=\"https:\/\/forms.office.com\/r\/t9BKv348W7\" target=\"_blank\" rel=\"noreferrer noopener\">Pour les employeurs hors campus<\/a><\/div>\n\n\n\n<div class=\"wp-block-button is-style-outline is-style-outline--2\"><a class=\"wp-block-button__link wp-element-button\" href=\"https:\/\/forms.office.com\/r\/QZLR6g7vA9\" target=\"_blank\" rel=\"noreferrer noopener\">Pour les employeurs sur le campus<\/a><\/div>\n<\/div>\n\n\n\n<h2 class=\"wp-block-heading\">Participer \u00e0 notre journ\u00e9e carri\u00e8re<\/h2>\n\n\n\n<p><strong>20 f\u00e9vrier 2025<\/strong><br>10 h \u00e0 14 h<\/p>\n\n\n\n<p>Lieux : \u00e0 <em>The Gait<\/em> sur le campus de l&rsquo;Universit\u00e9 Bishop&rsquo;s. Voir <a href=\"https:\/\/www.ubishops.ca\/contact-us\/directions-and-maps\/\">Directions and Maps<\/a>.<\/p>\n\n\n\n<p>La journ\u00e9e carri\u00e8re est l\u2019occasion pour nos \u00e9tudiants de se familiariser avec les secteurs d\u2019activit\u00e9 qui les int\u00e9ressent, de se renseigner sur les pratiques d\u2019embauche et les programmes de formation des entreprises, et d\u2019\u00eatre inform\u00e9s des possibilit\u00e9s d\u2019emploi. Un formulaire d\u2019inscription sera disponible en janvier 2024. Si vous souhaitez \u00eatre inscrit sur notre liste de diffusion, veuillez nous envoyer un courriel \u00e0 : <a href=\"&#109;&#x61;&#x69;&#108;&#x74;&#x6f;:&#x63;&#x61;r&#101;&#x65;r&#115;&#x65;r&#118;&#x69;c&#101;&#x73;&#64;&#117;&#x62;&#x69;&#115;&#x68;&#x6f;&#112;&#x73;&#x2e;c&#x61;\">&#99;&#x61;&#x72;e&#101;&#x72;s&#101;&#x72;&#x76;&#105;&#x63;&#x65;s&#64;&#x75;b&#105;&#x73;&#x68;&#111;&#x70;&#x73;&#46;&#99;&#x61;<\/a>.<\/p>\n\n\n\n<div class=\"wp-block-buttons is-layout-flex wp-block-buttons-is-layout-flex\">\n<div class=\"wp-block-button\"><a class=\"wp-block-button__link has-white-color has-purple-background-color has-text-color has-background has-link-color wp-element-button\" href=\"https:\/\/ubishops.jotform.com\/210885254701959\" target=\"_blank\" rel=\"noreferrer noopener\">Formulaire d&rsquo;inscription et de paiement<\/a><\/div>\n<\/div>\n\n\n\n<h2 class=\"wp-block-heading\">Organisez une s\u00e9ance de recrutement ou d\u2019information<\/h2>\n\n\n\n<p>Nous offrons la possibilit\u00e9 d\u2019organiser une s\u00e9ance d\u2019information ou un stand de recrutement aux entreprises ou aux universit\u00e9s qui ne peuvent pas assister \u00e0 nos \u00e9v\u00e9nements de carri\u00e8re officiels. Nous vous sugg\u00e9rons de nous contacter le plus t\u00f4t possible afin d\u2019augmenter le succ\u00e8s de votre \u00e9v\u00e9nement, et si vous avez d\u2019anciens \u00e9tudiants de Bishop\u2019s dans votre personnel, de les impliquer dans l\u2019\u00e9v\u00e9nement.<\/p>\n\n\n\n<p>Avis de non-responsabilit\u00e9 : Bishop\u2019s ne peut garantir la pr\u00e9sence des participants; les s\u00e9ances d\u2019information ne peuvent \u00eatre une activit\u00e9 obligatoire. Notre r\u00f4le est de faire la promotion par diff\u00e9rents canaux et de s\u2019assurer que l\u2019information est partag\u00e9e.<\/p>\n\n\n\n<p>Frais de service r\u00e9gulier : 125 $ par visite.<\/p>\n\n\n\n<p>Envoyez votre demande \u00e0 <a href=\"m&#97;&#105;&#108;&#x74;&#x6f;&#x3a;ca&#114;&#101;&#x65;&#x72;&#x73;&#x65;rv&#105;&#99;&#x65;&#x73;&#x40;&#x75;b&#105;&#115;&#104;&#x6f;&#x70;&#x73;&#46;c&#97;\">&#99;a&#114;e&#101;r&#x73;e&#x72;v&#x69;c&#x65;s&#x40;u&#x62;i&#x73;h&#x6f;p&#x73;&#46;&#x63;&#97;<\/a>.<\/p>\n\n\n\n<div class=\"wp-block-buttons is-layout-flex wp-block-buttons-is-layout-flex\">\n<div class=\"wp-block-button\"><a class=\"wp-block-button__link has-white-color has-purple-background-color has-text-color has-background has-link-color wp-element-button\" href=\"https:\/\/ubishops.jotform.com\/210885254701959\" target=\"_blank\" rel=\"noreferrer noopener\">Formulaire d&rsquo;inscription et de paiement<\/a><\/div>\n<\/div>\n","protected":false},"excerpt":{"rendered":"<p>Publier une offre d\u2019emploi Nous vous invitons \u00e0 entrer en contact avec nos \u00e9tudiants et anciens \u00e9l\u00e8ves tr\u00e8s talentueux en affichant vos offres d&#8217;emploi sur notre tableau d&rsquo;offres. Veuillez remplir le formulaire ci-dessous avec tous les d\u00e9tails pertinents concernant le poste. Apr\u00e8s soumission, notre \u00e9quipe examinera votre annonce pour s&rsquo;assurer de son ad\u00e9quation et de&#8230;<\/p>\n","protected":false},"author":49,"featured_media":0,"parent":118666,"menu_order":30,"comment_status":"closed","ping_status":"closed","template":"","meta":{"_acf_changed":false,"_cbd_carousel_blocks":"[]","_kad_blocks_custom_css":"","_kad_blocks_head_custom_js":"","_kad_blocks_body_custom_js":"","_kad_blocks_footer_custom_js":"","_kad_post_transparent":"","_kad_post_title":"","_kad_post_layout":"","_kad_post_sidebar_id":"","_kad_post_content_style":"","_kad_post_vertical_padding":"","_kad_post_feature":"","_kad_post_feature_position":"","_kad_post_header":false,"_kad_post_footer":false,"_kad_post_classname":"","footnotes":""},"class_list":["post-100772","page","type-page","status-publish","hentry"],"acf":[],"yoast_head":"<!-- This site is optimized with the Yoast SEO plugin v27.2 - https:\/\/yoast.com\/product\/yoast-seo-wordpress\/ -->\n<title>Employeurs - Bishop&#039;s University<\/title>\n<meta name=\"robots\" content=\"index, follow, max-snippet:-1, max-image-preview:large, max-video-preview:-1\" \/>\n<link rel=\"canonical\" href=\"https:\/\/www.ubishops.ca\/fr\/services-aux-etudiants\/employeurs\/\" \/>\n<meta property=\"og:locale\" content=\"fr_FR\" \/>\n<meta property=\"og:type\" content=\"article\" \/>\n<meta property=\"og:title\" content=\"Employeurs - Bishop&#039;s University\" \/>\n<meta property=\"og:description\" content=\"Publier une offre d\u2019emploi Nous vous invitons \u00e0 entrer en contact avec nos \u00e9tudiants et anciens \u00e9l\u00e8ves tr\u00e8s talentueux en affichant vos offres d&#8217;emploi sur notre tableau d&rsquo;offres. Veuillez remplir le formulaire ci-dessous avec tous les d\u00e9tails pertinents concernant le poste. Apr\u00e8s soumission, notre \u00e9quipe examinera votre annonce pour s&rsquo;assurer de son ad\u00e9quation et de...\" \/>\n<meta property=\"og:url\" content=\"https:\/\/www.ubishops.ca\/fr\/services-aux-etudiants\/employeurs\/\" \/>\n<meta property=\"og:site_name\" content=\"Bishop&#039;s University\" \/>\n<meta property=\"article:publisher\" content=\"https:\/\/www.facebook.com\/ubishops\" \/>\n<meta property=\"article:modified_time\" content=\"2025-02-21T16:24:10+00:00\" \/>\n<meta name=\"twitter:card\" content=\"summary_large_image\" \/>\n<meta name=\"twitter:site\" content=\"@ubishops\" \/>\n<meta name=\"twitter:label1\" content=\"Dur\u00e9e de lecture estim\u00e9e\" \/>\n\t<meta name=\"twitter:data1\" content=\"2 minutes\" \/>\n<script type=\"application\/ld+json\" class=\"yoast-schema-graph\">{\"@context\":\"https:\/\/schema.org\",\"@graph\":[{\"@type\":\"WebPage\",\"@id\":\"https:\/\/www.ubishops.ca\/fr\/services-aux-etudiants\/employeurs\/\",\"url\":\"https:\/\/www.ubishops.ca\/fr\/services-aux-etudiants\/employeurs\/\",\"name\":\"Employeurs - Bishop&#039;s University\",\"isPartOf\":{\"@id\":\"https:\/\/www.ubishops.ca\/#website\"},\"datePublished\":\"2023-08-23T18:04:05+00:00\",\"dateModified\":\"2025-02-21T16:24:10+00:00\",\"breadcrumb\":{\"@id\":\"https:\/\/www.ubishops.ca\/fr\/services-aux-etudiants\/employeurs\/#breadcrumb\"},\"inLanguage\":\"fr-FR\",\"potentialAction\":[{\"@type\":\"ReadAction\",\"target\":[\"https:\/\/www.ubishops.ca\/fr\/services-aux-etudiants\/employeurs\/\"]}]},{\"@type\":\"BreadcrumbList\",\"@id\":\"https:\/\/www.ubishops.ca\/fr\/services-aux-etudiants\/employeurs\/#breadcrumb\",\"itemListElement\":[{\"@type\":\"ListItem\",\"position\":1,\"name\":\"Accueil\",\"item\":\"https:\/\/www.ubishops.ca\/fr\/\"},{\"@type\":\"ListItem\",\"position\":2,\"name\":\"Services aux \u00e9tudiants\",\"item\":\"https:\/\/www.ubishops.ca\/fr\/services-aux-etudiants\/\"},{\"@type\":\"ListItem\",\"position\":3,\"name\":\"Employeurs\"}]},{\"@type\":\"WebSite\",\"@id\":\"https:\/\/www.ubishops.ca\/#website\",\"url\":\"https:\/\/www.ubishops.ca\/\",\"name\":\"Bishop&#039;s University\",\"description\":\"\",\"potentialAction\":[{\"@type\":\"SearchAction\",\"target\":{\"@type\":\"EntryPoint\",\"urlTemplate\":\"https:\/\/www.ubishops.ca\/?s={search_term_string}\"},\"query-input\":{\"@type\":\"PropertyValueSpecification\",\"valueRequired\":true,\"valueName\":\"search_term_string\"}}],\"inLanguage\":\"fr-FR\"}]}<\/script>\n<!-- \/ Yoast SEO plugin. -->","yoast_head_json":{"title":"Employeurs - Bishop&#039;s University","robots":{"index":"index","follow":"follow","max-snippet":"max-snippet:-1","max-image-preview":"max-image-preview:large","max-video-preview":"max-video-preview:-1"},"canonical":"https:\/\/www.ubishops.ca\/fr\/services-aux-etudiants\/employeurs\/","og_locale":"fr_FR","og_type":"article","og_title":"Employeurs - Bishop&#039;s University","og_description":"Publier une offre d\u2019emploi Nous vous invitons \u00e0 entrer en contact avec nos \u00e9tudiants et anciens \u00e9l\u00e8ves tr\u00e8s talentueux en affichant vos offres d&#8217;emploi sur notre tableau d&rsquo;offres. Veuillez remplir le formulaire ci-dessous avec tous les d\u00e9tails pertinents concernant le poste. Apr\u00e8s soumission, notre \u00e9quipe examinera votre annonce pour s&rsquo;assurer de son ad\u00e9quation et de...","og_url":"https:\/\/www.ubishops.ca\/fr\/services-aux-etudiants\/employeurs\/","og_site_name":"Bishop&#039;s University","article_publisher":"https:\/\/www.facebook.com\/ubishops","article_modified_time":"2025-02-21T16:24:10+00:00","twitter_card":"summary_large_image","twitter_site":"@ubishops","twitter_misc":{"Dur\u00e9e de lecture estim\u00e9e":"2 minutes"},"schema":{"@context":"https:\/\/schema.org","@graph":[{"@type":"WebPage","@id":"https:\/\/www.ubishops.ca\/fr\/services-aux-etudiants\/employeurs\/","url":"https:\/\/www.ubishops.ca\/fr\/services-aux-etudiants\/employeurs\/","name":"Employeurs - Bishop&#039;s University","isPartOf":{"@id":"https:\/\/www.ubishops.ca\/#website"},"datePublished":"2023-08-23T18:04:05+00:00","dateModified":"2025-02-21T16:24:10+00:00","breadcrumb":{"@id":"https:\/\/www.ubishops.ca\/fr\/services-aux-etudiants\/employeurs\/#breadcrumb"},"inLanguage":"fr-FR","potentialAction":[{"@type":"ReadAction","target":["https:\/\/www.ubishops.ca\/fr\/services-aux-etudiants\/employeurs\/"]}]},{"@type":"BreadcrumbList","@id":"https:\/\/www.ubishops.ca\/fr\/services-aux-etudiants\/employeurs\/#breadcrumb","itemListElement":[{"@type":"ListItem","position":1,"name":"Accueil","item":"https:\/\/www.ubishops.ca\/fr\/"},{"@type":"ListItem","position":2,"name":"Services aux \u00e9tudiants","item":"https:\/\/www.ubishops.ca\/fr\/services-aux-etudiants\/"},{"@type":"ListItem","position":3,"name":"Employeurs"}]},{"@type":"WebSite","@id":"https:\/\/www.ubishops.ca\/#website","url":"https:\/\/www.ubishops.ca\/","name":"Bishop&#039;s University","description":"","potentialAction":[{"@type":"SearchAction","target":{"@type":"EntryPoint","urlTemplate":"https:\/\/www.ubishops.ca\/?s={search_term_string}"},"query-input":{"@type":"PropertyValueSpecification","valueRequired":true,"valueName":"search_term_string"}}],"inLanguage":"fr-FR"}]}},"taxonomy_info":[],"featured_image_src_large":false,"author_info":{"display_name":"Julie Fradette","author_link":"https:\/\/www.ubishops.ca\/fr\/author\/jfradett\/"},"comment_info":0,"publishpress_future_action":{"enabled":false,"date":"2026-04-15 13:03:54","action":"change-status","newStatus":"draft","terms":[],"taxonomy":"translation_priority","extraData":[]},"publishpress_future_workflow_manual_trigger":{"enabledWorkflows":[]},"_links":{"self":[{"href":"https:\/\/www.ubishops.ca\/fr\/wp-json\/wp\/v2\/pages\/100772","targetHints":{"allow":["GET"]}}],"collection":[{"href":"https:\/\/www.ubishops.ca\/fr\/wp-json\/wp\/v2\/pages"}],"about":[{"href":"https:\/\/www.ubishops.ca\/fr\/wp-json\/wp\/v2\/types\/page"}],"author":[{"embeddable":true,"href":"https:\/\/www.ubishops.ca\/fr\/wp-json\/wp\/v2\/users\/49"}],"replies":[{"embeddable":true,"href":"https:\/\/www.ubishops.ca\/fr\/wp-json\/wp\/v2\/comments?post=100772"}],"version-history":[{"count":1,"href":"https:\/\/www.ubishops.ca\/fr\/wp-json\/wp\/v2\/pages\/100772\/revisions"}],"predecessor-version":[{"id":121315,"href":"https:\/\/www.ubishops.ca\/fr\/wp-json\/wp\/v2\/pages\/100772\/revisions\/121315"}],"up":[{"embeddable":true,"href":"https:\/\/www.ubishops.ca\/fr\/wp-json\/wp\/v2\/pages\/118666"}],"wp:attachment":[{"href":"https:\/\/www.ubishops.ca\/fr\/wp-json\/wp\/v2\/media?parent=100772"}],"curies":[{"name":"wp","href":"https:\/\/api.w.org\/{rel}","templated":true}]}}