{"id":100194,"date":"2023-07-07T13:35:47","date_gmt":"2023-07-07T17:35:47","guid":{"rendered":"https:\/\/www.ubishops.ca\/?page_id=100194"},"modified":"2026-01-12T13:46:10","modified_gmt":"2026-01-12T18:46:10","slug":"releve-de-notes","status":"publish","type":"page","link":"https:\/\/www.ubishops.ca\/fr\/releve-de-notes\/","title":{"rendered":"Relev\u00e9 de notes"},"content":{"rendered":"\n<h2 class=\"wp-block-heading\">Comment se procurer un relev\u00e9 de notes?<\/h2>\n\n\n\n<p>Un relev\u00e9 de notes est un dossier acad\u00e9mique complet portant le sceau de l&rsquo;universit\u00e9 et la signature du registraire.<\/p>\n\n\n\n<p><strong>Remarque :<\/strong> votre relev\u00e9 de notes ne sera pas livr\u00e9 si votre compte est bloqu\u00e9 pour des raisons financi\u00e8res ou si des documents du gouvernement sont manquants.<\/p>\n\n\n\n<h3 class=\"wp-block-heading\">Pour des instructions d\u00e9taill\u00e9es, s\u00e9lectionnez l&rsquo;une de ces deux options&nbsp;:<\/h3>\n\n\n<style>.kt-accordion-id100194_764401-6f .kt-accordion-inner-wrap{column-gap:var(--global-kb-gap-md, 2rem);row-gap:10px;}.kt-accordion-id100194_764401-6f .kt-accordion-panel-inner{border-top:0px solid transparent;border-right:1px solid transparent;border-bottom:1px solid transparent;border-left:1px solid transparent;background:#ffffff;padding-top:var(--global-kb-spacing-sm, 1.5rem);padding-right:var(--global-kb-spacing-sm, 1.5rem);padding-bottom:var(--global-kb-spacing-sm, 1.5rem);padding-left:var(--global-kb-spacing-sm, 1.5rem);}.kt-accordion-id100194_764401-6f > .kt-accordion-inner-wrap > .wp-block-kadence-pane > .kt-accordion-header-wrap > .kt-blocks-accordion-header{border-top:1px solid #eeeeee;border-right:1px solid #eeeeee;border-bottom:1px solid #eeeeee;border-left:2px solid #eeeeee;border-top-left-radius:0px;border-top-right-radius:0px;border-bottom-right-radius:0px;border-bottom-left-radius:0px;background:#ffffff;color:#444444;padding-top:14px;padding-right:16px;padding-bottom:14px;padding-left:16px;}.kt-accordion-id100194_764401-6f:not( .kt-accodion-icon-style-basiccircle ):not( .kt-accodion-icon-style-xclosecircle ):not( .kt-accodion-icon-style-arrowcircle )  > .kt-accordion-inner-wrap > .wp-block-kadence-pane > .kt-accordion-header-wrap .kt-blocks-accordion-icon-trigger:after, .kt-accordion-id100194_764401-6f:not( .kt-accodion-icon-style-basiccircle ):not( .kt-accodion-icon-style-xclosecircle ):not( .kt-accodion-icon-style-arrowcircle )  > .kt-accordion-inner-wrap > .wp-block-kadence-pane > .kt-accordion-header-wrap .kt-blocks-accordion-icon-trigger:before{background:#444444;}.kt-accordion-id100194_764401-6f:not( .kt-accodion-icon-style-basic ):not( .kt-accodion-icon-style-xclose ):not( .kt-accodion-icon-style-arrow ) .kt-blocks-accordion-icon-trigger{background:#444444;}.kt-accordion-id100194_764401-6f:not( .kt-accodion-icon-style-basic ):not( .kt-accodion-icon-style-xclose ):not( .kt-accodion-icon-style-arrow ) .kt-blocks-accordion-icon-trigger:after, .kt-accordion-id100194_764401-6f:not( .kt-accodion-icon-style-basic ):not( .kt-accodion-icon-style-xclose ):not( .kt-accodion-icon-style-arrow ) .kt-blocks-accordion-icon-trigger:before{background:#ffffff;}.kt-accordion-id100194_764401-6f > .kt-accordion-inner-wrap > .wp-block-kadence-pane > .kt-accordion-header-wrap > .kt-blocks-accordion-header:hover, \n\t\t\t\tbody:not(.hide-focus-outline) .kt-accordion-id100194_764401-6f .kt-blocks-accordion-header:focus-visible{color:#444444;background:#ffffff;border-top-color:#d4d4d4;border-top-style:solid;border-right-color:#d4d4d4;border-right-style:solid;border-bottom-color:#d4d4d4;border-bottom-style:solid;border-left-color:#d4d4d4;border-left-style:solid;}.kt-accordion-id100194_764401-6f:not( .kt-accodion-icon-style-basiccircle ):not( .kt-accodion-icon-style-xclosecircle ):not( .kt-accodion-icon-style-arrowcircle ) .kt-accordion-header-wrap .kt-blocks-accordion-header:hover .kt-blocks-accordion-icon-trigger:after, .kt-accordion-id100194_764401-6f:not( .kt-accodion-icon-style-basiccircle ):not( .kt-accodion-icon-style-xclosecircle ):not( .kt-accodion-icon-style-arrowcircle ) .kt-accordion-header-wrap .kt-blocks-accordion-header:hover .kt-blocks-accordion-icon-trigger:before, body:not(.hide-focus-outline) .kt-accordion-id100194_764401-6f:not( .kt-accodion-icon-style-basiccircle ):not( .kt-accodion-icon-style-xclosecircle ):not( .kt-accodion-icon-style-arrowcircle ) .kt-blocks-accordion--visible .kt-blocks-accordion-icon-trigger:after, body:not(.hide-focus-outline) .kt-accordion-id100194_764401-6f:not( .kt-accodion-icon-style-basiccircle ):not( .kt-accodion-icon-style-xclosecircle ):not( .kt-accodion-icon-style-arrowcircle ) .kt-blocks-accordion-header:focus-visible .kt-blocks-accordion-icon-trigger:before{background:#444444;}.kt-accordion-id100194_764401-6f:not( .kt-accodion-icon-style-basic ):not( .kt-accodion-icon-style-xclose ):not( .kt-accodion-icon-style-arrow ) .kt-accordion-header-wrap .kt-blocks-accordion-header:hover .kt-blocks-accordion-icon-trigger, body:not(.hide-focus-outline) .kt-accordion-id100194_764401-6f:not( .kt-accodion-icon-style-basic ):not( .kt-accodion-icon-style-xclose ):not( .kt-accodion-icon-style-arrow ) .kt-accordion-header-wrap .kt-blocks-accordion-header:focus-visible .kt-blocks-accordion-icon-trigger{background:#444444;}.kt-accordion-id100194_764401-6f:not( .kt-accodion-icon-style-basic ):not( .kt-accodion-icon-style-xclose ):not( .kt-accodion-icon-style-arrow ) .kt-accordion-header-wrap .kt-blocks-accordion-header:hover .kt-blocks-accordion-icon-trigger:after, .kt-accordion-id100194_764401-6f:not( .kt-accodion-icon-style-basic ):not( .kt-accodion-icon-style-xclose ):not( .kt-accodion-icon-style-arrow ) .kt-accordion-header-wrap .kt-blocks-accordion-header:hover .kt-blocks-accordion-icon-trigger:before, body:not(.hide-focus-outline) .kt-accordion-id100194_764401-6f:not( .kt-accodion-icon-style-basic ):not( .kt-accodion-icon-style-xclose ):not( .kt-accodion-icon-style-arrow ) .kt-accordion-header-wrap .kt-blocks-accordion-header:focus-visible .kt-blocks-accordion-icon-trigger:after, body:not(.hide-focus-outline) .kt-accordion-id100194_764401-6f:not( .kt-accodion-icon-style-basic ):not( .kt-accodion-icon-style-xclose ):not( .kt-accodion-icon-style-arrow ) .kt-accordion-header-wrap .kt-blocks-accordion-header:focus-visible .kt-blocks-accordion-icon-trigger:before{background:#ffffff;}.kt-accordion-id100194_764401-6f .kt-accordion-header-wrap .kt-blocks-accordion-header:focus-visible,\n\t\t\t\t.kt-accordion-id100194_764401-6f > .kt-accordion-inner-wrap > .wp-block-kadence-pane > .kt-accordion-header-wrap > .kt-blocks-accordion-header.kt-accordion-panel-active{color:#444444;background:#ffffff;border-top-color:#eeeeee;border-top-style:solid;border-right-color:#eeeeee;border-right-style:solid;border-bottom-color:#eeeeee;border-bottom-style:solid;border-left-color:#0e9cd1;border-left-style:solid;}.kt-accordion-id100194_764401-6f:not( .kt-accodion-icon-style-basiccircle ):not( .kt-accodion-icon-style-xclosecircle ):not( .kt-accodion-icon-style-arrowcircle )  > .kt-accordion-inner-wrap > .wp-block-kadence-pane > .kt-accordion-header-wrap > .kt-blocks-accordion-header.kt-accordion-panel-active .kt-blocks-accordion-icon-trigger:after, .kt-accordion-id100194_764401-6f:not( .kt-accodion-icon-style-basiccircle ):not( .kt-accodion-icon-style-xclosecircle ):not( .kt-accodion-icon-style-arrowcircle )  > .kt-accordion-inner-wrap > .wp-block-kadence-pane > .kt-accordion-header-wrap > .kt-blocks-accordion-header.kt-accordion-panel-active .kt-blocks-accordion-icon-trigger:before{background:#444444;}.kt-accordion-id100194_764401-6f:not( .kt-accodion-icon-style-basic ):not( .kt-accodion-icon-style-xclose ):not( .kt-accodion-icon-style-arrow ) .kt-blocks-accordion-header.kt-accordion-panel-active .kt-blocks-accordion-icon-trigger{background:#444444;}.kt-accordion-id100194_764401-6f:not( .kt-accodion-icon-style-basic ):not( .kt-accodion-icon-style-xclose ):not( .kt-accodion-icon-style-arrow ) .kt-blocks-accordion-header.kt-accordion-panel-active .kt-blocks-accordion-icon-trigger:after, .kt-accordion-id100194_764401-6f:not( .kt-accodion-icon-style-basic ):not( .kt-accodion-icon-style-xclose ):not( .kt-accodion-icon-style-arrow ) .kt-blocks-accordion-header.kt-accordion-panel-active .kt-blocks-accordion-icon-trigger:before{background:#ffffff;}@media all and (max-width: 1024px){.kt-accordion-id100194_764401-6f .kt-accordion-panel-inner{border-top:0px solid transparent;border-right:1px solid transparent;border-bottom:1px solid transparent;border-left:1px solid transparent;}}@media all and (max-width: 1024px){.kt-accordion-id100194_764401-6f > .kt-accordion-inner-wrap > .wp-block-kadence-pane > .kt-accordion-header-wrap > .kt-blocks-accordion-header{border-top:1px solid #eeeeee;border-right:1px solid #eeeeee;border-bottom:1px solid #eeeeee;border-left:2px solid #eeeeee;}}@media all and (max-width: 1024px){.kt-accordion-id100194_764401-6f > .kt-accordion-inner-wrap > .wp-block-kadence-pane > .kt-accordion-header-wrap > .kt-blocks-accordion-header:hover, \n\t\t\t\tbody:not(.hide-focus-outline) .kt-accordion-id100194_764401-6f .kt-blocks-accordion-header:focus-visible{border-top-color:#d4d4d4;border-top-style:solid;border-right-color:#d4d4d4;border-right-style:solid;border-bottom-color:#d4d4d4;border-bottom-style:solid;border-left-color:#d4d4d4;border-left-style:solid;}}@media all and (max-width: 1024px){.kt-accordion-id100194_764401-6f .kt-accordion-header-wrap .kt-blocks-accordion-header:focus-visible,\n\t\t\t\t.kt-accordion-id100194_764401-6f > .kt-accordion-inner-wrap > .wp-block-kadence-pane > .kt-accordion-header-wrap > .kt-blocks-accordion-header.kt-accordion-panel-active{border-top-color:#eeeeee;border-top-style:solid;border-right-color:#eeeeee;border-right-style:solid;border-bottom-color:#eeeeee;border-bottom-style:solid;border-left-color:#0e9cd1;border-left-style:solid;}}@media all and (max-width: 767px){.kt-accordion-id100194_764401-6f .kt-accordion-inner-wrap{display:block;}.kt-accordion-id100194_764401-6f .kt-accordion-inner-wrap .kt-accordion-pane:not(:first-child){margin-top:10px;}.kt-accordion-id100194_764401-6f .kt-accordion-panel-inner{border-top:0px solid transparent;border-right:1px solid transparent;border-bottom:1px solid transparent;border-left:1px solid transparent;}.kt-accordion-id100194_764401-6f > .kt-accordion-inner-wrap > .wp-block-kadence-pane > .kt-accordion-header-wrap > .kt-blocks-accordion-header{border-top:1px solid #eeeeee;border-right:1px solid #eeeeee;border-bottom:1px solid #eeeeee;border-left:2px solid #eeeeee;}.kt-accordion-id100194_764401-6f > .kt-accordion-inner-wrap > .wp-block-kadence-pane > .kt-accordion-header-wrap > .kt-blocks-accordion-header:hover, \n\t\t\t\tbody:not(.hide-focus-outline) .kt-accordion-id100194_764401-6f .kt-blocks-accordion-header:focus-visible{border-top-color:#d4d4d4;border-top-style:solid;border-right-color:#d4d4d4;border-right-style:solid;border-bottom-color:#d4d4d4;border-bottom-style:solid;border-left-color:#d4d4d4;border-left-style:solid;}.kt-accordion-id100194_764401-6f .kt-accordion-header-wrap .kt-blocks-accordion-header:focus-visible,\n\t\t\t\t.kt-accordion-id100194_764401-6f > .kt-accordion-inner-wrap > .wp-block-kadence-pane > .kt-accordion-header-wrap > .kt-blocks-accordion-header.kt-accordion-panel-active{border-top-color:#eeeeee;border-top-style:solid;border-right-color:#eeeeee;border-right-style:solid;border-bottom-color:#eeeeee;border-bottom-style:solid;border-left-color:#0e9cd1;border-left-style:solid;}}<\/style>\n<div class=\"wp-block-kadence-accordion alignnone\"><div class=\"kt-accordion-wrap kt-accordion-id100194_764401-6f kt-accordion-has-2-panes kt-active-pane-0 kt-accordion-block kt-pane-header-alignment-left kt-accodion-icon-style-arrow kt-accodion-icon-side-right\" style=\"max-width:none\"><div class=\"kt-accordion-inner-wrap\" data-allow-multiple-open=\"false\" data-start-open=\"none\">\n<div class=\"wp-block-kadence-pane kt-accordion-pane kt-accordion-pane-1 kt-pane100194_2cafa6-a1\"><div class=\"kt-accordion-header-wrap\"><button class=\"kt-blocks-accordion-header kt-acccordion-button-label-show\" type=\"button\"><span class=\"kt-blocks-accordion-title-wrap\"><span class=\"kt-blocks-accordion-title\">\u00c9tudiant.e actuel.le<\/span><\/span><span class=\"kt-blocks-accordion-icon-trigger\"><\/span><\/button><\/div><div class=\"kt-accordion-panel kt-accordion-panel-hidden\"><div class=\"kt-accordion-panel-inner\">\n<p>Les \u00e9tudiants actuels peuvent demander leur relev\u00e9 de notes sans frais, via le portail myBU.<\/p>\n\n\n\n<p>D\u00e9lai de traitement : 3 \u00e0 5 jours ouvrables.<\/p>\n\n\n\n<ul class=\"wp-block-list\">\n<li><a href=\"https:\/\/pcss.ubishops.ca\/SelfService\/?_gl=1*apcpgr*_gcl_au*NDIzNTYyNTk2LjE3NTU2OTMxNDc.*_ga*OTgzNTI5MDM1LjE3NDc3NjkzOTE.*_ga_V3YHP7673R*czE3NTYxNDEyMzIkbzY4JGcxJHQxNzU2MTQyOTgxJGo1NiRsMCRoMTIxODY5ODA4Nw..\">Connectez-vous \u00e0 <em>Self-Service<\/em><\/a><\/li>\n\n\n\n<li>Sous la rubrique GRADES, s\u00e9lectionnez REQUEST TRANSCRIPT<\/li>\n\n\n\n<li>Remplissez le formulaire<\/li>\n<\/ul>\n\n\n\n<figure class=\"wp-block-image\"><img decoding=\"async\" width=\"896\" height=\"401\" src=\"https:\/\/www.ubishops.ca\/wp-content\/uploads\/1-login.png\" alt=\"\" class=\"wp-image-100175\" srcset=\"https:\/\/www.ubishops.ca\/wp-content\/uploads\/1-login.png 896w, https:\/\/www.ubishops.ca\/wp-content\/uploads\/1-login-300x134.png 300w, https:\/\/www.ubishops.ca\/wp-content\/uploads\/1-login-150x67.png 150w, https:\/\/www.ubishops.ca\/wp-content\/uploads\/1-login-768x344.png 768w\" sizes=\"(max-width: 896px) 100vw, 896px\" \/><\/figure>\n\n\n\n<p>Pour recevoir une copie par courrier :<\/p>\n\n\n\n<figure class=\"wp-block-image\"><img decoding=\"async\" width=\"876\" height=\"313\" src=\"https:\/\/www.ubishops.ca\/wp-content\/uploads\/myBU-Mailed-Request.png\" alt=\"\" class=\"wp-image-118812\" srcset=\"https:\/\/www.ubishops.ca\/wp-content\/uploads\/myBU-Mailed-Request.png 876w, https:\/\/www.ubishops.ca\/wp-content\/uploads\/myBU-Mailed-Request-300x107.png 300w, https:\/\/www.ubishops.ca\/wp-content\/uploads\/myBU-Mailed-Request-150x54.png 150w, https:\/\/www.ubishops.ca\/wp-content\/uploads\/myBU-Mailed-Request-768x274.png 768w\" sizes=\"(max-width: 876px) 100vw, 876px\" \/><\/figure>\n\n\n\n<p>Pour recevoir une copie par courriel :<\/p>\n\n\n\n<figure class=\"wp-block-image\"><img decoding=\"async\" width=\"868\" height=\"305\" src=\"https:\/\/www.ubishops.ca\/wp-content\/uploads\/myBU-Electronic-Request.png\" alt=\"\" class=\"wp-image-118810\" srcset=\"https:\/\/www.ubishops.ca\/wp-content\/uploads\/myBU-Electronic-Request.png 868w, https:\/\/www.ubishops.ca\/wp-content\/uploads\/myBU-Electronic-Request-300x105.png 300w, https:\/\/www.ubishops.ca\/wp-content\/uploads\/myBU-Electronic-Request-150x53.png 150w, https:\/\/www.ubishops.ca\/wp-content\/uploads\/myBU-Electronic-Request-768x270.png 768w\" sizes=\"(max-width: 868px) 100vw, 868px\" \/><\/figure>\n<\/div><\/div><\/div>\n\n\n\n<div class=\"wp-block-kadence-pane kt-accordion-pane kt-accordion-pane-2 kt-pane100194_5d0321-1e\"><div class=\"kt-accordion-header-wrap\"><button class=\"kt-blocks-accordion-header kt-acccordion-button-label-show\" type=\"button\"><span class=\"kt-blocks-accordion-title-wrap\"><span class=\"kt-blocks-accordion-title\">Ancien \u00e9tudiant.e \/ diplom\u00e9.e<\/span><\/span><span class=\"kt-blocks-accordion-icon-trigger\"><\/span><\/button><\/div><div class=\"kt-accordion-panel kt-accordion-panel-hidden\"><div class=\"kt-accordion-panel-inner\">\n<p>Veuillez remplir le formulaire de demande de relev\u00e9 de notes ci-dessous.<\/p>\n\n\n\n<p>Co\u00fbt : 6.64 $ par copie.<br>D\u00e9lai de traitement : 3 \u00e0 5 jours ouvrables.<\/p>\n\n\n\n<div class=\"wp-block-buttons is-layout-flex wp-block-buttons-is-layout-flex\">\n<div class=\"wp-block-button\"><a class=\"wp-block-button__link wp-element-button\" href=\"https:\/\/ubishops.jotform.com\/231874842218966\" target=\"_blank\" rel=\"noreferrer noopener\">Formulaire pour relev\u00e9 de notes<\/a><\/div>\n<\/div>\n<\/div><\/div><\/div>\n<\/div><\/div><\/div>\n\n\n\n<div style=\"height:25px\" aria-hidden=\"true\" class=\"wp-block-spacer\"><\/div>\n\n\n\n<p>Questions ?<br>Courriel :&nbsp;<a href=\"&#x6d;&#x61;&#105;&#108;to&#x3a;&#x72;&#x65;&#99;or&#x64;&#x73;&#x40;&#117;&#98;i&#x73;&#x68;&#x6f;&#112;&#115;&#46;&#x63;&#x61;\">r&#101;&#99;&#x6f;&#x72;ds&#64;&#117;&#x62;&#x69;sh&#111;&#112;&#x73;&#x2e;ca<\/a><br>T\u00e9l\u00e9phone : 819 822-9600 poste 2682<\/p>\n","protected":false},"excerpt":{"rendered":"<p>Comment se procurer un relev\u00e9 de notes? Un relev\u00e9 de notes est un dossier acad\u00e9mique complet portant le sceau de l&rsquo;universit\u00e9 et la signature du registraire. Remarque : votre relev\u00e9 de notes ne sera pas livr\u00e9 si votre compte est bloqu\u00e9 pour des raisons financi\u00e8res ou si des documents du gouvernement sont manquants. Pour des&#8230;<\/p>\n","protected":false},"author":49,"featured_media":0,"parent":0,"menu_order":282,"comment_status":"closed","ping_status":"closed","template":"","meta":{"_acf_changed":false,"_cbd_carousel_blocks":"[]","_kad_blocks_custom_css":"","_kad_blocks_head_custom_js":"","_kad_blocks_body_custom_js":"","_kad_blocks_footer_custom_js":"","_kad_post_transparent":"","_kad_post_title":"","_kad_post_layout":"","_kad_post_sidebar_id":"","_kad_post_content_style":"","_kad_post_vertical_padding":"","_kad_post_feature":"","_kad_post_feature_position":"","_kad_post_header":false,"_kad_post_footer":false,"_kad_post_classname":"","footnotes":""},"class_list":["post-100194","page","type-page","status-publish","hentry"],"acf":[],"yoast_head":"<!-- This site is optimized with the Yoast SEO plugin v27.2 - https:\/\/yoast.com\/product\/yoast-seo-wordpress\/ -->\n<title>Relev\u00e9 de notes - Bishop&#039;s University<\/title>\n<meta name=\"robots\" content=\"index, follow, max-snippet:-1, max-image-preview:large, max-video-preview:-1\" \/>\n<link rel=\"canonical\" href=\"https:\/\/www.ubishops.ca\/fr\/releve-de-notes\/\" \/>\n<meta property=\"og:locale\" content=\"fr_FR\" \/>\n<meta property=\"og:type\" content=\"article\" \/>\n<meta property=\"og:title\" content=\"Relev\u00e9 de notes - Bishop&#039;s University\" \/>\n<meta property=\"og:description\" content=\"Comment se procurer un relev\u00e9 de notes? Un relev\u00e9 de notes est un dossier acad\u00e9mique complet portant le sceau de l&rsquo;universit\u00e9 et la signature du registraire. Remarque : votre relev\u00e9 de notes ne sera pas livr\u00e9 si votre compte est bloqu\u00e9 pour des raisons financi\u00e8res ou si des documents du gouvernement sont manquants. Pour des...\" \/>\n<meta property=\"og:url\" content=\"https:\/\/www.ubishops.ca\/fr\/releve-de-notes\/\" \/>\n<meta property=\"og:site_name\" content=\"Bishop&#039;s University\" \/>\n<meta property=\"article:publisher\" content=\"https:\/\/www.facebook.com\/ubishops\" \/>\n<meta property=\"article:modified_time\" content=\"2026-01-12T18:46:10+00:00\" \/>\n<meta property=\"og:image\" content=\"https:\/\/www.ubishops.ca\/wp-content\/uploads\/1-login.png\" \/>\n\t<meta property=\"og:image:width\" content=\"896\" \/>\n\t<meta property=\"og:image:height\" content=\"401\" \/>\n\t<meta property=\"og:image:type\" content=\"image\/png\" \/>\n<meta name=\"twitter:card\" content=\"summary_large_image\" \/>\n<meta name=\"twitter:site\" content=\"@ubishops\" \/>\n<meta name=\"twitter:label1\" content=\"Dur\u00e9e de lecture estim\u00e9e\" \/>\n\t<meta name=\"twitter:data1\" content=\"1 minute\" \/>\n<script type=\"application\/ld+json\" class=\"yoast-schema-graph\">{\"@context\":\"https:\/\/schema.org\",\"@graph\":[{\"@type\":\"WebPage\",\"@id\":\"https:\/\/www.ubishops.ca\/fr\/releve-de-notes\/\",\"url\":\"https:\/\/www.ubishops.ca\/fr\/releve-de-notes\/\",\"name\":\"Relev\u00e9 de notes - Bishop&#039;s University\",\"isPartOf\":{\"@id\":\"https:\/\/www.ubishops.ca\/#website\"},\"primaryImageOfPage\":{\"@id\":\"https:\/\/www.ubishops.ca\/fr\/releve-de-notes\/#primaryimage\"},\"image\":{\"@id\":\"https:\/\/www.ubishops.ca\/fr\/releve-de-notes\/#primaryimage\"},\"thumbnailUrl\":\"https:\/\/www.ubishops.ca\/wp-content\/uploads\/1-login.png\",\"datePublished\":\"2023-07-07T17:35:47+00:00\",\"dateModified\":\"2026-01-12T18:46:10+00:00\",\"breadcrumb\":{\"@id\":\"https:\/\/www.ubishops.ca\/fr\/releve-de-notes\/#breadcrumb\"},\"inLanguage\":\"fr-FR\",\"potentialAction\":[{\"@type\":\"ReadAction\",\"target\":[\"https:\/\/www.ubishops.ca\/fr\/releve-de-notes\/\"]}]},{\"@type\":\"ImageObject\",\"inLanguage\":\"fr-FR\",\"@id\":\"https:\/\/www.ubishops.ca\/fr\/releve-de-notes\/#primaryimage\",\"url\":\"https:\/\/www.ubishops.ca\/wp-content\/uploads\/1-login.png\",\"contentUrl\":\"https:\/\/www.ubishops.ca\/wp-content\/uploads\/1-login.png\"},{\"@type\":\"BreadcrumbList\",\"@id\":\"https:\/\/www.ubishops.ca\/fr\/releve-de-notes\/#breadcrumb\",\"itemListElement\":[{\"@type\":\"ListItem\",\"position\":1,\"name\":\"Accueil\",\"item\":\"https:\/\/www.ubishops.ca\/fr\/\"},{\"@type\":\"ListItem\",\"position\":2,\"name\":\"Relev\u00e9 de notes\"}]},{\"@type\":\"WebSite\",\"@id\":\"https:\/\/www.ubishops.ca\/#website\",\"url\":\"https:\/\/www.ubishops.ca\/\",\"name\":\"Bishop&#039;s University\",\"description\":\"\",\"potentialAction\":[{\"@type\":\"SearchAction\",\"target\":{\"@type\":\"EntryPoint\",\"urlTemplate\":\"https:\/\/www.ubishops.ca\/?s={search_term_string}\"},\"query-input\":{\"@type\":\"PropertyValueSpecification\",\"valueRequired\":true,\"valueName\":\"search_term_string\"}}],\"inLanguage\":\"fr-FR\"}]}<\/script>\n<!-- \/ Yoast SEO plugin. -->","yoast_head_json":{"title":"Relev\u00e9 de notes - Bishop&#039;s University","robots":{"index":"index","follow":"follow","max-snippet":"max-snippet:-1","max-image-preview":"max-image-preview:large","max-video-preview":"max-video-preview:-1"},"canonical":"https:\/\/www.ubishops.ca\/fr\/releve-de-notes\/","og_locale":"fr_FR","og_type":"article","og_title":"Relev\u00e9 de notes - Bishop&#039;s University","og_description":"Comment se procurer un relev\u00e9 de notes? Un relev\u00e9 de notes est un dossier acad\u00e9mique complet portant le sceau de l&rsquo;universit\u00e9 et la signature du registraire. Remarque : votre relev\u00e9 de notes ne sera pas livr\u00e9 si votre compte est bloqu\u00e9 pour des raisons financi\u00e8res ou si des documents du gouvernement sont manquants. Pour des...","og_url":"https:\/\/www.ubishops.ca\/fr\/releve-de-notes\/","og_site_name":"Bishop&#039;s University","article_publisher":"https:\/\/www.facebook.com\/ubishops","article_modified_time":"2026-01-12T18:46:10+00:00","og_image":[{"width":896,"height":401,"url":"https:\/\/www.ubishops.ca\/wp-content\/uploads\/1-login.png","type":"image\/png"}],"twitter_card":"summary_large_image","twitter_site":"@ubishops","twitter_misc":{"Dur\u00e9e de lecture estim\u00e9e":"1 minute"},"schema":{"@context":"https:\/\/schema.org","@graph":[{"@type":"WebPage","@id":"https:\/\/www.ubishops.ca\/fr\/releve-de-notes\/","url":"https:\/\/www.ubishops.ca\/fr\/releve-de-notes\/","name":"Relev\u00e9 de notes - Bishop&#039;s University","isPartOf":{"@id":"https:\/\/www.ubishops.ca\/#website"},"primaryImageOfPage":{"@id":"https:\/\/www.ubishops.ca\/fr\/releve-de-notes\/#primaryimage"},"image":{"@id":"https:\/\/www.ubishops.ca\/fr\/releve-de-notes\/#primaryimage"},"thumbnailUrl":"https:\/\/www.ubishops.ca\/wp-content\/uploads\/1-login.png","datePublished":"2023-07-07T17:35:47+00:00","dateModified":"2026-01-12T18:46:10+00:00","breadcrumb":{"@id":"https:\/\/www.ubishops.ca\/fr\/releve-de-notes\/#breadcrumb"},"inLanguage":"fr-FR","potentialAction":[{"@type":"ReadAction","target":["https:\/\/www.ubishops.ca\/fr\/releve-de-notes\/"]}]},{"@type":"ImageObject","inLanguage":"fr-FR","@id":"https:\/\/www.ubishops.ca\/fr\/releve-de-notes\/#primaryimage","url":"https:\/\/www.ubishops.ca\/wp-content\/uploads\/1-login.png","contentUrl":"https:\/\/www.ubishops.ca\/wp-content\/uploads\/1-login.png"},{"@type":"BreadcrumbList","@id":"https:\/\/www.ubishops.ca\/fr\/releve-de-notes\/#breadcrumb","itemListElement":[{"@type":"ListItem","position":1,"name":"Accueil","item":"https:\/\/www.ubishops.ca\/fr\/"},{"@type":"ListItem","position":2,"name":"Relev\u00e9 de notes"}]},{"@type":"WebSite","@id":"https:\/\/www.ubishops.ca\/#website","url":"https:\/\/www.ubishops.ca\/","name":"Bishop&#039;s University","description":"","potentialAction":[{"@type":"SearchAction","target":{"@type":"EntryPoint","urlTemplate":"https:\/\/www.ubishops.ca\/?s={search_term_string}"},"query-input":{"@type":"PropertyValueSpecification","valueRequired":true,"valueName":"search_term_string"}}],"inLanguage":"fr-FR"}]}},"taxonomy_info":[],"featured_image_src_large":false,"author_info":{"display_name":"Julie Fradette","author_link":"https:\/\/www.ubishops.ca\/fr\/author\/jfradett\/"},"comment_info":0,"publishpress_future_action":{"enabled":false,"date":"2026-04-15 18:30:32","action":"change-status","newStatus":"draft","terms":[],"taxonomy":"translation_priority","extraData":[]},"publishpress_future_workflow_manual_trigger":{"enabledWorkflows":[]},"_links":{"self":[{"href":"https:\/\/www.ubishops.ca\/fr\/wp-json\/wp\/v2\/pages\/100194","targetHints":{"allow":["GET"]}}],"collection":[{"href":"https:\/\/www.ubishops.ca\/fr\/wp-json\/wp\/v2\/pages"}],"about":[{"href":"https:\/\/www.ubishops.ca\/fr\/wp-json\/wp\/v2\/types\/page"}],"author":[{"embeddable":true,"href":"https:\/\/www.ubishops.ca\/fr\/wp-json\/wp\/v2\/users\/49"}],"replies":[{"embeddable":true,"href":"https:\/\/www.ubishops.ca\/fr\/wp-json\/wp\/v2\/comments?post=100194"}],"version-history":[{"count":6,"href":"https:\/\/www.ubishops.ca\/fr\/wp-json\/wp\/v2\/pages\/100194\/revisions"}],"predecessor-version":[{"id":129832,"href":"https:\/\/www.ubishops.ca\/fr\/wp-json\/wp\/v2\/pages\/100194\/revisions\/129832"}],"wp:attachment":[{"href":"https:\/\/www.ubishops.ca\/fr\/wp-json\/wp\/v2\/media?parent=100194"}],"curies":[{"name":"wp","href":"https:\/\/api.w.org\/{rel}","templated":true}]}}